{"id":4042,"date":"2021-11-26T13:54:05","date_gmt":"2021-11-26T13:54:05","guid":{"rendered":"https:\/\/elfsight.com\/fr\/?page_id=4042"},"modified":"2025-07-10T08:18:04","modified_gmt":"2025-07-10T08:18:04","slug":"wordpress","status":"publish","type":"page","link":"https:\/\/elfsight.com\/fr\/logo-showcase-widget\/wordpress\/","title":{"rendered":"Logo Showcase &#8211; WordPress"},"content":{"rendered":"<div class=\"application-platform-content-item-description application-platform-content-item\" id=\"description\" data-nav-section=\"description\"><h2>Int\u00e9grer Logo Showcase sur WordPress avec le widget Elfsight<\/h2> <p>Elfsight Logo Showcase est l&rsquo;outil le plus pratique pour afficher les logos de vos clients et les logos de vos promoteurs ou vos mentions presse sur le site. Avec le widget, il est facile de prouver que vous \u00eates un partenaire r\u00e9put\u00e9 et de maintenir une vision positive de votre entreprise. Le widget Elfsight vous permet de t\u00e9l\u00e9charger n&rsquo;importe quel nombre d&#8217;embl\u00e8mes de clients, de les int\u00e9grer dans un carrousel ou une grille et de varier l&rsquo;\u00e9chelle des images. Vous pouvez afficher des l\u00e9gendes et un lien vers les sites Web de l\u2019entreprise. Gr\u00e2ce aux fonctionnalit\u00e9s de couleurs et de polices, il est facile de configurer une interface unique. <\/p><p><b>Augmentez le niveau des ventes en prouvant votre excellente r\u00e9putation commerciale, avec les logos des partenaires sur le site Web. <\/b><\/p><\/div> <div class=\"application-platform-content-item-features application-platform-content-item\" id=\"features\" data-nav-section=\"features\"><h2>Principales fonctionnalit\u00e9s du widget Logo Showcase<\/h2> <p>V\u00e9rifiez toutes les caract\u00e9ristiques fonctionnelles de Logo Showcase. Vous pouvez les g\u00e9rer directement dans l&rsquo;\u00e9diteur et ils vous aideront \u00e0 cr\u00e9er le widget adapt\u00e9 \u00e0 votre cas. <\/p><ul><li> Liez chaque logo \u00e0 n&rsquo;importe quelle page Web\u00a0; <\/li><li>L&rsquo;en-t\u00eate commutable comporte un titre et un texte avec un formatage pris en charge\u00a0; <\/li><li>Le bouton CTA peut \u00eatre connect\u00e9 \u00e0 n&rsquo;importe quelle page Web\u00a0; <\/li><li>Trois pr\u00e9sentations de widgets \u00e9quilibr\u00e9es\u00a0: curseur, grille et carrousel\u00a0; <\/li><li>La possibilit\u00e9 d&rsquo;adapter la taille du logo et la largeur du widget\u00a0; <\/li><li> S\u00e9lectionnez n&rsquo;importe quelle couleur d&rsquo;arri\u00e8re-plan ou utilisez votre image. <\/li><\/ul><p><a href=\"#demo\">Vous pouvez tester toutes les fonctionnalit\u00e9s du widget directement dans la d\u00e9mo<\/a><\/p><\/div> <div class=\"application-platform-content-item-installation application-platform-content-item\" id=\"installation\" data-nav-section=\"installation\"> <h2>Comment puis-je int\u00e9grer Logo Showcase sur un site Web WordPress\u00a0? <\/h2><div class=\"video-container\"><iframe width=\"720\" height=\"405\" src=\"https:\/\/www.youtube.com\/embed\/W3ZgG9V34tA\" frameborder=\"0\" allowfullscreen=\"\"><\/iframe><\/div><p>Suivez simplement les \u00e9tapes pr\u00e9sent\u00e9es ci-dessous pour ajouter l&rsquo;outil sur WordPress.<\/p> <ol><li><b>G\u00e9rez notre configurateur gratuit et commencez \u00e0 cr\u00e9er votre instrument personnalis\u00e9 . <\/b><br> D\u00e9terminez l&rsquo;apparence et les caract\u00e9ristiques pr\u00e9f\u00e9r\u00e9es de l&rsquo;outil et appliquez les corrections. <\/li> <li><b>Recevez le code personnel qui appara\u00eet dans le formulaire sp\u00e9cial sur Elfsight Apps. <\/b><br> Juste apr\u00e8s la g\u00e9n\u00e9ration de votre plugin Logo Showcase, copiez le code exclusif dans la fen\u00eatre contextuelle apparue et enregistrez-le pour une occasion future. <\/li> <li><b>Commencez \u00e0 utiliser le plugin sur votre site Web WordPress. <\/b><br> Placez le code copi\u00e9 auparavant dans votre site Web et enregistrez les ajustements. <\/li> <li><b>L&rsquo;installation est effectu\u00e9e avec succ\u00e8s. <\/b><br> Acc\u00e9dez \u00e0 votre site pour v\u00e9rifier le fonctionnement de l&rsquo;outil. <\/li><\/ol> <p>Vous \u00eates invit\u00e9s \u00e0 communiquer avec le support client d&rsquo;Elfsight si vous avez besoin d&rsquo;aide ou si vous rencontrez des probl\u00e8mes. Nous serons heureux de r\u00e9pondre \u00e0 chaque demande. <\/p><div class=\"faq\" data-component=\"FAQ\"><div class=\"faq-item\">\r\n\t\t\t\t\t<div class=\"faq-item-question\">\r\n\t\t\t\t\t\t<h3 class=\"faq-item-question-text\">Comment puis-je int\u00e9grer une vitrine de logos pour WordPress dans mon site Web Webflow sans comp\u00e9tences en codage ?<\/h3>\r\n\r\n\t\t\t\t\t\t<div class=\"faq-item-question-icon\"><\/div>\r\n\t\t\t\t\t<\/div>\r\n\r\n\t\t\t\t\t<div class=\"faq-item-answer\">\r\n\t\t\t\t\t\t<div class=\"faq-item-answer-text\"><p>Elfsight fournit une solution bas\u00e9e sur le cloud qui permet aux utilisateurs de cr\u00e9er une vitrine de logos pour WordPress eux-m\u00eames. D\u00e9couvrez \u00e0 quel point le processus est simple\u00a0:<\/p><ul><li>Acc\u00e9dez \u00e0 l&rsquo;\u00e9diteur en ligne pour g\u00e9n\u00e9rer une section Vitrine de logos pour WordPress que vous souhaitez int\u00e9grer \u00e0 votre site Web Webflow.<\/li><li>Choisissez l&rsquo;une des options suivantes\u00a0: nos mod\u00e8les pr\u00e9d\u00e9finis et personnalisez les param\u00e8tres de Logo Showcase pour WordPress, modifiez la mise en page et la palette de couleurs, incluez votre contenu sans aucun besoin de codage.<\/li><li>Enregistrez les param\u00e8tres que vous avez configur\u00e9s pour Logo Showcase pour WordPress. et obtenez le code pour int\u00e9grer la vitrine, qui peut \u00eatre ajout\u00e9 sans effort et gratuitement \u00e0 votre site Web Webflow.<\/li><\/ul><p>En travaillant dans l&rsquo;\u00e9diteur convivial, tout internaute peut cr\u00e9er une vitrine de logo. pour la section WordPress et int\u00e9grez-la dans leur site Web Webflow. Il n&rsquo;y a aucune exigence de paiement ou de divulgation des informations de votre carte pour acc\u00e9der \u00e0 l&rsquo;\u00e9diteur Elfsight. Si vous rencontrez des difficult\u00e9s \u00e0 un moment donn\u00e9, n&rsquo;h\u00e9sitez pas \u00e0 contacter notre service client.<\/p><\/div>\r\n\t\t\t\t\t<\/div>\r\n\t\t\t\t<\/div><\/div><\/div>","protected":false},"excerpt":{"rendered":"","protected":false},"author":17,"featured_media":0,"parent":1645,"menu_order":0,"comment_status":"closed","ping_status":"closed","template":"templates\/template-application-platform.php","meta":{"publish_to_discourse":"","publish_post_category":"","wpdc_auto_publish_overridden":"","wpdc_topic_tags":"","wpdc_pin_topic":"","wpdc_pin_until":"","discourse_post_id":"","discourse_permalink":"","wpdc_publishing_response":"","wpdc_publishing_error":"","footnotes":""},"class_list":["post-4042","page","type-page","status-publish","hentry"],"yoast_head":"<!-- This site is optimized with the Yoast SEO plugin v25.3.1 - https:\/\/yoast.com\/wordpress\/plugins\/seo\/ -->\n<title>Carrousel Logo - ajoutez plugin Vitrine logo sur Wordpress<\/title>\n<meta name=\"description\" content=\"Int\u00e9grez un Carrousel Logo attractif sur votre site. Utilisez la d\u00e9mo d&#039;Elfsight et g\u00e9n\u00e9rez votre plugin en deux minutes.\" \/>\n<meta name=\"robots\" content=\"index, follow, max-snippet:-1, max-image-preview:large, max-video-preview:-1\" \/>\n<link rel=\"canonical\" href=\"https:\/\/elfsight.com\/fr\/logo-showcase-widget\/wordpress\/\" \/>\n<meta property=\"og:locale\" content=\"fr_FR\" \/>\n<meta property=\"og:type\" content=\"article\" \/>\n<meta property=\"og:title\" content=\"Carrousel Logo - ajoutez plugin Vitrine logo sur Wordpress\" \/>\n<meta property=\"og:description\" content=\"Int\u00e9grez un Carrousel Logo attractif sur votre site. Utilisez la d\u00e9mo d&#039;Elfsight et g\u00e9n\u00e9rez votre plugin en deux minutes.\" \/>\n<meta property=\"og:url\" content=\"https:\/\/elfsight.com\/fr\/logo-showcase-widget\/wordpress\/\" \/>\n<meta property=\"og:site_name\" content=\"Elfsight FR\" \/>\n<meta property=\"article:modified_time\" content=\"2025-07-10T08:18:04+00:00\" \/>\n<meta name=\"twitter:card\" content=\"summary_large_image\" \/>\n<meta name=\"twitter:label1\" content=\"Dur\u00e9e de lecture estim\u00e9e\" \/>\n\t<meta name=\"twitter:data1\" content=\"1 minute\" \/>\n<!-- \/ Yoast SEO plugin. -->","yoast_head_json":{"title":"Carrousel Logo - ajoutez plugin Vitrine logo sur Wordpress","description":"Int\u00e9grez un Carrousel Logo attractif sur votre site. Utilisez la d\u00e9mo d'Elfsight et g\u00e9n\u00e9rez votre plugin en deux minutes.","robots":{"index":"index","follow":"follow","max-snippet":"max-snippet:-1","max-image-preview":"max-image-preview:large","max-video-preview":"max-video-preview:-1"},"canonical":"https:\/\/elfsight.com\/fr\/logo-showcase-widget\/wordpress\/","og_locale":"fr_FR","og_type":"article","og_title":"Carrousel Logo - ajoutez plugin Vitrine logo sur Wordpress","og_description":"Int\u00e9grez un Carrousel Logo attractif sur votre site. Utilisez la d\u00e9mo d'Elfsight et g\u00e9n\u00e9rez votre plugin en deux minutes.","og_url":"https:\/\/elfsight.com\/fr\/logo-showcase-widget\/wordpress\/","og_site_name":"Elfsight FR","article_modified_time":"2025-07-10T08:18:04+00:00","twitter_card":"summary_large_image","twitter_misc":{"Dur\u00e9e de lecture estim\u00e9e":"1 minute"},"schema":{"@context":"https:\/\/schema.org","@graph":[{"@type":"WebPage","@id":"https:\/\/elfsight.com\/fr\/logo-showcase-widget\/wordpress\/","url":"https:\/\/elfsight.com\/fr\/logo-showcase-widget\/wordpress\/","name":"Carrousel Logo - ajoutez plugin Vitrine logo sur Wordpress","isPartOf":{"@id":"https:\/\/elfsight.com\/fr\/#website"},"datePublished":"2021-11-26T13:54:05+00:00","dateModified":"2025-07-10T08:18:04+00:00","description":"Int\u00e9grez un Carrousel Logo attractif sur votre site. Utilisez la d\u00e9mo d'Elfsight et g\u00e9n\u00e9rez votre plugin en deux minutes.","breadcrumb":{"@id":"https:\/\/elfsight.com\/fr\/logo-showcase-widget\/wordpress\/#breadcrumb"},"inLanguage":"fr-FR","potentialAction":[{"@type":"ReadAction","target":["https:\/\/elfsight.com\/fr\/logo-showcase-widget\/wordpress\/"]}]},{"@type":"BreadcrumbList","@id":"https:\/\/elfsight.com\/fr\/logo-showcase-widget\/wordpress\/#breadcrumb","itemListElement":[{"@type":"ListItem","position":1,"name":"Home","item":"https:\/\/elfsight.com\/fr\/"},{"@type":"ListItem","position":2,"name":"Logo Showcase","item":"https:\/\/elfsight.com\/fr\/logo-showcase-widget\/"},{"@type":"ListItem","position":3,"name":"Logo Showcase &#8211; WordPress"}]},{"@type":"WebSite","@id":"https:\/\/elfsight.com\/fr\/#website","url":"https:\/\/elfsight.com\/fr\/","name":"Elfsight FR","description":"","potentialAction":[{"@type":"SearchAction","target":{"@type":"EntryPoint","urlTemplate":"https:\/\/elfsight.com\/fr\/?s={search_term_string}"},"query-input":{"@type":"PropertyValueSpecification","valueRequired":true,"valueName":"search_term_string"}}],"inLanguage":"fr-FR"}]}},"meta_box":{"industry":"","seo_heading":"","heading":"","description":"","cta_heading":"","cta_description":"","application":"1644","h1":"Plugin Carrousel Logo pour Wordpress","h1_caption":"Affichez les logos de vos partenaires, sponsors ou clients, renfor\u00e7ant ainsi la cr\u00e9dibilit\u00e9 et la confiance de votre marque sur votre site Web WordPress sans effort.","application_category":[],"applications_title":"","applications_request_title":"","applications_request_button_text":"","hero_text":"","hero_video":"","hero_video_schema_markup":"","selling_points_title":"","selling_points_caption":"","selling_points":[],"selling_points_cta_text":"","features_title":"","features":"","ed_cta_examples_text":"","ed_cta_examples_hidden":"","ed_cta_demo_text":"","ed_cta_demo_hidden":"","why_caption":"","why_editor_title":"","why_editor_text":"","why_team_title":"","why_team_text":"","why_service_title":"","why_service_text":"","template_catalog_visible":"","template_catalog_title":"","template_catalog_text":"","template_catalog_categories_visible":"","demo_title":"Cr\u00e9ez votre plugin Logo Showcase","demo_caption":"Configurez votre vitrine de logos et ajoutez-la gratuitement \u00e0 votre site WordPress\u00a0!","default_faq_hidden":"","app_template_category":[],"platform":"18","template_public_id":"","codecanyon_url":"","codecanyon_item_id":"","codecanyon_price":"","pricing_caption":"","pricing_elfsight_apps_hide_column":"","pricing_elfsight_apps_url":"","pricing_codecanyon_price_caption":"","integration_category":[],"integration_request_title":"","integration_request_cta":"","integration_platform":"","integrations":[],"platform_category":[],"video_schema_markup":"","price":"\u00c0 partir de 0$ par mois","trial":"","benefits":[{"text":"Installation gratuite"},{"text":"Support Premium"},{"text":"Garantie de remboursement de 14 jours"},{"text":"L'am\u00e9lioration continue"}],"button_url":"#demo","button_target_blank":"0","button_nofollow":"0","attributes":[{"name":"Nombre d'installations","content":"1,000 - 5,000","_state":"expanded"},{"name":"Adaptif","content":"Oui","_state":"expanded"},{"name":"Navigateurs compatibles","content":"Firefox, Safari, Opera, Chrome, Edge","_state":"expanded"}],"tags":[],"tags_disable_links":"0","hide_more_platforms":"","video_object":"","demo_hide_cta":"0","demo_hide_cloud_options":"0","pricing_title":"","pricing":[{"pricing_icon":"platform","pricing_title":"Applications d'Elfsight","pricing_title_caption":"Solution num\u00e9rique multiplateforme qui fonctionne sur n'importe quel site","pricing_price":"\u00c0 partir de $0\/mois","pricing_price_caption":"Commencez avec un plan gratuit","pricing_benefits":[{"text":"Sites Web illimit\u00e9s"},{"text":"\u00c9quipe d'assistance professionnelle"},{"text":"Service d'installation gratuit"},{"text":"100% personnalisable"}],"pricing_button_text":"Ajouter au site Web","pricing_button_url":"https:\/\/apps.elfsight.com\/sign-up\/","pricing_button_nofollow":"1","_state":"expanded"}],"related_apps_title":"","related_apps_hidden":"1","author":"","image":[],"title":"","job":"","social_networks":[]},"_links":{"self":[{"href":"https:\/\/elfsight.com\/fr\/wp-json\/wp\/v2\/pages\/4042","targetHints":{"allow":["GET"]}}],"collection":[{"href":"https:\/\/elfsight.com\/fr\/wp-json\/wp\/v2\/pages"}],"about":[{"href":"https:\/\/elfsight.com\/fr\/wp-json\/wp\/v2\/types\/page"}],"author":[{"embeddable":true,"href":"https:\/\/elfsight.com\/fr\/wp-json\/wp\/v2\/users\/17"}],"replies":[{"embeddable":true,"href":"https:\/\/elfsight.com\/fr\/wp-json\/wp\/v2\/comments?post=4042"}],"version-history":[{"count":2,"href":"https:\/\/elfsight.com\/fr\/wp-json\/wp\/v2\/pages\/4042\/revisions"}],"predecessor-version":[{"id":14938,"href":"https:\/\/elfsight.com\/fr\/wp-json\/wp\/v2\/pages\/4042\/revisions\/14938"}],"up":[{"embeddable":true,"href":"https:\/\/elfsight.com\/fr\/wp-json\/wp\/v2\/pages\/1645"}],"wp:attachment":[{"href":"https:\/\/elfsight.com\/fr\/wp-json\/wp\/v2\/media?parent=4042"}],"curies":[{"name":"wp","href":"https:\/\/api.w.org\/{rel}","templated":true}]}}