{"id":4040,"date":"2021-11-26T13:53:51","date_gmt":"2021-11-26T13:53:51","guid":{"rendered":"https:\/\/elfsight.com\/fr\/?page_id=4040"},"modified":"2025-07-10T08:13:13","modified_gmt":"2025-07-10T08:13:13","slug":"wordpress","status":"publish","type":"page","link":"https:\/\/elfsight.com\/fr\/job-board-widget\/wordpress\/","title":{"rendered":"Job Board &#8211; WordPress"},"content":{"rendered":"<div class=\"application-platform-content-item-description application-platform-content-item\" id=\"description\" data-nav-section=\"description\"> <h2>Int\u00e9grez des Job Board sur WordPress avec le widget Elfsight<\/h2> <p>Notre Job Board pour WordPress est un plugin exceptionnel vous permettant de r\u00e9v\u00e9ler ouvrez des postes vacants et obtenez les CV des candidats directement sur votre site Web de la mani\u00e8re la plus accessible. Gr\u00e2ce \u00e0 notre nouvel outil, vous pourrez divulguer votre entreprise, diffuser des informations sur les offres d&#8217;emploi et obtenir des CV. Le widget vous propose de cr\u00e9er une fiche de travail avec une repr\u00e9sentation d\u00e9taill\u00e9e et un bouton Appliquer. Utiliser Elfsight Job Board vous permet de faciliter le processus de recrutement et d&rsquo;acqu\u00e9rir les r\u00e9ponses aux offres d&#8217;emploi en un clic. <\/p> <p><b>Cr\u00e9ez facilement les offres d&#8217;emploi et les appels \u00e0 l&rsquo;action les plus tentants pour inciter davantage de recrues possibles \u00e0 travailler avec vous<\/b><\/p> <\/div> <div class=\"application-platform-content-item-features  application-platform-content-item\" id=\"features \" data-nav-section=\"features \"> <h2>D\u00e9couvrez la liste des fonctionnalit\u00e9s les plus utiles\u00a0: <\/h2> <ul><li>Cr\u00e9ez un lien Postuler pour diriger les utilisateurs du site Web vers la page qui collecte les CV<\/li><li>Afficher les offres d&#8217;emploi de la mani\u00e8re la plus d\u00e9taill\u00e9e<\/li><li>Ajoutez autant d&#8217;emplois que vous le souhaitez<\/li><li>D\u00e9crivez le poste en d\u00e9tail et indiquez\u00a0: le salaire, les comp\u00e9tences requises et le titre du poste<\/li><li>Donnez informations sur l&rsquo;entreprise\u00a0: emplacement, d\u00e9partement et son nom<\/li><\/ul><p><a href=\"#demo\">Vous pouvez tester ce que vaut le plugin en essayant la d\u00e9mo<\/a><\/p> <\/div> <div class=\"application-platform-content-item-installation application-platform-content-item\" id=\"installation\" data-nav-section=\"installation\"> <h2>Comment int\u00e9grer un Job Board \u00e0 ma page Web WordPress\u00a0? <\/h2> <p>Appliquez simplement les instructions ci-dessous pour int\u00e9grer l&rsquo;outil. <\/p> <ol><li><b>Utilisez notre d\u00e9mo gratuite et commencez \u00e0 cr\u00e9er votre plugin sur mesure. <\/b><br> D\u00e9terminez la disposition et les fonctionnalit\u00e9s s\u00e9lectionn\u00e9es de l&rsquo;outil et enregistrez les modifications. <\/li> <li><b>Copiez le code unique apparaissant dans la fen\u00eatre sur Elfsight Apps. <\/b><br> Une fois la g\u00e9n\u00e9ration de votre outil termin\u00e9e, copiez le code personnel dans la case qui appara\u00eet et conservez-le pour une utilisation ult\u00e9rieure. <\/li> <li><b>Initiez l&rsquo;utilisation de l&rsquo;outil sur votre site Web WordPress. <\/b><br> Placez le code que vous avez copi\u00e9 r\u00e9cemment sur votre page d&rsquo;accueil et appliquez les am\u00e9liorations. <\/li> <li><b>Fait\u00a0! L&rsquo;int\u00e9gration est r\u00e9alis\u00e9e avec succ\u00e8s. <\/b><br> Acc\u00e9dez \u00e0 votre page Web pour v\u00e9rifier le fonctionnement de l&rsquo;outil. <\/li><\/ol> <p>Si vous rencontrez des difficult\u00e9s, n&rsquo;h\u00e9sitez pas \u00e0 faire appel \u00e0 notre service client. Nos consultants ont h\u00e2te de r\u00e9soudre toutes les difficult\u00e9s que vous pourriez rencontrer avec le widget. <\/p> <div class=\"faq\" data-component=\"FAQ\"><div class=\"faq-item\">\r\n\t\t\t\t\t<div class=\"faq-item-question\">\r\n\t\t\t\t\t\t<h3 class=\"faq-item-question-text\">De quelle mani\u00e8re puis-je ajouter un Job Board \u00e0 mon site WordPress sans comp\u00e9tences en codage ?<\/h3>\r\n\r\n\t\t\t\t\t\t<div class=\"faq-item-question-icon\"><\/div>\r\n\t\t\t\t\t<\/div>\r\n\r\n\t\t\t\t\t<div class=\"faq-item-answer\">\r\n\t\t\t\t\t\t<div class=\"faq-item-answer-text\"> <p>Elfsight propose une solution qui permet \u00e0 un large public de g\u00e9n\u00e9rer une section Job Board vous-m\u00eame, d\u00e9couvrez les instructions simples\u00a0: travaillez directement dans l&rsquo;\u00e9diteur en ligne pour cr\u00e9er un widget Job Board que vous aimeriez voir sur votre page d&rsquo;accueil WordPress. Choisissez l&rsquo;un des mod\u00e8les pr\u00eats \u00e0 l&#8217;emploi et adaptez les param\u00e8tres du Job Board, changez la disposition et la couleur des \u00e9l\u00e9ments, y compris votre contenu, sans aucune exp\u00e9rience en codage. Enregistrez les param\u00e8tres que vous avez d\u00e9finis sur le Job Board et obtenez le code d&rsquo;un plugin \u00e0 int\u00e9grer qui peut \u00eatre facilement ajout\u00e9 gratuitement \u00e0 votre page Web WordPress. En travaillant dans le configurateur simple, tout internaute peut cr\u00e9er un plugin Job Board en ligne et le coller facilement sur n&rsquo;importe quel site Web WordPress. Il n&rsquo;est pas n\u00e9cessaire d&rsquo;obtenir un forfait payant ou de saisir les donn\u00e9es de votre carte pour acc\u00e9der \u00e0 notre \u00e9diteur. Si vous rencontrez des probl\u00e8mes \u00e0 un moment donn\u00e9, n&rsquo;h\u00e9sitez pas \u00e0 en parler \u00e0 notre \u00e9quipe d&rsquo;assistance.<\/p> <\/div>\r\n\t\t\t\t\t<\/div>\r\n\t\t\t\t<\/div> <\/div><\/div>","protected":false},"excerpt":{"rendered":"","protected":false},"author":17,"featured_media":0,"parent":3382,"menu_order":0,"comment_status":"closed","ping_status":"closed","template":"templates\/template-application-platform.php","meta":{"publish_to_discourse":"","publish_post_category":"","wpdc_auto_publish_overridden":"","wpdc_topic_tags":"","wpdc_pin_topic":"","wpdc_pin_until":"","discourse_post_id":"","discourse_permalink":"","wpdc_publishing_response":"","wpdc_publishing_error":"","footnotes":""},"class_list":["post-4040","page","type-page","status-publish","hentry"],"yoast_head":"<!-- This site is optimized with the Yoast SEO plugin v25.3.1 - https:\/\/yoast.com\/wordpress\/plugins\/seo\/ -->\n<title>Offres d&#039;emploi - ajoutez plugin Plugin Job sur Wordpress<\/title>\n<meta name=\"description\" content=\"Int\u00e9grez un Offres d&#039;emploi avantageux sur votre site. Appliquez la d\u00e9mo d&#039;Elfsight et g\u00e9n\u00e9rez votre plugin en deux minutes.\" \/>\n<meta name=\"robots\" content=\"index, follow, max-snippet:-1, max-image-preview:large, max-video-preview:-1\" \/>\n<link rel=\"canonical\" href=\"https:\/\/elfsight.com\/fr\/job-board-widget\/wordpress\/\" \/>\n<meta property=\"og:locale\" content=\"fr_FR\" \/>\n<meta property=\"og:type\" content=\"article\" \/>\n<meta property=\"og:title\" content=\"Offres d&#039;emploi - ajoutez plugin Plugin Job sur Wordpress\" \/>\n<meta property=\"og:description\" content=\"Int\u00e9grez un Offres d&#039;emploi avantageux sur votre site. Appliquez la d\u00e9mo d&#039;Elfsight et g\u00e9n\u00e9rez votre plugin en deux minutes.\" \/>\n<meta property=\"og:url\" content=\"https:\/\/elfsight.com\/fr\/job-board-widget\/wordpress\/\" \/>\n<meta property=\"og:site_name\" content=\"Elfsight FR\" \/>\n<meta property=\"article:modified_time\" content=\"2025-07-10T08:13:13+00:00\" \/>\n<meta name=\"twitter:card\" content=\"summary_large_image\" \/>\n<meta name=\"twitter:label1\" content=\"Dur\u00e9e de lecture estim\u00e9e\" \/>\n\t<meta name=\"twitter:data1\" content=\"2 minutes\" \/>\n<!-- \/ Yoast SEO plugin. -->","yoast_head_json":{"title":"Offres d'emploi - ajoutez plugin Plugin Job sur Wordpress","description":"Int\u00e9grez un Offres d'emploi avantageux sur votre site. Appliquez la d\u00e9mo d'Elfsight et g\u00e9n\u00e9rez votre plugin en deux minutes.","robots":{"index":"index","follow":"follow","max-snippet":"max-snippet:-1","max-image-preview":"max-image-preview:large","max-video-preview":"max-video-preview:-1"},"canonical":"https:\/\/elfsight.com\/fr\/job-board-widget\/wordpress\/","og_locale":"fr_FR","og_type":"article","og_title":"Offres d'emploi - ajoutez plugin Plugin Job sur Wordpress","og_description":"Int\u00e9grez un Offres d'emploi avantageux sur votre site. Appliquez la d\u00e9mo d'Elfsight et g\u00e9n\u00e9rez votre plugin en deux minutes.","og_url":"https:\/\/elfsight.com\/fr\/job-board-widget\/wordpress\/","og_site_name":"Elfsight FR","article_modified_time":"2025-07-10T08:13:13+00:00","twitter_card":"summary_large_image","twitter_misc":{"Dur\u00e9e de lecture estim\u00e9e":"2 minutes"},"schema":{"@context":"https:\/\/schema.org","@graph":[{"@type":"WebPage","@id":"https:\/\/elfsight.com\/fr\/job-board-widget\/wordpress\/","url":"https:\/\/elfsight.com\/fr\/job-board-widget\/wordpress\/","name":"Offres d'emploi - ajoutez plugin Plugin Job sur Wordpress","isPartOf":{"@id":"https:\/\/elfsight.com\/fr\/#website"},"datePublished":"2021-11-26T13:53:51+00:00","dateModified":"2025-07-10T08:13:13+00:00","description":"Int\u00e9grez un Offres d'emploi avantageux sur votre site. Appliquez la d\u00e9mo d'Elfsight et g\u00e9n\u00e9rez votre plugin en deux minutes.","breadcrumb":{"@id":"https:\/\/elfsight.com\/fr\/job-board-widget\/wordpress\/#breadcrumb"},"inLanguage":"fr-FR","potentialAction":[{"@type":"ReadAction","target":["https:\/\/elfsight.com\/fr\/job-board-widget\/wordpress\/"]}]},{"@type":"BreadcrumbList","@id":"https:\/\/elfsight.com\/fr\/job-board-widget\/wordpress\/#breadcrumb","itemListElement":[{"@type":"ListItem","position":1,"name":"Home","item":"https:\/\/elfsight.com\/fr\/"},{"@type":"ListItem","position":2,"name":"Job Board","item":"https:\/\/elfsight.com\/fr\/job-board-widget\/"},{"@type":"ListItem","position":3,"name":"Job Board &#8211; WordPress"}]},{"@type":"WebSite","@id":"https:\/\/elfsight.com\/fr\/#website","url":"https:\/\/elfsight.com\/fr\/","name":"Elfsight FR","description":"","potentialAction":[{"@type":"SearchAction","target":{"@type":"EntryPoint","urlTemplate":"https:\/\/elfsight.com\/fr\/?s={search_term_string}"},"query-input":{"@type":"PropertyValueSpecification","valueRequired":true,"valueName":"search_term_string"}}],"inLanguage":"fr-FR"}]}},"meta_box":{"industry":"","seo_heading":"","heading":"","description":"","cta_heading":"","cta_description":"","application":"3381","h1":"Plugin Offres d'emploi pour Wordpress","h1_caption":"Cr\u00e9ez un site d'emploi pour r\u00e9pertorier les postes vacants sur votre site Web et attirez facilement des candidats potentiels sur votre site Web WordPress sans effort.","application_category":[],"applications_title":"","applications_request_title":"","applications_request_button_text":"","hero_text":"","hero_video":"","hero_video_schema_markup":"","selling_points_title":"","selling_points_caption":"","selling_points":[],"selling_points_cta_text":"","features_title":"","features":"","ed_cta_examples_text":"","ed_cta_examples_hidden":"","ed_cta_demo_text":"","ed_cta_demo_hidden":"","why_caption":"","why_editor_title":"","why_editor_text":"","why_team_title":"","why_team_text":"","why_service_title":"","why_service_text":"","template_catalog_visible":"","template_catalog_title":"","template_catalog_text":"","template_catalog_categories_visible":"","demo_title":"Cr\u00e9ez votre plugin Job Board","demo_caption":"Configurez votre Job Board et ajoutez-le gratuitement \u00e0 votre site WordPress !","default_faq_hidden":"","app_template_category":[],"platform":"18","template_public_id":"","codecanyon_url":"","codecanyon_item_id":"","codecanyon_price":"","pricing_caption":"","pricing_elfsight_apps_hide_column":"","pricing_elfsight_apps_url":"","pricing_codecanyon_price_caption":"","integration_category":[],"integration_request_title":"","integration_request_cta":"","integration_platform":"","integrations":[],"platform_category":[],"video_schema_markup":"","price":"\u00c0 partir de 0$ par mois","trial":"","benefits":[{"text":"Installation gratuite"},{"text":"Support Premium"},{"text":"Garantie de remboursement de 14 jours"},{"text":"L'am\u00e9lioration continue"}],"button_url":"#demo","button_target_blank":"0","button_nofollow":"0","attributes":[{"name":"Nombre d'installations","content":"1,000 - 5,000","_state":"expanded"},{"name":"Adaptif","content":"Oui","_state":"expanded"},{"name":"Navigateurs compatibles","content":"Firefox, Safari, Opera, Chrome, Edge","_state":"expanded"}],"tags":[],"tags_disable_links":"0","hide_more_platforms":"","video_object":"","demo_hide_cta":"0","demo_hide_cloud_options":"0","pricing_title":"","pricing":[{"pricing_icon":"platform","pricing_title":"Applications d'Elfsight","pricing_title_caption":"Solution num\u00e9rique multiplateforme qui fonctionne sur n'importe quel site","pricing_price":"\u00c0 partir de $0\/mois","pricing_price_caption":"Commencez avec un plan gratuit","pricing_benefits":[{"text":"Sites Web illimit\u00e9s"},{"text":"\u00c9quipe d'assistance professionnelle"},{"text":"Service d'installation gratuit"},{"text":"100% personnalisable"}],"pricing_button_text":"Ajouter au site Web","pricing_button_url":"https:\/\/apps.elfsight.com\/sign-up\/","pricing_button_nofollow":"1","_state":"expanded"}],"related_apps_title":"","related_apps_hidden":"1","author":"","image":[],"title":"","job":"","social_networks":[]},"_links":{"self":[{"href":"https:\/\/elfsight.com\/fr\/wp-json\/wp\/v2\/pages\/4040","targetHints":{"allow":["GET"]}}],"collection":[{"href":"https:\/\/elfsight.com\/fr\/wp-json\/wp\/v2\/pages"}],"about":[{"href":"https:\/\/elfsight.com\/fr\/wp-json\/wp\/v2\/types\/page"}],"author":[{"embeddable":true,"href":"https:\/\/elfsight.com\/fr\/wp-json\/wp\/v2\/users\/17"}],"replies":[{"embeddable":true,"href":"https:\/\/elfsight.com\/fr\/wp-json\/wp\/v2\/comments?post=4040"}],"version-history":[{"count":2,"href":"https:\/\/elfsight.com\/fr\/wp-json\/wp\/v2\/pages\/4040\/revisions"}],"predecessor-version":[{"id":15054,"href":"https:\/\/elfsight.com\/fr\/wp-json\/wp\/v2\/pages\/4040\/revisions\/15054"}],"up":[{"embeddable":true,"href":"https:\/\/elfsight.com\/fr\/wp-json\/wp\/v2\/pages\/3382"}],"wp:attachment":[{"href":"https:\/\/elfsight.com\/fr\/wp-json\/wp\/v2\/media?parent=4040"}],"curies":[{"name":"wp","href":"https:\/\/api.w.org\/{rel}","templated":true}]}}