{"id":4036,"date":"2021-11-26T13:51:41","date_gmt":"2021-11-26T13:51:41","guid":{"rendered":"https:\/\/elfsight.com\/fr\/?page_id=4036"},"modified":"2025-07-09T17:28:18","modified_gmt":"2025-07-09T17:28:18","slug":"wordpress","status":"publish","type":"page","link":"https:\/\/elfsight.com\/fr\/file-embed-widget\/wordpress\/","title":{"rendered":"File Embed &#8211; WordPress"},"content":{"rendered":"<div class=\"application-platform-content-item-description application-platform-content-item\" id=\"description\" data-nav-section=\"description\"> <h2>Int\u00e9grer des fichiers sur WordPress avec le widget Elfsight<\/h2> <p>Elfsight File Embed est le moyen le plus pratique et le plus rapide d&rsquo;int\u00e9grer des fichiers. dans votre site. Ins\u00e9rez tous les fichiers courants : PDF, Docx, Jpg, Jpeg \u2013 au total environ 20 formats. Pour votre facilit\u00e9 d&rsquo;utilisation, les fichiers peuvent \u00eatre ajout\u00e9s en les t\u00e9l\u00e9chargeant simplement, en ajoutant leurs URL ou en les s\u00e9lectionnant parmi ceux r\u00e9cemment t\u00e9l\u00e9charg\u00e9s. Vous pouvez donner un nom \u00e0 chaque fichier, t\u00e9l\u00e9charger votre propre ic\u00f4ne ou image, choisir une variante de pr\u00e9sentation des fichiers et bien plus encore. Les utilisateurs du site Web peuvent lire les documents directement sur le site, les ouvrir dans un nouvel onglet et les t\u00e9l\u00e9charger. <\/p> <div class=\"faq\" data-component=\"FAQ\"> <div class=\"faq-item\">\r\n\t\t\t\t\t<div class=\"faq-item-question\">\r\n\t\t\t\t\t\t<h3 class=\"faq-item-question-text\">O\u00f9 puis-je l'int\u00e9grer sur mon site Web<\/h3>\r\n\r\n\t\t\t\t\t\t<div class=\"faq-item-question-icon\"><\/div>\r\n\t\t\t\t\t<\/div>\r\n\r\n\t\t\t\t\t<div class=\"faq-item-answer\">\r\n\t\t\t\t\t\t<div class=\"faq-item-answer-text\"> <p>N&rsquo;h\u00e9sitez pas \u00e0 afficher File Embed sur n&rsquo;importe quelle page du site Web. Ainsi, vous pouvez l&rsquo;appliquer pour coller vos documents ou sp\u00e9cifications technologiques sur les pages produits correspondantes, ou vanter vos dipl\u00f4mes et certificats sur la page de destination. <\/p> <\/div>\r\n\t\t\t\t\t<\/div>\r\n\t\t\t\t<\/div> <div class=\"faq-item\">\r\n\t\t\t\t\t<div class=\"faq-item-question\">\r\n\t\t\t\t\t\t<h3 class=\"faq-item-question-text\">Quels avantages cela peut-il m'apporter ?<\/h3>\r\n\r\n\t\t\t\t\t\t<div class=\"faq-item-question-icon\"><\/div>\r\n\t\t\t\t\t<\/div>\r\n\r\n\t\t\t\t\t<div class=\"faq-item-answer\">\r\n\t\t\t\t\t\t<div class=\"faq-item-answer-text\"> <p>Ce widget vous fera gagner beaucoup de temps car l&rsquo;int\u00e9gration de documents dans votre site ne prend que quelques secondes. En outre, vous pouvez diffuser de nombreuses informations significatives sur vos articles ou services et am\u00e9liorer la compr\u00e9hension de vos offres par les clients. <\/p> <\/div>\r\n\t\t\t\t\t<\/div>\r\n\t\t\t\t<\/div> <div class=\"faq-item\">\r\n\t\t\t\t\t<div class=\"faq-item-question\">\r\n\t\t\t\t\t\t<h3 class=\"faq-item-question-text\">De quoi ai-je besoin pour installer File Embed sur mon site WordPress ?<\/h3>\r\n\r\n\t\t\t\t\t\t<div class=\"faq-item-question-icon\"><\/div>\r\n\t\t\t\t\t<\/div>\r\n\r\n\t\t\t\t\t<div class=\"faq-item-answer\">\r\n\t\t\t\t\t\t<div class=\"faq-item-answer-text\"> <p>Vous n&rsquo;aurez besoin que d&rsquo;une minute de votre temps pour commencer \u00e0 utiliser le widget. L&rsquo;int\u00e9gration est extr\u00eamement rapide, gratuite et sans codage. <\/p> <ol> <li>Vous pouvez placer le widget sur votre page Web directement via notre service. Appliquez simplement les instructions ci-dessous sur cette page. <\/li> <li>Le widget peut \u00eatre int\u00e9gr\u00e9 via notre service ou via la marketplace. Vous pouvez conna\u00eetre plus en d\u00e9tail les deux variantes et choisir la v\u00f4tre. <\/li> <\/ol> <\/div>\r\n\t\t\t\t\t<\/div>\r\n\t\t\t\t<\/div> <\/div> <\/div> <div class=\"application-platform-content-item-features application-platform-content-item\" id=\"features\" data-nav-section=\"features\"> <h2>Principales fonctionnalit\u00e9s du widget File Embed<\/h2> <p>Pour vous faire une id\u00e9e plus claire du widget, voici la liste de ses fonctions essentielles. Ils rendent ce widget vraiment b\u00e9n\u00e9fique pour votre entreprise\u00a0: <\/p> <ul><li>Affichez n&rsquo;importe quelle quantit\u00e9 de documents\u00a0; <\/li> <li>Variante de pr\u00e9sentation de la visionneuse de fichiers pour lire les documents sur le site\u00a0Web\u00a0; <\/li> <li>T\u00e9l\u00e9chargement d&rsquo;images pour les ic\u00f4nes et les aper\u00e7us des documents\u00a0; <\/li> <li>Afficher ou masquer le texte du fichier de t\u00e9l\u00e9chargement\u00a0; <\/li> <li> D\u00e9tails de l&rsquo;interface Paint 6. <\/li> <\/ul><p> La d\u00e9mo vous r\u00e9v\u00e9lera plus de fonctionnalit\u00e9s<\/p> <\/div> <div class=\"application-platform-content-item-installation application-platform-content-item\" id=\"installation\" data-nav-section=\"installation\"> <h2>V\u00e9rifions comment int\u00e9grer le widget File Embed \u00e0 votre site WordPress . <\/h2> <div class=\"video-container\"><iframe width=\"720\" height=\"405\" src=\"https:\/\/www.youtube.com\/embed\/RtBBRptIOY0\" frameborder=\"0\" allowfullscreen=\"\"><\/iframe><\/div><p>Les \u00e9tapes suivantes sont la seule chose que vous devez publier. <\/p> <ol><li><b>Ouvrez notre \u00e9diteur gratuit et commencez \u00e0 travailler avec votre plugin File Embed personnalis\u00e9. <\/b><br> Recherchez la mise en page personnalis\u00e9e et les options du plugin et enregistrez toutes les corrections. <\/li> <li><b>Acqu\u00e9rir le code unique apparaissant dans la fen\u00eatre sur Elfsight Apps. <\/b><br> D\u00e8s que la configuration de votre plugin est termin\u00e9e, copiez le code personnel de la fen\u00eatre qui appara\u00eet et conservez-le pour une prochaine occasion. <\/li> <li><b>Initiez l&rsquo;utilisation du plugin sur votre page Web WordPress. <\/b><br> Int\u00e9grez le code enregistr\u00e9 pr\u00e9c\u00e9demment dans votre page Web et appliquez les modifications. <\/li> <li><b>Fait\u00a0! L&rsquo;int\u00e9gration est pleinement r\u00e9alis\u00e9e. <\/b><br> Allez sur votre site Web pour voir le travail du plugin. <\/li><\/ol><p>Toujours pas encore d\u00e9cid\u00e9\u00a0? Ou vous avez des questions ? Envoyez simplement une demande \u00e0 notre service client, ils r\u00e9soudront tous vos probl\u00e8mes. <\/p> <\/div>","protected":false},"excerpt":{"rendered":"","protected":false},"author":17,"featured_media":0,"parent":2628,"menu_order":0,"comment_status":"closed","ping_status":"closed","template":"templates\/template-application-platform.php","meta":{"publish_to_discourse":"","publish_post_category":"","wpdc_auto_publish_overridden":"","wpdc_topic_tags":"","wpdc_pin_topic":"","wpdc_pin_until":"","discourse_post_id":"","discourse_permalink":"","wpdc_publishing_response":"","wpdc_publishing_error":"","footnotes":""},"class_list":["post-4036","page","type-page","status-publish","hentry"],"yoast_head":"<!-- This site is optimized with the Yoast SEO plugin v25.3.1 - https:\/\/yoast.com\/wordpress\/plugins\/seo\/ -->\n<title>Fichier Widget - ajoutez plugin Plugin partager un fichier sur Wordpress<\/title>\n<meta name=\"description\" content=\"Int\u00e9grez un Fichier Widget avantageux sur votre site. Utilisez la d\u00e9mo d&#039;Elfsight et g\u00e9n\u00e9rez votre plugin en quelques minutes.\" \/>\n<meta name=\"robots\" content=\"index, follow, max-snippet:-1, max-image-preview:large, max-video-preview:-1\" \/>\n<link rel=\"canonical\" href=\"https:\/\/elfsight.com\/fr\/file-embed-widget\/wordpress\/\" \/>\n<meta property=\"og:locale\" content=\"fr_FR\" \/>\n<meta property=\"og:type\" content=\"article\" \/>\n<meta property=\"og:title\" content=\"Fichier Widget - ajoutez plugin Plugin partager un fichier sur Wordpress\" \/>\n<meta property=\"og:description\" content=\"Int\u00e9grez un Fichier Widget avantageux sur votre site. Utilisez la d\u00e9mo d&#039;Elfsight et g\u00e9n\u00e9rez votre plugin en quelques minutes.\" \/>\n<meta property=\"og:url\" content=\"https:\/\/elfsight.com\/fr\/file-embed-widget\/wordpress\/\" \/>\n<meta property=\"og:site_name\" content=\"Elfsight FR\" \/>\n<meta property=\"article:modified_time\" content=\"2025-07-09T17:28:18+00:00\" \/>\n<meta name=\"twitter:card\" content=\"summary_large_image\" \/>\n<meta name=\"twitter:label1\" content=\"Dur\u00e9e de lecture estim\u00e9e\" \/>\n\t<meta name=\"twitter:data1\" content=\"2 minutes\" \/>\n<!-- \/ Yoast SEO plugin. -->","yoast_head_json":{"title":"Fichier Widget - ajoutez plugin Plugin partager un fichier sur Wordpress","description":"Int\u00e9grez un Fichier Widget avantageux sur votre site. Utilisez la d\u00e9mo d'Elfsight et g\u00e9n\u00e9rez votre plugin en quelques minutes.","robots":{"index":"index","follow":"follow","max-snippet":"max-snippet:-1","max-image-preview":"max-image-preview:large","max-video-preview":"max-video-preview:-1"},"canonical":"https:\/\/elfsight.com\/fr\/file-embed-widget\/wordpress\/","og_locale":"fr_FR","og_type":"article","og_title":"Fichier Widget - ajoutez plugin Plugin partager un fichier sur Wordpress","og_description":"Int\u00e9grez un Fichier Widget avantageux sur votre site. Utilisez la d\u00e9mo d'Elfsight et g\u00e9n\u00e9rez votre plugin en quelques minutes.","og_url":"https:\/\/elfsight.com\/fr\/file-embed-widget\/wordpress\/","og_site_name":"Elfsight FR","article_modified_time":"2025-07-09T17:28:18+00:00","twitter_card":"summary_large_image","twitter_misc":{"Dur\u00e9e de lecture estim\u00e9e":"2 minutes"},"schema":{"@context":"https:\/\/schema.org","@graph":[{"@type":"WebPage","@id":"https:\/\/elfsight.com\/fr\/file-embed-widget\/wordpress\/","url":"https:\/\/elfsight.com\/fr\/file-embed-widget\/wordpress\/","name":"Fichier Widget - ajoutez plugin Plugin partager un fichier sur Wordpress","isPartOf":{"@id":"https:\/\/elfsight.com\/fr\/#website"},"datePublished":"2021-11-26T13:51:41+00:00","dateModified":"2025-07-09T17:28:18+00:00","description":"Int\u00e9grez un Fichier Widget avantageux sur votre site. Utilisez la d\u00e9mo d'Elfsight et g\u00e9n\u00e9rez votre plugin en quelques minutes.","breadcrumb":{"@id":"https:\/\/elfsight.com\/fr\/file-embed-widget\/wordpress\/#breadcrumb"},"inLanguage":"fr-FR","potentialAction":[{"@type":"ReadAction","target":["https:\/\/elfsight.com\/fr\/file-embed-widget\/wordpress\/"]}]},{"@type":"BreadcrumbList","@id":"https:\/\/elfsight.com\/fr\/file-embed-widget\/wordpress\/#breadcrumb","itemListElement":[{"@type":"ListItem","position":1,"name":"Home","item":"https:\/\/elfsight.com\/fr\/"},{"@type":"ListItem","position":2,"name":"File Embed","item":"https:\/\/elfsight.com\/fr\/file-embed-widget\/"},{"@type":"ListItem","position":3,"name":"File Embed &#8211; WordPress"}]},{"@type":"WebSite","@id":"https:\/\/elfsight.com\/fr\/#website","url":"https:\/\/elfsight.com\/fr\/","name":"Elfsight FR","description":"","potentialAction":[{"@type":"SearchAction","target":{"@type":"EntryPoint","urlTemplate":"https:\/\/elfsight.com\/fr\/?s={search_term_string}"},"query-input":{"@type":"PropertyValueSpecification","valueRequired":true,"valueName":"search_term_string"}}],"inLanguage":"fr-FR"}]}},"meta_box":{"industry":"","seo_heading":"","heading":"","description":"","cta_heading":"","cta_description":"","application":"2627","h1":"Plugin Fichier Widget pour Wordpress","h1_caption":"Int\u00e9grez plus de 20 formats de fichiers sur votre site pour que les utilisateurs puissent les utiliser ou les t\u00e9l\u00e9charger","application_category":[],"applications_title":"","applications_request_title":"","applications_request_button_text":"","hero_text":"","hero_video":"","hero_video_schema_markup":"","selling_points_title":"","selling_points_caption":"","selling_points":[],"selling_points_cta_text":"","features_title":"","features":"","ed_cta_examples_text":"","ed_cta_examples_hidden":"","ed_cta_demo_text":"","ed_cta_demo_hidden":"","why_caption":"","why_editor_title":"","why_editor_text":"","why_team_title":"","why_team_text":"","why_service_title":"","why_service_text":"","template_catalog_visible":"","template_catalog_title":"","template_catalog_text":"","template_catalog_categories_visible":"","demo_title":"Cr\u00e9ez votre plugin File Embed","demo_caption":"Configurez votre File Embed et ajoutez-le \u00e0 votre site WordPress gratuitement !","default_faq_hidden":"","app_template_category":[],"platform":"18","template_public_id":"","codecanyon_url":"","codecanyon_item_id":"","codecanyon_price":"","pricing_caption":"","pricing_elfsight_apps_hide_column":"","pricing_elfsight_apps_url":"","pricing_codecanyon_price_caption":"","integration_category":[],"integration_request_title":"","integration_request_cta":"","integration_platform":"","integrations":[],"platform_category":[],"video_schema_markup":"","price":"\u00c0 partir de 0$ par mois","trial":"","benefits":[{"text":"Installation gratuite"},{"text":"Support Premium"},{"text":"Garantie de remboursement de 14 jours"},{"text":"L'am\u00e9lioration continue"}],"button_url":"#demo","button_target_blank":"0","button_nofollow":"0","attributes":[{"name":"Nombre d'installations","content":"1,000 - 5,000","_state":"expanded"},{"name":"Adaptif","content":"Oui","_state":"expanded"},{"name":"Navigateurs compatibles","content":"Firefox, Safari, Opera, Chrome, Edge","_state":"expanded"}],"tags":[],"tags_disable_links":"0","hide_more_platforms":"","video_object":"","demo_hide_cta":"0","demo_hide_cloud_options":"0","pricing_title":"","pricing":[{"pricing_icon":"platform","pricing_title":"Applications d'Elfsight","pricing_title_caption":"Solution num\u00e9rique multiplateforme qui fonctionne sur n'importe quel site","pricing_price":"\u00c0 partir de $0\/mois","pricing_price_caption":"Commencez avec un plan gratuit","pricing_benefits":[{"text":"Sites Web illimit\u00e9s"},{"text":"\u00c9quipe d'assistance professionnelle"},{"text":"Service d'installation gratuit"},{"text":"100% personnalisable"}],"pricing_button_text":"Ajouter au site Web","pricing_button_url":"https:\/\/apps.elfsight.com\/sign-up\/","pricing_button_nofollow":"1","_state":"expanded"}],"related_apps_title":"","related_apps_hidden":"1","author":"","image":[],"title":"","job":"","social_networks":[]},"_links":{"self":[{"href":"https:\/\/elfsight.com\/fr\/wp-json\/wp\/v2\/pages\/4036","targetHints":{"allow":["GET"]}}],"collection":[{"href":"https:\/\/elfsight.com\/fr\/wp-json\/wp\/v2\/pages"}],"about":[{"href":"https:\/\/elfsight.com\/fr\/wp-json\/wp\/v2\/types\/page"}],"author":[{"embeddable":true,"href":"https:\/\/elfsight.com\/fr\/wp-json\/wp\/v2\/users\/17"}],"replies":[{"embeddable":true,"href":"https:\/\/elfsight.com\/fr\/wp-json\/wp\/v2\/comments?post=4036"}],"version-history":[{"count":2,"href":"https:\/\/elfsight.com\/fr\/wp-json\/wp\/v2\/pages\/4036\/revisions"}],"predecessor-version":[{"id":15239,"href":"https:\/\/elfsight.com\/fr\/wp-json\/wp\/v2\/pages\/4036\/revisions\/15239"}],"up":[{"embeddable":true,"href":"https:\/\/elfsight.com\/fr\/wp-json\/wp\/v2\/pages\/2628"}],"wp:attachment":[{"href":"https:\/\/elfsight.com\/fr\/wp-json\/wp\/v2\/media?parent=4036"}],"curies":[{"name":"wp","href":"https:\/\/api.w.org\/{rel}","templated":true}]}}