{"id":4034,"date":"2021-11-26T13:51:03","date_gmt":"2021-11-26T13:51:03","guid":{"rendered":"https:\/\/elfsight.com\/fr\/?page_id=4034"},"modified":"2025-07-09T17:25:25","modified_gmt":"2025-07-09T17:25:25","slug":"wordpress","status":"publish","type":"page","link":"https:\/\/elfsight.com\/fr\/facebook-reviews-widget\/wordpress\/","title":{"rendered":"Facebook Reviews &#8211; WordPress"},"content":{"rendered":"<div class=\"application-platform-content-item-description application-platform-content-item\" id=\"description\" data-nav-section=\"description\"><h2>Int\u00e9grez les avis Facebook sur WordPress avec le widget Elfsight<\/h2><p>R\u00e9v\u00e9lez les avis de vos clients des r\u00e9seaux sociaux sur le site au moyen de Elfsight Facebook \u00e9value et vante votre fiabilit\u00e9. Les visiteurs du site apprendront ce que les clients disent de votre entreprise sur Facebook dans un widget au design \u00e9pur\u00e9 et aux \u00e9l\u00e9ments Facebook authentiques. L&rsquo;interface est r\u00e9glable et comporte un nombre d&rsquo;\u00e9toiles, des donn\u00e9es d&rsquo;auteur, des \u00e9l\u00e9ments commutables et des options de mise en page et de mod\u00e8le pr\u00eates. En utilisant le plugin Elfsight Facebook, vous pouvez r\u00e9v\u00e9ler un bouton pour publier de nouveaux avis et attirer les commentaires des clients.<\/p><p><b>Affichez le public qui publie sur votre entreprise sur Facebook et augmentez le niveau de fiabilit\u00e9\u00a0!<\/b><\/p><ul><li><b>Augmentez la valeur per\u00e7ue de vos produits en affichant les meilleurs avis<\/b><br>Utilisez des filtres pour masquer tous les avis n\u00e9gatifs et faire douter les spectateurs de l&rsquo;excellence de vos articles.<\/li><li><b>Attirez plus d&rsquo;achats en affichant votre note \u00e9lev\u00e9e<\/b><br>Affichez votre superbe note et vos excellentes critiques pour prouver que vos articles valent la peine d&rsquo;\u00eatre achet\u00e9s et attirer de nouveaux achats.<\/li><li><b> Obtenez une compr\u00e9hension plus claire de vos offres<\/b><br>Pr\u00e9senter vos articles \u00e0 travers les yeux des clients aidera les utilisateurs \u00e0 acqu\u00e9rir une bonne compr\u00e9hension.<\/li><\/ul><\/div><div class=\"application-platform-content-item-features application-platform-content-item\" id=\"features\" data-nav-section=\"features\"><h2>Principales fonctionnalit\u00e9s du widget Avis Facebook<\/h2><p>Voici une liste des fonctionnalit\u00e9s de base du widget Elfsight qui en font un plugin incontournable pour WordPress\u00a0:<\/p><ul><li>22 langues pr\u00e9d\u00e9finies prises en charge ;<\/li><li>Types de disposition en grille classique ou ma\u00e7onnerie\u00a0;<\/li><li>Trois mod\u00e8les d&rsquo;avis\u00a0: Classique, Bulle, Spotlight\u00a0;<\/li><li>Bouton de demande d&rsquo;avis pour rediriger sur la page Facebook\u00a0;<\/li><li>Titre du widget modifiable avec taille et poids de police r\u00e9glables\u00a0;<\/li><\/ul><p><a href=\"#demo\">D\u00e9couvrez toutes les caract\u00e9ristiques dans notre configurateur<\/a><\/p><\/div><div class=\"application-platform-content-item-installation application-platform-content-item\" id=\"installation\" data-nav-section=\"installation\"><h2>Comment ajouter des avis Facebook au site WordPress<\/h2><div class=\"video-container\"><iframe width=\"720\" height=\"405\" src=\"https:\/\/www.youtube.com\/embed\/UEK0Me8GX1A\" frameborder=\"0\" allowfullscreen=\"\"><\/iframe><\/div><p>Suivez simplement les \u00e9tapes ci-dessous pour ins\u00e9rer le plugin sur WordPress .<\/p> <ol><li><b>Utilisez notre d\u00e9mo gratuite et commencez \u00e0 cr\u00e9er votre plugin personnalis\u00e9. <\/b><br> D\u00e9terminez l&rsquo;interface et les sp\u00e9cifications appropri\u00e9es de l&rsquo;outil et enregistrez les modifications. <\/li> <li><b>R\u00e9cup\u00e9rez le code individuel qui appara\u00eet dans la fen\u00eatre des applications Elfsight. <\/b><br> Une fois la g\u00e9n\u00e9ration de votre widget personnel d&rsquo;avis Facebook termin\u00e9e, copiez le code individuel dans la case qui appara\u00eet et conservez-le pour une utilisation future. <\/li> <li><b>Commencez \u00e0 utiliser le widget sur votre site WordPress. <\/b><br> Int\u00e9grez le code copi\u00e9 auparavant dans votre page et enregistrez les modifications. <\/li> <li><b>L&rsquo;installation est termin\u00e9e avec succ\u00e8s. <\/b><br> Visitez votre site pour v\u00e9rifier les performances du widget. <\/li><\/ol> <p>Des requ\u00eates se sont produites lors de l&rsquo;application de l&rsquo;instruction\u00a0? Laissez un message \u00e0 notre centre d&rsquo;assistance ou consultez un texte d\u00e9taill\u00e9 des instructions et terminez le param\u00e9trage vous-m\u00eame.<\/p><div class=\"faq\" data-component=\"FAQ\"> <div class=\"faq-item\">\r\n\t\t\t\t\t<div class=\"faq-item-question\">\r\n\t\t\t\t\t\t<h3 class=\"faq-item-question-text\">Comment ajouter des avis Facebook \u00e0 mon site WordPress sans comp\u00e9tences en codage ?<\/h3>\r\n\r\n\t\t\t\t\t\t<div class=\"faq-item-question-icon\"><\/div>\r\n\t\t\t\t\t<\/div>\r\n\r\n\t\t\t\t\t<div class=\"faq-item-answer\">\r\n\t\t\t\t\t\t<div class=\"faq-item-answer-text\"> <p>Elfsight fournit une solution SaaS qui vous permet de cr\u00e9er vous-m\u00eame un widget d&rsquo;avis Facebook. Voyez \u00e0 quel point le processus est simple : travaillez directement dans l&rsquo;\u00e9diteur en ligne pour cr\u00e9er un widget d&rsquo;avis Facebook que vous aimeriez voir sur votre site WordPress. Choisissez l&rsquo;un des mod\u00e8les pr\u00e9d\u00e9finis et ajustez les param\u00e8tres des avis Facebook, ajoutez votre contenu, modifiez la mise en page et les couleurs sans aucune comp\u00e9tence en codage. Enregistrez les avis Facebook et copiez son code d&rsquo;installation, que vous pouvez facilement int\u00e9grer dans votre site Web WordPress sans avoir besoin d&rsquo;acheter une version payante. Gr\u00e2ce \u00e0 notre \u00e9diteur intuitif, tout internaute peut cr\u00e9er un widget Avis Facebook en ligne et l&rsquo;int\u00e9grer facilement \u00e0 son site WordPress. Il n&rsquo;est pas n\u00e9cessaire de payer ou de saisir les informations d&rsquo;identification de votre carte pour acc\u00e9der au service. Si vous rencontrez des probl\u00e8mes \u00e0 n&rsquo;importe quelle \u00e9tape, n&rsquo;h\u00e9sitez pas \u00e0 contacter notre \u00e9quipe d&rsquo;assistance technique.<\/p> <\/div>\r\n\t\t\t\t\t<\/div>\r\n\t\t\t\t<\/div> <\/div> <\/div><p><\/p>","protected":false},"excerpt":{"rendered":"","protected":false},"author":17,"featured_media":0,"parent":2252,"menu_order":0,"comment_status":"closed","ping_status":"closed","template":"templates\/template-application-platform.php","meta":{"publish_to_discourse":"","publish_post_category":"","wpdc_auto_publish_overridden":"","wpdc_topic_tags":"","wpdc_pin_topic":"","wpdc_pin_until":"","discourse_post_id":"","discourse_permalink":"","wpdc_publishing_response":"","wpdc_publishing_error":"","footnotes":""},"class_list":["post-4034","page","type-page","status-publish","hentry"],"yoast_head":"<!-- This site is optimized with the Yoast SEO plugin v25.3.1 - https:\/\/yoast.com\/wordpress\/plugins\/seo\/ -->\n<title>Avis Facebook - ajoutez plugin Avis Client Facebook sur Wordpress<\/title>\n<meta name=\"description\" content=\"Int\u00e9grez un Avis Facebook attractif sur votre site. Appliquez la d\u00e9mo d&#039;Elfsight et g\u00e9n\u00e9rez votre plugin en deux minutes.\" \/>\n<meta name=\"robots\" content=\"index, follow, max-snippet:-1, max-image-preview:large, max-video-preview:-1\" \/>\n<link rel=\"canonical\" href=\"https:\/\/elfsight.com\/fr\/facebook-reviews-widget\/wordpress\/\" \/>\n<meta property=\"og:locale\" content=\"fr_FR\" \/>\n<meta property=\"og:type\" content=\"article\" \/>\n<meta property=\"og:title\" content=\"Avis Facebook - ajoutez plugin Avis Client Facebook sur Wordpress\" \/>\n<meta property=\"og:description\" content=\"Int\u00e9grez un Avis Facebook attractif sur votre site. Appliquez la d\u00e9mo d&#039;Elfsight et g\u00e9n\u00e9rez votre plugin en deux minutes.\" \/>\n<meta property=\"og:url\" content=\"https:\/\/elfsight.com\/fr\/facebook-reviews-widget\/wordpress\/\" \/>\n<meta property=\"og:site_name\" content=\"Elfsight FR\" \/>\n<meta property=\"article:modified_time\" content=\"2025-07-09T17:25:25+00:00\" \/>\n<meta name=\"twitter:card\" content=\"summary_large_image\" \/>\n<meta name=\"twitter:label1\" content=\"Dur\u00e9e de lecture estim\u00e9e\" \/>\n\t<meta name=\"twitter:data1\" content=\"2 minutes\" \/>\n<!-- \/ Yoast SEO plugin. -->","yoast_head_json":{"title":"Avis Facebook - ajoutez plugin Avis Client Facebook sur Wordpress","description":"Int\u00e9grez un Avis Facebook attractif sur votre site. Appliquez la d\u00e9mo d'Elfsight et g\u00e9n\u00e9rez votre plugin en deux minutes.","robots":{"index":"index","follow":"follow","max-snippet":"max-snippet:-1","max-image-preview":"max-image-preview:large","max-video-preview":"max-video-preview:-1"},"canonical":"https:\/\/elfsight.com\/fr\/facebook-reviews-widget\/wordpress\/","og_locale":"fr_FR","og_type":"article","og_title":"Avis Facebook - ajoutez plugin Avis Client Facebook sur Wordpress","og_description":"Int\u00e9grez un Avis Facebook attractif sur votre site. Appliquez la d\u00e9mo d'Elfsight et g\u00e9n\u00e9rez votre plugin en deux minutes.","og_url":"https:\/\/elfsight.com\/fr\/facebook-reviews-widget\/wordpress\/","og_site_name":"Elfsight FR","article_modified_time":"2025-07-09T17:25:25+00:00","twitter_card":"summary_large_image","twitter_misc":{"Dur\u00e9e de lecture estim\u00e9e":"2 minutes"},"schema":{"@context":"https:\/\/schema.org","@graph":[{"@type":"WebPage","@id":"https:\/\/elfsight.com\/fr\/facebook-reviews-widget\/wordpress\/","url":"https:\/\/elfsight.com\/fr\/facebook-reviews-widget\/wordpress\/","name":"Avis Facebook - ajoutez plugin Avis Client Facebook sur Wordpress","isPartOf":{"@id":"https:\/\/elfsight.com\/fr\/#website"},"datePublished":"2021-11-26T13:51:03+00:00","dateModified":"2025-07-09T17:25:25+00:00","description":"Int\u00e9grez un Avis Facebook attractif sur votre site. Appliquez la d\u00e9mo d'Elfsight et g\u00e9n\u00e9rez votre plugin en deux minutes.","breadcrumb":{"@id":"https:\/\/elfsight.com\/fr\/facebook-reviews-widget\/wordpress\/#breadcrumb"},"inLanguage":"fr-FR","potentialAction":[{"@type":"ReadAction","target":["https:\/\/elfsight.com\/fr\/facebook-reviews-widget\/wordpress\/"]}]},{"@type":"BreadcrumbList","@id":"https:\/\/elfsight.com\/fr\/facebook-reviews-widget\/wordpress\/#breadcrumb","itemListElement":[{"@type":"ListItem","position":1,"name":"Home","item":"https:\/\/elfsight.com\/fr\/"},{"@type":"ListItem","position":2,"name":"Facebook Reviews","item":"https:\/\/elfsight.com\/fr\/facebook-reviews-widget\/"},{"@type":"ListItem","position":3,"name":"Facebook Reviews &#8211; WordPress"}]},{"@type":"WebSite","@id":"https:\/\/elfsight.com\/fr\/#website","url":"https:\/\/elfsight.com\/fr\/","name":"Elfsight FR","description":"","potentialAction":[{"@type":"SearchAction","target":{"@type":"EntryPoint","urlTemplate":"https:\/\/elfsight.com\/fr\/?s={search_term_string}"},"query-input":{"@type":"PropertyValueSpecification","valueRequired":true,"valueName":"search_term_string"}}],"inLanguage":"fr-FR"}]}},"meta_box":{"industry":"","seo_heading":"","heading":"","description":"","cta_heading":"","cta_description":"","application":"2182","h1":"Plugin Avis Facebook pour Wordpress","h1_caption":"Int\u00e9grez les avis clients de votre page Facebook directement sur votre site Web pour am\u00e9liorer sans effort la confiance et la preuve sociale dans votre site Web WordPress.","application_category":[],"applications_title":"","applications_request_title":"","applications_request_button_text":"","hero_text":"","hero_video":"","hero_video_schema_markup":"","selling_points_title":"","selling_points_caption":"","selling_points":[],"selling_points_cta_text":"","features_title":"","features":"","ed_cta_examples_text":"","ed_cta_examples_hidden":"","ed_cta_demo_text":"","ed_cta_demo_hidden":"","why_caption":"","why_editor_title":"","why_editor_text":"","why_team_title":"","why_team_text":"","why_service_title":"","why_service_text":"","template_catalog_visible":"","template_catalog_title":"","template_catalog_text":"","template_catalog_categories_visible":"","demo_title":"Cr\u00e9ez votre plugin Facebook Reviews","demo_caption":"Configurez vos avis Facebook et ajoutez-les gratuitement \u00e0 votre site WordPress !","default_faq_hidden":"","app_template_category":[],"platform":"18","template_public_id":"","codecanyon_url":"","codecanyon_item_id":"","codecanyon_price":"","pricing_caption":"","pricing_elfsight_apps_hide_column":"","pricing_elfsight_apps_url":"","pricing_codecanyon_price_caption":"","integration_category":[],"integration_request_title":"","integration_request_cta":"","integration_platform":"","integrations":[],"platform_category":[],"video_schema_markup":"","price":"\u00c0 partir de 0$ par mois","trial":"","benefits":[{"text":"Installation gratuite"},{"text":"Support Premium"},{"text":"Garantie de remboursement de 14 jours"},{"text":"L'am\u00e9lioration continue"}],"button_url":"#demo","button_target_blank":"0","button_nofollow":"0","attributes":[{"name":"Nombre d'installations","content":"1,000 - 5,000","_state":"expanded"},{"name":"Adaptif","content":"Oui","_state":"expanded"},{"name":"Navigateurs compatibles","content":"Firefox, Safari, Opera, Chrome, Edge","_state":"expanded"}],"tags":[],"tags_disable_links":"0","hide_more_platforms":"","video_object":"","demo_hide_cta":"0","demo_hide_cloud_options":"0","pricing_title":"","pricing":[{"pricing_icon":"platform","pricing_title":"Applications d'Elfsight","pricing_title_caption":"Solution num\u00e9rique multiplateforme qui fonctionne sur n'importe quel site","pricing_price":"\u00c0 partir de $0\/mois","pricing_price_caption":"Commencez avec un plan gratuit","pricing_benefits":[{"text":"Sites Web illimit\u00e9s"},{"text":"\u00c9quipe d'assistance professionnelle"},{"text":"Service d'installation gratuit"},{"text":"100% personnalisable"}],"pricing_button_text":"Ajouter au site Web","pricing_button_url":"https:\/\/apps.elfsight.com\/sign-up\/","pricing_button_nofollow":"1","_state":"expanded"}],"related_apps_title":"","related_apps_hidden":"1","author":"","image":[],"title":"","job":"","social_networks":[]},"_links":{"self":[{"href":"https:\/\/elfsight.com\/fr\/wp-json\/wp\/v2\/pages\/4034","targetHints":{"allow":["GET"]}}],"collection":[{"href":"https:\/\/elfsight.com\/fr\/wp-json\/wp\/v2\/pages"}],"about":[{"href":"https:\/\/elfsight.com\/fr\/wp-json\/wp\/v2\/types\/page"}],"author":[{"embeddable":true,"href":"https:\/\/elfsight.com\/fr\/wp-json\/wp\/v2\/users\/17"}],"replies":[{"embeddable":true,"href":"https:\/\/elfsight.com\/fr\/wp-json\/wp\/v2\/comments?post=4034"}],"version-history":[{"count":2,"href":"https:\/\/elfsight.com\/fr\/wp-json\/wp\/v2\/pages\/4034\/revisions"}],"predecessor-version":[{"id":14857,"href":"https:\/\/elfsight.com\/fr\/wp-json\/wp\/v2\/pages\/4034\/revisions\/14857"}],"up":[{"embeddable":true,"href":"https:\/\/elfsight.com\/fr\/wp-json\/wp\/v2\/pages\/2252"}],"wp:attachment":[{"href":"https:\/\/elfsight.com\/fr\/wp-json\/wp\/v2\/media?parent=4034"}],"curies":[{"name":"wp","href":"https:\/\/api.w.org\/{rel}","templated":true}]}}