{"id":4032,"date":"2021-11-26T13:48:03","date_gmt":"2021-11-26T13:48:03","guid":{"rendered":"https:\/\/elfsight.com\/fr\/?page_id=4032"},"modified":"2025-07-09T17:22:42","modified_gmt":"2025-07-09T17:22:42","slug":"wordpress","status":"publish","type":"page","link":"https:\/\/elfsight.com\/fr\/facebook-chat-widget\/wordpress\/","title":{"rendered":"Facebook Chat &#8211; WordPress"},"content":{"rendered":"<div class=\"application-platform-content-item-description application-platform-content-item\" id=\"description\" data-nav-section=\"description\"> <h2>Int\u00e9grez Facebook Chat sur WordPress avec le widget Elfsight<\/h2> <p>Facebook Chat d\u00e9velopp\u00e9 par Elfsight est le moyen le plus simple \u00e0 utiliser pour les visiteurs de votre site Web. discutez avec vous et entendez les r\u00e9ponses \u00e0 leurs questions et demandes. Vous pouvez d\u00e9sormais \u00eatre disponible en ligne pour le public dans leur messagerie la plus populaire \u00e0 tout moment. Ins\u00e9rez le chat en direct dans votre boutique et faites-le appara\u00eetre sur chaque page ou sur certaines pages uniquement ou pour certaines cat\u00e9gories de clients, d\u00e9finissez des d\u00e9clencheurs de d\u00e9marrage du chat, saisissez votre message de bienvenue personnel, choisissez des ic\u00f4nes et appliquez d&rsquo;autres personnalisations. Facebook Messenger travaillant sur votre site Web vous permettra de rester connect\u00e9 avec vos clients \u00e0 tout moment et de n&rsquo;importe o\u00f9.<\/p> <\/div><div class=\"application-platform-content-item-features application-platform-content-item\" id=\"features\" data-nav-section=\"features\"> <h2>Principales fonctionnalit\u00e9s du widget Facebook Chat<\/h2> <p> Pour mieux comprendre le plugin, consultez la liste de ses fonctionnalit\u00e9s les plus importantes. Ils rendent notre widget incroyablement b\u00e9n\u00e9fique pour votre magasin\u00a0: <\/p> <ul><li>Introduisez Facebook Messenger sur votre site Web pour rester en contact avec les gens\u00a0; <\/li><li>Fournissez des r\u00e9ponses directement depuis votre compte Facebook\u00a0; <\/li><li>S\u00e9lectionnez l&rsquo;une des trois variantes d&#8217;emplacement de discussion\u00a0: bulle flottante, bulle int\u00e9gr\u00e9e et fen\u00eatre de discussion int\u00e9gr\u00e9e\u00a0; <\/li><li>Trouvez votre ic\u00f4ne de bulle parmi notre collection d&rsquo;ic\u00f4nes disponibles\u00a0; <\/li><li>Texte de bulle modifiable. <\/li><\/ul><p><a href=\"#demo\">Explorer toutes les fonctionnalit\u00e9s dans la d\u00e9mo<\/a><\/p> <\/div> <div class=\"application-platform-content-item-installation application-platform-content-item\" id=\"installation\" data-nav-section=\"installation\"> <h2>Comment ajoutez le chat Facebook sur votre site WordPress<\/h2><div class=\"video-container\"><iframe width=\"720\" height=\"405\" src=\"https:\/\/www.youtube.com\/embed\/7iDMKXqv4Io\" frameborder=\"0\" allowfullscreen=\"\"><\/iframe><\/div><p>Suivez simplement les instructions ci-dessous pour int\u00e9grer l&rsquo;outil sur WordPress.<\/p> <ol><li><b>Lancez notre application gratuite \u00e9diteur et commencez \u00e0 cr\u00e9er votre instrument sur mesure. <\/b><br> Sp\u00e9cifiez l&rsquo;interface personnalis\u00e9e et les caract\u00e9ristiques du widget et appliquez les corrections. <\/li> <li><b>Obtenez votre code unique expos\u00e9 dans le formulaire sp\u00e9cial sur les applications Elfsight. <\/b><br> Juste apr\u00e8s la cr\u00e9ation de votre widget, copiez le code personnel dans la fen\u00eatre contextuelle qui appara\u00eet et conservez-le pour d&rsquo;autres besoins. <\/li> <li><b>Entrez en utilisant le widget Facebook Chat sur le site Web WordPress. <\/b><br> Int\u00e9grez le code que vous avez enregistr\u00e9 r\u00e9cemment dans votre site Web et appliquez les ajustements. <\/li> <li><b>L&rsquo;installation est termin\u00e9e avec succ\u00e8s. <\/b><br> Acc\u00e9dez \u00e0 votre site Web pour inspecter le travail de l&rsquo;outil. <\/li><\/ol> <p>Vous n&rsquo;arrivez toujours pas \u00e0 vous d\u00e9cider\u00a0? Ou vous \u00eates tomb\u00e9 sur quelque chose ? \u00c9crivez simplement une demande \u00e0 notre \u00e9quipe d&rsquo;assistance, nous vous aiderons \u00e0 r\u00e9soudre tout probl\u00e8me. <\/p> <\/div><div class=\"faq\" data-component=\"FAQ\"><div class=\"faq-item\">\r\n\t\t\t\t\t<div class=\"faq-item-question\">\r\n\t\t\t\t\t\t<h3 class=\"faq-item-question-text\">De quelle mani\u00e8re puis-je int\u00e9grer un chat Facebook Messenger \u00e0 mon WordPress ? <\/h3>\r\n\r\n\t\t\t\t\t\t<div class=\"faq-item-question-icon\"><\/div>\r\n\t\t\t\t\t<\/div>\r\n\r\n\t\t\t\t\t<div class=\"faq-item-answer\">\r\n\t\t\t\t\t\t<div class=\"faq-item-answer-text\"><p>La construction du widget est effectu\u00e9 sur les pages Elfsight et il n&rsquo;est pas n\u00e9cessaire d&rsquo;apprendre \u00e0 coder. Utilisez la d\u00e9mo en ligne pour personnaliser votre outil personnel, obtenez le code et ajoutez-le \u00e0 votre site. <\/p><\/div>\r\n\t\t\t\t\t<\/div>\r\n\t\t\t\t<\/div><div class=\"faq-item\">\r\n\t\t\t\t\t<div class=\"faq-item-question\">\r\n\t\t\t\t\t\t<h3 class=\"faq-item-question-text\">Les meilleurs exemples d'utilisation de l'int\u00e9gration du chat en direct sur Facebook<\/h3>\r\n\r\n\t\t\t\t\t\t<div class=\"faq-item-question-icon\"><\/div>\r\n\t\t\t\t\t<\/div>\r\n\r\n\t\t\t\t\t<div class=\"faq-item-answer\">\r\n\t\t\t\t\t\t<div class=\"faq-item-answer-text\"><p>Nous proposons une large gamme d&rsquo;opportunit\u00e9s de personnalisation\u00a0: des widgets \u00e0 grande \u00e9chelle pour ajouter du contenu zone, plugins flottants avec fonction de d\u00e9filement, vignettes pour le pied de page de votre site Web, en-t\u00eate et toutes sortes d&rsquo;options verticales pour les barres lat\u00e9rales et les menus du site Web. <\/p><\/div>\r\n\t\t\t\t\t<\/div>\r\n\t\t\t\t<\/div><div class=\"faq-item\">\r\n\t\t\t\t\t<div class=\"faq-item-question\">\r\n\t\t\t\t\t\t<h3 class=\"faq-item-question-text\">Existe-t-il une option pour cr\u00e9er un chat de r\u00e9servation ou de commentaires au moyen de votre \u00e9diteur ? <\/h3>\r\n\r\n\t\t\t\t\t\t<div class=\"faq-item-question-icon\"><\/div>\r\n\t\t\t\t\t<\/div>\r\n\r\n\t\t\t\t\t<div class=\"faq-item-answer\">\r\n\t\t\t\t\t\t<div class=\"faq-item-answer-text\"><p>Vous \u00eates invit\u00e9s \u00e0 cr\u00e9er les modifications de n&rsquo;importe quel widget. Il y a des tonnes de mises en page \u00e0 votre disposition dans l&rsquo;\u00e9diteur, et toutes peuvent \u00eatre facilement personnalis\u00e9es selon vos besoins. <\/p><\/div>\r\n\t\t\t\t\t<\/div>\r\n\t\t\t\t<\/div><div class=\"faq-item\">\r\n\t\t\t\t\t<div class=\"faq-item-question\">\r\n\t\t\t\t\t\t<h3 class=\"faq-item-question-text\">Quels autres widgets puis-je utiliser sur mon site WordPress ?<\/h3>\r\n\r\n\t\t\t\t\t\t<div class=\"faq-item-question-icon\"><\/div>\r\n\t\t\t\t\t<\/div>\r\n\r\n\t\t\t\t\t<div class=\"faq-item-answer\">\r\n\t\t\t\t\t\t<div class=\"faq-item-answer-text\"><p>Par exemple, vous pouvez utiliser <a href=\"https:\/\/elfsight .com\/telegram-chat-widget\/wordpress\/\" target=\"_blank\" rel=\"noopener\">Telegram Chat<\/a>, <a href=\"https:\/\/elfsight.com\/whatsapp-chat-widget\/wordpress \/\" target=\"_blank\" rel=\"noopener\">Chat WhatsApp<\/a> ou <a href=\"https:\/\/elfsight.com\/viber-chat-widget\/wordpress\/\" target=\"_blank\" rel=\"noopener\">Viber Chat<\/a> pour contacter les visiteurs du site Web via leur messagerie pr\u00e9f\u00e9r\u00e9e. Vous pouvez \u00e9galement ajouter un curseur d&rsquo;avis et de t\u00e9moignages Google au site Web pour pr\u00e9senter les t\u00e9moignages les plus \u00e9tonnants de votre entreprise. Pour augmenter la diversit\u00e9 du contenu de votre site Web avec des vid\u00e9os, ajoutez une galerie YouTube.<\/p><\/div>\r\n\t\t\t\t\t<\/div>\r\n\t\t\t\t<\/div><\/div>","protected":false},"excerpt":{"rendered":"","protected":false},"author":17,"featured_media":0,"parent":1415,"menu_order":0,"comment_status":"closed","ping_status":"closed","template":"templates\/template-application-platform.php","meta":{"publish_to_discourse":"","publish_post_category":"","wpdc_auto_publish_overridden":"","wpdc_topic_tags":"","wpdc_pin_topic":"","wpdc_pin_until":"","discourse_post_id":"","discourse_permalink":"","wpdc_publishing_response":"","wpdc_publishing_error":"","footnotes":""},"class_list":["post-4032","page","type-page","status-publish","hentry"],"yoast_head":"<!-- This site is optimized with the Yoast SEO plugin v25.3.1 - https:\/\/yoast.com\/wordpress\/plugins\/seo\/ -->\n<title>Chat Facebook - ajoutez plugin Chat de Facebook sur Wordpress<\/title>\n<meta name=\"description\" content=\"Int\u00e9grez un Chat Facebook avantageux sur votre site. Utilisez la d\u00e9mo d&#039;Elfsight et g\u00e9n\u00e9rez votre plugin en quelques minutes.\" \/>\n<meta name=\"robots\" content=\"index, follow, max-snippet:-1, max-image-preview:large, max-video-preview:-1\" \/>\n<link rel=\"canonical\" href=\"https:\/\/elfsight.com\/fr\/facebook-chat-widget\/wordpress\/\" \/>\n<meta property=\"og:locale\" content=\"fr_FR\" \/>\n<meta property=\"og:type\" content=\"article\" \/>\n<meta property=\"og:title\" content=\"Chat Facebook - ajoutez plugin Chat de Facebook sur Wordpress\" \/>\n<meta property=\"og:description\" content=\"Int\u00e9grez un Chat Facebook avantageux sur votre site. Utilisez la d\u00e9mo d&#039;Elfsight et g\u00e9n\u00e9rez votre plugin en quelques minutes.\" \/>\n<meta property=\"og:url\" content=\"https:\/\/elfsight.com\/fr\/facebook-chat-widget\/wordpress\/\" \/>\n<meta property=\"og:site_name\" content=\"Elfsight FR\" \/>\n<meta property=\"article:modified_time\" content=\"2025-07-09T17:22:42+00:00\" \/>\n<meta name=\"twitter:card\" content=\"summary_large_image\" \/>\n<meta name=\"twitter:label1\" content=\"Dur\u00e9e de lecture estim\u00e9e\" \/>\n\t<meta name=\"twitter:data1\" content=\"2 minutes\" \/>\n<!-- \/ Yoast SEO plugin. -->","yoast_head_json":{"title":"Chat Facebook - ajoutez plugin Chat de Facebook sur Wordpress","description":"Int\u00e9grez un Chat Facebook avantageux sur votre site. Utilisez la d\u00e9mo d'Elfsight et g\u00e9n\u00e9rez votre plugin en quelques minutes.","robots":{"index":"index","follow":"follow","max-snippet":"max-snippet:-1","max-image-preview":"max-image-preview:large","max-video-preview":"max-video-preview:-1"},"canonical":"https:\/\/elfsight.com\/fr\/facebook-chat-widget\/wordpress\/","og_locale":"fr_FR","og_type":"article","og_title":"Chat Facebook - ajoutez plugin Chat de Facebook sur Wordpress","og_description":"Int\u00e9grez un Chat Facebook avantageux sur votre site. Utilisez la d\u00e9mo d'Elfsight et g\u00e9n\u00e9rez votre plugin en quelques minutes.","og_url":"https:\/\/elfsight.com\/fr\/facebook-chat-widget\/wordpress\/","og_site_name":"Elfsight FR","article_modified_time":"2025-07-09T17:22:42+00:00","twitter_card":"summary_large_image","twitter_misc":{"Dur\u00e9e de lecture estim\u00e9e":"2 minutes"},"schema":{"@context":"https:\/\/schema.org","@graph":[{"@type":"WebPage","@id":"https:\/\/elfsight.com\/fr\/facebook-chat-widget\/wordpress\/","url":"https:\/\/elfsight.com\/fr\/facebook-chat-widget\/wordpress\/","name":"Chat Facebook - ajoutez plugin Chat de Facebook sur Wordpress","isPartOf":{"@id":"https:\/\/elfsight.com\/fr\/#website"},"datePublished":"2021-11-26T13:48:03+00:00","dateModified":"2025-07-09T17:22:42+00:00","description":"Int\u00e9grez un Chat Facebook avantageux sur votre site. Utilisez la d\u00e9mo d'Elfsight et g\u00e9n\u00e9rez votre plugin en quelques minutes.","breadcrumb":{"@id":"https:\/\/elfsight.com\/fr\/facebook-chat-widget\/wordpress\/#breadcrumb"},"inLanguage":"fr-FR","potentialAction":[{"@type":"ReadAction","target":["https:\/\/elfsight.com\/fr\/facebook-chat-widget\/wordpress\/"]}]},{"@type":"BreadcrumbList","@id":"https:\/\/elfsight.com\/fr\/facebook-chat-widget\/wordpress\/#breadcrumb","itemListElement":[{"@type":"ListItem","position":1,"name":"Home","item":"https:\/\/elfsight.com\/fr\/"},{"@type":"ListItem","position":2,"name":"Facebook Chat","item":"https:\/\/elfsight.com\/fr\/facebook-chat-widget\/"},{"@type":"ListItem","position":3,"name":"Facebook Chat &#8211; WordPress"}]},{"@type":"WebSite","@id":"https:\/\/elfsight.com\/fr\/#website","url":"https:\/\/elfsight.com\/fr\/","name":"Elfsight FR","description":"","potentialAction":[{"@type":"SearchAction","target":{"@type":"EntryPoint","urlTemplate":"https:\/\/elfsight.com\/fr\/?s={search_term_string}"},"query-input":{"@type":"PropertyValueSpecification","valueRequired":true,"valueName":"search_term_string"}}],"inLanguage":"fr-FR"}]}},"meta_box":{"industry":"","seo_heading":"","heading":"","description":"","cta_heading":"","cta_description":"","application":"1406","h1":"Plugin Chat Facebook pour Wordpress","h1_caption":"Ajoutez un plugin de chat Facebook Messenger \u00e0 votre site Web, offrant ainsi aux utilisateurs un moyen simple de vous contacter sans effort sur votre site Web WordPress.","application_category":[],"applications_title":"","applications_request_title":"","applications_request_button_text":"","hero_text":"","hero_video":"","hero_video_schema_markup":"","selling_points_title":"","selling_points_caption":"","selling_points":[],"selling_points_cta_text":"","features_title":"","features":"","ed_cta_examples_text":"","ed_cta_examples_hidden":"","ed_cta_demo_text":"","ed_cta_demo_hidden":"","why_caption":"","why_editor_title":"","why_editor_text":"","why_team_title":"","why_team_text":"","why_service_title":"","why_service_text":"","template_catalog_visible":"","template_catalog_title":"","template_catalog_text":"","template_catalog_categories_visible":"","demo_title":"Cr\u00e9ez votre plugin Facebook Chat","demo_caption":"Configurez votre chat Facebook et ajoutez-le \u00e0 votre site WordPress gratuitement !","default_faq_hidden":"","app_template_category":[],"platform":"18","template_public_id":"","codecanyon_url":"","codecanyon_item_id":"","codecanyon_price":"","pricing_caption":"","pricing_elfsight_apps_hide_column":"","pricing_elfsight_apps_url":"","pricing_codecanyon_price_caption":"","integration_category":[],"integration_request_title":"","integration_request_cta":"","integration_platform":"","integrations":[],"platform_category":[],"video_schema_markup":"","price":"\u00c0 partir de 0$ par mois","trial":"","benefits":[{"text":"Installation gratuite"},{"text":"Support Premium"},{"text":"Garantie de remboursement de 14 jours"},{"text":"L'am\u00e9lioration continue"}],"button_url":"#demo","button_target_blank":"0","button_nofollow":"0","attributes":[{"name":"Nombre d'installations","content":"1,000 - 5,000","_state":"expanded"},{"name":"Adaptif","content":"Oui","_state":"expanded"},{"name":"Navigateurs compatibles","content":"Firefox, Safari, Opera, Chrome, Edge","_state":"expanded"}],"tags":[],"tags_disable_links":"0","hide_more_platforms":"","video_object":"","demo_hide_cta":"0","demo_hide_cloud_options":"0","pricing_title":"","pricing":[{"pricing_icon":"platform","pricing_title":"Applications d'Elfsight","pricing_title_caption":"Solution num\u00e9rique multiplateforme qui fonctionne sur n'importe quel site","pricing_price":"\u00c0 partir de $0\/mois","pricing_price_caption":"Commencez avec un plan gratuit","pricing_benefits":[{"text":"Sites Web illimit\u00e9s"},{"text":"\u00c9quipe d'assistance professionnelle"},{"text":"Service d'installation gratuit"},{"text":"100% personnalisable"}],"pricing_button_text":"Ajouter au site Web","pricing_button_url":"https:\/\/apps.elfsight.com\/sign-up\/","pricing_button_nofollow":"1","_state":"expanded"}],"related_apps_title":"","related_apps_hidden":"1","author":"","image":[],"title":"","job":"","social_networks":[]},"_links":{"self":[{"href":"https:\/\/elfsight.com\/fr\/wp-json\/wp\/v2\/pages\/4032","targetHints":{"allow":["GET"]}}],"collection":[{"href":"https:\/\/elfsight.com\/fr\/wp-json\/wp\/v2\/pages"}],"about":[{"href":"https:\/\/elfsight.com\/fr\/wp-json\/wp\/v2\/types\/page"}],"author":[{"embeddable":true,"href":"https:\/\/elfsight.com\/fr\/wp-json\/wp\/v2\/users\/17"}],"replies":[{"embeddable":true,"href":"https:\/\/elfsight.com\/fr\/wp-json\/wp\/v2\/comments?post=4032"}],"version-history":[{"count":2,"href":"https:\/\/elfsight.com\/fr\/wp-json\/wp\/v2\/pages\/4032\/revisions"}],"predecessor-version":[{"id":15192,"href":"https:\/\/elfsight.com\/fr\/wp-json\/wp\/v2\/pages\/4032\/revisions\/15192"}],"up":[{"embeddable":true,"href":"https:\/\/elfsight.com\/fr\/wp-json\/wp\/v2\/pages\/1415"}],"wp:attachment":[{"href":"https:\/\/elfsight.com\/fr\/wp-json\/wp\/v2\/media?parent=4032"}],"curies":[{"name":"wp","href":"https:\/\/api.w.org\/{rel}","templated":true}]}}