{"id":4026,"date":"2021-11-26T13:45:44","date_gmt":"2021-11-26T13:45:44","guid":{"rendered":"https:\/\/elfsight.com\/fr\/?page_id=4026"},"modified":"2025-07-09T16:55:50","modified_gmt":"2025-07-09T16:55:50","slug":"wordpress","status":"publish","type":"page","link":"https:\/\/elfsight.com\/fr\/booking-reviews-widget\/wordpress\/","title":{"rendered":"Booking Reviews &#8211; WordPress"},"content":{"rendered":"<div class=\"application-platform-content-item-description application-platform-content-item\" id=\"description\" data-nav-section=\"description\"> <h2>Int\u00e9grez les avis de r\u00e9servation sur WordPress avec le widget Elfsight<\/h2> <p>Si vous avez besoin de r\u00e9v\u00e9ler votre appr\u00e9ciation \u00e9lev\u00e9e par les clients et de convaincre le site Web visiteurs que votre lieu est populaire aupr\u00e8s des visiteurs, Elfsight Booking Reviews est fait pour vous. Avec l&rsquo;aide de notre widget, vous afficherez rapidement les avis des clients de Booking sur votre site Web avec des d\u00e9tails sur leurs auteurs, utiliserez des filtres pour afficher uniquement les bons, ajouterez des notes et un bouton de redirection qui redirigera les gens vers votre page de r\u00e9servation, o\u00f9 ils pourront poster un autre avis. <\/p> <div class=\"faq\" data-component=\"FAQ\"><div class=\"faq-item\">\r\n\t\t\t\t\t<div class=\"faq-item-question\">\r\n\t\t\t\t\t\t<h3 class=\"faq-item-question-text\">O\u00f9 sur mon site puis-je int\u00e9grer ce plugin<\/h3>\r\n\r\n\t\t\t\t\t\t<div class=\"faq-item-question-icon\"><\/div>\r\n\t\t\t\t\t<\/div>\r\n\r\n\t\t\t\t\t<div class=\"faq-item-answer\">\r\n\t\t\t\t\t\t<div class=\"faq-item-answer-text\"> <p>Vous pouvez afficher le widget d&rsquo;avis sur n&rsquo;importe quelle page de votre site Web, ou l&rsquo;ins\u00e9rer dans le mod\u00e8le du site Web, dans ce cas il s&rsquo;affichera sur toutes les pages. Les avis feront du bon travail sur les pages produits ou sur la page \u00c0 propos de nous, les endroits o\u00f9 vous souhaitez prouver votre haute \u00e9valuation. <\/p> <\/div>\r\n\t\t\t\t\t<\/div>\r\n\t\t\t\t<\/div><div class=\"faq-item\">\r\n\t\t\t\t\t<div class=\"faq-item-question\">\r\n\t\t\t\t\t\t<h3 class=\"faq-item-question-text\">Quels avantages cela m'apportera-t-il ?<\/h3>\r\n\r\n\t\t\t\t\t\t<div class=\"faq-item-question-icon\"><\/div>\r\n\t\t\t\t\t<\/div>\r\n\r\n\t\t\t\t\t<div class=\"faq-item-answer\">\r\n\t\t\t\t\t\t<div class=\"faq-item-answer-text\"> <p>Les avis de personnes r\u00e9elles sont extr\u00eamement fiables pour les clients de votre site Web et leur montrent que votre entreprise est fiable. Une note \u00e9lev\u00e9e et d\u2019excellentes impressions peuvent contribuer \u00e0 augmenter les achats sur votre site Web. De plus, le bouton de redirection contribuera \u00e0 davantage d&rsquo;avis clients li\u00e9s \u00e0 votre entreprise sur Booking.<\/p> <\/div>\r\n\t\t\t\t\t<\/div>\r\n\t\t\t\t<\/div> <div class=\"faq-item\">\r\n\t\t\t\t\t<div class=\"faq-item-question\">\r\n\t\t\t\t\t\t<h3 class=\"faq-item-question-text\">Comment installer Booking Reviews sur mon site WordPress ?<\/h3>\r\n\r\n\t\t\t\t\t\t<div class=\"faq-item-question-icon\"><\/div>\r\n\t\t\t\t\t<\/div>\r\n\r\n\t\t\t\t\t<div class=\"faq-item-answer\">\r\n\t\t\t\t\t\t<div class=\"faq-item-answer-text\"> <p>Cela ne fera que prenez trois minutes de votre temps pour int\u00e9grer le widget. L&rsquo;int\u00e9gration est extr\u00eamement rapide, gratuite et sans codage.<\/p> <ol><li>Il existe une option pour int\u00e9grer les avis de r\u00e9servation \u00e0 votre site Web via notre service. Consultez simplement la br\u00e8ve description ci-dessous sur cette page.<\/li> <li>Le widget peut \u00eatre int\u00e9gr\u00e9 via notre service ou via la place de march\u00e9. Vous pouvez comparer les d\u00e9tails des deux variantes et choisir la v\u00f4tre.<\/li> <\/ol> <\/div>\r\n\t\t\t\t\t<\/div>\r\n\t\t\t\t<\/div> <\/div> <\/div> <div class=\"application-platform-content-item-features application-platform-content-item\" id=\"features\" data-nav-section=\"features\"> <h2>Principales fonctionnalit\u00e9s du widget Booking Reviews <\/h2> <p>Consultez la liste de ses fonctionnalit\u00e9s essentielles. Ils rendent notre widget efficace pour votre site Web\u00a0: <\/p> <ul> <li>3 filtres pr\u00eats \u00e0 l&#8217;emploi\u00a0: par type, exclusion par et quantit\u00e9 d&rsquo;avis \u00e0 afficher\u00a0; <\/li> <li>Le bouton actif pour ajouter un avis am\u00e8ne les gens \u00e0 la page de r\u00e9servation\u00a0; <\/li> <li>Deux options de sc\u00e9narios de refus de demande d&rsquo;avis\u00a0: r\u00e9v\u00e9ler votre message ou supprimer le bouton. <\/li> <\/ul><p><a href=\"#demo\">D\u00e9couvrez plus de fonctionnalit\u00e9s dans notre d\u00e9mo<\/a><\/p> <\/div> <div class=\"application-platform-content-item-installation application-platform-content-item\" id=\"installation\" data-nav-section=\"installation\"> <h2>D\u00e9couvrez comment ajouter les avis de r\u00e9servation \u00e0 votre site Web WordPress<\/h2><div class=\"video-container\"><iframe width=\"720\" height=\"405\" src=\"https:\/\/www.youtube.com\/embed\/RBKmBLeP-ks\" frameborder=\"0\" allowfullscreen=\"\"><\/iframe><\/div><p>Ces plusieurs \u00e9tapes sont la seule chose dont vous avez besoin pour \u00e9tablir. <\/p> <ol><li><b>Utilisez notre d\u00e9mo gratuite et commencez \u00e0 cr\u00e9er votre plugin personnalis\u00e9. <\/b><br> Choisissez l&rsquo;apparence et les fonctionnalit\u00e9s personnalis\u00e9es du plugin et enregistrez toutes les modifications. <\/li> <li><b>Acqu\u00e9rez votre code individuel indiqu\u00e9 dans la case sur les applications Elfsight. <\/b><br> Juste apr\u00e8s la g\u00e9n\u00e9ration de votre plugin, copiez le code exclusif dans la case qui appara\u00eet et conservez-le pour une utilisation future. <\/li> <li><b>Commencez \u00e0 utiliser le plugin sur votre site WordPress. <\/b><br> Placez le code copi\u00e9 pr\u00e9c\u00e9demment dans votre page web et enregistrez les modifications. <\/li> <li><b>Vous avez termin\u00e9\u00a0! L&rsquo;int\u00e9gration est effectu\u00e9e avec succ\u00e8s. <\/b><br> Acc\u00e9dez \u00e0 votre page Web pour observer le travail du plugin. <\/li><\/ol><p>Il y a encore quelque chose qui vous rend incertain\u00a0? Ou vous avez des probl\u00e8mes ? Il suffit d&rsquo;envoyer une demande \u00e0 notre service client pour r\u00e9soudre tout probl\u00e8me. <\/p> <\/div>","protected":false},"excerpt":{"rendered":"","protected":false},"author":17,"featured_media":0,"parent":2067,"menu_order":0,"comment_status":"closed","ping_status":"closed","template":"templates\/template-application-platform.php","meta":{"publish_to_discourse":"","publish_post_category":"","wpdc_auto_publish_overridden":"","wpdc_topic_tags":"","wpdc_pin_topic":"","wpdc_pin_until":"","discourse_post_id":"","discourse_permalink":"","wpdc_publishing_response":"","wpdc_publishing_error":"","footnotes":""},"class_list":["post-4026","page","type-page","status-publish","hentry"],"yoast_head":"<!-- This site is optimized with the Yoast SEO plugin v25.3.1 - https:\/\/yoast.com\/wordpress\/plugins\/seo\/ -->\n<title>Avis Booking - ajoutez plugin Avis Client Booking sur Wordpress<\/title>\n<meta name=\"description\" content=\"Int\u00e9grez un Avis Booking avantageux sur votre site. Utilisez la d\u00e9mo d&#039;Elfsight et g\u00e9n\u00e9rez votre plugin en 2 minutes.\" \/>\n<meta name=\"robots\" content=\"index, follow, max-snippet:-1, max-image-preview:large, max-video-preview:-1\" \/>\n<link rel=\"canonical\" href=\"https:\/\/elfsight.com\/fr\/booking-reviews-widget\/wordpress\/\" \/>\n<meta property=\"og:locale\" content=\"fr_FR\" \/>\n<meta property=\"og:type\" content=\"article\" \/>\n<meta property=\"og:title\" content=\"Avis Booking - ajoutez plugin Avis Client Booking sur Wordpress\" \/>\n<meta property=\"og:description\" content=\"Int\u00e9grez un Avis Booking avantageux sur votre site. Utilisez la d\u00e9mo d&#039;Elfsight et g\u00e9n\u00e9rez votre plugin en 2 minutes.\" \/>\n<meta property=\"og:url\" content=\"https:\/\/elfsight.com\/fr\/booking-reviews-widget\/wordpress\/\" \/>\n<meta property=\"og:site_name\" content=\"Elfsight FR\" \/>\n<meta property=\"article:modified_time\" content=\"2025-07-09T16:55:50+00:00\" \/>\n<meta name=\"twitter:card\" content=\"summary_large_image\" \/>\n<meta name=\"twitter:label1\" content=\"Dur\u00e9e de lecture estim\u00e9e\" \/>\n\t<meta name=\"twitter:data1\" content=\"2 minutes\" \/>\n<!-- \/ Yoast SEO plugin. -->","yoast_head_json":{"title":"Avis Booking - ajoutez plugin Avis Client Booking sur Wordpress","description":"Int\u00e9grez un Avis Booking avantageux sur votre site. Utilisez la d\u00e9mo d'Elfsight et g\u00e9n\u00e9rez votre plugin en 2 minutes.","robots":{"index":"index","follow":"follow","max-snippet":"max-snippet:-1","max-image-preview":"max-image-preview:large","max-video-preview":"max-video-preview:-1"},"canonical":"https:\/\/elfsight.com\/fr\/booking-reviews-widget\/wordpress\/","og_locale":"fr_FR","og_type":"article","og_title":"Avis Booking - ajoutez plugin Avis Client Booking sur Wordpress","og_description":"Int\u00e9grez un Avis Booking avantageux sur votre site. Utilisez la d\u00e9mo d'Elfsight et g\u00e9n\u00e9rez votre plugin en 2 minutes.","og_url":"https:\/\/elfsight.com\/fr\/booking-reviews-widget\/wordpress\/","og_site_name":"Elfsight FR","article_modified_time":"2025-07-09T16:55:50+00:00","twitter_card":"summary_large_image","twitter_misc":{"Dur\u00e9e de lecture estim\u00e9e":"2 minutes"},"schema":{"@context":"https:\/\/schema.org","@graph":[{"@type":"WebPage","@id":"https:\/\/elfsight.com\/fr\/booking-reviews-widget\/wordpress\/","url":"https:\/\/elfsight.com\/fr\/booking-reviews-widget\/wordpress\/","name":"Avis Booking - ajoutez plugin Avis Client Booking sur Wordpress","isPartOf":{"@id":"https:\/\/elfsight.com\/fr\/#website"},"datePublished":"2021-11-26T13:45:44+00:00","dateModified":"2025-07-09T16:55:50+00:00","description":"Int\u00e9grez un Avis Booking avantageux sur votre site. Utilisez la d\u00e9mo d'Elfsight et g\u00e9n\u00e9rez votre plugin en 2 minutes.","breadcrumb":{"@id":"https:\/\/elfsight.com\/fr\/booking-reviews-widget\/wordpress\/#breadcrumb"},"inLanguage":"fr-FR","potentialAction":[{"@type":"ReadAction","target":["https:\/\/elfsight.com\/fr\/booking-reviews-widget\/wordpress\/"]}]},{"@type":"BreadcrumbList","@id":"https:\/\/elfsight.com\/fr\/booking-reviews-widget\/wordpress\/#breadcrumb","itemListElement":[{"@type":"ListItem","position":1,"name":"Home","item":"https:\/\/elfsight.com\/fr\/"},{"@type":"ListItem","position":2,"name":"Booking Reviews","item":"https:\/\/elfsight.com\/fr\/booking-reviews-widget\/"},{"@type":"ListItem","position":3,"name":"Booking Reviews &#8211; WordPress"}]},{"@type":"WebSite","@id":"https:\/\/elfsight.com\/fr\/#website","url":"https:\/\/elfsight.com\/fr\/","name":"Elfsight FR","description":"","potentialAction":[{"@type":"SearchAction","target":{"@type":"EntryPoint","urlTemplate":"https:\/\/elfsight.com\/fr\/?s={search_term_string}"},"query-input":{"@type":"PropertyValueSpecification","valueRequired":true,"valueName":"search_term_string"}}],"inLanguage":"fr-FR"}]}},"meta_box":{"industry":"","seo_heading":"","heading":"","description":"","cta_heading":"","cta_description":"","application":"2063","h1":"Plugin Avis Booking pour Wordpress","h1_caption":"Affichez les avis de booking.com pour attirer plus de clients en montrant sans effort les exp\u00e9riences positives des anciens visiteurs sur votre site WordPress.","application_category":[],"applications_title":"","applications_request_title":"","applications_request_button_text":"","hero_text":"","hero_video":"","hero_video_schema_markup":"","selling_points_title":"","selling_points_caption":"","selling_points":[],"selling_points_cta_text":"","features_title":"","features":"","ed_cta_examples_text":"","ed_cta_examples_hidden":"","ed_cta_demo_text":"","ed_cta_demo_hidden":"","why_caption":"","why_editor_title":"","why_editor_text":"","why_team_title":"","why_team_text":"","why_service_title":"","why_service_text":"","template_catalog_visible":"","template_catalog_title":"","template_catalog_text":"","template_catalog_categories_visible":"","demo_title":"Cr\u00e9ez votre plugin Booking Reviews","demo_caption":"Configurez vos avis de r\u00e9servation et ajoutez-les gratuitement \u00e0 votre site WordPress\u00a0!","default_faq_hidden":"","app_template_category":[],"platform":"18","template_public_id":"","codecanyon_url":"","codecanyon_item_id":"","codecanyon_price":"","pricing_caption":"","pricing_elfsight_apps_hide_column":"","pricing_elfsight_apps_url":"","pricing_codecanyon_price_caption":"","integration_category":[],"integration_request_title":"","integration_request_cta":"","integration_platform":"","integrations":[],"platform_category":[],"video_schema_markup":"","price":"\u00c0 partir de 0$ par mois","trial":"","benefits":[{"text":"Installation gratuite"},{"text":"Support Premium"},{"text":"Garantie de remboursement de 14 jours"},{"text":"L'am\u00e9lioration continue"}],"button_url":"#demo","button_target_blank":"0","button_nofollow":"0","attributes":[{"name":"Nombre d'installations","content":"1,000 - 5,000","_state":"expanded"},{"name":"Adaptif","content":"Oui","_state":"expanded"},{"name":"Navigateurs compatibles","content":"Firefox, Safari, Opera, Chrome, Edge","_state":"expanded"}],"tags":[],"tags_disable_links":"0","hide_more_platforms":"","video_object":"","demo_hide_cta":"0","demo_hide_cloud_options":"0","pricing_title":"","pricing":[{"pricing_icon":"platform","pricing_title":"Applications d'Elfsight","pricing_title_caption":"Solution num\u00e9rique multiplateforme qui fonctionne sur n'importe quel site","pricing_price":"\u00c0 partir de $0\/mois","pricing_price_caption":"Commencez avec un plan gratuit","pricing_benefits":[{"text":"Sites Web illimit\u00e9s"},{"text":"\u00c9quipe d'assistance professionnelle"},{"text":"Service d'installation gratuit"},{"text":"100% personnalisable"}],"pricing_button_text":"Ajouter au site Web","pricing_button_url":"https:\/\/apps.elfsight.com\/sign-up\/","pricing_button_nofollow":"1","_state":"expanded"}],"related_apps_title":"","related_apps_hidden":"1","author":"","image":[],"title":"","job":"","social_networks":[]},"_links":{"self":[{"href":"https:\/\/elfsight.com\/fr\/wp-json\/wp\/v2\/pages\/4026","targetHints":{"allow":["GET"]}}],"collection":[{"href":"https:\/\/elfsight.com\/fr\/wp-json\/wp\/v2\/pages"}],"about":[{"href":"https:\/\/elfsight.com\/fr\/wp-json\/wp\/v2\/types\/page"}],"author":[{"embeddable":true,"href":"https:\/\/elfsight.com\/fr\/wp-json\/wp\/v2\/users\/17"}],"replies":[{"embeddable":true,"href":"https:\/\/elfsight.com\/fr\/wp-json\/wp\/v2\/comments?post=4026"}],"version-history":[{"count":3,"href":"https:\/\/elfsight.com\/fr\/wp-json\/wp\/v2\/pages\/4026\/revisions"}],"predecessor-version":[{"id":14024,"href":"https:\/\/elfsight.com\/fr\/wp-json\/wp\/v2\/pages\/4026\/revisions\/14024"}],"up":[{"embeddable":true,"href":"https:\/\/elfsight.com\/fr\/wp-json\/wp\/v2\/pages\/2067"}],"wp:attachment":[{"href":"https:\/\/elfsight.com\/fr\/wp-json\/wp\/v2\/media?parent=4026"}],"curies":[{"name":"wp","href":"https:\/\/api.w.org\/{rel}","templated":true}]}}