{"id":4018,"date":"2021-11-26T13:42:10","date_gmt":"2021-11-26T13:42:10","guid":{"rendered":"https:\/\/elfsight.com\/fr\/?page_id=4018"},"modified":"2025-07-09T10:01:28","modified_gmt":"2025-07-09T10:01:28","slug":"wordpress","status":"publish","type":"page","link":"https:\/\/elfsight.com\/fr\/audio-player-widget\/wordpress\/","title":{"rendered":"Audio Player &#8211; WordPress"},"content":{"rendered":"<div class=\"application-platform-content-item-description application-platform-content-item\" id=\"description\" data-nav-section=\"description\"> <h2>Int\u00e9grer un lecteur audio sur WordPress avec le widget Elfsight<\/h2> <p>Elfsight Music Player est le meilleur plugin pour WordPress vous permettant de lire des pistes audio directement sur les pages de votre site Web. L&rsquo;outil est totalement r\u00e9glable\u00a0: vous \u00eates libre de modifier son emplacement, de le placer n&rsquo;importe o\u00f9 sur la page, de redimensionner sa taille, de recolorer l&rsquo;arri\u00e8re-plan et tous les autres \u00e9l\u00e9ments pour le m\u00e9langer au style de votre site Web, d&rsquo;utiliser des couleurs sombres, de r\u00e9v\u00e9ler des images et afficher ou masquer 4 parties suppl\u00e9mentaires du joueur comme la barre de progression, le titre et autres. Ajoutez autant de pistes que vous le souhaitez pour ravir votre public, activez la lecture automatique et soyez-en s\u00fbr\u00a0: vos visiteurs ne quitteront pas votre page d&rsquo;accueil imm\u00e9diatement\u00a0!<\/p><p><b>Avec le plugin Elfsight Audio, d\u00e9marrez une croissance plus rapide de votre entreprise et augmenter les ventes<\/b><\/p> <div class=\"faq\" data-component=\"FAQ\"> <div class=\"faq-item\">\r\n\t\t\t\t\t<div class=\"faq-item-question\">\r\n\t\t\t\t\t\t<h3 class=\"faq-item-question-text\">Existe-t-il d'autres outils pour WordPress que je peux ins\u00e9rer sur mon site Web ? <\/h3>\r\n\r\n\t\t\t\t\t\t<div class=\"faq-item-question-icon\"><\/div>\r\n\t\t\t\t\t<\/div>\r\n\r\n\t\t\t\t\t<div class=\"faq-item-answer\">\r\n\t\t\t\t\t\t<div class=\"faq-item-answer-text\"> <p>Nous devons vous proposer une grande vari\u00e9t\u00e9 d&rsquo;outils diff\u00e9rents pour atteindre tout type d&rsquo;objectif sur votre site Web. Voyez par vous-m\u00eame\u00a0: <a href=\"https:\/\/elfsight.com\/whatsapp-chat-widget\/wordpress\/\">WhatsApp Chat<\/a>, <a href=\"https:\/\/elfsight.com\/facebook-chat -widget\/wordpress\/\"> Chat Facebook<\/a>, <a href=\"https:\/\/elfsight.com\/google-reviews-widget\/wordpress\/\">Avis Google<\/a>, <a href=\"https:\/\/elfsight.com\/testimonials-slider-widget\/wordpress\/\">Curseur de t\u00e9moignages<\/a>, <a href=\"https:\/\/elfsight.com\/youtube-channel-plugin-yottie\/wordpress\/\">YouTube Nourrir<\/a>. Choisissez votre outil ou ajoutez-les tous \u00e0 votre site Web \u2013 \u00e0 vous de choisir ! <\/p> <\/div>\r\n\t\t\t\t\t<\/div>\r\n\t\t\t\t<\/div> <div class=\"faq-item\">\r\n\t\t\t\t\t<div class=\"faq-item-question\">\r\n\t\t\t\t\t\t<h3 class=\"faq-item-question-text\">De quelle mani\u00e8re puis-je int\u00e9grer le plugin Music Player dans mon site WordPress ? <\/h3>\r\n\r\n\t\t\t\t\t\t<div class=\"faq-item-question-icon\"><\/div>\r\n\t\t\t\t\t<\/div>\r\n\r\n\t\t\t\t\t<div class=\"faq-item-answer\">\r\n\t\t\t\t\t\t<div class=\"faq-item-answer-text\"> <p>Vous pouvez facilement ajouter votre plugin Music Player \u00e0 votre site WordPress. Acc\u00e9dez simplement au panneau d&rsquo;administration et suivez ces \u00e9tapes\u00a0: <\/p><ol><li>S\u00e9lectionnez les param\u00e8tres du th\u00e8me. <\/li><li>Choisissez la partie o\u00f9 vous souhaitez ajouter votre plugin WordPress. <\/li><li>Collez votre code depuis le service Elfsight Apps et appliquez vos modifications. <\/li><li>C&rsquo;est aussi simple que \u00e7a. <\/li><\/ol><p>Vous pouvez \u00e9galement consulter <a href=\"https:\/\/elfsight.com\/tutorials\/how-to-embed-audio-player-on-any-website\/#how- to-add-music%20player-to-wordpress\">ce guide<\/a> s&rsquo;il reste d&rsquo;autres questions sur le travail de notre widget WordPress.<\/p><\/div>\r\n\t\t\t\t\t<\/div>\r\n\t\t\t\t<\/div> <div class=\"faq-item\">\r\n\t\t\t\t\t<div class=\"faq-item-question\">\r\n\t\t\t\t\t\t<h3 class=\"faq-item-question-text\">Puis-je tester votre application WordPress Music Player lorsqu'elle est utilis\u00e9e ? <\/h3>\r\n\r\n\t\t\t\t\t\t<div class=\"faq-item-question-icon\"><\/div>\r\n\t\t\t\t\t<\/div>\r\n\r\n\t\t\t\t\t<div class=\"faq-item-answer\">\r\n\t\t\t\t\t\t<div class=\"faq-item-answer-text\"> <p>Vous pouvez non seulement utiliser, mais \u00e9galement ajouter le lecteur de musique \u00e0 votre site WordPress, et tout cela au moyen de notre d\u00e9mo en direct\u00a0! V\u00e9rifiez-le <a href=\"https:\/\/elfsight.com\/audio-player-widget\/#demo\">ici<\/a>.<\/p><\/div>\r\n\t\t\t\t\t<\/div>\r\n\t\t\t\t<\/div> <\/div><\/div> <div class=\"application-platform-content-item-features application-platform-content-item\" id=\"features\" data-nav-section=\"features\"> <h2>Le plugin comprend des fonctionnalit\u00e9s pratiques et simples, en voici quelques-unes\u00a0:<\/h2> <ul><li>De nombreuses modifications de couleurs<\/li> <li>Th\u00e8me de couleur sombre\/clair<\/li> <li>Conception adaptative<\/li> <li>Deux mises en page applicables<\/li> <li>Possibilit\u00e9 d&rsquo;utiliser une image d&rsquo;arri\u00e8re-plan<\/li> <\/ul><p><a href=\"#demo\">Essayez simplement cette d\u00e9mo pour avoir une id\u00e9e compl\u00e8te<\/a><\/p> <\/div> <div class=\"application-platform-content-item-installation application-platform-content-item\" id=\"installation\" data-nav-section=\"installation\"> <h2>Comment ajouter un lecteur audio \u00e0 mon site WordPress\u00a0?<\/h2> <div><iframe width=\"720\" height=\"405\" src=\"https:\/\/www.youtube.com\/embed\/_BP9Fh7-wOg\" frameborder=\"0\" allowfullscreen=\"\"><\/iframe><\/div><p> Suivez simplement quelques \u00e9tapes d\u00e9crites ci-dessous pour commencer \u00e0 travailler avec le plugin du lecteur de musique.<\/p> <ol><li><b>Lancez notre \u00e9diteur gratuit et commencez \u00e0 cr\u00e9er votre plugin unique. <\/b><br> Recherchez la mise en page et les aspects pr\u00e9f\u00e9r\u00e9s du plugin et enregistrez toutes les modifications. <\/li> <li><b>Acqu\u00e9rez votre code personnel d\u00e9montr\u00e9 dans le formulaire sp\u00e9cial sur Elfsight Apps. <\/b><br> Une fois la configuration de votre plugin termin\u00e9e, copiez le code individuel de la fen\u00eatre contextuelle qui appara\u00eet et conservez-le pour une occasion ult\u00e9rieure. <\/li> <li><b>Commencez \u00e0 utiliser le plugin sur le site WordPress. <\/b><br> Ajoutez le code que vous avez copi\u00e9 auparavant dans votre site Web et enregistrez les corrections. <\/li> <li><b>Vous avez termin\u00e9\u00a0! L&rsquo;int\u00e9gration est pleinement r\u00e9alis\u00e9e. <\/b><br> Visitez votre site Web pour voir en action le fonctionnement du plugin. <\/li><\/ol><p>Si vous avez des questions ou rencontrez des obstacles, n&rsquo;h\u00e9sitez pas \u00e0 contacter notre \u00e9quipe d&rsquo;assistance. Nos sp\u00e9cialistes seront ravis de r\u00e9soudre toutes les difficult\u00e9s que vous pourriez rencontrer sur le produit. <\/p> <\/div><div class=\"faq\" data-component=\"FAQ\"><div class=\"faq-item\">\r\n\t\t\t\t\t<div class=\"faq-item-question\">\r\n\t\t\t\t\t\t<h3 class=\"faq-item-question-text\">Les meilleures fa\u00e7ons d'utiliser l'int\u00e9gration du lecteur audio<\/h3>\r\n\r\n\t\t\t\t\t\t<div class=\"faq-item-question-icon\"><\/div>\r\n\t\t\t\t\t<\/div>\r\n\r\n\t\t\t\t\t<div class=\"faq-item-answer\">\r\n\t\t\t\t\t\t<div class=\"faq-item-answer-text\"><p>Nous vous offrons de nombreuses options de personnalisation\u00a0: des widgets complets pour ajout \u00e0 la section de contenu, de plugins flottants pour les opportunit\u00e9s de d\u00e9filement, de vignettes pour le pied de page de votre site Web, d&rsquo;en-t\u00eate et de toutes sortes de possibilit\u00e9s verticales pour les barres lat\u00e9rales et les menus. <\/p><\/div>\r\n\t\t\t\t\t<\/div>\r\n\t\t\t\t<\/div><div class=\"faq-item\">\r\n\t\t\t\t\t<div class=\"faq-item-question\">\r\n\t\t\t\t\t\t<h3 class=\"faq-item-question-text\">Puis-je cr\u00e9er un nouvel album ou un lecteur monopiste au moyen de l'\u00e9diteur ?<\/h3>\r\n\r\n\t\t\t\t\t\t<div class=\"faq-item-question-icon\"><\/div>\r\n\t\t\t\t\t<\/div>\r\n\r\n\t\t\t\t\t<div class=\"faq-item-answer\">\r\n\t\t\t\t\t\t<div class=\"faq-item-answer-text\"><p>Vous pouvez cr\u00e9er les modifications de n&rsquo;importe quel widget. Il existe un large \u00e9ventail de mises en page disponibles dans l&rsquo;\u00e9diteur, et toutes peuvent \u00eatre facilement personnalis\u00e9es selon vos besoins. <\/p><\/div>\r\n\t\t\t\t\t<\/div>\r\n\t\t\t\t<\/div><\/div>","protected":false},"excerpt":{"rendered":"","protected":false},"author":17,"featured_media":0,"parent":2277,"menu_order":0,"comment_status":"closed","ping_status":"closed","template":"templates\/template-application-platform.php","meta":{"publish_to_discourse":"","publish_post_category":"","wpdc_auto_publish_overridden":"","wpdc_topic_tags":"","wpdc_pin_topic":"","wpdc_pin_until":"","discourse_post_id":"","discourse_permalink":"","wpdc_publishing_response":"","wpdc_publishing_error":"","footnotes":""},"class_list":["post-4018","page","type-page","status-publish","hentry"],"yoast_head":"<!-- This site is optimized with the Yoast SEO plugin v25.3.1 - https:\/\/yoast.com\/wordpress\/plugins\/seo\/ -->\n<title>Lecteur audio - ajoutez plugin Lecteur Musique sur Wordpress<\/title>\n<meta name=\"description\" content=\"Int\u00e9grez un Lecteur audio avantageux sur votre site. Appliquez la d\u00e9mo d&#039;Elfsight et g\u00e9n\u00e9rez votre plugin en quelques minutes.\" \/>\n<meta name=\"robots\" content=\"index, follow, max-snippet:-1, max-image-preview:large, max-video-preview:-1\" \/>\n<link rel=\"canonical\" href=\"https:\/\/elfsight.com\/fr\/audio-player-widget\/wordpress\/\" \/>\n<meta property=\"og:locale\" content=\"fr_FR\" \/>\n<meta property=\"og:type\" content=\"article\" \/>\n<meta property=\"og:title\" content=\"Lecteur audio - ajoutez plugin Lecteur Musique sur Wordpress\" \/>\n<meta property=\"og:description\" content=\"Int\u00e9grez un Lecteur audio avantageux sur votre site. Appliquez la d\u00e9mo d&#039;Elfsight et g\u00e9n\u00e9rez votre plugin en quelques minutes.\" \/>\n<meta property=\"og:url\" content=\"https:\/\/elfsight.com\/fr\/audio-player-widget\/wordpress\/\" \/>\n<meta property=\"og:site_name\" content=\"Elfsight FR\" \/>\n<meta property=\"article:modified_time\" content=\"2025-07-09T10:01:28+00:00\" \/>\n<meta name=\"twitter:card\" content=\"summary_large_image\" \/>\n<meta name=\"twitter:label1\" content=\"Dur\u00e9e de lecture estim\u00e9e\" \/>\n\t<meta name=\"twitter:data1\" content=\"1 minute\" \/>\n<!-- \/ Yoast SEO plugin. -->","yoast_head_json":{"title":"Lecteur audio - ajoutez plugin Lecteur Musique sur Wordpress","description":"Int\u00e9grez un Lecteur audio avantageux sur votre site. Appliquez la d\u00e9mo d'Elfsight et g\u00e9n\u00e9rez votre plugin en quelques minutes.","robots":{"index":"index","follow":"follow","max-snippet":"max-snippet:-1","max-image-preview":"max-image-preview:large","max-video-preview":"max-video-preview:-1"},"canonical":"https:\/\/elfsight.com\/fr\/audio-player-widget\/wordpress\/","og_locale":"fr_FR","og_type":"article","og_title":"Lecteur audio - ajoutez plugin Lecteur Musique sur Wordpress","og_description":"Int\u00e9grez un Lecteur audio avantageux sur votre site. Appliquez la d\u00e9mo d'Elfsight et g\u00e9n\u00e9rez votre plugin en quelques minutes.","og_url":"https:\/\/elfsight.com\/fr\/audio-player-widget\/wordpress\/","og_site_name":"Elfsight FR","article_modified_time":"2025-07-09T10:01:28+00:00","twitter_card":"summary_large_image","twitter_misc":{"Dur\u00e9e de lecture estim\u00e9e":"1 minute"},"schema":{"@context":"https:\/\/schema.org","@graph":[{"@type":"WebPage","@id":"https:\/\/elfsight.com\/fr\/audio-player-widget\/wordpress\/","url":"https:\/\/elfsight.com\/fr\/audio-player-widget\/wordpress\/","name":"Lecteur audio - ajoutez plugin Lecteur Musique sur Wordpress","isPartOf":{"@id":"https:\/\/elfsight.com\/fr\/#website"},"datePublished":"2021-11-26T13:42:10+00:00","dateModified":"2025-07-09T10:01:28+00:00","description":"Int\u00e9grez un Lecteur audio avantageux sur votre site. Appliquez la d\u00e9mo d'Elfsight et g\u00e9n\u00e9rez votre plugin en quelques minutes.","breadcrumb":{"@id":"https:\/\/elfsight.com\/fr\/audio-player-widget\/wordpress\/#breadcrumb"},"inLanguage":"fr-FR","potentialAction":[{"@type":"ReadAction","target":["https:\/\/elfsight.com\/fr\/audio-player-widget\/wordpress\/"]}]},{"@type":"BreadcrumbList","@id":"https:\/\/elfsight.com\/fr\/audio-player-widget\/wordpress\/#breadcrumb","itemListElement":[{"@type":"ListItem","position":1,"name":"Home","item":"https:\/\/elfsight.com\/fr\/"},{"@type":"ListItem","position":2,"name":"Audio Player","item":"https:\/\/elfsight.com\/fr\/audio-player-widget\/"},{"@type":"ListItem","position":3,"name":"Audio Player &#8211; WordPress"}]},{"@type":"WebSite","@id":"https:\/\/elfsight.com\/fr\/#website","url":"https:\/\/elfsight.com\/fr\/","name":"Elfsight FR","description":"","potentialAction":[{"@type":"SearchAction","target":{"@type":"EntryPoint","urlTemplate":"https:\/\/elfsight.com\/fr\/?s={search_term_string}"},"query-input":{"@type":"PropertyValueSpecification","valueRequired":true,"valueName":"search_term_string"}}],"inLanguage":"fr-FR"}]}},"meta_box":{"industry":"","seo_heading":"","heading":"","description":"","cta_heading":"","cta_description":"","application":"2276","h1":"Plugin Lecteur audio pour Wordpress","h1_caption":"Ajoutez et pr\u00e9sentez des pistes audio directement sur votre site Web avec un lecteur \u00e9l\u00e9gant et personnalisable sur votre site WordPress sans effort.","application_category":[],"applications_title":"","applications_request_title":"","applications_request_button_text":"","hero_text":"","hero_video":"","hero_video_schema_markup":"","selling_points_title":"","selling_points_caption":"","selling_points":[],"selling_points_cta_text":"","features_title":"","features":"","ed_cta_examples_text":"","ed_cta_examples_hidden":"","ed_cta_demo_text":"","ed_cta_demo_hidden":"","why_caption":"","why_editor_title":"","why_editor_text":"","why_team_title":"","why_team_text":"","why_service_title":"","why_service_text":"","template_catalog_visible":"","template_catalog_title":"","template_catalog_text":"","template_catalog_categories_visible":"","demo_title":"Cr\u00e9ez votre plugin Lecteur Audio","demo_caption":"Configurez votre lecteur audio et ajoutez-le gratuitement \u00e0 votre site WordPress !","default_faq_hidden":"","app_template_category":[],"platform":"18","template_public_id":"","codecanyon_url":"","codecanyon_item_id":"","codecanyon_price":"","pricing_caption":"","pricing_elfsight_apps_hide_column":"","pricing_elfsight_apps_url":"","pricing_codecanyon_price_caption":"","integration_category":[],"integration_request_title":"","integration_request_cta":"","integration_platform":"","integrations":[],"platform_category":[],"video_schema_markup":"","price":"\u00c0 partir de 0$ par mois","trial":"","benefits":[{"text":"Installation gratuite"},{"text":"Support Premium"},{"text":"Garantie de remboursement de 14 jours"},{"text":"L'am\u00e9lioration continue"}],"button_url":"#demo","button_target_blank":"0","button_nofollow":"0","attributes":[{"name":"Nombre d'installations","content":"1,000 - 5,000","_state":"expanded"},{"name":"Adaptif","content":"Oui","_state":"expanded"},{"name":"Navigateurs compatibles","content":"Firefox, Safari, Opera, Chrome, Edge","_state":"expanded"}],"tags":[],"tags_disable_links":"0","hide_more_platforms":"","video_object":"","demo_hide_cta":"0","demo_hide_cloud_options":"0","pricing_title":"","pricing":[{"pricing_icon":"platform","pricing_title":"Applications d'Elfsight","pricing_title_caption":"Solution num\u00e9rique multiplateforme qui fonctionne sur n'importe quel site","pricing_price":"\u00c0 partir de $0\/mois","pricing_price_caption":"Commencez avec un plan gratuit","pricing_benefits":[{"text":"Sites Web illimit\u00e9s"},{"text":"\u00c9quipe d'assistance professionnelle"},{"text":"Service d'installation gratuit"},{"text":"100% personnalisable"}],"pricing_button_text":"Ajouter au site Web","pricing_button_url":"https:\/\/apps.elfsight.com\/sign-up\/","pricing_button_nofollow":"1","_state":"expanded"}],"related_apps_title":"","related_apps_hidden":"1","author":"","image":[],"title":"","job":"","social_networks":[]},"_links":{"self":[{"href":"https:\/\/elfsight.com\/fr\/wp-json\/wp\/v2\/pages\/4018","targetHints":{"allow":["GET"]}}],"collection":[{"href":"https:\/\/elfsight.com\/fr\/wp-json\/wp\/v2\/pages"}],"about":[{"href":"https:\/\/elfsight.com\/fr\/wp-json\/wp\/v2\/types\/page"}],"author":[{"embeddable":true,"href":"https:\/\/elfsight.com\/fr\/wp-json\/wp\/v2\/users\/17"}],"replies":[{"embeddable":true,"href":"https:\/\/elfsight.com\/fr\/wp-json\/wp\/v2\/comments?post=4018"}],"version-history":[{"count":2,"href":"https:\/\/elfsight.com\/fr\/wp-json\/wp\/v2\/pages\/4018\/revisions"}],"predecessor-version":[{"id":15124,"href":"https:\/\/elfsight.com\/fr\/wp-json\/wp\/v2\/pages\/4018\/revisions\/15124"}],"up":[{"embeddable":true,"href":"https:\/\/elfsight.com\/fr\/wp-json\/wp\/v2\/pages\/2277"}],"wp:attachment":[{"href":"https:\/\/elfsight.com\/fr\/wp-json\/wp\/v2\/media?parent=4018"}],"curies":[{"name":"wp","href":"https:\/\/api.w.org\/{rel}","templated":true}]}}