{"id":4016,"date":"2021-11-26T13:34:39","date_gmt":"2021-11-26T13:34:39","guid":{"rendered":"https:\/\/elfsight.com\/fr\/?page_id=4016"},"modified":"2025-07-09T09:54:59","modified_gmt":"2025-07-09T09:54:59","slug":"wordpress","status":"publish","type":"page","link":"https:\/\/elfsight.com\/fr\/apple-app-store-reviews-widget\/wordpress\/","title":{"rendered":"Apple App Store Reviews &#8211; WordPress"},"content":{"rendered":"<div class=\"application-platform-content-item-description application-platform-content-item\" id=\"description\" data-nav-section=\"description\"><h2>Int\u00e9grer les avis de l&rsquo;Apple App Store sur WordPress avec le widget Elfsight<\/h2> <p>Elfsight Apple App Store Reviews est un widget pratique utilis\u00e9 pour pr\u00e9sentez les avis sur votre entreprise directement sur votre site. Gr\u00e2ce \u00e0 ce widget, vous parviendrez \u00e0 utiliser des filtres pour masquer les avis ind\u00e9sirables, \u00e0 d\u00e9montrer votre note en \u00e9toiles et en chiffres, \u00e0 ajouter des donn\u00e9es sur les auteurs des avis et \u00e0 ajouter un CTA qui est l\u00e0 pour motiver les utilisateurs \u00e0 publier leur commentaire. Elfsight Apple Reviews vous aidera \u00e0 vanter votre preuve sociale \u00e9lev\u00e9e sur votre site et \u00e0 attirer de nouvelles ventes. <\/p><p><b>D\u00e9veloppez les ventes en d\u00e9montrant des notes remarquables et l&rsquo;appr\u00e9ciation des clients<\/b><\/p><\/div> <div class=\"application-platform-content-item-features application-platform-content-item\" id=\"features\" data-nav-section=\"features\"><h2>Principales fonctionnalit\u00e9s des avis sur l&rsquo;App Store d&rsquo;Apple widget<\/h2> <p>Voici une liste de toutes les fonctionnalit\u00e9s du produit. Vous pouvez les g\u00e9rer directement dans l&rsquo;\u00e9diteur et ils vous aideront \u00e0 construire le widget le plus adapt\u00e9 \u00e0 vos besoins. <\/p> <ul> <li>Choisir la vitesse de glissement et la vitesse de lecture automatique\u00a0; <\/li> <li>Une option pour s\u00e9lectionner le type de pagination dans la disposition Slider\u00a0; <\/li> <li>Largeur et hauteur r\u00e9actives du widget\u00a0; <\/li> <li>En-t\u00eate commutable de l&rsquo;outil\u00a0; <\/li> <\/ul> <p><a href=\"#demo\">V\u00e9rifiez le fonctionnement de toutes les fonctionnalit\u00e9s, dans notre d\u00e9mo<\/a><\/p> <\/div> <div class=\"application-platform-content-item-installation application-platform-content-item\" id=\"installation\" data-nav-section=\"installation\"> <h2>Comment puis-je ajouter des avis Apple Store sur WordPress\u00a0? <\/h2> <p>Pour int\u00e9grer le widget, suivez les instructions ci-dessous. <\/p> <ol><li><b>Lancez notre configurateur gratuit et commencez \u00e0 travailler avec votre plugin unique. <\/b><br> D\u00e9terminez l&rsquo;interface et les fonctionnalit\u00e9s pr\u00e9f\u00e9rables du plugin et appliquez toutes les modifications. <\/li> <li><b>Copiez votre code personnel apparaissant dans la case sur Elfsight Apps. <\/b><br> Juste apr\u00e8s la configuration de votre plugin personnel, copiez votre code dans la bo\u00eete qui appara\u00eet et conservez-le pour une occasion future. <\/li> <li><b>Initiez l&rsquo;utilisation du plugin sur votre page Web WordPress. <\/b><br> Int\u00e9grez le code que vous avez copi\u00e9 r\u00e9cemment dans votre site Web et enregistrez les modifications. <\/li> <li><b>Fait\u00a0! L&rsquo;int\u00e9gration est effectu\u00e9e avec succ\u00e8s. <\/b><br> Visitez votre site Web pour v\u00e9rifier le travail du plugin. <\/li><\/ol><p>N&rsquo;h\u00e9sitez pas \u00e0 contacter notre service client si vous avez besoin d&rsquo;aide ou si vous avez des questions. Nos sp\u00e9cialistes se feront un plaisir de r\u00e9pondre \u00e0 chaque demande. <\/p> <div class=\"faq\" data-component=\"FAQ\"><div class=\"faq-item\">\r\n\t\t\t\t\t<div class=\"faq-item-question\">\r\n\t\t\t\t\t\t<h3 class=\"faq-item-question-text\">Comment puis-je int\u00e9grer le plug-in Apple App Store Reviews dans mon site Web WordPress sur Webflow sans comp\u00e9tences en codage ?<\/h3>\r\n\r\n\t\t\t\t\t\t<div class=\"faq-item-question-icon\"><\/div>\r\n\t\t\t\t\t<\/div>\r\n\r\n\t\t\t\t\t<div class=\"faq-item-answer\">\r\n\t\t\t\t\t\t<div class=\"faq-item-answer-text\"><p>Elfsight fournit une solution bas\u00e9e sur le cloud qui permet aux utilisateurs de cr\u00e9er un compte Apple. Plugin d\u2019avis sur l\u2019App Store lui-m\u00eame. Observez \u00e0 quel point le processus est simple\u00a0:<\/p><ul><li>Acc\u00e9dez \u00e0 l&rsquo;\u00e9diteur en ligne pour g\u00e9n\u00e9rer une section du plug-in Apple App Store Reviews que vous souhaitez int\u00e9grer \u00e0 votre site Web WordPress sur Webflow.<\/li><li> S\u00e9lectionnez l&rsquo;un de nos mod\u00e8les pr\u00e9d\u00e9finis et personnalisez les param\u00e8tres du plug-in Apple App Store Reviews, modifiez la mise en page et la palette de couleurs, incluez votre contenu sans avoir besoin de codage.<\/li><li>Enregistrez les param\u00e8tres que vous avez configur\u00e9s pour le Apple App Store Reviews Plugin et obtenez le code pour int\u00e9grer le plugin, qui peut \u00eatre ajout\u00e9 sans effort et gratuitement \u00e0 votre site Web WordPress sur Webflow.<\/li><\/ul><p>En travaillant dans l&rsquo;\u00e9diteur convivial, tout L&rsquo;internaute peut cr\u00e9er une section Apple App Store Reviews Plugin et l&rsquo;int\u00e9grer dans son site Web WordPress sur Webflow. Il n&rsquo;y a aucune exigence de paiement ou de divulgation des informations de votre carte pour acc\u00e9der \u00e0 l&rsquo;\u00e9diteur Elfsight. Si vous rencontrez des difficult\u00e9s \u00e0 un moment donn\u00e9, n&rsquo;h\u00e9sitez pas \u00e0 contacter notre service client.<\/p><\/div>\r\n\t\t\t\t\t<\/div>\r\n\t\t\t\t<\/div><\/div><\/div>","protected":false},"excerpt":{"rendered":"","protected":false},"author":17,"featured_media":0,"parent":2153,"menu_order":0,"comment_status":"closed","ping_status":"closed","template":"templates\/template-application-platform.php","meta":{"publish_to_discourse":"","publish_post_category":"","wpdc_auto_publish_overridden":"","wpdc_topic_tags":"","wpdc_pin_topic":"","wpdc_pin_until":"","discourse_post_id":"","discourse_permalink":"","wpdc_publishing_response":"","wpdc_publishing_error":"","footnotes":""},"class_list":["post-4016","page","type-page","status-publish","hentry"],"yoast_head":"<!-- This site is optimized with the Yoast SEO plugin v25.3.1 - https:\/\/yoast.com\/wordpress\/plugins\/seo\/ -->\n<title>Avis Apple App Store - ajoutez plugin Avis Client Apple App Store sur Wordpress<\/title>\n<meta name=\"description\" content=\"Int\u00e9grez un Avis Apple App Store attractif sur votre site. Appliquez la d\u00e9mo d&#039;Elfsight et g\u00e9n\u00e9rez votre plugin en 2 minutes.\" \/>\n<meta name=\"robots\" content=\"index, follow, max-snippet:-1, max-image-preview:large, max-video-preview:-1\" \/>\n<link rel=\"canonical\" href=\"https:\/\/elfsight.com\/fr\/apple-app-store-reviews-widget\/wordpress\/\" \/>\n<meta property=\"og:locale\" content=\"fr_FR\" \/>\n<meta property=\"og:type\" content=\"article\" \/>\n<meta property=\"og:title\" content=\"Avis Apple App Store - ajoutez plugin Avis Client Apple App Store sur Wordpress\" \/>\n<meta property=\"og:description\" content=\"Int\u00e9grez un Avis Apple App Store attractif sur votre site. Appliquez la d\u00e9mo d&#039;Elfsight et g\u00e9n\u00e9rez votre plugin en 2 minutes.\" \/>\n<meta property=\"og:url\" content=\"https:\/\/elfsight.com\/fr\/apple-app-store-reviews-widget\/wordpress\/\" \/>\n<meta property=\"og:site_name\" content=\"Elfsight FR\" \/>\n<meta property=\"article:modified_time\" content=\"2025-07-09T09:54:59+00:00\" \/>\n<meta name=\"twitter:card\" content=\"summary_large_image\" \/>\n<meta name=\"twitter:label1\" content=\"Dur\u00e9e de lecture estim\u00e9e\" \/>\n\t<meta name=\"twitter:data1\" content=\"2 minutes\" \/>\n<!-- \/ Yoast SEO plugin. -->","yoast_head_json":{"title":"Avis Apple App Store - ajoutez plugin Avis Client Apple App Store sur Wordpress","description":"Int\u00e9grez un Avis Apple App Store attractif sur votre site. Appliquez la d\u00e9mo d'Elfsight et g\u00e9n\u00e9rez votre plugin en 2 minutes.","robots":{"index":"index","follow":"follow","max-snippet":"max-snippet:-1","max-image-preview":"max-image-preview:large","max-video-preview":"max-video-preview:-1"},"canonical":"https:\/\/elfsight.com\/fr\/apple-app-store-reviews-widget\/wordpress\/","og_locale":"fr_FR","og_type":"article","og_title":"Avis Apple App Store - ajoutez plugin Avis Client Apple App Store sur Wordpress","og_description":"Int\u00e9grez un Avis Apple App Store attractif sur votre site. Appliquez la d\u00e9mo d'Elfsight et g\u00e9n\u00e9rez votre plugin en 2 minutes.","og_url":"https:\/\/elfsight.com\/fr\/apple-app-store-reviews-widget\/wordpress\/","og_site_name":"Elfsight FR","article_modified_time":"2025-07-09T09:54:59+00:00","twitter_card":"summary_large_image","twitter_misc":{"Dur\u00e9e de lecture estim\u00e9e":"2 minutes"},"schema":{"@context":"https:\/\/schema.org","@graph":[{"@type":"WebPage","@id":"https:\/\/elfsight.com\/fr\/apple-app-store-reviews-widget\/wordpress\/","url":"https:\/\/elfsight.com\/fr\/apple-app-store-reviews-widget\/wordpress\/","name":"Avis Apple App Store - ajoutez plugin Avis Client Apple App Store sur Wordpress","isPartOf":{"@id":"https:\/\/elfsight.com\/fr\/#website"},"datePublished":"2021-11-26T13:34:39+00:00","dateModified":"2025-07-09T09:54:59+00:00","description":"Int\u00e9grez un Avis Apple App Store attractif sur votre site. Appliquez la d\u00e9mo d'Elfsight et g\u00e9n\u00e9rez votre plugin en 2 minutes.","breadcrumb":{"@id":"https:\/\/elfsight.com\/fr\/apple-app-store-reviews-widget\/wordpress\/#breadcrumb"},"inLanguage":"fr-FR","potentialAction":[{"@type":"ReadAction","target":["https:\/\/elfsight.com\/fr\/apple-app-store-reviews-widget\/wordpress\/"]}]},{"@type":"BreadcrumbList","@id":"https:\/\/elfsight.com\/fr\/apple-app-store-reviews-widget\/wordpress\/#breadcrumb","itemListElement":[{"@type":"ListItem","position":1,"name":"Home","item":"https:\/\/elfsight.com\/fr\/"},{"@type":"ListItem","position":2,"name":"Apple App Store Reviews","item":"https:\/\/elfsight.com\/fr\/apple-app-store-reviews-widget\/"},{"@type":"ListItem","position":3,"name":"Apple App Store Reviews &#8211; WordPress"}]},{"@type":"WebSite","@id":"https:\/\/elfsight.com\/fr\/#website","url":"https:\/\/elfsight.com\/fr\/","name":"Elfsight FR","description":"","potentialAction":[{"@type":"SearchAction","target":{"@type":"EntryPoint","urlTemplate":"https:\/\/elfsight.com\/fr\/?s={search_term_string}"},"query-input":{"@type":"PropertyValueSpecification","valueRequired":true,"valueName":"search_term_string"}}],"inLanguage":"fr-FR"}]}},"meta_box":{"industry":"","seo_heading":"","heading":"","description":"","cta_heading":"","cta_description":"","application":"2152","h1":"Plugin Avis Apple App Store pour Wordpress","h1_caption":"Int\u00e9grez les avis de votre plugin Apple Plugin Store pour renforcer votre cr\u00e9dibilit\u00e9 et encourager davantage de t\u00e9l\u00e9chargements sur votre site Web WordPress sans effort.","application_category":[],"applications_title":"","applications_request_title":"","applications_request_button_text":"","hero_text":"","hero_video":"","hero_video_schema_markup":"","selling_points_title":"","selling_points_caption":"","selling_points":[],"selling_points_cta_text":"","features_title":"","features":"","ed_cta_examples_text":"","ed_cta_examples_hidden":"","ed_cta_demo_text":"","ed_cta_demo_hidden":"","why_caption":"","why_editor_title":"","why_editor_text":"","why_team_title":"","why_team_text":"","why_service_title":"","why_service_text":"","template_catalog_visible":"","template_catalog_title":"","template_catalog_text":"","template_catalog_categories_visible":"","demo_title":"Cr\u00e9ez votre plugin Apple App Store Reviews","demo_caption":"Configurez vos avis Apple App Store et ajoutez-le \u00e0 votre site WordPress gratuitement !","default_faq_hidden":"","app_template_category":[],"platform":"18","template_public_id":"","codecanyon_url":"","codecanyon_item_id":"","codecanyon_price":"","pricing_caption":"","pricing_elfsight_apps_hide_column":"","pricing_elfsight_apps_url":"","pricing_codecanyon_price_caption":"","integration_category":[],"integration_request_title":"","integration_request_cta":"","integration_platform":"","integrations":[],"platform_category":[],"video_schema_markup":"","price":"\u00c0 partir de 0$ par mois","trial":"","benefits":[{"text":"Installation gratuite"},{"text":"Support Premium"},{"text":"Garantie de remboursement de 14 jours"},{"text":"L'am\u00e9lioration continue"}],"button_url":"#demo","button_target_blank":"0","button_nofollow":"0","attributes":[{"name":"Nombre d'installations","content":"1,000 - 5,000","_state":"expanded"},{"name":"Adaptif","content":"Oui","_state":"expanded"},{"name":"Navigateurs compatibles","content":"Firefox, Safari, Opera, Chrome, Edge","_state":"expanded"}],"tags":[],"tags_disable_links":"0","hide_more_platforms":"","video_object":"","demo_hide_cta":"0","demo_hide_cloud_options":"0","pricing_title":"","pricing":[{"pricing_icon":"platform","pricing_title":"Applications d'Elfsight","pricing_title_caption":"Solution num\u00e9rique multiplateforme qui fonctionne sur n'importe quel site","pricing_price":"\u00c0 partir de $0\/mois","pricing_price_caption":"Commencez avec un plan gratuit","pricing_benefits":[{"text":"Sites Web illimit\u00e9s"},{"text":"\u00c9quipe d'assistance professionnelle"},{"text":"Service d'installation gratuit"},{"text":"100% personnalisable"}],"pricing_button_text":"Ajouter au site Web","pricing_button_url":"https:\/\/apps.elfsight.com\/sign-up\/","pricing_button_nofollow":"1","_state":"expanded"}],"related_apps_title":"","related_apps_hidden":"1","author":"","image":[],"title":"","job":"","social_networks":[]},"_links":{"self":[{"href":"https:\/\/elfsight.com\/fr\/wp-json\/wp\/v2\/pages\/4016","targetHints":{"allow":["GET"]}}],"collection":[{"href":"https:\/\/elfsight.com\/fr\/wp-json\/wp\/v2\/pages"}],"about":[{"href":"https:\/\/elfsight.com\/fr\/wp-json\/wp\/v2\/types\/page"}],"author":[{"embeddable":true,"href":"https:\/\/elfsight.com\/fr\/wp-json\/wp\/v2\/users\/17"}],"replies":[{"embeddable":true,"href":"https:\/\/elfsight.com\/fr\/wp-json\/wp\/v2\/comments?post=4016"}],"version-history":[{"count":2,"href":"https:\/\/elfsight.com\/fr\/wp-json\/wp\/v2\/pages\/4016\/revisions"}],"predecessor-version":[{"id":14821,"href":"https:\/\/elfsight.com\/fr\/wp-json\/wp\/v2\/pages\/4016\/revisions\/14821"}],"up":[{"embeddable":true,"href":"https:\/\/elfsight.com\/fr\/wp-json\/wp\/v2\/pages\/2153"}],"wp:attachment":[{"href":"https:\/\/elfsight.com\/fr\/wp-json\/wp\/v2\/media?parent=4016"}],"curies":[{"name":"wp","href":"https:\/\/api.w.org\/{rel}","templated":true}]}}