{"id":4014,"date":"2021-11-26T13:33:22","date_gmt":"2021-11-26T13:33:22","guid":{"rendered":"https:\/\/elfsight.com\/fr\/?page_id=4014"},"modified":"2025-01-16T14:49:13","modified_gmt":"2025-01-16T14:49:13","slug":"wordpress","status":"publish","type":"page","link":"https:\/\/elfsight.com\/fr\/amazon-reviews-widget\/wordpress\/","title":{"rendered":"Amazon Reviews &#8211; WordPress"},"content":{"rendered":"\n<div class=\"application-platform-content-item-description application-platform-content-item\" id=\"description\" data-nav-section=\"description\"><h2>Int\u00e9grez les avis Amazon sur WordPress avec le widget Elfsight<\/h2><p>Le plugin Elfsight Amazon est la m\u00e9thode la plus pratique pour fa\u00e7onner la r\u00e9putation de votre marque en d\u00e9montrant l\u2019opinion de vrais clients sur votre production. R\u00e9v\u00e9lez uniquement les commentaires les meilleurs ou les plus significatifs et organisez-les comme vous le souhaitez. Rassemblez des preuves sociales en d\u00e9montrant aux visiteurs de votre site Web que vous avez de la cr\u00e9dibilit\u00e9.<\/p><p><b>Incitez les utilisateurs \u00e0 publier de nouveaux commentaires sur votre entreprise et am\u00e9liorez les conversations avec les clients\u00a0!<\/b><\/p><\/div><div class=\"application-platform-content-item-features application-platform-content-item\" id=\"features\" data-nav-section=\"features\"><h2>Principales fonctionnalit\u00e9s du widget Reviews from Amazon<\/h2><p>Pour avoir une perception plus claire du plugin, consultez la liste de ses fonctionnalit\u00e9s essentielles. Ils rendent le widget plus efficace pour votre promotion\u00a0:<\/p><ul><li>Trois filtres disponibles\u00a0: par type, exclusion par et nombre d&rsquo;avis \u00e0 afficher\u00a0;<\/li><li>4 mises en page pr\u00e9d\u00e9finies\u00a0: Liste, Grille, ma\u00e7onnerie et curseur\u00a0;<\/li><li>En-t\u00eate du widget enti\u00e8rement flexible\u00a0;<\/li><li>Le bouton pour demander un examen dirige les utilisateurs vers votre page Amazon\u00a0;<\/li><li>6\u00a0flexibles \u00e9l\u00e9ments de l&rsquo;interface\u00a0: nom et photo de l&rsquo;auteur, recommandation, date, ic\u00f4ne Amazon et note par \u00e9toiles\u00a0;<\/li><li>Deux sc\u00e9narios possibles apr\u00e8s le rejet d&rsquo;une demande d&rsquo;avis\u00a0: r\u00e9v\u00e9ler un message texte ou masquer le bouton\u00a0;<\/li><\/ul><p><a href=\"#demo\">D\u00e9couvrez toutes les fonctionnalit\u00e9s de notre d\u00e9mo en direct<\/a><\/p><\/div><div class=\"application-platform-content-item-installation application-platform-content-item\" id=\"installation\" data-nav-section=\"installation\"><h2>Comment ajouter Plugin Reviews from Amazon pour le site Web WordPress<\/h2><p>Ces plusieurs actions sont la seule chose dont vous avez besoin pour \u00e9tablir.<\/p><ol><li><b>Effectuez notre \u00e9diteur et commencez \u00e0 cr\u00e9er votre plugin Reviews from Amazon personnalis\u00e9. <\/b><br> Choisissez l&rsquo;apparence et les performances souhaitables du plugin et enregistrez toutes les modifications. <\/li> <li><b>Obtenez votre code unique qui est affich\u00e9 dans le formulaire sp\u00e9cial sur les applications Elfsight. <\/b><br> D\u00e8s que le param\u00e9trage de votre plugin personnel est termin\u00e9, copiez votre code dans la fen\u00eatre qui appara\u00eet et conservez-le pour une utilisation ult\u00e9rieure. <\/li> <li><b>Commencez \u00e0 utiliser le plugin sur le site WordPress. <\/b><br> Placez le code copi\u00e9 r\u00e9cemment dans votre site Web et appliquez les am\u00e9liorations. <\/li> <li><b>Vous avez termin\u00e9\u00a0! L&rsquo;int\u00e9gration est effectu\u00e9e avec succ\u00e8s. <\/b><br> Visitez votre site Web pour voir les performances du plugin. <\/li><\/ol><p>Vous n&rsquo;arrivez toujours pas \u00e0 vous d\u00e9cider\u00a0? Ou avez-vous des questions \u00e0 poser ? Envoyez simplement une demande \u00e0 notre service client et nous r\u00e9glerons tout probl\u00e8me.<\/p><\/div><div class=\"faq\" data-component=\"FAQ\"><div class=\"faq-item\">\r\n\t\t\t\t\t<div class=\"faq-item-question\">\r\n\t\t\t\t\t\t<h3 class=\"faq-item-question-text\">Comment puis-je int\u00e9grer les avis des clients Amazon sur mon site WordPress ?<\/h3>\r\n\r\n\t\t\t\t\t\t<div class=\"faq-item-question-icon\"><\/div>\r\n\t\t\t\t\t<\/div>\r\n\r\n\t\t\t\t\t<div class=\"faq-item-answer\">\r\n\t\t\t\t\t\t<div class=\"faq-item-answer-text\"><p>Formez simplement votre widget, puis modifiez son style et enregistrez vos modifications. Copiez le code du plugin que vous venez de cr\u00e9er et introduisez-le dans la mise en page que vous avez actuellement. <\/p><\/div>\r\n\t\t\t\t\t<\/div>\r\n\t\t\t\t<\/div><div class=\"faq-item\">\r\n\t\t\t\t\t<div class=\"faq-item-question\">\r\n\t\t\t\t\t\t<h3 class=\"faq-item-question-text\">De quelle mani\u00e8re puis-je obtenir les avis des clients Amazon sur les pages produits ?<\/h3>\r\n\r\n\t\t\t\t\t\t<div class=\"faq-item-question-icon\"><\/div>\r\n\t\t\t\t\t<\/div>\r\n\r\n\t\t\t\t\t<div class=\"faq-item-answer\">\r\n\t\t\t\t\t\t<div class=\"faq-item-answer-text\"><p>Tout ce que vous avez \u00e0 faire est d&rsquo;utiliser le bouton CTA. En appuyant sur le bouton, le public du site Web aura un acc\u00e8s direct \u00e0 votre profil. <\/p><\/div>\r\n\t\t\t\t\t<\/div>\r\n\t\t\t\t<\/div><div class=\"faq-item\">\r\n\t\t\t\t\t<div class=\"faq-item-question\">\r\n\t\t\t\t\t\t<h3 class=\"faq-item-question-text\">De quelle mani\u00e8re puis-je cr\u00e9er une extension de notation Amazon\/un mod\u00e8le de badge ?<\/h3>\r\n\r\n\t\t\t\t\t\t<div class=\"faq-item-question-icon\"><\/div>\r\n\t\t\t\t\t<\/div>\r\n\r\n\t\t\t\t\t<div class=\"faq-item-answer\">\r\n\t\t\t\t\t\t<div class=\"faq-item-answer-text\"><p>Voir toutes les \u00e9tapes de la ligne directrice simple ci-dessous\u00a0: <\/p><ol><li>Lancez l&rsquo;\u00e9diteur Elfsight et commencez \u00e0 fa\u00e7onner votre plugin personnalis\u00e9. <\/li> <li>Personnalisez les fonctionnalit\u00e9s du widget et cliquez pour enregistrer les modifications n\u00e9cessaires. <\/li><li>Acqu\u00e9rez votre code unique affich\u00e9 dans la fen\u00eatre. <\/li> <li>Impl\u00e9mentez le code du plugin sur votre page et appuyez sur le bouton \u00ab\u00a0Enregistrer\u00a0\u00bb. <\/li><li> Vous avez int\u00e9gr\u00e9 un nouveau plugin sur votre site Web. <\/li><\/div>\r\n\t\t\t\t\t<\/div>\r\n\t\t\t\t<\/div><\/div><\/ol>\n","protected":false},"excerpt":{"rendered":"","protected":false},"author":17,"featured_media":0,"parent":1774,"menu_order":0,"comment_status":"closed","ping_status":"closed","template":"templates\/template-application-platform.php","meta":{"publish_to_discourse":"","publish_post_category":"","wpdc_auto_publish_overridden":"","wpdc_topic_tags":"","wpdc_pin_topic":"","wpdc_pin_until":"","discourse_post_id":"","discourse_permalink":"","wpdc_publishing_response":"","wpdc_publishing_error":"","footnotes":""},"class_list":["post-4014","page","type-page","status-publish","hentry"],"yoast_head":"<!-- This site is optimized with the Yoast SEO plugin v25.3.1 - https:\/\/yoast.com\/wordpress\/plugins\/seo\/ -->\n<title>Avis Amazon - ajoutez plugin Avis Client Amazon sur Wordpress<\/title>\n<meta name=\"description\" content=\"Int\u00e9grez des Avis Amazon avantageux sur votre site. Appliquez la d\u00e9mo d&#039;Elfsight et g\u00e9n\u00e9rez votre plugin en deux minutes.\" \/>\n<meta name=\"robots\" content=\"index, follow, max-snippet:-1, max-image-preview:large, max-video-preview:-1\" \/>\n<link rel=\"canonical\" href=\"https:\/\/elfsight.com\/fr\/amazon-reviews-widget\/wordpress\/\" \/>\n<meta property=\"og:locale\" content=\"fr_FR\" \/>\n<meta property=\"og:type\" content=\"article\" \/>\n<meta property=\"og:title\" content=\"Avis Amazon - ajoutez plugin Avis Client Amazon sur Wordpress\" \/>\n<meta property=\"og:description\" content=\"Int\u00e9grez des Avis Amazon avantageux sur votre site. Appliquez la d\u00e9mo d&#039;Elfsight et g\u00e9n\u00e9rez votre plugin en deux minutes.\" \/>\n<meta property=\"og:url\" content=\"https:\/\/elfsight.com\/fr\/amazon-reviews-widget\/wordpress\/\" \/>\n<meta property=\"og:site_name\" content=\"Elfsight FR\" \/>\n<meta property=\"article:modified_time\" content=\"2025-01-16T14:49:13+00:00\" \/>\n<meta name=\"twitter:card\" content=\"summary_large_image\" \/>\n<meta name=\"twitter:label1\" content=\"Dur\u00e9e de lecture estim\u00e9e\" \/>\n\t<meta name=\"twitter:data1\" content=\"3 minutes\" \/>\n<!-- \/ Yoast SEO plugin. -->","yoast_head_json":{"title":"Avis Amazon - ajoutez plugin Avis Client Amazon sur Wordpress","description":"Int\u00e9grez des Avis Amazon avantageux sur votre site. Appliquez la d\u00e9mo d'Elfsight et g\u00e9n\u00e9rez votre plugin en deux minutes.","robots":{"index":"index","follow":"follow","max-snippet":"max-snippet:-1","max-image-preview":"max-image-preview:large","max-video-preview":"max-video-preview:-1"},"canonical":"https:\/\/elfsight.com\/fr\/amazon-reviews-widget\/wordpress\/","og_locale":"fr_FR","og_type":"article","og_title":"Avis Amazon - ajoutez plugin Avis Client Amazon sur Wordpress","og_description":"Int\u00e9grez des Avis Amazon avantageux sur votre site. Appliquez la d\u00e9mo d'Elfsight et g\u00e9n\u00e9rez votre plugin en deux minutes.","og_url":"https:\/\/elfsight.com\/fr\/amazon-reviews-widget\/wordpress\/","og_site_name":"Elfsight FR","article_modified_time":"2025-01-16T14:49:13+00:00","twitter_card":"summary_large_image","twitter_misc":{"Dur\u00e9e de lecture estim\u00e9e":"3 minutes"},"schema":{"@context":"https:\/\/schema.org","@graph":[{"@type":"WebPage","@id":"https:\/\/elfsight.com\/fr\/amazon-reviews-widget\/wordpress\/","url":"https:\/\/elfsight.com\/fr\/amazon-reviews-widget\/wordpress\/","name":"Avis Amazon - ajoutez plugin Avis Client Amazon sur Wordpress","isPartOf":{"@id":"https:\/\/elfsight.com\/fr\/#website"},"datePublished":"2021-11-26T13:33:22+00:00","dateModified":"2025-01-16T14:49:13+00:00","description":"Int\u00e9grez des Avis Amazon avantageux sur votre site. Appliquez la d\u00e9mo d'Elfsight et g\u00e9n\u00e9rez votre plugin en deux minutes.","breadcrumb":{"@id":"https:\/\/elfsight.com\/fr\/amazon-reviews-widget\/wordpress\/#breadcrumb"},"inLanguage":"fr-FR","potentialAction":[{"@type":"ReadAction","target":["https:\/\/elfsight.com\/fr\/amazon-reviews-widget\/wordpress\/"]}]},{"@type":"BreadcrumbList","@id":"https:\/\/elfsight.com\/fr\/amazon-reviews-widget\/wordpress\/#breadcrumb","itemListElement":[{"@type":"ListItem","position":1,"name":"Home","item":"https:\/\/elfsight.com\/fr\/"},{"@type":"ListItem","position":2,"name":"Amazon Reviews","item":"https:\/\/elfsight.com\/fr\/amazon-reviews-widget\/"},{"@type":"ListItem","position":3,"name":"Amazon Reviews &#8211; WordPress"}]},{"@type":"WebSite","@id":"https:\/\/elfsight.com\/fr\/#website","url":"https:\/\/elfsight.com\/fr\/","name":"Elfsight FR","description":"","potentialAction":[{"@type":"SearchAction","target":{"@type":"EntryPoint","urlTemplate":"https:\/\/elfsight.com\/fr\/?s={search_term_string}"},"query-input":{"@type":"PropertyValueSpecification","valueRequired":true,"valueName":"search_term_string"}}],"inLanguage":"fr-FR"}]}},"meta_box":{"industry":"","seo_heading":"","heading":"","description":"","cta_heading":"","cta_description":"","application":"1762","h1":"Plugin Avis Amazon pour Wordpress","h1_caption":"Affichez les avis sur les produits d'Amazon pour fournir une preuve sociale suppl\u00e9mentaire aux visiteurs de votre site Web sur votre site WordPress sans effort.","application_category":[],"applications_title":"","applications_request_title":"","applications_request_button_text":"","hero_text":"","hero_video":"","hero_video_schema_markup":"","selling_points_title":"","selling_points_caption":"","selling_points":[],"selling_points_cta_text":"","features_title":"","features":"","ed_cta_examples_text":"","ed_cta_examples_hidden":"","ed_cta_demo_text":"","ed_cta_demo_hidden":"","why_caption":"","why_editor_title":"","why_editor_text":"","why_team_title":"","why_team_text":"","why_service_title":"","why_service_text":"","template_catalog_visible":"0","template_catalog_title":"","template_catalog_text":"","template_catalog_categories_visible":"","demo_title":"Cr\u00e9ez votre plugin Reviews from Amazon","demo_caption":"Configurez vos avis Amazon et ajoutez-les gratuitement \u00e0 votre site WordPress !","default_faq_hidden":"","app_template_category":[],"platform":"18","template_public_id":"","codecanyon_url":"","codecanyon_item_id":"","codecanyon_price":"","pricing_caption":"","pricing_elfsight_apps_hide_column":"","pricing_elfsight_apps_url":"","pricing_codecanyon_price_caption":"","integration_category":[],"integration_request_title":"","integration_request_cta":"","integration_platform":"","integrations":[],"platform_category":[],"video_schema_markup":"","price":"\u00c0 partir de 0$ par mois","trial":"","benefits":[{"text":"Installation gratuite"},{"text":"Support Premium"},{"text":"Garantie de remboursement de 14 jours"},{"text":"L'am\u00e9lioration continue"}],"button_url":"#demo","button_target_blank":"0","button_nofollow":"0","attributes":[{"name":"Nombre d'installations","content":"1,000 - 5,000","_state":"expanded"},{"name":"Adaptif","content":"Oui","_state":"expanded"},{"name":"Navigateurs compatibles","content":"Firefox, Safari, Opera, Chrome, Edge","_state":"expanded"}],"tags":[],"tags_disable_links":"0","hide_more_platforms":"","video_object":"","demo_hide_cta":"0","demo_hide_cloud_options":"0","pricing_title":"","pricing":[{"pricing_icon":"platform","pricing_title":"Applications d'Elfsight","pricing_title_caption":"Solution num\u00e9rique multiplateforme qui fonctionne sur n'importe quel site","pricing_price":"\u00c0 partir de $0\/mois","pricing_price_caption":"Commencez avec un plan gratuit","pricing_benefits":[{"text":"Sites Web illimit\u00e9s"},{"text":"\u00c9quipe d'assistance professionnelle"},{"text":"Service d'installation gratuit"},{"text":"100% personnalisable"}],"pricing_button_text":"Ajouter au site Web","pricing_button_url":"https:\/\/apps.elfsight.com\/sign-up\/","pricing_button_nofollow":"1","_state":"expanded"}],"related_apps_title":"","related_apps_hidden":"1","author":"","image":[],"title":"","job":"","social_networks":[]},"_links":{"self":[{"href":"https:\/\/elfsight.com\/fr\/wp-json\/wp\/v2\/pages\/4014","targetHints":{"allow":["GET"]}}],"collection":[{"href":"https:\/\/elfsight.com\/fr\/wp-json\/wp\/v2\/pages"}],"about":[{"href":"https:\/\/elfsight.com\/fr\/wp-json\/wp\/v2\/types\/page"}],"author":[{"embeddable":true,"href":"https:\/\/elfsight.com\/fr\/wp-json\/wp\/v2\/users\/17"}],"replies":[{"embeddable":true,"href":"https:\/\/elfsight.com\/fr\/wp-json\/wp\/v2\/comments?post=4014"}],"version-history":[{"count":4,"href":"https:\/\/elfsight.com\/fr\/wp-json\/wp\/v2\/pages\/4014\/revisions"}],"predecessor-version":[{"id":16213,"href":"https:\/\/elfsight.com\/fr\/wp-json\/wp\/v2\/pages\/4014\/revisions\/16213"}],"up":[{"embeddable":true,"href":"https:\/\/elfsight.com\/fr\/wp-json\/wp\/v2\/pages\/1774"}],"wp:attachment":[{"href":"https:\/\/elfsight.com\/fr\/wp-json\/wp\/v2\/media?parent=4014"}],"curies":[{"name":"wp","href":"https:\/\/api.w.org\/{rel}","templated":true}]}}