{"id":4012,"date":"2021-11-26T13:32:35","date_gmt":"2021-11-26T13:32:35","guid":{"rendered":"https:\/\/elfsight.com\/fr\/?page_id=4012"},"modified":"2025-07-09T09:38:06","modified_gmt":"2025-07-09T09:38:06","slug":"wordpress","status":"publish","type":"page","link":"https:\/\/elfsight.com\/fr\/all-in-one-chat-widget\/wordpress\/","title":{"rendered":"All-in-One Chat &#8211; WordPress"},"content":{"rendered":"<div class=\"application-platform-content-item-description application-platform-content-item\" id=\"description\" data-nav-section=\"description\"> <h2>Int\u00e9grez le chat tout-en-un sur WordPress avec le widget Elfsight<\/h2> <p>Meilleur chat en direct tout-en-un par Elfsight est l&rsquo;une des possibilit\u00e9s les plus pratiques permettant aux utilisateurs de vous contacter et d&rsquo;obtenir de l&rsquo;aide de votre part. Vous pourrez rester disponible en direct dans tous les messagers les plus pr\u00e9f\u00e9r\u00e9s. Int\u00e9grez le plugin sur votre site et configurez-le pour qu&rsquo;il apparaisse sur des pages particuli\u00e8res ou pour des groupes distincts de visiteurs, choisissez les d\u00e9clencheurs de lancement de chat, d\u00e9finissez votre texte de bienvenue, choisissez des ic\u00f4nes et d&rsquo;autres fonctionnalit\u00e9s. En utilisant le plugin op\u00e9rationnel, vous serez en contact avec les visiteurs \u00e0 tout moment et de n&rsquo;importe o\u00f9. <\/p> <p><b>Tous les messagers les plus importants comme Telegram, Facebook, Viber, WhatsApp et bien d&rsquo;autres en un pour une interaction maximale, suffisante et pratique avec votre public\u00a0!<\/b><\/p> <p><b>Centralisez vos demandes clients<\/b><br>En combinant tous les canaux de messagerie connus dans le plugin Chat Box, vous serez en mesure de traiter de nombreuses t\u00e2ches en un seul endroit, augmentant ainsi la satisfaction client.<\/p><p><b>Outil profond\u00e9ment personnalisable<\/b><br>Discord, Line, Viber, Telegram, WhatsApp, Facebook Messenger, &#8211; vous pouvez les utiliser tous ensemble, ou choisir ceux qui correspondent \u00e0 vos besoins, en adaptant leurs couleurs , la taille et bien plus encore.<\/p><p><b>Entretenez une conversation en temps r\u00e9el<\/b><br>En int\u00e9grant le widget de chat en direct sur les pages de votre site Web, vous conna\u00eetrez mieux votre public en lui fournissant le service de haute qualit\u00e9 et offrant des services plus cibl\u00e9s.<\/p><\/div> <div class=\"application-platform-content-item-features application-platform-content-item\" id=\"features\" data-nav-section=\"features\"> <h2>Voici seulement quelques-unes des riches fonctionnalit\u00e9s du widget\u00a0: <\/h2> <ul><li>Int\u00e9grer Plugin de messagerie tout-en-un Live Chat sur votre page pour discuter avec les visiteurs. <\/li><li>3 types de position de discussion\u00a0: bulle flottante, bulle int\u00e9gr\u00e9e et fen\u00eatre de discussion int\u00e9gr\u00e9e. <\/li><li>Une collection d&rsquo;ic\u00f4nes de bulles \u00e0 choisir. <\/li><li>Titre de discussion flexible avec logo, nom et sous-titre de la page<\/li><li>Choisir l&rsquo;image de la page par d\u00e9faut, \u00e0 partir de notre biblioth\u00e8que ou t\u00e9l\u00e9charger votre propre image. <\/li><\/ul><p><a href=\"#demo\">Essayez simplement cette d\u00e9mo pour voir comment elle fonctionne<\/a><\/p><div class=\"faq\" data-component=\"FAQ\"><div class=\"faq-item\">\r\n\t\t\t\t\t<div class=\"faq-item-question\">\r\n\t\t\t\t\t\t<h3 class=\"faq-item-question-text\">Comment ajouter le Bo\u00eete de discussion tout-en-un vers une page WordPress ?<\/h3>\r\n\r\n\t\t\t\t\t\t<div class=\"faq-item-question-icon\"><\/div>\r\n\t\t\t\t\t<\/div>\r\n\r\n\t\t\t\t\t<div class=\"faq-item-answer\">\r\n\t\t\t\t\t\t<div class=\"faq-item-answer-text\"><p>L&rsquo;installation prend environ quelques secondes. De plus, vous n\u2019avez pas besoin d\u2019avoir des connaissances en programmation web. <\/p><ol><li>Modifiez le widget pour WordPress dans le configurateur gratuit et voyez les modifications en direct. <\/li> <li>Obtenez votre code d&rsquo;installation personnel. <\/li> <li>Entrez le code \u00e0 l&rsquo;endroit n\u00e9cessaire dans le backend du site Web. <\/li> <li>Travail fantastique\u00a0! La configuration du plugin de chat sur WordPress est termin\u00e9e ! <\/li><\/ol><p>Vous rencontrez des probl\u00e8mes lors de la mise en place du plugin sur WordPress ou de la configuration du chat tout-en-un\u00a0? Vous pouvez d\u00e9couvrir le guide d\u00e9taill\u00e9 <a href=\"https:\/\/elfsight.com\/tutorials\/how-to-add-live-chat-to-website\/#how-to-add-live-chat-to-wordpress\">sur cette page<\/a>. <\/p><\/div>\r\n\t\t\t\t\t<\/div>\r\n\t\t\t\t<\/div><div class=\"faq-item\">\r\n\t\t\t\t\t<div class=\"faq-item-question\">\r\n\t\t\t\t\t\t<h3 class=\"faq-item-question-text\">Puis-je voir \u00e0 quoi ressemblera le widget sur mon site ?<\/h3>\r\n\r\n\t\t\t\t\t\t<div class=\"faq-item-question-icon\"><\/div>\r\n\t\t\t\t\t<\/div>\r\n\r\n\t\t\t\t\t<div class=\"faq-item-answer\">\r\n\t\t\t\t\t\t<div class=\"faq-item-answer-text\"><p>Certainement\u00a0! Lors de la production du plugin de chat WordPress dans l&rsquo;<a href=\"https:\/\/elfsight.com\/all-in-one-chat-widget\/#demo\">\u00e9diteur en ligne<\/a>, vous prendrez en compte toutes les modifications apport\u00e9es la droite. Votre bo\u00eete de discussion sera identique \u00e0 celle que vous aurez sur votre site WordPress. <\/p><\/div>\r\n\t\t\t\t\t<\/div>\r\n\t\t\t\t<\/div><div class=\"faq-item\">\r\n\t\t\t\t\t<div class=\"faq-item-question\">\r\n\t\t\t\t\t\t<h3 class=\"faq-item-question-text\">Quels autres widgets sont essentiels pour un site Web WordPress ?<\/h3>\r\n\r\n\t\t\t\t\t\t<div class=\"faq-item-question-icon\"><\/div>\r\n\t\t\t\t\t<\/div>\r\n\r\n\t\t\t\t\t<div class=\"faq-item-answer\">\r\n\t\t\t\t\t\t<div class=\"faq-item-answer-text\"><p>WordPress est une merveilleuse plateforme pour les d\u00e9butants et les d\u00e9veloppeurs Web professionnels. En outre, il convient parfaitement \u00e0 tout type de site Web\u00a0: des blogs aux \u00e9normes march\u00e9s.<\/p><p>Vous pouvez trouver de nombreux outils utiles pour les sites Web WordPress sur Elfsight\u00a0: <a href=\"https:\/\/elfsight.com \/whatsapp-chat-widget\/wordpress\/\">Le bouton WhatsApp Chat<\/a> facilitera la communication avec votre service client, avec <a href=\"https:\/\/elfsight.com\/facebook-chat-widget\/wordpress\/\"> Gr\u00e2ce au chat Facebook<\/a>, vous augmenterez vos ventes, les <a href=\"https:\/\/elfsight.com\/google-reviews-widget\/wordpress\/\">avis Google<\/a> prouveront que vous pouvez compter sur vous. Le <a href=\"https:\/\/elfsight.com\/testimonials-slider-widget\/wordpress\/\">le curseur de t\u00e9moignages<\/a> sera utile pour pr\u00e9senter les devis de vos clients, et <a href=\"https:\/\/elfsight .com\/youtube-channel-plugin-yottie\/wordpress\/\">YouTube Gallery<\/a> sera id\u00e9al pour r\u00e9cup\u00e9rer des vid\u00e9os et des critiques vid\u00e9o utiles.<\/p><\/div>\r\n\t\t\t\t\t<\/div>\r\n\t\t\t\t<\/div><\/div><\/div> <div class=\"application-platform-content-item-installation application-platform-content-item\" id=\"installation\" data-nav-section=\"installation\"> <h2>Comment puis-je ajouter le plugin Live Chat \u00e0 mon site WordPress\u00a0?<\/h2> <div class=\"video-description\"><iframe width=\"720\" height=\"405\" src=\"https:\/\/www.youtube.com\/embed\/utblbU9lyGE\" frameborder=\"0\" allowfullscreen=\"\"><\/iframe><\/div><p>Suivez simplement les instructions ci-dessous pour activer le widget. <\/p> <ol><li><b>Ex\u00e9cutez notre configurateur gratuit et commencez \u00e0 travailler avec votre plugin personnalis\u00e9.<\/b><br> Choisissez le design et les aspects pr\u00e9f\u00e9rables du widget et appliquez toutes les corrections.<\/li> <li><b>Recevez le code unique qui appara\u00eet dans la fen\u00eatre des applications Elfsight. <\/b><br> Une fois la configuration de votre widget termin\u00e9e, copiez le code exclusif dans la case qui appara\u00eet et enregistrez-le pour une utilisation ult\u00e9rieure.<\/li> <li><b>Commencez \u00e0 utiliser le plugin sur votre Site WordPress. <\/b><br> Ins\u00e9rez le code enregistr\u00e9 r\u00e9cemment dans votre page et enregistrez les modifications.<\/li> <li><b>L&rsquo;installation est enti\u00e8rement termin\u00e9e.<\/b><br> Visitez votre site Web pour voir en action comment fonctionne la Chat Box.<\/li><\/ol><p>Si vous faites face \u00e0 des demandes de renseignements ou faites face \u00e0 des complications, n&rsquo;h\u00e9sitez pas \u00e0 demander l&rsquo;aide de notre service client. Nos collaborateurs se feront un plaisir de r\u00e9soudre toutes les questions que vous pourriez avoir avec le plugin. <\/p> <\/div><div class=\"faq\" data-component=\"FAQ\"><div class=\"faq-item\">\r\n\t\t\t\t\t<div class=\"faq-item-question\">\r\n\t\t\t\t\t\t<h3 class=\"faq-item-question-text\">De quelle mani\u00e8re puis-je int\u00e9grer un chat en direct dans WordPress ?<\/h3>\r\n\r\n\t\t\t\t\t\t<div class=\"faq-item-question-icon\"><\/div>\r\n\t\t\t\t\t<\/div>\r\n\r\n\t\t\t\t\t<div class=\"faq-item-answer\">\r\n\t\t\t\t\t\t<div class=\"faq-item-answer-text\"><p>La cr\u00e9ation de l&rsquo;outil s&rsquo;effectue dans le site Elfsight et il n&rsquo;y a pas besoin de coder. Utilisez la d\u00e9mo active pour personnaliser votre widget personnel, acqu\u00e9rir le code et l&rsquo;ajouter \u00e0 votre site Web. <\/p><\/div>\r\n\t\t\t\t\t<\/div>\r\n\t\t\t\t<\/div><div class=\"faq-item\">\r\n\t\t\t\t\t<div class=\"faq-item-question\">\r\n\t\t\t\t\t\t<h3 class=\"faq-item-question-text\">Les meilleurs exemples d'utilisation de l'int\u00e9gration du Live Chat<\/h3>\r\n\r\n\t\t\t\t\t\t<div class=\"faq-item-question-icon\"><\/div>\r\n\t\t\t\t\t<\/div>\r\n\r\n\t\t\t\t\t<div class=\"faq-item-answer\">\r\n\t\t\t\t\t\t<div class=\"faq-item-answer-text\"><p>Nous offrons des tonnes de possibilit\u00e9s de personnalisation\u00a0: widgets \u00e0 grande \u00e9chelle \u00e0 ajouter dans la zone de contenu, flottants des widgets avec des options de d\u00e9filement, des vignettes pour le pied de page de votre site Web, une section d&rsquo;en-t\u00eate et toutes sortes de possibilit\u00e9s verticales pour les barres lat\u00e9rales et les menus du site Web. <\/p><\/div>\r\n\t\t\t\t\t<\/div>\r\n\t\t\t\t<\/div><div class=\"faq-item\">\r\n\t\t\t\t\t<div class=\"faq-item-question\">\r\n\t\t\t\t\t\t<h3 class=\"faq-item-question-text\">Existe-t-il une option pour cr\u00e9er une vente ou une r\u00e9servation en direct avec l'aide de l'\u00e9diteur ?<\/h3>\r\n\r\n\t\t\t\t\t\t<div class=\"faq-item-question-icon\"><\/div>\r\n\t\t\t\t\t<\/div>\r\n\r\n\t\t\t\t\t<div class=\"faq-item-answer\">\r\n\t\t\t\t\t\t<div class=\"faq-item-answer-text\"><p>Vous pouvez cr\u00e9er les modifications de n&rsquo;importe quel widget. De nombreuses mises en page sont disponibles dans l&rsquo;\u00e9diteur, et elles peuvent toutes \u00eatre facilement personnalis\u00e9es selon vos besoins. <\/p><\/div>\r\n\t\t\t\t\t<\/div>\r\n\t\t\t\t<\/div><\/div>","protected":false},"excerpt":{"rendered":"","protected":false},"author":17,"featured_media":0,"parent":2310,"menu_order":0,"comment_status":"closed","ping_status":"closed","template":"templates\/template-application-platform.php","meta":{"publish_to_discourse":"","publish_post_category":"","wpdc_auto_publish_overridden":"","wpdc_topic_tags":"","wpdc_pin_topic":"","wpdc_pin_until":"","discourse_post_id":"","discourse_permalink":"","wpdc_publishing_response":"","wpdc_publishing_error":"","footnotes":""},"class_list":["post-4012","page","type-page","status-publish","hentry"],"yoast_head":"<!-- This site is optimized with the Yoast SEO plugin v25.3.1 - https:\/\/yoast.com\/wordpress\/plugins\/seo\/ -->\n<title>Chat en direct - ajoutez plugin Chat en live sur Wordpress<\/title>\n<meta name=\"description\" content=\"Int\u00e9grez un Chat en direct attractif sur votre site. Utilisez la d\u00e9mo d&#039;Elfsight et g\u00e9n\u00e9rez votre plugin en quelques minutes.\" \/>\n<meta name=\"robots\" content=\"index, follow, max-snippet:-1, max-image-preview:large, max-video-preview:-1\" \/>\n<link rel=\"canonical\" href=\"https:\/\/elfsight.com\/fr\/all-in-one-chat-widget\/wordpress\/\" \/>\n<meta property=\"og:locale\" content=\"fr_FR\" \/>\n<meta property=\"og:type\" content=\"article\" \/>\n<meta property=\"og:title\" content=\"Chat en direct - ajoutez plugin Chat en live sur Wordpress\" \/>\n<meta property=\"og:description\" content=\"Int\u00e9grez un Chat en direct attractif sur votre site. Utilisez la d\u00e9mo d&#039;Elfsight et g\u00e9n\u00e9rez votre plugin en quelques minutes.\" \/>\n<meta property=\"og:url\" content=\"https:\/\/elfsight.com\/fr\/all-in-one-chat-widget\/wordpress\/\" \/>\n<meta property=\"og:site_name\" content=\"Elfsight FR\" \/>\n<meta property=\"article:modified_time\" content=\"2025-07-09T09:38:06+00:00\" \/>\n<meta name=\"twitter:card\" content=\"summary_large_image\" \/>\n<meta name=\"twitter:label1\" content=\"Dur\u00e9e de lecture estim\u00e9e\" \/>\n\t<meta name=\"twitter:data1\" content=\"2 minutes\" \/>\n<!-- \/ Yoast SEO plugin. -->","yoast_head_json":{"title":"Chat en direct - ajoutez plugin Chat en live sur Wordpress","description":"Int\u00e9grez un Chat en direct attractif sur votre site. Utilisez la d\u00e9mo d'Elfsight et g\u00e9n\u00e9rez votre plugin en quelques minutes.","robots":{"index":"index","follow":"follow","max-snippet":"max-snippet:-1","max-image-preview":"max-image-preview:large","max-video-preview":"max-video-preview:-1"},"canonical":"https:\/\/elfsight.com\/fr\/all-in-one-chat-widget\/wordpress\/","og_locale":"fr_FR","og_type":"article","og_title":"Chat en direct - ajoutez plugin Chat en live sur Wordpress","og_description":"Int\u00e9grez un Chat en direct attractif sur votre site. Utilisez la d\u00e9mo d'Elfsight et g\u00e9n\u00e9rez votre plugin en quelques minutes.","og_url":"https:\/\/elfsight.com\/fr\/all-in-one-chat-widget\/wordpress\/","og_site_name":"Elfsight FR","article_modified_time":"2025-07-09T09:38:06+00:00","twitter_card":"summary_large_image","twitter_misc":{"Dur\u00e9e de lecture estim\u00e9e":"2 minutes"},"schema":{"@context":"https:\/\/schema.org","@graph":[{"@type":"WebPage","@id":"https:\/\/elfsight.com\/fr\/all-in-one-chat-widget\/wordpress\/","url":"https:\/\/elfsight.com\/fr\/all-in-one-chat-widget\/wordpress\/","name":"Chat en direct - ajoutez plugin Chat en live sur Wordpress","isPartOf":{"@id":"https:\/\/elfsight.com\/fr\/#website"},"datePublished":"2021-11-26T13:32:35+00:00","dateModified":"2025-07-09T09:38:06+00:00","description":"Int\u00e9grez un Chat en direct attractif sur votre site. Utilisez la d\u00e9mo d'Elfsight et g\u00e9n\u00e9rez votre plugin en quelques minutes.","breadcrumb":{"@id":"https:\/\/elfsight.com\/fr\/all-in-one-chat-widget\/wordpress\/#breadcrumb"},"inLanguage":"fr-FR","potentialAction":[{"@type":"ReadAction","target":["https:\/\/elfsight.com\/fr\/all-in-one-chat-widget\/wordpress\/"]}]},{"@type":"BreadcrumbList","@id":"https:\/\/elfsight.com\/fr\/all-in-one-chat-widget\/wordpress\/#breadcrumb","itemListElement":[{"@type":"ListItem","position":1,"name":"Home","item":"https:\/\/elfsight.com\/fr\/"},{"@type":"ListItem","position":2,"name":"All-in-One Chat","item":"https:\/\/elfsight.com\/fr\/all-in-one-chat-widget\/"},{"@type":"ListItem","position":3,"name":"All-in-One Chat &#8211; WordPress"}]},{"@type":"WebSite","@id":"https:\/\/elfsight.com\/fr\/#website","url":"https:\/\/elfsight.com\/fr\/","name":"Elfsight FR","description":"","potentialAction":[{"@type":"SearchAction","target":{"@type":"EntryPoint","urlTemplate":"https:\/\/elfsight.com\/fr\/?s={search_term_string}"},"query-input":{"@type":"PropertyValueSpecification","valueRequired":true,"valueName":"search_term_string"}}],"inLanguage":"fr-FR"}]}},"meta_box":{"industry":"","seo_heading":"","heading":"","description":"","cta_heading":"","cta_description":"","application":"2309","h1":"Plugin Chat en direct pour Wordpress","h1_caption":"Offrez \u00e0 vos clients la possibilit\u00e9 de vous joindre sur plusieurs plates-formes de messagerie telles que WhatsApp, Facebook, Telegram et bien plus encore, \u00e0 partir d'un seul plugin sur votre site Web WordPress, sans effort.","application_category":[],"applications_title":"","applications_request_title":"","applications_request_button_text":"","hero_text":"","hero_video":"","hero_video_schema_markup":"","selling_points_title":"","selling_points_caption":"","selling_points":[],"selling_points_cta_text":"","features_title":"","features":"","ed_cta_examples_text":"","ed_cta_examples_hidden":"","ed_cta_demo_text":"","ed_cta_demo_hidden":"","why_caption":"","why_editor_title":"","why_editor_text":"","why_team_title":"","why_team_text":"","why_service_title":"","why_service_text":"","template_catalog_visible":"","template_catalog_title":"","template_catalog_text":"","template_catalog_categories_visible":"","demo_title":"Cr\u00e9ez votre plugin de chat tout-en-un","demo_caption":"Configurez votre chat tout-en-un et ajoutez-le gratuitement \u00e0 votre site WordPress !","default_faq_hidden":"","app_template_category":[],"platform":"18","template_public_id":"","codecanyon_url":"","codecanyon_item_id":"","codecanyon_price":"","pricing_caption":"","pricing_elfsight_apps_hide_column":"","pricing_elfsight_apps_url":"","pricing_codecanyon_price_caption":"","integration_category":[],"integration_request_title":"","integration_request_cta":"","integration_platform":"","integrations":[],"platform_category":[],"video_schema_markup":"","price":"\u00c0 partir de 0$ par mois","trial":"","benefits":[{"text":"Installation gratuite"},{"text":"Support Premium"},{"text":"Garantie de remboursement de 14 jours"},{"text":"L'am\u00e9lioration continue"}],"button_url":"#demo","button_target_blank":"0","button_nofollow":"0","attributes":[{"name":"Nombre d'installations","content":"1,000 - 5,000","_state":"expanded"},{"name":"Adaptif","content":"Oui","_state":"expanded"},{"name":"Navigateurs compatibles","content":"Firefox, Safari, Opera, Chrome, Edge","_state":"expanded"}],"tags":[],"tags_disable_links":"0","hide_more_platforms":"","video_object":"","demo_hide_cta":"0","demo_hide_cloud_options":"0","pricing_title":"","pricing":[{"pricing_icon":"platform","pricing_title":"Applications d'Elfsight","pricing_title_caption":"Solution num\u00e9rique multiplateforme qui fonctionne sur n'importe quel site","pricing_price":"\u00c0 partir de $0\/mois","pricing_price_caption":"Commencez avec un plan gratuit","pricing_benefits":[{"text":"Sites Web illimit\u00e9s"},{"text":"\u00c9quipe d'assistance professionnelle"},{"text":"Service d'installation gratuit"},{"text":"100% personnalisable"}],"pricing_button_text":"Ajouter au site Web","pricing_button_url":"https:\/\/apps.elfsight.com\/sign-up\/","pricing_button_nofollow":"1","_state":"expanded"}],"related_apps_title":"","related_apps_hidden":"1","author":"","image":[],"title":"","job":"","social_networks":[]},"_links":{"self":[{"href":"https:\/\/elfsight.com\/fr\/wp-json\/wp\/v2\/pages\/4012","targetHints":{"allow":["GET"]}}],"collection":[{"href":"https:\/\/elfsight.com\/fr\/wp-json\/wp\/v2\/pages"}],"about":[{"href":"https:\/\/elfsight.com\/fr\/wp-json\/wp\/v2\/types\/page"}],"author":[{"embeddable":true,"href":"https:\/\/elfsight.com\/fr\/wp-json\/wp\/v2\/users\/17"}],"replies":[{"embeddable":true,"href":"https:\/\/elfsight.com\/fr\/wp-json\/wp\/v2\/comments?post=4012"}],"version-history":[{"count":2,"href":"https:\/\/elfsight.com\/fr\/wp-json\/wp\/v2\/pages\/4012\/revisions"}],"predecessor-version":[{"id":14721,"href":"https:\/\/elfsight.com\/fr\/wp-json\/wp\/v2\/pages\/4012\/revisions\/14721"}],"up":[{"embeddable":true,"href":"https:\/\/elfsight.com\/fr\/wp-json\/wp\/v2\/pages\/2310"}],"wp:attachment":[{"href":"https:\/\/elfsight.com\/fr\/wp-json\/wp\/v2\/media?parent=4012"}],"curies":[{"name":"wp","href":"https:\/\/api.w.org\/{rel}","templated":true}]}}