{"id":3793,"date":"2021-11-16T11:40:16","date_gmt":"2021-11-16T11:40:16","guid":{"rendered":"https:\/\/elfsight.com\/fr\/?page_id=3793"},"modified":"2026-01-15T10:02:20","modified_gmt":"2026-01-15T10:02:20","slug":"wordpress","status":"publish","type":"page","link":"https:\/\/elfsight.com\/fr\/portfolio-widget\/wordpress\/","title":{"rendered":"Portfolio &#8211; WordPress"},"content":{"rendered":"\n<div class=\"application-platform-content-item-description application-platform-content-item\" id=\"description\" data-nav-section=\"description\"><h2>Int\u00e9grer Portfolio sur WordPress avec le widget Elfsight<\/h2><p>Elfsight Portfolio est con\u00e7u pour toute personne souhaitant pr\u00e9senter sa superbe biblioth\u00e8que. sur le site et r\u00e9alisez de nouvelles ventes. Gr\u00e2ce \u00e0 notre outil, vous pourrez renvoyer des s\u00e9lections d&rsquo;images, de contenu vid\u00e9o, de croquis et d&rsquo;autres mat\u00e9riaux. Chaque \u00e9l\u00e9ment de contenu peut comporter un texte d\u00e9taill\u00e9 et une date. Vous pouvez lier des projets \u00e0 leurs sites Web et r\u00e9partir les projets en groupes. Les utilisateurs verront votre portefeuille de projets, cliqueront sur un portefeuille et visualiseront tous les tournages et bandes vid\u00e9o directement sur votre site Web. L&rsquo;en-t\u00eate affichera votre nom complet, votre photo et vos coordonn\u00e9es, ce qui facilitera le processus pour vous joindre. Le bouton CTA am\u00e8nera les clients \u00e0 la page de passation de commande et vous aidera \u00e0 augmenter le nombre de ventes. <\/p><div class=\"faq\" data-component=\"FAQ\"><div class=\"faq-item\">\r\n\t\t\t\t\t<div class=\"faq-item-question\">\r\n\t\t\t\t\t\t<h3 class=\"faq-item-question-text\">Comment puis-je int\u00e9grer un portfolio \u00e0 mon site WordPress ?<\/h3>\r\n\r\n\t\t\t\t\t\t<div class=\"faq-item-question-icon\"><\/div>\r\n\t\t\t\t\t<\/div>\r\n\r\n\t\t\t\t\t<div class=\"faq-item-answer\">\r\n\t\t\t\t\t\t<div class=\"faq-item-answer-text\"><p>La cr\u00e9ation du widget est r\u00e9alis\u00e9e au sein du site Web Elfsight et il n&rsquo;est pas n\u00e9cessaire d&rsquo;apprendre le codage. Utilisez notre d\u00e9mo en direct pour concevoir votre outil, obtenez le code et ins\u00e9rez-le sur votre site Web. <\/p><\/div>\r\n\t\t\t\t\t<\/div>\r\n\t\t\t\t<\/div><div class=\"faq-item\">\r\n\t\t\t\t\t<div class=\"faq-item-question\">\r\n\t\t\t\t\t\t<h3 class=\"faq-item-question-text\">Les meilleurs exemples d'utilisation de l'int\u00e9gration de portefeuille de sites Web<\/h3>\r\n\r\n\t\t\t\t\t\t<div class=\"faq-item-question-icon\"><\/div>\r\n\t\t\t\t\t<\/div>\r\n\r\n\t\t\t\t\t<div class=\"faq-item-answer\">\r\n\t\t\t\t\t\t<div class=\"faq-item-answer-text\"><p>Nous vous accordons de nombreuses possibilit\u00e9s de personnalisation\u00a0: widgets complets \u00e0 int\u00e9grer dans la zone de contenu, plugins flottants pour les possibilit\u00e9s de d\u00e9filement, les vignettes pour le pied de page de votre site Web, l&rsquo;en-t\u00eate et toutes sortes de possibilit\u00e9s verticales pour les barres lat\u00e9rales et les menus. <\/p><\/div>\r\n\t\t\t\t\t<\/div>\r\n\t\t\t\t<\/div><div class=\"faq-item\">\r\n\t\t\t\t\t<div class=\"faq-item-question\">\r\n\t\t\t\t\t\t<h3 class=\"faq-item-question-text\">Puis-je cr\u00e9er une galerie ou un portefeuille d'images r\u00e9actif par l'interm\u00e9diaire de l'\u00e9diteur ? <\/h3>\r\n\r\n\t\t\t\t\t\t<div class=\"faq-item-question-icon\"><\/div>\r\n\t\t\t\t\t<\/div>\r\n\r\n\t\t\t\t\t<div class=\"faq-item-answer\">\r\n\t\t\t\t\t\t<div class=\"faq-item-answer-text\"><p>Vous pouvez fa\u00e7onner les variations de n&rsquo;importe quel widget. De nombreuses mises en page sont disponibles dans l&rsquo;\u00e9diteur, et elles peuvent toutes \u00eatre facilement personnalis\u00e9es selon vos besoins. <\/p><\/div>\r\n\t\t\t\t\t<\/div>\r\n\t\t\t\t<\/div><\/div><h2>Principales fonctionnalit\u00e9s du widget Portfolio<\/h2><p>Afin de donner une perception claire du widget, examinez la liste de ses fonctions les plus importantes. Ils rendent notre widget plus efficace pour votre boutique\u00a0: <\/p><ul><li>D\u00e9finissez n&rsquo;importe quel nombre de projets et ajoutez des titres\u00a0; <\/li><li>\u00c9tablissez des cat\u00e9gories et divisez les projets en fonction de celles-ci.<\/li><li>D\u00e9cidez les types de donn\u00e9es \u00e0 d\u00e9montrer dans une fen\u00eatre contextuelle et un survol\u00a0; <\/li><li>L&rsquo;option permettant d&rsquo;ajouter des descriptions et d&rsquo;attribuer des dates \u00e0 tous les fichiers du projet<\/li><li>Le bouton actif sur l&rsquo;en-t\u00eate et dans la fen\u00eatre contextuelle am\u00e8ne les clients vers n&rsquo;importe quelle page<\/li><\/ul><p><a href=\"#demo\">Pour d\u00e9couvrir plus de fonctionnalit\u00e9s, voir la d\u00e9mo<\/a><\/p><\/div> <div class=\"application-platform-content-item-installation application-platform-content-item\" id=\"installation\" data-nav-section=\"installation\"><h2>Comment ajouter Portfolio \u00e0 WordPress\u00a0? <\/h2><div class=\"video-container\"><iframe allowfullscreen=\"\" frameborder=\"0\" height=\"405\" src=\"https:\/\/www.youtube.com\/embed\/Iz6-GukMZ4M?si=eFCMqC7ckcdrOMlH\" width=\"720\"><\/iframe><\/div><p>Suivez simplement les \u00e9tapes suivantes pr\u00e9sent\u00e9es ci-dessous pour int\u00e9grer l&rsquo;outil. <\/p><ol><li><b>G\u00e9rez notre configurateur gratuit et commencez \u00e0 fa\u00e7onner votre widget unique. <\/b><br>Choisissez la forme et les fonctionnalit\u00e9s pr\u00e9f\u00e9r\u00e9es du widget et appliquez les corrections. <\/li><li><b>Copiez le code unique affich\u00e9 dans le formulaire sp\u00e9cial sur les applications Elfsight. <\/b><br>D\u00e8s que la configuration de votre plugin Portfolio est termin\u00e9e, copiez le code exclusif dans la case qui appara\u00eet et conservez-le pour plus tard. <\/li><li><b>Commencez l&rsquo;utilisation du plugin sur votre page Web WordPress. <\/b><br>Collez le code que vous avez enregistr\u00e9 auparavant dans votre site Web et enregistrez les ajustements. <\/li><li><b>L&rsquo;installation est termin\u00e9e avec succ\u00e8s. <\/b><br>Visitez votre page pour v\u00e9rifier le fonctionnement de l&rsquo;outil. <\/li><\/ol><p>Pour plus de d\u00e9tails sur le plugin, veuillez noter le <a href=\"https:\/\/elfsight.com\/blog\/how-to-add-portfolio-to-wordpress-with-elfsight-plugin\/\" target=\"_blank\" rel=\"noopener\">article sur l&rsquo;ajout de Portfolio aux sites Web WordPress<\/a>.<\/p><p>\u00c0 condition de r\u00e9pondre \u00e0 des demandes de renseignements ou de rencontrer des difficult\u00e9s, n&rsquo;h\u00e9sitez pas \u00e0 nous contacter notre \u00e9quipe du service client. Nos consultants sont impatients de r\u00e9soudre toutes les difficult\u00e9s que vous pourriez rencontrer avec le widget<\/p><\/div>\n","protected":false},"excerpt":{"rendered":"","protected":false},"author":12,"featured_media":0,"parent":2589,"menu_order":0,"comment_status":"closed","ping_status":"closed","template":"templates\/template-application-platform.php","meta":{"publish_to_discourse":"","publish_post_category":"","wpdc_auto_publish_overridden":"","wpdc_topic_tags":"","wpdc_pin_topic":"","wpdc_pin_until":"","discourse_post_id":"","discourse_permalink":"","wpdc_publishing_response":"","wpdc_publishing_error":"","footnotes":""},"class_list":["post-3793","page","type-page","status-publish","hentry"],"yoast_head":"<!-- This site is optimized with the Yoast SEO plugin v25.3.1 - https:\/\/yoast.com\/wordpress\/plugins\/seo\/ -->\n<title>Portefeuille - ajouter plugin Fen\u00eatre portefeuille sur WordPress<\/title>\n<meta name=\"description\" content=\"Int\u00e9grez un Portefeuille attractif sur votre site WordPress. Appliquez la d\u00e9mo d&#039;Elfsight et g\u00e9n\u00e9rez votre plugin en 2 minutes.\" \/>\n<meta name=\"robots\" content=\"index, follow, max-snippet:-1, max-image-preview:large, max-video-preview:-1\" \/>\n<link rel=\"canonical\" href=\"https:\/\/elfsight.com\/fr\/portfolio-widget\/wordpress\/\" \/>\n<meta property=\"og:locale\" content=\"fr_FR\" \/>\n<meta property=\"og:type\" content=\"article\" \/>\n<meta property=\"og:title\" content=\"Portefeuille - ajouter plugin Fen\u00eatre portefeuille sur WordPress\" \/>\n<meta property=\"og:description\" content=\"Int\u00e9grez un Portefeuille attractif sur votre site WordPress. Appliquez la d\u00e9mo d&#039;Elfsight et g\u00e9n\u00e9rez votre plugin en 2 minutes.\" \/>\n<meta property=\"og:url\" content=\"https:\/\/elfsight.com\/fr\/portfolio-widget\/wordpress\/\" \/>\n<meta property=\"og:site_name\" content=\"Elfsight FR\" \/>\n<meta property=\"article:modified_time\" content=\"2026-01-15T10:02:20+00:00\" \/>\n<meta name=\"twitter:card\" content=\"summary_large_image\" \/>\n<meta name=\"twitter:label1\" content=\"Dur\u00e9e de lecture estim\u00e9e\" \/>\n\t<meta name=\"twitter:data1\" content=\"3 minutes\" \/>\n<!-- \/ Yoast SEO plugin. -->","yoast_head_json":{"title":"Portefeuille - ajouter plugin Fen\u00eatre portefeuille sur WordPress","description":"Int\u00e9grez un Portefeuille attractif sur votre site WordPress. Appliquez la d\u00e9mo d'Elfsight et g\u00e9n\u00e9rez votre plugin en 2 minutes.","robots":{"index":"index","follow":"follow","max-snippet":"max-snippet:-1","max-image-preview":"max-image-preview:large","max-video-preview":"max-video-preview:-1"},"canonical":"https:\/\/elfsight.com\/fr\/portfolio-widget\/wordpress\/","og_locale":"fr_FR","og_type":"article","og_title":"Portefeuille - ajouter plugin Fen\u00eatre portefeuille sur WordPress","og_description":"Int\u00e9grez un Portefeuille attractif sur votre site WordPress. Appliquez la d\u00e9mo d'Elfsight et g\u00e9n\u00e9rez votre plugin en 2 minutes.","og_url":"https:\/\/elfsight.com\/fr\/portfolio-widget\/wordpress\/","og_site_name":"Elfsight FR","article_modified_time":"2026-01-15T10:02:20+00:00","twitter_card":"summary_large_image","twitter_misc":{"Dur\u00e9e de lecture estim\u00e9e":"3 minutes"},"schema":{"@context":"https:\/\/schema.org","@graph":[{"@type":"WebPage","@id":"https:\/\/elfsight.com\/fr\/portfolio-widget\/wordpress\/","url":"https:\/\/elfsight.com\/fr\/portfolio-widget\/wordpress\/","name":"Portefeuille - ajouter plugin Fen\u00eatre portefeuille sur WordPress","isPartOf":{"@id":"https:\/\/elfsight.com\/fr\/#website"},"datePublished":"2021-11-16T11:40:16+00:00","dateModified":"2026-01-15T10:02:20+00:00","description":"Int\u00e9grez un Portefeuille attractif sur votre site WordPress. Appliquez la d\u00e9mo d'Elfsight et g\u00e9n\u00e9rez votre plugin en 2 minutes.","breadcrumb":{"@id":"https:\/\/elfsight.com\/fr\/portfolio-widget\/wordpress\/#breadcrumb"},"inLanguage":"fr-FR","potentialAction":[{"@type":"ReadAction","target":["https:\/\/elfsight.com\/fr\/portfolio-widget\/wordpress\/"]}]},{"@type":"BreadcrumbList","@id":"https:\/\/elfsight.com\/fr\/portfolio-widget\/wordpress\/#breadcrumb","itemListElement":[{"@type":"ListItem","position":1,"name":"Home","item":"https:\/\/elfsight.com\/fr\/"},{"@type":"ListItem","position":2,"name":"Portfolio","item":"https:\/\/elfsight.com\/fr\/portfolio-widget\/"},{"@type":"ListItem","position":3,"name":"Portfolio &#8211; WordPress"}]},{"@type":"WebSite","@id":"https:\/\/elfsight.com\/fr\/#website","url":"https:\/\/elfsight.com\/fr\/","name":"Elfsight FR","description":"","potentialAction":[{"@type":"SearchAction","target":{"@type":"EntryPoint","urlTemplate":"https:\/\/elfsight.com\/fr\/?s={search_term_string}"},"query-input":{"@type":"PropertyValueSpecification","valueRequired":true,"valueName":"search_term_string"}}],"inLanguage":"fr-FR"}]}},"meta_box":{"industry":"","seo_heading":"","heading":"","description":"","cta_heading":"","cta_description":"","application":"2588","h1":"Plugin Portefeuille pour WordPress","h1_caption":"D\u00e9montrez vos meilleurs travaux et l'ensemble des projets pour attirer de nouveaux clients","application_category":[],"applications_title":"","applications_request_title":"","applications_request_button_text":"","hero_text":"","hero_video":"","hero_video_schema_markup":"","selling_points_title":"","selling_points_caption":"","selling_points":[],"selling_points_cta_text":"","features_title":"","features":"","ed_cta_examples_text":"","ed_cta_examples_hidden":"","ed_cta_demo_text":"","ed_cta_demo_hidden":"","why_caption":"","why_editor_title":"","why_editor_text":"","why_team_title":"","why_team_text":"","why_service_title":"","why_service_text":"","template_catalog_visible":"0","template_catalog_title":"","template_catalog_text":"","template_catalog_categories_visible":"","demo_title":"Cr\u00e9ez votre plugin Portfolio","demo_caption":"Configurez votre Portfolio et ajoutez-le \u00e0 votre site WordPress gratuitement !","default_faq_hidden":"","app_template_category":[],"platform":"18","template_public_id":"","codecanyon_url":"","codecanyon_item_id":"","codecanyon_price":"","pricing_caption":"","pricing_elfsight_apps_hide_column":"","pricing_elfsight_apps_url":"","pricing_codecanyon_price_caption":"","integration_category":[],"integration_request_title":"","integration_request_cta":"","integration_platform":"","integrations":[],"platform_category":[],"video_schema_markup":"","price":"\u00c0 partir de 0$ par mois","trial":"","benefits":[{"text":"Installation gratuite"},{"text":"Support Premium"},{"text":"Garantie de remboursement de 14 jours"},{"text":"L'am\u00e9lioration continue"}],"button_url":"#demo","button_target_blank":"0","button_nofollow":"0","attributes":[{"name":"Nombre d'installations","content":"1,000 - 5,000","_state":"expanded"},{"name":"Adaptif","content":"Oui","_state":"expanded"},{"name":"Navigateurs compatibles","content":"Firefox, Safari, Opera, Chrome, Edge","_state":"expanded"}],"tags":[],"tags_disable_links":"0","hide_more_platforms":"0","video_object":"","demo_hide_cta":"0","demo_hide_cloud_options":"0","pricing_title":"","pricing":[{"pricing_icon":"platform","pricing_title":"Applications d'Elfsight","pricing_title_caption":"Solution num\u00e9rique multiplateforme qui fonctionne sur n'importe quel site","pricing_price":"\u00c0 partir de $0\/mois","pricing_price_caption":"Commencez avec un plan gratuit","pricing_benefits":[{"text":"Sites Web illimit\u00e9s"},{"text":"\u00c9quipe d'assistance professionnelle"},{"text":"Service d'installation gratuit"},{"text":"100% personnalisable"}],"pricing_button_text":"Ajouter au site Web","pricing_button_url":"https:\/\/apps.elfsight.com\/sign-up\/","pricing_button_nofollow":"1","_state":"expanded"}],"related_apps_title":"","related_apps_hidden":"1","author":"","image":[],"title":"","job":"","social_networks":[]},"_links":{"self":[{"href":"https:\/\/elfsight.com\/fr\/wp-json\/wp\/v2\/pages\/3793","targetHints":{"allow":["GET"]}}],"collection":[{"href":"https:\/\/elfsight.com\/fr\/wp-json\/wp\/v2\/pages"}],"about":[{"href":"https:\/\/elfsight.com\/fr\/wp-json\/wp\/v2\/types\/page"}],"author":[{"embeddable":true,"href":"https:\/\/elfsight.com\/fr\/wp-json\/wp\/v2\/users\/12"}],"replies":[{"embeddable":true,"href":"https:\/\/elfsight.com\/fr\/wp-json\/wp\/v2\/comments?post=3793"}],"version-history":[{"count":5,"href":"https:\/\/elfsight.com\/fr\/wp-json\/wp\/v2\/pages\/3793\/revisions"}],"predecessor-version":[{"id":16781,"href":"https:\/\/elfsight.com\/fr\/wp-json\/wp\/v2\/pages\/3793\/revisions\/16781"}],"up":[{"embeddable":true,"href":"https:\/\/elfsight.com\/fr\/wp-json\/wp\/v2\/pages\/2589"}],"wp:attachment":[{"href":"https:\/\/elfsight.com\/fr\/wp-json\/wp\/v2\/media?parent=3793"}],"curies":[{"name":"wp","href":"https:\/\/api.w.org\/{rel}","templated":true}]}}