{"id":3791,"date":"2021-11-16T11:40:14","date_gmt":"2021-11-16T11:40:14","guid":{"rendered":"https:\/\/elfsight.com\/fr\/?page_id=3791"},"modified":"2024-11-11T10:38:39","modified_gmt":"2024-11-11T10:38:39","slug":"wordpress","status":"publish","type":"page","link":"https:\/\/elfsight.com\/fr\/weather-widget\/wordpress\/","title":{"rendered":"Weather &#8211; WordPress"},"content":{"rendered":"<div class=\"application-platform-content-item-description application-platform-content-item\" id=\"description\" data-nav-section=\"description\"><h2>Int\u00e9grez la m\u00e9t\u00e9o sur WordPress avec le widget Elfsight<\/h2><p>Elfsight Weather est un widget de site Web rapide et hautement personnalisable pour fournir \u00e0 vos utilisateurs avec les informations m\u00e9t\u00e9orologiques pertinentes pour n&rsquo;importe quel endroit. Ajoutez un lieu par le nom, le code postal ou les coordonn\u00e9es. Vos utilisateurs peuvent d\u00e9sormais consulter les derni\u00e8res informations sur la temp\u00e9rature, la pression, l&rsquo;humidit\u00e9 et les \u00e9l\u00e9ments m\u00e9t\u00e9orologiques. Vous pouvez \u00e9galement afficher les pr\u00e9visions pour la semaine ou pour les 12 prochaines heures. Le widget propose \u00e9galement un arri\u00e8re-plan th\u00e9matique et la possibilit\u00e9 d&rsquo;appliquer des couleurs personnalis\u00e9es. <\/p><p><b>Faites en sorte que vos clients puissent facilement commander leurs activit\u00e9s de plein air avec les pr\u00e9visions m\u00e9t\u00e9o \u00e0 vue\u00a0! <\/b><\/p><\/div><div class=\"application-platform-content-item-features application-platform-content-item\" id=\"features\" data-nav-section=\"features\"><p>V\u00e9rifiez toutes les fonctions du widget M\u00e9t\u00e9o. Ils sont disponibles directement dans l&rsquo;\u00e9diteur et vous aideront \u00e0 cr\u00e9er le widget adapt\u00e9 \u00e0 vos besoins. <\/p><ul><li>3 fa\u00e7ons de saisir le lieu\u00a0: par le nom, le code postal ou les coordonn\u00e9es\u00a0; <\/li><li>Plus de 30\u00a0langues prises en charge pour afficher les donn\u00e9es m\u00e9t\u00e9orologiques dans la langue de votre public\u00a0; <\/li><li>5 variantes de configuration du widget pour diff\u00e9rents cas d&rsquo;utilisation\u00a0; <\/li><li>L&rsquo;option d&rsquo;afficher les pr\u00e9visions quotidiennes pour une semaine avec des dates\u00a0; <\/li><li>Afficher la m\u00e9t\u00e9o horaire pour les 12 prochaines heures. <\/li><\/ul><p><a href=\"#demo\">Vous pouvez essayer toutes les caract\u00e9ristiques fonctionnelles du widget directement dans la d\u00e9mo<\/a><\/p><\/div><div class=\"application-platform-content-item-installation application-platform-content-item\" id=\"installation\" data-nav-section=\"installation\"><h2>Comment puis-je ajouter le plugin M\u00e9t\u00e9o \u00e0 mon site WordPress\u00a0? <\/h2><div class=\"video-container\"><iframe width=\"720\" height=\"405\" src=\"https:\/\/www.youtube.com\/embed\/XVLIErBYrZ4\" frameborder=\"0\" allowfullscreen=\"\"><\/iframe><\/div><p>Suivez simplement les instructions ci-dessous pour int\u00e9grer le plugin sur WordPress.<\/p> <ol><li><b>Utilisez notre configurateur gratuit et commencez \u00e0 cr\u00e9er votre plugin personnalis\u00e9. <\/b><br> Choisissez le design et les aspects appropri\u00e9s du plugin et appliquez les corrections. <\/li> <li><b>Obtenez votre code unique qui appara\u00eet dans la case sur les applications Elfsight. <\/b><br> Une fois la g\u00e9n\u00e9ration de votre plugin termin\u00e9e, copiez le code personnel de la popup apparue et enregistrez-le pour une utilisation future. <\/li> <li><b>Commencez \u00e0 utiliser le plugin M\u00e9t\u00e9o sur votre site WordPress. <\/b><br> Saisissez le code enregistr\u00e9 pr\u00e9c\u00e9demment dans votre site internet et enregistrez les modifications. <\/li> <li><b>L&rsquo;installation est enti\u00e8rement termin\u00e9e. <\/b><br> Visitez votre site Web pour voir les performances du plugin. <\/li><\/ol> <p>N&rsquo;h\u00e9sitez pas \u00e0 contacter le service client lorsque vous avez besoin d&rsquo;aide ou si vous avez quelque chose \u00e0 demander. Nos sp\u00e9cialistes vous donneront un coup de main pour chaque demande. <\/p><div class=\"faq\" data-component=\"FAQ\"><div class=\"faq-item\">\r\n\t\t\t\t\t<div class=\"faq-item-question\">\r\n\t\t\t\t\t\t<h3 class=\"faq-item-question-text\">Comment ajouter le widget M\u00e9t\u00e9o \u00e0 une page WordPress ?<\/h3>\r\n\r\n\t\t\t\t\t\t<div class=\"faq-item-question-icon\"><\/div>\r\n\t\t\t\t\t<\/div>\r\n\r\n\t\t\t\t\t<div class=\"faq-item-answer\">\r\n\t\t\t\t\t\t<div class=\"faq-item-answer-text\"><p>L&rsquo;ajout au site Web ne prendra que quelques instants. De plus, vous n&rsquo;avez besoin d&rsquo;aucune comp\u00e9tence en programmation.<\/p><p>Ajustez le plugin Weather pour WordPress dans le configurateur gratuit\u00a0; entrez un emplacement personnalis\u00e9, choisissez la temp\u00e9rature \u00e0 afficher\u00a0; obtenez votre code d&rsquo;installation, int\u00e9grez le code \u00e0 l&rsquo;endroit n\u00e9cessaire dans le mod\u00e8le de site Web. J&rsquo;ai compris! L\u2019installation du plugin m\u00e9t\u00e9o sur WordPress est termin\u00e9e ! <\/p><p>Vous rencontrez des probl\u00e8mes pour installer le plugin sur WordPress ou pour le formater\u00a0? Vous trouverez peut-\u00eatre le guide <a href=\"https:\/\/elfsight.com\/tutorials\/how-to-add-weather-widget\/#how-to-add-weather-to-wordpress\">sur cette page<\/a>. <\/p><\/div>\r\n\t\t\t\t\t<\/div>\r\n\t\t\t\t<\/div><div class=\"faq-item\">\r\n\t\t\t\t\t<div class=\"faq-item-question\">\r\n\t\t\t\t\t\t<h3 class=\"faq-item-question-text\">Ai-je la possibilit\u00e9 de voir \u00e0 quoi ressemblera le widget sur un site ?<\/h3>\r\n\r\n\t\t\t\t\t\t<div class=\"faq-item-question-icon\"><\/div>\r\n\t\t\t\t\t<\/div>\r\n\r\n\t\t\t\t\t<div class=\"faq-item-answer\">\r\n\t\t\t\t\t\t<div class=\"faq-item-answer-text\"><p>Absolument\u00a0! Lors de la cr\u00e9ation du plugin m\u00e9t\u00e9o WordPress <a href=\"https:\/\/elfsight.com\/weather-widget\/#demo\">dans le constructeur en ligne<\/a>, vous prendrez en compte tous les changements dans la partie droite de celui-ci. La banni\u00e8re m\u00e9t\u00e9o sera identique \u00e0 ce que vous ajouterez \u00e0 WordPress.<\/p><\/div>\r\n\t\t\t\t\t<\/div>\r\n\t\t\t\t<\/div><div class=\"faq-item\">\r\n\t\t\t\t\t<div class=\"faq-item-question\">\r\n\t\t\t\t\t\t<h3 class=\"faq-item-question-text\">Quels autres widgets sont indispensables pour un site WordPress ?<\/h3>\r\n\r\n\t\t\t\t\t\t<div class=\"faq-item-question-icon\"><\/div>\r\n\t\t\t\t\t<\/div>\r\n\r\n\t\t\t\t\t<div class=\"faq-item-answer\">\r\n\t\t\t\t\t\t<div class=\"faq-item-answer-text\"><p>Offres WordPress un tas de plugins avec des fonctionnalit\u00e9s exquises. Toutefois, si vous avez besoin d&rsquo;instruments non conventionnels pour augmenter l&rsquo;efficacit\u00e9 de votre site Web, vous pouvez utiliser les plugins Elfsight.<\/p><p>Parmi eux figurent <a href=\"https:\/\/elfsight.com\/google-reviews-widget\/wordpress \/\">Avis Google<\/a>, <a href=\"https:\/\/elfsight.com\/testimonials-slider-widget\/wordpress\/\">Testimonials Slider<\/a> et <a href=\"https:\/\/ elfsight.com\/youtube-channel-plugin-yottie\/wordpress\/\">Galerie YouTube<\/a>. De plus, vous pouvez ajouter <a href=\"https:\/\/elfsight.com\/whatsapp-chat-widget\/wordpress\/\">WhatsApp<\/a> et <a href=\"https:\/\/elfsight.com\/facebook -chat-widget\/wordpress\/\">Facebook Chats<\/a> pour rendre la communication via les messageries populaires encore plus facile. Quoi qu&rsquo;il en soit, choisissez n&rsquo;importe quel instrument \u00e0 votre go\u00fbt et renforcez votre site Web.<\/p><\/div>\r\n\t\t\t\t\t<\/div>\r\n\t\t\t\t<\/div><\/div><\/div>","protected":false},"excerpt":{"rendered":"","protected":false},"author":12,"featured_media":0,"parent":2497,"menu_order":0,"comment_status":"closed","ping_status":"closed","template":"templates\/template-application-platform.php","meta":{"publish_to_discourse":"","publish_post_category":"","wpdc_auto_publish_overridden":"","wpdc_topic_tags":"","wpdc_pin_topic":"","wpdc_pin_until":"","discourse_post_id":"","discourse_permalink":"","wpdc_publishing_response":"","wpdc_publishing_error":"","footnotes":""},"class_list":["post-3791","page","type-page","status-publish","hentry"],"yoast_head":"<!-- This site is optimized with the Yoast SEO plugin v25.3.1 - https:\/\/yoast.com\/wordpress\/plugins\/seo\/ -->\n<title>M\u00e9t\u00e9o - ajouter plugin Meteo sur WordPress (2026)<\/title>\n<meta name=\"description\" content=\"Int\u00e9grez un M\u00e9t\u00e9o attractif sur votre site WordPress. Appliquez la d\u00e9mo d&#039;Elfsight et g\u00e9n\u00e9rez votre plugin en 2 minutes.\" \/>\n<meta name=\"robots\" content=\"index, follow, max-snippet:-1, max-image-preview:large, max-video-preview:-1\" \/>\n<link rel=\"canonical\" href=\"https:\/\/elfsight.com\/fr\/weather-widget\/wordpress\/\" \/>\n<meta property=\"og:locale\" content=\"fr_FR\" \/>\n<meta property=\"og:type\" content=\"article\" \/>\n<meta property=\"og:title\" content=\"M\u00e9t\u00e9o - ajouter plugin Meteo sur WordPress (2026)\" \/>\n<meta property=\"og:description\" content=\"Int\u00e9grez un M\u00e9t\u00e9o attractif sur votre site WordPress. Appliquez la d\u00e9mo d&#039;Elfsight et g\u00e9n\u00e9rez votre plugin en 2 minutes.\" \/>\n<meta property=\"og:url\" content=\"https:\/\/elfsight.com\/fr\/weather-widget\/wordpress\/\" \/>\n<meta property=\"og:site_name\" content=\"Elfsight FR\" \/>\n<meta property=\"article:modified_time\" content=\"2024-11-11T10:38:39+00:00\" \/>\n<meta name=\"twitter:card\" content=\"summary_large_image\" \/>\n<meta name=\"twitter:label1\" content=\"Dur\u00e9e de lecture estim\u00e9e\" \/>\n\t<meta name=\"twitter:data1\" content=\"1 minute\" \/>\n<!-- \/ Yoast SEO plugin. -->","yoast_head_json":{"title":"M\u00e9t\u00e9o - ajouter plugin Meteo sur WordPress (2026)","description":"Int\u00e9grez un M\u00e9t\u00e9o attractif sur votre site WordPress. Appliquez la d\u00e9mo d'Elfsight et g\u00e9n\u00e9rez votre plugin en 2 minutes.","robots":{"index":"index","follow":"follow","max-snippet":"max-snippet:-1","max-image-preview":"max-image-preview:large","max-video-preview":"max-video-preview:-1"},"canonical":"https:\/\/elfsight.com\/fr\/weather-widget\/wordpress\/","og_locale":"fr_FR","og_type":"article","og_title":"M\u00e9t\u00e9o - ajouter plugin Meteo sur WordPress (2026)","og_description":"Int\u00e9grez un M\u00e9t\u00e9o attractif sur votre site WordPress. Appliquez la d\u00e9mo d'Elfsight et g\u00e9n\u00e9rez votre plugin en 2 minutes.","og_url":"https:\/\/elfsight.com\/fr\/weather-widget\/wordpress\/","og_site_name":"Elfsight FR","article_modified_time":"2024-11-11T10:38:39+00:00","twitter_card":"summary_large_image","twitter_misc":{"Dur\u00e9e de lecture estim\u00e9e":"1 minute"},"schema":{"@context":"https:\/\/schema.org","@graph":[{"@type":"WebPage","@id":"https:\/\/elfsight.com\/fr\/weather-widget\/wordpress\/","url":"https:\/\/elfsight.com\/fr\/weather-widget\/wordpress\/","name":"M\u00e9t\u00e9o - ajouter plugin Meteo sur WordPress (2026)","isPartOf":{"@id":"https:\/\/elfsight.com\/fr\/#website"},"datePublished":"2021-11-16T11:40:14+00:00","dateModified":"2024-11-11T10:38:39+00:00","description":"Int\u00e9grez un M\u00e9t\u00e9o attractif sur votre site WordPress. Appliquez la d\u00e9mo d'Elfsight et g\u00e9n\u00e9rez votre plugin en 2 minutes.","breadcrumb":{"@id":"https:\/\/elfsight.com\/fr\/weather-widget\/wordpress\/#breadcrumb"},"inLanguage":"fr-FR","potentialAction":[{"@type":"ReadAction","target":["https:\/\/elfsight.com\/fr\/weather-widget\/wordpress\/"]}]},{"@type":"BreadcrumbList","@id":"https:\/\/elfsight.com\/fr\/weather-widget\/wordpress\/#breadcrumb","itemListElement":[{"@type":"ListItem","position":1,"name":"Home","item":"https:\/\/elfsight.com\/fr\/"},{"@type":"ListItem","position":2,"name":"Weather","item":"https:\/\/elfsight.com\/fr\/weather-widget\/"},{"@type":"ListItem","position":3,"name":"Weather &#8211; WordPress"}]},{"@type":"WebSite","@id":"https:\/\/elfsight.com\/fr\/#website","url":"https:\/\/elfsight.com\/fr\/","name":"Elfsight FR","description":"","potentialAction":[{"@type":"SearchAction","target":{"@type":"EntryPoint","urlTemplate":"https:\/\/elfsight.com\/fr\/?s={search_term_string}"},"query-input":{"@type":"PropertyValueSpecification","valueRequired":true,"valueName":"search_term_string"}}],"inLanguage":"fr-FR"}]}},"meta_box":{"industry":"","seo_heading":"","heading":"","description":"","cta_heading":"","cta_description":"","application":"2496","h1":"Plugin M\u00e9t\u00e9o pour WordPress","h1_caption":"Affichez les informations m\u00e9t\u00e9orologiques actuelles pour n\u2019importe quel endroit de votre site Web pour impliquer sans effort votre public local ou voyageur dans votre site Web WordPress.","application_category":[],"applications_title":"","applications_request_title":"","applications_request_button_text":"","hero_text":"","hero_video":"","hero_video_schema_markup":"","selling_points_title":"","selling_points_caption":"","selling_points":[],"selling_points_cta_text":"","features_title":"","features":"","ed_cta_examples_text":"","ed_cta_examples_hidden":"","ed_cta_demo_text":"","ed_cta_demo_hidden":"","why_caption":"","why_editor_title":"","why_editor_text":"","why_team_title":"","why_team_text":"","why_service_title":"","why_service_text":"","template_catalog_visible":"","template_catalog_title":"","template_catalog_text":"","template_catalog_categories_visible":"","demo_title":"Cr\u00e9ez votre plugin M\u00e9t\u00e9o","demo_caption":"Configurez votre M\u00e9t\u00e9o et ajoutez-la \u00e0 votre site WordPress gratuitement !","default_faq_hidden":"","app_template_category":[],"platform":"18","template_public_id":"","codecanyon_url":"","codecanyon_item_id":"","codecanyon_price":"","pricing_caption":"","pricing_elfsight_apps_hide_column":"","pricing_elfsight_apps_url":"","pricing_codecanyon_price_caption":"","integration_category":[],"integration_request_title":"","integration_request_cta":"","integration_platform":"","integrations":[],"platform_category":[],"video_schema_markup":"","price":"\u00c0 partir de 0$ par mois","trial":"","benefits":[{"text":"Installation gratuite"},{"text":"Support Premium"},{"text":"Garantie de remboursement de 14 jours"},{"text":"L'am\u00e9lioration continue"}],"button_url":"#demo","button_target_blank":"0","button_nofollow":"0","attributes":[{"name":"Nombre d'installations","content":"1,000 - 5,000","_state":"expanded"},{"name":"Adaptif","content":"Oui","_state":"expanded"},{"name":"Navigateurs compatibles","content":"Firefox, Safari, Opera, Chrome, Edge","_state":"expanded"}],"tags":[],"tags_disable_links":"0","hide_more_platforms":"","video_object":"","demo_hide_cta":"0","demo_hide_cloud_options":"0","pricing_title":"","pricing":[{"pricing_icon":"platform","pricing_title":"Applications d'Elfsight","pricing_title_caption":"Solution num\u00e9rique multiplateforme qui fonctionne sur n'importe quel site","pricing_price":"\u00c0 partir de $0\/mois","pricing_price_caption":"Commencez avec un plan gratuit","pricing_benefits":[{"text":"Sites Web illimit\u00e9s"},{"text":"\u00c9quipe d'assistance professionnelle"},{"text":"Service d'installation gratuit"},{"text":"100% personnalisable"}],"pricing_button_text":"Ajouter au site Web","pricing_button_url":"https:\/\/apps.elfsight.com\/sign-up\/","pricing_button_nofollow":"1","_state":"expanded"}],"related_apps_title":"","related_apps_hidden":"1","author":"","image":[],"title":"","job":"","social_networks":[]},"_links":{"self":[{"href":"https:\/\/elfsight.com\/fr\/wp-json\/wp\/v2\/pages\/3791","targetHints":{"allow":["GET"]}}],"collection":[{"href":"https:\/\/elfsight.com\/fr\/wp-json\/wp\/v2\/pages"}],"about":[{"href":"https:\/\/elfsight.com\/fr\/wp-json\/wp\/v2\/types\/page"}],"author":[{"embeddable":true,"href":"https:\/\/elfsight.com\/fr\/wp-json\/wp\/v2\/users\/12"}],"replies":[{"embeddable":true,"href":"https:\/\/elfsight.com\/fr\/wp-json\/wp\/v2\/comments?post=3791"}],"version-history":[{"count":3,"href":"https:\/\/elfsight.com\/fr\/wp-json\/wp\/v2\/pages\/3791\/revisions"}],"predecessor-version":[{"id":14097,"href":"https:\/\/elfsight.com\/fr\/wp-json\/wp\/v2\/pages\/3791\/revisions\/14097"}],"up":[{"embeddable":true,"href":"https:\/\/elfsight.com\/fr\/wp-json\/wp\/v2\/pages\/2497"}],"wp:attachment":[{"href":"https:\/\/elfsight.com\/fr\/wp-json\/wp\/v2\/media?parent=3791"}],"curies":[{"name":"wp","href":"https:\/\/api.w.org\/{rel}","templated":true}]}}