{"id":3770,"date":"2021-11-16T11:40:11","date_gmt":"2021-11-16T11:40:11","guid":{"rendered":"https:\/\/elfsight.com\/fr\/?page_id=3770"},"modified":"2026-01-13T13:52:25","modified_gmt":"2026-01-13T13:52:25","slug":"wordpress","status":"publish","type":"page","link":"https:\/\/elfsight.com\/fr\/social-media-icons-widget\/wordpress\/","title":{"rendered":"Social Media Icons &#8211; WordPress"},"content":{"rendered":"<div class=\"application-platform-content-item-description application-platform-content-item\" id=\"description\" data-nav-section=\"description\"><h2>Int\u00e9grez des ic\u00f4nes de r\u00e9seaux sociaux sur WordPress avec le widget Elfsight<\/h2><p>Plugin pratique et efficace pour Media Icons par Elfsight pour connecter votre site avec les r\u00e9seaux sociaux requis. Renforcez les contacts avec vos utilisateurs en les convertissant en vos fans. Une mise en page r\u00e9active, des param\u00e8tres complets de palette de couleurs et de design avec des ic\u00f4nes pr\u00eates pour tous les m\u00e9dias sociaux.<\/p><p><b>Am\u00e9liorez la port\u00e9e de votre marque sur les r\u00e9seaux sociaux.<\/b><\/p><ul><li><b>Gagnez de nouveaux fans<\/b>.<br>D\u00e9montrez un acc\u00e8s direct \u00e0 vos profils sociaux et augmentez la possibilit\u00e9 que les lecteurs de votre site deviennent vos fans.<\/li><li><b>Couvrez davantage d&rsquo;utilisateurs dans r\u00e9seaux sociaux<\/b>.<br>Am\u00e9liorez la couverture de vos comptes sociaux en attirant constamment les lecteurs du site Web et en les transformant en abonn\u00e9s.<\/li><li><b>Restez toujours en contact avec les utilisateurs<\/b>.<br>Il permet aux visiteurs d&rsquo;utiliser l&rsquo;un des outils de communication suppl\u00e9mentaires et d&rsquo;obtenir de l&rsquo;aide au moyen des m\u00e9dias sociaux.<\/li><li><b>Augmenter l&rsquo;interaction avec les utilisateurs \u00e0 une nouvelle \u00e9tape<\/b>.<br>D\u00e9montrez \u00e0 vos clients actuels et nouveaux davantage de m\u00e9thodes pour se connecter avec vous et am\u00e9liorer la qualit\u00e9 du support.<\/li><\/ul><\/div><div class=\"faq\" data-component=\"FAQ\"><div class=\"faq-item\">\r\n\t\t\t\t\t<div class=\"faq-item-question\">\r\n\t\t\t\t\t\t<h3 class=\"faq-item-question-text\">De quelle mani\u00e8re puis-je int\u00e9grer des ic\u00f4nes sociales sur mon site WordPress ?<\/h3>\r\n\r\n\t\t\t\t\t\t<div class=\"faq-item-question-icon\"><\/div>\r\n\t\t\t\t\t<\/div>\r\n\r\n\t\t\t\t\t<div class=\"faq-item-answer\">\r\n\t\t\t\t\t\t<div class=\"faq-item-answer-text\"><p>La cr\u00e9ation du widget s&rsquo;effectue au sein du site Elfsight et il n&rsquo;est pas n\u00e9cessaire de coder. Acc\u00e9dez \u00e0 notre d\u00e9mo en direct pour cr\u00e9er votre propre outil, obtenez le code et ins\u00e9rez-le dans votre site Web. <\/p><\/div>\r\n\t\t\t\t\t<\/div>\r\n\t\t\t\t<\/div><div class=\"faq-item\">\r\n\t\t\t\t\t<div class=\"faq-item-question\">\r\n\t\t\t\t\t\t<h3 class=\"faq-item-question-text\">Puis-je obtenir des ic\u00f4nes noires des r\u00e9seaux sociaux au moyen de vos %widgets% ?<\/h3>\r\n\r\n\t\t\t\t\t\t<div class=\"faq-item-question-icon\"><\/div>\r\n\t\t\t\t\t<\/div>\r\n\r\n\t\t\t\t\t<div class=\"faq-item-answer\">\r\n\t\t\t\t\t\t<div class=\"faq-item-answer-text\"><p>Un grand nombre de mod\u00e8les sont disponibles\u00a0: liste, galerie, ma\u00e7onnerie, alimentation, grille et bien d&rsquo;autres, ainsi que des param\u00e8tres de disposition mall\u00e9ables pour se conformer \u00e0 vos conditions pr\u00e9alables. Vous \u00eates libre de cr\u00e9er presque tous les widgets qui vous manquent. <\/p><\/div>\r\n\t\t\t\t\t<\/div>\r\n\t\t\t\t<\/div><div class=\"faq-item\">\r\n\t\t\t\t\t<div class=\"faq-item-question\">\r\n\t\t\t\t\t\t<h3 class=\"faq-item-question-text\">Mon plugin Social Icons ne fonctionne pas \/ ne se met pas \u00e0 jour<\/h3>\r\n\r\n\t\t\t\t\t\t<div class=\"faq-item-question-icon\"><\/div>\r\n\t\t\t\t\t<\/div>\r\n\r\n\t\t\t\t\t<div class=\"faq-item-answer\">\r\n\t\t\t\t\t\t<div class=\"faq-item-answer-text\"><p>Si vous rencontrez des probl\u00e8mes avec les widgets de m\u00e9dias sociaux, r\u00e9solvez le personnel de support client. Le support est absolument gratuit pour toute la client\u00e8le Elfsight. <\/p><\/div>\r\n\t\t\t\t\t<\/div>\r\n\t\t\t\t<\/div><\/div><div class=\"application-platform-content-item-features application-platform-content-item\" id=\"features\" data-nav-section=\"features\"><h2>Principales fonctionnalit\u00e9s du widget Ic\u00f4nes de m\u00e9dias sociaux<\/h2><p>Les caract\u00e9ristiques cl\u00e9s qui transforment les ic\u00f4nes de m\u00e9dias Elfsight en les meilleures Plugin social WordPress.<\/p><ul><li>Ajoutez un nouveau m\u00e9dia en ins\u00e9rant simplement une URL \u00e0 votre profil\u00a0;<\/li><li>Modifiez l&rsquo;ordre de la d\u00e9monstration des ic\u00f4nes\u00a0;<\/li><li>Mise en page en ligne pour placer des ic\u00f4nes dans la zone de contenu\u00a0;<\/li><li>Couleurs noir, natif et blanc des ic\u00f4nes en survol\u00a0;<\/li><li>Opacit\u00e9 r\u00e9glable en pourcentage des ic\u00f4nes et en survol.<\/li><\/ul> <p><a href=\"#demo\">\u00c9tudiez les fonctionnalit\u00e9s de base dans notre d\u00e9mo<\/a><\/p><\/div><div class=\"application-platform-content-item-installation application-platform-content-item\" id=\"installation\" data-nav-section=\"installation\"><h2>Comment ajouter le plugin Social Media Icons \u00e0 WordPress<\/h2><div class=\"video-container\"><iframe allowfullscreen=\"\" frameborder=\"0\" height=\"405\" src=\"https:\/\/www.youtube.com\/embed\/l8yWGCndKiI?si=3udcOgKX8vVwpkD6\" width=\"720\"><\/iframe><\/div><p>Suivez simplement plusieurs \u00e9tapes d\u00e9crites ci-dessous pour commencer \u00e0 travailler avec l&rsquo;outil sur WordPress.<\/p> <ol><li><b>Ouvrez notre \u00e9diteur gratuit et commencez \u00e0 cr\u00e9er votre plugin personnalis\u00e9. <\/b><br> Choisissez l&rsquo;apparence et les aspects pr\u00e9f\u00e9r\u00e9s du plugin et enregistrez les corrections. <\/li> <li><b>Recevez le code individuel qui est affich\u00e9 dans la case sur les applications Elfsight. <\/b><br> D\u00e8s que la cr\u00e9ation de vos ic\u00f4nes de m\u00e9dias sociaux est termin\u00e9e, copiez le code personnel de la bo\u00eete qui appara\u00eet et enregistrez-le pour un besoin ult\u00e9rieur. <\/li> <li><b>Commencez \u00e0 utiliser l&rsquo;outil sur votre site Web WordPress. <\/b><br> Int\u00e9grez le code que vous avez copi\u00e9 r\u00e9cemment dans votre site Web et enregistrez les am\u00e9liorations. <\/li> <li><b>Fait\u00a0! La configuration est termin\u00e9e avec succ\u00e8s. <\/b><br> Acc\u00e9dez \u00e0 votre page pour voir comment fonctionne le plugin. <\/li><\/ol> <p>Vous rencontrez des probl\u00e8mes avec les ic\u00f4nes Elfsight Scial sur un site Web\u00a0? Consultez nos instructions d\u00e9taill\u00e9es \u00ab\u00a0<a href=\"https:\/\/elfsight.com\/tutorials\/how-to-add-social-media-icons-to-a-wordpress-website\/\" target=\"_blank\" rel=\"noopener noreferrer\">Comment ajouter des ic\u00f4nes de r\u00e9seaux sociaux \u00e0 WordPress<\/a>\u00bb ou \u00e9crivez un message \u00e0 notre centre d&rsquo;aide.<\/p><p><\/div><\/p><!-- \/wp:html - &gt; \/wp:html -->","protected":false},"excerpt":{"rendered":"","protected":false},"author":12,"featured_media":0,"parent":2342,"menu_order":0,"comment_status":"closed","ping_status":"closed","template":"templates\/template-application-platform.php","meta":{"publish_to_discourse":"","publish_post_category":"","wpdc_auto_publish_overridden":"","wpdc_topic_tags":"","wpdc_pin_topic":"","wpdc_pin_until":"","discourse_post_id":"","discourse_permalink":"","wpdc_publishing_response":"","wpdc_publishing_error":"","footnotes":""},"class_list":["post-3770","page","type-page","status-publish","hentry"],"yoast_head":"<!-- This site is optimized with the Yoast SEO plugin v25.3.1 - https:\/\/yoast.com\/wordpress\/plugins\/seo\/ -->\n<title>Ic\u00f4nes R\u00e9seaux Sociaux - ajouter Logos R\u00e9seaux Sociaux sur WordPress<\/title>\n<meta name=\"description\" content=\"Int\u00e9grez des Ic\u00f4nes R\u00e9seaux Sociaux attractives sur votre site WordPress. Appliquez la d\u00e9mo d&#039;Elfsight et g\u00e9n\u00e9rez votre plugin en 2 minutes.\" \/>\n<meta name=\"robots\" content=\"index, follow, max-snippet:-1, max-image-preview:large, max-video-preview:-1\" \/>\n<link rel=\"canonical\" href=\"https:\/\/elfsight.com\/fr\/social-media-icons-widget\/wordpress\/\" \/>\n<meta property=\"og:locale\" content=\"fr_FR\" \/>\n<meta property=\"og:type\" content=\"article\" \/>\n<meta property=\"og:title\" content=\"Ic\u00f4nes R\u00e9seaux Sociaux - ajouter Logos R\u00e9seaux Sociaux sur WordPress\" \/>\n<meta property=\"og:description\" content=\"Int\u00e9grez des Ic\u00f4nes R\u00e9seaux Sociaux attractives sur votre site WordPress. Appliquez la d\u00e9mo d&#039;Elfsight et g\u00e9n\u00e9rez votre plugin en 2 minutes.\" \/>\n<meta property=\"og:url\" content=\"https:\/\/elfsight.com\/fr\/social-media-icons-widget\/wordpress\/\" \/>\n<meta property=\"og:site_name\" content=\"Elfsight FR\" \/>\n<meta property=\"article:modified_time\" content=\"2026-01-13T13:52:25+00:00\" \/>\n<meta name=\"twitter:card\" content=\"summary_large_image\" \/>\n<meta name=\"twitter:label1\" content=\"Dur\u00e9e de lecture estim\u00e9e\" \/>\n\t<meta name=\"twitter:data1\" content=\"4 minutes\" \/>\n<!-- \/ Yoast SEO plugin. -->","yoast_head_json":{"title":"Ic\u00f4nes R\u00e9seaux Sociaux - ajouter Logos R\u00e9seaux Sociaux sur WordPress","description":"Int\u00e9grez des Ic\u00f4nes R\u00e9seaux Sociaux attractives sur votre site WordPress. Appliquez la d\u00e9mo d'Elfsight et g\u00e9n\u00e9rez votre plugin en 2 minutes.","robots":{"index":"index","follow":"follow","max-snippet":"max-snippet:-1","max-image-preview":"max-image-preview:large","max-video-preview":"max-video-preview:-1"},"canonical":"https:\/\/elfsight.com\/fr\/social-media-icons-widget\/wordpress\/","og_locale":"fr_FR","og_type":"article","og_title":"Ic\u00f4nes R\u00e9seaux Sociaux - ajouter Logos R\u00e9seaux Sociaux sur WordPress","og_description":"Int\u00e9grez des Ic\u00f4nes R\u00e9seaux Sociaux attractives sur votre site WordPress. Appliquez la d\u00e9mo d'Elfsight et g\u00e9n\u00e9rez votre plugin en 2 minutes.","og_url":"https:\/\/elfsight.com\/fr\/social-media-icons-widget\/wordpress\/","og_site_name":"Elfsight FR","article_modified_time":"2026-01-13T13:52:25+00:00","twitter_card":"summary_large_image","twitter_misc":{"Dur\u00e9e de lecture estim\u00e9e":"4 minutes"},"schema":{"@context":"https:\/\/schema.org","@graph":[{"@type":"WebPage","@id":"https:\/\/elfsight.com\/fr\/social-media-icons-widget\/wordpress\/","url":"https:\/\/elfsight.com\/fr\/social-media-icons-widget\/wordpress\/","name":"Ic\u00f4nes R\u00e9seaux Sociaux - ajouter Logos R\u00e9seaux Sociaux sur WordPress","isPartOf":{"@id":"https:\/\/elfsight.com\/fr\/#website"},"datePublished":"2021-11-16T11:40:11+00:00","dateModified":"2026-01-13T13:52:25+00:00","description":"Int\u00e9grez des Ic\u00f4nes R\u00e9seaux Sociaux attractives sur votre site WordPress. Appliquez la d\u00e9mo d'Elfsight et g\u00e9n\u00e9rez votre plugin en 2 minutes.","breadcrumb":{"@id":"https:\/\/elfsight.com\/fr\/social-media-icons-widget\/wordpress\/#breadcrumb"},"inLanguage":"fr-FR","potentialAction":[{"@type":"ReadAction","target":["https:\/\/elfsight.com\/fr\/social-media-icons-widget\/wordpress\/"]}]},{"@type":"BreadcrumbList","@id":"https:\/\/elfsight.com\/fr\/social-media-icons-widget\/wordpress\/#breadcrumb","itemListElement":[{"@type":"ListItem","position":1,"name":"Home","item":"https:\/\/elfsight.com\/fr\/"},{"@type":"ListItem","position":2,"name":"Social Media Icons","item":"https:\/\/elfsight.com\/fr\/social-media-icons-widget\/"},{"@type":"ListItem","position":3,"name":"Social Media Icons &#8211; WordPress"}]},{"@type":"WebSite","@id":"https:\/\/elfsight.com\/fr\/#website","url":"https:\/\/elfsight.com\/fr\/","name":"Elfsight FR","description":"","potentialAction":[{"@type":"SearchAction","target":{"@type":"EntryPoint","urlTemplate":"https:\/\/elfsight.com\/fr\/?s={search_term_string}"},"query-input":{"@type":"PropertyValueSpecification","valueRequired":true,"valueName":"search_term_string"}}],"inLanguage":"fr-FR"}]}},"meta_box":{"industry":"","seo_heading":"","heading":"","description":"","cta_heading":"","cta_description":"","application":"2341","h1":"Plugin Ic\u00f4nes r\u00e9seaux sociaux pour WordPress","h1_caption":"Ajoutez des ic\u00f4nes qui renvoient \u00e0 vos profils de r\u00e9seaux sociaux, permettant aux visiteurs de se connecter facilement avec vous sur toutes les plateformes de votre site Web WordPress sans effort.","application_category":[],"applications_title":"","applications_request_title":"","applications_request_button_text":"","hero_text":"","hero_video":"","hero_video_schema_markup":"","selling_points_title":"","selling_points_caption":"","selling_points":[],"selling_points_cta_text":"","features_title":"","features":"","ed_cta_examples_text":"","ed_cta_examples_hidden":"","ed_cta_demo_text":"","ed_cta_demo_hidden":"","why_caption":"","why_editor_title":"","why_editor_text":"","why_team_title":"","why_team_text":"","why_service_title":"","why_service_text":"","template_catalog_visible":"0","template_catalog_title":"","template_catalog_text":"","template_catalog_categories_visible":"","demo_title":"Cr\u00e9ez votre plugin d'ic\u00f4nes de m\u00e9dias sociaux","demo_caption":"Configurez vos ic\u00f4nes de m\u00e9dias sociaux et ajoutez-les gratuitement \u00e0 votre site Web WordPress !","default_faq_hidden":"","app_template_category":[],"platform":"18","template_public_id":"","codecanyon_url":"","codecanyon_item_id":"","codecanyon_price":"","pricing_caption":"","pricing_elfsight_apps_hide_column":"","pricing_elfsight_apps_url":"","pricing_codecanyon_price_caption":"","integration_category":[],"integration_request_title":"","integration_request_cta":"","integration_platform":"","integrations":[],"platform_category":[],"video_schema_markup":"","price":"\u00c0 partir de 0$ par mois","trial":"","benefits":[{"text":"Installation gratuite"},{"text":"Support Premium"},{"text":"Garantie de remboursement de 14 jours"},{"text":"L'am\u00e9lioration continue"}],"button_url":"#demo","button_target_blank":"0","button_nofollow":"0","attributes":[{"name":"Nombre d'installations","content":"5,000 - 10,000","_state":"expanded"},{"name":"Adaptif","content":"Oui","_state":"expanded"},{"name":"Navigateurs compatibles","content":"Firefox, Safari, Opera, Chrome, Edge","_state":"expanded"}],"tags":[],"tags_disable_links":"0","hide_more_platforms":"0","video_object":"","demo_hide_cta":"0","demo_hide_cloud_options":"0","pricing_title":"","pricing":[{"pricing_icon":"platform","pricing_title":"Applications d'Elfsight","pricing_title_caption":"Solution num\u00e9rique multiplateforme qui fonctionne sur n'importe quel site","pricing_price":"\u00c0 partir de $0\/mois","pricing_price_caption":"Commencez avec un plan gratuit","pricing_benefits":[{"text":"Sites Web illimit\u00e9s"},{"text":"\u00c9quipe d'assistance professionnelle"},{"text":"Service d'installation gratuit"},{"text":"100% personnalisable"}],"pricing_button_text":"Ajouter au site Web","pricing_button_url":"https:\/\/apps.elfsight.com\/sign-up\/","pricing_button_nofollow":"1","_state":"expanded"}],"related_apps_title":"","related_apps_hidden":"1","author":"","image":[],"title":"","job":"","social_networks":[]},"_links":{"self":[{"href":"https:\/\/elfsight.com\/fr\/wp-json\/wp\/v2\/pages\/3770","targetHints":{"allow":["GET"]}}],"collection":[{"href":"https:\/\/elfsight.com\/fr\/wp-json\/wp\/v2\/pages"}],"about":[{"href":"https:\/\/elfsight.com\/fr\/wp-json\/wp\/v2\/types\/page"}],"author":[{"embeddable":true,"href":"https:\/\/elfsight.com\/fr\/wp-json\/wp\/v2\/users\/12"}],"replies":[{"embeddable":true,"href":"https:\/\/elfsight.com\/fr\/wp-json\/wp\/v2\/comments?post=3770"}],"version-history":[{"count":4,"href":"https:\/\/elfsight.com\/fr\/wp-json\/wp\/v2\/pages\/3770\/revisions"}],"predecessor-version":[{"id":16776,"href":"https:\/\/elfsight.com\/fr\/wp-json\/wp\/v2\/pages\/3770\/revisions\/16776"}],"up":[{"embeddable":true,"href":"https:\/\/elfsight.com\/fr\/wp-json\/wp\/v2\/pages\/2342"}],"wp:attachment":[{"href":"https:\/\/elfsight.com\/fr\/wp-json\/wp\/v2\/media?parent=3770"}],"curies":[{"name":"wp","href":"https:\/\/api.w.org\/{rel}","templated":true}]}}