{"id":3769,"date":"2021-11-16T11:40:07","date_gmt":"2021-11-16T11:40:07","guid":{"rendered":"https:\/\/elfsight.com\/fr\/?page_id=3769"},"modified":"2024-12-23T10:13:00","modified_gmt":"2024-12-23T10:13:00","slug":"wordpress","status":"publish","type":"page","link":"https:\/\/elfsight.com\/fr\/paypal-button-widget-generator\/wordpress\/","title":{"rendered":"PayPal Button &#8211; WordPress"},"content":{"rendered":"\n<div class=\"application-platform-content-item-description application-platform-content-item\" id=\"description\" data-nav-section=\"description\">\n<h2>Int\u00e9grez le bouton PayPal sur WordPress avec le widget Elfsight<\/h2>\n<p>Int\u00e9grez un instrument de paiement simple et \u00e9prouv\u00e9 sur votre site Web. Avec le plugin Elfsight PayPal, vous pouvez traiter des paiements uniques, des abonnements r\u00e9currents et des dons de clients. Concevez votre bouton personnalis\u00e9, en choisissant le type de paiement, la devise, la localisation et en transformant l&rsquo;apparence pour le rendre unique. Votre client\u00e8le b\u00e9n\u00e9ficiera d&rsquo;une proc\u00e9dure de paiement rapide et pratique sur votre site Web \u00e0 l&rsquo;aide du bouton PayPal.<\/p>\n<p><b>Profitez de tous les avantages de PayPal pour vos clients et pour vous-m\u00eame !<\/b><\/p>\n<p><b>Un outil de paiement efficace sur votre site Web, sans codage en un instant<\/b>.<br>Pour les acheteurs en ligne, un moyen de paiement pratique et s\u00fbr signifie beaucoup. Construisez votre bouton pour PayPal en utilisant Elfsight et vous installerez une proc\u00e9dure de paiement fiable et rapide pour vos clients. Pas de codage, pas de soucis.<\/p>\n<p><b>Un instrument universel pour traiter les paiements, les abonnements et les dons<\/b>.<br>Permettez \u00e0 vos utilisateurs de payer, de s&rsquo;abonner et de faire un don. Tout cela est disponible dans une solution unique d&rsquo;Elfsight, qui vous permet d&rsquo;\u00e9conomiser du temps et de l&rsquo;argent.<\/p>\n<p><b>L&rsquo;une des variantes de paiement les plus r\u00e9put\u00e9es et les plus r\u00e9pandues sur votre site Web<\/b>.<br>Rendez votre site Web vraiment confortable pour votre client\u00e8le afin d&rsquo;attirer plus de ventes. Permettez aux utilisateurs d&rsquo;effectuer des paiements via un instrument populaire et fiable sur votre site et montrez-leur que vous pouvez faire confiance \u00e0 votre entreprise.<\/p>\n<\/div>\n\n<div class=\"application-platform-content-item-features application-platform-content-item\" id=\"features\" data-nav-section=\"features\">\n<h2>Principales fonctionnalit\u00e9s du widget du bouton PayPal<\/h2>\n<p>V\u00e9rifiez les fonctionnalit\u00e9s qui font de notre widget l&rsquo;un des meilleurs pour les sites Web payants :<\/p>\n<ul>\n    <li>D\u00e9finition de la localisation de vos boutons \u00e0 partir de la liste pr\u00e9d\u00e9finie de pays ;<\/li>\n    <li>Option permettant de d\u00e9finir le prix d&rsquo;exp\u00e9dition ;<\/li>\n    <li>Taille adapt\u00e9e pour un look optimal sur n&rsquo;importe quel appareil ;<\/li>\n    <li>Choix de la couleur du bouton ;<\/li>\n    <li>Afficher ou masquer le texte du logo PayPal.<\/li>\n<\/ul>\n<\/div>\n\n<div class=\"application-platform-content-item-installation application-platform-content-item\" id=\"installation\" data-nav-section=\"installation\">\n<h2>Comment ajouter le plugin PayPal Button au site Web WordPress<\/h2>\n<div class=\"video-container\">\n    <iframe width=\"720\" height=\"405\" src=\"https:\/\/www.youtube.com\/embed\/AqVDLoeIajA\" frameborder=\"0\" allowfullscreen=\"\"><\/iframe>\n<\/div>\n<p>Suivez simplement les \u00e9tapes pr\u00e9sent\u00e9es ci-dessous pour commencer \u00e0 travailler avec le plugin sur WordPress.<\/p>\n<ol>\n    <li><b>Lancez notre \u00e9diteur gratuit et commencez \u00e0 fa\u00e7onner votre instrument personnalis\u00e9.<\/b><br>D\u00e9terminez l&rsquo;apparence et les caract\u00e9ristiques personnalis\u00e9es du widget et enregistrez les corrections.<\/li>\n    <li><b>Acqu\u00e9rir le code individuel qui appara\u00eet dans la fen\u00eatre des applications Elfsight.<\/b><br>Une fois la cr\u00e9ation de votre plugin PayPal Button personnel termin\u00e9e, copiez le code individuel dans la bo\u00eete qui appara\u00eet et conservez-le pour une utilisation ult\u00e9rieure.<\/li>\n    <li><b>Initiez l&rsquo;utilisation de l&rsquo;outil sur votre site WordPress.<\/b><br>Int\u00e9grez le code copi\u00e9 auparavant dans votre site web et appliquez les am\u00e9liorations.<\/li>\n    <li><b>L&rsquo;installation est enti\u00e8rement effectu\u00e9e.<\/b><br>Acc\u00e9dez \u00e0 votre site Web pour voir comment fonctionne le widget.<\/li>\n<\/ol>\n<p>Vous n&rsquo;avez pas r\u00e9ussi \u00e0 cr\u00e9er ou \u00e0 ajouter le widget PayPal sur votre site Web ? Adressez-vous \u00e0 notre centre d&rsquo;assistance.<\/p>\n<\/div>\n\n<div class=\"faq\" data-component=\"FAQ\">\n    <div class=\"faq-item\">\r\n\t\t\t\t\t<div class=\"faq-item-question\">\r\n\t\t\t\t\t\t<h3 class=\"faq-item-question-text\">Comment puis-je int\u00e9grer un bouton PayPal \u00e0 mon WordPress ?<\/h3>\r\n\r\n\t\t\t\t\t\t<div class=\"faq-item-question-icon\"><\/div>\r\n\t\t\t\t\t<\/div>\r\n\r\n\t\t\t\t\t<div class=\"faq-item-answer\">\r\n\t\t\t\t\t\t<div class=\"faq-item-answer-text\">\n        <p>La construction de l&rsquo;outil se d\u00e9roule sur le site Web Elfsight et vous n&rsquo;avez pas besoin de coder. Appliquez notre d\u00e9mo active pour personnaliser votre widget personnel, acqu\u00e9rez le code et impl\u00e9mentez-le dans votre site.<\/p>\n    <\/div>\r\n\t\t\t\t\t<\/div>\r\n\t\t\t\t<\/div>\n    <div class=\"faq-item\">\r\n\t\t\t\t\t<div class=\"faq-item-question\">\r\n\t\t\t\t\t\t<h3 class=\"faq-item-question-text\">Les meilleurs exemples d'utilisation de l'int\u00e9gration PayPal<\/h3>\r\n\r\n\t\t\t\t\t\t<div class=\"faq-item-question-icon\"><\/div>\r\n\t\t\t\t\t<\/div>\r\n\r\n\t\t\t\t\t<div class=\"faq-item-answer\">\r\n\t\t\t\t\t\t<div class=\"faq-item-answer-text\">\n        <p>Nous vous offrons de nombreuses possibilit\u00e9s d&rsquo;ajustement : des widgets grandeur nature \u00e0 ins\u00e9rer dans la zone de contenu, des widgets flottants pour les opportunit\u00e9s de d\u00e9filement, des mises en page pour le pied de page de votre site Web, la section d&rsquo;en-t\u00eate et toutes les variantes de possibilit\u00e9s verticales pour les barres lat\u00e9rales et les menus.<\/p>\n    <\/div>\r\n\t\t\t\t\t<\/div>\r\n\t\t\t\t<\/div>\n    <div class=\"faq-item\">\r\n\t\t\t\t\t<div class=\"faq-item-question\">\r\n\t\t\t\t\t\t<h3 class=\"faq-item-question-text\">Puis-je cr\u00e9er un bouton PayPal de paiement ou de don par l'interm\u00e9diaire de votre \u00e9diteur ?<\/h3>\r\n\r\n\t\t\t\t\t\t<div class=\"faq-item-question-icon\"><\/div>\r\n\t\t\t\t\t<\/div>\r\n\r\n\t\t\t\t\t<div class=\"faq-item-answer\">\r\n\t\t\t\t\t\t<div class=\"faq-item-answer-text\">\n        <p>Vous \u00eates libre de cr\u00e9er des variantes de n&rsquo;importe quel widget. Il existe un large \u00e9ventail de mises en page disponibles dans l&rsquo;\u00e9diteur, et toutes peuvent \u00eatre rapidement ajust\u00e9es \u00e0 votre guise.<\/p>\n    <\/div>\r\n\t\t\t\t\t<\/div>\r\n\t\t\t\t<\/div>\n<\/div>\n\n","protected":false},"excerpt":{"rendered":"","protected":false},"author":12,"featured_media":0,"parent":1677,"menu_order":0,"comment_status":"closed","ping_status":"closed","template":"templates\/template-application-platform.php","meta":{"publish_to_discourse":"","publish_post_category":"","wpdc_auto_publish_overridden":"","wpdc_topic_tags":"","wpdc_pin_topic":"","wpdc_pin_until":"","discourse_post_id":"","discourse_permalink":"","wpdc_publishing_response":"","wpdc_publishing_error":"","footnotes":""},"class_list":["post-3769","page","type-page","status-publish","hentry"],"yoast_head":"<!-- This site is optimized with the Yoast SEO plugin v25.3.1 - https:\/\/yoast.com\/wordpress\/plugins\/seo\/ -->\n<title>Bouton Don PayPal - ajouter Bouton PayPal plugin sur WordPress<\/title>\n<meta name=\"description\" content=\"Int\u00e9grez un Bouton Don PayPal attractif sur votre site WordPress. Appliquez la d\u00e9mo d&#039;Elfsight et g\u00e9n\u00e9rez votre plugin en deux minutes.\" \/>\n<meta name=\"robots\" content=\"index, follow, max-snippet:-1, max-image-preview:large, max-video-preview:-1\" \/>\n<link rel=\"canonical\" href=\"https:\/\/elfsight.com\/fr\/paypal-button-widget-generator\/wordpress\/\" \/>\n<meta property=\"og:locale\" content=\"fr_FR\" \/>\n<meta property=\"og:type\" content=\"article\" \/>\n<meta property=\"og:title\" content=\"Bouton Don PayPal - ajouter Bouton PayPal plugin sur WordPress\" \/>\n<meta property=\"og:description\" content=\"Int\u00e9grez un Bouton Don PayPal attractif sur votre site WordPress. Appliquez la d\u00e9mo d&#039;Elfsight et g\u00e9n\u00e9rez votre plugin en deux minutes.\" \/>\n<meta property=\"og:url\" content=\"https:\/\/elfsight.com\/fr\/paypal-button-widget-generator\/wordpress\/\" \/>\n<meta property=\"og:site_name\" content=\"Elfsight FR\" \/>\n<meta property=\"article:modified_time\" content=\"2024-12-23T10:13:00+00:00\" \/>\n<meta name=\"twitter:card\" content=\"summary_large_image\" \/>\n<meta name=\"twitter:label1\" content=\"Dur\u00e9e de lecture estim\u00e9e\" \/>\n\t<meta name=\"twitter:data1\" content=\"4 minutes\" \/>\n<!-- \/ Yoast SEO plugin. -->","yoast_head_json":{"title":"Bouton Don PayPal - ajouter Bouton PayPal plugin sur WordPress","description":"Int\u00e9grez un Bouton Don PayPal attractif sur votre site WordPress. Appliquez la d\u00e9mo d'Elfsight et g\u00e9n\u00e9rez votre plugin en deux minutes.","robots":{"index":"index","follow":"follow","max-snippet":"max-snippet:-1","max-image-preview":"max-image-preview:large","max-video-preview":"max-video-preview:-1"},"canonical":"https:\/\/elfsight.com\/fr\/paypal-button-widget-generator\/wordpress\/","og_locale":"fr_FR","og_type":"article","og_title":"Bouton Don PayPal - ajouter Bouton PayPal plugin sur WordPress","og_description":"Int\u00e9grez un Bouton Don PayPal attractif sur votre site WordPress. Appliquez la d\u00e9mo d'Elfsight et g\u00e9n\u00e9rez votre plugin en deux minutes.","og_url":"https:\/\/elfsight.com\/fr\/paypal-button-widget-generator\/wordpress\/","og_site_name":"Elfsight FR","article_modified_time":"2024-12-23T10:13:00+00:00","twitter_card":"summary_large_image","twitter_misc":{"Dur\u00e9e de lecture estim\u00e9e":"4 minutes"},"schema":{"@context":"https:\/\/schema.org","@graph":[{"@type":"WebPage","@id":"https:\/\/elfsight.com\/fr\/paypal-button-widget-generator\/wordpress\/","url":"https:\/\/elfsight.com\/fr\/paypal-button-widget-generator\/wordpress\/","name":"Bouton Don PayPal - ajouter Bouton PayPal plugin sur WordPress","isPartOf":{"@id":"https:\/\/elfsight.com\/fr\/#website"},"datePublished":"2021-11-16T11:40:07+00:00","dateModified":"2024-12-23T10:13:00+00:00","description":"Int\u00e9grez un Bouton Don PayPal attractif sur votre site WordPress. Appliquez la d\u00e9mo d'Elfsight et g\u00e9n\u00e9rez votre plugin en deux minutes.","breadcrumb":{"@id":"https:\/\/elfsight.com\/fr\/paypal-button-widget-generator\/wordpress\/#breadcrumb"},"inLanguage":"fr-FR","potentialAction":[{"@type":"ReadAction","target":["https:\/\/elfsight.com\/fr\/paypal-button-widget-generator\/wordpress\/"]}]},{"@type":"BreadcrumbList","@id":"https:\/\/elfsight.com\/fr\/paypal-button-widget-generator\/wordpress\/#breadcrumb","itemListElement":[{"@type":"ListItem","position":1,"name":"Home","item":"https:\/\/elfsight.com\/fr\/"},{"@type":"ListItem","position":2,"name":"PayPal Button","item":"https:\/\/elfsight.com\/fr\/paypal-button-widget-generator\/"},{"@type":"ListItem","position":3,"name":"PayPal Button &#8211; WordPress"}]},{"@type":"WebSite","@id":"https:\/\/elfsight.com\/fr\/#website","url":"https:\/\/elfsight.com\/fr\/","name":"Elfsight FR","description":"","potentialAction":[{"@type":"SearchAction","target":{"@type":"EntryPoint","urlTemplate":"https:\/\/elfsight.com\/fr\/?s={search_term_string}"},"query-input":{"@type":"PropertyValueSpecification","valueRequired":true,"valueName":"search_term_string"}}],"inLanguage":"fr-FR"}]}},"meta_box":{"industry":"","seo_heading":"","heading":"","description":"","cta_heading":"","cta_description":"","application":"1670","h1":"Plugin Bouton Don PayPal WordPress","h1_caption":"Introduisez l'un des modes de paiement les plus fiables sur votre site Web","application_category":[],"applications_title":"","applications_request_title":"","applications_request_button_text":"","hero_text":"","hero_video":"","hero_video_schema_markup":"","selling_points_title":"","selling_points_caption":"","selling_points":[],"selling_points_cta_text":"","features_title":"","features":"","ed_cta_examples_text":"","ed_cta_examples_hidden":"","ed_cta_demo_text":"","ed_cta_demo_hidden":"","why_caption":"","why_editor_title":"","why_editor_text":"","why_team_title":"","why_team_text":"","why_service_title":"","why_service_text":"","template_catalog_visible":"0","template_catalog_title":"","template_catalog_text":"","template_catalog_categories_visible":"","demo_title":"Cr\u00e9ez votre plugin bouton PayPal","demo_caption":"Configurez votre bouton PayPal et ajoutez-le \u00e0 votre site WordPress gratuitement !","default_faq_hidden":"","app_template_category":[],"platform":"18","template_public_id":"","codecanyon_url":"","codecanyon_item_id":"","codecanyon_price":"","pricing_caption":"","pricing_elfsight_apps_hide_column":"","pricing_elfsight_apps_url":"","pricing_codecanyon_price_caption":"","integration_category":[],"integration_request_title":"","integration_request_cta":"","integration_platform":"","integrations":[],"platform_category":[],"video_schema_markup":"","price":"\u00c0 partir de 0$ par mois","trial":"","benefits":[{"text":"Installation gratuite"},{"text":"Support Premium"},{"text":"Garantie de remboursement de 14 jours"},{"text":"L'am\u00e9lioration continue"}],"button_url":"#demo","button_target_blank":"0","button_nofollow":"0","attributes":[{"name":"Nombre d'installations","content":"5,000 - 10,000","_state":"expanded"},{"name":"Adaptif","content":"Oui","_state":"expanded"},{"name":"Navigateurs compatibles","content":"Firefox, Safari, Opera, Chrome, Edge","_state":"expanded"}],"tags":[],"tags_disable_links":"0","hide_more_platforms":"","video_object":"","demo_hide_cta":"0","demo_hide_cloud_options":"0","pricing_title":"","pricing":[{"pricing_icon":"platform","pricing_title":"Applications d'Elfsight","pricing_title_caption":"Solution num\u00e9rique multiplateforme qui fonctionne sur n'importe quel site","pricing_price":"\u00c0 partir de $0\/mois","pricing_price_caption":"Commencez avec un plan gratuit","pricing_benefits":[{"text":"Sites Web illimit\u00e9s"},{"text":"\u00c9quipe d'assistance professionnelle"},{"text":"Service d'installation gratuit"},{"text":"100% personnalisable"}],"pricing_button_text":"Ajouter au site Web","pricing_button_url":"https:\/\/apps.elfsight.com\/sign-up\/","pricing_button_nofollow":"1","_state":"expanded"}],"related_apps_title":"","related_apps_hidden":"1","author":"","image":[],"title":"","job":"","social_networks":[]},"_links":{"self":[{"href":"https:\/\/elfsight.com\/fr\/wp-json\/wp\/v2\/pages\/3769","targetHints":{"allow":["GET"]}}],"collection":[{"href":"https:\/\/elfsight.com\/fr\/wp-json\/wp\/v2\/pages"}],"about":[{"href":"https:\/\/elfsight.com\/fr\/wp-json\/wp\/v2\/types\/page"}],"author":[{"embeddable":true,"href":"https:\/\/elfsight.com\/fr\/wp-json\/wp\/v2\/users\/12"}],"replies":[{"embeddable":true,"href":"https:\/\/elfsight.com\/fr\/wp-json\/wp\/v2\/comments?post=3769"}],"version-history":[{"count":4,"href":"https:\/\/elfsight.com\/fr\/wp-json\/wp\/v2\/pages\/3769\/revisions"}],"predecessor-version":[{"id":16011,"href":"https:\/\/elfsight.com\/fr\/wp-json\/wp\/v2\/pages\/3769\/revisions\/16011"}],"up":[{"embeddable":true,"href":"https:\/\/elfsight.com\/fr\/wp-json\/wp\/v2\/pages\/1677"}],"wp:attachment":[{"href":"https:\/\/elfsight.com\/fr\/wp-json\/wp\/v2\/media?parent=3769"}],"curies":[{"name":"wp","href":"https:\/\/api.w.org\/{rel}","templated":true}]}}