{"id":3767,"date":"2021-11-16T11:40:03","date_gmt":"2021-11-16T11:40:03","guid":{"rendered":"https:\/\/elfsight.com\/fr\/?page_id=3767"},"modified":"2024-11-11T10:43:21","modified_gmt":"2024-11-11T10:43:21","slug":"wordpress","status":"publish","type":"page","link":"https:\/\/elfsight.com\/fr\/slider-widget\/wordpress\/","title":{"rendered":"Slider &#8211; WordPress"},"content":{"rendered":"<div class=\"application-platform-content-item-description application-platform-content-item\" id=\"description\" data-nav-section=\"description\"><h2>Int\u00e9grer Slider sur WordPress avec le widget Elfsight<\/h2> <p>Elfsight Photo &amp; Image Slider est un outil simple et r\u00e9actif vous permettant d&rsquo;attirer l&rsquo;attention des visiteurs du site en leur affichant plusieurs images, vid\u00e9os ou les meilleures offres de votre site. N&rsquo;h\u00e9sitez pas \u00e0 utiliser le nombre de diapositives n\u00e9cessaire pour pr\u00e9senter vos produits et marquer les offres phares. Ajoutez des effets sp\u00e9ciaux et redimensionnez la taille de l&rsquo;image\/vid\u00e9o selon vos besoins. Avec l&rsquo;aide de notre outil, vous r\u00e9ussirez \u00e0 cr\u00e9er un slider bien marqu\u00e9 qui attirera l&rsquo;attention des utilisateurs et ne les laissera pas quitter votre site Web pr\u00e9cipitamment.<\/p><p><b>Donnez \u00e0 vos propositions un aspect tentant. et atteignez vos objectifs commerciaux avec le plugin Slider\u00a0!<\/b><\/p><p><b>Un plus grand engagement des utilisateurs<\/b><br>Le widget Image Slider vous offre de charmants effets visuels qui rendront votre contenu incontournable pour les utilisateurs les motivant \u00e0 interagir avec lui et \u00e0 entreprendre les actions cibl\u00e9es.<\/p><p><b>R\u00e9visez l&rsquo;exp\u00e9rience utilisateur<\/b><br>Int\u00e9grez les visuels les plus attrayants dans un seul endroit attrayant pour rendre la visite de votre site fluide et fluide. simple, attirant ainsi de nouveaux publics.<\/p><p><b>Augmentez vos ventes<\/b><br>Mettez l&rsquo;accent sur vos projets, les plus belles \u0153uvres ou les num\u00e9ros pr\u00e9sent\u00e9s \u00e0 l&rsquo;aide d&rsquo;un plugin Slider qui d\u00e9place les utilisateurs directement vers le achat.<\/p><\/div><div class=\"faq\" data-component=\"FAQ\"><div class=\"faq-item\">\r\n\t\t\t\t\t<div class=\"faq-item-question\">\r\n\t\t\t\t\t\t<h3 class=\"faq-item-question-text\">Comment puis-je int\u00e9grer un Slider \u00e0 mon site WordPress ? <\/h3>\r\n\r\n\t\t\t\t\t\t<div class=\"faq-item-question-icon\"><\/div>\r\n\t\t\t\t\t<\/div>\r\n\r\n\t\t\t\t\t<div class=\"faq-item-answer\">\r\n\t\t\t\t\t\t<div class=\"faq-item-answer-text\"><p>La cr\u00e9ation du widget se produit au sein du site Elfsight et il n&rsquo;est pas n\u00e9cessaire de coder. Utilisez la d\u00e9mo en ligne pour cr\u00e9er votre propre outil, r\u00e9cup\u00e9rez le code et collez-le dans votre site. <\/p><\/div>\r\n\t\t\t\t\t<\/div>\r\n\t\t\t\t<\/div><div class=\"faq-item\">\r\n\t\t\t\t\t<div class=\"faq-item-question\">\r\n\t\t\t\t\t\t<h3 class=\"faq-item-question-text\">Les meilleurs exemples d'utilisation de l'int\u00e9gration de curseurs d'images r\u00e9actifs<\/h3>\r\n\r\n\t\t\t\t\t\t<div class=\"faq-item-question-icon\"><\/div>\r\n\t\t\t\t\t<\/div>\r\n\r\n\t\t\t\t\t<div class=\"faq-item-answer\">\r\n\t\t\t\t\t\t<div class=\"faq-item-answer-text\"><p>Nous offrons une multitude d&rsquo;opportunit\u00e9s de personnalisation\u00a0: des widgets complets \u00e0 int\u00e9grer dans la section de contenu, des widgets flottants avec des options de d\u00e9filement, des dispositions pour le pied de page, l&rsquo;en-t\u00eate et toutes sortes d&rsquo;options verticales pour les barres lat\u00e9rales et les menus. <\/p><\/div>\r\n\t\t\t\t\t<\/div>\r\n\t\t\t\t<\/div><div class=\"faq-item\">\r\n\t\t\t\t\t<div class=\"faq-item-question\">\r\n\t\t\t\t\t\t<h3 class=\"faq-item-question-text\">Existe-t-il une option pour cr\u00e9er une vid\u00e9o ou un slider vid\u00e9o par l'interm\u00e9diaire de l'\u00e9diteur ? <\/h3>\r\n\r\n\t\t\t\t\t\t<div class=\"faq-item-question-icon\"><\/div>\r\n\t\t\t\t\t<\/div>\r\n\r\n\t\t\t\t\t<div class=\"faq-item-answer\">\r\n\t\t\t\t\t\t<div class=\"faq-item-answer-text\"><p>Vous \u00eates libre de cr\u00e9er les modifications de n&rsquo;importe quel widget. De nombreuses mises en page sont \u00e0 votre disposition dans l&rsquo;\u00e9diteur, et elles peuvent toutes \u00eatre rapidement personnalis\u00e9es selon vos besoins. <\/p><\/div>\r\n\t\t\t\t\t<\/div>\r\n\t\t\t\t<\/div><\/div><div class=\"application-platform-content-item-features application-platform-content-item\" id=\"features\" data-nav-section=\"features\"><h2>Principales fonctionnalit\u00e9s du widget Slider<\/h2><p>Voir toutes les fonctionnalit\u00e9s du produit. Ils sont disponibles directement dans l&rsquo;\u00e9diteur et vous aideront \u00e0 fa\u00e7onner le plugin le plus adapt\u00e9 \u00e0 votre cas d&rsquo;utilisation.<\/p><ul><li>Utilisez des CTA pour guider les visiteurs du site vers votre objectif.<\/li><li> Modifiez la dur\u00e9e de changement de diapositive.<\/li><li>Choisissez entre les options de pagination.<\/li><li>Placez votre contenu o\u00f9 vous le souhaitez sur la page \u00e0 l&rsquo;aide de la position avanc\u00e9e.<\/li><li>Modifiez cinq contenus fonctions.<\/li><\/ul><p>Essayez toutes les autres fonctions de la d\u00e9mo<\/p><\/div><div class=\"application-platform-content-item-installation application-platform-content-item\" id=\"installation\" data-nav-section=\"installation\"><h2>Comment ajouter le plugin Image Slider \u00e0 mon site WordPress\u00a0? <\/h2><div class=\"video-container\"><iframe width=\"720\" height=\"405\" src=\"https:\/\/www.youtube.com\/embed\/t9CJZRbFXaA\" frameborder=\"0\" allowfullscreen=\"\"><\/iframe><\/div>Pour int\u00e9grer le produit, suivez simplement ces \u00e9tapes rapides\u00a0:<ol><li><b>G\u00e9rez notre \u00e9diteur gratuit et commencez \u00e0 cr\u00e9er votre plugin Slider r\u00e9actif personnalis\u00e9. <\/b><br> Sp\u00e9cifiez la forme et les fonctionnalit\u00e9s pr\u00e9f\u00e9rables du plugin et appliquez toutes les modifications. <\/li> <li><b>Acqu\u00e9rez votre code personnel qui est affich\u00e9 dans le formulaire sp\u00e9cial sur Elfsight Apps. <\/b><br> D\u00e8s que la configuration de votre plugin personnel est termin\u00e9e, copiez votre code dans la fen\u00eatre qui appara\u00eet et enregistrez-le pour une prochaine occasion. <\/li> <li><b>Commencez \u00e0 utiliser le plugin sur votre site WordPress. <\/b><br> Saisissez le code copi\u00e9 r\u00e9cemment dans votre page et appliquez les modifications. <\/li> <li><b>L&rsquo;installation s&rsquo;est termin\u00e9e avec succ\u00e8s. <\/b><br> Visitez votre site pour voir en action comment fonctionne le plugin. <\/li><\/ol><p>N&rsquo;h\u00e9sitez pas \u00e0 contacter le support client d&rsquo;Elfsight si vous avez besoin d&rsquo;aide ou si vous avez des questions. Nos sp\u00e9cialistes se feront un plaisir de r\u00e9pondre \u00e0 chaque demande.<\/p><\/div>","protected":false},"excerpt":{"rendered":"","protected":false},"author":12,"featured_media":0,"parent":1532,"menu_order":0,"comment_status":"closed","ping_status":"closed","template":"templates\/template-application-platform.php","meta":{"publish_to_discourse":"","publish_post_category":"","wpdc_auto_publish_overridden":"","wpdc_topic_tags":"","wpdc_pin_topic":"","wpdc_pin_until":"","discourse_post_id":"","discourse_permalink":"","wpdc_publishing_response":"","wpdc_publishing_error":"","footnotes":""},"class_list":["post-3767","page","type-page","status-publish","hentry"],"yoast_head":"<!-- This site is optimized with the Yoast SEO plugin v25.3.1 - https:\/\/yoast.com\/wordpress\/plugins\/seo\/ -->\n<title>Diapo - ajouter plugin Diaporama sur WordPress (2025)<\/title>\n<meta name=\"description\" content=\"Int\u00e9grez un Diapo attractif sur votre site WordPress. Appliquez la d\u00e9mo d&#039;Elfsight et g\u00e9n\u00e9rez votre plugin en deux minutes.\" \/>\n<meta name=\"robots\" content=\"index, follow, max-snippet:-1, max-image-preview:large, max-video-preview:-1\" \/>\n<link rel=\"canonical\" href=\"https:\/\/elfsight.com\/fr\/slider-widget\/wordpress\/\" \/>\n<meta property=\"og:locale\" content=\"fr_FR\" \/>\n<meta property=\"og:type\" content=\"article\" \/>\n<meta property=\"og:title\" content=\"Diapo - ajouter plugin Diaporama sur WordPress (2025)\" \/>\n<meta property=\"og:description\" content=\"Int\u00e9grez un Diapo attractif sur votre site WordPress. Appliquez la d\u00e9mo d&#039;Elfsight et g\u00e9n\u00e9rez votre plugin en deux minutes.\" \/>\n<meta property=\"og:url\" content=\"https:\/\/elfsight.com\/fr\/slider-widget\/wordpress\/\" \/>\n<meta property=\"og:site_name\" content=\"Elfsight FR\" \/>\n<meta property=\"article:modified_time\" content=\"2024-11-11T10:43:21+00:00\" \/>\n<meta name=\"twitter:card\" content=\"summary_large_image\" \/>\n<meta name=\"twitter:label1\" content=\"Dur\u00e9e de lecture estim\u00e9e\" \/>\n\t<meta name=\"twitter:data1\" content=\"1 minute\" \/>\n<!-- \/ Yoast SEO plugin. -->","yoast_head_json":{"title":"Diapo - ajouter plugin Diaporama sur WordPress (2025)","description":"Int\u00e9grez un Diapo attractif sur votre site WordPress. Appliquez la d\u00e9mo d'Elfsight et g\u00e9n\u00e9rez votre plugin en deux minutes.","robots":{"index":"index","follow":"follow","max-snippet":"max-snippet:-1","max-image-preview":"max-image-preview:large","max-video-preview":"max-video-preview:-1"},"canonical":"https:\/\/elfsight.com\/fr\/slider-widget\/wordpress\/","og_locale":"fr_FR","og_type":"article","og_title":"Diapo - ajouter plugin Diaporama sur WordPress (2025)","og_description":"Int\u00e9grez un Diapo attractif sur votre site WordPress. Appliquez la d\u00e9mo d'Elfsight et g\u00e9n\u00e9rez votre plugin en deux minutes.","og_url":"https:\/\/elfsight.com\/fr\/slider-widget\/wordpress\/","og_site_name":"Elfsight FR","article_modified_time":"2024-11-11T10:43:21+00:00","twitter_card":"summary_large_image","twitter_misc":{"Dur\u00e9e de lecture estim\u00e9e":"1 minute"},"schema":{"@context":"https:\/\/schema.org","@graph":[{"@type":"WebPage","@id":"https:\/\/elfsight.com\/fr\/slider-widget\/wordpress\/","url":"https:\/\/elfsight.com\/fr\/slider-widget\/wordpress\/","name":"Diapo - ajouter plugin Diaporama sur WordPress (2025)","isPartOf":{"@id":"https:\/\/elfsight.com\/fr\/#website"},"datePublished":"2021-11-16T11:40:03+00:00","dateModified":"2024-11-11T10:43:21+00:00","description":"Int\u00e9grez un Diapo attractif sur votre site WordPress. Appliquez la d\u00e9mo d'Elfsight et g\u00e9n\u00e9rez votre plugin en deux minutes.","breadcrumb":{"@id":"https:\/\/elfsight.com\/fr\/slider-widget\/wordpress\/#breadcrumb"},"inLanguage":"fr-FR","potentialAction":[{"@type":"ReadAction","target":["https:\/\/elfsight.com\/fr\/slider-widget\/wordpress\/"]}]},{"@type":"BreadcrumbList","@id":"https:\/\/elfsight.com\/fr\/slider-widget\/wordpress\/#breadcrumb","itemListElement":[{"@type":"ListItem","position":1,"name":"Home","item":"https:\/\/elfsight.com\/fr\/"},{"@type":"ListItem","position":2,"name":"Slider","item":"https:\/\/elfsight.com\/fr\/slider-widget\/"},{"@type":"ListItem","position":3,"name":"Slider &#8211; WordPress"}]},{"@type":"WebSite","@id":"https:\/\/elfsight.com\/fr\/#website","url":"https:\/\/elfsight.com\/fr\/","name":"Elfsight FR","description":"","potentialAction":[{"@type":"SearchAction","target":{"@type":"EntryPoint","urlTemplate":"https:\/\/elfsight.com\/fr\/?s={search_term_string}"},"query-input":{"@type":"PropertyValueSpecification","valueRequired":true,"valueName":"search_term_string"}}],"inLanguage":"fr-FR"}]}},"meta_box":{"industry":"","seo_heading":"","heading":"","description":"","cta_heading":"","cta_description":"","application":"1525","h1":"Plugin Diapo WordPress","h1_caption":"Ajoutez un curseur d\u2019image ou de contenu \u00e0 votre site Web pour pr\u00e9senter sans effort des visuels, des promotions ou du contenu cl\u00e9 de mani\u00e8re dynamique dans votre site Web WordPress.","application_category":[],"applications_title":"","applications_request_title":"","applications_request_button_text":"","hero_text":"","hero_video":"","hero_video_schema_markup":"","selling_points_title":"","selling_points_caption":"","selling_points":[],"selling_points_cta_text":"","features_title":"","features":"","ed_cta_examples_text":"","ed_cta_examples_hidden":"","ed_cta_demo_text":"","ed_cta_demo_hidden":"","why_caption":"","why_editor_title":"","why_editor_text":"","why_team_title":"","why_team_text":"","why_service_title":"","why_service_text":"","template_catalog_visible":"","template_catalog_title":"","template_catalog_text":"","template_catalog_categories_visible":"","demo_title":"Cr\u00e9ez votre plugin Slider","demo_caption":"Configurez votre Slider et ajoutez-le \u00e0 votre site WordPress gratuitement !","default_faq_hidden":"","app_template_category":[],"platform":"18","template_public_id":"","codecanyon_url":"","codecanyon_item_id":"","codecanyon_price":"","pricing_caption":"","pricing_elfsight_apps_hide_column":"","pricing_elfsight_apps_url":"","pricing_codecanyon_price_caption":"","integration_category":[],"integration_request_title":"","integration_request_cta":"","integration_platform":"","integrations":[],"platform_category":[],"video_schema_markup":"","price":"\u00c0 partir de 0$ par mois","trial":"","benefits":[{"text":"Installation gratuite"},{"text":"Support Premium"},{"text":"Garantie de remboursement de 14 jours"},{"text":"L'am\u00e9lioration continue"}],"button_url":"#demo","button_target_blank":"0","button_nofollow":"0","attributes":[{"name":"Nombre d'installations","content":"10,000 - 25,000","_state":"expanded"},{"name":"Adaptif","content":"Oui","_state":"expanded"},{"name":"Navigateurs compatibles","content":"Firefox, Safari, Opera, Chrome, Edge","_state":"expanded"}],"tags":[],"tags_disable_links":"0","hide_more_platforms":"","video_object":"","demo_hide_cta":"0","demo_hide_cloud_options":"0","pricing_title":"","pricing":[{"pricing_icon":"platform","pricing_title":"Applications d'Elfsight","pricing_title_caption":"Solution num\u00e9rique multiplateforme qui fonctionne sur n'importe quel site","pricing_price":"\u00c0 partir de $0\/mois","pricing_price_caption":"Commencez avec un plan gratuit","pricing_benefits":[{"text":"Sites Web illimit\u00e9s"},{"text":"\u00c9quipe d'assistance professionnelle"},{"text":"Service d'installation gratuit"},{"text":"100% personnalisable"}],"pricing_button_text":"Ajouter au site Web","pricing_button_url":"https:\/\/apps.elfsight.com\/sign-up\/","pricing_button_nofollow":"1","_state":"expanded"}],"related_apps_title":"","related_apps_hidden":"1","author":"","image":[],"title":"","job":"","social_networks":[]},"_links":{"self":[{"href":"https:\/\/elfsight.com\/fr\/wp-json\/wp\/v2\/pages\/3767","targetHints":{"allow":["GET"]}}],"collection":[{"href":"https:\/\/elfsight.com\/fr\/wp-json\/wp\/v2\/pages"}],"about":[{"href":"https:\/\/elfsight.com\/fr\/wp-json\/wp\/v2\/types\/page"}],"author":[{"embeddable":true,"href":"https:\/\/elfsight.com\/fr\/wp-json\/wp\/v2\/users\/12"}],"replies":[{"embeddable":true,"href":"https:\/\/elfsight.com\/fr\/wp-json\/wp\/v2\/comments?post=3767"}],"version-history":[{"count":3,"href":"https:\/\/elfsight.com\/fr\/wp-json\/wp\/v2\/pages\/3767\/revisions"}],"predecessor-version":[{"id":14076,"href":"https:\/\/elfsight.com\/fr\/wp-json\/wp\/v2\/pages\/3767\/revisions\/14076"}],"up":[{"embeddable":true,"href":"https:\/\/elfsight.com\/fr\/wp-json\/wp\/v2\/pages\/1532"}],"wp:attachment":[{"href":"https:\/\/elfsight.com\/fr\/wp-json\/wp\/v2\/media?parent=3767"}],"curies":[{"name":"wp","href":"https:\/\/api.w.org\/{rel}","templated":true}]}}