{"id":3766,"date":"2021-11-16T11:40:00","date_gmt":"2021-11-16T11:40:00","guid":{"rendered":"https:\/\/elfsight.com\/fr\/?page_id=3766"},"modified":"2025-12-19T10:44:39","modified_gmt":"2025-12-19T10:44:39","slug":"wordpress","status":"publish","type":"page","link":"https:\/\/elfsight.com\/fr\/event-calendar-widget\/wordpress\/","title":{"rendered":"Event Calendar &#8211; WordPress"},"content":{"rendered":"\n<div class=\"application-platform-content-item-description application-platform-content-item\" id=\"description\" data-nav-section=\"description\"> <h2>Int\u00e9grer le calendrier des \u00e9v\u00e9nements avec le widget Elfsight<\/h2> <p>Le plugin Calendrier est un outil remarquable qui vous permet de partager sans effort vos \u00e9v\u00e9nements avec le reste du monde. Il offre de nombreuses possibilit\u00e9s pour afficher les \u00e9v\u00e9nements \u00e0 venir de la mani\u00e8re la plus majestueuse. Personnalisez-le pour combiner le design avec l\u2019esth\u00e9tique de votre page. Cr\u00e9ez plusieurs \u00e9v\u00e9nements, ajoutez plusieurs balises, t\u00e9l\u00e9chargez vos propres photos et vid\u00e9os et tenez les visiteurs inform\u00e9s de votre agenda. Tout dans le plugin de calendrier est con\u00e7u pour r\u00e9pondre aux besoins r\u00e9els du march\u00e9 et am\u00e9liorer l&rsquo;exp\u00e9rience du public.<\/p> <p><b>Le plugin Events Calendar peut vous aider \u00e0 promouvoir facilement vos activit\u00e9s \u00e0 venir et \u00e0 am\u00e9liorer le niveau d&rsquo;engagement sur votre site. <\/b><\/p> <\/div> <div class=\"application-platform-content-item-features application-platform-content-item\" id=\"features\" data-nav-section=\"features\"> <h2>Principales fonctionnalit\u00e9s du widget Calendrier d&rsquo;\u00e9v\u00e9nements<\/h2> <p>Notre calendrier n&rsquo;est pas seulement une solution sans code pour les sites Web. Le plugin de calendrier WordPress d&rsquo;Elfsight vous offre des fonctionnalit\u00e9s que les entreprises adorent voir. Les fonctionnalit\u00e9s sont con\u00e7ues de mani\u00e8re \u00e0 rendre le plugin d&rsquo;\u00e9v\u00e9nement convivial et attrayant. Voir toutes les fonctions du plugin Best WordPress Calendar. Vous pouvez les d\u00e9finir directement dans l&rsquo;\u00e9diteur et ils vous aideront \u00e0 cr\u00e9er le widget exactement pour votre cas. <\/p> <ul> <li>Utilisez des options de contenu exploitables pour comprendre le widget correspondant \u00e0 votre type d&rsquo;activit\u00e9s. <\/li> <li>Permettez aux utilisateurs d&rsquo;ajouter des \u00e9v\u00e9nements \u00e0 leurs applications couramment utilis\u00e9es. <\/li> <li>Initiez diff\u00e9rents types d&rsquo;\u00e9v\u00e9nements, marquez des emplacements et ajoutez des h\u00f4tes. <\/li> <li>Cat\u00e9gorisez tous vos \u00e9v\u00e9nements et attribuez-leur des tags. <\/li> <li>Faites la distinction entre 4 variantes de mise en page. <\/li> <\/ul> <p><a href=\"#demo\">V\u00e9rifiez le fonctionnement de toutes les fonctionnalit\u00e9s, dans notre d\u00e9mo<\/a><\/p> <\/div> <div class=\"application-platform-content-item-installation application-platform-content-item\" id=\"installation\" data-nav-section=\"installation\"> <h2>Comment ajouter le plugin Event Calendar \u00e0 WordPress\u00a0? <\/h2> <div class=\"video-container\"><iframe allowfullscreen=\"\" frameborder=\"0\" height=\"405\" src=\"https:\/\/www.youtube.com\/embed\/AvWtgopDAT8?si=9RhwkydrS9tce42U\" width=\"720\"><\/iframe><\/div><p>Le calendrier n&rsquo;est pas seulement facile \u00e0 g\u00e9rer, mais il peut \u00e9galement \u00eatre rapidement int\u00e9gr\u00e9 au site Web. Vous n&rsquo;avez pas besoin de comp\u00e9tences particuli\u00e8res pour <a href=\"https:\/\/elfsight.com\/blog\/embed-calendar-to-wordpress\/\" target=\"_blank\" rel=\"noopener\">ajouter notre plugin de calendrier WordPress<\/a>. Pour commencer \u00e0 utiliser le widget de calendrier, suivez simplement ces \u00e9tapes rapides. <\/p> <ol><li><b>Lancez notre \u00e9diteur gratuit et commencez \u00e0 cr\u00e9er votre propre plugin. <\/b><br> Choisissez la disposition et les aspects pr\u00e9f\u00e9rables du plugin et enregistrez toutes les corrections. <\/li> <li><b>Copiez le code personnel affich\u00e9 dans le formulaire sp\u00e9cial sur Elfsight Apps. <\/b><br> Une fois la configuration de votre plugin termin\u00e9e, copiez votre code \u00e0 partir de la fen\u00eatre contextuelle qui appara\u00eet et enregistrez-le pour une utilisation ult\u00e9rieure. <\/li> <li><b>Commencez \u00e0 utiliser le plugin sur la page Web WordPress. <\/b><br> Ajoutez le code enregistr\u00e9 pr\u00e9c\u00e9demment dans votre site Web et appliquez les am\u00e9liorations. <\/li> <li><b>L&rsquo;installation est enti\u00e8rement termin\u00e9e. <\/b><br> Visitez votre page Web pour voir les performances du plugin. <\/li><\/ol><p>Prenez une minute pour contacter notre service client si vous avez besoin d&rsquo;aide ou si vous avez des questions sur <a href=\"https:\/\/elfsight.com\/blog\/how-to-add-event-calendar-to-wordpress-without-plugin\/\" target=\"_blank\" rel=\"noopener\">ajout du calendrier des \u00e9v\u00e9nements \u00e0 WordPress<\/a>. Nos sp\u00e9cialistes se feront un plaisir de r\u00e9pondre \u00e0 toute demande concernant le plugin \u00e9v\u00e9nementiel d&rsquo;Elfsight. Nous pouvons \u00e9galement vous consulter sur une meilleure utilisation de la vaste collection de solutions de sites Web utiles.<\/p> <\/div><div class=\"faq\" data-component=\"FAQ\"><div class=\"faq-item\">\r\n\t\t\t\t\t<div class=\"faq-item-question\">\r\n\t\t\t\t\t\t<h3 class=\"faq-item-question-text\">Les meilleures fa\u00e7ons d'utiliser en ligne Int\u00e9gration du calendrier<\/h3>\r\n\r\n\t\t\t\t\t\t<div class=\"faq-item-question-icon\"><\/div>\r\n\t\t\t\t\t<\/div>\r\n\r\n\t\t\t\t\t<div class=\"faq-item-answer\">\r\n\t\t\t\t\t\t<div class=\"faq-item-answer-text\"><p>Nous proposons un large \u00e9ventail d&rsquo;opportunit\u00e9s de personnalisation\u00a0: des widgets complets \u00e0 impl\u00e9menter dans la zone de contenu, des widgets flottants pour la fonction de d\u00e9filement, des vignettes pour le pied de page, la section d&rsquo;en-t\u00eate et toutes les variations de possibilit\u00e9s verticales pour les barres lat\u00e9rales et les menus. <\/p><\/div>\r\n\t\t\t\t\t<\/div>\r\n\t\t\t\t<\/div><div class=\"faq-item\">\r\n\t\t\t\t\t<div class=\"faq-item-question\">\r\n\t\t\t\t\t\t<h3 class=\"faq-item-question-text\">Comment cr\u00e9er un calendrier d'\u00e9v\u00e9nements de mus\u00e9e ou de ville avec l'aide de votre \u00e9diteur ? <\/h3>\r\n\r\n\t\t\t\t\t\t<div class=\"faq-item-question-icon\"><\/div>\r\n\t\t\t\t\t<\/div>\r\n\r\n\t\t\t\t\t<div class=\"faq-item-answer\">\r\n\t\t\t\t\t\t<div class=\"faq-item-answer-text\"><p>Vous \u00eates invit\u00e9s \u00e0 fa\u00e7onner les variantes de n&rsquo;importe quel widget. Il existe une multitude de mises en page applicables dans l&rsquo;\u00e9diteur, et elles peuvent toutes \u00eatre rapidement personnalis\u00e9es selon vos besoins. <\/p><\/div>\r\n\t\t\t\t\t<\/div>\r\n\t\t\t\t<\/div><\/div>\n","protected":false},"excerpt":{"rendered":"","protected":false},"author":12,"featured_media":0,"parent":1299,"menu_order":0,"comment_status":"closed","ping_status":"closed","template":"templates\/template-application-platform.php","meta":{"publish_to_discourse":"","publish_post_category":"","wpdc_auto_publish_overridden":"","wpdc_topic_tags":"","wpdc_pin_topic":"","wpdc_pin_until":"","discourse_post_id":"","discourse_permalink":"","wpdc_publishing_response":"","wpdc_publishing_error":"","footnotes":""},"class_list":["post-3766","page","type-page","status-publish","hentry"],"yoast_head":"<!-- This site is optimized with the Yoast SEO plugin v25.3.1 - https:\/\/yoast.com\/wordpress\/plugins\/seo\/ -->\n<title>Calendrier event - ajouter plugin Calendrier sur WordPress<\/title>\n<meta name=\"description\" content=\"Int\u00e9grez un Calendrier event attractif sur votre site WordPress. Appliquez la d\u00e9mo d&#039;Elfsight et g\u00e9n\u00e9rez votre plugin en deux minutes.\" \/>\n<meta name=\"robots\" content=\"index, follow, max-snippet:-1, max-image-preview:large, max-video-preview:-1\" \/>\n<link rel=\"canonical\" href=\"https:\/\/elfsight.com\/fr\/event-calendar-widget\/wordpress\/\" \/>\n<meta property=\"og:locale\" content=\"fr_FR\" \/>\n<meta property=\"og:type\" content=\"article\" \/>\n<meta property=\"og:title\" content=\"Calendrier event - ajouter plugin Calendrier sur WordPress\" \/>\n<meta property=\"og:description\" content=\"Int\u00e9grez un Calendrier event attractif sur votre site WordPress. Appliquez la d\u00e9mo d&#039;Elfsight et g\u00e9n\u00e9rez votre plugin en deux minutes.\" \/>\n<meta property=\"og:url\" content=\"https:\/\/elfsight.com\/fr\/event-calendar-widget\/wordpress\/\" \/>\n<meta property=\"og:site_name\" content=\"Elfsight FR\" \/>\n<meta property=\"article:modified_time\" content=\"2025-12-19T10:44:39+00:00\" \/>\n<meta name=\"twitter:card\" content=\"summary_large_image\" \/>\n<meta name=\"twitter:label1\" content=\"Dur\u00e9e de lecture estim\u00e9e\" \/>\n\t<meta name=\"twitter:data1\" content=\"4 minutes\" \/>\n<!-- \/ Yoast SEO plugin. -->","yoast_head_json":{"title":"Calendrier event - ajouter plugin Calendrier sur WordPress","description":"Int\u00e9grez un Calendrier event attractif sur votre site WordPress. Appliquez la d\u00e9mo d'Elfsight et g\u00e9n\u00e9rez votre plugin en deux minutes.","robots":{"index":"index","follow":"follow","max-snippet":"max-snippet:-1","max-image-preview":"max-image-preview:large","max-video-preview":"max-video-preview:-1"},"canonical":"https:\/\/elfsight.com\/fr\/event-calendar-widget\/wordpress\/","og_locale":"fr_FR","og_type":"article","og_title":"Calendrier event - ajouter plugin Calendrier sur WordPress","og_description":"Int\u00e9grez un Calendrier event attractif sur votre site WordPress. Appliquez la d\u00e9mo d'Elfsight et g\u00e9n\u00e9rez votre plugin en deux minutes.","og_url":"https:\/\/elfsight.com\/fr\/event-calendar-widget\/wordpress\/","og_site_name":"Elfsight FR","article_modified_time":"2025-12-19T10:44:39+00:00","twitter_card":"summary_large_image","twitter_misc":{"Dur\u00e9e de lecture estim\u00e9e":"4 minutes"},"schema":{"@context":"https:\/\/schema.org","@graph":[{"@type":"WebPage","@id":"https:\/\/elfsight.com\/fr\/event-calendar-widget\/wordpress\/","url":"https:\/\/elfsight.com\/fr\/event-calendar-widget\/wordpress\/","name":"Calendrier event - ajouter plugin Calendrier sur WordPress","isPartOf":{"@id":"https:\/\/elfsight.com\/fr\/#website"},"datePublished":"2021-11-16T11:40:00+00:00","dateModified":"2025-12-19T10:44:39+00:00","description":"Int\u00e9grez un Calendrier event attractif sur votre site WordPress. Appliquez la d\u00e9mo d'Elfsight et g\u00e9n\u00e9rez votre plugin en deux minutes.","breadcrumb":{"@id":"https:\/\/elfsight.com\/fr\/event-calendar-widget\/wordpress\/#breadcrumb"},"inLanguage":"fr-FR","potentialAction":[{"@type":"ReadAction","target":["https:\/\/elfsight.com\/fr\/event-calendar-widget\/wordpress\/"]}]},{"@type":"BreadcrumbList","@id":"https:\/\/elfsight.com\/fr\/event-calendar-widget\/wordpress\/#breadcrumb","itemListElement":[{"@type":"ListItem","position":1,"name":"Home","item":"https:\/\/elfsight.com\/fr\/"},{"@type":"ListItem","position":2,"name":"Event Calendar","item":"https:\/\/elfsight.com\/fr\/event-calendar-widget\/"},{"@type":"ListItem","position":3,"name":"Event Calendar &#8211; WordPress"}]},{"@type":"WebSite","@id":"https:\/\/elfsight.com\/fr\/#website","url":"https:\/\/elfsight.com\/fr\/","name":"Elfsight FR","description":"","potentialAction":[{"@type":"SearchAction","target":{"@type":"EntryPoint","urlTemplate":"https:\/\/elfsight.com\/fr\/?s={search_term_string}"},"query-input":{"@type":"PropertyValueSpecification","valueRequired":true,"valueName":"search_term_string"}}],"inLanguage":"fr-FR"}]}},"meta_box":{"industry":"","seo_heading":"","heading":"","description":"","cta_heading":"","cta_description":"","application":"1298","h1":"Plugin Calendrier Event WordPress","h1_caption":"G\u00e9rez et partagez des \u00e9v\u00e9nements sur votre site Web avec un calendrier d'\u00e9v\u00e9nements interactif et convivial sur votre site Web WordPress sans effort.","application_category":[],"applications_title":"","applications_request_title":"","applications_request_button_text":"","hero_text":"","hero_video":"","hero_video_schema_markup":"","selling_points_title":"","selling_points_caption":"","selling_points":[],"selling_points_cta_text":"","features_title":"","features":"","ed_cta_examples_text":"","ed_cta_examples_hidden":"","ed_cta_demo_text":"","ed_cta_demo_hidden":"","why_caption":"","why_editor_title":"","why_editor_text":"","why_team_title":"","why_team_text":"","why_service_title":"","why_service_text":"","template_catalog_visible":"0","template_catalog_title":"","template_catalog_text":"","template_catalog_categories_visible":"","demo_title":"Cr\u00e9ez votre plugin Calendrier d'\u00e9v\u00e9nements","demo_caption":"Configurez votre calendrier d'\u00e9v\u00e9nements et ajoutez-le \u00e0 votre site WordPress gratuitement !","default_faq_hidden":"","app_template_category":[],"platform":"18","template_public_id":"","codecanyon_url":"","codecanyon_item_id":"","codecanyon_price":"","pricing_caption":"","pricing_elfsight_apps_hide_column":"","pricing_elfsight_apps_url":"","pricing_codecanyon_price_caption":"","integration_category":[],"integration_request_title":"","integration_request_cta":"","integration_platform":"","integrations":[],"platform_category":[],"video_schema_markup":"","price":"\u00c0 partir de 0$ par mois","trial":"","benefits":[{"text":"Installation gratuite"},{"text":"Support Premium"},{"text":"Garantie de remboursement de 14 jours"},{"text":"L'am\u00e9lioration continue"}],"button_url":"#demo","button_target_blank":"0","button_nofollow":"0","attributes":[{"name":"Nombre d'installations","content":"1,000 - 5,000","_state":"expanded"},{"name":"Adaptif","content":"Oui","_state":"expanded"},{"name":"Navigateurs compatibles","content":"Firefox, Safari, Opera, Chrome, Edge","_state":"expanded"}],"tags":[],"tags_disable_links":"0","hide_more_platforms":"0","video_object":"","demo_hide_cta":"0","demo_hide_cloud_options":"0","pricing_title":"","pricing":[{"pricing_icon":"platform","pricing_title":"Applications d'Elfsight","pricing_title_caption":"Solution num\u00e9rique multiplateforme qui fonctionne sur n'importe quel site","pricing_price":"\u00c0 partir de $0\/mois","pricing_price_caption":"Commencez avec un plan gratuit","pricing_benefits":[{"text":"Sites Web illimit\u00e9s"},{"text":"\u00c9quipe d'assistance professionnelle"},{"text":"Service d'installation gratuit"},{"text":"100% personnalisable"}],"pricing_button_text":"Ajouter au site Web","pricing_button_url":"https:\/\/apps.elfsight.com\/sign-up\/","pricing_button_nofollow":"1","_state":"expanded"}],"related_apps_title":"","related_apps_hidden":"1","author":"","image":[],"title":"","job":"","social_networks":[]},"_links":{"self":[{"href":"https:\/\/elfsight.com\/fr\/wp-json\/wp\/v2\/pages\/3766","targetHints":{"allow":["GET"]}}],"collection":[{"href":"https:\/\/elfsight.com\/fr\/wp-json\/wp\/v2\/pages"}],"about":[{"href":"https:\/\/elfsight.com\/fr\/wp-json\/wp\/v2\/types\/page"}],"author":[{"embeddable":true,"href":"https:\/\/elfsight.com\/fr\/wp-json\/wp\/v2\/users\/12"}],"replies":[{"embeddable":true,"href":"https:\/\/elfsight.com\/fr\/wp-json\/wp\/v2\/comments?post=3766"}],"version-history":[{"count":7,"href":"https:\/\/elfsight.com\/fr\/wp-json\/wp\/v2\/pages\/3766\/revisions"}],"predecessor-version":[{"id":16768,"href":"https:\/\/elfsight.com\/fr\/wp-json\/wp\/v2\/pages\/3766\/revisions\/16768"}],"up":[{"embeddable":true,"href":"https:\/\/elfsight.com\/fr\/wp-json\/wp\/v2\/pages\/1299"}],"wp:attachment":[{"href":"https:\/\/elfsight.com\/fr\/wp-json\/wp\/v2\/media?parent=3766"}],"curies":[{"name":"wp","href":"https:\/\/api.w.org\/{rel}","templated":true}]}}