{"id":3765,"date":"2021-11-16T11:39:58","date_gmt":"2021-11-16T11:39:58","guid":{"rendered":"https:\/\/elfsight.com\/fr\/?page_id=3765"},"modified":"2026-01-14T13:24:14","modified_gmt":"2026-01-14T13:24:14","slug":"wordpress","status":"publish","type":"page","link":"https:\/\/elfsight.com\/fr\/contact-form-widget\/wordpress\/","title":{"rendered":"Contact Form &#8211; WordPress"},"content":{"rendered":"\n<div class=\"application-platform-content-item-description application-platform-content-item\" id=\"description\" data-nav-section=\"description\"><h2>Formulaire de contact pour WordPress<\/h2><p>Le plugin de formulaire de contact r\u00e9actif pour WordPress est un outil dont l&rsquo;objectif principal est de vous aider dans toutes vos d\u00e9marches. des demandes continues pour obtenir des impressions et des demandes de clients sur votre site. Affichez les aspects n\u00e9cessaires au remplissage, s\u00e9lectionnez le mod\u00e8le appropri\u00e9 et concevez l&rsquo;interface de votre plugin de formulaire de contact WordPress pour inciter davantage vos utilisateurs \u00e0 laisser des requ\u00eates sur les services de votre entreprise. Le widget Formulaire est con\u00e7u pour r\u00e9pondre \u00e0 toutes vos demandes de collecte de commentaires et d&rsquo;\u00eatre en contact avec vos clients.<\/p><p><b>Recevez des commentaires, recevez des commandes et r\u00e9digez des r\u00e9ponses aux questions des visiteurs de votre site Web\u00a0!<\/b><\/p><ul><li><b>Progression de la g\u00e9n\u00e9ration de leads<\/b>.<br>Gardez le contact avec vos futurs clients en les incitant \u00e0 vous parler via le widget de formulaire de contact WordPress \u00e0 tout moment. Un plus petit nombre de champs entra\u00eenera une conversion plus \u00e9lev\u00e9e. <\/li><li><b>\u00c9vitez le spam<\/b>.<br>N&rsquo;ayez que des communications organiques gr\u00e2ce \u00e0 l&rsquo;outil Google reCAPTCHA qui prot\u00e8ge contre le spam et les robots.<\/li><li><b>Obtenez facilement des commentaires. <\/b>.<br>Construisez un formulaire de contact visible pour WordPress ou Elementor afin qu&rsquo;il puisse \u00eatre trouv\u00e9 librement sur les pages de votre site Web, incitant vos utilisateurs \u00e0 vous faire part de leurs commentaires \u00e0 tout moment.<\/li><\/ul><\/div><div class=\"application-platform-content-item-features application-platform-content-item\" id=\"features\" data-nav-section=\"features\"><h2>Fonctionnalit\u00e9s du plugin de formulaire de contact<\/h2><p>Qu&rsquo;est-ce qui fait de notre formulaire de contact le meilleur plugin pour recueillir des commentaires et obtenir des demandes de renseignements sur les sites Web WordPress\u00a0? Testez ses fonctionnalit\u00e9s les plus importantes\u00a0:<\/p><ul><li>D\u00e9finissez vos propres \u00e9tiquettes de champ\u00a0;<\/li><li>\u00c9pinglez une image, un logo ou une photo sur votre formulaire\u00a0;<\/li><li>En ligne mise en page avec ajustement automatique des champs \u00e0 la largeur du formulaire\u00a0;<\/li><li>Google reCAPTCHA est l\u00e0 pour prot\u00e9ger votre formulaire du spam et des robots\u00a0;<\/li><li>Conception transparente qui convient \u00e0 99\u00a0% des sites pr\u00eats \u00e0 l&#8217;emploi .<\/li><\/ul><p><a href=\"#demo\">V\u00e9rifiez toutes les fonctionnalit\u00e9s dans notre configurateur<\/a><\/p><\/div><div class=\"application-platform-content-item-installation application-platform-content-item\" id=\"installation\" data-nav-section=\"installation\"><h2>Comment ajouter un formulaire de contact au site Web WordPress<\/h2><div class=\"video-container\">\n<iframe width=\"720\" height=\"405\" src=\"https:\/\/www.youtube.com\/embed\/x8OtxMvGjMc?si=1s3BJaBoY2AwAr-0\" frameborder=\"0\" allowfullscreen=\"\"><\/iframe>\n<\/div><p>Appliquez simplement les instructions ci-dessous pour ins\u00e9rer le plugin sur WordPress.<\/p> <ol><li><b>Ouvrez notre d\u00e9mo gratuite et commencez \u00e0 cr\u00e9er votre plugin de formulaire de contact sur mesure. <\/b><br> Recherchez l&rsquo;interface et les param\u00e8tres pr\u00e9f\u00e9r\u00e9s du widget et enregistrez les modifications. <\/li> <li><b>Recevez le code unique expos\u00e9 dans le formulaire sp\u00e9cial sur Elfsight Apps. <\/b><br> D\u00e8s que la cr\u00e9ation de votre formulaire de contact personnel est termin\u00e9e, copiez le code personnel dans la case qui appara\u00eet et enregistrez-le pour une utilisation ult\u00e9rieure. <\/li> <li><b>Initiez l&rsquo;utilisation du plugin sur votre site WordPress. <\/b><br> Saisissez le code copi\u00e9 r\u00e9cemment dans votre page et enregistrez les modifications. <\/li> <li><b>Fait\u00a0! L&rsquo;installation est enti\u00e8rement termin\u00e9e. <\/b><br> Acc\u00e9dez \u00e0 votre site pour voir comment fonctionne le widget. <\/li><\/ol> <p>Vous rencontrez des probl\u00e8mes en suivant le manuel ou en configurant votre formulaire\u00a0? \u00c9tudiez un didacticiel d\u00e9taill\u00e9 \u00ab<a href=\"https:\/\/elfsight.com\/tutorials\/how-to-add-contact-form-plugin-to-wordpress\/\" target=\"_blank\" rel=\"noopener noreferrer\">Comment pour ajouter un formulaire de contact dans un site Web WordPress<\/a>\u00bb et essayez de l&rsquo;installer \u00e0 nouveau vous-m\u00eame ou \u00e9crivez \u00e0 l&rsquo;\u00e9quipe d&rsquo;assistance d&rsquo;Elfsight, en donnant une explication compl\u00e8te de votre probl\u00e8me. Notre \u00e9quipe fera de son mieux pour vous conseiller.<\/p><div class=\"faq\" data-component=\"FAQ\"> <div class=\"faq-item\">\r\n\t\t\t\t\t<div class=\"faq-item-question\">\r\n\t\t\t\t\t\t<h3 class=\"faq-item-question-text\">Comment ajouter un formulaire de contact \u00e0 mon site WordPress sans comp\u00e9tences en codage ?<\/h3>\r\n\r\n\t\t\t\t\t\t<div class=\"faq-item-question-icon\"><\/div>\r\n\t\t\t\t\t<\/div>\r\n\r\n\t\t\t\t\t<div class=\"faq-item-answer\">\r\n\t\t\t\t\t\t<div class=\"faq-item-answer-text\"> <p>Elfsight propose une solution SaaS qui vous permet de cr\u00e9er un Widget Formulaire de contact vous-m\u00eame, voyez \u00e0 quel point le processus est simple\u00a0: travaillez directement dans l&rsquo;\u00e9diteur en ligne pour cr\u00e9er un widget Formulaire de contact que vous aimeriez voir sur votre site Web WordPress. Choisissez l&rsquo;un des mod\u00e8les pr\u00e9d\u00e9finis et ajustez les param\u00e8tres du formulaire de contact, ajoutez votre contenu, modifiez la mise en page et les couleurs sans comp\u00e9tences en codage. Enregistrez le formulaire de contact et copiez son code d&rsquo;installation, afin de pouvoir simplement l&rsquo;ajouter \u00e0 votre site Web WordPress sans acheter de version payante. Avec notre \u00e9diteur intuitif, tout internaute peut cr\u00e9er un widget de formulaire de contact en ligne et l&rsquo;int\u00e9grer facilement \u00e0 son site WordPress. Il n&rsquo;est pas n\u00e9cessaire de payer ou de saisir les informations d&rsquo;identification de votre carte pour acc\u00e9der au service. Si vous rencontrez des probl\u00e8mes \u00e0 n&rsquo;importe quelle \u00e9tape, n&rsquo;h\u00e9sitez pas \u00e0 contacter notre \u00e9quipe d&rsquo;assistance technique.<\/p> <\/div>\r\n\t\t\t\t\t<\/div>\r\n\t\t\t\t<\/div> <div class=\"faq-item\">\r\n\t\t\t\t\t<div class=\"faq-item-question\">\r\n\t\t\t\t\t\t<h3 class=\"faq-item-question-text\">Existe-t-il des mod\u00e8les de formulaire de contact pour le site Web WordPress ?<\/h3>\r\n\r\n\t\t\t\t\t\t<div class=\"faq-item-question-icon\"><\/div>\r\n\t\t\t\t\t<\/div>\r\n\r\n\t\t\t\t\t<div class=\"faq-item-answer\">\r\n\t\t\t\t\t\t<div class=\"faq-item-answer-text\"><p>Oui, il y a! L&rsquo;\u00e9quipe Elfsight a cr\u00e9\u00e9 une superbe collection de plus de 300 mod\u00e8les pr\u00eats \u00e0 l&#8217;emploi. Et vous ne serez certainement pas d\u00e9\u00e7u par les <a href=\"https:\/\/elfsight.com\/online-form-builder\/templates\/contact-forms\/\">mod\u00e8les de formulaire de contact<\/a>.<\/p> <\/div>\r\n\t\t\t\t\t<\/div>\r\n\t\t\t\t<\/div><\/div> <\/div>\n","protected":false},"excerpt":{"rendered":"","protected":false},"author":12,"featured_media":0,"parent":1363,"menu_order":0,"comment_status":"closed","ping_status":"closed","template":"templates\/template-application-platform.php","meta":{"publish_to_discourse":"","publish_post_category":"","wpdc_auto_publish_overridden":"","wpdc_topic_tags":"","wpdc_pin_topic":"","wpdc_pin_until":"","discourse_post_id":"","discourse_permalink":"","wpdc_publishing_response":"","wpdc_publishing_error":"","footnotes":""},"class_list":["post-3765","page","type-page","status-publish","hentry"],"yoast_head":"<!-- This site is optimized with the Yoast SEO plugin v25.3.1 - https:\/\/yoast.com\/wordpress\/plugins\/seo\/ -->\n<title>Formulaire de Contact - ajouter Plugin de Contact sur WordPress<\/title>\n<meta name=\"description\" content=\"Int\u00e9grez un Formulaire de Contact attractif sur votre site WordPress. Appliquez la d\u00e9mo d&#039;Elfsight et g\u00e9n\u00e9rez votre plugin en 2 minutes.\" \/>\n<meta name=\"robots\" content=\"index, follow, max-snippet:-1, max-image-preview:large, max-video-preview:-1\" \/>\n<link rel=\"canonical\" href=\"https:\/\/elfsight.com\/fr\/contact-form-widget\/wordpress\/\" \/>\n<meta property=\"og:locale\" content=\"fr_FR\" \/>\n<meta property=\"og:type\" content=\"article\" \/>\n<meta property=\"og:title\" content=\"Formulaire de Contact - ajouter Plugin de Contact sur WordPress\" \/>\n<meta property=\"og:description\" content=\"Int\u00e9grez un Formulaire de Contact attractif sur votre site WordPress. Appliquez la d\u00e9mo d&#039;Elfsight et g\u00e9n\u00e9rez votre plugin en 2 minutes.\" \/>\n<meta property=\"og:url\" content=\"https:\/\/elfsight.com\/fr\/contact-form-widget\/wordpress\/\" \/>\n<meta property=\"og:site_name\" content=\"Elfsight FR\" \/>\n<meta property=\"article:modified_time\" content=\"2026-01-14T13:24:14+00:00\" \/>\n<meta name=\"twitter:card\" content=\"summary_large_image\" \/>\n<meta name=\"twitter:label1\" content=\"Dur\u00e9e de lecture estim\u00e9e\" \/>\n\t<meta name=\"twitter:data1\" content=\"4 minutes\" \/>\n<!-- \/ Yoast SEO plugin. -->","yoast_head_json":{"title":"Formulaire de Contact - ajouter Plugin de Contact sur WordPress","description":"Int\u00e9grez un Formulaire de Contact attractif sur votre site WordPress. Appliquez la d\u00e9mo d'Elfsight et g\u00e9n\u00e9rez votre plugin en 2 minutes.","robots":{"index":"index","follow":"follow","max-snippet":"max-snippet:-1","max-image-preview":"max-image-preview:large","max-video-preview":"max-video-preview:-1"},"canonical":"https:\/\/elfsight.com\/fr\/contact-form-widget\/wordpress\/","og_locale":"fr_FR","og_type":"article","og_title":"Formulaire de Contact - ajouter Plugin de Contact sur WordPress","og_description":"Int\u00e9grez un Formulaire de Contact attractif sur votre site WordPress. Appliquez la d\u00e9mo d'Elfsight et g\u00e9n\u00e9rez votre plugin en 2 minutes.","og_url":"https:\/\/elfsight.com\/fr\/contact-form-widget\/wordpress\/","og_site_name":"Elfsight FR","article_modified_time":"2026-01-14T13:24:14+00:00","twitter_card":"summary_large_image","twitter_misc":{"Dur\u00e9e de lecture estim\u00e9e":"4 minutes"},"schema":{"@context":"https:\/\/schema.org","@graph":[{"@type":"WebPage","@id":"https:\/\/elfsight.com\/fr\/contact-form-widget\/wordpress\/","url":"https:\/\/elfsight.com\/fr\/contact-form-widget\/wordpress\/","name":"Formulaire de Contact - ajouter Plugin de Contact sur WordPress","isPartOf":{"@id":"https:\/\/elfsight.com\/fr\/#website"},"datePublished":"2021-11-16T11:39:58+00:00","dateModified":"2026-01-14T13:24:14+00:00","description":"Int\u00e9grez un Formulaire de Contact attractif sur votre site WordPress. Appliquez la d\u00e9mo d'Elfsight et g\u00e9n\u00e9rez votre plugin en 2 minutes.","breadcrumb":{"@id":"https:\/\/elfsight.com\/fr\/contact-form-widget\/wordpress\/#breadcrumb"},"inLanguage":"fr-FR","potentialAction":[{"@type":"ReadAction","target":["https:\/\/elfsight.com\/fr\/contact-form-widget\/wordpress\/"]}]},{"@type":"BreadcrumbList","@id":"https:\/\/elfsight.com\/fr\/contact-form-widget\/wordpress\/#breadcrumb","itemListElement":[{"@type":"ListItem","position":1,"name":"Home","item":"https:\/\/elfsight.com\/fr\/"},{"@type":"ListItem","position":2,"name":"Contact Form","item":"https:\/\/elfsight.com\/fr\/contact-form-widget\/"},{"@type":"ListItem","position":3,"name":"Contact Form &#8211; WordPress"}]},{"@type":"WebSite","@id":"https:\/\/elfsight.com\/fr\/#website","url":"https:\/\/elfsight.com\/fr\/","name":"Elfsight FR","description":"","potentialAction":[{"@type":"SearchAction","target":{"@type":"EntryPoint","urlTemplate":"https:\/\/elfsight.com\/fr\/?s={search_term_string}"},"query-input":{"@type":"PropertyValueSpecification","valueRequired":true,"valueName":"search_term_string"}}],"inLanguage":"fr-FR"}]}},"meta_box":{"industry":"","seo_heading":"","heading":"","description":"","cta_heading":"","cta_description":"","application":"1358","h1":"Plugin Formulaire de Contact pour WordPress","h1_caption":"Cr\u00e9ez et int\u00e9grez facilement des formulaires de contact sur votre site Web pour encourager l'interaction des utilisateurs et les demandes de renseignements sur votre site Web WordPress sans effort.","application_category":[],"applications_title":"","applications_request_title":"","applications_request_button_text":"","hero_text":"","hero_video":"","hero_video_schema_markup":"","selling_points_title":"","selling_points_caption":"","selling_points":[],"selling_points_cta_text":"","features_title":"","features":"","ed_cta_examples_text":"","ed_cta_examples_hidden":"","ed_cta_demo_text":"","ed_cta_demo_hidden":"","why_caption":"","why_editor_title":"","why_editor_text":"","why_team_title":"","why_team_text":"","why_service_title":"","why_service_text":"","template_catalog_visible":"0","template_catalog_title":"","template_catalog_text":"","template_catalog_categories_visible":"","demo_title":"Cr\u00e9ez votre plugin de formulaire de contact","demo_caption":"Configurez votre formulaire de contact et ajoutez-le \u00e0 votre site WordPress gratuitement !","default_faq_hidden":"","app_template_category":[],"platform":"18","template_public_id":"","codecanyon_url":"","codecanyon_item_id":"","codecanyon_price":"","pricing_caption":"","pricing_elfsight_apps_hide_column":"","pricing_elfsight_apps_url":"","pricing_codecanyon_price_caption":"","integration_category":[],"integration_request_title":"","integration_request_cta":"","integration_platform":"","integrations":[],"platform_category":[],"video_schema_markup":"","price":"\u00c0 partir de $0\/mois","trial":"","benefits":[{"text":"Installation gratuite"},{"text":"Support Premium"},{"text":"Remboursement de 14 jours"},{"text":"L'am\u00e9lioration continue"}],"button_url":"#demo","button_target_blank":"0","button_nofollow":"0","attributes":[{"name":"Nombre d'installations","content":"5,000 - 10,000","_state":"expanded"},{"name":"Adaptif","content":"Oui","_state":"expanded"},{"name":"Navigateurs compatibles","content":"Firefox, Safari, Opera, Chrome, Edge","_state":"expanded"}],"tags":[],"tags_disable_links":"0","hide_more_platforms":"0","video_object":"","demo_hide_cta":"0","demo_hide_cloud_options":"0","pricing_title":"","pricing":[{"pricing_icon":"platform","pricing_title":"Applications d'Elfsight","pricing_title_caption":"Solution num\u00e9rique multiplateforme qui fonctionne sur n'importe quel site","pricing_price":"\u00c0 partir de $0\/mois","pricing_price_caption":"Commencez avec un plan gratuit","pricing_benefits":[{"text":"Sites Web illimit\u00e9s"},{"text":"\u00c9quipe d'assistance professionnelle"},{"text":"Service d'installation gratuit"},{"text":"100% personnalisable"}],"pricing_button_text":"Ajouter au site Web","pricing_button_url":"https:\/\/apps.elfsight.com\/sign-up\/","pricing_button_nofollow":"1","_state":"expanded"}],"related_apps_title":"","related_apps_hidden":"1","author":"","image":[],"title":"","job":"","social_networks":[]},"_links":{"self":[{"href":"https:\/\/elfsight.com\/fr\/wp-json\/wp\/v2\/pages\/3765","targetHints":{"allow":["GET"]}}],"collection":[{"href":"https:\/\/elfsight.com\/fr\/wp-json\/wp\/v2\/pages"}],"about":[{"href":"https:\/\/elfsight.com\/fr\/wp-json\/wp\/v2\/types\/page"}],"author":[{"embeddable":true,"href":"https:\/\/elfsight.com\/fr\/wp-json\/wp\/v2\/users\/12"}],"replies":[{"embeddable":true,"href":"https:\/\/elfsight.com\/fr\/wp-json\/wp\/v2\/comments?post=3765"}],"version-history":[{"count":5,"href":"https:\/\/elfsight.com\/fr\/wp-json\/wp\/v2\/pages\/3765\/revisions"}],"predecessor-version":[{"id":16779,"href":"https:\/\/elfsight.com\/fr\/wp-json\/wp\/v2\/pages\/3765\/revisions\/16779"}],"up":[{"embeddable":true,"href":"https:\/\/elfsight.com\/fr\/wp-json\/wp\/v2\/pages\/1363"}],"wp:attachment":[{"href":"https:\/\/elfsight.com\/fr\/wp-json\/wp\/v2\/media?parent=3765"}],"curies":[{"name":"wp","href":"https:\/\/api.w.org\/{rel}","templated":true}]}}