{"id":3763,"date":"2021-11-16T11:39:53","date_gmt":"2021-11-16T11:39:53","guid":{"rendered":"https:\/\/elfsight.com\/fr\/?page_id=3763"},"modified":"2026-01-14T12:42:42","modified_gmt":"2026-01-14T12:42:42","slug":"wordpress","status":"publish","type":"page","link":"https:\/\/elfsight.com\/fr\/google-maps-widget\/wordpress\/","title":{"rendered":"Google Maps &#8211; WordPress"},"content":{"rendered":"<div class=\"application-platform-content-item-description application-platform-content-item\" id=\"description\" data-nav-section=\"description\"><h2>Int\u00e9grez Google Maps sur WordPress avec le widget Elfsight<\/h2>Une configuration simple et une interface enti\u00e8rement personnalisable en font l&rsquo;un des meilleurs plugins pour diriger les clients vers vos emplacements. Il permet d&rsquo;attirer de nouveaux clients hors ligne, de se rapprocher de votre public et, plus important encore, il offre l&rsquo;int\u00e9gration la plus simple avec votre site Web.<b>Formez davantage de clients hors ligne gr\u00e2ce aux cartes intelligentes sur votre site Web\u00a0!<\/b><ul> <li><b>Rapprochez-vous des utilisateurs<\/b>. Ajoutez vos coordonn\u00e9es, que les visiteurs pourront utiliser pour vous \u00e9crire ou vous rechercher en r\u00e9alit\u00e9 et en ligne.<\/li> <li><b>Augmentez la conversion des votre site au moyen d&rsquo;une fiche d&rsquo;informations d\u00e9taill\u00e9e sur votre entreprise<\/b>. Ajoutez des informations de contact compl\u00e8tes pour attirer davantage de clients potentiels souhaitant coop\u00e9rer avec vous et les inciter \u00e0 se rapprocher de la commande.<\/li> <li><b>Gagnez le temps dont vous auriez besoin pour ajuster la carte<\/b>. Des dizaines de param\u00e8tres appara\u00eetront en 2 clics de souris, afin que vous puissiez cr\u00e9er une carte efficace pour votre site en quelques secondes seulement.<\/li><\/ul><\/div><div class=\"application-platform-content-item-features application-platform-content-item\" id=\"features\" data-nav-section=\"features\"><h2>Principales fonctionnalit\u00e9s du widget Google Maps<\/h2>Quelles caract\u00e9ristiques font de la carte avanc\u00e9e Elfsight la meilleure pour votre site Web WordPress\u00a0?<ul> <li>Cr\u00e9ation automatique d&rsquo;itin\u00e9raires \u00e0 partir de l&#8217;emplacement du visiteur\u00a0;<\/li> <li>5\u00a0couches Google\u00a0Maps avanc\u00e9es\u00a0: POI, Traffic, Transit, Bike, Street\u00a0View\u00a0;<\/li> <li>Carte d&rsquo;informations avec un maximum d&rsquo;informations de contact\u00a0;<\/li> <li> Plus de 20\u00a0\u00e9l\u00e9ments avec des couleurs personnalisables\u00a0;<\/li> <li>\u00c9diteur pratique (aucun codage requis).<\/li><\/ul><a href=\"#demo\">Voir toute la liste des avantages dans le panneau\u00a0!<\/li><\/ul><a href=\"#demo\">Voir toute la liste des avantages dans le panneau\u00a0!<\/a><\/div><div class=\"application-platform-content-item-installation application-platform-content-item\" id=\"installation\" data-nav-section=\"installation\"><h2>Comment int\u00e9grer le plugin Google Maps sur un site WordPress<\/h2><div class=\"video-container\">\n<iframe width=\"720\" height=\"405\" src=\"https:\/\/www.youtube.com\/embed\/EgCedKF5F_o?si=i-jhN1kkfg-P7EMR\" frameborder=\"0\" allowfullscreen=\"\"><\/iframe>\n<\/div>Suivez simplement les instructions ci-dessous pour int\u00e9grer l&rsquo;outil sur WordPress.<ol> <li><b>G\u00e9rez notre \u00e9diteur gratuit et commencez \u00e0 cr\u00e9er votre plugin personnalis\u00e9. <\/b>Choisissez le formulaire personnalis\u00e9 et les caract\u00e9ristiques fonctionnelles du plugin et appliquez les modifications.<\/li> <li><b>Copiez votre code individuel qui appara\u00eet dans la fen\u00eatre des applications Elfsight. <\/b>Une fois la configuration de votre plugin Google Maps termin\u00e9e, copiez le code exclusif dans la zone qui appara\u00eet et enregistrez-le pour une utilisation ult\u00e9rieure.<\/li> <li><b>Lancez l&rsquo;utilisation du plugin sur votre site WordPress. <\/b>Ins\u00e9rez le code enregistr\u00e9 r\u00e9cemment dans votre site Web et appliquez les modifications.<\/li> <li><b>L&rsquo;installation est termin\u00e9e avec succ\u00e8s. <\/b>Acc\u00e9dez \u00e0 votre site Web pour voir le fonctionnement du widget.<\/li><\/ol>Vous rencontrez des difficult\u00e9s ou des probl\u00e8mes lors de l&rsquo;ex\u00e9cution du didacticiel ou du r\u00e9glage de votre carte\u00a0? Consultez l&rsquo;article complet \u00ab<a href=\"https:\/\/elfsight.com\/tutorials\/how-to-add-google-map-to-wordpress-website\/\" target=\"_blank\" rel=\"noopener noreferrer\">Comment pour int\u00e9grer Google Maps dans un site Web WordPress<\/a>\u00bb ou adressez-vous \u00e0 notre service client et nous serons heureux de vous aider \u00e0 cr\u00e9er et afficher des cartes sur votre site.<\/div><div class=\"faq\" data-component=\"FAQ\"><div class=\"faq-item\">\r\n\t\t\t\t\t<div class=\"faq-item-question\">\r\n\t\t\t\t\t\t<h3 class=\"faq-item-question-text\">De quelle mani\u00e8re ajouter un Google Maps \u00e0 mon site WordPress ? <\/h3>\r\n\r\n\t\t\t\t\t\t<div class=\"faq-item-question-icon\"><\/div>\r\n\t\t\t\t\t<\/div>\r\n\r\n\t\t\t\t\t<div class=\"faq-item-answer\">\r\n\t\t\t\t\t\t<div class=\"faq-item-answer-text\"><p>La cr\u00e9ation de l&rsquo;outil s&rsquo;effectue au sein du service Elfsight et il n&rsquo;est pas n\u00e9cessaire de coder. Utilisez la d\u00e9mo active pour concevoir votre propre widget, acqu\u00e9rir le code et l&rsquo;impl\u00e9menter sur votre site Web. <\/p><\/div>\r\n\t\t\t\t\t<\/div>\r\n\t\t\t\t<\/div><div class=\"faq-item\">\r\n\t\t\t\t\t<div class=\"faq-item-question\">\r\n\t\t\t\t\t\t<h3 class=\"faq-item-question-text\">Les meilleurs exemples d'utilisation de l'int\u00e9gration de cartes<\/h3>\r\n\r\n\t\t\t\t\t\t<div class=\"faq-item-question-icon\"><\/div>\r\n\t\t\t\t\t<\/div>\r\n\r\n\t\t\t\t\t<div class=\"faq-item-answer\">\r\n\t\t\t\t\t\t<div class=\"faq-item-answer-text\"><p>Nous vous proposerons un large \u00e9ventail de possibilit\u00e9s de personnalisation\u00a0: des widgets \u00e0 grande \u00e9chelle \u00e0 int\u00e9grer dans la zone de contenu, les plugins flottants pour les opportunit\u00e9s de d\u00e9filement, les dispositions pour le pied de page, la section d&rsquo;en-t\u00eate et toutes les variantes d&rsquo;opportunit\u00e9s verticales pour les barres lat\u00e9rales et les menus du site Web. <\/p><\/div>\r\n\t\t\t\t\t<\/div>\r\n\t\t\t\t<\/div><div class=\"faq-item\">\r\n\t\t\t\t\t<div class=\"faq-item-question\">\r\n\t\t\t\t\t\t<h3 class=\"faq-item-question-text\">Puis-je cr\u00e9er une carte Google interactive par l'interm\u00e9diaire de votre \u00e9diteur ? <\/h3>\r\n\r\n\t\t\t\t\t\t<div class=\"faq-item-question-icon\"><\/div>\r\n\t\t\t\t\t<\/div>\r\n\r\n\t\t\t\t\t<div class=\"faq-item-answer\">\r\n\t\t\t\t\t\t<div class=\"faq-item-answer-text\"><p>Vous pouvez cr\u00e9er des variantes de n&rsquo;importe quel widget. Il existe des tonnes de mises en page disponibles dans l&rsquo;\u00e9diteur, et elles peuvent toutes \u00eatre rapidement personnalis\u00e9es selon vos besoins. <\/p><\/div>\r\n\t\t\t\t\t<\/div>\r\n\t\t\t\t<\/div><\/div>","protected":false},"excerpt":{"rendered":"","protected":false},"author":12,"featured_media":0,"parent":1246,"menu_order":0,"comment_status":"closed","ping_status":"closed","template":"templates\/template-application-platform.php","meta":{"publish_to_discourse":"","publish_post_category":"","wpdc_auto_publish_overridden":"","wpdc_topic_tags":"","wpdc_pin_topic":"","wpdc_pin_until":"","discourse_post_id":"","discourse_permalink":"","wpdc_publishing_response":"","wpdc_publishing_error":"","footnotes":""},"class_list":["post-3763","page","type-page","status-publish","hentry"],"yoast_head":"<!-- This site is optimized with the Yoast SEO plugin v25.3.1 - https:\/\/yoast.com\/wordpress\/plugins\/seo\/ -->\n<title>Carte Google - ajouter Google Itin\u00e9raire plugin sur WordPress<\/title>\n<meta name=\"description\" content=\"Int\u00e9grez une Carte Google attractif sur votre site WordPress. Appliquez la d\u00e9mo d&#039;Elfsight et g\u00e9n\u00e9rez votre plugin en 2 minutes.\" \/>\n<meta name=\"robots\" content=\"index, follow, max-snippet:-1, max-image-preview:large, max-video-preview:-1\" \/>\n<link rel=\"canonical\" href=\"https:\/\/elfsight.com\/fr\/google-maps-widget\/wordpress\/\" \/>\n<meta property=\"og:locale\" content=\"fr_FR\" \/>\n<meta property=\"og:type\" content=\"article\" \/>\n<meta property=\"og:title\" content=\"Carte Google - ajouter Google Itin\u00e9raire plugin sur WordPress\" \/>\n<meta property=\"og:description\" content=\"Int\u00e9grez une Carte Google attractif sur votre site WordPress. Appliquez la d\u00e9mo d&#039;Elfsight et g\u00e9n\u00e9rez votre plugin en 2 minutes.\" \/>\n<meta property=\"og:url\" content=\"https:\/\/elfsight.com\/fr\/google-maps-widget\/wordpress\/\" \/>\n<meta property=\"og:site_name\" content=\"Elfsight FR\" \/>\n<meta property=\"article:modified_time\" content=\"2026-01-14T12:42:42+00:00\" \/>\n<meta name=\"twitter:card\" content=\"summary_large_image\" \/>\n<meta name=\"twitter:label1\" content=\"Dur\u00e9e de lecture estim\u00e9e\" \/>\n\t<meta name=\"twitter:data1\" content=\"4 minutes\" \/>\n<!-- \/ Yoast SEO plugin. -->","yoast_head_json":{"title":"Carte Google - ajouter Google Itin\u00e9raire plugin sur WordPress","description":"Int\u00e9grez une Carte Google attractif sur votre site WordPress. Appliquez la d\u00e9mo d'Elfsight et g\u00e9n\u00e9rez votre plugin en 2 minutes.","robots":{"index":"index","follow":"follow","max-snippet":"max-snippet:-1","max-image-preview":"max-image-preview:large","max-video-preview":"max-video-preview:-1"},"canonical":"https:\/\/elfsight.com\/fr\/google-maps-widget\/wordpress\/","og_locale":"fr_FR","og_type":"article","og_title":"Carte Google - ajouter Google Itin\u00e9raire plugin sur WordPress","og_description":"Int\u00e9grez une Carte Google attractif sur votre site WordPress. Appliquez la d\u00e9mo d'Elfsight et g\u00e9n\u00e9rez votre plugin en 2 minutes.","og_url":"https:\/\/elfsight.com\/fr\/google-maps-widget\/wordpress\/","og_site_name":"Elfsight FR","article_modified_time":"2026-01-14T12:42:42+00:00","twitter_card":"summary_large_image","twitter_misc":{"Dur\u00e9e de lecture estim\u00e9e":"4 minutes"},"schema":{"@context":"https:\/\/schema.org","@graph":[{"@type":"WebPage","@id":"https:\/\/elfsight.com\/fr\/google-maps-widget\/wordpress\/","url":"https:\/\/elfsight.com\/fr\/google-maps-widget\/wordpress\/","name":"Carte Google - ajouter Google Itin\u00e9raire plugin sur WordPress","isPartOf":{"@id":"https:\/\/elfsight.com\/fr\/#website"},"datePublished":"2021-11-16T11:39:53+00:00","dateModified":"2026-01-14T12:42:42+00:00","description":"Int\u00e9grez une Carte Google attractif sur votre site WordPress. Appliquez la d\u00e9mo d'Elfsight et g\u00e9n\u00e9rez votre plugin en 2 minutes.","breadcrumb":{"@id":"https:\/\/elfsight.com\/fr\/google-maps-widget\/wordpress\/#breadcrumb"},"inLanguage":"fr-FR","potentialAction":[{"@type":"ReadAction","target":["https:\/\/elfsight.com\/fr\/google-maps-widget\/wordpress\/"]}]},{"@type":"BreadcrumbList","@id":"https:\/\/elfsight.com\/fr\/google-maps-widget\/wordpress\/#breadcrumb","itemListElement":[{"@type":"ListItem","position":1,"name":"Home","item":"https:\/\/elfsight.com\/fr\/"},{"@type":"ListItem","position":2,"name":"Google Maps","item":"https:\/\/elfsight.com\/fr\/google-maps-widget\/"},{"@type":"ListItem","position":3,"name":"Google Maps &#8211; WordPress"}]},{"@type":"WebSite","@id":"https:\/\/elfsight.com\/fr\/#website","url":"https:\/\/elfsight.com\/fr\/","name":"Elfsight FR","description":"","potentialAction":[{"@type":"SearchAction","target":{"@type":"EntryPoint","urlTemplate":"https:\/\/elfsight.com\/fr\/?s={search_term_string}"},"query-input":{"@type":"PropertyValueSpecification","valueRequired":true,"valueName":"search_term_string"}}],"inLanguage":"fr-FR"}]}},"meta_box":{"industry":"","seo_heading":"","heading":"","description":"","cta_heading":"","cta_description":"","application":"1245","h1":"Plugin Carte Google pour WordPress","h1_caption":"Int\u00e9grez une carte Google r\u00e9active pour afficher votre emplacement ou plusieurs emplacements afin de faciliter la navigation dans votre site Web WordPress sans effort.","application_category":[],"applications_title":"","applications_request_title":"","applications_request_button_text":"","hero_text":"","hero_video":"","hero_video_schema_markup":"","selling_points_title":"","selling_points_caption":"","selling_points":[],"selling_points_cta_text":"","features_title":"","features":"","ed_cta_examples_text":"","ed_cta_examples_hidden":"","ed_cta_demo_text":"","ed_cta_demo_hidden":"","why_caption":"","why_editor_title":"","why_editor_text":"","why_team_title":"","why_team_text":"","why_service_title":"","why_service_text":"","template_catalog_visible":"0","template_catalog_title":"","template_catalog_text":"","template_catalog_categories_visible":"","demo_title":"Cr\u00e9ez votre plugin Google Maps","demo_caption":"Configurez votre Google Maps et ajoutez-le \u00e0 votre site WordPress gratuitement !","default_faq_hidden":"","app_template_category":[],"platform":"18","template_public_id":"","codecanyon_url":"","codecanyon_item_id":"","codecanyon_price":"","pricing_caption":"","pricing_elfsight_apps_hide_column":"","pricing_elfsight_apps_url":"","pricing_codecanyon_price_caption":"","integration_category":[],"integration_request_title":"","integration_request_cta":"","integration_platform":"","integrations":[],"platform_category":[],"video_schema_markup":"","price":"\u00c0 partir de 0$ par mois","trial":"","benefits":[{"text":"Installation gratuite"},{"text":"Support Premium"},{"text":"Garantie de remboursement de 14 jours"},{"text":"L'am\u00e9lioration continue"}],"button_url":"#demo","button_target_blank":"0","button_nofollow":"0","attributes":[{"name":"Nombre d'installations","content":"5,000 - 10,000","_state":"expanded"},{"name":"Adaptif","content":"Oui","_state":"expanded"},{"name":"Navigateurs compatibles","content":"Firefox, Safari, Opera, Chrome, Edge","_state":"expanded"}],"tags":[],"tags_disable_links":"0","hide_more_platforms":"0","video_object":"","demo_hide_cta":"0","demo_hide_cloud_options":"0","pricing_title":"","pricing":[{"pricing_icon":"platform","pricing_title":"Applications d'Elfsight","pricing_title_caption":"Solution num\u00e9rique multiplateforme qui fonctionne sur n'importe quel site","pricing_price":"\u00c0 partir de $0\/mois","pricing_price_caption":"Commencez avec un plan gratuit","pricing_benefits":[{"text":"Sites Web illimit\u00e9s"},{"text":"\u00c9quipe d'assistance professionnelle"},{"text":"Service d'installation gratuit"},{"text":"100% personnalisable"}],"pricing_button_text":"Ajouter au site Web","pricing_button_url":"https:\/\/apps.elfsight.com\/sign-up\/","pricing_button_nofollow":"1","_state":"expanded"}],"related_apps_title":"","related_apps_hidden":"1","author":"","image":[],"title":"","job":"","social_networks":[]},"_links":{"self":[{"href":"https:\/\/elfsight.com\/fr\/wp-json\/wp\/v2\/pages\/3763","targetHints":{"allow":["GET"]}}],"collection":[{"href":"https:\/\/elfsight.com\/fr\/wp-json\/wp\/v2\/pages"}],"about":[{"href":"https:\/\/elfsight.com\/fr\/wp-json\/wp\/v2\/types\/page"}],"author":[{"embeddable":true,"href":"https:\/\/elfsight.com\/fr\/wp-json\/wp\/v2\/users\/12"}],"replies":[{"embeddable":true,"href":"https:\/\/elfsight.com\/fr\/wp-json\/wp\/v2\/comments?post=3763"}],"version-history":[{"count":4,"href":"https:\/\/elfsight.com\/fr\/wp-json\/wp\/v2\/pages\/3763\/revisions"}],"predecessor-version":[{"id":16778,"href":"https:\/\/elfsight.com\/fr\/wp-json\/wp\/v2\/pages\/3763\/revisions\/16778"}],"up":[{"embeddable":true,"href":"https:\/\/elfsight.com\/fr\/wp-json\/wp\/v2\/pages\/1246"}],"wp:attachment":[{"href":"https:\/\/elfsight.com\/fr\/wp-json\/wp\/v2\/media?parent=3763"}],"curies":[{"name":"wp","href":"https:\/\/api.w.org\/{rel}","templated":true}]}}