{"id":3762,"date":"2021-11-16T11:39:50","date_gmt":"2021-11-16T11:39:50","guid":{"rendered":"https:\/\/elfsight.com\/fr\/?page_id=3762"},"modified":"2024-11-11T10:53:15","modified_gmt":"2024-11-11T10:53:15","slug":"wordpress","status":"publish","type":"page","link":"https:\/\/elfsight.com\/fr\/cookie-consent-widget\/wordpress\/","title":{"rendered":"Cookie Consent &#8211; WordPress"},"content":{"rendered":"<div class=\"application-platform-content-item-description application-platform-content-item\" id=\"description\" data-nav-section=\"description\"><h2>Int\u00e9grer le consentement aux cookies sur WordPress avec le widget Elfsight<\/h2><p>Avec le plugin Elfsight Cookie, il est devenu tr\u00e8s simple d&rsquo;informer vos utilisateurs que votre site Web applique des cookies, via une jolie fen\u00eatre contextuelle. Le widget vous permet de r\u00e9diger votre message, d&rsquo;ajouter un lien vers les conditions g\u00e9n\u00e9rales d&rsquo;utilisation de votre site Web et d&rsquo;ajouter des boutons actifs pour obtenir le consentement des utilisateurs. Vous pouvez choisir de pr\u00e9senter la notification sous forme de barre ou de bo\u00eete r\u00e9active et de lui d\u00e9signer son emplacement. De plus, les options de couleur vous aident \u00e0 rendre le widget coh\u00e9rent et \u00e0 correspondre au style g\u00e9n\u00e9ral du site Web.<\/p> <div class=\"faq\" data-component=\"FAQ\"><div class=\"faq-item\">\r\n\t\t\t\t\t<div class=\"faq-item-question\">\r\n\t\t\t\t\t\t<h3 class=\"faq-item-question-text\">Comment puis-je int\u00e9grer un consentement aux cookies dans WordPress site?<\/h3>\r\n\r\n\t\t\t\t\t\t<div class=\"faq-item-question-icon\"><\/div>\r\n\t\t\t\t\t<\/div>\r\n\r\n\t\t\t\t\t<div class=\"faq-item-answer\">\r\n\t\t\t\t\t\t<div class=\"faq-item-answer-text\"><p>La construction du widget s&rsquo;effectue au sein du service Elfsight et vous n&rsquo;avez pas besoin de coder. Utilisez notre d\u00e9mo en ligne pour personnaliser votre propre application, obtenez le code et collez-le sur votre site Web. <\/p><\/div>\r\n\t\t\t\t\t<\/div>\r\n\t\t\t\t<\/div><div class=\"faq-item\">\r\n\t\t\t\t\t<div class=\"faq-item-question\">\r\n\t\t\t\t\t\t<h3 class=\"faq-item-question-text\">Les meilleures fa\u00e7ons d'utiliser l'int\u00e9gration des notifications de consentement aux cookies<\/h3>\r\n\r\n\t\t\t\t\t\t<div class=\"faq-item-question-icon\"><\/div>\r\n\t\t\t\t\t<\/div>\r\n\r\n\t\t\t\t\t<div class=\"faq-item-answer\">\r\n\t\t\t\t\t\t<div class=\"faq-item-answer-text\"><p>Nous vous offrirons de nombreuses possibilit\u00e9s de personnalisation\u00a0: des widgets complets \u00e0 ins\u00e9rer dans le zone de contenu, widgets flottants avec options de d\u00e9filement, dispositions pour le pied de page, l&rsquo;en-t\u00eate et toutes sortes d&rsquo;opportunit\u00e9s verticales pour les barres lat\u00e9rales et les menus. <\/p><\/div>\r\n\t\t\t\t\t<\/div>\r\n\t\t\t\t<\/div><div class=\"faq-item\">\r\n\t\t\t\t\t<div class=\"faq-item-question\">\r\n\t\t\t\t\t\t<h3 class=\"faq-item-question-text\">Puis-je cr\u00e9er une bo\u00eete flottante ou un consentement aux cookies inf\u00e9rieurs par l'interm\u00e9diaire de votre \u00e9diteur ?<\/h3>\r\n\r\n\t\t\t\t\t\t<div class=\"faq-item-question-icon\"><\/div>\r\n\t\t\t\t\t<\/div>\r\n\r\n\t\t\t\t\t<div class=\"faq-item-answer\">\r\n\t\t\t\t\t\t<div class=\"faq-item-answer-text\"><p>Vous pouvez cr\u00e9er les modifications de n&rsquo;importe quel widget. Il y a des tonnes de mises en page \u00e0 votre disposition dans l&rsquo;\u00e9diteur, et toutes peuvent \u00eatre rapidement ajust\u00e9es selon vos besoins. <\/p><\/div>\r\n\t\t\t\t\t<\/div>\r\n\t\t\t\t<\/div><\/div><\/div><div class=\"application-platform-content-item-features application-platform-content-item\" id=\"features\" data-nav-section=\"features\"><h2>Principales fonctionnalit\u00e9s du widget Consentement aux cookies<\/h2><p>Pour mieux conna\u00eetre le consentement aux cookies, examinez la liste de ses principales caract\u00e9ristiques. Ils rendent notre widget plus efficace pour votre site\u00a0Web\u00a0:<\/p><ul><li>Cr\u00e9ez uniquement une notification ou une demande d&rsquo;approbation\u00a0; <\/li> <li>La possibilit\u00e9 d&rsquo;\u00e9crire un message d&rsquo;annonce personnalis\u00e9 avec des fonctionnalit\u00e9s de formatage et des liens\u00a0; <\/li> <li>R\u00e9v\u00e9ler ou masquer un lien actif vers les conditions g\u00e9n\u00e9rales des cookies avec un texte de lien personnalis\u00e9\u00a0; <\/li> <li>L&rsquo;option permettant de s\u00e9lectionner une variante de disposition de barre ou de bo\u00eete du widget\u00a0; <\/li> <li>S\u00e9lectionnez la couleur des boutons et du lien. <\/li> <\/ul><p><a href=\"#demo\">Pour voir toutes les fonctionnalit\u00e9s, consultez notre d\u00e9mo<\/a><\/p><\/div><div class=\"application-platform-content-item-installation application-platform-content-item\" id=\"installation\" data-nav-section=\"installation\"><h2>V\u00e9rifiez comment ajouter le consentement aux cookies \u00e0 votre WordPress<\/h2><div class=\"video-container\"><iframe width=\"720\" height=\"405\" src=\"https:\/\/www.youtube.com\/embed\/hO_iY0D1eV8\" frameborder=\"0\" allowfullscreen=\"\"><\/iframe><\/div><p>Suivez simplement les instructions ci-dessous pour int\u00e9grer le widget sur WordPress.<\/p> <ol><li><b> Lancez notre \u00e9diteur gratuit et commencez \u00e0 cr\u00e9er votre instrument sur mesure. <\/b><br> D\u00e9terminez l&rsquo;apparence et les aspects pr\u00e9f\u00e9r\u00e9s du widget et appliquez les corrections. <\/li> <li><b>Copiez votre code personnel qui s&rsquo;affiche dans la fen\u00eatre des applications Elfsight. <\/b><br> Une fois la cr\u00e9ation de votre widget de consentement aux cookies personnel termin\u00e9e, copiez le code exclusif dans la fen\u00eatre contextuelle apparue et enregistrez-le pour d&rsquo;autres besoins. <\/li> <li><b>Initiez l&rsquo;utilisation de l&rsquo;outil sur votre site WordPress. <\/b><br> Ajoutez le code enregistr\u00e9 pr\u00e9c\u00e9demment dans votre site Web et appliquez les ajustements. <\/li> <li><b>Fait\u00a0! La configuration est termin\u00e9e avec succ\u00e8s. <\/b><br> Acc\u00e9dez \u00e0 votre site Web pour examiner le fonctionnement de l&rsquo;outil. <\/li><\/ol> <p>Vous avez encore des doutes sur quelque chose\u00a0? Ou vous avez des questions ? \u00c9crivez simplement une demande \u00e0 notre \u00e9quipe d\u2019assistance. Nous sommes toujours l\u00e0 pour vous aider en cas de probl\u00e8me. <\/p><\/div>","protected":false},"excerpt":{"rendered":"","protected":false},"author":12,"featured_media":0,"parent":1220,"menu_order":0,"comment_status":"closed","ping_status":"closed","template":"templates\/template-application-platform.php","meta":{"publish_to_discourse":"","publish_post_category":"","wpdc_auto_publish_overridden":"","wpdc_topic_tags":"","wpdc_pin_topic":"","wpdc_pin_until":"","discourse_post_id":"","discourse_permalink":"","wpdc_publishing_response":"","wpdc_publishing_error":"","footnotes":""},"class_list":["post-3762","page","type-page","status-publish","hentry"],"yoast_head":"<!-- This site is optimized with the Yoast SEO plugin v25.3.1 - https:\/\/yoast.com\/wordpress\/plugins\/seo\/ -->\n<title>Banni\u00e8re Cookie - ajouter le plugin Consentement Cookies sur WordPress<\/title>\n<meta name=\"description\" content=\"Int\u00e9grez un Banni\u00e8re Cookie attractif sur votre site WordPress. Appliquez la d\u00e9mo d&#039;Elfsight et g\u00e9n\u00e9rez votre plugin en deux minutes.\" \/>\n<meta name=\"robots\" content=\"index, follow, max-snippet:-1, max-image-preview:large, max-video-preview:-1\" \/>\n<link rel=\"canonical\" href=\"https:\/\/elfsight.com\/fr\/cookie-consent-widget\/wordpress\/\" \/>\n<meta property=\"og:locale\" content=\"fr_FR\" \/>\n<meta property=\"og:type\" content=\"article\" \/>\n<meta property=\"og:title\" content=\"Banni\u00e8re Cookie - ajouter le plugin Consentement Cookies sur WordPress\" \/>\n<meta property=\"og:description\" content=\"Int\u00e9grez un Banni\u00e8re Cookie attractif sur votre site WordPress. Appliquez la d\u00e9mo d&#039;Elfsight et g\u00e9n\u00e9rez votre plugin en deux minutes.\" \/>\n<meta property=\"og:url\" content=\"https:\/\/elfsight.com\/fr\/cookie-consent-widget\/wordpress\/\" \/>\n<meta property=\"og:site_name\" content=\"Elfsight FR\" \/>\n<meta property=\"article:modified_time\" content=\"2024-11-11T10:53:15+00:00\" \/>\n<meta name=\"twitter:card\" content=\"summary_large_image\" \/>\n<meta name=\"twitter:label1\" content=\"Dur\u00e9e de lecture estim\u00e9e\" \/>\n\t<meta name=\"twitter:data1\" content=\"2 minutes\" \/>\n<!-- \/ Yoast SEO plugin. -->","yoast_head_json":{"title":"Banni\u00e8re Cookie - ajouter le plugin Consentement Cookies sur WordPress","description":"Int\u00e9grez un Banni\u00e8re Cookie attractif sur votre site WordPress. Appliquez la d\u00e9mo d'Elfsight et g\u00e9n\u00e9rez votre plugin en deux minutes.","robots":{"index":"index","follow":"follow","max-snippet":"max-snippet:-1","max-image-preview":"max-image-preview:large","max-video-preview":"max-video-preview:-1"},"canonical":"https:\/\/elfsight.com\/fr\/cookie-consent-widget\/wordpress\/","og_locale":"fr_FR","og_type":"article","og_title":"Banni\u00e8re Cookie - ajouter le plugin Consentement Cookies sur WordPress","og_description":"Int\u00e9grez un Banni\u00e8re Cookie attractif sur votre site WordPress. Appliquez la d\u00e9mo d'Elfsight et g\u00e9n\u00e9rez votre plugin en deux minutes.","og_url":"https:\/\/elfsight.com\/fr\/cookie-consent-widget\/wordpress\/","og_site_name":"Elfsight FR","article_modified_time":"2024-11-11T10:53:15+00:00","twitter_card":"summary_large_image","twitter_misc":{"Dur\u00e9e de lecture estim\u00e9e":"2 minutes"},"schema":{"@context":"https:\/\/schema.org","@graph":[{"@type":"WebPage","@id":"https:\/\/elfsight.com\/fr\/cookie-consent-widget\/wordpress\/","url":"https:\/\/elfsight.com\/fr\/cookie-consent-widget\/wordpress\/","name":"Banni\u00e8re Cookie - ajouter le plugin Consentement Cookies sur WordPress","isPartOf":{"@id":"https:\/\/elfsight.com\/fr\/#website"},"datePublished":"2021-11-16T11:39:50+00:00","dateModified":"2024-11-11T10:53:15+00:00","description":"Int\u00e9grez un Banni\u00e8re Cookie attractif sur votre site WordPress. Appliquez la d\u00e9mo d'Elfsight et g\u00e9n\u00e9rez votre plugin en deux minutes.","breadcrumb":{"@id":"https:\/\/elfsight.com\/fr\/cookie-consent-widget\/wordpress\/#breadcrumb"},"inLanguage":"fr-FR","potentialAction":[{"@type":"ReadAction","target":["https:\/\/elfsight.com\/fr\/cookie-consent-widget\/wordpress\/"]}]},{"@type":"BreadcrumbList","@id":"https:\/\/elfsight.com\/fr\/cookie-consent-widget\/wordpress\/#breadcrumb","itemListElement":[{"@type":"ListItem","position":1,"name":"Home","item":"https:\/\/elfsight.com\/fr\/"},{"@type":"ListItem","position":2,"name":"Cookie Consent","item":"https:\/\/elfsight.com\/fr\/cookie-consent-widget\/"},{"@type":"ListItem","position":3,"name":"Cookie Consent &#8211; WordPress"}]},{"@type":"WebSite","@id":"https:\/\/elfsight.com\/fr\/#website","url":"https:\/\/elfsight.com\/fr\/","name":"Elfsight FR","description":"","potentialAction":[{"@type":"SearchAction","target":{"@type":"EntryPoint","urlTemplate":"https:\/\/elfsight.com\/fr\/?s={search_term_string}"},"query-input":{"@type":"PropertyValueSpecification","valueRequired":true,"valueName":"search_term_string"}}],"inLanguage":"fr-FR"}]}},"meta_box":{"industry":"","seo_heading":"","heading":"","description":"","cta_heading":"","cta_description":"","application":"1219","h1":"Banni\u00e8re Cookie Plugin pour WordPress","h1_caption":"Respectez les r\u00e8gles de confidentialit\u00e9 en ajoutant une banni\u00e8re de consentement aux cookies sur votre site Web, garantissant ainsi la transparence des donn\u00e9es utilisateur sur votre site Web WordPress sans effort.","application_category":[],"applications_title":"","applications_request_title":"","applications_request_button_text":"","hero_text":"","hero_video":"","hero_video_schema_markup":"","selling_points_title":"","selling_points_caption":"","selling_points":[],"selling_points_cta_text":"","features_title":"","features":"","ed_cta_examples_text":"","ed_cta_examples_hidden":"","ed_cta_demo_text":"","ed_cta_demo_hidden":"","why_caption":"","why_editor_title":"","why_editor_text":"","why_team_title":"","why_team_text":"","why_service_title":"","why_service_text":"","template_catalog_visible":"","template_catalog_title":"","template_catalog_text":"","template_catalog_categories_visible":"","demo_title":"Cr\u00e9ez votre plugin de consentement aux cookies","demo_caption":"Configurez votre consentement aux cookies et ajoutez-le gratuitement \u00e0 votre site WordPress !","default_faq_hidden":"","app_template_category":[],"platform":"18","template_public_id":"","codecanyon_url":"","codecanyon_item_id":"","codecanyon_price":"","pricing_caption":"","pricing_elfsight_apps_hide_column":"","pricing_elfsight_apps_url":"","pricing_codecanyon_price_caption":"","integration_category":[],"integration_request_title":"","integration_request_cta":"","integration_platform":"","integrations":[],"platform_category":[],"video_schema_markup":"","price":"\u00c0 partir de 0$ par mois","trial":"","benefits":[{"text":"Installation gratuite"},{"text":"Support Premium"},{"text":"Garantie de remboursement de 14 jours"},{"text":"L'am\u00e9lioration continue"}],"button_url":"#demo","button_target_blank":"0","button_nofollow":"0","attributes":[{"name":"Nombre d'installations","content":"1,000 - 5,000","_state":"expanded"},{"name":"Adaptif","content":"Oui","_state":"expanded"},{"name":"Navigateurs compatibles","content":"Firefox, Safari, Opera, Chrome, Edge","_state":"expanded"}],"tags":[],"tags_disable_links":"0","hide_more_platforms":"","video_object":"","demo_hide_cta":"0","demo_hide_cloud_options":"0","pricing_title":"","pricing":[{"pricing_icon":"platform","pricing_title":"Applications d'Elfsight","pricing_title_caption":"Solution num\u00e9rique multiplateforme qui fonctionne sur n'importe quel site","pricing_price":"\u00c0 partir de $0\/mois","pricing_price_caption":"Commencez avec un plan gratuit","pricing_benefits":[{"text":"Sites Web illimit\u00e9s"},{"text":"\u00c9quipe d'assistance professionnelle"},{"text":"Service d'installation gratuit"},{"text":"100% personnalisable"}],"pricing_button_text":"Ajouter au site Web","pricing_button_url":"https:\/\/apps.elfsight.com\/sign-up\/","pricing_button_nofollow":"1","_state":"expanded"}],"related_apps_title":"","related_apps_hidden":"1","author":"","image":[],"title":"","job":"","social_networks":[]},"_links":{"self":[{"href":"https:\/\/elfsight.com\/fr\/wp-json\/wp\/v2\/pages\/3762","targetHints":{"allow":["GET"]}}],"collection":[{"href":"https:\/\/elfsight.com\/fr\/wp-json\/wp\/v2\/pages"}],"about":[{"href":"https:\/\/elfsight.com\/fr\/wp-json\/wp\/v2\/types\/page"}],"author":[{"embeddable":true,"href":"https:\/\/elfsight.com\/fr\/wp-json\/wp\/v2\/users\/12"}],"replies":[{"embeddable":true,"href":"https:\/\/elfsight.com\/fr\/wp-json\/wp\/v2\/comments?post=3762"}],"version-history":[{"count":3,"href":"https:\/\/elfsight.com\/fr\/wp-json\/wp\/v2\/pages\/3762\/revisions"}],"predecessor-version":[{"id":14050,"href":"https:\/\/elfsight.com\/fr\/wp-json\/wp\/v2\/pages\/3762\/revisions\/14050"}],"up":[{"embeddable":true,"href":"https:\/\/elfsight.com\/fr\/wp-json\/wp\/v2\/pages\/1220"}],"wp:attachment":[{"href":"https:\/\/elfsight.com\/fr\/wp-json\/wp\/v2\/media?parent=3762"}],"curies":[{"name":"wp","href":"https:\/\/api.w.org\/{rel}","templated":true}]}}