{"id":3761,"date":"2021-11-16T09:16:04","date_gmt":"2021-11-16T09:16:04","guid":{"rendered":"https:\/\/elfsight.com\/fr\/?page_id=3761"},"modified":"2026-01-14T14:35:36","modified_gmt":"2026-01-14T14:35:36","slug":"wordpress","status":"publish","type":"page","link":"https:\/\/elfsight.com\/fr\/online-form-builder\/wordpress\/","title":{"rendered":"Form Builder &#8211; WordPress"},"content":{"rendered":"<div class=\"application-platform-content-item-description application-platform-content-item\" id=\"description\" data-nav-section=\"description\"><h2>Int\u00e9grer Form Builder sur WordPress avec le widget Elfsight<\/h2><p>Le meilleur Form Builder d&rsquo;Elfsight est un plugin universel pour cr\u00e9er divers types de formulaires \u00e0 remplir et int\u00e9grez-les \u00e0 votre ressource Web. Obtenez des informations aupr\u00e8s de vos utilisateurs actuels et potentiels via des enqu\u00eates faciles \u00e0 remplir, des formulaires de commentaires, des demandes d&rsquo;\u00e9valuation et toutes les autres cat\u00e9gories. Contr\u00f4lez la composition du formulaire, choisissez des \u00e9l\u00e9ments pour cr\u00e9er des formulaires personnalis\u00e9s permettant de recevoir des informations de la client\u00e8le et ajoutez facilement un formulaire \u00e0 votre site Web WordPress. Quels que soient les types de donn\u00e9es que vous recherchez : r\u00e9flexions, \u00e9valuations, commandes et achats \u2013 le plugin WordPress Form vous permettra de cr\u00e9er un formulaire \u00e0 remplir pertinent. Gr\u00e2ce \u00e0 une configuration flexible et aux nombreux composants disponibles, votre formulaire sera pratique pour vos clients et attrayant pour vous.<\/p><p><b>Recueillez les id\u00e9es des clients, traitez les r\u00e9servations et les requ\u00eates de la client\u00e8le de votre site Web\u00a0!<\/b> <\/p><ul><li><b>Cr\u00e9ez des formulaires attrayants pour recueillir plus de commentaires<\/b>.<br>Vous disposez d&rsquo;une large collection de segments qui permettent de cr\u00e9er des formulaires divertissants et pratiques. Les options de style vari\u00e9es du plugin d&rsquo;Elfsight permettront de le rendre lumineux et d&rsquo;attirer plus d&rsquo;utilisateurs \u00e0 remplir.<\/li><li><b>Augmentez le nombre de prospects avec des formulaires g\u00e9rables<\/b>.<br>Ne faites pas laissez la client\u00e8le laisser la proc\u00e9dure de remplissage inachev\u00e9e et perdre des informations pr\u00e9cieuses. Cr\u00e9ez des formulaires avec des \u00e9tapes g\u00e9rables et une composition facile, qui maintiendront l&rsquo;engagement des clients jusqu&rsquo;\u00e0 l&rsquo;\u00e9tape finale et augmenteront le nombre de prospects.<\/li><li><b>\u00c9conomisez du temps et de l&rsquo;argent avec un outil polyvalent<\/b>. <br>Ce plugin complet permet de construire des formes de diff\u00e9rentes variantes avec des ensembles d&rsquo;\u00e9l\u00e9ments vari\u00e9s et un motif unique. Cela vous aidera \u00e0 fa\u00e7onner les formulaires pour recevoir des donn\u00e9es de diff\u00e9rents types sans consacrer de temps ni d&rsquo;argent suppl\u00e9mentaire.<\/li><\/ul><\/div><div class=\"application-platform-content-item-features application-platform-content-item\" id=\"features\" data-nav-section=\"features\"><h2>Fonctionnalit\u00e9s du plugin de cr\u00e9ation de formulaires<\/h2><p>Pourquoi notre g\u00e9n\u00e9rateur de formulaires reste l&rsquo;un des meilleurs plugins WodPress pour la collecte de donn\u00e9es clients\u00a0?<\/p><ul><li>18 types de champs pour accomplir presque toutes les t\u00e2ches de collecte de donn\u00e9es\u00a0;<\/li><li> Texte modifiable du bouton d&rsquo;envoi\u00a0;<\/li><li>Textes modifiables du message de remerciement et du bouton pour un remplissage r\u00e9p\u00e9t\u00e9 du formulaire\u00a0;<\/li><li>10 ic\u00f4nes int\u00e9gr\u00e9es pour le bouton flottant\u00a0;<\/li><li>A Smart Colorizer trouvera la couleur contrast\u00e9e maximale pour le texte et les \u00e9l\u00e9ments d&rsquo;interface en fonction de la couleur principale que vous avez choisie.<\/li><\/ul><p><a href=\"#demo\">Lisez la liste compl\u00e8te des fonctionnalit\u00e9s dans l&rsquo;\u00e9diteur<\/a><\/p><\/div><div class=\"application-platform-content-item-installation application-platform-content-item\" id=\"installation\" data-nav-section=\"installation\"><h2>Comment ajouter le plugin Form Builder au site WordPress<\/h2><div class=\"video-container\">\n<iframe width=\"720\" height=\"405\" src=\"https:\/\/www.youtube.com\/embed\/ggI2EgqkDDY?si=FFrACu0H_CsCXgOq\" frameborder=\"0\" allowfullscreen=\"\"><\/iframe>\n<\/div><p>Remplissez simplement suivez les instructions ci-dessous pour int\u00e9grer l&rsquo;outil sur WordPress.<\/p><ol><li><b>Utilisez notre \u00e9diteur gratuit et commencez \u00e0 cr\u00e9er votre widget sur mesure. <\/b><br>Trouvez l&rsquo;interface et les fonctionnalit\u00e9s souhait\u00e9es de l&rsquo;outil et enregistrez les modifications.<\/li><li><b>Recevez votre code unique qui s&rsquo;affiche dans la fen\u00eatre des applications Elfsight. <\/b><br>Juste apr\u00e8s avoir termin\u00e9 la configuration de votre g\u00e9n\u00e9rateur de formulaires personnel, copiez le code individuel dans la fen\u00eatre qui appara\u00eet et conservez-le pour vos besoins futurs.<\/li><li><b>Commencez l&rsquo;utilisation du widget sur votre site WordPress. <\/b><br>Int\u00e9grez le code enregistr\u00e9 pr\u00e9c\u00e9demment dans votre site Web et enregistrez les ajustements.<\/li><li><b>Vous avez termin\u00e9\u00a0! L&rsquo;int\u00e9gration est enti\u00e8rement r\u00e9alis\u00e9e. <\/b><br>Allez sur votre site pour v\u00e9rifier le fonctionnement du plugin.<\/li><\/ol><p>Vous rencontrez des difficult\u00e9s ou avez des questions sur l&rsquo;installation ou les param\u00e8tres du plugin personnel ? Voir le manuel complet \u00ab\u00a0<a href=\"https:\/\/elfsight.com\/blog\/how-to-create-form-for-wordpress\/\" target=\"_blank\" rel=\"noopener\">Comment ajouter un plugin Form sur Site WordPress<\/a>\u00bb ou laissez votre message au centre d&rsquo;aide et notre \u00e9quipe se fera un plaisir de vous aider.<\/p><\/div><div class=\"faq\" data-component=\"FAQ\"><div class=\"faq-item\">\r\n\t\t\t\t\t<div class=\"faq-item-question\">\r\n\t\t\t\t\t\t<h3 class=\"faq-item-question-text\"> Comment puis-je prot\u00e9ger les donn\u00e9es des formulaires WordPress sur mes pages ?<\/h3>\r\n\r\n\t\t\t\t\t\t<div class=\"faq-item-question-icon\"><\/div>\r\n\t\t\t\t\t<\/div>\r\n\r\n\t\t\t\t\t<div class=\"faq-item-answer\">\r\n\t\t\t\t\t\t<div class=\"faq-item-answer-text\"><p>Notre g\u00e9n\u00e9rateur de formulaires est int\u00e9gr\u00e9 au service de s\u00e9curit\u00e9 reCAPTCHA le plus performant. Il a \u00e9t\u00e9 int\u00e9gr\u00e9 pour s\u00e9curiser vos formulaires et votre bo\u00eete aux lettres contre le spam et fournir un travail fluide et uniquement des donn\u00e9es valoris\u00e9es. <\/p><\/div>\r\n\t\t\t\t\t<\/div>\r\n\t\t\t\t<\/div><div class=\"faq-item\">\r\n\t\t\t\t\t<div class=\"faq-item-question\">\r\n\t\t\t\t\t\t<h3 class=\"faq-item-question-text\">Existe-t-il des mod\u00e8les prenant en charge les formulaires logiques conditionnels\/champs multiples\/formulaires de courrier \u00e9lectronique ?<\/h3>\r\n\r\n\t\t\t\t\t\t<div class=\"faq-item-question-icon\"><\/div>\r\n\t\t\t\t\t<\/div>\r\n\r\n\t\t\t\t\t<div class=\"faq-item-answer\">\r\n\t\t\t\t\t\t<div class=\"faq-item-answer-text\"><p>Bien s\u00fbr\u00a0! Tout ce que vous avez \u00e0 faire est de vous connecter aux applications Elfsight et de choisir n&rsquo;importe quel mod\u00e8le appropri\u00e9, puis de commencer \u00e0 cr\u00e9er votre widget personnalis\u00e9. <\/p><\/div>\r\n\t\t\t\t\t<\/div>\r\n\t\t\t\t<\/div><div class=\"faq-item\">\r\n\t\t\t\t\t<div class=\"faq-item-question\">\r\n\t\t\t\t\t\t<h3 class=\"faq-item-question-text\">Comment puis-je cr\u00e9er un formulaire de contact\/commentaires pour un site WordPress ?<\/h3>\r\n\r\n\t\t\t\t\t\t<div class=\"faq-item-question-icon\"><\/div>\r\n\t\t\t\t\t<\/div>\r\n\r\n\t\t\t\t\t<div class=\"faq-item-answer\">\r\n\t\t\t\t\t\t<div class=\"faq-item-answer-text\"><p>Pour cr\u00e9er votre formulaire de contact ou de commentaires, vous devez vous connecter \u00e0 le service Elfsight Apps et apportez toutes les modifications n\u00e9cessaires \u00e0 l&rsquo;outil. Une fois que vous avez termin\u00e9, enregistrez les modifications et acc\u00e9dez au site Web. Aussi simple que cela. <\/p><\/div>\r\n\t\t\t\t\t<\/div>\r\n\t\t\t\t<\/div><div class=\"faq-item\">\r\n\t\t\t\t\t<div class=\"faq-item-question\">\r\n\t\t\t\t\t\t<h3 class=\"faq-item-question-text\">Avez-vous des mod\u00e8les de g\u00e9n\u00e9rateur de formulaires pr\u00e9d\u00e9finis pour le site Web WordPress ?<\/h3>\r\n\r\n\t\t\t\t\t\t<div class=\"faq-item-question-icon\"><\/div>\r\n\t\t\t\t\t<\/div>\r\n\r\n\t\t\t\t\t<div class=\"faq-item-answer\">\r\n\t\t\t\t\t\t<div class=\"faq-item-answer-text\"><p>Oui. Notre \u00e9quipe a travaill\u00e9 dur pour cr\u00e9er une collection massive de plus de 300 mod\u00e8les, tels que des <a href=\"https:\/\/elfsight.com\/online-form-builder\/templates\/application-forms\/\">Formulaires de candidature<\/a>, <a href=\"https:\/\/elfsight.com\/online-form-builder\/templates\/booking-forms\/\">Formulaires de r\u00e9servation<\/a>, <a href=\"https:\/\/elfsight.com\/online-form -builder\/templates\/order-forms\/\">Formulaires de commande<\/a>, <a href=\"https:\/\/elfsight.com\/online-form-builder\/templates\/product-forms\/\">Formulaires de produits<\/a>, <a href=\"https:\/\/elfsight.com\/online-form-builder\/templates\/questionnaires\/\">Questionnaires<\/a>, <a href=\"https:\/\/elfsight.com\/online-form- builder\/templates\/quizzes\/\">Quizz<\/a>, <a href=\"https:\/\/elfsight.com\/online-form-builder\/templates\/surveys\/\">Enqu\u00eates<\/a>, <a href=\"https:\/\/elfsight.com\/online-form-builder\/templates\/file-upload-forms\/\">Formulaires de t\u00e9l\u00e9chargement de fichiers<\/a>, et bien d&rsquo;autres. Il ne sera donc pas si difficile de trouver la bonne solution avec les <a href=\"https:\/\/elfsight.com\/online-form-builder\/templates\/\">Mod\u00e8les de cr\u00e9ation de formulaires<\/a>.<\/p> <\/div>\r\n\t\t\t\t\t<\/div>\r\n\t\t\t\t<\/div><\/div>","protected":false},"excerpt":{"rendered":"","protected":false},"author":12,"featured_media":0,"parent":1158,"menu_order":0,"comment_status":"closed","ping_status":"closed","template":"templates\/template-application-platform.php","meta":{"publish_to_discourse":"","publish_post_category":"","wpdc_auto_publish_overridden":"","wpdc_topic_tags":"","wpdc_pin_topic":"","wpdc_pin_until":"","discourse_post_id":"","discourse_permalink":"","wpdc_publishing_response":"","wpdc_publishing_error":"","footnotes":""},"class_list":["post-3761","page","type-page","status-publish","hentry"],"yoast_head":"<!-- This site is optimized with the Yoast SEO plugin v25.3.1 - https:\/\/yoast.com\/wordpress\/plugins\/seo\/ -->\n<title>G\u00e9n\u00e9rateur formulaires - ajouter un plugin Forme sur WordPress<\/title>\n<meta name=\"description\" content=\"Int\u00e9grez un G\u00e9n\u00e9rateur formulaire attractif sur votre site WordPress. Appliquez la d\u00e9mo d&#039;Elfsight et g\u00e9n\u00e9rez votre plugin en deux minutes.\" \/>\n<meta name=\"robots\" content=\"index, follow, max-snippet:-1, max-image-preview:large, max-video-preview:-1\" \/>\n<link rel=\"canonical\" href=\"https:\/\/elfsight.com\/fr\/online-form-builder\/wordpress\/\" \/>\n<meta property=\"og:locale\" content=\"fr_FR\" \/>\n<meta property=\"og:type\" content=\"article\" \/>\n<meta property=\"og:title\" content=\"G\u00e9n\u00e9rateur formulaires - ajouter un plugin Forme sur WordPress\" \/>\n<meta property=\"og:description\" content=\"Int\u00e9grez un G\u00e9n\u00e9rateur formulaire attractif sur votre site WordPress. Appliquez la d\u00e9mo d&#039;Elfsight et g\u00e9n\u00e9rez votre plugin en deux minutes.\" \/>\n<meta property=\"og:url\" content=\"https:\/\/elfsight.com\/fr\/online-form-builder\/wordpress\/\" \/>\n<meta property=\"og:site_name\" content=\"Elfsight FR\" \/>\n<meta property=\"article:modified_time\" content=\"2026-01-14T14:35:36+00:00\" \/>\n<meta name=\"twitter:card\" content=\"summary_large_image\" \/>\n<meta name=\"twitter:label1\" content=\"Dur\u00e9e de lecture estim\u00e9e\" \/>\n\t<meta name=\"twitter:data1\" content=\"5 minutes\" \/>\n<!-- \/ Yoast SEO plugin. -->","yoast_head_json":{"title":"G\u00e9n\u00e9rateur formulaires - ajouter un plugin Forme sur WordPress","description":"Int\u00e9grez un G\u00e9n\u00e9rateur formulaire attractif sur votre site WordPress. Appliquez la d\u00e9mo d'Elfsight et g\u00e9n\u00e9rez votre plugin en deux minutes.","robots":{"index":"index","follow":"follow","max-snippet":"max-snippet:-1","max-image-preview":"max-image-preview:large","max-video-preview":"max-video-preview:-1"},"canonical":"https:\/\/elfsight.com\/fr\/online-form-builder\/wordpress\/","og_locale":"fr_FR","og_type":"article","og_title":"G\u00e9n\u00e9rateur formulaires - ajouter un plugin Forme sur WordPress","og_description":"Int\u00e9grez un G\u00e9n\u00e9rateur formulaire attractif sur votre site WordPress. Appliquez la d\u00e9mo d'Elfsight et g\u00e9n\u00e9rez votre plugin en deux minutes.","og_url":"https:\/\/elfsight.com\/fr\/online-form-builder\/wordpress\/","og_site_name":"Elfsight FR","article_modified_time":"2026-01-14T14:35:36+00:00","twitter_card":"summary_large_image","twitter_misc":{"Dur\u00e9e de lecture estim\u00e9e":"5 minutes"},"schema":{"@context":"https:\/\/schema.org","@graph":[{"@type":"WebPage","@id":"https:\/\/elfsight.com\/fr\/online-form-builder\/wordpress\/","url":"https:\/\/elfsight.com\/fr\/online-form-builder\/wordpress\/","name":"G\u00e9n\u00e9rateur formulaires - ajouter un plugin Forme sur WordPress","isPartOf":{"@id":"https:\/\/elfsight.com\/fr\/#website"},"datePublished":"2021-11-16T09:16:04+00:00","dateModified":"2026-01-14T14:35:36+00:00","description":"Int\u00e9grez un G\u00e9n\u00e9rateur formulaire attractif sur votre site WordPress. Appliquez la d\u00e9mo d'Elfsight et g\u00e9n\u00e9rez votre plugin en deux minutes.","breadcrumb":{"@id":"https:\/\/elfsight.com\/fr\/online-form-builder\/wordpress\/#breadcrumb"},"inLanguage":"fr-FR","potentialAction":[{"@type":"ReadAction","target":["https:\/\/elfsight.com\/fr\/online-form-builder\/wordpress\/"]}]},{"@type":"BreadcrumbList","@id":"https:\/\/elfsight.com\/fr\/online-form-builder\/wordpress\/#breadcrumb","itemListElement":[{"@type":"ListItem","position":1,"name":"Home","item":"https:\/\/elfsight.com\/fr\/"},{"@type":"ListItem","position":2,"name":"Form Builder","item":"https:\/\/elfsight.com\/fr\/online-form-builder\/"},{"@type":"ListItem","position":3,"name":"Form Builder &#8211; WordPress"}]},{"@type":"WebSite","@id":"https:\/\/elfsight.com\/fr\/#website","url":"https:\/\/elfsight.com\/fr\/","name":"Elfsight FR","description":"","potentialAction":[{"@type":"SearchAction","target":{"@type":"EntryPoint","urlTemplate":"https:\/\/elfsight.com\/fr\/?s={search_term_string}"},"query-input":{"@type":"PropertyValueSpecification","valueRequired":true,"valueName":"search_term_string"}}],"inLanguage":"fr-FR"}]}},"meta_box":{"industry":"","seo_heading":"","heading":"","description":"","cta_heading":"","cta_description":"","application":"1157","h1":"Plugin G\u00e9n\u00e9rateur formulaires pour WordPress","h1_caption":"Cr\u00e9er des informations - collecter des formulaires de divers types en \u00e9tapes simples","application_category":[],"applications_title":"","applications_request_title":"","applications_request_button_text":"","hero_text":"","hero_video":"","hero_video_schema_markup":"","selling_points_title":"","selling_points_caption":"","selling_points":[],"selling_points_cta_text":"","features_title":"","features":"","ed_cta_examples_text":"","ed_cta_examples_hidden":"","ed_cta_demo_text":"","ed_cta_demo_hidden":"","why_caption":"","why_editor_title":"","why_editor_text":"","why_team_title":"","why_team_text":"","why_service_title":"","why_service_text":"","template_catalog_visible":"0","template_catalog_title":"","template_catalog_text":"","template_catalog_categories_visible":"","demo_title":"Cr\u00e9ez votre plugin Form Builder","demo_caption":"Configurez votre Form Builder et ajoutez-le \u00e0 votre site WordPress gratuitement !","default_faq_hidden":"","app_template_category":[],"platform":"18","template_public_id":"","codecanyon_url":"","codecanyon_item_id":"","codecanyon_price":"","pricing_caption":"","pricing_elfsight_apps_hide_column":"","pricing_elfsight_apps_url":"","pricing_codecanyon_price_caption":"","integration_category":[],"integration_request_title":"","integration_request_cta":"","integration_platform":"","integrations":[],"platform_category":[],"video_schema_markup":"","price":"\u00c0 partir de 0$ par mois","trial":"","benefits":[{"text":"Installation gratuite"},{"text":"Support Premium"},{"text":"Garantie de remboursement de 14 jours"},{"text":"L'am\u00e9lioration continue"}],"button_url":"#demo","button_target_blank":"0","button_nofollow":"0","attributes":[{"name":"Nombre d'installations","content":"30,000 - 50,000","_state":"expanded"},{"name":"Adaptif","content":"Oui","_state":"expanded"},{"name":"Navigateurs compatibles","content":"Firefox, Safari, Opera, Chrome, Edge","_state":"expanded"}],"tags":[],"tags_disable_links":"0","hide_more_platforms":"0","video_object":"","demo_hide_cta":"0","demo_hide_cloud_options":"0","pricing_title":"","pricing":[{"pricing_icon":"platform","pricing_title":"Applications d'Elfsight","pricing_title_caption":"Solution num\u00e9rique multiplateforme qui fonctionne sur n'importe quel site","pricing_price":"\u00c0 partir de $0\/mois","pricing_price_caption":"Commencez avec un plan gratuit","pricing_benefits":[{"text":"Sites Web illimit\u00e9s"},{"text":"\u00c9quipe d'assistance professionnelle"},{"text":"Service d'installation gratuit"},{"text":"100% personnalisable"}],"pricing_button_text":"Ajouter au site Web","pricing_button_url":"https:\/\/apps.elfsight.com\/sign-up\/","pricing_button_nofollow":"1","_state":"expanded"}],"related_apps_title":"","related_apps_hidden":"1","author":"","image":[],"title":"","job":"","social_networks":[]},"_links":{"self":[{"href":"https:\/\/elfsight.com\/fr\/wp-json\/wp\/v2\/pages\/3761","targetHints":{"allow":["GET"]}}],"collection":[{"href":"https:\/\/elfsight.com\/fr\/wp-json\/wp\/v2\/pages"}],"about":[{"href":"https:\/\/elfsight.com\/fr\/wp-json\/wp\/v2\/types\/page"}],"author":[{"embeddable":true,"href":"https:\/\/elfsight.com\/fr\/wp-json\/wp\/v2\/users\/12"}],"replies":[{"embeddable":true,"href":"https:\/\/elfsight.com\/fr\/wp-json\/wp\/v2\/comments?post=3761"}],"version-history":[{"count":4,"href":"https:\/\/elfsight.com\/fr\/wp-json\/wp\/v2\/pages\/3761\/revisions"}],"predecessor-version":[{"id":16780,"href":"https:\/\/elfsight.com\/fr\/wp-json\/wp\/v2\/pages\/3761\/revisions\/16780"}],"up":[{"embeddable":true,"href":"https:\/\/elfsight.com\/fr\/wp-json\/wp\/v2\/pages\/1158"}],"wp:attachment":[{"href":"https:\/\/elfsight.com\/fr\/wp-json\/wp\/v2\/media?parent=3761"}],"curies":[{"name":"wp","href":"https:\/\/api.w.org\/{rel}","templated":true}]}}