{"id":3759,"date":"2021-11-16T08:59:50","date_gmt":"2021-11-16T08:59:50","guid":{"rendered":"https:\/\/elfsight.com\/fr\/?page_id=3759"},"modified":"2024-11-11T11:07:33","modified_gmt":"2024-11-11T11:07:33","slug":"wordpress","status":"publish","type":"page","link":"https:\/\/elfsight.com\/fr\/accordion-faq-widget\/wordpress\/","title":{"rendered":"FAQ &#8211; WordPress"},"content":{"rendered":"<div class=\"application-platform-content-item-description application-platform-content-item\" id=\"description\" data-nav-section=\"description\"><h2>Int\u00e9grer la FAQ sur WordPress avec le widget Elfsight<\/h2><p>La FAQ Accord\u00e9on r\u00e9active Elfsight est un plugin efficace, qui permet d&rsquo;afficher le plus questions importantes des clients avec des r\u00e9ponses sur votre site Web. Un plugin interactif avec une navigation simple vous permet de fournir des informations d\u00e9taill\u00e9es sur vos offres, d&rsquo;attirer l&rsquo;attention des lecteurs sur les qualit\u00e9s positives des articles et d&rsquo;\u00e9viter les doutes et la m\u00e9fiance probables, qui pourraient entraver la prise de d\u00e9cision d&rsquo;achat.<\/p><p><b>R\u00e9pondez au plus vite aux questions qui apparaissent de vos visiteurs et augmentez la conversion sur le site\u00a0!<\/b><\/p><ul><li><b>\u00c9liminez les soup\u00e7ons de vos clients et obtenez des revenus plus \u00e9lev\u00e9s<\/b>.<br> D\u00e9montrez des informations d\u00e9taill\u00e9es sur vos produits ou offres \u00e0 vos utilisateurs, pour \u00e9liminer tous les doutes possibles et augmenter les revenus sur le site Web.<\/li><li><b>Cr\u00e9ez une image id\u00e9ale de votre marque aupr\u00e8s des utilisateurs<\/b>.<br>Fournissez une bonne compr\u00e9hension de votre marque et de vos processus commerciaux, pour \u00e9liminer tous les doutes possibles qui les emp\u00eachent de d\u00e9marrer une coop\u00e9ration.<\/li><li><b>R\u00e9duisez le temps et le prix du travail du centre d&rsquo;aide<\/b>.<br> D\u00e9montrez les r\u00e9ponses \u00e0 toutes les questions les plus fr\u00e9quentes concernant vos produits, services ou marque afin de r\u00e9duire la charge suppl\u00e9mentaire de votre \u00e9quipe d&rsquo;assistance.<\/li><\/ul><\/div><div class=\"application-platform-content-item-features application-platform-content-item\" id=\"features\" data-nav-section=\"features\"><h2>Principal fonctionnalit\u00e9s du widget FAQ<\/h2><p>Les points forts de la fonctionnalit\u00e9 de notre plugin, qui en font le meilleur pour int\u00e9grer la FAQ sur le site WordPress.<\/p><ul><li>3 mises en page r\u00e9actives pr\u00eates\u00a0: accord\u00e9on, liste , multicolonne\u00a0;<\/li><li>4 styles pr\u00eats \u00e0 l&#8217;emploi avec bordures et ombres\u00a0;<\/li><li>Questions illimit\u00e9es dans chaque cat\u00e9gorie\u00a0;<\/li><li>Html dans le texte pris en charge\u00a0;<\/li><li>Mises \u00e0 jour disponibles pour le garder \u00e0 jour.<\/li><\/ul><p><a href=\"#demo\">V\u00e9rifiez toutes les fonctionnalit\u00e9s<\/a><\/p><\/div><div class=\"application-platform-content-item-installation application-platform-content-item\" id=\"installation\" data-nav-section=\"installation\"><h2>Comment ajouter le plugin Accordion FAQ \u00e0 WordPress<\/h2><div class=\"video-container\"><iframe width=\"720\" height=\"405\" src=\"https:\/\/www.youtube.com\/embed\/L6OzE2sVMWg\" frameborder=\"0\" allowfullscreen=\"\"><\/iframe><\/div><p>Suivez simplement les \u00e9tapes ci-dessous pour int\u00e9grer le plugin sur WordPress.<\/p> <ol><li><b>G\u00e9rez notre \u00e9diteur gratuit et commencez \u00e0 cr\u00e9er votre plugin personnalis\u00e9. <\/b><br> Choisissez la pr\u00e9sentation et les fonctionnalit\u00e9s pr\u00e9f\u00e9r\u00e9es du widget et enregistrez les modifications. <\/li> <li><b>Obtenez votre code personnel qui est affich\u00e9 dans le formulaire sp\u00e9cial sur Elfsight Apps. <\/b><br> Une fois la personnalisation de votre widget FAQ personnelle termin\u00e9e, copiez le code exclusif de la fen\u00eatre qui appara\u00eet et conservez-le pour une utilisation ult\u00e9rieure. <\/li> <li><b>Commencez \u00e0 utiliser le plugin sur le site WordPress. <\/b><br> Ajoutez le code copi\u00e9 r\u00e9cemment dans votre site web et enregistrez les modifications. <\/li> <li><b>L&rsquo;installation est termin\u00e9e avec succ\u00e8s. <\/b><br> Acc\u00e9dez \u00e0 votre site Web pour observer le fonctionnement du widget. <\/li><\/ol> <p>Vous rencontrez des difficult\u00e9s lors de la r\u00e9alisation du tutoriel\u00a0? Adressez-vous \u00e0 notre service d&rsquo;assistance ou consultez le texte int\u00e9gral du guide \u00ab<a href=\"https:\/\/elfsight.com\/tutorials\/how-to-add-accordion-faq-plugin-to-wordpress\/\" target=\"_blank\" rel=\"noopener noreferrer\">Comment ajouter un widget FAQ \u00e0 WordPress<\/a>\u00bb et compl\u00e9tez l&rsquo;ajout vous-m\u00eame.<\/p><\/div><div class=\"faq\" data-component=\"FAQ\"><div class=\"faq-item\">\r\n\t\t\t\t\t<div class=\"faq-item-question\">\r\n\t\t\t\t\t\t<h3 class=\"faq-item-question-text\">Comment puis-je int\u00e9grer une FAQ sur mon site WordPress ?<\/h3>\r\n\r\n\t\t\t\t\t\t<div class=\"faq-item-question-icon\"><\/div>\r\n\t\t\t\t\t<\/div>\r\n\r\n\t\t\t\t\t<div class=\"faq-item-answer\">\r\n\t\t\t\t\t\t<div class=\"faq-item-answer-text\"><p>La cr\u00e9ation du widget est effectu\u00e9e au sein du service Elfsight et vous n&rsquo;avez pas besoin d&rsquo;apprendre le codage. Acc\u00e9dez \u00e0 la d\u00e9mo en direct pour concevoir votre outil personnel, acqu\u00e9rir le code et l&rsquo;int\u00e9grer dans votre site Web. <\/p><\/div>\r\n\t\t\t\t\t<\/div>\r\n\t\t\t\t<\/div><div class=\"faq-item\">\r\n\t\t\t\t\t<div class=\"faq-item-question\">\r\n\t\t\t\t\t\t<h3 class=\"faq-item-question-text\">Les meilleures fa\u00e7ons d'utiliser l'int\u00e9gration de la FAQ Accordion<\/h3>\r\n\r\n\t\t\t\t\t\t<div class=\"faq-item-question-icon\"><\/div>\r\n\t\t\t\t\t<\/div>\r\n\r\n\t\t\t\t\t<div class=\"faq-item-answer\">\r\n\t\t\t\t\t\t<div class=\"faq-item-answer-text\"><p>Nous vous offrons une multitude d&rsquo;options de personnalisation\u00a0: des widgets pleine taille \u00e0 impl\u00e9menter dans la zone de contenu , des widgets flottants avec fonction de d\u00e9filement, des vignettes pour le pied de page de votre site Web, la section d&rsquo;en-t\u00eate et toutes sortes d&rsquo;options verticales pour les barres lat\u00e9rales et les menus. <\/p><\/div>\r\n\t\t\t\t\t<\/div>\r\n\t\t\t\t<\/div><div class=\"faq-item\">\r\n\t\t\t\t\t<div class=\"faq-item-question\">\r\n\t\t\t\t\t\t<h3 class=\"faq-item-question-text\">Puis-je cr\u00e9er une FAQ simple ou multicolonne avec l'aide de votre \u00e9diteur ?<\/h3>\r\n\r\n\t\t\t\t\t\t<div class=\"faq-item-question-icon\"><\/div>\r\n\t\t\t\t\t<\/div>\r\n\r\n\t\t\t\t\t<div class=\"faq-item-answer\">\r\n\t\t\t\t\t\t<div class=\"faq-item-answer-text\"><p>Vous \u00eates invit\u00e9s \u00e0 cr\u00e9er les variantes de n&rsquo;importe quel widget. Il y a des tonnes de mises en page \u00e0 votre disposition dans l&rsquo;\u00e9diteur, et toutes peuvent \u00eatre facilement personnalis\u00e9es selon vos besoins. <\/p><\/div>\r\n\t\t\t\t\t<\/div>\r\n\t\t\t\t<\/div><\/div>","protected":false},"excerpt":{"rendered":"","protected":false},"author":12,"featured_media":0,"parent":1136,"menu_order":0,"comment_status":"closed","ping_status":"closed","template":"templates\/template-application-platform.php","meta":{"publish_to_discourse":"","publish_post_category":"","wpdc_auto_publish_overridden":"","wpdc_topic_tags":"","wpdc_pin_topic":"","wpdc_pin_until":"","discourse_post_id":"","discourse_permalink":"","wpdc_publishing_response":"","wpdc_publishing_error":"","footnotes":""},"class_list":["post-3759","page","type-page","status-publish","hentry"],"yoast_head":"<!-- This site is optimized with the Yoast SEO plugin v25.3.1 - https:\/\/yoast.com\/wordpress\/plugins\/seo\/ -->\n<title>Mod\u00e8le de FAQ - ajouter un plugin Foire aux questions sur WordPress<\/title>\n<meta name=\"description\" content=\"Int\u00e9grez une Mod\u00e8le de FAQ attractive sur votre site WordPress. Appliquez la d\u00e9mo d&#039;Elfsight et g\u00e9n\u00e9rez votre plugin en deux minutes.\" \/>\n<meta name=\"robots\" content=\"index, follow, max-snippet:-1, max-image-preview:large, max-video-preview:-1\" \/>\n<link rel=\"canonical\" href=\"https:\/\/elfsight.com\/fr\/accordion-faq-widget\/wordpress\/\" \/>\n<meta property=\"og:locale\" content=\"fr_FR\" \/>\n<meta property=\"og:type\" content=\"article\" \/>\n<meta property=\"og:title\" content=\"Mod\u00e8le de FAQ - ajouter un plugin Foire aux questions sur WordPress\" \/>\n<meta property=\"og:description\" content=\"Int\u00e9grez une Mod\u00e8le de FAQ attractive sur votre site WordPress. Appliquez la d\u00e9mo d&#039;Elfsight et g\u00e9n\u00e9rez votre plugin en deux minutes.\" \/>\n<meta property=\"og:url\" content=\"https:\/\/elfsight.com\/fr\/accordion-faq-widget\/wordpress\/\" \/>\n<meta property=\"og:site_name\" content=\"Elfsight FR\" \/>\n<meta property=\"article:modified_time\" content=\"2024-11-11T11:07:33+00:00\" \/>\n<meta name=\"twitter:card\" content=\"summary_large_image\" \/>\n<meta name=\"twitter:label1\" content=\"Dur\u00e9e de lecture estim\u00e9e\" \/>\n\t<meta name=\"twitter:data1\" content=\"1 minute\" \/>\n<!-- \/ Yoast SEO plugin. -->","yoast_head_json":{"title":"Mod\u00e8le de FAQ - ajouter un plugin Foire aux questions sur WordPress","description":"Int\u00e9grez une Mod\u00e8le de FAQ attractive sur votre site WordPress. Appliquez la d\u00e9mo d'Elfsight et g\u00e9n\u00e9rez votre plugin en deux minutes.","robots":{"index":"index","follow":"follow","max-snippet":"max-snippet:-1","max-image-preview":"max-image-preview:large","max-video-preview":"max-video-preview:-1"},"canonical":"https:\/\/elfsight.com\/fr\/accordion-faq-widget\/wordpress\/","og_locale":"fr_FR","og_type":"article","og_title":"Mod\u00e8le de FAQ - ajouter un plugin Foire aux questions sur WordPress","og_description":"Int\u00e9grez une Mod\u00e8le de FAQ attractive sur votre site WordPress. Appliquez la d\u00e9mo d'Elfsight et g\u00e9n\u00e9rez votre plugin en deux minutes.","og_url":"https:\/\/elfsight.com\/fr\/accordion-faq-widget\/wordpress\/","og_site_name":"Elfsight FR","article_modified_time":"2024-11-11T11:07:33+00:00","twitter_card":"summary_large_image","twitter_misc":{"Dur\u00e9e de lecture estim\u00e9e":"1 minute"},"schema":{"@context":"https:\/\/schema.org","@graph":[{"@type":"WebPage","@id":"https:\/\/elfsight.com\/fr\/accordion-faq-widget\/wordpress\/","url":"https:\/\/elfsight.com\/fr\/accordion-faq-widget\/wordpress\/","name":"Mod\u00e8le de FAQ - ajouter un plugin Foire aux questions sur WordPress","isPartOf":{"@id":"https:\/\/elfsight.com\/fr\/#website"},"datePublished":"2021-11-16T08:59:50+00:00","dateModified":"2024-11-11T11:07:33+00:00","description":"Int\u00e9grez une Mod\u00e8le de FAQ attractive sur votre site WordPress. Appliquez la d\u00e9mo d'Elfsight et g\u00e9n\u00e9rez votre plugin en deux minutes.","breadcrumb":{"@id":"https:\/\/elfsight.com\/fr\/accordion-faq-widget\/wordpress\/#breadcrumb"},"inLanguage":"fr-FR","potentialAction":[{"@type":"ReadAction","target":["https:\/\/elfsight.com\/fr\/accordion-faq-widget\/wordpress\/"]}]},{"@type":"BreadcrumbList","@id":"https:\/\/elfsight.com\/fr\/accordion-faq-widget\/wordpress\/#breadcrumb","itemListElement":[{"@type":"ListItem","position":1,"name":"Home","item":"https:\/\/elfsight.com\/fr\/"},{"@type":"ListItem","position":2,"name":"FAQ","item":"https:\/\/elfsight.com\/fr\/accordion-faq-widget\/"},{"@type":"ListItem","position":3,"name":"FAQ &#8211; WordPress"}]},{"@type":"WebSite","@id":"https:\/\/elfsight.com\/fr\/#website","url":"https:\/\/elfsight.com\/fr\/","name":"Elfsight FR","description":"","potentialAction":[{"@type":"SearchAction","target":{"@type":"EntryPoint","urlTemplate":"https:\/\/elfsight.com\/fr\/?s={search_term_string}"},"query-input":{"@type":"PropertyValueSpecification","valueRequired":true,"valueName":"search_term_string"}}],"inLanguage":"fr-FR"}]}},"meta_box":{"industry":"","seo_heading":"","heading":"","description":"","cta_heading":"","cta_description":"","application":"1129","h1":"Mod\u00e8le de FAQ Plugin pour WordPress","h1_caption":"Fournissez des r\u00e9ponses aux questions fr\u00e9quemment pos\u00e9es dans un format organis\u00e9 et consultable pour aider les utilisateurs \u00e0 trouver rapidement des solutions sur votre site Web WordPress sans effort.","application_category":[],"applications_title":"","applications_request_title":"","applications_request_button_text":"","hero_text":"","hero_video":"","hero_video_schema_markup":"","selling_points_title":"","selling_points_caption":"","selling_points":[],"selling_points_cta_text":"","features_title":"","features":"","ed_cta_examples_text":"","ed_cta_examples_hidden":"","ed_cta_demo_text":"","ed_cta_demo_hidden":"","why_caption":"","why_editor_title":"","why_editor_text":"","why_team_title":"","why_team_text":"","why_service_title":"","why_service_text":"","template_catalog_visible":"","template_catalog_title":"","template_catalog_text":"","template_catalog_categories_visible":"","demo_title":"Cr\u00e9ez votre plugin FAQ","demo_caption":"Configurez votre FAQ et ajoutez-la gratuitement \u00e0 votre site WordPress !","default_faq_hidden":"","app_template_category":[],"platform":"18","template_public_id":"","codecanyon_url":"","codecanyon_item_id":"","codecanyon_price":"","pricing_caption":"","pricing_elfsight_apps_hide_column":"","pricing_elfsight_apps_url":"","pricing_codecanyon_price_caption":"","integration_category":[],"integration_request_title":"","integration_request_cta":"","integration_platform":"","integrations":[],"platform_category":[],"video_schema_markup":"","price":"\u00c0 partir de 0$ par mois","trial":"","benefits":[{"text":"Installation gratuite"},{"text":"Support Premium"},{"text":"Garantie de remboursement de 14 jours"},{"text":"L'am\u00e9lioration continue"}],"button_url":"#demo","button_target_blank":"0","button_nofollow":"0","attributes":[{"name":"Nombre d'installations","content":"1,000 - 5,000","_state":"expanded"},{"name":"Adaptif","content":"Oui","_state":"expanded"},{"name":"Navigateurs compatibles","content":"Firefox, Safari, Opera, Chrome, Edge","_state":"expanded"}],"tags":[],"tags_disable_links":"0","hide_more_platforms":"","video_object":"","demo_hide_cta":"0","demo_hide_cloud_options":"0","pricing_title":"","pricing":[{"pricing_icon":"platform","pricing_title":"Applications d'Elfsight","pricing_title_caption":"Solution num\u00e9rique multiplateforme qui fonctionne sur n'importe quel site","pricing_price":"\u00c0 partir de $0\/mois","pricing_price_caption":"Commencez avec un plan gratuit","pricing_benefits":[{"text":"Sites Web illimit\u00e9s"},{"text":"\u00c9quipe d'assistance professionnelle"},{"text":"Service d'installation gratuit"},{"text":"100% personnalisable"}],"pricing_button_text":"Ajouter au site Web","pricing_button_url":"https:\/\/apps.elfsight.com\/sign-up\/","pricing_button_nofollow":"1","_state":"expanded"}],"related_apps_title":"","related_apps_hidden":"1","author":"","image":[],"title":"","job":"","social_networks":[]},"_links":{"self":[{"href":"https:\/\/elfsight.com\/fr\/wp-json\/wp\/v2\/pages\/3759","targetHints":{"allow":["GET"]}}],"collection":[{"href":"https:\/\/elfsight.com\/fr\/wp-json\/wp\/v2\/pages"}],"about":[{"href":"https:\/\/elfsight.com\/fr\/wp-json\/wp\/v2\/types\/page"}],"author":[{"embeddable":true,"href":"https:\/\/elfsight.com\/fr\/wp-json\/wp\/v2\/users\/12"}],"replies":[{"embeddable":true,"href":"https:\/\/elfsight.com\/fr\/wp-json\/wp\/v2\/comments?post=3759"}],"version-history":[{"count":3,"href":"https:\/\/elfsight.com\/fr\/wp-json\/wp\/v2\/pages\/3759\/revisions"}],"predecessor-version":[{"id":14063,"href":"https:\/\/elfsight.com\/fr\/wp-json\/wp\/v2\/pages\/3759\/revisions\/14063"}],"up":[{"embeddable":true,"href":"https:\/\/elfsight.com\/fr\/wp-json\/wp\/v2\/pages\/1136"}],"wp:attachment":[{"href":"https:\/\/elfsight.com\/fr\/wp-json\/wp\/v2\/media?parent=3759"}],"curies":[{"name":"wp","href":"https:\/\/api.w.org\/{rel}","templated":true}]}}