{"id":3758,"date":"2021-11-16T11:39:39","date_gmt":"2021-11-16T11:39:39","guid":{"rendered":"https:\/\/elfsight.com\/fr\/?page_id=3758"},"modified":"2024-11-11T11:07:51","modified_gmt":"2024-11-11T11:07:51","slug":"wordpress","status":"publish","type":"page","link":"https:\/\/elfsight.com\/fr\/pricing-table-plugin\/wordpress\/","title":{"rendered":"Pricing Table &#8211; WordPress"},"content":{"rendered":"<div class=\"application-platform-content-item-description application-platform-content-item\" id=\"description\" data-nav-section=\"description\"><h2>Int\u00e9grer un tableau de tarification sur WordPress avec le widget Elfsight<\/h2><p>Une tarification bien con\u00e7ue et r\u00e9active est l&rsquo;un des meilleurs outils de stimulation clients \u00e0 commander sur votre site. Notre plugin permet non seulement aux visiteurs du site Web de visualiser et de comparer rapidement plusieurs plans tarifaires. Il permet \u00e9galement d&rsquo;augmenter la conversion gr\u00e2ce \u00e0 l&rsquo;utilisation d&rsquo;astuces intelligentes dans la conception et les mod\u00e8les.<\/p><p><b>Augmentez les ventes de votre site \u00e0 un autre niveau gr\u00e2ce \u00e0 un puissant plugin de tarification.<\/b><\/p><ul><li><b>Gagnez plus de clients<\/b>.<br>Utilisez le design le plus intelligent pour combattre les peurs et les doutes de vos clients qui peuvent appara\u00eetre lors de la prise de d\u00e9cision d&rsquo;achat &#8211; et augmentez votre conversion.<\/li><li><b>Personnalisation du plugin en seulement 3 minutes<\/b>.<br>Cr\u00e9ez votre plugin personnalis\u00e9 en quelques secondes. Alignez les param\u00e8tres souhait\u00e9s du mod\u00e8le et ajoutez votre contenu &#8211; affichez le tout en quelques actions seulement.<\/li><li><b>Rendez votre tarification int\u00e9ressante pour les visiteurs<\/b>.<br>Choisissez les couleurs n\u00e9cessaires, ins\u00e9rez des \u00e9l\u00e9ments, utilisez des images pour rendre votre tarification attrayante pour les clients et apporter une influence positive sur le r\u00e9sultat d&rsquo;achat.<\/li><\/ul><\/div><div class=\"application-platform-content-item-features application-platform-content-item\" id=\"features\" data-nav-section=\"features\"><h2>Principales fonctionnalit\u00e9s de la tarification Widget de tableau<\/h2><p>Les avantages qui font de notre tableau de prix le meilleur plugin pour les sites Web WordPress.<\/p><ul><li>6 \u00e9l\u00e9ments de colonnes pr\u00e9d\u00e9finis qui peuvent \u00eatre organis\u00e9s et personnalis\u00e9s pour obtenir le look parfait\u00a0; <\/li><li>5\u00a0habillages pr\u00e9d\u00e9finis, pr\u00e9sentant diff\u00e9rents sch\u00e9mas de couleurs\u00a0;<\/li><li>3 styles de fonctionnalit\u00e9s pr\u00e9d\u00e9finis\u00a0;<\/li><li>Lier le bouton \u00e0 la page requise\u00a0;<\/li><li> Mise en page mobile r\u00e9active.<\/li><\/ul><p><a href=\"#demo\">Vous pouvez v\u00e9rifier toutes les fonctionnalit\u00e9s \u00e0 l&rsquo;aide de la d\u00e9mo en direct<\/a><\/p><\/div><div class=\"application-platform-content-item- installation application-platform-content-item\" id=\" installation\" data-nav-section=\" installation\"><h2>Comment cr\u00e9er un tableau de prix pour le site Web WordpPress<\/h2><div class=\"video-container\"><iframe width=\"720\" height=\"405\" src=\"https:\/\/www.youtube.com\/embed\/egjLB_Rh-Eo\" frameborder=\"0\" allowfullscreen=\"\"><\/iframe><\/div><p>Suivez simplement les \u00e9tapes ci-dessous pour activer le widget sur WordPress.<\/p> <ol> <li><b>Lancez notre \u00e9diteur gratuit et commencez \u00e0 cr\u00e9er votre widget sur mesure. <\/b><br> Recherchez la conception et les param\u00e8tres pr\u00e9f\u00e9rables de l&rsquo;outil et enregistrez les corrections. <\/li> <li><b>Recevez votre code personnel qui s&rsquo;affiche dans la case sur les applications Elfsight. <\/b><br> Une fois la cr\u00e9ation de votre widget Tableau de tarification termin\u00e9e, copiez le code individuel dans la fen\u00eatre contextuelle qui appara\u00eet et conservez-le pour une utilisation ult\u00e9rieure. <\/li> <li><b>Initiez l&rsquo;utilisation du widget sur votre site WordPress. <\/b><br> Ins\u00e9rez le code que vous avez copi\u00e9 r\u00e9cemment dans votre site Web et appliquez les am\u00e9liorations. <\/li> <li><b>Vous avez termin\u00e9\u00a0! L&rsquo;int\u00e9gration est effectu\u00e9e avec succ\u00e8s. <\/b><br> Visitez votre site Web pour examiner le fonctionnement du plugin. <\/li><\/ol> <p>Vous rencontrez des difficult\u00e9s pour ajouter le plugin \u00e0 votre site Web\u00a0? Consultez nos instructions d\u00e9taill\u00e9es \u00ab<a href=\"https:\/\/elfsight.com\/tutorials\/how-to-add-pricing-table-to-wordpress\/\" target=\"_blank\" rel=\"noopener noreferrer\">Comment installer tableau de prix dans WordPress<\/a>\u00bb ou laissez un message \u00e0 notre \u00e9quipe d&rsquo;assistance &#8211; ils r\u00e9solvent toutes sortes de probl\u00e8mes en un \u00e9clair.<\/p><\/div><div class=\"faq\" data-component=\"FAQ\"><div class=\"faq-item\">\r\n\t\t\t\t\t<div class=\"faq-item-question\">\r\n\t\t\t\t\t\t<h3 class=\"faq-item-question-text\">De quelle mani\u00e8re puis-je int\u00e9grer un tableau de prix sur mon site WordPress ?<\/h3>\r\n\r\n\t\t\t\t\t\t<div class=\"faq-item-question-icon\"><\/div>\r\n\t\t\t\t\t<\/div>\r\n\r\n\t\t\t\t\t<div class=\"faq-item-answer\">\r\n\t\t\t\t\t\t<div class=\"faq-item-answer-text\"><p>La construction de l&rsquo;outil s&rsquo;effectue au sein du service Elfsight et vous n&rsquo;avez pas besoin d&rsquo;apprendre \u00e0 coder. Appliquez la d\u00e9mo en ligne pour personnaliser votre widget personnel, obtenez le code et impl\u00e9mentez-le sur votre site. <\/p><\/div>\r\n\t\t\t\t\t<\/div>\r\n\t\t\t\t<\/div><div class=\"faq-item\">\r\n\t\t\t\t\t<div class=\"faq-item-question\">\r\n\t\t\t\t\t\t<h3 class=\"faq-item-question-text\">Les meilleurs exemples d'utilisation de l'int\u00e9gration de Price Table<\/h3>\r\n\r\n\t\t\t\t\t\t<div class=\"faq-item-question-icon\"><\/div>\r\n\t\t\t\t\t<\/div>\r\n\r\n\t\t\t\t\t<div class=\"faq-item-answer\">\r\n\t\t\t\t\t\t<div class=\"faq-item-answer-text\"><p>Nous vous offrons un large \u00e9ventail d&rsquo;opportunit\u00e9s de personnalisation\u00a0: des widgets \u00e0 grande \u00e9chelle \u00e0 int\u00e9grer dans le contenu zone, widgets flottants avec fonction de d\u00e9filement, dispositions pour le pied de page, l&rsquo;en-t\u00eate et toutes sortes d&rsquo;opportunit\u00e9s verticales pour les barres lat\u00e9rales et les menus. <\/p><\/div>\r\n\t\t\t\t\t<\/div>\r\n\t\t\t\t<\/div><div class=\"faq-item\">\r\n\t\t\t\t\t<div class=\"faq-item-question\">\r\n\t\t\t\t\t\t<h3 class=\"faq-item-question-text\">Comment cr\u00e9er un plan de service ou un tableau de prix comparatif \u00e0 l'aide de votre \u00e9diteur ? <\/h3>\r\n\r\n\t\t\t\t\t\t<div class=\"faq-item-question-icon\"><\/div>\r\n\t\t\t\t\t<\/div>\r\n\r\n\t\t\t\t\t<div class=\"faq-item-answer\">\r\n\t\t\t\t\t\t<div class=\"faq-item-answer-text\"><p>Vous pouvez effectuer les modifications de n&rsquo;importe quel widget. Il existe un large \u00e9ventail de mises en page applicables dans l&rsquo;\u00e9diteur, et toutes peuvent \u00eatre facilement personnalis\u00e9es selon vos besoins. <\/p><\/div>\r\n\t\t\t\t\t<\/div>\r\n\t\t\t\t<\/div><\/div>","protected":false},"excerpt":{"rendered":"","protected":false},"author":12,"featured_media":0,"parent":1096,"menu_order":0,"comment_status":"closed","ping_status":"closed","template":"templates\/template-application-platform.php","meta":{"publish_to_discourse":"","publish_post_category":"","wpdc_auto_publish_overridden":"","wpdc_topic_tags":"","wpdc_pin_topic":"","wpdc_pin_until":"","discourse_post_id":"","discourse_permalink":"","wpdc_publishing_response":"","wpdc_publishing_error":"","footnotes":""},"class_list":["post-3758","page","type-page","status-publish","hentry"],"yoast_head":"<!-- This site is optimized with the Yoast SEO plugin v25.3.1 - https:\/\/yoast.com\/wordpress\/plugins\/seo\/ -->\n<title>Tableau de prix - ajouter plugin Prix showcase sur WordPress<\/title>\n<meta name=\"description\" content=\"Int\u00e9grez un Tableau de prix attractif sur votre site WordPress. Appliquez la d\u00e9mo d&#039;Elfsight et g\u00e9n\u00e9rez votre plugin en 2 minutes.\" \/>\n<meta name=\"robots\" content=\"index, follow, max-snippet:-1, max-image-preview:large, max-video-preview:-1\" \/>\n<link rel=\"canonical\" href=\"https:\/\/elfsight.com\/fr\/pricing-table-plugin\/wordpress\/\" \/>\n<meta property=\"og:locale\" content=\"fr_FR\" \/>\n<meta property=\"og:type\" content=\"article\" \/>\n<meta property=\"og:title\" content=\"Tableau de prix - ajouter plugin Prix showcase sur WordPress\" \/>\n<meta property=\"og:description\" content=\"Int\u00e9grez un Tableau de prix attractif sur votre site WordPress. Appliquez la d\u00e9mo d&#039;Elfsight et g\u00e9n\u00e9rez votre plugin en 2 minutes.\" \/>\n<meta property=\"og:url\" content=\"https:\/\/elfsight.com\/fr\/pricing-table-plugin\/wordpress\/\" \/>\n<meta property=\"og:site_name\" content=\"Elfsight FR\" \/>\n<meta property=\"article:modified_time\" content=\"2024-11-11T11:07:51+00:00\" \/>\n<meta name=\"twitter:card\" content=\"summary_large_image\" \/>\n<meta name=\"twitter:label1\" content=\"Dur\u00e9e de lecture estim\u00e9e\" \/>\n\t<meta name=\"twitter:data1\" content=\"2 minutes\" \/>\n<!-- \/ Yoast SEO plugin. -->","yoast_head_json":{"title":"Tableau de prix - ajouter plugin Prix showcase sur WordPress","description":"Int\u00e9grez un Tableau de prix attractif sur votre site WordPress. Appliquez la d\u00e9mo d'Elfsight et g\u00e9n\u00e9rez votre plugin en 2 minutes.","robots":{"index":"index","follow":"follow","max-snippet":"max-snippet:-1","max-image-preview":"max-image-preview:large","max-video-preview":"max-video-preview:-1"},"canonical":"https:\/\/elfsight.com\/fr\/pricing-table-plugin\/wordpress\/","og_locale":"fr_FR","og_type":"article","og_title":"Tableau de prix - ajouter plugin Prix showcase sur WordPress","og_description":"Int\u00e9grez un Tableau de prix attractif sur votre site WordPress. Appliquez la d\u00e9mo d'Elfsight et g\u00e9n\u00e9rez votre plugin en 2 minutes.","og_url":"https:\/\/elfsight.com\/fr\/pricing-table-plugin\/wordpress\/","og_site_name":"Elfsight FR","article_modified_time":"2024-11-11T11:07:51+00:00","twitter_card":"summary_large_image","twitter_misc":{"Dur\u00e9e de lecture estim\u00e9e":"2 minutes"},"schema":{"@context":"https:\/\/schema.org","@graph":[{"@type":"WebPage","@id":"https:\/\/elfsight.com\/fr\/pricing-table-plugin\/wordpress\/","url":"https:\/\/elfsight.com\/fr\/pricing-table-plugin\/wordpress\/","name":"Tableau de prix - ajouter plugin Prix showcase sur WordPress","isPartOf":{"@id":"https:\/\/elfsight.com\/fr\/#website"},"datePublished":"2021-11-16T11:39:39+00:00","dateModified":"2024-11-11T11:07:51+00:00","description":"Int\u00e9grez un Tableau de prix attractif sur votre site WordPress. Appliquez la d\u00e9mo d'Elfsight et g\u00e9n\u00e9rez votre plugin en 2 minutes.","breadcrumb":{"@id":"https:\/\/elfsight.com\/fr\/pricing-table-plugin\/wordpress\/#breadcrumb"},"inLanguage":"fr-FR","potentialAction":[{"@type":"ReadAction","target":["https:\/\/elfsight.com\/fr\/pricing-table-plugin\/wordpress\/"]}]},{"@type":"BreadcrumbList","@id":"https:\/\/elfsight.com\/fr\/pricing-table-plugin\/wordpress\/#breadcrumb","itemListElement":[{"@type":"ListItem","position":1,"name":"Home","item":"https:\/\/elfsight.com\/fr\/"},{"@type":"ListItem","position":2,"name":"Pricing Table","item":"https:\/\/elfsight.com\/fr\/pricing-table-plugin\/"},{"@type":"ListItem","position":3,"name":"Pricing Table &#8211; WordPress"}]},{"@type":"WebSite","@id":"https:\/\/elfsight.com\/fr\/#website","url":"https:\/\/elfsight.com\/fr\/","name":"Elfsight FR","description":"","potentialAction":[{"@type":"SearchAction","target":{"@type":"EntryPoint","urlTemplate":"https:\/\/elfsight.com\/fr\/?s={search_term_string}"},"query-input":{"@type":"PropertyValueSpecification","valueRequired":true,"valueName":"search_term_string"}}],"inLanguage":"fr-FR"}]}},"meta_box":{"industry":"","seo_heading":"","heading":"","description":"","cta_heading":"","cta_description":"","application":"1089","h1":"Plugin Tableau de prix pour WordPress","h1_caption":"Pr\u00e9sentez vos options de tarification de mani\u00e8re claire et attrayante, aidant ainsi les clients \u00e0 choisir sans effort le plan adapt\u00e9 \u00e0 leurs besoins sur votre site Web WordPress.","application_category":[],"applications_title":"","applications_request_title":"","applications_request_button_text":"","hero_text":"","hero_video":"","hero_video_schema_markup":"","selling_points_title":"","selling_points_caption":"","selling_points":[],"selling_points_cta_text":"","features_title":"","features":"","ed_cta_examples_text":"","ed_cta_examples_hidden":"","ed_cta_demo_text":"","ed_cta_demo_hidden":"","why_caption":"","why_editor_title":"","why_editor_text":"","why_team_title":"","why_team_text":"","why_service_title":"","why_service_text":"","template_catalog_visible":"","template_catalog_title":"","template_catalog_text":"","template_catalog_categories_visible":"","demo_title":"Cr\u00e9ez votre plugin Pricing Table","demo_caption":"Configurez votre tableau de prix et ajoutez-le \u00e0 votre site WordPress gratuitement !","default_faq_hidden":"","app_template_category":[],"platform":"18","template_public_id":"","codecanyon_url":"","codecanyon_item_id":"","codecanyon_price":"","pricing_caption":"","pricing_elfsight_apps_hide_column":"","pricing_elfsight_apps_url":"","pricing_codecanyon_price_caption":"","integration_category":[],"integration_request_title":"","integration_request_cta":"","integration_platform":"","integrations":[],"platform_category":[],"video_schema_markup":"","price":"\u00c0 partir de 0$ par mois","trial":"","benefits":[{"text":"Installation gratuite"},{"text":"Support Premium"},{"text":"Garantie de remboursement de 14 jours"},{"text":"L'am\u00e9lioration continue"}],"button_url":"#demo","button_target_blank":"0","button_nofollow":"0","attributes":[{"name":"Nombre d'installations","content":"1,000 - 5,000","_state":"expanded"},{"name":"Adaptif","content":"Oui","_state":"expanded"},{"name":"Navigateurs compatibles","content":"Firefox, Safari, Opera, Chrome, Edge","_state":"expanded"}],"tags":[],"tags_disable_links":"0","hide_more_platforms":"","video_object":"","demo_hide_cta":"0","demo_hide_cloud_options":"0","pricing_title":"","pricing":[{"pricing_icon":"platform","pricing_title":"Applications d'Elfsight","pricing_title_caption":"Solution num\u00e9rique multiplateforme qui fonctionne sur n'importe quel site","pricing_price":"\u00c0 partir de $0\/mois","pricing_price_caption":"Commencez avec un plan gratuit","pricing_benefits":[{"text":"Sites Web illimit\u00e9s"},{"text":"\u00c9quipe d'assistance professionnelle"},{"text":"Service d'installation gratuit"},{"text":"100% personnalisable"}],"pricing_button_text":"Ajouter au site Web","pricing_button_url":"https:\/\/apps.elfsight.com\/sign-up\/","pricing_button_nofollow":"1","_state":"expanded"}],"related_apps_title":"","related_apps_hidden":"1","author":"","image":[],"title":"","job":"","social_networks":[]},"_links":{"self":[{"href":"https:\/\/elfsight.com\/fr\/wp-json\/wp\/v2\/pages\/3758","targetHints":{"allow":["GET"]}}],"collection":[{"href":"https:\/\/elfsight.com\/fr\/wp-json\/wp\/v2\/pages"}],"about":[{"href":"https:\/\/elfsight.com\/fr\/wp-json\/wp\/v2\/types\/page"}],"author":[{"embeddable":true,"href":"https:\/\/elfsight.com\/fr\/wp-json\/wp\/v2\/users\/12"}],"replies":[{"embeddable":true,"href":"https:\/\/elfsight.com\/fr\/wp-json\/wp\/v2\/comments?post=3758"}],"version-history":[{"count":4,"href":"https:\/\/elfsight.com\/fr\/wp-json\/wp\/v2\/pages\/3758\/revisions"}],"predecessor-version":[{"id":14075,"href":"https:\/\/elfsight.com\/fr\/wp-json\/wp\/v2\/pages\/3758\/revisions\/14075"}],"up":[{"embeddable":true,"href":"https:\/\/elfsight.com\/fr\/wp-json\/wp\/v2\/pages\/1096"}],"wp:attachment":[{"href":"https:\/\/elfsight.com\/fr\/wp-json\/wp\/v2\/media?parent=3758"}],"curies":[{"name":"wp","href":"https:\/\/api.w.org\/{rel}","templated":true}]}}