{"id":3757,"date":"2021-11-16T11:39:37","date_gmt":"2021-11-16T11:39:37","guid":{"rendered":"https:\/\/elfsight.com\/fr\/?page_id=3757"},"modified":"2024-11-11T10:41:25","modified_gmt":"2024-11-11T10:41:25","slug":"wordpress","status":"publish","type":"page","link":"https:\/\/elfsight.com\/fr\/popup-widget\/wordpress\/","title":{"rendered":"Popup &#8211; WordPress"},"content":{"rendered":"<div class=\"application-platform-content-item-description application-platform-content-item\" id=\"description\" data-nav-section=\"description\"> <h2>Description<\/h2> <p>En appliquant le plugin Elfsight Popup, tout le monde peut concevoir des fen\u00eatres modales personnalis\u00e9es de toutes sortes et les introduire sur un site WordPress. gratuitement. Cr\u00e9ez la fen\u00eatre contextuelle la plus appropri\u00e9e en choisissant les \u00e9l\u00e9ments parmi une vari\u00e9t\u00e9 d&rsquo;\u00e9l\u00e9ments int\u00e9gr\u00e9s. Changez le style et la disposition\u00a0; choisissez la g\u00e2chette d&rsquo;activation et ajustez le timing pour obtenir une meilleure efficacit\u00e9 de pop-up. Des fen\u00eatres contextuelles de diff\u00e9rents types permettent aux utilisateurs de s&rsquo;abonner aux envois postaux, d&rsquo;en savoir plus sur vos produits et services, de copier leurs coupons, de conna\u00eetre les ventes et les offres sp\u00e9ciales, de rester inform\u00e9s des \u00e9v\u00e9nements importants sur votre site Web et bien plus encore. <\/p> <p><b>Le cr\u00e9ateur de popups WordPress vous aidera \u00e0 gagner plus, \u00e0 annoncer vos \u00e9v\u00e9nements \u00e0 venir, \u00e0 obtenir des commentaires et des abonnements, et bien plus encore.<\/b><\/p> <\/div><div class=\"faq\" data-component=\"FAQ\"><div class=\"faq-item\">\r\n\t\t\t\t\t<div class=\"faq-item-question\">\r\n\t\t\t\t\t\t<h3 class=\"faq-item-question-text\">Comment puis-je ajouter une fen\u00eatre contextuelle \u00e0 mon site Web WordPress ?<\/h3>\r\n\r\n\t\t\t\t\t\t<div class=\"faq-item-question-icon\"><\/div>\r\n\t\t\t\t\t<\/div>\r\n\r\n\t\t\t\t\t<div class=\"faq-item-answer\">\r\n\t\t\t\t\t\t<div class=\"faq-item-answer-text\"><p>La cr\u00e9ation du widget s&rsquo;effectue au sein du site Web Elfsight et vous n&rsquo;avez pas besoin d&rsquo;apprendre le codage et l&rsquo;utilisation. un g\u00e9n\u00e9rateur de popups WordPress. Appliquez notre d\u00e9mo active pour concevoir votre propre formulaire contextuel, obtenez le code et ins\u00e9rez-le sur votre site Web. <\/p><\/div>\r\n\t\t\t\t\t<\/div>\r\n\t\t\t\t<\/div><div class=\"faq-item\">\r\n\t\t\t\t\t<div class=\"faq-item-question\">\r\n\t\t\t\t\t\t<h3 class=\"faq-item-question-text\">Les meilleures fa\u00e7ons d'utiliser l'int\u00e9gration des banni\u00e8res contextuelles<\/h3>\r\n\r\n\t\t\t\t\t\t<div class=\"faq-item-question-icon\"><\/div>\r\n\t\t\t\t\t<\/div>\r\n\r\n\t\t\t\t\t<div class=\"faq-item-answer\">\r\n\t\t\t\t\t\t<div class=\"faq-item-answer-text\"><p>Nous proposons une multitude d&rsquo;opportunit\u00e9s de personnalisation dans Popup Builder. Il existe des widgets \u00e0 grande \u00e9chelle \u00e0 ins\u00e9rer dans la zone de contenu, des plugins flottants avec des possibilit\u00e9s de d\u00e9filement, des mises en page pour le pied de page de votre site Web, l&rsquo;en-t\u00eate et toutes sortes d&rsquo;opportunit\u00e9s verticales pour les barres lat\u00e9rales et les menus. <\/p><\/div>\r\n\t\t\t\t\t<\/div>\r\n\t\t\t\t<\/div><div class=\"faq-item\">\r\n\t\t\t\t\t<div class=\"faq-item-question\">\r\n\t\t\t\t\t\t<h3 class=\"faq-item-question-text\">Puis-je cr\u00e9er une newsletter ou proposer une popup au moyen de l'\u00e9diteur ?<\/h3>\r\n\r\n\t\t\t\t\t\t<div class=\"faq-item-question-icon\"><\/div>\r\n\t\t\t\t\t<\/div>\r\n\r\n\t\t\t\t\t<div class=\"faq-item-answer\">\r\n\t\t\t\t\t\t<div class=\"faq-item-answer-text\"><p>Vous \u00eates libre de cr\u00e9er n&rsquo;importe quelle modification du plugin WordPress Popup. De nombreuses mises en page sont \u00e0 votre disposition dans le g\u00e9n\u00e9rateur de popup, et toutes peuvent \u00eatre facilement personnalis\u00e9es selon vos besoins.<\/p><\/div>\r\n\t\t\t\t\t<\/div>\r\n\t\t\t\t<\/div><div class=\"faq-item\">\r\n\t\t\t\t\t<div class=\"faq-item-question\">\r\n\t\t\t\t\t\t<h3 class=\"faq-item-question-text\">Quels d\u00e9clencheurs sont disponibles pour les popups opening?<\/h3>\r\n\r\n\t\t\t\t\t\t<div class=\"faq-item-question-icon\"><\/div>\r\n\t\t\t\t\t<\/div>\r\n\r\n\t\t\t\t\t<div class=\"faq-item-answer\">\r\n\t\t\t\t\t\t<div class=\"faq-item-answer-text\"><p>Vous avez la possibilit\u00e9 de faire appara\u00eetre une Popup WordPress au clic, lorsque l&rsquo;utilisateur a l&rsquo;intention de quitter, ou simplement au chargement de la page. Vous pouvez faire appara\u00eetre une popup apr\u00e8s un certain temps sur le site ou apr\u00e8s qu&rsquo;une personne ait fait d\u00e9filer un certain pourcentage de contenu. Enfin, vous pouvez lancer un appel \u00e0 l&rsquo;action pour ouvrir une popup dans WordPress.<\/p><\/div>\r\n\t\t\t\t\t<\/div>\r\n\t\t\t\t<\/div><\/div><div class=\"application-platform-content-item-features application-platform-content-item\" id=\"features\" data-nav-section=\"features\"> <h2>Principales fonctionnalit\u00e9s du plugin Popup<\/h2> <p>Voir toutes les caract\u00e9ristiques fonctionnelles du widget. Vous pouvez les g\u00e9rer directement dans le g\u00e9n\u00e9rateur et ils vous aideront \u00e0 fa\u00e7onner le widget sp\u00e9cialement pour votre cas d&rsquo;utilisation.<\/p> <ul><li>12 blocs disponibles pour cr\u00e9er une fen\u00eatre contextuelle<\/li> <li>5 pr\u00eats \u00e0 l&#8217;emploi. -utiliser des mises en page pop-up pour divers cas<\/li> <li>Placer des boutons pour rediriger les utilisateurs vers n&rsquo;importe quelle page WordPress<\/li> <li>T\u00e9l\u00e9charger une image pour l&rsquo;arri\u00e8re-plan du plugin<\/li> <li>Des pop-ups peuvent \u00eatre activ\u00e9 apr\u00e8s un temps sp\u00e9cifique pass\u00e9 sur la page ou un pourcentage de d\u00e9filement<\/li> <li>D\u00e9clencheurs de popup\u00a0: cliquer sur un \u00e9l\u00e9ment ou faire d\u00e9filer vers le bas<\/li> <\/ul> <p><a href=\"#demo\">D\u00e9couvrez comment fonctionnent toutes les fonctionnalit\u00e9s, dans notre d\u00e9mo<\/a><\/p> <\/div><div class=\"application-platform-content-item-installation application-platform-content-item\" id=\"installation\" data-nav-section=\"installation\"><h2>Comment ajouter le plugin Popup au site WordPress\u00a0?<\/h2> <div class=\"conteneur vid\u00e9o\"><iframe src=\"https:\/\/www.youtube.com\/embed\/LhmryTr-ECE\" allowfullscreen=\"\" width=\"720\" height=\"405\" frameborder=\"0\"><\/iframe><\/div><p>Suivez simplement les \u00e9tapes d\u00e9crites ci-dessous pour activer le widget sur WordPress.<\/p> <ol><li><b>Lancez notre cr\u00e9ateur de popup gratuit et commencez \u00e0 cr\u00e9er votre plugin unique. <\/b><br> Sp\u00e9cifiez l&rsquo;apparence et les fonctionnalit\u00e9s souhait\u00e9es de l&rsquo;outil et appliquez les corrections. <\/li> <li><b>Copiez le code individuel affich\u00e9 dans la fen\u00eatre modale sur les applications Elfsight. <\/b><br> Une fois la configuration de votre plugin Popup personnel termin\u00e9e, copiez le code exclusif dans la fen\u00eatre qui appara\u00eet et enregistrez-le pour une utilisation ult\u00e9rieure. <\/li> <li><b>Initier l&rsquo;utilisation du plugin sur le site WordPress. <\/b><br> Placez le code du plugin WordPress Popup dans votre site Web et appliquez les corrections. <\/li> <li><b>L&rsquo;installation est termin\u00e9e avec succ\u00e8s. <\/b><br> Acc\u00e9dez \u00e0 votre site WordPress pour voir comment fonctionne l&rsquo;outil. <\/li><\/ol> <p>N&rsquo;h\u00e9sitez pas \u00e0 contacter notre service d&rsquo;assistance si vous avez besoin d&rsquo;aide pour l&rsquo;installation de WordPress. Nous serons heureux de r\u00e9pondre \u00e0 chaque demande.<\/p> <\/div>","protected":false},"excerpt":{"rendered":"","protected":false},"author":12,"featured_media":0,"parent":968,"menu_order":0,"comment_status":"closed","ping_status":"closed","template":"templates\/template-application-platform.php","meta":{"publish_to_discourse":"","publish_post_category":"","wpdc_auto_publish_overridden":"","wpdc_topic_tags":"","wpdc_pin_topic":"","wpdc_pin_until":"","discourse_post_id":"","discourse_permalink":"","wpdc_publishing_response":"","wpdc_publishing_error":"","footnotes":""},"class_list":["post-3757","page","type-page","status-publish","hentry"],"yoast_head":"<!-- This site is optimized with the Yoast SEO plugin v25.3.1 - https:\/\/yoast.com\/wordpress\/plugins\/seo\/ -->\n<title>Pop up - ajouter Fen\u00eatre popup plugin sur WordPress<\/title>\n<meta name=\"description\" content=\"Int\u00e9grez un Pop up attractif sur votre site WordPress. Appliquez la d\u00e9mo d&#039;Elfsight et g\u00e9n\u00e9rez votre plugin en deux minutes.\" \/>\n<meta name=\"robots\" content=\"index, follow, max-snippet:-1, max-image-preview:large, max-video-preview:-1\" \/>\n<link rel=\"canonical\" href=\"https:\/\/elfsight.com\/fr\/popup-widget\/wordpress\/\" \/>\n<meta property=\"og:locale\" content=\"fr_FR\" \/>\n<meta property=\"og:type\" content=\"article\" \/>\n<meta property=\"og:title\" content=\"Pop up - ajouter Fen\u00eatre popup plugin sur WordPress\" \/>\n<meta property=\"og:description\" content=\"Int\u00e9grez un Pop up attractif sur votre site WordPress. Appliquez la d\u00e9mo d&#039;Elfsight et g\u00e9n\u00e9rez votre plugin en deux minutes.\" \/>\n<meta property=\"og:url\" content=\"https:\/\/elfsight.com\/fr\/popup-widget\/wordpress\/\" \/>\n<meta property=\"og:site_name\" content=\"Elfsight FR\" \/>\n<meta property=\"article:modified_time\" content=\"2024-11-11T10:41:25+00:00\" \/>\n<meta name=\"twitter:card\" content=\"summary_large_image\" \/>\n<meta name=\"twitter:label1\" content=\"Dur\u00e9e de lecture estim\u00e9e\" \/>\n\t<meta name=\"twitter:data1\" content=\"1 minute\" \/>\n<!-- \/ Yoast SEO plugin. -->","yoast_head_json":{"title":"Pop up - ajouter Fen\u00eatre popup plugin sur WordPress","description":"Int\u00e9grez un Pop up attractif sur votre site WordPress. Appliquez la d\u00e9mo d'Elfsight et g\u00e9n\u00e9rez votre plugin en deux minutes.","robots":{"index":"index","follow":"follow","max-snippet":"max-snippet:-1","max-image-preview":"max-image-preview:large","max-video-preview":"max-video-preview:-1"},"canonical":"https:\/\/elfsight.com\/fr\/popup-widget\/wordpress\/","og_locale":"fr_FR","og_type":"article","og_title":"Pop up - ajouter Fen\u00eatre popup plugin sur WordPress","og_description":"Int\u00e9grez un Pop up attractif sur votre site WordPress. Appliquez la d\u00e9mo d'Elfsight et g\u00e9n\u00e9rez votre plugin en deux minutes.","og_url":"https:\/\/elfsight.com\/fr\/popup-widget\/wordpress\/","og_site_name":"Elfsight FR","article_modified_time":"2024-11-11T10:41:25+00:00","twitter_card":"summary_large_image","twitter_misc":{"Dur\u00e9e de lecture estim\u00e9e":"1 minute"},"schema":{"@context":"https:\/\/schema.org","@graph":[{"@type":"WebPage","@id":"https:\/\/elfsight.com\/fr\/popup-widget\/wordpress\/","url":"https:\/\/elfsight.com\/fr\/popup-widget\/wordpress\/","name":"Pop up - ajouter Fen\u00eatre popup plugin sur WordPress","isPartOf":{"@id":"https:\/\/elfsight.com\/fr\/#website"},"datePublished":"2021-11-16T11:39:37+00:00","dateModified":"2024-11-11T10:41:25+00:00","description":"Int\u00e9grez un Pop up attractif sur votre site WordPress. Appliquez la d\u00e9mo d'Elfsight et g\u00e9n\u00e9rez votre plugin en deux minutes.","breadcrumb":{"@id":"https:\/\/elfsight.com\/fr\/popup-widget\/wordpress\/#breadcrumb"},"inLanguage":"fr-FR","potentialAction":[{"@type":"ReadAction","target":["https:\/\/elfsight.com\/fr\/popup-widget\/wordpress\/"]}]},{"@type":"BreadcrumbList","@id":"https:\/\/elfsight.com\/fr\/popup-widget\/wordpress\/#breadcrumb","itemListElement":[{"@type":"ListItem","position":1,"name":"Home","item":"https:\/\/elfsight.com\/fr\/"},{"@type":"ListItem","position":2,"name":"Popup","item":"https:\/\/elfsight.com\/fr\/popup-widget\/"},{"@type":"ListItem","position":3,"name":"Popup &#8211; WordPress"}]},{"@type":"WebSite","@id":"https:\/\/elfsight.com\/fr\/#website","url":"https:\/\/elfsight.com\/fr\/","name":"Elfsight FR","description":"","potentialAction":[{"@type":"SearchAction","target":{"@type":"EntryPoint","urlTemplate":"https:\/\/elfsight.com\/fr\/?s={search_term_string}"},"query-input":{"@type":"PropertyValueSpecification","valueRequired":true,"valueName":"search_term_string"}}],"inLanguage":"fr-FR"}]}},"meta_box":{"industry":"","seo_heading":"","heading":"","description":"","cta_heading":"","cta_description":"","application":"965","h1":"Pop up Plugin pour WordPress","h1_caption":"Affichez des fen\u00eatres contextuelles pour capter l'attention des visiteurs, promouvoir des offres ou collecter des prospects sans interrompre l'exp\u00e9rience du site Web sur votre site Web WordPress sans effort.","application_category":[],"applications_title":"","applications_request_title":"","applications_request_button_text":"","hero_text":"","hero_video":"","hero_video_schema_markup":"","selling_points_title":"","selling_points_caption":"","selling_points":[],"selling_points_cta_text":"","features_title":"","features":"","ed_cta_examples_text":"","ed_cta_examples_hidden":"","ed_cta_demo_text":"","ed_cta_demo_hidden":"","why_caption":"","why_editor_title":"","why_editor_text":"","why_team_title":"","why_team_text":"","why_service_title":"","why_service_text":"","template_catalog_visible":"","template_catalog_title":"","template_catalog_text":"","template_catalog_categories_visible":"","demo_title":"Cr\u00e9ez votre plugin Popup","demo_caption":"Configurez votre Popup et ajoutez-la \u00e0 votre site WordPress gratuitement !","default_faq_hidden":"","app_template_category":[],"platform":"18","template_public_id":"","codecanyon_url":"","codecanyon_item_id":"","codecanyon_price":"","pricing_caption":"","pricing_elfsight_apps_hide_column":"","pricing_elfsight_apps_url":"","pricing_codecanyon_price_caption":"","integration_category":[],"integration_request_title":"","integration_request_cta":"","integration_platform":"","integrations":[],"platform_category":[],"video_schema_markup":"","price":"\u00c0 partir de 0$ par mois","trial":"","benefits":[{"text":"Installation gratuite"},{"text":"Support Premium"},{"text":"Garantie de remboursement de 14 jours"},{"text":"L'am\u00e9lioration continue"}],"button_url":"#demo","button_target_blank":"0","button_nofollow":"0","attributes":[{"name":"Nombre d'installations","content":"5,000 - 10,000","_state":"expanded"},{"name":"Adaptif","content":"Oui","_state":"expanded"},{"name":"Navigateurs compatibles","content":"Firefox, Safari, Opera, Chrome, Edge","_state":"expanded"}],"tags":[],"tags_disable_links":"0","hide_more_platforms":"","video_object":"","demo_hide_cta":"0","demo_hide_cloud_options":"0","pricing_title":"","pricing":[{"pricing_icon":"platform","pricing_title":"Applications d'Elfsight","pricing_title_caption":"Solution num\u00e9rique multiplateforme qui fonctionne sur n'importe quel site","pricing_price":"\u00c0 partir de $0\/mois","pricing_price_caption":"Commencez avec un plan gratuit","pricing_benefits":[{"text":"Sites Web illimit\u00e9s"},{"text":"\u00c9quipe d'assistance professionnelle"},{"text":"Service d'installation gratuit"},{"text":"100% personnalisable"}],"pricing_button_text":"Ajouter au site Web","pricing_button_url":"https:\/\/apps.elfsight.com\/sign-up\/","pricing_button_nofollow":"1","_state":"expanded"}],"related_apps_title":"","related_apps_hidden":"1","author":"","image":[],"title":"","job":"","social_networks":[]},"_links":{"self":[{"href":"https:\/\/elfsight.com\/fr\/wp-json\/wp\/v2\/pages\/3757","targetHints":{"allow":["GET"]}}],"collection":[{"href":"https:\/\/elfsight.com\/fr\/wp-json\/wp\/v2\/pages"}],"about":[{"href":"https:\/\/elfsight.com\/fr\/wp-json\/wp\/v2\/types\/page"}],"author":[{"embeddable":true,"href":"https:\/\/elfsight.com\/fr\/wp-json\/wp\/v2\/users\/12"}],"replies":[{"embeddable":true,"href":"https:\/\/elfsight.com\/fr\/wp-json\/wp\/v2\/comments?post=3757"}],"version-history":[{"count":3,"href":"https:\/\/elfsight.com\/fr\/wp-json\/wp\/v2\/pages\/3757\/revisions"}],"predecessor-version":[{"id":14073,"href":"https:\/\/elfsight.com\/fr\/wp-json\/wp\/v2\/pages\/3757\/revisions\/14073"}],"up":[{"embeddable":true,"href":"https:\/\/elfsight.com\/fr\/wp-json\/wp\/v2\/pages\/968"}],"wp:attachment":[{"href":"https:\/\/elfsight.com\/fr\/wp-json\/wp\/v2\/media?parent=3757"}],"curies":[{"name":"wp","href":"https:\/\/api.w.org\/{rel}","templated":true}]}}