{"id":3756,"date":"2021-11-16T11:39:34","date_gmt":"2021-11-16T11:39:34","guid":{"rendered":"https:\/\/elfsight.com\/fr\/?page_id=3756"},"modified":"2024-11-11T10:59:55","modified_gmt":"2024-11-11T10:59:55","slug":"wordpress","status":"publish","type":"page","link":"https:\/\/elfsight.com\/fr\/countdown-timer-widget\/wordpress\/","title":{"rendered":"Countdown Timer &#8211; WordPress"},"content":{"rendered":"<div class=\"application-platform-content-item-description application-platform-content-item\" id=\"description\" data-nav-section=\"description\"><h2>Int\u00e9grer un compte \u00e0 rebours sur WordPress avec le widget Elfsight<\/h2><p>Utilisez le plugin Elfsight Countdown pour cr\u00e9er tous les types possibles de d\u00e9comptes et de minuteurs qui poussent les visiteurs \u00e0 faire leurs achats. Le comptage des stocks ou des ventes apportera un sentiment de raret\u00e9 et de concurrence ; le compte \u00e0 rebours des soldes incitera les acheteurs \u00e0 acheter avant de rater les bas prix. Un compte \u00e0 rebours personnel encouragera chaque personne \u00e0 utiliser une offre personnelle plus rapidement ; Les banni\u00e8res de soldes de vacances attireront l&rsquo;attention gr\u00e2ce \u00e0 la conception th\u00e9matique.<\/p><p><b>Rendez vos \u00e9v\u00e9nements et vos ventes incontournables et attirez plus d&rsquo;achats.<\/b><\/p><p><b>Encouragez les clients \u00e0 acheter. en cr\u00e9ant un sentiment d&rsquo;urgence.<\/b><br> Faites ressentir \u00e0 votre public la peur de perdre votre temps \u00e0 bas prix et le temps de vente qui s&rsquo;\u00e9coule jusqu&rsquo;\u00e0 la fin. Cela permettra \u00e0 l&rsquo;audience d&rsquo;acheter plus rapidement et d&rsquo;augmenter les ventes sur votre site Web.<\/p><p><b>Affichez un stock d\u00e9croissant de vos articles et convainquez les utilisateurs d&rsquo;acheter.<\/b><br> D\u00e9montrez que vos articles sont vendus. s&rsquo;\u00e9coulent rapidement et se rar\u00e9fient, avec un inventaire particulier. Cela permettra au public d&rsquo;appr\u00e9cier davantage les articles et de devenir impatient de les avoir \u00e9galement.<\/p><p><b>Attirez davantage l&rsquo;attention sur votre p\u00e9riode de soldes en utilisant une barre de compte \u00e0 rebours sp\u00e9ciale de style vacances.<\/b><br> Avec Dans des bars \u00e0 th\u00e8me accrocheurs, vous pouvez pr\u00e9senter vos offres et ventes saisonni\u00e8res et toucher un public plus large. Utilisez les vacances au maximum pour augmenter les ventes sur votre site Web.<\/p><\/div><div class=\"application-platform-content-item-features application-platform-content-item\" id=\"features\" data-nav-section=\"features\"><h2>Principales fonctionnalit\u00e9s du widget Compte \u00e0 rebours<\/h2><p>Les plus importantes fonctionnalit\u00e9s de notre compte \u00e0 rebours, qui en font le plugin WordPress parfait\u00a0:<\/p><ul><li>Option pour d\u00e9finir la date et l&rsquo;heure de d\u00e9but et de fin\u00a0;<\/li><li>Option pour d\u00e9finir le lien du bouton pour la redirection\u00a0;<\/li><li>\u00c9tiquettes d&rsquo;unit\u00e9 de temps modifiables\u00a0;<\/li><li>5 styles de minuterie inclus\u00a0;<\/li><li>Interface r\u00e9active avec adaptation automatis\u00e9e \u00e0 la taille de l&rsquo;\u00e9cran.<\/li><\/ul><a href=\"#demo\">Voir toutes les fonctionnalit\u00e9s en action<\/a><\/div><div class=\"application-platform-content-item-installation application-platform-content-item\" id=\"installation\" data-nav-section=\"installation\"><h2>Comment int\u00e9grer un compte \u00e0 rebours sur un site Web WordPress<\/h2><div class=\"video- conteneur\"><iframe width=\"720\" height=\"405\" src=\"https:\/\/www.youtube.com\/embed\/kFaIhESkxWA\" frameborder=\"0\" allowfullscreen=\"\"><\/iframe><\/div> <p>La proc\u00e9dure d&rsquo;int\u00e9gration de notre widget de compte \u00e0 rebours WordPress est simple et claire pour tout utilisateur. Suivez simplement plusieurs \u00e9tapes pr\u00e9sent\u00e9es ci-dessous pour activer le widget sur WordPress.<\/p> <ol><li><b>Ouvrez notre \u00e9diteur gratuit et commencez \u00e0 cr\u00e9er votre instrument personnalis\u00e9. <\/b><br> Recherchez la mise en page et les fonctionnalit\u00e9s pr\u00e9f\u00e9rables du plugin et enregistrez les modifications. <\/li> <li><b>Copiez le code unique qui appara\u00eet dans la case sur les applications Elfsight. <\/b><br> Une fois la cr\u00e9ation de votre plugin Countdown Timer personnel termin\u00e9e, copiez le code exclusif de la fen\u00eatre apparue et enregistrez-le pour une utilisation ult\u00e9rieure. <\/li> <li><b>Entrez sur l&rsquo;utilisation de l&rsquo;outil sur le site Web WordPress. <\/b><br> Int\u00e9grez le code que vous avez enregistr\u00e9 r\u00e9cemment dans votre site Web et appliquez les ajustements. <\/li> <li><b>Vous avez termin\u00e9\u00a0! La configuration est termin\u00e9e avec succ\u00e8s. <\/b><br> Visitez votre page pour voir les performances du plugin. <\/li><\/ol> <p>Vous rencontrez des difficult\u00e9s ou des questions en suivant le tutoriel ou en param\u00e9trant un plugin personnalis\u00e9 ? Laissez une demande au centre d&rsquo;aide et l&rsquo;\u00e9quipe d&rsquo;assistance se fera un plaisir de vous aider \u00e0 fa\u00e7onner et \u00e0 ins\u00e9rer le plugin sur votre site Web. Nous serons heureux de vous consulter sur l\u2019ajout du plugin Countdown Timer \u00e0 un site Web souhait\u00e9 et \u00e0 ses pages. Nous pouvons \u00e9galement trouver d\u2019autres solutions pour renforcer votre plateforme de vente ou votre blog. Ou consultez notre <a href=\"https:\/\/elfsight.com\/blog\/how-to-embed-countdown-clock-to-wordpress-website\/\" target=\"_blank\" rel=\"noopener noreferrer\">guide sur l&rsquo;ajout comptes \u00e0 rebours vers WordPress<\/a>.<\/p><\/div><div class=\"faq\" data-component=\"FAQ\"><div class=\"faq-item\">\r\n\t\t\t\t\t<div class=\"faq-item-question\">\r\n\t\t\t\t\t\t<h3 class=\"faq-item-question-text\">Les meilleurs exemples d'utilisation de l'int\u00e9gration de minuterie en ligne<\/h3>\r\n\r\n\t\t\t\t\t\t<div class=\"faq-item-question-icon\"><\/div>\r\n\t\t\t\t\t<\/div>\r\n\r\n\t\t\t\t\t<div class=\"faq-item-answer\">\r\n\t\t\t\t\t\t<div class=\"faq-item-answer-text\"><p>Nous proposons un pl\u00e9thore d&rsquo;options de personnalisation\u00a0: widgets \u00e0 grande \u00e9chelle \u00e0 ajouter dans la section de contenu, plugins flottants avec fonction de d\u00e9filement, dispositions pour le pied de page, la section d&rsquo;en-t\u00eate et toutes sortes d&rsquo;options verticales pour les barres lat\u00e9rales et les menus du site Web. Ainsi, vous pouvez utiliser le plugin de compte \u00e0 rebours pour des offres sp\u00e9ciales, des annonces de nouveaux produits, des invitations \u00e0 des conf\u00e9rences et des webinaires, etc. Vous pouvez rapidement augmenter les ventes d&rsquo;une certaine cat\u00e9gorie de biens ou de services en la mettant en valeur avec le plugin polyvalent.<\/p>[\/ faq_item][faq_item question_tag=\"h3\" schema_markup=\"1\" question=\"Y a-t-il une opportunit\u00e9 de voir \u00e0 quoi ressemblera le widget sur mon site ?\"]<p>Certainement\u00a0! Lors de la cr\u00e9ation du plugin WordPress Timer dans l&rsquo;<a href=\"https:\/\/elfsight.com\/countdown-timer-widget\/#demo\">\u00e9diteur en ligne<\/a>, vous verrez toutes les configurations dans la partie droite de \u00e7a vit. Votre compte \u00e0 rebours sera identique \u00e0 ce que vous ajouterez \u00e0 votre site WordPress. <\/p><\/div>\r\n\t\t\t\t\t<\/div>\r\n\t\t\t\t<\/div><div class=\"faq-item\">\r\n\t\t\t\t\t<div class=\"faq-item-question\">\r\n\t\t\t\t\t\t<h3 class=\"faq-item-question-text\">Puis-je cr\u00e9er un minuteur Evergreen ou un compte \u00e0 rebours de stock par l'interm\u00e9diaire de l'\u00e9diteur ?<\/h3>\r\n\r\n\t\t\t\t\t\t<div class=\"faq-item-question-icon\"><\/div>\r\n\t\t\t\t\t<\/div>\r\n\r\n\t\t\t\t\t<div class=\"faq-item-answer\">\r\n\t\t\t\t\t\t<div class=\"faq-item-answer-text\"><p>Vous \u00eates libre de cr\u00e9er les modifications de n&rsquo;importe quel widget. Il existe un large \u00e9ventail de mises en page disponibles dans l&rsquo;\u00e9diteur, et toutes peuvent \u00eatre facilement personnalis\u00e9es selon vos besoins. <\/p><\/div>\r\n\t\t\t\t\t<\/div>\r\n\t\t\t\t<\/div><div class=\"faq-item\">\r\n\t\t\t\t\t<div class=\"faq-item-question\">\r\n\t\t\t\t\t\t<h3 class=\"faq-item-question-text\">Quels autres widgets sont indispensables pour un site WordPress ?<\/h3>\r\n\r\n\t\t\t\t\t\t<div class=\"faq-item-question-icon\"><\/div>\r\n\t\t\t\t\t<\/div>\r\n\r\n\t\t\t\t\t<div class=\"faq-item-answer\">\r\n\t\t\t\t\t\t<div class=\"faq-item-answer-text\"><p>WordPress est un CMS utile pour les hommes d&rsquo;affaires poss\u00e9dant tout type de site Web\u00a0: des blogs aux boutiques en ligne. Pour rendre votre site WordPress encore plus fonctionnel, vous aurez besoin d&rsquo;instruments dynamiques appel\u00e9s plugins, et vous pouvez en trouver des tonnes sur Elfsight.<\/p><p>Par exemple, avec WhatsApp Chat et Facebook Chat, vous pouvez prendre contact avec les clients. support plus facile, partagez des t\u00e9moignages avec Google Reviews and Testimonials Slider, ins\u00e9rez des vid\u00e9os \u00e0 l&rsquo;aide du widget YouTube Gallery, et bien plus encore. Vous trouverez certainement exactement ce dont vous avez besoin, il vous suffit de parcourir le site !<\/p><\/div>\r\n\t\t\t\t\t<\/div>\r\n\t\t\t\t<\/div><\/div>","protected":false},"excerpt":{"rendered":"","protected":false},"author":12,"featured_media":0,"parent":892,"menu_order":0,"comment_status":"closed","ping_status":"closed","template":"templates\/template-application-platform.php","meta":{"publish_to_discourse":"","publish_post_category":"","wpdc_auto_publish_overridden":"","wpdc_topic_tags":"","wpdc_pin_topic":"","wpdc_pin_until":"","discourse_post_id":"","discourse_permalink":"","wpdc_publishing_response":"","wpdc_publishing_error":"","footnotes":""},"class_list":["post-3756","page","type-page","status-publish","hentry"],"yoast_head":"<!-- This site is optimized with the Yoast SEO plugin v25.3.1 - https:\/\/yoast.com\/wordpress\/plugins\/seo\/ -->\n<title>Compte \u00e0 rebours - ajouter Plugin Minuteur sur WordPress<\/title>\n<meta name=\"description\" content=\"Int\u00e9grez un Compte \u00e0 rebours attractif sur votre site WordPress. Appliquez la d\u00e9mo d&#039;Elfsight et g\u00e9n\u00e9rez votre plugin en 2 minutes.\" \/>\n<meta name=\"robots\" content=\"index, follow, max-snippet:-1, max-image-preview:large, max-video-preview:-1\" \/>\n<link rel=\"canonical\" href=\"https:\/\/elfsight.com\/fr\/countdown-timer-widget\/wordpress\/\" \/>\n<meta property=\"og:locale\" content=\"fr_FR\" \/>\n<meta property=\"og:type\" content=\"article\" \/>\n<meta property=\"og:title\" content=\"Compte \u00e0 rebours - ajouter Plugin Minuteur sur WordPress\" \/>\n<meta property=\"og:description\" content=\"Int\u00e9grez un Compte \u00e0 rebours attractif sur votre site WordPress. Appliquez la d\u00e9mo d&#039;Elfsight et g\u00e9n\u00e9rez votre plugin en 2 minutes.\" \/>\n<meta property=\"og:url\" content=\"https:\/\/elfsight.com\/fr\/countdown-timer-widget\/wordpress\/\" \/>\n<meta property=\"og:site_name\" content=\"Elfsight FR\" \/>\n<meta property=\"article:modified_time\" content=\"2024-11-11T10:59:55+00:00\" \/>\n<meta name=\"twitter:card\" content=\"summary_large_image\" \/>\n<meta name=\"twitter:label1\" content=\"Dur\u00e9e de lecture estim\u00e9e\" \/>\n\t<meta name=\"twitter:data1\" content=\"2 minutes\" \/>\n<!-- \/ Yoast SEO plugin. -->","yoast_head_json":{"title":"Compte \u00e0 rebours - ajouter Plugin Minuteur sur WordPress","description":"Int\u00e9grez un Compte \u00e0 rebours attractif sur votre site WordPress. Appliquez la d\u00e9mo d'Elfsight et g\u00e9n\u00e9rez votre plugin en 2 minutes.","robots":{"index":"index","follow":"follow","max-snippet":"max-snippet:-1","max-image-preview":"max-image-preview:large","max-video-preview":"max-video-preview:-1"},"canonical":"https:\/\/elfsight.com\/fr\/countdown-timer-widget\/wordpress\/","og_locale":"fr_FR","og_type":"article","og_title":"Compte \u00e0 rebours - ajouter Plugin Minuteur sur WordPress","og_description":"Int\u00e9grez un Compte \u00e0 rebours attractif sur votre site WordPress. Appliquez la d\u00e9mo d'Elfsight et g\u00e9n\u00e9rez votre plugin en 2 minutes.","og_url":"https:\/\/elfsight.com\/fr\/countdown-timer-widget\/wordpress\/","og_site_name":"Elfsight FR","article_modified_time":"2024-11-11T10:59:55+00:00","twitter_card":"summary_large_image","twitter_misc":{"Dur\u00e9e de lecture estim\u00e9e":"2 minutes"},"schema":{"@context":"https:\/\/schema.org","@graph":[{"@type":"WebPage","@id":"https:\/\/elfsight.com\/fr\/countdown-timer-widget\/wordpress\/","url":"https:\/\/elfsight.com\/fr\/countdown-timer-widget\/wordpress\/","name":"Compte \u00e0 rebours - ajouter Plugin Minuteur sur WordPress","isPartOf":{"@id":"https:\/\/elfsight.com\/fr\/#website"},"datePublished":"2021-11-16T11:39:34+00:00","dateModified":"2024-11-11T10:59:55+00:00","description":"Int\u00e9grez un Compte \u00e0 rebours attractif sur votre site WordPress. Appliquez la d\u00e9mo d'Elfsight et g\u00e9n\u00e9rez votre plugin en 2 minutes.","breadcrumb":{"@id":"https:\/\/elfsight.com\/fr\/countdown-timer-widget\/wordpress\/#breadcrumb"},"inLanguage":"fr-FR","potentialAction":[{"@type":"ReadAction","target":["https:\/\/elfsight.com\/fr\/countdown-timer-widget\/wordpress\/"]}]},{"@type":"BreadcrumbList","@id":"https:\/\/elfsight.com\/fr\/countdown-timer-widget\/wordpress\/#breadcrumb","itemListElement":[{"@type":"ListItem","position":1,"name":"Home","item":"https:\/\/elfsight.com\/fr\/"},{"@type":"ListItem","position":2,"name":"Countdown Timer","item":"https:\/\/elfsight.com\/fr\/countdown-timer-widget\/"},{"@type":"ListItem","position":3,"name":"Countdown Timer &#8211; WordPress"}]},{"@type":"WebSite","@id":"https:\/\/elfsight.com\/fr\/#website","url":"https:\/\/elfsight.com\/fr\/","name":"Elfsight FR","description":"","potentialAction":[{"@type":"SearchAction","target":{"@type":"EntryPoint","urlTemplate":"https:\/\/elfsight.com\/fr\/?s={search_term_string}"},"query-input":{"@type":"PropertyValueSpecification","valueRequired":true,"valueName":"search_term_string"}}],"inLanguage":"fr-FR"}]}},"meta_box":{"industry":"","seo_heading":"","heading":"","description":"","cta_heading":"","cta_description":"","application":"891","h1":"Plugin Compte \u00e0 rebours pour WordPress","h1_caption":"Int\u00e9grez des images, des vid\u00e9os et des galeries Instagram sur votre site WordPress","application_category":[],"applications_title":"","applications_request_title":"","applications_request_button_text":"","hero_text":"","hero_video":"","hero_video_schema_markup":"","selling_points_title":"","selling_points_caption":"","selling_points":[],"selling_points_cta_text":"","features_title":"","features":"","ed_cta_examples_text":"","ed_cta_examples_hidden":"","ed_cta_demo_text":"","ed_cta_demo_hidden":"","why_caption":"","why_editor_title":"","why_editor_text":"","why_team_title":"","why_team_text":"","why_service_title":"","why_service_text":"","template_catalog_visible":"","template_catalog_title":"","template_catalog_text":"","template_catalog_categories_visible":"","demo_title":"Cr\u00e9ez votre plugin Compte \u00e0 rebours","demo_caption":"Configurez votre compte \u00e0 rebours et ajoutez-le gratuitement \u00e0 votre site WordPress !","default_faq_hidden":"","app_template_category":[],"platform":"18","template_public_id":"","codecanyon_url":"","codecanyon_item_id":"","codecanyon_price":"","pricing_caption":"","pricing_elfsight_apps_hide_column":"","pricing_elfsight_apps_url":"","pricing_codecanyon_price_caption":"","integration_category":[],"integration_request_title":"","integration_request_cta":"","integration_platform":"","integrations":[],"platform_category":[],"video_schema_markup":"","price":"\u00c0 partir de 0$ par mois","trial":"","benefits":[{"text":"Installation gratuite"},{"text":"Support Premium"},{"text":"Garantie de remboursement de 14 jours"},{"text":"L'am\u00e9lioration continue"}],"button_url":"#demo","button_target_blank":"0","button_nofollow":"0","attributes":[{"name":"Nombre d'installations","content":"1,000 - 5,000","_state":"expanded"},{"name":"Adaptif","content":"Oui","_state":"expanded"},{"name":"Navigateurs compatibles","content":"Firefox, Safari, Opera, Chrome, Edge","_state":"expanded"}],"tags":[],"tags_disable_links":"0","hide_more_platforms":"","video_object":"","demo_hide_cta":"0","demo_hide_cloud_options":"0","pricing_title":"","pricing":[{"pricing_icon":"platform","pricing_title":"Applications d'Elfsight","pricing_title_caption":"Solution num\u00e9rique multiplateforme qui fonctionne sur n'importe quel site","pricing_price":"\u00c0 partir de $0\/mois","pricing_price_caption":"Commencez avec un plan gratuit","pricing_benefits":[{"text":"Sites Web illimit\u00e9s"},{"text":"\u00c9quipe d'assistance professionnelle"},{"text":"Service d'installation gratuit"},{"text":"100% personnalisable"}],"pricing_button_text":"Ajouter au site Web","pricing_button_url":"https:\/\/apps.elfsight.com\/sign-up\/","pricing_button_nofollow":"1","_state":"expanded"}],"related_apps_title":"","related_apps_hidden":"1","author":"","image":[],"title":"","job":"","social_networks":[]},"_links":{"self":[{"href":"https:\/\/elfsight.com\/fr\/wp-json\/wp\/v2\/pages\/3756","targetHints":{"allow":["GET"]}}],"collection":[{"href":"https:\/\/elfsight.com\/fr\/wp-json\/wp\/v2\/pages"}],"about":[{"href":"https:\/\/elfsight.com\/fr\/wp-json\/wp\/v2\/types\/page"}],"author":[{"embeddable":true,"href":"https:\/\/elfsight.com\/fr\/wp-json\/wp\/v2\/users\/12"}],"replies":[{"embeddable":true,"href":"https:\/\/elfsight.com\/fr\/wp-json\/wp\/v2\/comments?post=3756"}],"version-history":[{"count":3,"href":"https:\/\/elfsight.com\/fr\/wp-json\/wp\/v2\/pages\/3756\/revisions"}],"predecessor-version":[{"id":14058,"href":"https:\/\/elfsight.com\/fr\/wp-json\/wp\/v2\/pages\/3756\/revisions\/14058"}],"up":[{"embeddable":true,"href":"https:\/\/elfsight.com\/fr\/wp-json\/wp\/v2\/pages\/892"}],"wp:attachment":[{"href":"https:\/\/elfsight.com\/fr\/wp-json\/wp\/v2\/media?parent=3756"}],"curies":[{"name":"wp","href":"https:\/\/api.w.org\/{rel}","templated":true}]}}