{"id":3753,"date":"2021-11-16T11:39:23","date_gmt":"2021-11-16T11:39:23","guid":{"rendered":"https:\/\/elfsight.com\/fr\/?page_id=3753"},"modified":"2026-01-29T12:39:10","modified_gmt":"2026-01-29T12:39:10","slug":"wordpress","status":"publish","type":"page","link":"https:\/\/elfsight.com\/fr\/youtube-channel-plugin-yottie\/wordpress\/","title":{"rendered":"YouTube Gallery &#8211; WordPress"},"content":{"rendered":"<div class=\"application-platform-content-item-description application-platform-content-item\" id=\"description\" data-nav-section=\"description\"><h2>Int\u00e9grez la galerie YouTube sur WordPress avec le widget Elfsight<\/h2><p>Une galerie polyvalente pour YouTube, qui permet d&rsquo;ajouter n&rsquo;importe quelle vid\u00e9o sur votre site Internet. Choisissez les meilleures cha\u00eenes et clips vid\u00e9o s\u00e9par\u00e9s pour collecter votre propre liste de lecture et afficher directement sur la page en utilisant la mise en page la plus appropri\u00e9e (galerie vid\u00e9o, portfolio, cha\u00eene, vid\u00e9o unique). Notre widget est totalement adaptatif \u00e0 tous les appareils et plates-formes, il dispose d&rsquo;environ 100+ param\u00e8tres de configuration, de mod\u00e8les flexibles et de nombreux autres avantages qui vous aident \u00e0 cr\u00e9er un incroyable plugin de cha\u00eene Youtube pour votre site Web WordPress.<\/p><p><b>Cr\u00e9ez une galerie de vid\u00e9os YouTube personnalis\u00e9e pour un engagement plus \u00e9lev\u00e9 de vos utilisateurs.<\/b><\/p><ul><li><b>Renforcez l&rsquo;interaction avec l&rsquo;audience de votre site via des vid\u00e9os YouTube<\/b><br> Divertissez les clients de votre site Web avec un contenu vid\u00e9o incroyable de YouTube et impliquez-les plus qu&rsquo;auparavant.<\/li><li><b>Attirez davantage de demandes avec du contenu vid\u00e9o<\/b><br>Ins\u00e9rez des vid\u00e9os promotionnelles, des r\u00e9actions, des aper\u00e7us et des guides. et bien plus encore pour fournir au public des informations d\u00e9taill\u00e9es sur vos conditions et le convaincre d&rsquo;effectuer une transaction.<\/li><li><b>Meilleurs fans de votre compte YouTube<\/b><br>Convertissez les utilisateurs du site en abonn\u00e9s sur Youtube. Offrez un moyen simple et instantan\u00e9 de consulter des vid\u00e9os et de vous abonner directement \u00e0 partir de la ressource.<\/li><\/ul><\/div><div class=\"application-platform-content-item-features application-platform-content-item\" id=\"features\" data-nav-section=\"features\"><h2>Principales fonctionnalit\u00e9s du widget Galerie YouTube<\/h2> <p>Les fonctionnalit\u00e9s du plugin Elfsight, qui en font le meilleur outil pour afficher des playlists et des vid\u00e9os YouTube sur un site WordPress\u00a0:<\/p><ul><li>Sources illimit\u00e9es\u00a0;<\/li><li>Taille du widget personnalisable ;<\/li><li>En-t\u00eate commutable avec trois mises en page pr\u00e9d\u00e9finies et \u00e9l\u00e9ments d&rsquo;en-t\u00eate personnalisables (logo, banni\u00e8re, nom de la cha\u00eene et autres)\u00a0;<\/li><li>5 jeux de couleurs int\u00e9gr\u00e9s\u00a0;<\/li><li>Personnalisation du contenu options : colonnes et lignes, goutti\u00e8re ; direction horizontale ou verticale et bien d&rsquo;autres\u00a0;<\/li><li>Mises \u00e0 jour r\u00e9guli\u00e8res en direct\u00a0;<\/li><li>Support premium pour tout probl\u00e8me par une \u00e9quipe professionnelle.<\/li><\/ul><p><a href=\"#demo\">D\u00e9couvrez toutes les fonctionnalit\u00e9s du configurateur Elfsight gratuit<\/a><\/p><\/div><div class=\"application-platform-content-item-installation application-platform-content-item\" id=\"installation\" data-nav-section=\"installation\"><h2>Comment int\u00e9grer le plugin YouTube sur un site WordPress\u00a0?<\/h2><div class=\"video-container\">\n<iframe width=\"720\" height=\"405\" src=\"https:\/\/www.youtube.com\/embed\/4Tnv6cGnUPI?si=tqsjO2yi2bjjs_iN\" frameborder=\"0\" allowfullscreen=\"\"><\/iframe>\n<\/div><p>Suivez ces \u00e9tapes simples, aucune comp\u00e9tence en codage n&rsquo;est requise. Le temps total de configuration est inf\u00e9rieur \u00e0 2 minutes.<\/p><ol><li><b>Ouvrez notre \u00e9diteur gratuit et commencez \u00e0 cr\u00e9er votre plugin personnalis\u00e9.<\/b> <br>Choisissez l&rsquo;apparence et les fonctionnalit\u00e9s pr\u00e9f\u00e9r\u00e9es du widget. et enregistrez les modifications.<\/li><li><b>Obtenez votre code unique expos\u00e9 dans la fen\u00eatre des applications Elfsight.<\/b> <br>Apr\u00e8s la modification du widget, copiez le code dans la fen\u00eatre qui appara\u00eet et enregistrez-le pour une occasion future.<\/li><li><b>Commencez \u00e0 utiliser la galerie YouTube WordPress sur le site Web.<\/b> <br>Placez le code que vous avez enregistr\u00e9 r\u00e9cemment sur votre site Web et appliquez les am\u00e9liorations.<\/li><li><b>Vous avez termin\u00e9\u00a0! L&rsquo;installation est termin\u00e9e avec succ\u00e8s.<\/b> <br>Allez sur votre site et jetez un \u0153il au fonctionnement du widget.<\/li><\/ol><p>Vous rencontrez des difficult\u00e9s pour installer ou configurer le plugin de playlist YouTube\u00a0? Vous pouvez \u00e9crire \u00e0 l&rsquo;\u00e9quipe d&rsquo;assistance d&rsquo;Elfsight pour toute question \u00e0 tout moment de la journ\u00e9e.<\/p><\/div><div class=\"faq\" data-component=\"FAQ\"><div class=\"faq-item\">\r\n\t\t\t\t\t<div class=\"faq-item-question\">\r\n\t\t\t\t\t\t<h3 class=\"faq-item-question-text\">Comment ajouter une galerie YouTube \u00e0 WordPress ? <\/h3>\r\n\r\n\t\t\t\t\t\t<div class=\"faq-item-question-icon\"><\/div>\r\n\t\t\t\t\t<\/div>\r\n\r\n\t\t\t\t\t<div class=\"faq-item-answer\">\r\n\t\t\t\t\t\t<div class=\"faq-item-answer-text\"><p> La cr\u00e9ation du widget s&rsquo;effectue au sein du site Elfsight et vous n&rsquo;avez pas besoin d&rsquo;apprendre le codage. Utilisez la d\u00e9mo en ligne pour ajuster votre propre plugin, copiez le code et int\u00e9grez-le dans votre site. <\/p><\/div>\r\n\t\t\t\t\t<\/div>\r\n\t\t\t\t<\/div><div class=\"faq-item\">\r\n\t\t\t\t\t<div class=\"faq-item-question\">\r\n\t\t\t\t\t\t<h3 class=\"faq-item-question-text\">Les meilleurs exemples d'utilisation de l'int\u00e9gration de la galerie de playlists YouTube<\/h3>\r\n\r\n\t\t\t\t\t\t<div class=\"faq-item-question-icon\"><\/div>\r\n\t\t\t\t\t<\/div>\r\n\r\n\t\t\t\t\t<div class=\"faq-item-answer\">\r\n\t\t\t\t\t\t<div class=\"faq-item-answer-text\"><p>Nous proposons une multitude d&rsquo;options de r\u00e9glage\u00a0: des widgets complets \u00e0 ajouter dans la zone de contenu, des widgets flottants pour les options de d\u00e9filement. , des vignettes pour le pied de page, l&rsquo;en-t\u00eate et toutes sortes de possibilit\u00e9s verticales pour les barres lat\u00e9rales et les menus. <\/p><\/div>\r\n\t\t\t\t\t<\/div>\r\n\t\t\t\t<\/div><div class=\"faq-item\">\r\n\t\t\t\t\t<div class=\"faq-item-question\">\r\n\t\t\t\t\t\t<h3 class=\"faq-item-question-text\">Puis-je cr\u00e9er une liste ou une grille de vid\u00e9os au moyen de votre \u00e9diteur ? <\/h3>\r\n\r\n\t\t\t\t\t\t<div class=\"faq-item-question-icon\"><\/div>\r\n\t\t\t\t\t<\/div>\r\n\r\n\t\t\t\t\t<div class=\"faq-item-answer\">\r\n\t\t\t\t\t\t<div class=\"faq-item-answer-text\"><p>Vous \u00eates libre de cr\u00e9er les modifications de n&rsquo;importe quel widget. De nombreuses mises en page sont \u00e0 votre disposition dans l&rsquo;\u00e9diteur, et toutes peuvent \u00eatre facilement personnalis\u00e9es selon vos besoins. <\/p><\/div>\r\n\t\t\t\t\t<\/div>\r\n\t\t\t\t<\/div><\/div><p><\/p><!-- \/wp:paragraph - &gt; \/wp:paragraph -->","protected":false},"excerpt":{"rendered":"","protected":false},"author":12,"featured_media":0,"parent":776,"menu_order":0,"comment_status":"closed","ping_status":"closed","template":"templates\/template-application-platform.php","meta":{"publish_to_discourse":"","publish_post_category":"","wpdc_auto_publish_overridden":"","wpdc_topic_tags":"","wpdc_pin_topic":"","wpdc_pin_until":"","discourse_post_id":"","discourse_permalink":"","wpdc_publishing_response":"","wpdc_publishing_error":"","footnotes":""},"class_list":["post-3753","page","type-page","status-publish","hentry"],"yoast_head":"<!-- This site is optimized with the Yoast SEO plugin v25.3.1 - https:\/\/yoast.com\/wordpress\/plugins\/seo\/ -->\n<title>Galerie YouTube - ajouter Plugin Video YouTube sur WordPress<\/title>\n<meta name=\"description\" content=\"Int\u00e9grez une Galerie YouTube attractive sur votre site WordPress. Appliquez la d\u00e9mo d&#039;Elfsight et g\u00e9n\u00e9rez votre plugin en 2 minutes.\" \/>\n<meta name=\"robots\" content=\"index, follow, max-snippet:-1, max-image-preview:large, max-video-preview:-1\" \/>\n<link rel=\"canonical\" href=\"https:\/\/elfsight.com\/fr\/youtube-channel-plugin-yottie\/wordpress\/\" \/>\n<meta property=\"og:locale\" content=\"fr_FR\" \/>\n<meta property=\"og:type\" content=\"article\" \/>\n<meta property=\"og:title\" content=\"Galerie YouTube - ajouter Plugin Video YouTube sur WordPress\" \/>\n<meta property=\"og:description\" content=\"Int\u00e9grez une Galerie YouTube attractive sur votre site WordPress. Appliquez la d\u00e9mo d&#039;Elfsight et g\u00e9n\u00e9rez votre plugin en 2 minutes.\" \/>\n<meta property=\"og:url\" content=\"https:\/\/elfsight.com\/fr\/youtube-channel-plugin-yottie\/wordpress\/\" \/>\n<meta property=\"og:site_name\" content=\"Elfsight FR\" \/>\n<meta property=\"article:modified_time\" content=\"2026-01-29T12:39:10+00:00\" \/>\n<meta name=\"twitter:card\" content=\"summary_large_image\" \/>\n<meta name=\"twitter:label1\" content=\"Dur\u00e9e de lecture estim\u00e9e\" \/>\n\t<meta name=\"twitter:data1\" content=\"4 minutes\" \/>\n<!-- \/ Yoast SEO plugin. -->","yoast_head_json":{"title":"Galerie YouTube - ajouter Plugin Video YouTube sur WordPress","description":"Int\u00e9grez une Galerie YouTube attractive sur votre site WordPress. Appliquez la d\u00e9mo d'Elfsight et g\u00e9n\u00e9rez votre plugin en 2 minutes.","robots":{"index":"index","follow":"follow","max-snippet":"max-snippet:-1","max-image-preview":"max-image-preview:large","max-video-preview":"max-video-preview:-1"},"canonical":"https:\/\/elfsight.com\/fr\/youtube-channel-plugin-yottie\/wordpress\/","og_locale":"fr_FR","og_type":"article","og_title":"Galerie YouTube - ajouter Plugin Video YouTube sur WordPress","og_description":"Int\u00e9grez une Galerie YouTube attractive sur votre site WordPress. Appliquez la d\u00e9mo d'Elfsight et g\u00e9n\u00e9rez votre plugin en 2 minutes.","og_url":"https:\/\/elfsight.com\/fr\/youtube-channel-plugin-yottie\/wordpress\/","og_site_name":"Elfsight FR","article_modified_time":"2026-01-29T12:39:10+00:00","twitter_card":"summary_large_image","twitter_misc":{"Dur\u00e9e de lecture estim\u00e9e":"4 minutes"},"schema":{"@context":"https:\/\/schema.org","@graph":[{"@type":"WebPage","@id":"https:\/\/elfsight.com\/fr\/youtube-channel-plugin-yottie\/wordpress\/","url":"https:\/\/elfsight.com\/fr\/youtube-channel-plugin-yottie\/wordpress\/","name":"Galerie YouTube - ajouter Plugin Video YouTube sur WordPress","isPartOf":{"@id":"https:\/\/elfsight.com\/fr\/#website"},"datePublished":"2021-11-16T11:39:23+00:00","dateModified":"2026-01-29T12:39:10+00:00","description":"Int\u00e9grez une Galerie YouTube attractive sur votre site WordPress. Appliquez la d\u00e9mo d'Elfsight et g\u00e9n\u00e9rez votre plugin en 2 minutes.","breadcrumb":{"@id":"https:\/\/elfsight.com\/fr\/youtube-channel-plugin-yottie\/wordpress\/#breadcrumb"},"inLanguage":"fr-FR","potentialAction":[{"@type":"ReadAction","target":["https:\/\/elfsight.com\/fr\/youtube-channel-plugin-yottie\/wordpress\/"]}]},{"@type":"BreadcrumbList","@id":"https:\/\/elfsight.com\/fr\/youtube-channel-plugin-yottie\/wordpress\/#breadcrumb","itemListElement":[{"@type":"ListItem","position":1,"name":"Home","item":"https:\/\/elfsight.com\/fr\/"},{"@type":"ListItem","position":2,"name":"YouTube Gallery","item":"https:\/\/elfsight.com\/fr\/youtube-channel-plugin-yottie\/"},{"@type":"ListItem","position":3,"name":"YouTube Gallery &#8211; WordPress"}]},{"@type":"WebSite","@id":"https:\/\/elfsight.com\/fr\/#website","url":"https:\/\/elfsight.com\/fr\/","name":"Elfsight FR","description":"","potentialAction":[{"@type":"SearchAction","target":{"@type":"EntryPoint","urlTemplate":"https:\/\/elfsight.com\/fr\/?s={search_term_string}"},"query-input":{"@type":"PropertyValueSpecification","valueRequired":true,"valueName":"search_term_string"}}],"inLanguage":"fr-FR"}]}},"meta_box":{"industry":"","seo_heading":"","heading":"","description":"","cta_heading":"","cta_description":"","application":"760","h1":"Galerie YouTube Plugin pour WordPress","h1_caption":"Int\u00e9grez sans effort une galerie de vid\u00e9os YouTube pour pr\u00e9senter du contenu tel que des didacticiels, des t\u00e9moignages ou des pr\u00e9sentations de produits sur votre site Web dans votre site Web WordPress.","application_category":[],"applications_title":"","applications_request_title":"","applications_request_button_text":"","hero_text":"","hero_video":"","hero_video_schema_markup":"","selling_points_title":"","selling_points_caption":"","selling_points":[],"selling_points_cta_text":"","features_title":"","features":"","ed_cta_examples_text":"","ed_cta_examples_hidden":"","ed_cta_demo_text":"","ed_cta_demo_hidden":"","why_caption":"","why_editor_title":"","why_editor_text":"","why_team_title":"","why_team_text":"","why_service_title":"","why_service_text":"","template_catalog_visible":"0","template_catalog_title":"","template_catalog_text":"","template_catalog_categories_visible":"","demo_title":"Cr\u00e9ez votre plugin Galerie YouTube","demo_caption":"Configurez votre galerie YouTube et ajoutez-la gratuitement \u00e0 votre site Web SWordPress\u00a0!","default_faq_hidden":"","app_template_category":[],"platform":"18","template_public_id":"","codecanyon_url":"","codecanyon_item_id":"","codecanyon_price":"","pricing_caption":"","pricing_elfsight_apps_hide_column":"","pricing_elfsight_apps_url":"","pricing_codecanyon_price_caption":"","integration_category":[],"integration_request_title":"","integration_request_cta":"","integration_platform":"","integrations":[],"platform_category":[],"video_schema_markup":"","price":"\u00c0 partir de 0$ par mois","trial":"","benefits":[{"text":"Installation gratuite"},{"text":"Support Premium"},{"text":"Garantie de remboursement de 14 jours"},{"text":"L'am\u00e9lioration continue"}],"button_url":"#demo","button_target_blank":"0","button_nofollow":"0","attributes":[{"name":"Nombre d'installations","content":"5,000 - 10,000","_state":"expanded"},{"name":"Adaptif","content":"Oui","_state":"expanded"},{"name":"Navigateurs compatibles","content":"Firefox, Safari, Opera, Chrome, Edge","_state":"expanded"}],"tags":[],"tags_disable_links":"0","hide_more_platforms":"0","video_object":"","demo_hide_cta":"0","demo_hide_cloud_options":"0","pricing_title":"","pricing":[{"pricing_icon":"platform","pricing_title":"Applications d'Elfsight","pricing_title_caption":"Solution num\u00e9rique multiplateforme qui fonctionne sur n'importe quel site","pricing_price":"\u00c0 partir de $0\/mois","pricing_price_caption":"Commencez avec un plan gratuit","pricing_benefits":[{"text":"Sites Web illimit\u00e9s"},{"text":"\u00c9quipe d'assistance professionnelle"},{"text":"Service d'installation gratuit"},{"text":"100% personnalisable"}],"pricing_button_text":"Ajouter au site Web","pricing_button_url":"https:\/\/apps.elfsight.com\/sign-up\/","pricing_button_nofollow":"1","_state":"expanded"}],"related_apps_title":"","related_apps_hidden":"1","author":"","image":[],"title":"","job":"","social_networks":[]},"_links":{"self":[{"href":"https:\/\/elfsight.com\/fr\/wp-json\/wp\/v2\/pages\/3753","targetHints":{"allow":["GET"]}}],"collection":[{"href":"https:\/\/elfsight.com\/fr\/wp-json\/wp\/v2\/pages"}],"about":[{"href":"https:\/\/elfsight.com\/fr\/wp-json\/wp\/v2\/types\/page"}],"author":[{"embeddable":true,"href":"https:\/\/elfsight.com\/fr\/wp-json\/wp\/v2\/users\/12"}],"replies":[{"embeddable":true,"href":"https:\/\/elfsight.com\/fr\/wp-json\/wp\/v2\/comments?post=3753"}],"version-history":[{"count":4,"href":"https:\/\/elfsight.com\/fr\/wp-json\/wp\/v2\/pages\/3753\/revisions"}],"predecessor-version":[{"id":16803,"href":"https:\/\/elfsight.com\/fr\/wp-json\/wp\/v2\/pages\/3753\/revisions\/16803"}],"up":[{"embeddable":true,"href":"https:\/\/elfsight.com\/fr\/wp-json\/wp\/v2\/pages\/776"}],"wp:attachment":[{"href":"https:\/\/elfsight.com\/fr\/wp-json\/wp\/v2\/media?parent=3753"}],"curies":[{"name":"wp","href":"https:\/\/api.w.org\/{rel}","templated":true}]}}