{"id":3752,"date":"2021-11-16T11:39:20","date_gmt":"2021-11-16T11:39:20","guid":{"rendered":"https:\/\/elfsight.com\/fr\/?page_id=3752"},"modified":"2024-12-25T08:26:46","modified_gmt":"2024-12-25T08:26:46","slug":"wordpress","status":"publish","type":"page","link":"https:\/\/elfsight.com\/fr\/google-reviews-widget\/wordpress\/","title":{"rendered":"Google Reviews &#8211; WordPress"},"content":{"rendered":"\n<div class=\"application-platform-content-item-description application-platform-content-item\" id=\"description\" data-nav-section=\"description\"> <h2>Int\u00e9grez les avis Google avec le plugin Elfsight<\/h2> <p>Si vous souhaitez afficher votre appr\u00e9ciation aupr\u00e8s des utilisateurs et convaincre les visiteurs du site Web que votre les offres valent la peine d&rsquo;\u00eatre achet\u00e9es, Elfsight Reviews est fait pour vous. Avec l&rsquo;aide de notre plugin, vous pouvez int\u00e9grer les avis des clients de Google sur votre site Web avec des d\u00e9tails sur leurs auteurs, utiliser des filtres pour d\u00e9montrer uniquement les avis positifs, afficher les \u00e9valuations et le bouton de demande d&rsquo;avis, qui am\u00e8nera les utilisateurs sur votre compte Google, afin qu&rsquo;ils peuvent laisser leur t\u00e9moignage.<\/p><div class=\"faq\" data-component=\"FAQ\"> <div class=\"faq-item\">\r\n\t\t\t\t\t<div class=\"faq-item-question\">\r\n\t\t\t\t\t\t<h3 class=\"faq-item-question-text\">Quels autres widgets pour WordPress proposez-vous exactement ? <\/h3>\r\n\r\n\t\t\t\t\t\t<div class=\"faq-item-question-icon\"><\/div>\r\n\t\t\t\t\t<\/div>\r\n\r\n\t\t\t\t\t<div class=\"faq-item-answer\">\r\n\t\t\t\t\t\t<div class=\"faq-item-answer-text\"> <p>Nous pouvons vous proposer une pl\u00e9thore de plugins et de widgets pour vous permettre de r\u00e9aliser tout type de visez sur votre site. Voyez par vous-m\u00eame\u00a0: <a href=\"https:\/\/elfsight.com\/fr\/whatsapp-chat-widget\/wordpress\/\" target=\"_blank\" rel=\"noopener\">Chat WhatsApp<\/a>, <a href=\"https:\/\/elfsight.com\/fr\/facebook-chat-widget\/wordpress\/\" target=\"_blank\" rel=\"noopener\">Facebook Chat<\/a>, <a href=\"https:\/\/elfsight.com\/fr\/testimonials-slider-widget\/wordpress\/\" target=\"_blank\" rel=\"noopener\">Curseur de t\u00e9moignages<\/a>, <a href=\"https:\/\/elfsight.com\/fr\/youtube-channel-plugin-yottie\/wordpress\/\" target=\"_blank\" rel=\"noopener\">Galerie YouTube<\/a>.<\/p> <\/div>\r\n\t\t\t\t\t<\/div>\r\n\t\t\t\t<\/div> <div class=\"faq-item\">\r\n\t\t\t\t\t<div class=\"faq-item-question\">\r\n\t\t\t\t\t\t<h3 class=\"faq-item-question-text\">Comment le plugin d'avis Google peut-il am\u00e9liorer les performances de mon site ?<\/h3>\r\n\r\n\t\t\t\t\t\t<div class=\"faq-item-question-icon\"><\/div>\r\n\t\t\t\t\t<\/div>\r\n\r\n\t\t\t\t\t<div class=\"faq-item-answer\">\r\n\t\t\t\t\t\t<div class=\"faq-item-answer-text\"> <p>Lorsque vous ajoutez Google Reviews \u00e0 WordPress, vous b\u00e9n\u00e9ficiez de nombreux avantages. En voici les principaux\u00a0:<\/p><ul><li><p><strong>Une bonne note augmente les conversions<\/strong><br>77\u00a0% des acheteurs potentiels lisent \u00ab\u00a0toujours\u00a0\u00bb ou \u00ab\u00a0r\u00e9guli\u00e8rement\u00a0\u00bb les t\u00e9moignages lors de leur navigation. pour de nouveaux produits et services.<\/p><\/li><li><p><strong>Les avis ajoutent du contenu pertinent \u00e0 votre site Web<\/strong><br>Les t\u00e9moignages contiennent des mots-cl\u00e9s appropri\u00e9s qui correspondent \u00e0 la description de votre entreprise. Le moteur de recherche les consid\u00e9rera comme faisant partie du texte du site Web.<\/p><\/li><li><p><strong>Les extraits d&rsquo;avis augmentent automatiquement le taux de clics dans SERP<\/strong><br>Plugin WordPress pour avis Google. g\u00e9n\u00e8re un extrait enrichi pour votre note brillante. Ainsi, les gens verront un lien de site Web am\u00e9lior\u00e9 dans Google et cliqueront plus probablement dessus.<\/p><\/li><\/ul><\/div>\r\n\t\t\t\t\t<\/div>\r\n\t\t\t\t<\/div> <div class=\"faq-item\">\r\n\t\t\t\t\t<div class=\"faq-item-question\">\r\n\t\t\t\t\t\t<h3 class=\"faq-item-question-text\">De quelle mani\u00e8re puis-je int\u00e9grer le plugin WordPress Google Reviews \u00e0 mon site Web ? <\/h3>\r\n\r\n\t\t\t\t\t\t<div class=\"faq-item-question-icon\"><\/div>\r\n\t\t\t\t\t<\/div>\r\n\r\n\t\t\t\t\t<div class=\"faq-item-answer\">\r\n\t\t\t\t\t\t<div class=\"faq-item-answer-text\"> <p>Vous \u00eates libre d&rsquo;ajouter le plugin Google Reviews \u00e0 votre site Web WordPress, et cela ne n\u00e9cessitera pas beaucoup d&rsquo;efforts. Ouvrez simplement le panneau d&rsquo;administrateur et effectuez les actions suivantes: <\/p><ol><li>Cliquez sur les param\u00e8tres du th\u00e8me. <\/li><li>S\u00e9lectionnez l&rsquo;\u00e9l\u00e9ment sur lequel vous souhaitez impl\u00e9menter votre plugin WordPress. <\/li><li>Int\u00e9grez votre code depuis Elfsight Apps et appliquez les ajustements. <\/li><li>Termin\u00e9. <\/li><\/ol><p>Gardez \u00e0 l&rsquo;esprit que si vous avez besoin de plus d&rsquo;informations sur le fonctionnement du widget pour WordPress, vous \u00eates invit\u00e9s \u00e0 visiter <a href=\"https:\/\/elfsight.com\/tutorials\/how-to-add-google-reviews-to-any-website-full-guide\/#google-reviews-wordpress\" target=\"_blank\" rel=\"noopener\">cette page<\/a>.<\/p><\/div>\r\n\t\t\t\t\t<\/div>\r\n\t\t\t\t<\/div> <div class=\"faq-item\">\r\n\t\t\t\t\t<div class=\"faq-item-question\">\r\n\t\t\t\t\t\t<h3 class=\"faq-item-question-text\">Puis-je tester votre Plugin WordPress Google Reviews lorsqu'il est utilis\u00e9 ?<\/h3>\r\n\r\n\t\t\t\t\t\t<div class=\"faq-item-question-icon\"><\/div>\r\n\t\t\t\t\t<\/div>\r\n\r\n\t\t\t\t\t<div class=\"faq-item-answer\">\r\n\t\t\t\t\t\t<div class=\"faq-item-answer-text\"> <p>Bien s\u00fbr\u00a0! Vous \u00eates invit\u00e9s \u00e0 tester le plug-in Google Reviews dans notre <a href=\"https:\/\/elfsight.com\/fr\/google-reviews-widget\/#demo\">d\u00e9mo<\/a> en ligne, qui peut \u00e9galement \u00eatre utilis\u00e9e pour ajouter le plug-in \u00e0 votre site WordPress.<\/p><\/div>\r\n\t\t\t\t\t<\/div>\r\n\t\t\t\t<\/div> <\/div><\/div><div class=\"application-platform-content-item-features application-platform-content-item\" id=\"features\" data-nav-section=\"features\"> <h2>Principales fonctionnalit\u00e9s du plugin Google Reviews<\/h2> <p>Pour bien comprendre Dans Google Business Reviews pour WordPress, vous pouvez consulter la liste des principales caract\u00e9ristiques. Ils rendent ce plugin WordPress Google Reviews incroyablement efficace pour votre site Web\u00a0: <\/p> <ul> <li>3 filtres pr\u00e9d\u00e9finis\u00a0: par type, exclusion par et quantit\u00e9 d&rsquo;avis \u00e0 afficher; <\/li> <li>4 dispositions pr\u00e9d\u00e9finies: liste, grille, ma\u00e7onnerie et curseur; <\/li> <li>Une opportunit\u00e9 d&rsquo;activer\/d\u00e9sactiver l&rsquo;en-t\u00eate du widget; <\/li> <li>Le bouton de demande de r\u00e9vision redirige les utilisateurs vers la page Google; <\/li> <li>Six \u00e9l\u00e9ments personnalisables des avis du plugin\u00a0: nom et photo de l&rsquo;auteur, recommandation, date, ic\u00f4ne Google et note par \u00e9toiles; <\/li> <li>Deux alternatives de sc\u00e9narios de refus de demande de r\u00e9vision: afficher un message texte ou masquer le bouton. <\/li> <\/ul><p><a href=\"#demo\">Pour explorer plus de fonctionnalit\u00e9s, voir la d\u00e9mo<\/a><\/p> <\/div> <div class=\"application-platform-content-item-installation application-platform-content-item\" id=\"installation\" data-nav-section=\"installation\"> <h2> Comment int\u00e9grer des avis Google sur un site Web WordPress<\/h2>\n<div class=\"video-container\"><iframe width=\"720\" height=\"405\" src=\"https:\/\/www.youtube.com\/embed\/s18Hg5h8U-E\" frameborder=\"0\" allowfullscreen=\"\"><\/iframe><\/div>\n<p>Suivez simplement plusieurs \u00e9tapes ci-dessous pour commencer \u00e0 travailler avec l&rsquo;outil sur WordPress.<\/p> <ol><li> <b>Lancez notre configurateur gratuit et commencez \u00e0 cr\u00e9er votre propre plugin.<\/b><br> D\u00e9terminez la forme et les fonctionnalit\u00e9s souhait\u00e9es des avis Google et enregistrez les modifications.<\/li> <li><b>Copiez le code unique r\u00e9v\u00e9l\u00e9 dans la fen\u00eatre sur Elfsight Apps.<\/b><br> Juste apr\u00e8s la configuration de votre plugin, copiez le code exclusif de la bo\u00eete qui appara\u00eet et conservez-le pour une utilisation ult\u00e9rieure.<\/li> <li><b>Commencez l&rsquo;utilisation du widget sur le site WordPress.<\/b><br> Placez le code dans votre page et enregistrez les modifications. <\/li> <li><b>La configuration a \u00e9t\u00e9 effectu\u00e9e avec succ\u00e8s.<\/b><br> Visitez votre site Web pour examiner le fonctionnement du plug-in Google Reviews.<\/li><\/ol> <p>Vous avez encore des doutes avec l&rsquo;int\u00e9gration des avis Google sur un site WordPress ? Ou rencontrez-vous d\u2019autres probl\u00e8mes ? Envoyez simplement votre demande \u00e0 notre service client et il vous aidera \u00e0 int\u00e9grer les avis Google dans votre site Web. <\/p> <\/div>\n","protected":false},"excerpt":{"rendered":"","protected":false},"author":12,"featured_media":0,"parent":693,"menu_order":0,"comment_status":"closed","ping_status":"closed","template":"templates\/template-application-platform.php","meta":{"publish_to_discourse":"","publish_post_category":"","wpdc_auto_publish_overridden":"","wpdc_topic_tags":"","wpdc_pin_topic":"","wpdc_pin_until":"","discourse_post_id":"","discourse_permalink":"","wpdc_publishing_response":"","wpdc_publishing_error":"","footnotes":""},"class_list":["post-3752","page","type-page","status-publish","hentry"],"yoast_head":"<!-- This site is optimized with the Yoast SEO plugin v25.3.1 - https:\/\/yoast.com\/wordpress\/plugins\/seo\/ -->\n<title>Avis Google - ajouter Plugin d\u2019avis Google sur WordPress<\/title>\n<meta name=\"description\" content=\"Int\u00e9grez des avis Google attractifs sur votre site WordPress. Appliquez la d\u00e9mo d&#039;Elfsight et g\u00e9n\u00e9rez votre plugin en deux minutes.\" \/>\n<meta name=\"robots\" content=\"index, follow, max-snippet:-1, max-image-preview:large, max-video-preview:-1\" \/>\n<link rel=\"canonical\" href=\"https:\/\/elfsight.com\/fr\/google-reviews-widget\/wordpress\/\" \/>\n<meta property=\"og:locale\" content=\"fr_FR\" \/>\n<meta property=\"og:type\" content=\"article\" \/>\n<meta property=\"og:title\" content=\"Avis Google - ajouter Plugin d\u2019avis Google sur WordPress\" \/>\n<meta property=\"og:description\" content=\"Int\u00e9grez des avis Google attractifs sur votre site WordPress. Appliquez la d\u00e9mo d&#039;Elfsight et g\u00e9n\u00e9rez votre plugin en deux minutes.\" \/>\n<meta property=\"og:url\" content=\"https:\/\/elfsight.com\/fr\/google-reviews-widget\/wordpress\/\" \/>\n<meta property=\"og:site_name\" content=\"Elfsight FR\" \/>\n<meta property=\"article:modified_time\" content=\"2024-12-25T08:26:46+00:00\" \/>\n<meta name=\"twitter:card\" content=\"summary_large_image\" \/>\n<meta name=\"twitter:label1\" content=\"Dur\u00e9e de lecture estim\u00e9e\" \/>\n\t<meta name=\"twitter:data1\" content=\"4 minutes\" \/>\n<!-- \/ Yoast SEO plugin. -->","yoast_head_json":{"title":"Avis Google - ajouter Plugin d\u2019avis Google sur WordPress","description":"Int\u00e9grez des avis Google attractifs sur votre site WordPress. Appliquez la d\u00e9mo d'Elfsight et g\u00e9n\u00e9rez votre plugin en deux minutes.","robots":{"index":"index","follow":"follow","max-snippet":"max-snippet:-1","max-image-preview":"max-image-preview:large","max-video-preview":"max-video-preview:-1"},"canonical":"https:\/\/elfsight.com\/fr\/google-reviews-widget\/wordpress\/","og_locale":"fr_FR","og_type":"article","og_title":"Avis Google - ajouter Plugin d\u2019avis Google sur WordPress","og_description":"Int\u00e9grez des avis Google attractifs sur votre site WordPress. Appliquez la d\u00e9mo d'Elfsight et g\u00e9n\u00e9rez votre plugin en deux minutes.","og_url":"https:\/\/elfsight.com\/fr\/google-reviews-widget\/wordpress\/","og_site_name":"Elfsight FR","article_modified_time":"2024-12-25T08:26:46+00:00","twitter_card":"summary_large_image","twitter_misc":{"Dur\u00e9e de lecture estim\u00e9e":"4 minutes"},"schema":{"@context":"https:\/\/schema.org","@graph":[{"@type":"WebPage","@id":"https:\/\/elfsight.com\/fr\/google-reviews-widget\/wordpress\/","url":"https:\/\/elfsight.com\/fr\/google-reviews-widget\/wordpress\/","name":"Avis Google - ajouter Plugin d\u2019avis Google sur WordPress","isPartOf":{"@id":"https:\/\/elfsight.com\/fr\/#website"},"datePublished":"2021-11-16T11:39:20+00:00","dateModified":"2024-12-25T08:26:46+00:00","description":"Int\u00e9grez des avis Google attractifs sur votre site WordPress. Appliquez la d\u00e9mo d'Elfsight et g\u00e9n\u00e9rez votre plugin en deux minutes.","breadcrumb":{"@id":"https:\/\/elfsight.com\/fr\/google-reviews-widget\/wordpress\/#breadcrumb"},"inLanguage":"fr-FR","potentialAction":[{"@type":"ReadAction","target":["https:\/\/elfsight.com\/fr\/google-reviews-widget\/wordpress\/"]}]},{"@type":"BreadcrumbList","@id":"https:\/\/elfsight.com\/fr\/google-reviews-widget\/wordpress\/#breadcrumb","itemListElement":[{"@type":"ListItem","position":1,"name":"Home","item":"https:\/\/elfsight.com\/fr\/"},{"@type":"ListItem","position":2,"name":"Google Reviews","item":"https:\/\/elfsight.com\/fr\/google-reviews-widget\/"},{"@type":"ListItem","position":3,"name":"Google Reviews &#8211; WordPress"}]},{"@type":"WebSite","@id":"https:\/\/elfsight.com\/fr\/#website","url":"https:\/\/elfsight.com\/fr\/","name":"Elfsight FR","description":"","potentialAction":[{"@type":"SearchAction","target":{"@type":"EntryPoint","urlTemplate":"https:\/\/elfsight.com\/fr\/?s={search_term_string}"},"query-input":{"@type":"PropertyValueSpecification","valueRequired":true,"valueName":"search_term_string"}}],"inLanguage":"fr-FR"}]}},"meta_box":{"industry":"","seo_heading":"","heading":"","description":"","cta_heading":"","cta_description":"","application":"686","h1":"Avis Google Plugin WordPress","h1_caption":"Int\u00e9grez les avis de votre \u00e9tablissement provenant de Google pour obtenir en toute transparence les meilleures impressions des clients dans votre exp\u00e9rience de site Web sur votre site Web WordPress, sans effort.","application_category":[],"applications_title":"","applications_request_title":"","applications_request_button_text":"","hero_text":"","hero_video":"","hero_video_schema_markup":"","selling_points_title":"","selling_points_caption":"","selling_points":[],"selling_points_cta_text":"","features_title":"","features":"","ed_cta_examples_text":"","ed_cta_examples_hidden":"","ed_cta_demo_text":"","ed_cta_demo_hidden":"","why_caption":"","why_editor_title":"","why_editor_text":"","why_team_title":"","why_team_text":"","why_service_title":"","why_service_text":"","template_catalog_visible":"0","template_catalog_title":"","template_catalog_text":"","template_catalog_categories_visible":"","demo_title":"Cr\u00e9ez votre plugin Google Avis","demo_caption":"Configurez vos avis Google et ajoutez-le gratuitement \u00e0 votre site WordPress !","default_faq_hidden":"","app_template_category":[],"platform":"18","template_public_id":"","codecanyon_url":"","codecanyon_item_id":"","codecanyon_price":"","pricing_caption":"","pricing_elfsight_apps_hide_column":"","pricing_elfsight_apps_url":"","pricing_codecanyon_price_caption":"","integration_category":[],"integration_request_title":"","integration_request_cta":"","integration_platform":"","integrations":[],"platform_category":[],"video_schema_markup":"","price":"\u00c0 partir de 0$ par mois","trial":"","benefits":[{"text":"Installation gratuite"},{"text":"Support Premium"},{"text":"Garantie de remboursement de 14 jours"},{"text":"L'am\u00e9lioration continue"}],"button_url":"#demo","button_target_blank":"0","button_nofollow":"0","attributes":[{"name":"Nombre d'installations","content":"1,000 - 5,000","_state":"expanded"},{"name":"Adaptif","content":"Oui","_state":"expanded"},{"name":"Navigateurs compatibles","content":"Firefox, Safari, Opera, Chrome, Edge","_state":"expanded"}],"tags":[],"tags_disable_links":"0","hide_more_platforms":"","video_object":"","demo_hide_cta":"0","demo_hide_cloud_options":"0","pricing_title":"","pricing":[{"pricing_icon":"platform","pricing_title":"Applications d'Elfsight","pricing_title_caption":"Solution num\u00e9rique multiplateforme qui fonctionne sur n'importe quel site","pricing_price":"\u00c0 partir de $0\/mois","pricing_price_caption":"Commencez avec un plan gratuit","pricing_benefits":[{"text":"Sites Web illimit\u00e9s"},{"text":"\u00c9quipe d'assistance professionnelle"},{"text":"Service d'installation gratuit"},{"text":"100% personnalisable"}],"pricing_button_text":"Ajouter au site Web","pricing_button_url":"https:\/\/apps.elfsight.com\/sign-up\/","pricing_button_nofollow":"1","_state":"expanded"}],"related_apps_title":"","related_apps_hidden":"1","author":"","image":[],"title":"","job":"","social_networks":[]},"_links":{"self":[{"href":"https:\/\/elfsight.com\/fr\/wp-json\/wp\/v2\/pages\/3752","targetHints":{"allow":["GET"]}}],"collection":[{"href":"https:\/\/elfsight.com\/fr\/wp-json\/wp\/v2\/pages"}],"about":[{"href":"https:\/\/elfsight.com\/fr\/wp-json\/wp\/v2\/types\/page"}],"author":[{"embeddable":true,"href":"https:\/\/elfsight.com\/fr\/wp-json\/wp\/v2\/users\/12"}],"replies":[{"embeddable":true,"href":"https:\/\/elfsight.com\/fr\/wp-json\/wp\/v2\/comments?post=3752"}],"version-history":[{"count":4,"href":"https:\/\/elfsight.com\/fr\/wp-json\/wp\/v2\/pages\/3752\/revisions"}],"predecessor-version":[{"id":16071,"href":"https:\/\/elfsight.com\/fr\/wp-json\/wp\/v2\/pages\/3752\/revisions\/16071"}],"up":[{"embeddable":true,"href":"https:\/\/elfsight.com\/fr\/wp-json\/wp\/v2\/pages\/693"}],"wp:attachment":[{"href":"https:\/\/elfsight.com\/fr\/wp-json\/wp\/v2\/media?parent=3752"}],"curies":[{"name":"wp","href":"https:\/\/api.w.org\/{rel}","templated":true}]}}