{"id":3751,"date":"2021-11-16T11:39:25","date_gmt":"2021-11-16T11:39:25","guid":{"rendered":"https:\/\/elfsight.com\/fr\/?page_id=3751"},"modified":"2024-11-08T14:29:47","modified_gmt":"2024-11-08T14:29:47","slug":"wordpress","status":"publish","type":"page","link":"https:\/\/elfsight.com\/fr\/social-feed-widget\/wordpress\/","title":{"rendered":"Social Feed &#8211; WordPress"},"content":{"rendered":"<div class=\"application-platform-content-item-description application-platform-content-item\" id=\"description\" data-nav-section=\"description\"> <h2>Int\u00e9grez le flux social sur WordPress avec le widget Elfsight<\/h2> <p>Elfsight Social Feed pour WordPress est un plugin pour le marketing pas seulement des produits. , mais des \u00e9motions et des exp\u00e9riences. En l&rsquo;utilisant, vous pouvez cr\u00e9er un flux personnalis\u00e9 compos\u00e9 du contenu de divers m\u00e9dias sociaux : Instagram, Pinterest, Facebook, Twitter, Tumblr, YouTube, Vimeo &#8211; et le pr\u00e9senter directement sur votre site Web. Construisez une galerie ou un catalogue de produits en 1-2-3\u00a0! Exercez un contr\u00f4le complet sur un contenu d\u00e9montr\u00e9 avec diverses options de filtrage et d\u00e9barrassez-vous du spam et de tout contenu ind\u00e9sirable gr\u00e2ce \u00e0 la mod\u00e9ration manuelle. L&rsquo;\u00e9diteur en ligne totalement r\u00e9actif vous propose diff\u00e9rents mod\u00e8les \u00e0 choisir. <\/p> <p><b>Rendez votre site plus efficace pour les cibles de commerce \u00e9lectronique avec Social Wall<\/b><\/p> <\/div> <div class=\"faq\" data-component=\"FAQ\"><div class=\"faq-item\">\r\n\t\t\t\t\t<div class=\"faq-item-question\">\r\n\t\t\t\t\t\t<h3 class=\"faq-item-question-text\">De quelle mani\u00e8re puis-je int\u00e9grer un flux de m\u00e9dias sociaux au site WordPress ?<\/h3>\r\n\r\n\t\t\t\t\t\t<div class=\"faq-item-question-icon\"><\/div>\r\n\t\t\t\t\t<\/div>\r\n\r\n\t\t\t\t\t<div class=\"faq-item-answer\">\r\n\t\t\t\t\t\t<div class=\"faq-item-answer-text\"><p>La construction du widget s&rsquo;effectue sur les pages Elfsight et il n&rsquo;est pas n\u00e9cessaire d&rsquo;apprendre le codage. Utilisez notre d\u00e9mo en ligne pour fa\u00e7onner votre application, obtenir le code et l&rsquo;impl\u00e9menter sur votre site Web. <\/p><\/div>\r\n\t\t\t\t\t<\/div>\r\n\t\t\t\t<\/div><div class=\"faq-item\">\r\n\t\t\t\t\t<div class=\"faq-item-question\">\r\n\t\t\t\t\t\t<h3 class=\"faq-item-question-text\">Comment puis-je obtenir un flux Instagram ou un flux Facebook \u00e0 l'aide de vos plugins ?<\/h3>\r\n\r\n\t\t\t\t\t\t<div class=\"faq-item-question-icon\"><\/div>\r\n\t\t\t\t\t<\/div>\r\n\r\n\t\t\t\t\t<div class=\"faq-item-answer\">\r\n\t\t\t\t\t\t<div class=\"faq-item-answer-text\"><p>Une pl\u00e9thore de mod\u00e8les est applicable\u00a0: flux, galerie, grille , ma\u00e7onnerie, liste et bien plus encore, ainsi que des ajustements de disposition mall\u00e9ables pour s&rsquo;harmoniser avec vos conditions. Vous \u00eates invit\u00e9s \u00e0 cr\u00e9er presque tous les outils dont vous avez besoin. <\/p><\/div>\r\n\t\t\t\t\t<\/div>\r\n\t\t\t\t<\/div><div class=\"faq-item\">\r\n\t\t\t\t\t<div class=\"faq-item-question\">\r\n\t\t\t\t\t\t<h3 class=\"faq-item-question-text\">Pourquoi mon flux Social Wall ne fonctionne-t-il pas \/ n'est-il pas mis \u00e0 jour ?<\/h3>\r\n\r\n\t\t\t\t\t\t<div class=\"faq-item-question-icon\"><\/div>\r\n\t\t\t\t\t<\/div>\r\n\r\n\t\t\t\t\t<div class=\"faq-item-answer\">\r\n\t\t\t\t\t\t<div class=\"faq-item-answer-text\"><p>Si vous rencontrez des probl\u00e8mes avec les widgets sociaux, adressez-vous au support client. . Le support est absolument gratuit pour tous les clients Elfsight. <\/p><\/div>\r\n\t\t\t\t\t<\/div>\r\n\t\t\t\t<\/div><\/div><div class=\"application-platform-content-item-features application-platform-content-item\" id=\"features\" data-nav-section=\"features\"> <h2>Les fonctionnalit\u00e9s les plus importantes du plugin incluent<\/h2> <ul><li>Pr\u00e9sentez votre contenu de r\u00e9seaux sociaux \u00e0 partir de divers r\u00e9seaux sociaux. <\/li><li>D\u00e9barrassez-vous de tout spam et contenu ind\u00e9sirable via le mode de mod\u00e9ration manuelle. <\/li><li>D\u00e9finissez le bouton Suivre sur le flux du widget. <\/li><li>Permettez que vos messages soient affich\u00e9s dans une fen\u00eatre contextuelle. <\/li><\/ul><p><a href=\"#demo\">Vous pouvez essayer toutes les fonctionnalit\u00e9s du plugin dans la d\u00e9mo sur cette page<\/a><\/p> <\/div> <div class=\"application-platform-content-item-installation application-platform-content-item\" id=\"installation\" data-nav-section=\"installation\"> <h2>Comment puis-je ajouter le plugin Social Media Feed \u00e0 mon site WordPress\u00a0? <\/h2> <p>Suivez simplement les instructions ci-dessous pour int\u00e9grer le plugin. <\/p> <ol><li><b>Ex\u00e9cutez notre configurateur gratuit et commencez \u00e0 construire votre instrument personnalis\u00e9. <\/b><br> D\u00e9terminer la forme s\u00e9lectionn\u00e9e et les caract\u00e9ristiques fonctionnelles de l&rsquo;outil et appliquer les corrections. <\/li> <li><b>Copiez le code individuel qui appara\u00eet dans le formulaire sp\u00e9cial sur Elfsight Apps. <\/b><br> Une fois la configuration de votre plugin personnel termin\u00e9e, copiez le code individuel dans la case qui appara\u00eet et enregistrez-le pour une utilisation ult\u00e9rieure. <\/li> <li><b>Initiez l&rsquo;utilisation du plugin Social Wall sur votre page Web WordPress. <\/b><br> Ajoutez le code enregistr\u00e9 r\u00e9cemment dans votre page Web et appliquez les modifications. <\/li> <li><b>L&rsquo;installation est enti\u00e8rement termin\u00e9e. <\/b><br> Visitez votre page Web pour voir en action les performances de l&rsquo;outil. <\/li><\/ol> <p>\u00c0 condition d&rsquo;\u00eatre confront\u00e9 \u00e0 des questions ou de rencontrer quelques difficult\u00e9s, n&rsquo;h\u00e9sitez pas \u00e0 faire appel \u00e0 notre service client. Nos sp\u00e9cialistes se feront un plaisir de r\u00e9soudre toutes les difficult\u00e9s que vous pourriez rencontrer avec le produit. <\/p> <\/div>","protected":false},"excerpt":{"rendered":"","protected":false},"author":12,"featured_media":0,"parent":2785,"menu_order":0,"comment_status":"closed","ping_status":"closed","template":"templates\/template-application-platform.php","meta":{"publish_to_discourse":"","publish_post_category":"","wpdc_auto_publish_overridden":"","wpdc_topic_tags":"","wpdc_pin_topic":"","wpdc_pin_until":"","discourse_post_id":"","discourse_permalink":"","wpdc_publishing_response":"","wpdc_publishing_error":"","footnotes":""},"class_list":["post-3751","page","type-page","status-publish","hentry"],"yoast_head":"<!-- This site is optimized with the Yoast SEO plugin v25.3.1 - https:\/\/yoast.com\/wordpress\/plugins\/seo\/ -->\n<title>Flux Social - ajouter plugin R\u00e9seau Social sur WordPress<\/title>\n<meta name=\"description\" content=\"Int\u00e9grez un Flux Social attractif sur votre site WordPress. Appliquez la d\u00e9mo d&#039;Elfsight et g\u00e9n\u00e9rez votre plugin en deux minutes.\" \/>\n<meta name=\"robots\" content=\"index, follow, max-snippet:-1, max-image-preview:large, max-video-preview:-1\" \/>\n<link rel=\"canonical\" href=\"https:\/\/elfsight.com\/fr\/social-feed-widget\/wordpress\/\" \/>\n<meta property=\"og:locale\" content=\"fr_FR\" \/>\n<meta property=\"og:type\" content=\"article\" \/>\n<meta property=\"og:title\" content=\"Flux Social - ajouter plugin R\u00e9seau Social sur WordPress\" \/>\n<meta property=\"og:description\" content=\"Int\u00e9grez un Flux Social attractif sur votre site WordPress. Appliquez la d\u00e9mo d&#039;Elfsight et g\u00e9n\u00e9rez votre plugin en deux minutes.\" \/>\n<meta property=\"og:url\" content=\"https:\/\/elfsight.com\/fr\/social-feed-widget\/wordpress\/\" \/>\n<meta property=\"og:site_name\" content=\"Elfsight FR\" \/>\n<meta property=\"article:modified_time\" content=\"2024-11-08T14:29:47+00:00\" \/>\n<meta name=\"twitter:card\" content=\"summary_large_image\" \/>\n<meta name=\"twitter:label1\" content=\"Dur\u00e9e de lecture estim\u00e9e\" \/>\n\t<meta name=\"twitter:data1\" content=\"1 minute\" \/>\n<!-- \/ Yoast SEO plugin. -->","yoast_head_json":{"title":"Flux Social - ajouter plugin R\u00e9seau Social sur WordPress","description":"Int\u00e9grez un Flux Social attractif sur votre site WordPress. Appliquez la d\u00e9mo d'Elfsight et g\u00e9n\u00e9rez votre plugin en deux minutes.","robots":{"index":"index","follow":"follow","max-snippet":"max-snippet:-1","max-image-preview":"max-image-preview:large","max-video-preview":"max-video-preview:-1"},"canonical":"https:\/\/elfsight.com\/fr\/social-feed-widget\/wordpress\/","og_locale":"fr_FR","og_type":"article","og_title":"Flux Social - ajouter plugin R\u00e9seau Social sur WordPress","og_description":"Int\u00e9grez un Flux Social attractif sur votre site WordPress. Appliquez la d\u00e9mo d'Elfsight et g\u00e9n\u00e9rez votre plugin en deux minutes.","og_url":"https:\/\/elfsight.com\/fr\/social-feed-widget\/wordpress\/","og_site_name":"Elfsight FR","article_modified_time":"2024-11-08T14:29:47+00:00","twitter_card":"summary_large_image","twitter_misc":{"Dur\u00e9e de lecture estim\u00e9e":"1 minute"},"schema":{"@context":"https:\/\/schema.org","@graph":[{"@type":"WebPage","@id":"https:\/\/elfsight.com\/fr\/social-feed-widget\/wordpress\/","url":"https:\/\/elfsight.com\/fr\/social-feed-widget\/wordpress\/","name":"Flux Social - ajouter plugin R\u00e9seau Social sur WordPress","isPartOf":{"@id":"https:\/\/elfsight.com\/fr\/#website"},"datePublished":"2021-11-16T11:39:25+00:00","dateModified":"2024-11-08T14:29:47+00:00","description":"Int\u00e9grez un Flux Social attractif sur votre site WordPress. Appliquez la d\u00e9mo d'Elfsight et g\u00e9n\u00e9rez votre plugin en deux minutes.","breadcrumb":{"@id":"https:\/\/elfsight.com\/fr\/social-feed-widget\/wordpress\/#breadcrumb"},"inLanguage":"fr-FR","potentialAction":[{"@type":"ReadAction","target":["https:\/\/elfsight.com\/fr\/social-feed-widget\/wordpress\/"]}]},{"@type":"BreadcrumbList","@id":"https:\/\/elfsight.com\/fr\/social-feed-widget\/wordpress\/#breadcrumb","itemListElement":[{"@type":"ListItem","position":1,"name":"Home","item":"https:\/\/elfsight.com\/fr\/"},{"@type":"ListItem","position":2,"name":"Social Feed","item":"https:\/\/elfsight.com\/fr\/social-feed-widget\/"},{"@type":"ListItem","position":3,"name":"Social Feed &#8211; WordPress"}]},{"@type":"WebSite","@id":"https:\/\/elfsight.com\/fr\/#website","url":"https:\/\/elfsight.com\/fr\/","name":"Elfsight FR","description":"","potentialAction":[{"@type":"SearchAction","target":{"@type":"EntryPoint","urlTemplate":"https:\/\/elfsight.com\/fr\/?s={search_term_string}"},"query-input":{"@type":"PropertyValueSpecification","valueRequired":true,"valueName":"search_term_string"}}],"inLanguage":"fr-FR"}]}},"meta_box":{"industry":"","seo_heading":"","heading":"","description":"","cta_heading":"","cta_description":"","application":"2784","h1":"Plugin Flux Social WordPress","h1_caption":"Regroupez le contenu de plusieurs plateformes de m\u00e9dias sociaux en un seul flux dynamique, offrant ainsi \u00e0 vos visiteurs un contenu frais et attrayant sur votre site Web WordPress sans effort.","application_category":[],"applications_title":"","applications_request_title":"","applications_request_button_text":"","hero_text":"","hero_video":"","hero_video_schema_markup":"","selling_points_title":"","selling_points_caption":"","selling_points":[],"selling_points_cta_text":"","features_title":"","features":"","ed_cta_examples_text":"","ed_cta_examples_hidden":"","ed_cta_demo_text":"","ed_cta_demo_hidden":"","why_caption":"","why_editor_title":"","why_editor_text":"","why_team_title":"","why_team_text":"","why_service_title":"","why_service_text":"","template_catalog_visible":"","template_catalog_title":"","template_catalog_text":"","template_catalog_categories_visible":"","demo_title":"Cr\u00e9ez votre plugin de flux social","demo_caption":"Configurez votre flux social et ajoutez-le \u00e0 votre site WordPress gratuitement !","default_faq_hidden":"","app_template_category":[],"platform":"18","template_public_id":"","codecanyon_url":"","codecanyon_item_id":"","codecanyon_price":"","pricing_caption":"","pricing_elfsight_apps_hide_column":"","pricing_elfsight_apps_url":"","pricing_codecanyon_price_caption":"","integration_category":[],"integration_request_title":"","integration_request_cta":"","integration_platform":"","integrations":[],"platform_category":[],"video_schema_markup":"","price":"\u00c0 partir de 0$ par mois","trial":"","benefits":[{"text":"Installation gratuite"},{"text":"Support Premium"},{"text":"Garantie de remboursement de 14 jours"},{"text":"L'am\u00e9lioration continue"}],"button_url":"#demo","button_target_blank":"0","button_nofollow":"0","attributes":[{"name":"Nombre d'installations","content":"1,000 - 5,000","_state":"expanded"},{"name":"Adaptif","content":"Oui","_state":"expanded"},{"name":"Navigateurs compatibles","content":"Firefox, Safari, Opera, Chrome, Edge","_state":"expanded"}],"tags":[],"tags_disable_links":"0","hide_more_platforms":"","video_object":"","demo_hide_cta":"0","demo_hide_cloud_options":"0","pricing_title":"","pricing":[{"pricing_icon":"platform","pricing_title":"Applications d'Elfsight","pricing_title_caption":"Solution num\u00e9rique multiplateforme qui fonctionne sur n'importe quel site","pricing_price":"\u00c0 partir de $0\/mois","pricing_price_caption":"Commencez avec un plan gratuit","pricing_benefits":[{"text":"Sites Web illimit\u00e9s"},{"text":"\u00c9quipe d'assistance professionnelle"},{"text":"Service d'installation gratuit"},{"text":"100% personnalisable"}],"pricing_button_text":"Ajouter au site Web","pricing_button_url":"https:\/\/apps.elfsight.com\/sign-up\/","pricing_button_nofollow":"1","_state":"expanded"}],"related_apps_title":"","related_apps_hidden":"1","author":"","image":[],"title":"","job":"","social_networks":[]},"_links":{"self":[{"href":"https:\/\/elfsight.com\/fr\/wp-json\/wp\/v2\/pages\/3751","targetHints":{"allow":["GET"]}}],"collection":[{"href":"https:\/\/elfsight.com\/fr\/wp-json\/wp\/v2\/pages"}],"about":[{"href":"https:\/\/elfsight.com\/fr\/wp-json\/wp\/v2\/types\/page"}],"author":[{"embeddable":true,"href":"https:\/\/elfsight.com\/fr\/wp-json\/wp\/v2\/users\/12"}],"replies":[{"embeddable":true,"href":"https:\/\/elfsight.com\/fr\/wp-json\/wp\/v2\/comments?post=3751"}],"version-history":[{"count":4,"href":"https:\/\/elfsight.com\/fr\/wp-json\/wp\/v2\/pages\/3751\/revisions"}],"predecessor-version":[{"id":14080,"href":"https:\/\/elfsight.com\/fr\/wp-json\/wp\/v2\/pages\/3751\/revisions\/14080"}],"up":[{"embeddable":true,"href":"https:\/\/elfsight.com\/fr\/wp-json\/wp\/v2\/pages\/2785"}],"wp:attachment":[{"href":"https:\/\/elfsight.com\/fr\/wp-json\/wp\/v2\/media?parent=3751"}],"curies":[{"name":"wp","href":"https:\/\/api.w.org\/{rel}","templated":true}]}}