{"id":3739,"date":"2021-11-15T08:58:23","date_gmt":"2021-11-15T08:58:23","guid":{"rendered":"https:\/\/elfsight.com\/fr\/?page_id=3739"},"modified":"2024-11-11T11:08:17","modified_gmt":"2024-11-11T11:08:17","slug":"wordpress","status":"publish","type":"page","link":"https:\/\/elfsight.com\/fr\/instagram-feed-instashow\/wordpress\/","title":{"rendered":"Instagram Feed &#8211; WordPress"},"content":{"rendered":"<div class=\"application-platform-content-item-description application-platform-content-item\" id=\"description\" data-nav-section=\"description\"><h2>Int\u00e9grer le flux Instagram sur WordPress avec le plugin Elfsight<\/h2> <p>Plus de 60 param\u00e8tres variables de l&rsquo;incroyable flux Instagram InstaShow pour WordPress seront certainement aidez \u00e0 montrer \u00e0 votre public le meilleur de vous-m\u00eame. Pr\u00e9sentez des photos de votre compte personnel ou changez les couleurs des \u00e9l\u00e9ments du plugin, personnalisez l&rsquo;interface utilisateur et la structure du plugin &#8211; incarnez tous les d\u00e9sirs cr\u00e9atifs. Trouvez le look le plus appropri\u00e9 pour les photos de votre profil et ajoutez Instagram \u00e0 WordPress en quelques secondes\u00a0!<\/p> <p><b>Profitez des sch\u00e9mas de couleurs les plus flexibles, de plus de 60\u00a0param\u00e8tres r\u00e9glables et de cas d&rsquo;utilisation impressionnants pour WordPress\u00a0!<\/b><\/p> <div class=\"faq\" data-component=\"FAQ\"> <div class=\"faq-item\">\r\n\t\t\t\t\t<div class=\"faq-item-question\">\r\n\t\t\t\t\t\t<h3 class=\"faq-item-question-text\">Quels autres plugins pour WordPress avez-vous ?<\/h3>\r\n\r\n\t\t\t\t\t\t<div class=\"faq-item-question-icon\"><\/div>\r\n\t\t\t\t\t<\/div>\r\n\r\n\t\t\t\t\t<div class=\"faq-item-answer\">\r\n\t\t\t\t\t\t<div class=\"faq-item-answer-text\"> <p>Vous \u00eates invit\u00e9s \u00e0 tester une pl\u00e9thore de plugins pour n&rsquo;importe quel objectif sur votre site, quel que soit votre secteur d&rsquo;activit\u00e9. Voyez par vous-m\u00eame\u00a0: <a href=\"https:\/\/elfsight.com\/whatsapp-chat-widget\/wordpress\/\">WhatsApp Chat<\/a>, <a href=\"https:\/\/elfsight.com\/facebook-chat -widget\/wordpress\/\">Facebook Chat<\/a>, <a href=\"https:\/\/elfsight.com\/google-reviews-widget\/wordpress\/\">Avis Google<\/a>, <a href=\"https:\/\/elfsight.com\/testimonials-slider-widget\/wordpress\/\">Curseur de t\u00e9moignages<\/a>, <a href=\"https:\/\/elfsight.com\/youtube-channel-plugin-yottie\/wordpress\/\">YouTube Galerie<\/a>.<\/p> <\/div>\r\n\t\t\t\t\t<\/div>\r\n\t\t\t\t<\/div> <div class=\"faq-item\">\r\n\t\t\t\t\t<div class=\"faq-item-question\">\r\n\t\t\t\t\t\t<h3 class=\"faq-item-question-text\">Comment int\u00e9grer le flux Instagram gratuitement sur WordPress ?<\/h3>\r\n\r\n\t\t\t\t\t\t<div class=\"faq-item-question-icon\"><\/div>\r\n\t\t\t\t\t<\/div>\r\n\r\n\t\t\t\t\t<div class=\"faq-item-answer\">\r\n\t\t\t\t\t\t<div class=\"faq-item-answer-text\"> <ol><p>Ajout d&rsquo;un <a href=\"https:\/\/elfsight. com\/blog\/how-to-embed-instagram-feed-on-website\/\">Site Web Instagram<\/a> Le flux vers votre site Web augmente son attrait visuel et favorise l&rsquo;interaction des utilisateurs.<\/p><ol><li>Pour int\u00e9grez gratuitement un flux Instagram Elfsight sur WordPress, visitez le site Web Elfsight et cr\u00e9ez un compte gratuit.<\/li><li>Tirez le meilleur parti du plugin gratuit Instagram en personnalisant son apparence et ses param\u00e8tres pour les harmoniser avec ceux de votre site WordPress. design.<\/li><li>Une fois que vous avez affin\u00e9 gratuitement votre flux Instagram, copiez le code d&rsquo;int\u00e9gration distinctif et ins\u00e9rez-le dans le code HTML de votre site Web WordPress \u00e0 l&#8217;emplacement souhait\u00e9.<\/li><\/ol><p>En int\u00e9grant votre flux Instagram \u00e0 votre site Web WordPress, vous renforcerez son attrait visuel et favoriserez une interaction continue avec les utilisateurs. Profitez des avantages du plugin Instagram Elfsight sans d\u00e9penser un centime\u00a0!<\/p><\/ol><\/div>\r\n\t\t\t\t\t<\/div>\r\n\t\t\t\t<\/div> <div class=\"faq-item\">\r\n\t\t\t\t\t<div class=\"faq-item-question\">\r\n\t\t\t\t\t\t<h3 class=\"faq-item-question-text\">Puis-je tester votre flux Instagram en action ?<\/h3>\r\n\r\n\t\t\t\t\t\t<div class=\"faq-item-question-icon\"><\/div>\r\n\t\t\t\t\t<\/div>\r\n\r\n\t\t\t\t\t<div class=\"faq-item-answer\">\r\n\t\t\t\t\t\t<div class=\"faq-item-answer-text\"> <p>Oui, bien s\u00fbr. Vous \u00eates invit\u00e9s \u00e0 utiliser notre d\u00e9mo en direct pour voir le plugin en direct en action. \u00c0 propos, vous pouvez utiliser la <a href=\"https:\/\/elfsight.com\/instagram-feed-instashow\/#demo\">d\u00e9mo<\/a> pour ajouter le plugin Instagram Feed \u00e0 votre site Web WordPress.<\/p><\/div>\r\n\t\t\t\t\t<\/div>\r\n\t\t\t\t<\/div> <\/div><\/div> <div class=\"application-platform-content-item-features application-platform-content-item\" id=\"features\" data-nav-section=\"features\"> <h2>Principales fonctionnalit\u00e9s du flux Instagram par Elfsight<\/h2><p>Int\u00e9grez le flux Instagram sur WordPress en quelques secondes avec l&rsquo;aide de notre brancher. La cr\u00e9ation ne prend que quelques secondes et vous b\u00e9n\u00e9ficiez de nombreux avantages sans programmation.<\/p><ul><li><b>Compte Instagram personnel ou professionnel<\/b>.<br>Affichez le contenu vid\u00e9o et photo de votre compte Instagram personnel ou professionnel. Compte Instagram professionnel.<\/li><li><b>Filtres de flux<\/b>.<br>Filtres avec deux options\u00a0: \u00ab sauf \u00bb pour mod\u00e9rer votre flux et \u00ab uniquement \u00bb pour afficher des photos sp\u00e9cifiques. <\/li><li><b>Mobile Responsive<\/b>.<br>Adaptable \u00e0 n&rsquo;importe quelle r\u00e9solution d&rsquo;\u00e9cran\u00a0: le widget affichera le contenu de la meilleure fa\u00e7on possible. <\/li><li><b>Mise en page pr\u00e9d\u00e9finie<\/b>.<br>Curseurs ou grilles et 8 mod\u00e8les de publication pr\u00e9d\u00e9finis &#8211; du Tile au Classic.<\/li><li><p><strong>Augmentez le temps pass\u00e9 sur un site Web.<\/strong><br>Les gens font d\u00e9filer les publications et profitent de photos attrayantes plus longtemps.<\/p><\/li><li><p><strong>Le widget stimule l&rsquo;engagement.<\/strong><br>Les visiteurs du site interagissent avec cet outil familier et vous b\u00e9n\u00e9ficiez d&rsquo;une plus grande implication.<\/p><\/li><li><p><strong>Cela fait de votre site Web une plaque tournante pour les plateformes sociales.<\/strong><br> C&rsquo;est une bonne id\u00e9e de pr\u00e9senter le contenu des r\u00e9seaux sociaux directement sur votre site et d&rsquo;attirer plus d&rsquo;abonn\u00e9s sur les plateformes sociales.<\/p><\/li><li><p><strong>Le flux Instagram devient une partie int\u00e9grante de la conception du site.<\/strong><br>Gr\u00e2ce \u00e0 toutes les options de personnalisation, vous pouvez cr\u00e9er une galerie de photos qui correspond parfaitement \u00e0 l&rsquo;apparence et \u00e0 la convivialit\u00e9 du site.<\/p><\/li><li><p><strong>Pas besoin de \u00e9tudiez l&rsquo;API Instagram.<\/strong><br>Il existe toujours une option pour regrouper le contenu Instagram sur un site Web \u00e0 l&rsquo;aide d&rsquo;une API officielle, mais la cr\u00e9ation d&rsquo;une telle grille prendra beaucoup de temps.<\/p><\/li> <li><p><strong>Augmentez la confiance dans votre marque.<\/strong><br>Lorsque vous \u00eates coh\u00e9rent sur la plate-forme populaire et que vous y recevez de bons avis, cela permet de garantir aux acheteurs potentiels que vous \u00eates une marque digne de confiance.<\/p><\/li><li><p><strong>Le plugin embellit votre site Web.<\/strong><br>Les profils Instagram sont toujours \u00e9tonnants et convertissants. Int\u00e9grez Instagram sur WordPress et g\u00e9n\u00e9rez plus de ventes, et d\u00e9corez votre site Web.<\/p><\/li><\/ul><p><a href=\"#demo\">Essayez simplement cette d\u00e9mo pour voir comment elle fonctionne <\/a><\/p><\/div> <div class=\"application-platform-content-item-installation application-platform-content-item\" id=\"installation\" data-nav-section=\"installation\"> <h2>Comment int\u00e9grer le flux Instagram sur mon site WordPress\u00a0? <\/h2><div class=\"video-container\"><iframe width=\"720\" height=\"405\" src=\"https:\/\/www.youtube.com\/embed\/HIGFce-qXhE\" frameborder=\"0\" allowfullscreen=\"\"><\/iframe><\/div><p>Suivez simplement les \u00e9tapes pr\u00e9sent\u00e9es ci-dessous pour int\u00e9grer le code Instagram.<\/p> <ol><li><b>Lancez notre \u00e9diteur gratuit et commencez \u00e0 cr\u00e9er le v\u00f4tre plugin.<\/b><br> Sp\u00e9cifiez l&rsquo;apparence souhaitable et les caract\u00e9ristiques fonctionnelles de l&rsquo;outil et appliquez les modifications. <\/li> <li><b>R\u00e9cup\u00e9rez le code individuel qui appara\u00eet dans le formulaire sp\u00e9cial sur Elfsight Apps. <\/b><br> Juste apr\u00e8s la configuration de votre plugin, copiez le code individuel de la bo\u00eete qui appara\u00eet et enregistrez-le pour un besoin futur. <\/li> <li><b>Commencez \u00e0 utiliser le plugin sur votre site WordPress. <\/b><br> Int\u00e9grez le code du plugin copi\u00e9 pr\u00e9c\u00e9demment dans votre page et enregistrez les am\u00e9liorations. <\/li> <li><b>La configuration est r\u00e9ussie. <\/b><br> Rendez-vous sur votre site internet pour observer le fonctionnement du plugin WordPress Instagram Feed. <\/li><\/ol> <p>Si vous avez encore des questions sur la fa\u00e7on d&rsquo;ajouter le plugin de flux Instagram \u00e0 WordPress, n&rsquo;h\u00e9sitez pas \u00e0 contacter notre \u00e9quipe d&rsquo;assistance. Ils se feront un plaisir de r\u00e9soudre toutes les difficult\u00e9s que vous pourriez rencontrer avec le produit. <\/p> <\/div>","protected":false},"excerpt":{"rendered":"","protected":false},"author":12,"featured_media":0,"parent":725,"menu_order":0,"comment_status":"closed","ping_status":"closed","template":"templates\/template-application-platform.php","meta":{"publish_to_discourse":"","publish_post_category":"","wpdc_auto_publish_overridden":"","wpdc_topic_tags":"","wpdc_pin_topic":"","wpdc_pin_until":"","discourse_post_id":"","discourse_permalink":"","wpdc_publishing_response":"","wpdc_publishing_error":"","footnotes":""},"class_list":["post-3739","page","type-page","status-publish","hentry"],"yoast_head":"<!-- This site is optimized with the Yoast SEO plugin v25.3.1 - https:\/\/yoast.com\/wordpress\/plugins\/seo\/ -->\n<title>Flux Instagram - ajouter plugin Feed Instagram sur WordPress<\/title>\n<meta name=\"description\" content=\"Int\u00e9grez un Flux Instagram attractif sur votre site WordPress. Appliquez la d\u00e9mo d&#039;Elfsight et g\u00e9n\u00e9rez votre plugin en 2 minutes.\" \/>\n<meta name=\"robots\" content=\"index, follow, max-snippet:-1, max-image-preview:large, max-video-preview:-1\" \/>\n<link rel=\"canonical\" href=\"https:\/\/elfsight.com\/fr\/instagram-feed-instashow\/wordpress\/\" \/>\n<meta property=\"og:locale\" content=\"fr_FR\" \/>\n<meta property=\"og:type\" content=\"article\" \/>\n<meta property=\"og:title\" content=\"Flux Instagram - ajouter plugin Feed Instagram sur WordPress\" \/>\n<meta property=\"og:description\" content=\"Int\u00e9grez un Flux Instagram attractif sur votre site WordPress. Appliquez la d\u00e9mo d&#039;Elfsight et g\u00e9n\u00e9rez votre plugin en 2 minutes.\" \/>\n<meta property=\"og:url\" content=\"https:\/\/elfsight.com\/fr\/instagram-feed-instashow\/wordpress\/\" \/>\n<meta property=\"og:site_name\" content=\"Elfsight FR\" \/>\n<meta property=\"article:modified_time\" content=\"2024-11-11T11:08:17+00:00\" \/>\n<meta name=\"twitter:card\" content=\"summary_large_image\" \/>\n<meta name=\"twitter:label1\" content=\"Dur\u00e9e de lecture estim\u00e9e\" \/>\n\t<meta name=\"twitter:data1\" content=\"2 minutes\" \/>\n<!-- \/ Yoast SEO plugin. -->","yoast_head_json":{"title":"Flux Instagram - ajouter plugin Feed Instagram sur WordPress","description":"Int\u00e9grez un Flux Instagram attractif sur votre site WordPress. Appliquez la d\u00e9mo d'Elfsight et g\u00e9n\u00e9rez votre plugin en 2 minutes.","robots":{"index":"index","follow":"follow","max-snippet":"max-snippet:-1","max-image-preview":"max-image-preview:large","max-video-preview":"max-video-preview:-1"},"canonical":"https:\/\/elfsight.com\/fr\/instagram-feed-instashow\/wordpress\/","og_locale":"fr_FR","og_type":"article","og_title":"Flux Instagram - ajouter plugin Feed Instagram sur WordPress","og_description":"Int\u00e9grez un Flux Instagram attractif sur votre site WordPress. Appliquez la d\u00e9mo d'Elfsight et g\u00e9n\u00e9rez votre plugin en 2 minutes.","og_url":"https:\/\/elfsight.com\/fr\/instagram-feed-instashow\/wordpress\/","og_site_name":"Elfsight FR","article_modified_time":"2024-11-11T11:08:17+00:00","twitter_card":"summary_large_image","twitter_misc":{"Dur\u00e9e de lecture estim\u00e9e":"2 minutes"},"schema":{"@context":"https:\/\/schema.org","@graph":[{"@type":"WebPage","@id":"https:\/\/elfsight.com\/fr\/instagram-feed-instashow\/wordpress\/","url":"https:\/\/elfsight.com\/fr\/instagram-feed-instashow\/wordpress\/","name":"Flux Instagram - ajouter plugin Feed Instagram sur WordPress","isPartOf":{"@id":"https:\/\/elfsight.com\/fr\/#website"},"datePublished":"2021-11-15T08:58:23+00:00","dateModified":"2024-11-11T11:08:17+00:00","description":"Int\u00e9grez un Flux Instagram attractif sur votre site WordPress. Appliquez la d\u00e9mo d'Elfsight et g\u00e9n\u00e9rez votre plugin en 2 minutes.","breadcrumb":{"@id":"https:\/\/elfsight.com\/fr\/instagram-feed-instashow\/wordpress\/#breadcrumb"},"inLanguage":"fr-FR","potentialAction":[{"@type":"ReadAction","target":["https:\/\/elfsight.com\/fr\/instagram-feed-instashow\/wordpress\/"]}]},{"@type":"BreadcrumbList","@id":"https:\/\/elfsight.com\/fr\/instagram-feed-instashow\/wordpress\/#breadcrumb","itemListElement":[{"@type":"ListItem","position":1,"name":"Home","item":"https:\/\/elfsight.com\/fr\/"},{"@type":"ListItem","position":2,"name":"Instagram Feed","item":"https:\/\/elfsight.com\/fr\/instagram-feed-instashow\/"},{"@type":"ListItem","position":3,"name":"Instagram Feed &#8211; WordPress"}]},{"@type":"WebSite","@id":"https:\/\/elfsight.com\/fr\/#website","url":"https:\/\/elfsight.com\/fr\/","name":"Elfsight FR","description":"","potentialAction":[{"@type":"SearchAction","target":{"@type":"EntryPoint","urlTemplate":"https:\/\/elfsight.com\/fr\/?s={search_term_string}"},"query-input":{"@type":"PropertyValueSpecification","valueRequired":true,"valueName":"search_term_string"}}],"inLanguage":"fr-FR"}]}},"meta_box":{"industry":"","seo_heading":"","heading":"","description":"","cta_heading":"","cta_description":"","application":"718","h1":"Flux Instagram Plugin WordPress","h1_caption":"Ajoutez des publications depuis votre compte Instagram ou par hashtag, offrant ainsi le meilleur moyen de pr\u00e9senter sans effort un flux Instagram dynamique sur votre site Web sur votre site WordPress.","application_category":[],"applications_title":"","applications_request_title":"","applications_request_button_text":"","hero_text":"","hero_video":"","hero_video_schema_markup":"","selling_points_title":"","selling_points_caption":"","selling_points":[],"selling_points_cta_text":"","features_title":"","features":"","ed_cta_examples_text":"","ed_cta_examples_hidden":"","ed_cta_demo_text":"","ed_cta_demo_hidden":"","why_caption":"","why_editor_title":"","why_editor_text":"","why_team_title":"","why_team_text":"","why_service_title":"","why_service_text":"","template_catalog_visible":"","template_catalog_title":"","template_catalog_text":"","template_catalog_categories_visible":"","demo_title":"Cr\u00e9ez votre plugin de flux Instagram","demo_caption":"Configurez votre flux Instagram et ajoutez-le gratuitement \u00e0 votre site WordPress !","default_faq_hidden":"","app_template_category":[],"platform":"18","template_public_id":"","codecanyon_url":"","codecanyon_item_id":"","codecanyon_price":"","pricing_caption":"","pricing_elfsight_apps_hide_column":"","pricing_elfsight_apps_url":"","pricing_codecanyon_price_caption":"","integration_category":[],"integration_request_title":"","integration_request_cta":"","integration_platform":"","integrations":[],"platform_category":[],"video_schema_markup":"","price":"\u00c0 partir de 0$ par mois","trial":"","benefits":[{"text":"Installation gratuite"},{"text":"Support Premium"},{"text":"Garantie de remboursement de 14 jours"},{"text":"L'am\u00e9lioration continue"}],"button_url":"#demo","button_target_blank":"0","button_nofollow":"0","attributes":[{"name":"Nombre d'installations","content":"1,000 - 5,000","_state":"expanded"},{"name":"Adaptif","content":"Oui","_state":"expanded"},{"name":"Navigateurs compatibles","content":"Firefox, Safari, Opera, Chrome, Edge","_state":"expanded"}],"tags":[],"tags_disable_links":"0","hide_more_platforms":"","video_object":"{\r\n  \"@context\": \"http:\/\/schema.org\",\r\n  \"@type\": \"VideoObject\",\r\n  \"name\": \"How to Add Instagram Feed to WordPress (2021)\",\r\n  \"description\": \"Learn how to add Instagram plugin to WordPress website for free. A guide on embedding Instagram posts on WordPress without coding.\",\r\n  \"thumbnailUrl\": \"https:\/\/i.ytimg.com\/vi\/HIGFce-qXhE\/default.jpg\",\r\n  \"uploadDate\": \"2020-01-14T16:57:51Z\",\r\n  \"duration\": \"PT2M23S\",\r\n  \"embedUrl\": \"https:\/\/www.youtube.com\/embed\/HIGFce-qXhE\",\r\n  \"interactionCount\": \"8682\"\r\n}","demo_hide_cta":"0","demo_hide_cloud_options":"0","pricing_title":"","pricing":[{"pricing_icon":"platform","pricing_title":"Applications d'Elfsight","pricing_title_caption":"Solution num\u00e9rique multiplateforme qui fonctionne sur n'importe quel site","pricing_price":"\u00c0 partir de $0\/mois","pricing_price_caption":"Commencez avec un plan gratuit","pricing_benefits":[{"text":"Sites Web illimit\u00e9s"},{"text":"\u00c9quipe d'assistance professionnelle"},{"text":"Service d'installation gratuit"},{"text":"100% personnalisable"}],"pricing_button_text":"Ajouter au site Web","pricing_button_url":"https:\/\/apps.elfsight.com\/sign-up\/","pricing_button_nofollow":"1","_state":"expanded"}],"related_apps_title":"","related_apps_hidden":"1","author":"","image":[],"title":"","job":"","social_networks":[]},"_links":{"self":[{"href":"https:\/\/elfsight.com\/fr\/wp-json\/wp\/v2\/pages\/3739","targetHints":{"allow":["GET"]}}],"collection":[{"href":"https:\/\/elfsight.com\/fr\/wp-json\/wp\/v2\/pages"}],"about":[{"href":"https:\/\/elfsight.com\/fr\/wp-json\/wp\/v2\/types\/page"}],"author":[{"embeddable":true,"href":"https:\/\/elfsight.com\/fr\/wp-json\/wp\/v2\/users\/12"}],"replies":[{"embeddable":true,"href":"https:\/\/elfsight.com\/fr\/wp-json\/wp\/v2\/comments?post=3739"}],"version-history":[{"count":4,"href":"https:\/\/elfsight.com\/fr\/wp-json\/wp\/v2\/pages\/3739\/revisions"}],"predecessor-version":[{"id":14067,"href":"https:\/\/elfsight.com\/fr\/wp-json\/wp\/v2\/pages\/3739\/revisions\/14067"}],"up":[{"embeddable":true,"href":"https:\/\/elfsight.com\/fr\/wp-json\/wp\/v2\/pages\/725"}],"wp:attachment":[{"href":"https:\/\/elfsight.com\/fr\/wp-json\/wp\/v2\/media?parent=3739"}],"curies":[{"name":"wp","href":"https:\/\/api.w.org\/{rel}","templated":true}]}}