{"id":3625,"date":"2021-05-24T12:22:01","date_gmt":"2021-05-24T12:22:01","guid":{"rendered":"https:\/\/elfsight.com\/fr\/?page_id=3625"},"modified":"2021-08-31T07:09:10","modified_gmt":"2021-08-31T07:09:10","slug":"reviews","status":"publish","type":"page","link":"https:\/\/elfsight.com\/fr\/integrations\/reviews\/","title":{"rendered":"Integrations &#8211; Reviews"},"content":{"rendered":"\n<h3> Partager votre magnifique \u00e9valuation n&rsquo;a jamais \u00e9t\u00e9 aussi simple <\/h3>\n<p> Si vous \u00eates propri\u00e9taire d&rsquo;une entreprise et que vous recherchez un moyen de r\u00e9v\u00e9ler les commentaires de vos clients sur votre site Web, vous devez absolument int\u00e9grer votre site Web aux services d&rsquo;\u00e9valuation des entreprises populaires! Et ici, vous pouvez choisir celui dont vous avez besoin pour l&rsquo;int\u00e9grer \u00e0 votre site Web au moyen des widgets Elfsight. <\/p>\n","protected":false},"excerpt":{"rendered":"Partager votre magnifique \u00e9valuation n&rsquo;a jamais \u00e9t\u00e9 aussi simple Si vous \u00eates propri\u00e9taire d&rsquo;une entreprise et que vous recherchez un moyen de r\u00e9v\u00e9ler les commentaires de vos clients sur votre site Web, vous devez absolument int\u00e9grer votre site Web aux services d&rsquo;\u00e9valuation des entreprises populaires! Et ici, vous pouvez choisir&#8230;","protected":false},"author":9,"featured_media":0,"parent":3632,"menu_order":0,"comment_status":"closed","ping_status":"closed","template":"templates\/template-integrations.php","meta":{"publish_to_discourse":"","publish_post_category":"","wpdc_auto_publish_overridden":"","wpdc_topic_tags":"","wpdc_pin_topic":"","wpdc_pin_until":"","discourse_post_id":"","discourse_permalink":"","wpdc_publishing_response":"","wpdc_publishing_error":"","footnotes":""},"class_list":["post-3625","page","type-page","status-publish","hentry"],"yoast_head":"<!-- This site is optimized with the Yoast SEO plugin v25.3.1 - https:\/\/yoast.com\/wordpress\/plugins\/seo\/ -->\n<title>Int\u00e9grations Elfsight - utilisez n&#039;importe quel service sur votre site Web!<\/title>\n<meta name=\"description\" content=\"Utilisez les services d&#039;\u00e9valuation d&#039;entreprises int\u00e9gr\u00e9s \u00e0 votre site Web! Utilisez les widgets Elfsight pour d\u00e9velopper votre entreprise!\" \/>\n<meta name=\"robots\" content=\"index, follow, max-snippet:-1, max-image-preview:large, max-video-preview:-1\" \/>\n<link rel=\"canonical\" href=\"https:\/\/elfsight.com\/fr\/integrations\/reviews\/\" \/>\n<meta property=\"og:locale\" content=\"fr_FR\" \/>\n<meta property=\"og:type\" content=\"article\" \/>\n<meta property=\"og:title\" content=\"Int\u00e9grations Elfsight - utilisez n&#039;importe quel service sur votre site Web!\" \/>\n<meta property=\"og:description\" content=\"Utilisez les services d&#039;\u00e9valuation d&#039;entreprises int\u00e9gr\u00e9s \u00e0 votre site Web! Utilisez les widgets Elfsight pour d\u00e9velopper votre entreprise!\" \/>\n<meta property=\"og:url\" content=\"https:\/\/elfsight.com\/fr\/integrations\/reviews\/\" \/>\n<meta property=\"og:site_name\" content=\"Elfsight FR\" \/>\n<meta property=\"article:modified_time\" content=\"2021-08-31T07:09:10+00:00\" \/>\n<meta name=\"twitter:card\" content=\"summary_large_image\" \/>\n<meta name=\"twitter:label1\" content=\"Dur\u00e9e de lecture estim\u00e9e\" \/>\n\t<meta name=\"twitter:data1\" content=\"1 minute\" \/>\n<!-- \/ Yoast SEO plugin. -->","yoast_head_json":{"title":"Int\u00e9grations Elfsight - utilisez n'importe quel service sur votre site Web!","description":"Utilisez les services d'\u00e9valuation d'entreprises int\u00e9gr\u00e9s \u00e0 votre site Web! Utilisez les widgets Elfsight pour d\u00e9velopper votre entreprise!","robots":{"index":"index","follow":"follow","max-snippet":"max-snippet:-1","max-image-preview":"max-image-preview:large","max-video-preview":"max-video-preview:-1"},"canonical":"https:\/\/elfsight.com\/fr\/integrations\/reviews\/","og_locale":"fr_FR","og_type":"article","og_title":"Int\u00e9grations Elfsight - utilisez n'importe quel service sur votre site Web!","og_description":"Utilisez les services d'\u00e9valuation d'entreprises int\u00e9gr\u00e9s \u00e0 votre site Web! Utilisez les widgets Elfsight pour d\u00e9velopper votre entreprise!","og_url":"https:\/\/elfsight.com\/fr\/integrations\/reviews\/","og_site_name":"Elfsight FR","article_modified_time":"2021-08-31T07:09:10+00:00","twitter_card":"summary_large_image","twitter_misc":{"Dur\u00e9e de lecture estim\u00e9e":"1 minute"},"schema":{"@context":"https:\/\/schema.org","@graph":[{"@type":"WebPage","@id":"https:\/\/elfsight.com\/fr\/integrations\/reviews\/","url":"https:\/\/elfsight.com\/fr\/integrations\/reviews\/","name":"Int\u00e9grations Elfsight - utilisez n'importe quel service sur votre site Web!","isPartOf":{"@id":"https:\/\/elfsight.com\/fr\/#website"},"datePublished":"2021-05-24T12:22:01+00:00","dateModified":"2021-08-31T07:09:10+00:00","description":"Utilisez les services d'\u00e9valuation d'entreprises int\u00e9gr\u00e9s \u00e0 votre site Web! Utilisez les widgets Elfsight pour d\u00e9velopper votre entreprise!","breadcrumb":{"@id":"https:\/\/elfsight.com\/fr\/integrations\/reviews\/#breadcrumb"},"inLanguage":"fr-FR","potentialAction":[{"@type":"ReadAction","target":["https:\/\/elfsight.com\/fr\/integrations\/reviews\/"]}]},{"@type":"BreadcrumbList","@id":"https:\/\/elfsight.com\/fr\/integrations\/reviews\/#breadcrumb","itemListElement":[{"@type":"ListItem","position":1,"name":"Home","item":"https:\/\/elfsight.com\/fr\/"},{"@type":"ListItem","position":2,"name":"Integrations","item":"https:\/\/elfsight.com\/fr\/integrations\/"},{"@type":"ListItem","position":3,"name":"Integrations &#8211; Reviews"}]},{"@type":"WebSite","@id":"https:\/\/elfsight.com\/fr\/#website","url":"https:\/\/elfsight.com\/fr\/","name":"Elfsight FR","description":"","potentialAction":[{"@type":"SearchAction","target":{"@type":"EntryPoint","urlTemplate":"https:\/\/elfsight.com\/fr\/?s={search_term_string}"},"query-input":{"@type":"PropertyValueSpecification","valueRequired":true,"valueName":"search_term_string"}}],"inLanguage":"fr-FR"}]}},"meta_box":{"industry":"","seo_heading":"","heading":"","description":"","cta_heading":"","cta_description":"","application":"","h1":"Int\u00e9grations d'Avis","h1_caption":"Int\u00e9grez votre site Web \u00e0 n'importe quel service d'avis populaire au moyen des widgets Elfsight","application_category":[],"applications_title":"","applications_request_title":"","applications_request_button_text":"","hero_text":"","hero_video":"","hero_video_schema_markup":"","selling_points_title":"","selling_points_caption":"","selling_points":[],"selling_points_cta_text":"","features_title":"","features":"","ed_cta_examples_text":"","ed_cta_examples_hidden":"","ed_cta_demo_text":"","ed_cta_demo_hidden":"","why_caption":"","why_editor_title":"","why_editor_text":"","why_team_title":"","why_team_text":"","why_service_title":"","why_service_text":"","template_catalog_visible":"","template_catalog_title":"","template_catalog_text":"","template_catalog_categories_visible":"","demo_title":"","demo_caption":"","default_faq_hidden":"","app_template_category":[],"platform":"","template_public_id":"","codecanyon_url":"","codecanyon_item_id":"","codecanyon_price":"","pricing_caption":"","pricing_elfsight_apps_hide_column":"","pricing_elfsight_apps_url":"","pricing_codecanyon_price_caption":"","integration_category":{"term_id":105,"name":"Avis","slug":"reviews","term_group":0,"term_taxonomy_id":105,"taxonomy":"integration_category","description":"Choisissez parmi tous les sites Web d'\u00e9valuation d'entreprises populaires et int\u00e9grez votre entreprise avec eux dans 1-2-3!","parent":0,"count":16,"filter":"raw"},"integration_request_title":"Vous ne trouvez pas la bonne int\u00e9gration?","integration_request_cta":"Demander une int\u00e9gration","integration_platform":"","integrations":[],"platform_category":[],"video_schema_markup":"","price":"","trial":"","benefits":[],"button_url":"","button_target_blank":"","button_nofollow":"","attributes":[],"tags":[],"tags_disable_links":"","hide_more_platforms":"","video_object":"","demo_hide_cta":"","demo_hide_cloud_options":"","pricing_title":"","pricing":[],"related_apps_title":"","related_apps_hidden":"","author":"","image":[],"title":"","job":"","social_networks":[]},"_links":{"self":[{"href":"https:\/\/elfsight.com\/fr\/wp-json\/wp\/v2\/pages\/3625","targetHints":{"allow":["GET"]}}],"collection":[{"href":"https:\/\/elfsight.com\/fr\/wp-json\/wp\/v2\/pages"}],"about":[{"href":"https:\/\/elfsight.com\/fr\/wp-json\/wp\/v2\/types\/page"}],"author":[{"embeddable":true,"href":"https:\/\/elfsight.com\/fr\/wp-json\/wp\/v2\/users\/9"}],"replies":[{"embeddable":true,"href":"https:\/\/elfsight.com\/fr\/wp-json\/wp\/v2\/comments?post=3625"}],"version-history":[{"count":1,"href":"https:\/\/elfsight.com\/fr\/wp-json\/wp\/v2\/pages\/3625\/revisions"}],"predecessor-version":[{"id":3626,"href":"https:\/\/elfsight.com\/fr\/wp-json\/wp\/v2\/pages\/3625\/revisions\/3626"}],"up":[{"embeddable":true,"href":"https:\/\/elfsight.com\/fr\/wp-json\/wp\/v2\/pages\/3632"}],"wp:attachment":[{"href":"https:\/\/elfsight.com\/fr\/wp-json\/wp\/v2\/media?parent=3625"}],"curies":[{"name":"wp","href":"https:\/\/api.w.org\/{rel}","templated":true}]}}