{"id":3358,"date":"2021-04-23T11:18:08","date_gmt":"2021-04-23T11:18:08","guid":{"rendered":"https:\/\/elfsight.com\/fr\/?page_id=3358"},"modified":"2021-08-31T07:30:31","modified_gmt":"2021-08-31T07:30:31","slug":"page-builders","status":"publish","type":"page","link":"https:\/\/elfsight.com\/fr\/platforms\/page-builders\/","title":{"rendered":"Platforms &#8211; Page builders"},"content":{"rendered":"\n<h3> Cr\u00e9ez de superbes mises en page et pages de destination personnalis\u00e9es <\/h3>\n<p> Au moyen d&rsquo;un constructeur de page, vous pouvez ajouter n&rsquo;importe quel type de contenu \u00e0 une page en appliquant des \u00e9l\u00e9ments de contenu pr\u00e9d\u00e9finis par glisser-d\u00e9poser tels que des blocs ou des widgets. Et ici, vous pouvez choisir le meilleur cr\u00e9ateur de page pour r\u00e9pondre \u00e0 vos besoins. <\/p>\n\n\n\n<p><\/p>\n","protected":false},"excerpt":{"rendered":"Cr\u00e9ez de superbes mises en page et pages de destination personnalis\u00e9es Au moyen d&rsquo;un constructeur de page, vous pouvez ajouter n&rsquo;importe quel type de contenu \u00e0 une page en appliquant des \u00e9l\u00e9ments de contenu pr\u00e9d\u00e9finis par glisser-d\u00e9poser tels que des blocs ou des widgets. Et ici, vous pouvez choisir le&#8230;","protected":false},"author":9,"featured_media":0,"parent":15,"menu_order":0,"comment_status":"closed","ping_status":"closed","template":"templates\/template-platforms.php","meta":{"publish_to_discourse":"","publish_post_category":"","wpdc_auto_publish_overridden":"","wpdc_topic_tags":"","wpdc_pin_topic":"","wpdc_pin_until":"","discourse_post_id":"","discourse_permalink":"","wpdc_publishing_response":"","wpdc_publishing_error":"","footnotes":""},"class_list":["post-3358","page","type-page","status-publish","hentry"],"yoast_head":"<!-- This site is optimized with the Yoast SEO plugin v25.3.1 - https:\/\/yoast.com\/wordpress\/plugins\/seo\/ -->\n<title>Les meilleurs constructeurs de pages de destination!<\/title>\n<meta name=\"description\" content=\"Cr\u00e9ez page de destination ou un petit site en appliquant des constructeurs populaires! Appliquez Elfsight pour les meilleurs r\u00e9sultats!\" \/>\n<meta name=\"robots\" content=\"index, follow, max-snippet:-1, max-image-preview:large, max-video-preview:-1\" \/>\n<link rel=\"canonical\" href=\"https:\/\/elfsight.com\/fr\/platforms\/page-builders\/\" \/>\n<meta property=\"og:locale\" content=\"fr_FR\" \/>\n<meta property=\"og:type\" content=\"article\" \/>\n<meta property=\"og:title\" content=\"Les meilleurs constructeurs de pages de destination!\" \/>\n<meta property=\"og:description\" content=\"Cr\u00e9ez page de destination ou un petit site en appliquant des constructeurs populaires! Appliquez Elfsight pour les meilleurs r\u00e9sultats!\" \/>\n<meta property=\"og:url\" content=\"https:\/\/elfsight.com\/fr\/platforms\/page-builders\/\" \/>\n<meta property=\"og:site_name\" content=\"Elfsight FR\" \/>\n<meta property=\"article:modified_time\" content=\"2021-08-31T07:30:31+00:00\" \/>\n<meta name=\"twitter:card\" content=\"summary_large_image\" \/>\n<meta name=\"twitter:label1\" content=\"Dur\u00e9e de lecture estim\u00e9e\" \/>\n\t<meta name=\"twitter:data1\" content=\"1 minute\" \/>\n<!-- \/ Yoast SEO plugin. -->","yoast_head_json":{"title":"Les meilleurs constructeurs de pages de destination!","description":"Cr\u00e9ez page de destination ou un petit site en appliquant des constructeurs populaires! Appliquez Elfsight pour les meilleurs r\u00e9sultats!","robots":{"index":"index","follow":"follow","max-snippet":"max-snippet:-1","max-image-preview":"max-image-preview:large","max-video-preview":"max-video-preview:-1"},"canonical":"https:\/\/elfsight.com\/fr\/platforms\/page-builders\/","og_locale":"fr_FR","og_type":"article","og_title":"Les meilleurs constructeurs de pages de destination!","og_description":"Cr\u00e9ez page de destination ou un petit site en appliquant des constructeurs populaires! Appliquez Elfsight pour les meilleurs r\u00e9sultats!","og_url":"https:\/\/elfsight.com\/fr\/platforms\/page-builders\/","og_site_name":"Elfsight FR","article_modified_time":"2021-08-31T07:30:31+00:00","twitter_card":"summary_large_image","twitter_misc":{"Dur\u00e9e de lecture estim\u00e9e":"1 minute"},"schema":{"@context":"https:\/\/schema.org","@graph":[{"@type":"WebPage","@id":"https:\/\/elfsight.com\/fr\/platforms\/page-builders\/","url":"https:\/\/elfsight.com\/fr\/platforms\/page-builders\/","name":"Les meilleurs constructeurs de pages de destination!","isPartOf":{"@id":"https:\/\/elfsight.com\/fr\/#website"},"datePublished":"2021-04-23T11:18:08+00:00","dateModified":"2021-08-31T07:30:31+00:00","description":"Cr\u00e9ez page de destination ou un petit site en appliquant des constructeurs populaires! Appliquez Elfsight pour les meilleurs r\u00e9sultats!","breadcrumb":{"@id":"https:\/\/elfsight.com\/fr\/platforms\/page-builders\/#breadcrumb"},"inLanguage":"fr-FR","potentialAction":[{"@type":"ReadAction","target":["https:\/\/elfsight.com\/fr\/platforms\/page-builders\/"]}]},{"@type":"BreadcrumbList","@id":"https:\/\/elfsight.com\/fr\/platforms\/page-builders\/#breadcrumb","itemListElement":[{"@type":"ListItem","position":1,"name":"Home","item":"https:\/\/elfsight.com\/fr\/"},{"@type":"ListItem","position":2,"name":"Platforms","item":"https:\/\/elfsight.com\/fr\/platforms\/"},{"@type":"ListItem","position":3,"name":"Platforms &#8211; Page builders"}]},{"@type":"WebSite","@id":"https:\/\/elfsight.com\/fr\/#website","url":"https:\/\/elfsight.com\/fr\/","name":"Elfsight FR","description":"","potentialAction":[{"@type":"SearchAction","target":{"@type":"EntryPoint","urlTemplate":"https:\/\/elfsight.com\/fr\/?s={search_term_string}"},"query-input":{"@type":"PropertyValueSpecification","valueRequired":true,"valueName":"search_term_string"}}],"inLanguage":"fr-FR"}]}},"meta_box":{"industry":"","seo_heading":"","heading":"","description":"","cta_heading":"","cta_description":"","application":"","h1":"Les meilleurs constructeurs de pages","h1_caption":"Une merveilleuse collection de constructeurs de pages pour cr\u00e9er un petit site Web ou une page de destination!","application_category":[],"applications_title":"","applications_request_title":"","applications_request_button_text":"","hero_text":"","hero_video":"","hero_video_schema_markup":"","selling_points_title":"","selling_points_caption":"","selling_points":[],"selling_points_cta_text":"","features_title":"","features":"","ed_cta_examples_text":"","ed_cta_examples_hidden":"","ed_cta_demo_text":"","ed_cta_demo_hidden":"","why_caption":"","why_editor_title":"","why_editor_text":"","why_team_title":"","why_team_text":"","why_service_title":"","why_service_text":"","template_catalog_visible":"","template_catalog_title":"","template_catalog_text":"","template_catalog_categories_visible":"","demo_title":"","demo_caption":"","default_faq_hidden":"","app_template_category":[],"platform":"","template_public_id":"","codecanyon_url":"","codecanyon_item_id":"","codecanyon_price":"","pricing_caption":"","pricing_elfsight_apps_hide_column":"","pricing_elfsight_apps_url":"","pricing_codecanyon_price_caption":"","integration_category":[],"integration_request_title":"","integration_request_cta":"","integration_platform":"","integrations":[],"platform_category":[],"video_schema_markup":"","price":"","trial":"","benefits":[],"button_url":"","button_target_blank":"","button_nofollow":"","attributes":[],"tags":[],"tags_disable_links":"","hide_more_platforms":"","video_object":"","demo_hide_cta":"","demo_hide_cloud_options":"","pricing_title":"","pricing":[],"related_apps_title":"","related_apps_hidden":"","author":"","image":[],"title":"","job":"","social_networks":[]},"_links":{"self":[{"href":"https:\/\/elfsight.com\/fr\/wp-json\/wp\/v2\/pages\/3358","targetHints":{"allow":["GET"]}}],"collection":[{"href":"https:\/\/elfsight.com\/fr\/wp-json\/wp\/v2\/pages"}],"about":[{"href":"https:\/\/elfsight.com\/fr\/wp-json\/wp\/v2\/types\/page"}],"author":[{"embeddable":true,"href":"https:\/\/elfsight.com\/fr\/wp-json\/wp\/v2\/users\/9"}],"replies":[{"embeddable":true,"href":"https:\/\/elfsight.com\/fr\/wp-json\/wp\/v2\/comments?post=3358"}],"version-history":[{"count":3,"href":"https:\/\/elfsight.com\/fr\/wp-json\/wp\/v2\/pages\/3358\/revisions"}],"predecessor-version":[{"id":3368,"href":"https:\/\/elfsight.com\/fr\/wp-json\/wp\/v2\/pages\/3358\/revisions\/3368"}],"up":[{"embeddable":true,"href":"https:\/\/elfsight.com\/fr\/wp-json\/wp\/v2\/pages\/15"}],"wp:attachment":[{"href":"https:\/\/elfsight.com\/fr\/wp-json\/wp\/v2\/media?parent=3358"}],"curies":[{"name":"wp","href":"https:\/\/api.w.org\/{rel}","templated":true}]}}