{"id":3349,"date":"2021-04-22T18:11:30","date_gmt":"2021-04-22T18:11:30","guid":{"rendered":"https:\/\/elfsight.com\/fr\/?page_id=3349"},"modified":"2022-03-21T10:45:33","modified_gmt":"2022-03-21T10:45:33","slug":"pricing","status":"publish","type":"page","link":"https:\/\/elfsight.com\/fr\/rss-feed-widget\/pricing\/","title":{"rendered":"RSS Feed &#8211; Pricing"},"content":{"rendered":"\n<div class=\"faq\" data-component=\"FAQ\">\n<div class=\"faq-item\">\r\n\t\t\t\t\t<div class=\"faq-item-question\">\r\n\t\t\t\t\t\t<h3 class=\"faq-item-question-text\">Puis-je appliquer les widgets que vous avez gratuitement? <\/h3>\r\n\r\n\t\t\t\t\t\t<div class=\"faq-item-question-icon\"><\/div>\r\n\t\t\t\t\t<\/div>\r\n\r\n\t\t\t\t\t<div class=\"faq-item-answer\">\r\n\t\t\t\t\t\t<div class=\"faq-item-answer-text\">\nS\u00fbrement! Tout ce qu\u2019il faut faire est produire un instrument et s\u00e9lectionner le plan gratuit. \n<\/div>\r\n\t\t\t\t\t<\/div>\r\n\t\t\t\t<\/div>\n\n\n<div class=\"faq-item\">\r\n\t\t\t\t\t<div class=\"faq-item-question\">\r\n\t\t\t\t\t\t<h3 class=\"faq-item-question-text\">Fournissez-vous une p\u00e9riode d'essai? <\/h3>\r\n\r\n\t\t\t\t\t\t<div class=\"faq-item-question-icon\"><\/div>\r\n\t\t\t\t\t<\/div>\r\n\r\n\t\t\t\t\t<div class=\"faq-item-answer\">\r\n\t\t\t\t\t\t<div class=\"faq-item-answer-text\">\nNon, nous n&rsquo;avons pas de p\u00e9riode d&rsquo;\u00e9valuation. Au lieu, vous pouvez s\u00e9lectionner le plan gratuit et explorer toutes les possibilit\u00e9s de nos widgets. Notre forfait gratuit n\u2019a pas de restrictions donc vous aurez la compr\u00e9hension de toutes les chances en un rien de temps. \n<\/div>\r\n\t\t\t\t\t<\/div>\r\n\t\t\t\t<\/div>\n\n<div class=\"faq-item\">\r\n\t\t\t\t\t<div class=\"faq-item-question\">\r\n\t\t\t\t\t\t<h3 class=\"faq-item-question-text\">Avez-vous \u00e0 fournir des rabais? <\/h3>\r\n\r\n\t\t\t\t\t\t<div class=\"faq-item-question-icon\"><\/div>\r\n\t\t\t\t\t<\/div>\r\n\r\n\t\t\t\t\t<div class=\"faq-item-answer\">\r\n\t\t\t\t\t\t<div class=\"faq-item-answer-text\">\nOui, vous pouvez recevoir une remise de bienvenue de 20% pour le premier abonnement payant. En plus, nous offrons 30% de r\u00e9duction pour un second abonnement unique suivant. \n<\/div>\r\n\t\t\t\t\t<\/div>\r\n\t\t\t\t<\/div>\n\n<div class=\"faq-item\">\r\n\t\t\t\t\t<div class=\"faq-item-question\">\r\n\t\t\t\t\t\t<h3 class=\"faq-item-question-text\">Puis-je changer mon plan plus tard? <\/h3>\r\n\r\n\t\t\t\t\t\t<div class=\"faq-item-question-icon\"><\/div>\r\n\t\t\t\t\t<\/div>\r\n\r\n\t\t\t\t\t<div class=\"faq-item-answer\">\r\n\t\t\t\t\t\t<div class=\"faq-item-answer-text\">\nSans ambigu\u00eft\u00e9! Vous pouvez augmenter ou downgrade votre plan \u00e0 toute heure. L&rsquo;argent que vous avez pay\u00e9 pour le abonnement ant\u00e9c\u00e9dent sera compt\u00e9 \u00e0 nouveau pour votre nouveau plan. \n<\/div>\r\n\t\t\t\t\t<\/div>\r\n\t\t\t\t<\/div>\n\n<div class=\"faq-item\">\r\n\t\t\t\t\t<div class=\"faq-item-question\">\r\n\t\t\t\t\t\t<h3 class=\"faq-item-question-text\">Qu'est-ce que cela signifie la restriction sur vues du widget? <\/h3>\r\n\r\n\t\t\t\t\t\t<div class=\"faq-item-question-icon\"><\/div>\r\n\t\t\t\t\t<\/div>\r\n\r\n\t\t\t\t\t<div class=\"faq-item-answer\">\r\n\t\t\t\t\t\t<div class=\"faq-item-answer-text\">\nLe montant de vues de widget c&rsquo;est la quantit\u00e9 de ses t\u00e9l\u00e9chargements sur le site Web. Vues afficher montant t\u00e9l\u00e9chargements plugin unique visiteurs. N&rsquo;oubliez pas que que pour chaque plan tarifaire ses limites sur la quantit\u00e9 de t\u00e9l\u00e9chargements de widget. \n<\/div>\r\n\t\t\t\t\t<\/div>\r\n\t\t\t\t<\/div>\n\n<div class=\"faq-item\">\r\n\t\t\t\t\t<div class=\"faq-item-question\">\r\n\t\t\t\t\t\t<h3 class=\"faq-item-question-text\">Y a-t-il des limitations concernant la quantit\u00e9 de sites Web sur lesquels je peux placer le widget? <\/h3>\r\n\r\n\t\t\t\t\t\t<div class=\"faq-item-question-icon\"><\/div>\r\n\t\t\t\t\t<\/div>\r\n\r\n\t\t\t\t\t<div class=\"faq-item-answer\">\r\n\t\t\t\t\t\t<div class=\"faq-item-answer-text\">\nNotre Plan Lite gratuit vous aide \u00e0 introduire le plugin sur un seul site Web et formulaire un seul widget. Aucun des plans premium ne propose une telle restriction, c&rsquo;est-\u00e0-dire que l&rsquo; outil peut \u00eatre ins\u00e9r\u00e9 sur un le montant de sites illimit\u00e9. \n<\/div>\r\n\t\t\t\t\t<\/div>\r\n\t\t\t\t<\/div>\n\n<div class=\"faq-item\">\r\n\t\t\t\t\t<div class=\"faq-item-question\">\r\n\t\t\t\t\t\t<h3 class=\"faq-item-question-text\">Offrez-vous l\u2019aide gratuite avec l\u2019int\u00e9gration? <\/h3>\r\n\r\n\t\t\t\t\t\t<div class=\"faq-item-question-icon\"><\/div>\r\n\t\t\t\t\t<\/div>\r\n\r\n\t\t\t\t\t<div class=\"faq-item-answer\">\r\n\t\t\t\t\t\t<div class=\"faq-item-answer-text\"> \nBien s\u00fbr, nous nous portons une garantie d\u2019une assistance d&rsquo;int\u00e9gration gratuite pour tous nos utilisateurs. N&rsquo;h\u00e9sitez pas \u00e0 nous contacter pour notre support si vous en auriez besoin. \n<\/div>\r\n\t\t\t\t\t<\/div>\r\n\t\t\t\t<\/div>\n<\/div>\n\n\n\n<p><\/p>\n","protected":false},"excerpt":{"rendered":"","protected":false},"author":9,"featured_media":0,"parent":3330,"menu_order":0,"comment_status":"closed","ping_status":"closed","template":"templates\/template-application-pricing.php","meta":{"publish_to_discourse":"","publish_post_category":"","wpdc_auto_publish_overridden":"","wpdc_topic_tags":"","wpdc_pin_topic":"","wpdc_pin_until":"","discourse_post_id":"","discourse_permalink":"","wpdc_publishing_response":"","wpdc_publishing_error":"","footnotes":""},"class_list":["post-3349","page","type-page","status-publish","hentry"],"yoast_head":"<!-- This site is optimized with the Yoast SEO plugin v25.3.1 - https:\/\/yoast.com\/wordpress\/plugins\/seo\/ -->\n<title>Widget Flux RSS - tarification (plans gratuits et premium)<\/title>\n<meta name=\"description\" content=\"\u0421reate votre Flux RSS personnalis\u00e9 pour site Web au prix le plus bas! Les tarifs sur les widgets RSS vont de gratuit \u00e0 premium.\" \/>\n<meta name=\"robots\" content=\"index, follow, max-snippet:-1, max-image-preview:large, max-video-preview:-1\" \/>\n<link rel=\"canonical\" href=\"https:\/\/elfsight.com\/fr\/rss-feed-widget\/pricing\/\" \/>\n<meta property=\"og:locale\" content=\"fr_FR\" \/>\n<meta property=\"og:type\" content=\"article\" \/>\n<meta property=\"og:title\" content=\"Widget Flux RSS - tarification (plans gratuits et premium)\" \/>\n<meta property=\"og:description\" content=\"\u0421reate votre Flux RSS personnalis\u00e9 pour site Web au prix le plus bas! Les tarifs sur les widgets RSS vont de gratuit \u00e0 premium.\" \/>\n<meta property=\"og:url\" content=\"https:\/\/elfsight.com\/fr\/rss-feed-widget\/pricing\/\" \/>\n<meta property=\"og:site_name\" content=\"Elfsight FR\" \/>\n<meta property=\"article:modified_time\" content=\"2022-03-21T10:45:33+00:00\" \/>\n<meta name=\"twitter:card\" content=\"summary_large_image\" \/>\n<meta name=\"twitter:label1\" content=\"Dur\u00e9e de lecture estim\u00e9e\" \/>\n\t<meta name=\"twitter:data1\" content=\"2 minutes\" \/>\n<!-- \/ Yoast SEO plugin. -->","yoast_head_json":{"title":"Widget Flux RSS - tarification (plans gratuits et premium)","description":"\u0421reate votre Flux RSS personnalis\u00e9 pour site Web au prix le plus bas! Les tarifs sur les widgets RSS vont de gratuit \u00e0 premium.","robots":{"index":"index","follow":"follow","max-snippet":"max-snippet:-1","max-image-preview":"max-image-preview:large","max-video-preview":"max-video-preview:-1"},"canonical":"https:\/\/elfsight.com\/fr\/rss-feed-widget\/pricing\/","og_locale":"fr_FR","og_type":"article","og_title":"Widget Flux RSS - tarification (plans gratuits et premium)","og_description":"\u0421reate votre Flux RSS personnalis\u00e9 pour site Web au prix le plus bas! Les tarifs sur les widgets RSS vont de gratuit \u00e0 premium.","og_url":"https:\/\/elfsight.com\/fr\/rss-feed-widget\/pricing\/","og_site_name":"Elfsight FR","article_modified_time":"2022-03-21T10:45:33+00:00","twitter_card":"summary_large_image","twitter_misc":{"Dur\u00e9e de lecture estim\u00e9e":"2 minutes"},"schema":{"@context":"https:\/\/schema.org","@graph":[{"@type":"WebPage","@id":"https:\/\/elfsight.com\/fr\/rss-feed-widget\/pricing\/","url":"https:\/\/elfsight.com\/fr\/rss-feed-widget\/pricing\/","name":"Widget Flux RSS - tarification (plans gratuits et premium)","isPartOf":{"@id":"https:\/\/elfsight.com\/fr\/#website"},"datePublished":"2021-04-22T18:11:30+00:00","dateModified":"2022-03-21T10:45:33+00:00","description":"\u0421reate votre Flux RSS personnalis\u00e9 pour site Web au prix le plus bas! Les tarifs sur les widgets RSS vont de gratuit \u00e0 premium.","breadcrumb":{"@id":"https:\/\/elfsight.com\/fr\/rss-feed-widget\/pricing\/#breadcrumb"},"inLanguage":"fr-FR","potentialAction":[{"@type":"ReadAction","target":["https:\/\/elfsight.com\/fr\/rss-feed-widget\/pricing\/"]}]},{"@type":"BreadcrumbList","@id":"https:\/\/elfsight.com\/fr\/rss-feed-widget\/pricing\/#breadcrumb","itemListElement":[{"@type":"ListItem","position":1,"name":"Home","item":"https:\/\/elfsight.com\/fr\/"},{"@type":"ListItem","position":2,"name":"RSS Feed","item":"https:\/\/elfsight.com\/fr\/rss-feed-widget\/"},{"@type":"ListItem","position":3,"name":"RSS Feed &#8211; Pricing"}]},{"@type":"WebSite","@id":"https:\/\/elfsight.com\/fr\/#website","url":"https:\/\/elfsight.com\/fr\/","name":"Elfsight FR","description":"","potentialAction":[{"@type":"SearchAction","target":{"@type":"EntryPoint","urlTemplate":"https:\/\/elfsight.com\/fr\/?s={search_term_string}"},"query-input":{"@type":"PropertyValueSpecification","valueRequired":true,"valueName":"search_term_string"}}],"inLanguage":"fr-FR"}]}},"meta_box":{"industry":"","seo_heading":"","heading":"","description":"","cta_heading":"","cta_description":"","application":"3329","h1":"Tarification du widget Flux RSS","h1_caption":"","application_category":[],"applications_title":"","applications_request_title":"","applications_request_button_text":"","hero_text":"","hero_video":"","hero_video_schema_markup":"","selling_points_title":"","selling_points_caption":"","selling_points":[],"selling_points_cta_text":"","features_title":"","features":"","ed_cta_examples_text":"","ed_cta_examples_hidden":"","ed_cta_demo_text":"","ed_cta_demo_hidden":"","why_caption":"","why_editor_title":"","why_editor_text":"","why_team_title":"","why_team_text":"","why_service_title":"","why_service_text":"","template_catalog_visible":"","template_catalog_title":"","template_catalog_text":"","template_catalog_categories_visible":"","demo_title":"","demo_caption":"","default_faq_hidden":"1","app_template_category":[],"platform":"","template_public_id":"","codecanyon_url":"","codecanyon_item_id":"","codecanyon_price":"","pricing_caption":"","pricing_elfsight_apps_hide_column":"","pricing_elfsight_apps_url":"","pricing_codecanyon_price_caption":"","integration_category":[],"integration_request_title":"","integration_request_cta":"","integration_platform":"","integrations":[],"platform_category":[],"video_schema_markup":"","price":"","trial":"","benefits":[],"button_url":"","button_target_blank":"","button_nofollow":"","attributes":[],"tags":[],"tags_disable_links":"","hide_more_platforms":"","video_object":"","demo_hide_cta":"","demo_hide_cloud_options":"","pricing_title":"","pricing":[],"related_apps_title":"","related_apps_hidden":"","author":"","image":[],"title":"","job":"","social_networks":[]},"_links":{"self":[{"href":"https:\/\/elfsight.com\/fr\/wp-json\/wp\/v2\/pages\/3349","targetHints":{"allow":["GET"]}}],"collection":[{"href":"https:\/\/elfsight.com\/fr\/wp-json\/wp\/v2\/pages"}],"about":[{"href":"https:\/\/elfsight.com\/fr\/wp-json\/wp\/v2\/types\/page"}],"author":[{"embeddable":true,"href":"https:\/\/elfsight.com\/fr\/wp-json\/wp\/v2\/users\/9"}],"replies":[{"embeddable":true,"href":"https:\/\/elfsight.com\/fr\/wp-json\/wp\/v2\/comments?post=3349"}],"version-history":[{"count":2,"href":"https:\/\/elfsight.com\/fr\/wp-json\/wp\/v2\/pages\/3349\/revisions"}],"predecessor-version":[{"id":6974,"href":"https:\/\/elfsight.com\/fr\/wp-json\/wp\/v2\/pages\/3349\/revisions\/6974"}],"up":[{"embeddable":true,"href":"https:\/\/elfsight.com\/fr\/wp-json\/wp\/v2\/pages\/3330"}],"wp:attachment":[{"href":"https:\/\/elfsight.com\/fr\/wp-json\/wp\/v2\/media?parent=3349"}],"curies":[{"name":"wp","href":"https:\/\/api.w.org\/{rel}","templated":true}]}}