{"id":3158,"date":"2020-10-19T12:41:38","date_gmt":"2020-10-19T12:41:38","guid":{"rendered":"https:\/\/elfsight.com\/fr\/?page_id=3158"},"modified":"2022-01-21T08:16:58","modified_gmt":"2022-01-21T08:16:58","slug":"examples","status":"publish","type":"page","link":"https:\/\/elfsight.com\/fr\/houzz-reviews-widget\/examples\/","title":{"rendered":"Houzz Reviews &#8211; Examples"},"content":{"rendered":"\n<div class=\"application-examples-item application-examples-item-loading\">\n                            <div class=\"col-row\">\n                                <div class=\"col-6 col-m-8 col-s-12\"><h3 class=\"application-examples-item-title\">Example 1. Liste<\/h3><div class=\"application-examples-item-description\">\n<p>Voici la mani\u00e8re de d\u00e9montrer vos r\u00e9visions sur une page sous la trac\u00e9 de liste minimaliste. Et si vous cachez l\u2019article en t\u00eate et appliquez des proportions automatiques, comme indiqu\u00e9 ici, l\u2019instrument se trouve dans l'espace disponible sur la page et aura l'air natif. Exploitez des filtres pour couper la quantit\u00e9 d\u2019\u00e9valuations, de d\u00e9montrer que ceux qui ont des commentaires positifs ou cacher les avis ind\u00e9sirables avec l\u2019aide des mots cl\u00e9s.<\/p><\/div><\/div>\n                <\/div>\n\n                <div class=\"application-examples-item-iframe-container browser-frame\">\n                    <div class=\"application-examples-item-iframe-wrapper\">\n                        <iframe class=\"application-examples-item-iframe application-examples-item-iframe-fixed-height\" data-src=\"https:\/\/apps.elfsight.com\/template\/e7f6a609-89c5-4664-bb66-c6af8dcbebe2?padding=10\" width=\"100%\" height=\"700\" allow=\"autoplay; fullscreen\"><\/iframe>\n                    <\/div>\n\n                    <div class=\"application-examples-item-loader\"><\/div>\n                <\/div>\n            <\/div>\n\n<div class=\"application-examples-item application-examples-item-loading\">\n                            <div class=\"col-row\">\n                                <div class=\"col-6 col-m-8 col-s-12\"><h3 class=\"application-examples-item-title\">Exemple 2. Ma\u00e7onnerie<\/h3><div class=\"application-examples-item-description\">\n<p>Dans cet exemple, une grille d'avis est affich\u00e9e en tant que version de ma\u00e7onnerie, qui d\u00e9pose les avis de moyen optimale sur le pied de la valeur de la hauteur. Le assortiment personnalis\u00e9 du coloris a apport\u00e9 un design original. La quantit\u00e9 d'\u00e9toiles pr\u00e9sent\u00e9e sur les avis est l\u00e0 pour d\u00e9montrer la bonne \u00e9valuation des visiteurs.<\/p><\/div><\/div>\n                <\/div>\n\n                <div class=\"application-examples-item-iframe-container browser-frame\">\n                    <div class=\"application-examples-item-iframe-wrapper\">\n                        <iframe class=\"application-examples-item-iframe application-examples-item-iframe-fixed-height\" data-src=\"https:\/\/apps.elfsight.com\/template\/68f91828-d392-47f1-8d8c-bee75ed59134?padding=10\" width=\"100%\" height=\"700\" allow=\"autoplay; fullscreen\"><\/iframe>\n                    <\/div>\n\n                    <div class=\"application-examples-item-loader\"><\/div>\n                <\/div>\n            <\/div>\n\n<div class=\"application-examples-item application-examples-item-loading\">\n                            <div class=\"col-row\">\n                                <div class=\"col-6 col-m-8 col-s-12\"><h3 class=\"application-examples-item-title\">Exemple 3. R\u00e9seau<\/h3><div class=\"application-examples-item-description\">\n<p>L\u2019accouplement de la disposition de la grille combin\u00e9e au mod\u00e8le de d'avis Spotlight forme un aspect clair et raffin\u00e9 du plugin. Les lignes directes et les donn\u00e9es de texte des avis \u00e9galis\u00e9s au centre attirent une attention des utilisateurs maximale. <\/p><\/div><\/div>\n                <\/div>\n\n                <div class=\"application-examples-item-iframe-container browser-frame\">\n                    <div class=\"application-examples-item-iframe-wrapper\">\n                        <iframe class=\"application-examples-item-iframe application-examples-item-iframe-fixed-height\" data-src=\"https:\/\/apps.elfsight.com\/template\/e81a8d23-469a-4212-8a47-2de7c5ac5a98?padding=20\" width=\"100%\" height=\"700\" allow=\"autoplay; fullscreen\"><\/iframe>\n                    <\/div>\n\n                    <div class=\"application-examples-item-loader\"><\/div>\n                <\/div>\n            <\/div>\n\n<div class=\"application-cta-create\">\n                    <div class=\"application-cta-create-bg\">\n                        <div class=\"application-cta-create-bg-left\"><\/div>\n\n                        <div class=\"application-cta-create-bg-right\">\n                            <img decoding=\"async\" src=\"https:\/\/elfsight.com\/fr\/wp-content\/themes\/elfsight\/frontend\/assets\/img\/application-cta-create.jpg\" alt=\"Commencez par cr\u00e9er votre widget\">\n                        <\/div>\n                    <\/div>\n\n                    <div class=\"application-cta-create-content inner\">\n                        <div class=\"application-cta-create-content-inner\">\n                            <div class=\"application-cta-create-content-icon\">\n                                <svg viewBox=\"0 0 25 25\" width=\"100%\" height=\"100%\">\n                                    <use xlink:href=\"#icon-settings\"><\/use>\n                                <\/svg>\n                            <\/div>\n\n                            <div class=\"application-cta-create-content-title\">Commencez par cr\u00e9er votre widget<\/div>\n\n                            <div class=\"application-cta-create-content-text\">Vite. Facile. Pas de codage.<\/div>\n\n                            <a class=\"application-cta-create-content-button button-48 button-has-right-icon button-black button\" href=\"\">\n                                <span class=\"button-label\">Cr\u00e9er un widget<\/span>\n\n                                <svg class=\"button-icon\">\n                                    <use xlink:href=\"#icon-arrow-link\"><\/use>\n                                <\/svg>\n                            <\/a>\n                        <\/div>\n                    <\/div>\n                <\/div>\n\n<div class=\"application-examples-item application-examples-item-loading\">\n                            <div class=\"col-row\">\n                                <div class=\"col-6 col-m-8 col-s-12\"><h3 class=\"application-examples-item-title\">Exemple 4. Carrousel<\/h3><div class=\"application-examples-item-description\">\n<p>Ici, le plugin avec la maquette Slider montre les commentaires \u00e0 travers un carrousel anim\u00e9 avec lecture automatique. C'est un bon cas, par exemple pour votre page principale d'un site web. Il est possible de choisir le nombre d'avis \u00e0 afficher par diapositive.<\/p><\/div><\/div>\n                <\/div>\n\n                <div class=\"application-examples-item-iframe-container browser-frame\">\n                    <div class=\"application-examples-item-iframe-wrapper\">\n                        <iframe class=\"application-examples-item-iframe application-examples-item-iframe-fixed-height\" data-src=\"https:\/\/elfsight.com\/examples?widget_id=f6fc5364-6a61-48f8-bf20-c84a0f15d6e7&padding=10\" width=\"100%\" height=\"400\" allow=\"autoplay; fullscreen\"><\/iframe>\n                    <\/div>\n\n                    <div class=\"application-examples-item-loader\"><\/div>\n                <\/div>\n            <\/div>\n\n<div class=\"application-examples-item application-examples-item-loading\">\n                            <div class=\"col-row\">\n                                <div class=\"col-6 col-m-8 col-s-12\"><h3 class=\"application-examples-item-title\">Exemple 5. Glissi\u00e8re<\/h3><div class=\"application-examples-item-description\">\n<p> Si vous d\u00e9cidez d'afficher des commentaires par un, vous attirez un un maximum de l\u2019\u00e9gard des usagers. Dans ce cas d\u2019utilisation, la esquisse Spotlight dicte l\u2019ordre des organes: la photo et l\u2019ordonnance de l'auteur sont plac\u00e9es ci-dessus du texte de r\u00e9vision et tous les organes sont aplanissez au centre. D'autres \u00e9valuations seront consult\u00e9s par glisser-d\u00e9poser ou avec l'aide de des fl\u00e8ches.<\/p><\/div><\/div>\n                <\/div>\n\n                <div class=\"application-examples-item-iframe-container browser-frame\">\n                    <div class=\"application-examples-item-iframe-wrapper\">\n                        <iframe class=\"application-examples-item-iframe application-examples-item-iframe-fixed-height\" data-src=\"https:\/\/apps.elfsight.com\/template\/7630f00e-3be4-426e-95ed-9ec8ede1395a?padding=10\" width=\"100%\" height=\"400\" allow=\"autoplay; fullscreen\"><\/iframe>\n                    <\/div>\n\n                    <div class=\"application-examples-item-loader\"><\/div>\n                <\/div>\n            <\/div>\n\n<div class=\"application-examples-item application-examples-item-loading\">\n                            <div class=\"col-row\">\n                                <div class=\"col-6 col-m-8 col-s-12\"><h3 class=\"application-examples-item-title\">Exemple 6. Barre lat\u00e9rale<\/h3><div class=\"application-examples-item-description\">\n<p>C\u2019est un exemple prodigieux de la fa\u00e7on d'int\u00e9grer un outil d'\u00e9valuation dans votre page avec un tr\u00e8s petit espace. R\u00e9gl\u00e9 comme une barre lat\u00e9rale, le plugin 'affich\u00e9e uniquement les parties constitutives fondamentales et la taille ad\u00e9quat en raison de la taille adapt\u00e9e, il est de l\u2019hauteur et la largeur m\u00e9dian mais conserve toutes les fonctionnalit\u00e9s.<\/p><\/div><\/div>\n                <\/div>\n\n                <div class=\"application-examples-item-iframe-container browser-frame\">\n                    <div class=\"application-examples-item-iframe-wrapper\">\n                        <iframe class=\"application-examples-item-iframe application-examples-item-iframe-fixed-height\" data-src=\"https:\/\/elfsight.com\/examples?widget_id=59c4aecf-d6eb-494a-b81a-e26905ebb321&padding=10\" width=\"100%\" height=\"400\" allow=\"autoplay; fullscreen\"><\/iframe>\n                    <\/div>\n\n                    <div class=\"application-examples-item-loader\"><\/div>\n                <\/div>\n            <\/div>\n","protected":false},"excerpt":{"rendered":"","protected":false},"author":9,"featured_media":0,"parent":2038,"menu_order":0,"comment_status":"closed","ping_status":"closed","template":"templates\/template-application-examples.php","meta":{"publish_to_discourse":"","publish_post_category":"","wpdc_auto_publish_overridden":"","wpdc_topic_tags":"","wpdc_pin_topic":"","wpdc_pin_until":"","discourse_post_id":"","discourse_permalink":"","wpdc_publishing_response":"","wpdc_publishing_error":"","footnotes":""},"class_list":["post-3158","page","type-page","status-publish","hentry"],"yoast_head":"<!-- This site is optimized with the Yoast SEO plugin v25.3.1 - https:\/\/yoast.com\/wordpress\/plugins\/seo\/ -->\n<title>Voir tous les exemples d&#039;utilisation d&#039;un Avis Houzz sur le site Web<\/title>\n<meta name=\"description\" content=\"TOP 7 variantes de Avis Houzz pour votre site Web: Ma\u00e7onnerie, Liste, Barre lat\u00e9rale, etc. Exemple de widget d&#039;examen pour votre site Web.\" \/>\n<meta name=\"robots\" content=\"index, follow, max-snippet:-1, max-image-preview:large, max-video-preview:-1\" \/>\n<link rel=\"canonical\" href=\"https:\/\/elfsight.com\/fr\/houzz-reviews-widget\/examples\/\" \/>\n<meta property=\"og:locale\" content=\"fr_FR\" \/>\n<meta property=\"og:type\" content=\"article\" \/>\n<meta property=\"og:title\" content=\"Voir tous les exemples d&#039;utilisation d&#039;un Avis Houzz sur le site Web\" \/>\n<meta property=\"og:description\" content=\"TOP 7 variantes de Avis Houzz pour votre site Web: Ma\u00e7onnerie, Liste, Barre lat\u00e9rale, etc. Exemple de widget d&#039;examen pour votre site Web.\" \/>\n<meta property=\"og:url\" content=\"https:\/\/elfsight.com\/fr\/houzz-reviews-widget\/examples\/\" \/>\n<meta property=\"og:site_name\" content=\"Elfsight FR\" \/>\n<meta property=\"article:modified_time\" content=\"2022-01-21T08:16:58+00:00\" \/>\n<meta name=\"twitter:card\" content=\"summary_large_image\" \/>\n<meta name=\"twitter:label1\" content=\"Dur\u00e9e de lecture estim\u00e9e\" \/>\n\t<meta name=\"twitter:data1\" content=\"2 minutes\" \/>\n<!-- \/ Yoast SEO plugin. -->","yoast_head_json":{"title":"Voir tous les exemples d'utilisation d'un Avis Houzz sur le site Web","description":"TOP 7 variantes de Avis Houzz pour votre site Web: Ma\u00e7onnerie, Liste, Barre lat\u00e9rale, etc. Exemple de widget d'examen pour votre site Web.","robots":{"index":"index","follow":"follow","max-snippet":"max-snippet:-1","max-image-preview":"max-image-preview:large","max-video-preview":"max-video-preview:-1"},"canonical":"https:\/\/elfsight.com\/fr\/houzz-reviews-widget\/examples\/","og_locale":"fr_FR","og_type":"article","og_title":"Voir tous les exemples d'utilisation d'un Avis Houzz sur le site Web","og_description":"TOP 7 variantes de Avis Houzz pour votre site Web: Ma\u00e7onnerie, Liste, Barre lat\u00e9rale, etc. Exemple de widget d'examen pour votre site Web.","og_url":"https:\/\/elfsight.com\/fr\/houzz-reviews-widget\/examples\/","og_site_name":"Elfsight FR","article_modified_time":"2022-01-21T08:16:58+00:00","twitter_card":"summary_large_image","twitter_misc":{"Dur\u00e9e de lecture estim\u00e9e":"2 minutes"},"schema":{"@context":"https:\/\/schema.org","@graph":[{"@type":"WebPage","@id":"https:\/\/elfsight.com\/fr\/houzz-reviews-widget\/examples\/","url":"https:\/\/elfsight.com\/fr\/houzz-reviews-widget\/examples\/","name":"Voir tous les exemples d'utilisation d'un Avis Houzz sur le site Web","isPartOf":{"@id":"https:\/\/elfsight.com\/fr\/#website"},"datePublished":"2020-10-19T12:41:38+00:00","dateModified":"2022-01-21T08:16:58+00:00","description":"TOP 7 variantes de Avis Houzz pour votre site Web: Ma\u00e7onnerie, Liste, Barre lat\u00e9rale, etc. Exemple de widget d'examen pour votre site Web.","breadcrumb":{"@id":"https:\/\/elfsight.com\/fr\/houzz-reviews-widget\/examples\/#breadcrumb"},"inLanguage":"fr-FR","potentialAction":[{"@type":"ReadAction","target":["https:\/\/elfsight.com\/fr\/houzz-reviews-widget\/examples\/"]}]},{"@type":"BreadcrumbList","@id":"https:\/\/elfsight.com\/fr\/houzz-reviews-widget\/examples\/#breadcrumb","itemListElement":[{"@type":"ListItem","position":1,"name":"Home","item":"https:\/\/elfsight.com\/fr\/"},{"@type":"ListItem","position":2,"name":"Houzz Reviews","item":"https:\/\/elfsight.com\/fr\/houzz-reviews-widget\/"},{"@type":"ListItem","position":3,"name":"Houzz Reviews &#8211; Examples"}]},{"@type":"WebSite","@id":"https:\/\/elfsight.com\/fr\/#website","url":"https:\/\/elfsight.com\/fr\/","name":"Elfsight FR","description":"","potentialAction":[{"@type":"SearchAction","target":{"@type":"EntryPoint","urlTemplate":"https:\/\/elfsight.com\/fr\/?s={search_term_string}"},"query-input":{"@type":"PropertyValueSpecification","valueRequired":true,"valueName":"search_term_string"}}],"inLanguage":"fr-FR"}]}},"meta_box":{"industry":"","seo_heading":"","heading":"","description":"","cta_heading":"","cta_description":"","application":"2037","h1":"","h1_caption":"","application_category":[],"applications_title":"","applications_request_title":"","applications_request_button_text":"","hero_text":"","hero_video":"","hero_video_schema_markup":"","selling_points_title":"","selling_points_caption":"","selling_points":[],"selling_points_cta_text":"","features_title":"","features":"","ed_cta_examples_text":"","ed_cta_examples_hidden":"","ed_cta_demo_text":"","ed_cta_demo_hidden":"","why_caption":"","why_editor_title":"","why_editor_text":"","why_team_title":"","why_team_text":"","why_service_title":"","why_service_text":"","template_catalog_visible":"","template_catalog_title":"","template_catalog_text":"","template_catalog_categories_visible":"","demo_title":"","demo_caption":"","default_faq_hidden":"","app_template_category":[],"platform":"","template_public_id":"","codecanyon_url":"","codecanyon_item_id":"","codecanyon_price":"","pricing_caption":"","pricing_elfsight_apps_hide_column":"","pricing_elfsight_apps_url":"","pricing_codecanyon_price_caption":"","integration_category":[],"integration_request_title":"","integration_request_cta":"","integration_platform":"","integrations":[],"platform_category":[],"video_schema_markup":"","price":"","trial":"","benefits":[],"button_url":"","button_target_blank":"","button_nofollow":"","attributes":[],"tags":[],"tags_disable_links":"","hide_more_platforms":"","video_object":"","demo_hide_cta":"","demo_hide_cloud_options":"","pricing_title":"","pricing":[],"related_apps_title":"","related_apps_hidden":"","author":"","image":[],"title":"","job":"","social_networks":[]},"_links":{"self":[{"href":"https:\/\/elfsight.com\/fr\/wp-json\/wp\/v2\/pages\/3158","targetHints":{"allow":["GET"]}}],"collection":[{"href":"https:\/\/elfsight.com\/fr\/wp-json\/wp\/v2\/pages"}],"about":[{"href":"https:\/\/elfsight.com\/fr\/wp-json\/wp\/v2\/types\/page"}],"author":[{"embeddable":true,"href":"https:\/\/elfsight.com\/fr\/wp-json\/wp\/v2\/users\/9"}],"replies":[{"embeddable":true,"href":"https:\/\/elfsight.com\/fr\/wp-json\/wp\/v2\/comments?post=3158"}],"version-history":[{"count":6,"href":"https:\/\/elfsight.com\/fr\/wp-json\/wp\/v2\/pages\/3158\/revisions"}],"predecessor-version":[{"id":6882,"href":"https:\/\/elfsight.com\/fr\/wp-json\/wp\/v2\/pages\/3158\/revisions\/6882"}],"up":[{"embeddable":true,"href":"https:\/\/elfsight.com\/fr\/wp-json\/wp\/v2\/pages\/2038"}],"wp:attachment":[{"href":"https:\/\/elfsight.com\/fr\/wp-json\/wp\/v2\/media?parent=3158"}],"curies":[{"name":"wp","href":"https:\/\/api.w.org\/{rel}","templated":true}]}}