{"id":3135,"date":"2020-10-19T12:05:35","date_gmt":"2020-10-19T12:05:35","guid":{"rendered":"https:\/\/elfsight.com\/fr\/?page_id=3135"},"modified":"2025-11-18T13:06:10","modified_gmt":"2025-11-18T13:06:10","slug":"examples","status":"publish","type":"page","link":"https:\/\/elfsight.com\/fr\/etsy-reviews-widget\/examples\/","title":{"rendered":"Etsy Reviews &#8211; Examples"},"content":{"rendered":"\n<div class=\"application-examples-item application-examples-item-loading\">\n                            <div class=\"col-row\">\n                                <div class=\"col-6 col-m-8 col-s-12\"><h3 class=\"application-examples-item-title\">Example 1. Liste<\/h3><div class=\"application-examples-item-description\">\n<p>Voici la fa\u00e7on de d\u00e9montrer vos commentaires sur votre page sous la configuration de liste ti\u00e8de. Si vous masquez l\u2019article en t\u00eate et exploitez des dimensions automatiques, comme indiqu\u00e9 ici, le plugin se propage dans l'espace pr\u00e9sent sur votre page et impressionnera l'air familier. Appliquez des filtres pour couper le nombre d\u2019\u00e9valuations, n\u2019afficher que ceux qui ont des avis positifs ou masquer les \u00e9valuations ind\u00e9sirables par des mots cl\u00e9s. <\/p><\/div><\/div>\n                <\/div>\n\n                <div class=\"application-examples-item-iframe-container browser-frame\">\n                    <div class=\"application-examples-item-iframe-wrapper\">\n                        <iframe class=\"application-examples-item-iframe application-examples-item-iframe-fixed-height\" data-src=\"https:\/\/apps.elfsight.com\/template\/68d1b9b3-ff8f-435a-ad67-0affe1c8c458?padding=10\" width=\"100%\" height=\"700\" allow=\"autoplay; fullscreen\"><\/iframe>\n                    <\/div>\n\n                    <div class=\"application-examples-item-loader\"><\/div>\n                <\/div>\n            <\/div>\n\n<div class=\"application-examples-item application-examples-item-loading\">\n                            <div class=\"col-row\">\n                                <div class=\"col-6 col-m-8 col-s-12\"><h3 class=\"application-examples-item-title\">Exemple 2. Ma\u00e7onnerie<\/h3><div class=\"application-examples-item-description\">\n<p>Dans cet exemple, une grille d\u2019\u00e9valuations est pr\u00e9sent\u00e9e en tant que variante de ma\u00e7onnerie, qui place les r\u00e9visions de mani\u00e8re optimale sur \u00e0 base de la valeur de la hauteur. Le assortiment personnalis\u00e9 de la couleur a apport\u00e9 un design original. Le nombre d'\u00e9toiles affich\u00e9es sur les avis est l\u00e0 pour marquer la bonne appr\u00e9ciation des usagers.<\/p><\/div><\/div>\n                <\/div>\n\n                <div class=\"application-examples-item-iframe-container browser-frame\">\n                    <div class=\"application-examples-item-iframe-wrapper\">\n                        <iframe class=\"application-examples-item-iframe application-examples-item-iframe-fixed-height\" data-src=\"https:\/\/apps.elfsight.com\/template\/dca22ebb-c263-47c5-b66e-6e58f0f2ed81?padding=10\" width=\"100%\" height=\"700\" allow=\"autoplay; fullscreen\"><\/iframe>\n                    <\/div>\n\n                    <div class=\"application-examples-item-loader\"><\/div>\n                <\/div>\n            <\/div>\n\n<div class=\"application-examples-item application-examples-item-loading\">\n                            <div class=\"col-row\">\n                                <div class=\"col-6 col-m-8 col-s-12\"><h3 class=\"application-examples-item-title\">Exemple 3. R\u00e9seau<\/h3><div class=\"application-examples-item-description\">\n<p>La combinaison de la maquette de la grille combin\u00e9e au mod\u00e8le d'avis Spotlight forme un aspect clair et raffin\u00e9 de l' instrument. Les lignes droites et les donn\u00e9es de texte des avis aplanissez au centre attirent une l\u2019\u00e9gard des utilisateurs supr\u00eame.<\/p><\/div><\/div>\n                <\/div>\n\n                <div class=\"application-examples-item-iframe-container browser-frame\">\n                    <div class=\"application-examples-item-iframe-wrapper\">\n                        <iframe class=\"application-examples-item-iframe application-examples-item-iframe-fixed-height\" data-src=\"https:\/\/elfsight.com\/examples?widget_id=8159a6be-e5a1-489f-9fa4-8a2dd007d6c0&padding=20\" width=\"100%\" height=\"700\" allow=\"autoplay; fullscreen\"><\/iframe>\n                    <\/div>\n\n                    <div class=\"application-examples-item-loader\"><\/div>\n                <\/div>\n            <\/div>\n\n<div class=\"application-cta-create\">\n                    <div class=\"application-cta-create-bg\">\n                        <div class=\"application-cta-create-bg-left\"><\/div>\n\n                        <div class=\"application-cta-create-bg-right\">\n                            <img decoding=\"async\" src=\"https:\/\/elfsight.com\/fr\/wp-content\/themes\/elfsight\/frontend\/assets\/img\/application-cta-create.jpg\" alt=\"Commencez par cr\u00e9er votre widget\">\n                        <\/div>\n                    <\/div>\n\n                    <div class=\"application-cta-create-content inner\">\n                        <div class=\"application-cta-create-content-inner\">\n                            <div class=\"application-cta-create-content-icon\">\n                                <svg viewBox=\"0 0 25 25\" width=\"100%\" height=\"100%\">\n                                    <use xlink:href=\"#icon-settings\"><\/use>\n                                <\/svg>\n                            <\/div>\n\n                            <div class=\"application-cta-create-content-title\">Commencez par cr\u00e9er votre widget<\/div>\n\n                            <div class=\"application-cta-create-content-text\">Vite. Facile. Pas de codage.<\/div>\n\n                            <a class=\"application-cta-create-content-button button-48 button-has-right-icon button-black button\" href=\"\">\n                                <span class=\"button-label\">Cr\u00e9er un widget<\/span>\n\n                                <svg class=\"button-icon\">\n                                    <use xlink:href=\"#icon-arrow-link\"><\/use>\n                                <\/svg>\n                            <\/a>\n                        <\/div>\n                    <\/div>\n                <\/div>\n\n<div class=\"application-examples-item application-examples-item-loading\">\n                            <div class=\"col-row\">\n                                <div class=\"col-6 col-m-8 col-s-12\"><h3 class=\"application-examples-item-title\">Exemple 4. Carrousel<\/h3><div class=\"application-examples-item-description\">\n<p>Ici, le widget avec la disposition Slider montre les r\u00e9visions \u00e0 travers un carrousel anim\u00e9 avec lecture automatique. C'est une bonne option, par exemple pour la page principale d'un site. Il est possible de d\u00e9signer le nombre de revues \u00e0 afficher par diapositive.<\/p><\/div><\/div>\n                <\/div>\n\n                <div class=\"application-examples-item-iframe-container browser-frame\">\n                    <div class=\"application-examples-item-iframe-wrapper\">\n                        <iframe class=\"application-examples-item-iframe\" data-src=\"https:\/\/apps.elfsight.com\/template\/72395c67-d92c-4679-b424-e7f75a6cf755?padding=10\" width=\"100%\" allow=\"autoplay; fullscreen\"><\/iframe>\n                    <\/div>\n\n                    <div class=\"application-examples-item-loader\"><\/div>\n                <\/div>\n            <\/div>\n\n<div class=\"application-examples-item application-examples-item-loading\">\n                            <div class=\"col-row\">\n                                <div class=\"col-6 col-m-8 col-s-12\"><h3 class=\"application-examples-item-title\">Exemple 5. Glissi\u00e8re<\/h3><div class=\"application-examples-item-description\">\n<p>  Si vous d\u00e9cidez d'afficher des commentaires par un, vous attirerez un plus d\u2019attention des usagers. Dans cette possibilit\u00e9 d\u2019utilisation, la mise en page Spotlight dicte l\u2019ordre des \u00e9l\u00e9ments: la photo et la note de l'auteur sont plac\u00e9es ci-dessus d\u00fb donn\u00e9es de texte de r\u00e9vision et tous les organes sont align\u00e9s au centre. D'autres commentaires peuvent \u00eatre assist\u00e9s par glisser-d\u00e9poser ou avec l'aide de fl\u00e8ches.<\/p><\/div><\/div>\n                <\/div>\n\n                <div class=\"application-examples-item-iframe-container browser-frame\">\n                    <div class=\"application-examples-item-iframe-wrapper\">\n                        <iframe class=\"application-examples-item-iframe application-examples-item-iframe-fixed-height\" data-src=\"https:\/\/apps.elfsight.com\/template\/b643f614-8f70-4e94-8206-31f645a78ea0?padding=10\" width=\"100%\" height=\"400\" allow=\"autoplay; fullscreen\"><\/iframe>\n                    <\/div>\n\n                    <div class=\"application-examples-item-loader\"><\/div>\n                <\/div>\n            <\/div>\n\n<div class=\"application-examples-item application-examples-item-loading\">\n                            <div class=\"col-row\">\n                                <div class=\"col-6 col-m-8 col-s-12\"><h3 class=\"application-examples-item-title\">Exemple 6. Barre lat\u00e9rale<\/h3><div class=\"application-examples-item-description\">\n<p>Ici un exemple prodigieux de la fa\u00e7on d'int\u00e9grer un plugin d\u2019\u00e9valuations dans votre page web avec un tr\u00e8s petit espace. D\u00e9fini comme la barre lat\u00e9rale, l\u2019outil d\u00e9montre uniquement les organes essentiels et la taille adapt\u00e9e en raison de la taille adapt\u00e9e, il est de les proportions moyennes mais enregistre toutes les fonctionnalit\u00e9s.<\/p><\/div><\/div>\n                <\/div>\n\n                <div class=\"application-examples-item-iframe-container browser-frame\">\n                    <div class=\"application-examples-item-iframe-wrapper\">\n                        <iframe class=\"application-examples-item-iframe application-examples-item-iframe-fixed-height\" data-src=\"https:\/\/apps.elfsight.com\/template\/ba5ff587-26c4-41f1-827c-a148ed1af5a8?padding=10\" width=\"100%\" height=\"400\" allow=\"autoplay; fullscreen\"><\/iframe>\n                    <\/div>\n\n                    <div class=\"application-examples-item-loader\"><\/div>\n                <\/div>\n            <\/div>\n","protected":false},"excerpt":{"rendered":"","protected":false},"author":9,"featured_media":0,"parent":1960,"menu_order":0,"comment_status":"closed","ping_status":"closed","template":"templates\/template-application-examples.php","meta":{"publish_to_discourse":"","publish_post_category":"","wpdc_auto_publish_overridden":"","wpdc_topic_tags":"","wpdc_pin_topic":"","wpdc_pin_until":"","discourse_post_id":"","discourse_permalink":"","wpdc_publishing_response":"","wpdc_publishing_error":"","footnotes":""},"class_list":["post-3135","page","type-page","status-publish","hentry"],"yoast_head":"<!-- This site is optimized with the Yoast SEO plugin v25.3.1 - https:\/\/yoast.com\/wordpress\/plugins\/seo\/ -->\n<title>Voir tous les exemples d&#039;utilisation d&#039;un Avis Etsy sur le site Web<\/title>\n<meta name=\"description\" content=\"TOP 7 variantes de Avis Etsy pour votre site Web: Ma\u00e7onnerie, Grille, Liste, Barre lat\u00e9rale, etc. Exemple de widget d&#039;examen pour votre site Web.\" \/>\n<meta name=\"robots\" content=\"index, follow, max-snippet:-1, max-image-preview:large, max-video-preview:-1\" \/>\n<link rel=\"canonical\" href=\"https:\/\/elfsight.com\/fr\/etsy-reviews-widget\/examples\/\" \/>\n<meta property=\"og:locale\" content=\"fr_FR\" \/>\n<meta property=\"og:type\" content=\"article\" \/>\n<meta property=\"og:title\" content=\"Voir tous les exemples d&#039;utilisation d&#039;un Avis Etsy sur le site Web\" \/>\n<meta property=\"og:description\" content=\"TOP 7 variantes de Avis Etsy pour votre site Web: Ma\u00e7onnerie, Grille, Liste, Barre lat\u00e9rale, etc. Exemple de widget d&#039;examen pour votre site Web.\" \/>\n<meta property=\"og:url\" content=\"https:\/\/elfsight.com\/fr\/etsy-reviews-widget\/examples\/\" \/>\n<meta property=\"og:site_name\" content=\"Elfsight FR\" \/>\n<meta property=\"article:modified_time\" content=\"2025-11-18T13:06:10+00:00\" \/>\n<meta name=\"twitter:card\" content=\"summary_large_image\" \/>\n<meta name=\"twitter:label1\" content=\"Dur\u00e9e de lecture estim\u00e9e\" \/>\n\t<meta name=\"twitter:data1\" content=\"2 minutes\" \/>\n<!-- \/ Yoast SEO plugin. -->","yoast_head_json":{"title":"Voir tous les exemples d'utilisation d'un Avis Etsy sur le site Web","description":"TOP 7 variantes de Avis Etsy pour votre site Web: Ma\u00e7onnerie, Grille, Liste, Barre lat\u00e9rale, etc. Exemple de widget d'examen pour votre site Web.","robots":{"index":"index","follow":"follow","max-snippet":"max-snippet:-1","max-image-preview":"max-image-preview:large","max-video-preview":"max-video-preview:-1"},"canonical":"https:\/\/elfsight.com\/fr\/etsy-reviews-widget\/examples\/","og_locale":"fr_FR","og_type":"article","og_title":"Voir tous les exemples d'utilisation d'un Avis Etsy sur le site Web","og_description":"TOP 7 variantes de Avis Etsy pour votre site Web: Ma\u00e7onnerie, Grille, Liste, Barre lat\u00e9rale, etc. Exemple de widget d'examen pour votre site Web.","og_url":"https:\/\/elfsight.com\/fr\/etsy-reviews-widget\/examples\/","og_site_name":"Elfsight FR","article_modified_time":"2025-11-18T13:06:10+00:00","twitter_card":"summary_large_image","twitter_misc":{"Dur\u00e9e de lecture estim\u00e9e":"2 minutes"},"schema":{"@context":"https:\/\/schema.org","@graph":[{"@type":"WebPage","@id":"https:\/\/elfsight.com\/fr\/etsy-reviews-widget\/examples\/","url":"https:\/\/elfsight.com\/fr\/etsy-reviews-widget\/examples\/","name":"Voir tous les exemples d'utilisation d'un Avis Etsy sur le site Web","isPartOf":{"@id":"https:\/\/elfsight.com\/fr\/#website"},"datePublished":"2020-10-19T12:05:35+00:00","dateModified":"2025-11-18T13:06:10+00:00","description":"TOP 7 variantes de Avis Etsy pour votre site Web: Ma\u00e7onnerie, Grille, Liste, Barre lat\u00e9rale, etc. Exemple de widget d'examen pour votre site Web.","breadcrumb":{"@id":"https:\/\/elfsight.com\/fr\/etsy-reviews-widget\/examples\/#breadcrumb"},"inLanguage":"fr-FR","potentialAction":[{"@type":"ReadAction","target":["https:\/\/elfsight.com\/fr\/etsy-reviews-widget\/examples\/"]}]},{"@type":"BreadcrumbList","@id":"https:\/\/elfsight.com\/fr\/etsy-reviews-widget\/examples\/#breadcrumb","itemListElement":[{"@type":"ListItem","position":1,"name":"Home","item":"https:\/\/elfsight.com\/fr\/"},{"@type":"ListItem","position":2,"name":"Etsy Reviews","item":"https:\/\/elfsight.com\/fr\/etsy-reviews-widget\/"},{"@type":"ListItem","position":3,"name":"Etsy Reviews &#8211; Examples"}]},{"@type":"WebSite","@id":"https:\/\/elfsight.com\/fr\/#website","url":"https:\/\/elfsight.com\/fr\/","name":"Elfsight FR","description":"","potentialAction":[{"@type":"SearchAction","target":{"@type":"EntryPoint","urlTemplate":"https:\/\/elfsight.com\/fr\/?s={search_term_string}"},"query-input":{"@type":"PropertyValueSpecification","valueRequired":true,"valueName":"search_term_string"}}],"inLanguage":"fr-FR"}]}},"meta_box":{"industry":"","seo_heading":"","heading":"","description":"","cta_heading":"","cta_description":"","application":"1959","h1":"","h1_caption":"","application_category":[],"applications_title":"","applications_request_title":"","applications_request_button_text":"","hero_text":"","hero_video":"","hero_video_schema_markup":"","selling_points_title":"","selling_points_caption":"","selling_points":[],"selling_points_cta_text":"","features_title":"","features":"","ed_cta_examples_text":"","ed_cta_examples_hidden":"","ed_cta_demo_text":"","ed_cta_demo_hidden":"","why_caption":"","why_editor_title":"","why_editor_text":"","why_team_title":"","why_team_text":"","why_service_title":"","why_service_text":"","template_catalog_visible":"","template_catalog_title":"","template_catalog_text":"","template_catalog_categories_visible":"","demo_title":"","demo_caption":"","default_faq_hidden":"","app_template_category":[],"platform":"","template_public_id":"","codecanyon_url":"","codecanyon_item_id":"","codecanyon_price":"","pricing_caption":"","pricing_elfsight_apps_hide_column":"","pricing_elfsight_apps_url":"","pricing_codecanyon_price_caption":"","integration_category":[],"integration_request_title":"","integration_request_cta":"","integration_platform":"","integrations":[],"platform_category":[],"video_schema_markup":"","price":"","trial":"","benefits":[],"button_url":"","button_target_blank":"","button_nofollow":"","attributes":[],"tags":[],"tags_disable_links":"","hide_more_platforms":"","video_object":"","demo_hide_cta":"","demo_hide_cloud_options":"","pricing_title":"","pricing":[],"related_apps_title":"","related_apps_hidden":"","author":"","image":[],"title":"","job":"","social_networks":[]},"_links":{"self":[{"href":"https:\/\/elfsight.com\/fr\/wp-json\/wp\/v2\/pages\/3135","targetHints":{"allow":["GET"]}}],"collection":[{"href":"https:\/\/elfsight.com\/fr\/wp-json\/wp\/v2\/pages"}],"about":[{"href":"https:\/\/elfsight.com\/fr\/wp-json\/wp\/v2\/types\/page"}],"author":[{"embeddable":true,"href":"https:\/\/elfsight.com\/fr\/wp-json\/wp\/v2\/users\/9"}],"replies":[{"embeddable":true,"href":"https:\/\/elfsight.com\/fr\/wp-json\/wp\/v2\/comments?post=3135"}],"version-history":[{"count":6,"href":"https:\/\/elfsight.com\/fr\/wp-json\/wp\/v2\/pages\/3135\/revisions"}],"predecessor-version":[{"id":6875,"href":"https:\/\/elfsight.com\/fr\/wp-json\/wp\/v2\/pages\/3135\/revisions\/6875"}],"up":[{"embeddable":true,"href":"https:\/\/elfsight.com\/fr\/wp-json\/wp\/v2\/pages\/1960"}],"wp:attachment":[{"href":"https:\/\/elfsight.com\/fr\/wp-json\/wp\/v2\/media?parent=3135"}],"curies":[{"name":"wp","href":"https:\/\/api.w.org\/{rel}","templated":true}]}}