{"id":3127,"date":"2020-10-19T11:52:44","date_gmt":"2020-10-19T11:52:44","guid":{"rendered":"https:\/\/elfsight.com\/fr\/?page_id=3127"},"modified":"2024-07-16T15:36:44","modified_gmt":"2024-07-16T15:36:44","slug":"examples","status":"publish","type":"page","link":"https:\/\/elfsight.com\/fr\/edmunds-reviews-widget\/examples\/","title":{"rendered":"Edmunds Reviews &#8211; Examples"},"content":{"rendered":"\n<div class=\"application-examples-item application-examples-item-loading\">\n                            <div class=\"col-row\">\n                                <div class=\"col-6 col-m-8 col-s-12\"><h3 class=\"application-examples-item-title\">Example 1. Liste<\/h3><div class=\"application-examples-item-description\">\n<p>Voil\u00e0 la mani\u00e8re de d\u00e9montrer vos commentaires sur une page web sous la configuration de liste mod\u00e9r\u00e9e. Et si vous cachez l\u2019article en t\u00eate et utilisez des dimensions automatiques, comme indiqu\u00e9 ici, l\u2019outil se trouve dans l'espace disponible sur votre page et aura l'air natif. Exploitez des filtres pour couper la quantit\u00e9 d'avis, de d\u00e9montrer uniquement ceux dont des commentaires am\u00e9liorent ou masquer les avis ind\u00e9sirables avec l\u2019aide des mots cl\u00e9s.<\/p><\/div><\/div>\n                <\/div>\n\n                <div class=\"application-examples-item-iframe-container browser-frame\">\n                    <div class=\"application-examples-item-iframe-wrapper\">\n                        <iframe class=\"application-examples-item-iframe application-examples-item-iframe-fixed-height\" data-src=\"https:\/\/elfsight.com\/examples?widget_id=e6f42d13-bcac-4e9e-a9c5-a783ff0a5bfc&padding=10\" width=\"100%\" height=\"700\" allow=\"autoplay; fullscreen\"><\/iframe>\n                    <\/div>\n\n                    <div class=\"application-examples-item-loader\"><\/div>\n                <\/div>\n            <\/div>\n\n<div class=\"application-examples-item application-examples-item-loading\">\n                            <div class=\"col-row\">\n                                <div class=\"col-6 col-m-8 col-s-12\"><h3 class=\"application-examples-item-title\">Exemple 2. Ma\u00e7onnerie<\/h3><div class=\"application-examples-item-description\">\n<p>Dans cet exemple, une grille de revues est pr\u00e9sent\u00e9e en tant que variante de ma\u00e7onnerie, qui d\u00e9pose les \u00e9valuations de fa\u00e7on optimale sur \u00e0 base de la valeur de la hauteur. Le choix personnalis\u00e9 de la coloration a apport\u00e9 un design unique. Le nombre d'\u00e9toiles pr\u00e9sent\u00e9es sur les avis est l\u00e0 pour d\u00e9montrer la bonne appr\u00e9ciation des clients. <\/p><\/div><\/div>\n                <\/div>\n\n                <div class=\"application-examples-item-iframe-container browser-frame\">\n                    <div class=\"application-examples-item-iframe-wrapper\">\n                        <iframe class=\"application-examples-item-iframe application-examples-item-iframe-fixed-height\" data-src=\"https:\/\/elfsight.com\/examples?widget_id=8319e03f-1d87-4690-b319-d151f5caa7e6&padding=10\" width=\"100%\" height=\"600\" allow=\"autoplay; fullscreen\"><\/iframe>\n                    <\/div>\n\n                    <div class=\"application-examples-item-loader\"><\/div>\n                <\/div>\n            <\/div>\n\n<div class=\"application-examples-item application-examples-item-loading\">\n                            <div class=\"col-row\">\n                                <div class=\"col-6 col-m-8 col-s-12\"><h3 class=\"application-examples-item-title\">Exemple 3. R\u00e9seau<\/h3><div class=\"application-examples-item-description\">\n<p>L\u2019accouplement de la disposition de la grille et du mod\u00e8le d'avis Spotlight cr\u00e9e un aspect claire et raffin\u00e9 du plugin. Les lignes directes et les textes des avis align\u00e9s au centre attirent une \u00e9gard des visiteurs parfaits.<\/p><\/div><\/div>\n                <\/div>\n\n                <div class=\"application-examples-item-iframe-container browser-frame\">\n                    <div class=\"application-examples-item-iframe-wrapper\">\n                        <iframe class=\"application-examples-item-iframe application-examples-item-iframe-fixed-height\" data-src=\"https:\/\/elfsight.com\/examples?widget_id=7bfa416c-2800-4690-ab53-e3cdcc7e4cf4&padding=20\" width=\"100%\" height=\"400\" allow=\"autoplay; fullscreen\"><\/iframe>\n                    <\/div>\n\n                    <div class=\"application-examples-item-loader\"><\/div>\n                <\/div>\n            <\/div>\n\n<div class=\"application-cta-create\">\n                    <div class=\"application-cta-create-bg\">\n                        <div class=\"application-cta-create-bg-left\"><\/div>\n\n                        <div class=\"application-cta-create-bg-right\">\n                            <img decoding=\"async\" src=\"https:\/\/elfsight.com\/fr\/wp-content\/themes\/elfsight\/frontend\/assets\/img\/application-cta-create.jpg\" alt=\"Commencez par cr\u00e9er votre widget\">\n                        <\/div>\n                    <\/div>\n\n                    <div class=\"application-cta-create-content inner\">\n                        <div class=\"application-cta-create-content-inner\">\n                            <div class=\"application-cta-create-content-icon\">\n                                <svg viewBox=\"0 0 25 25\" width=\"100%\" height=\"100%\">\n                                    <use xlink:href=\"#icon-settings\"><\/use>\n                                <\/svg>\n                            <\/div>\n\n                            <div class=\"application-cta-create-content-title\">Commencez par cr\u00e9er votre widget<\/div>\n\n                            <div class=\"application-cta-create-content-text\">Vite. Facile. Pas de codage.<\/div>\n\n                            <a class=\"application-cta-create-content-button button-48 button-has-right-icon button-black button\" href=\"\">\n                                <span class=\"button-label\">Cr\u00e9er un widget<\/span>\n\n                                <svg class=\"button-icon\">\n                                    <use xlink:href=\"#icon-arrow-link\"><\/use>\n                                <\/svg>\n                            <\/a>\n                        <\/div>\n                    <\/div>\n                <\/div>\n\n<div class=\"application-examples-item application-examples-item-loading\">\n                            <div class=\"col-row\">\n                                <div class=\"col-6 col-m-8 col-s-12\"><h3 class=\"application-examples-item-title\">Exemple 4. Carrousel<\/h3><div class=\"application-examples-item-description\">\n<p>Ici, le plugin avec la disposition Slider montre les r\u00e9visions \u00e0 travers un carrousel anim\u00e9 avec lecture automatique. C'est une bonne option, par exemple pour votre page principale sur site. Il est possible de trouver le nombre de revues \u00e0 d\u00e9montrer par diapositive. <\/p><\/div><\/div>\n                <\/div>\n\n                <div class=\"application-examples-item-iframe-container browser-frame\">\n                    <div class=\"application-examples-item-iframe-wrapper\">\n                        <iframe class=\"application-examples-item-iframe application-examples-item-iframe-fixed-height\" data-src=\"https:\/\/elfsight.com\/examples?widget_id=c3e932d0-321f-4de9-bb68-22d534bd87f3&padding=10\" width=\"100%\" height=\"700\" allow=\"autoplay; fullscreen\"><\/iframe>\n                    <\/div>\n\n                    <div class=\"application-examples-item-loader\"><\/div>\n                <\/div>\n            <\/div>\n\n<div class=\"application-examples-item application-examples-item-loading\">\n                            <div class=\"col-row\">\n                                <div class=\"col-6 col-m-8 col-s-12\"><h3 class=\"application-examples-item-title\">Exemple 5. Glissi\u00e8re<\/h3><div class=\"application-examples-item-description\">\n<p> Si vous d\u00e9cidez d'afficher des \u00e9valuations par un, vous pouvez obtenir un un plein d\u2019attention des usagers. Ici, la mise en page Spotlight dicte la hi\u00e9rarchie des parties constitutives: l'image et l\u2019ordonnance de l'auteur sont plac\u00e9es au-dessus du texte d\u2019avis et tous les d\u00e9tails sont align\u00e9s au centre. D'autres avis peuvent \u00eatre consult\u00e9s par glisser-d\u00e9poser ou avec l'aide de fl\u00e8ches. <\/p><\/div><\/div>\n                <\/div>\n\n                <div class=\"application-examples-item-iframe-container browser-frame\">\n                    <div class=\"application-examples-item-iframe-wrapper\">\n                        <iframe class=\"application-examples-item-iframe application-examples-item-iframe-fixed-height\" data-src=\"https:\/\/elfsight.com\/examples?widget_id=5efc924e-3dca-4f81-a45a-07510b4b369b&padding=10\" width=\"100%\" height=\"400\" allow=\"autoplay; fullscreen\"><\/iframe>\n                    <\/div>\n\n                    <div class=\"application-examples-item-loader\"><\/div>\n                <\/div>\n            <\/div>\n\n<div class=\"application-examples-item application-examples-item-loading\">\n                            <div class=\"col-row\">\n                                <div class=\"col-6 col-m-8 col-s-12\"><h3 class=\"application-examples-item-title\">Exemple 6. Barre lat\u00e9rale<\/h3><div class=\"application-examples-item-description\">\n<p>Voici un exemple de moyen d'int\u00e9grer un instrument de revues dans votre site avec un petit espace. R\u00e9gl\u00e9e comme la barre lat\u00e9rale, le plugin 'affich\u00e9e uniquement les d\u00e9tails essentiels et la taille disponible en raison de la taille convenant, il est de les proportions moyennes mais sauve toutes les fonctionnalit\u00e9s.<\/p><\/div><\/div>\n                <\/div>\n\n                <div class=\"application-examples-item-iframe-container browser-frame\">\n                    <div class=\"application-examples-item-iframe-wrapper\">\n                        <iframe class=\"application-examples-item-iframe application-examples-item-iframe-fixed-height\" data-src=\"https:\/\/elfsight.com\/examples?widget_id=f6fb9572-f6dc-4ab9-a3ce-b234b911dffd&padding=10\" width=\"100%\" height=\"400\" allow=\"autoplay; fullscreen\"><\/iframe>\n                    <\/div>\n\n                    <div class=\"application-examples-item-loader\"><\/div>\n                <\/div>\n            <\/div>\n","protected":false},"excerpt":{"rendered":"","protected":false},"author":9,"featured_media":0,"parent":1931,"menu_order":0,"comment_status":"closed","ping_status":"closed","template":"templates\/template-application-examples.php","meta":{"publish_to_discourse":"","publish_post_category":"","wpdc_auto_publish_overridden":"","wpdc_topic_tags":"","wpdc_pin_topic":"","wpdc_pin_until":"","discourse_post_id":"","discourse_permalink":"","wpdc_publishing_response":"","wpdc_publishing_error":"","footnotes":""},"class_list":["post-3127","page","type-page","status-publish","hentry"],"yoast_head":"<!-- This site is optimized with the Yoast SEO plugin v25.3.1 - https:\/\/yoast.com\/wordpress\/plugins\/seo\/ -->\n<title>Voir tous les exemples d&#039;utilisation d&#039;un Avis Edmunds sur le site Web<\/title>\n<meta name=\"description\" content=\"TOP 7 variantes de Avis Edmunds pour votre site Web: Ma\u00e7onnerie, Grille, Liste, Barre lat\u00e9rale, etc. Exemple de widget d&#039;examen pour votre site Web.\" \/>\n<meta name=\"robots\" content=\"index, follow, max-snippet:-1, max-image-preview:large, max-video-preview:-1\" \/>\n<link rel=\"canonical\" href=\"https:\/\/elfsight.com\/fr\/edmunds-reviews-widget\/examples\/\" \/>\n<meta property=\"og:locale\" content=\"fr_FR\" \/>\n<meta property=\"og:type\" content=\"article\" \/>\n<meta property=\"og:title\" content=\"Voir tous les exemples d&#039;utilisation d&#039;un Avis Edmunds sur le site Web\" \/>\n<meta property=\"og:description\" content=\"TOP 7 variantes de Avis Edmunds pour votre site Web: Ma\u00e7onnerie, Grille, Liste, Barre lat\u00e9rale, etc. Exemple de widget d&#039;examen pour votre site Web.\" \/>\n<meta property=\"og:url\" content=\"https:\/\/elfsight.com\/fr\/edmunds-reviews-widget\/examples\/\" \/>\n<meta property=\"og:site_name\" content=\"Elfsight FR\" \/>\n<meta property=\"article:modified_time\" content=\"2024-07-16T15:36:44+00:00\" \/>\n<meta name=\"twitter:card\" content=\"summary_large_image\" \/>\n<meta name=\"twitter:label1\" content=\"Dur\u00e9e de lecture estim\u00e9e\" \/>\n\t<meta name=\"twitter:data1\" content=\"2 minutes\" \/>\n<!-- \/ Yoast SEO plugin. -->","yoast_head_json":{"title":"Voir tous les exemples d'utilisation d'un Avis Edmunds sur le site Web","description":"TOP 7 variantes de Avis Edmunds pour votre site Web: Ma\u00e7onnerie, Grille, Liste, Barre lat\u00e9rale, etc. Exemple de widget d'examen pour votre site Web.","robots":{"index":"index","follow":"follow","max-snippet":"max-snippet:-1","max-image-preview":"max-image-preview:large","max-video-preview":"max-video-preview:-1"},"canonical":"https:\/\/elfsight.com\/fr\/edmunds-reviews-widget\/examples\/","og_locale":"fr_FR","og_type":"article","og_title":"Voir tous les exemples d'utilisation d'un Avis Edmunds sur le site Web","og_description":"TOP 7 variantes de Avis Edmunds pour votre site Web: Ma\u00e7onnerie, Grille, Liste, Barre lat\u00e9rale, etc. Exemple de widget d'examen pour votre site Web.","og_url":"https:\/\/elfsight.com\/fr\/edmunds-reviews-widget\/examples\/","og_site_name":"Elfsight FR","article_modified_time":"2024-07-16T15:36:44+00:00","twitter_card":"summary_large_image","twitter_misc":{"Dur\u00e9e de lecture estim\u00e9e":"2 minutes"},"schema":{"@context":"https:\/\/schema.org","@graph":[{"@type":"WebPage","@id":"https:\/\/elfsight.com\/fr\/edmunds-reviews-widget\/examples\/","url":"https:\/\/elfsight.com\/fr\/edmunds-reviews-widget\/examples\/","name":"Voir tous les exemples d'utilisation d'un Avis Edmunds sur le site Web","isPartOf":{"@id":"https:\/\/elfsight.com\/fr\/#website"},"datePublished":"2020-10-19T11:52:44+00:00","dateModified":"2024-07-16T15:36:44+00:00","description":"TOP 7 variantes de Avis Edmunds pour votre site Web: Ma\u00e7onnerie, Grille, Liste, Barre lat\u00e9rale, etc. Exemple de widget d'examen pour votre site Web.","breadcrumb":{"@id":"https:\/\/elfsight.com\/fr\/edmunds-reviews-widget\/examples\/#breadcrumb"},"inLanguage":"fr-FR","potentialAction":[{"@type":"ReadAction","target":["https:\/\/elfsight.com\/fr\/edmunds-reviews-widget\/examples\/"]}]},{"@type":"BreadcrumbList","@id":"https:\/\/elfsight.com\/fr\/edmunds-reviews-widget\/examples\/#breadcrumb","itemListElement":[{"@type":"ListItem","position":1,"name":"Home","item":"https:\/\/elfsight.com\/fr\/"},{"@type":"ListItem","position":2,"name":"Edmunds Reviews","item":"https:\/\/elfsight.com\/fr\/edmunds-reviews-widget\/"},{"@type":"ListItem","position":3,"name":"Edmunds Reviews &#8211; Examples"}]},{"@type":"WebSite","@id":"https:\/\/elfsight.com\/fr\/#website","url":"https:\/\/elfsight.com\/fr\/","name":"Elfsight FR","description":"","potentialAction":[{"@type":"SearchAction","target":{"@type":"EntryPoint","urlTemplate":"https:\/\/elfsight.com\/fr\/?s={search_term_string}"},"query-input":{"@type":"PropertyValueSpecification","valueRequired":true,"valueName":"search_term_string"}}],"inLanguage":"fr-FR"}]}},"meta_box":{"industry":"","seo_heading":"","heading":"","description":"","cta_heading":"","cta_description":"","application":"1930","h1":"","h1_caption":"","application_category":[],"applications_title":"","applications_request_title":"","applications_request_button_text":"","hero_text":"","hero_video":"","hero_video_schema_markup":"","selling_points_title":"","selling_points_caption":"","selling_points":[],"selling_points_cta_text":"","features_title":"","features":"","ed_cta_examples_text":"","ed_cta_examples_hidden":"","ed_cta_demo_text":"","ed_cta_demo_hidden":"","why_caption":"","why_editor_title":"","why_editor_text":"","why_team_title":"","why_team_text":"","why_service_title":"","why_service_text":"","template_catalog_visible":"","template_catalog_title":"","template_catalog_text":"","template_catalog_categories_visible":"","demo_title":"","demo_caption":"","default_faq_hidden":"","app_template_category":[],"platform":"","template_public_id":"","codecanyon_url":"","codecanyon_item_id":"","codecanyon_price":"","pricing_caption":"","pricing_elfsight_apps_hide_column":"","pricing_elfsight_apps_url":"","pricing_codecanyon_price_caption":"","integration_category":[],"integration_request_title":"","integration_request_cta":"","integration_platform":"","integrations":[],"platform_category":[],"video_schema_markup":"","price":"","trial":"","benefits":[],"button_url":"","button_target_blank":"","button_nofollow":"","attributes":[],"tags":[],"tags_disable_links":"","hide_more_platforms":"","video_object":"","demo_hide_cta":"","demo_hide_cloud_options":"","pricing_title":"","pricing":[],"related_apps_title":"","related_apps_hidden":"","author":"","image":[],"title":"","job":"","social_networks":[]},"_links":{"self":[{"href":"https:\/\/elfsight.com\/fr\/wp-json\/wp\/v2\/pages\/3127","targetHints":{"allow":["GET"]}}],"collection":[{"href":"https:\/\/elfsight.com\/fr\/wp-json\/wp\/v2\/pages"}],"about":[{"href":"https:\/\/elfsight.com\/fr\/wp-json\/wp\/v2\/types\/page"}],"author":[{"embeddable":true,"href":"https:\/\/elfsight.com\/fr\/wp-json\/wp\/v2\/users\/9"}],"replies":[{"embeddable":true,"href":"https:\/\/elfsight.com\/fr\/wp-json\/wp\/v2\/comments?post=3127"}],"version-history":[{"count":7,"href":"https:\/\/elfsight.com\/fr\/wp-json\/wp\/v2\/pages\/3127\/revisions"}],"predecessor-version":[{"id":14159,"href":"https:\/\/elfsight.com\/fr\/wp-json\/wp\/v2\/pages\/3127\/revisions\/14159"}],"up":[{"embeddable":true,"href":"https:\/\/elfsight.com\/fr\/wp-json\/wp\/v2\/pages\/1931"}],"wp:attachment":[{"href":"https:\/\/elfsight.com\/fr\/wp-json\/wp\/v2\/media?parent=3127"}],"curies":[{"name":"wp","href":"https:\/\/api.w.org\/{rel}","templated":true}]}}