{"id":3106,"date":"2020-10-14T14:41:28","date_gmt":"2020-10-14T14:41:28","guid":{"rendered":"https:\/\/elfsight.com\/fr\/?page_id=3106"},"modified":"2020-11-05T15:00:42","modified_gmt":"2020-11-05T15:00:42","slug":"create","status":"publish","type":"page","link":"https:\/\/elfsight.com\/fr\/facebook-comments\/create\/","title":{"rendered":"Facebook Comments &#8211; Create"},"content":{"rendered":"\n<div class=\"faq\" data-component=\"FAQ\">\n<div class=\"faq-item\">\r\n\t\t\t\t\t<div class=\"faq-item-question\">\r\n\t\t\t\t\t\t<h3 class=\"faq-item-question-text\">Puis-je changer la conception du plugin?<\/h3>\r\n\r\n\t\t\t\t\t\t<div class=\"faq-item-question-icon\"><\/div>\r\n\t\t\t\t\t<\/div>\r\n\r\n\t\t\t\t\t<div class=\"faq-item-answer\">\r\n\t\t\t\t\t\t<div class=\"faq-item-answer-text\">\nBien s\u00fbr! Vous pouvez le faire dans notre \u00e9diteur en direct. Allez simplement dans l&rsquo;onglet Style et introduisez toutes les modifications cruciales. Une fois que vous avez termin\u00e9, enregistrez les ajustements.\n<\/div>\r\n\t\t\t\t\t<\/div>\r\n\t\t\t\t<\/div>\n<div class=\"faq-item\">\r\n\t\t\t\t\t<div class=\"faq-item-question\">\r\n\t\t\t\t\t\t<h3 class=\"faq-item-question-text\">Comment puis-je cr\u00e9er les commentaires Facebook pour mon mod\u00e8le de site Web?<\/h3>\r\n\r\n\t\t\t\t\t\t<div class=\"faq-item-question-icon\"><\/div>\r\n\t\t\t\t\t<\/div>\r\n\r\n\t\t\t\t\t<div class=\"faq-item-answer\">\r\n\t\t\t\t\t\t<div class=\"faq-item-answer-text\">\nSimplement pour cr\u00e9er votre widget, puis ajuster son style et enregistrer vos modifications. Copiez le code de l&rsquo;outil que vous venez de cr\u00e9er et int\u00e9grez-le dans le mod\u00e8le dont vous disposez.\n<\/div>\r\n\t\t\t\t\t<\/div>\r\n\t\t\t\t<\/div>\n<div class=\"faq-item\">\r\n\t\t\t\t\t<div class=\"faq-item-question\">\r\n\t\t\t\t\t\t<h3 class=\"faq-item-question-text\">Tous vos plugins conviennent-ils \u00e0 ma plateforme de site?<\/h3>\r\n\r\n\t\t\t\t\t\t<div class=\"faq-item-question-icon\"><\/div>\r\n\t\t\t\t\t<\/div>\r\n\r\n\t\t\t\t\t<div class=\"faq-item-answer\">\r\n\t\t\t\t\t\t<div class=\"faq-item-answer-text\">\nBien s\u00fbr! Nos outils fonctionnent tr\u00e8s bien sur presque toutes les plateformes de sites Web bien connues, par exemple, Webflow et sur presque toutes les plates-formes avec HTML personnalis\u00e9 (Tumblr, etc.). Et en supposant que vous rencontriez des difficult\u00e9s, vous \u00eates toujours libre de contacter notre \u00e9quipe d&rsquo;assistance.\n<\/div>\r\n\t\t\t\t\t<\/div>\r\n\t\t\t\t<\/div>\n<div class=\"faq-item\">\r\n\t\t\t\t\t<div class=\"faq-item-question\">\r\n\t\t\t\t\t\t<h3 class=\"faq-item-question-text\">Votre plugin convient-il aux appareils mobiles?<\/h3>\r\n\r\n\t\t\t\t\t\t<div class=\"faq-item-question-icon\"><\/div>\r\n\t\t\t\t\t<\/div>\r\n\r\n\t\t\t\t\t<div class=\"faq-item-answer\">\r\n\t\t\t\t\t\t<div class=\"faq-item-answer-text\">\nS\u00fbrement! Vous n\u2019avez pas besoin de vous inqui\u00e9ter de ses performances: nos plug-ins fonctionnent et semblent fluides sur n\u2019importe quel type d\u2019appareil que vous utilisez actuellement.\n<\/div>\r\n\t\t\t\t\t<\/div>\r\n\t\t\t\t<\/div>\n<div class=\"faq-item\">\r\n\t\t\t\t\t<div class=\"faq-item-question\">\r\n\t\t\t\t\t\t<h3 class=\"faq-item-question-text\">Comment puis-je modifier les proportions des commentaires Facebook?<\/h3>\r\n\r\n\t\t\t\t\t\t<div class=\"faq-item-question-icon\"><\/div>\r\n\t\t\t\t\t<\/div>\r\n\r\n\t\t\t\t\t<div class=\"faq-item-answer\">\r\n\t\t\t\t\t\t<div class=\"faq-item-answer-text\">\nOui. Il ne vous reste plus qu&rsquo;\u00e0 dans l&rsquo;\u00e9diteur, marquer la hauteur et la largeur de votre plugin en px. Vous pouvez \u00e9galement s\u00e9lectionner la fonction Auto afin qu&rsquo;elle s&rsquo;adapte parfaitement \u00e0 l&#8217;emplacement disponible sur votre page Web.\n<\/div>\r\n\t\t\t\t\t<\/div>\r\n\t\t\t\t<\/div>\n<\/div>\n","protected":false},"excerpt":{"rendered":"","protected":false},"author":9,"featured_media":0,"parent":3098,"menu_order":0,"comment_status":"closed","ping_status":"closed","template":"templates\/template-application-create.php","meta":{"publish_to_discourse":"","publish_post_category":"","wpdc_auto_publish_overridden":"","wpdc_topic_tags":"","wpdc_pin_topic":"","wpdc_pin_until":"","discourse_post_id":"","discourse_permalink":"","wpdc_publishing_response":"","wpdc_publishing_error":"","footnotes":""},"class_list":["post-3106","page","type-page","status-publish","hentry"],"yoast_head":"<!-- This site is optimized with the Yoast SEO plugin v25.3.1 - https:\/\/yoast.com\/wordpress\/plugins\/seo\/ -->\n<title>Cr\u00e9ez un widget de commentaires Facebook sur votre site Web<\/title>\n<meta name=\"description\" content=\"Formez le widget Commentaires Facebook pour votre site Web. C&#039;est gratuit, rapide et offre une assistance \u00e0 vie \u00e0 tous les utilisateurs.\" \/>\n<meta name=\"robots\" content=\"index, follow, max-snippet:-1, max-image-preview:large, max-video-preview:-1\" \/>\n<link rel=\"canonical\" href=\"https:\/\/elfsight.com\/fr\/facebook-comments\/create\/\" \/>\n<meta property=\"og:locale\" content=\"fr_FR\" \/>\n<meta property=\"og:type\" content=\"article\" \/>\n<meta property=\"og:title\" content=\"Cr\u00e9ez un widget de commentaires Facebook sur votre site Web\" \/>\n<meta property=\"og:description\" content=\"Formez le widget Commentaires Facebook pour votre site Web. C&#039;est gratuit, rapide et offre une assistance \u00e0 vie \u00e0 tous les utilisateurs.\" \/>\n<meta property=\"og:url\" content=\"https:\/\/elfsight.com\/fr\/facebook-comments\/create\/\" \/>\n<meta property=\"og:site_name\" content=\"Elfsight FR\" \/>\n<meta property=\"article:modified_time\" content=\"2020-11-05T15:00:42+00:00\" \/>\n<meta name=\"twitter:card\" content=\"summary_large_image\" \/>\n<meta name=\"twitter:label1\" content=\"Dur\u00e9e de lecture estim\u00e9e\" \/>\n\t<meta name=\"twitter:data1\" content=\"1 minute\" \/>\n<!-- \/ Yoast SEO plugin. -->","yoast_head_json":{"title":"Cr\u00e9ez un widget de commentaires Facebook sur votre site Web","description":"Formez le widget Commentaires Facebook pour votre site Web. C'est gratuit, rapide et offre une assistance \u00e0 vie \u00e0 tous les utilisateurs.","robots":{"index":"index","follow":"follow","max-snippet":"max-snippet:-1","max-image-preview":"max-image-preview:large","max-video-preview":"max-video-preview:-1"},"canonical":"https:\/\/elfsight.com\/fr\/facebook-comments\/create\/","og_locale":"fr_FR","og_type":"article","og_title":"Cr\u00e9ez un widget de commentaires Facebook sur votre site Web","og_description":"Formez le widget Commentaires Facebook pour votre site Web. C'est gratuit, rapide et offre une assistance \u00e0 vie \u00e0 tous les utilisateurs.","og_url":"https:\/\/elfsight.com\/fr\/facebook-comments\/create\/","og_site_name":"Elfsight FR","article_modified_time":"2020-11-05T15:00:42+00:00","twitter_card":"summary_large_image","twitter_misc":{"Dur\u00e9e de lecture estim\u00e9e":"1 minute"},"schema":{"@context":"https:\/\/schema.org","@graph":[{"@type":"WebPage","@id":"https:\/\/elfsight.com\/fr\/facebook-comments\/create\/","url":"https:\/\/elfsight.com\/fr\/facebook-comments\/create\/","name":"Cr\u00e9ez un widget de commentaires Facebook sur votre site Web","isPartOf":{"@id":"https:\/\/elfsight.com\/fr\/#website"},"datePublished":"2020-10-14T14:41:28+00:00","dateModified":"2020-11-05T15:00:42+00:00","description":"Formez le widget Commentaires Facebook pour votre site Web. C'est gratuit, rapide et offre une assistance \u00e0 vie \u00e0 tous les utilisateurs.","breadcrumb":{"@id":"https:\/\/elfsight.com\/fr\/facebook-comments\/create\/#breadcrumb"},"inLanguage":"fr-FR","potentialAction":[{"@type":"ReadAction","target":["https:\/\/elfsight.com\/fr\/facebook-comments\/create\/"]}]},{"@type":"BreadcrumbList","@id":"https:\/\/elfsight.com\/fr\/facebook-comments\/create\/#breadcrumb","itemListElement":[{"@type":"ListItem","position":1,"name":"Home","item":"https:\/\/elfsight.com\/fr\/"},{"@type":"ListItem","position":2,"name":"Facebook Comments","item":"https:\/\/elfsight.com\/fr\/facebook-comments\/"},{"@type":"ListItem","position":3,"name":"Facebook Comments &#8211; Create"}]},{"@type":"WebSite","@id":"https:\/\/elfsight.com\/fr\/#website","url":"https:\/\/elfsight.com\/fr\/","name":"Elfsight FR","description":"","potentialAction":[{"@type":"SearchAction","target":{"@type":"EntryPoint","urlTemplate":"https:\/\/elfsight.com\/fr\/?s={search_term_string}"},"query-input":{"@type":"PropertyValueSpecification","valueRequired":true,"valueName":"search_term_string"}}],"inLanguage":"fr-FR"}]}},"meta_box":{"industry":"","seo_heading":"","heading":"","description":"","cta_heading":"","cta_description":"","application":"3097","h1":"","h1_caption":"","application_category":[],"applications_title":"","applications_request_title":"","applications_request_button_text":"","hero_text":"","hero_video":"","hero_video_schema_markup":"","selling_points_title":"","selling_points_caption":"","selling_points":[],"selling_points_cta_text":"","features_title":"","features":"","ed_cta_examples_text":"","ed_cta_examples_hidden":"","ed_cta_demo_text":"","ed_cta_demo_hidden":"","why_caption":"","why_editor_title":"","why_editor_text":"","why_team_title":"","why_team_text":"","why_service_title":"","why_service_text":"","template_catalog_visible":"","template_catalog_title":"","template_catalog_text":"","template_catalog_categories_visible":"","demo_title":"","demo_caption":"","default_faq_hidden":"","app_template_category":[],"platform":"","template_public_id":"","codecanyon_url":"","codecanyon_item_id":"","codecanyon_price":"","pricing_caption":"","pricing_elfsight_apps_hide_column":"","pricing_elfsight_apps_url":"","pricing_codecanyon_price_caption":"","integration_category":[],"integration_request_title":"","integration_request_cta":"","integration_platform":"","integrations":[],"platform_category":[],"video_schema_markup":"","price":"","trial":"","benefits":[],"button_url":"","button_target_blank":"","button_nofollow":"","attributes":[],"tags":[],"tags_disable_links":"","hide_more_platforms":"","video_object":"","demo_hide_cta":"","demo_hide_cloud_options":"","pricing_title":"","pricing":[],"related_apps_title":"","related_apps_hidden":"","author":"","image":[],"title":"","job":"","social_networks":[]},"_links":{"self":[{"href":"https:\/\/elfsight.com\/fr\/wp-json\/wp\/v2\/pages\/3106","targetHints":{"allow":["GET"]}}],"collection":[{"href":"https:\/\/elfsight.com\/fr\/wp-json\/wp\/v2\/pages"}],"about":[{"href":"https:\/\/elfsight.com\/fr\/wp-json\/wp\/v2\/types\/page"}],"author":[{"embeddable":true,"href":"https:\/\/elfsight.com\/fr\/wp-json\/wp\/v2\/users\/9"}],"replies":[{"embeddable":true,"href":"https:\/\/elfsight.com\/fr\/wp-json\/wp\/v2\/comments?post=3106"}],"version-history":[{"count":2,"href":"https:\/\/elfsight.com\/fr\/wp-json\/wp\/v2\/pages\/3106\/revisions"}],"predecessor-version":[{"id":3108,"href":"https:\/\/elfsight.com\/fr\/wp-json\/wp\/v2\/pages\/3106\/revisions\/3108"}],"up":[{"embeddable":true,"href":"https:\/\/elfsight.com\/fr\/wp-json\/wp\/v2\/pages\/3098"}],"wp:attachment":[{"href":"https:\/\/elfsight.com\/fr\/wp-json\/wp\/v2\/media?parent=3106"}],"curies":[{"name":"wp","href":"https:\/\/api.w.org\/{rel}","templated":true}]}}