{"id":3088,"date":"2020-10-13T12:34:34","date_gmt":"2020-10-13T12:34:34","guid":{"rendered":"https:\/\/elfsight.com\/fr\/?page_id=3088"},"modified":"2022-03-21T10:40:55","modified_gmt":"2022-03-21T10:40:55","slug":"pricing","status":"publish","type":"page","link":"https:\/\/elfsight.com\/fr\/opentable-reviews-widget\/pricing\/","title":{"rendered":"OpenTable Reviews &#8211; Pricing"},"content":{"rendered":"\n<div class=\"faq\" data-component=\"FAQ\">\n<div class=\"faq-item\">\r\n\t\t\t\t\t<div class=\"faq-item-question\">\r\n\t\t\t\t\t\t<h3 class=\"faq-item-question-text\">Puis-je appliquer vos widgets sans frais?<\/h3>\r\n\r\n\t\t\t\t\t\t<div class=\"faq-item-question-icon\"><\/div>\r\n\t\t\t\t\t<\/div>\r\n\r\n\t\t\t\t\t<div class=\"faq-item-answer\">\r\n\t\t\t\t\t\t<div class=\"faq-item-answer-text\">\nS\u00fbr! La seule chose dont vous avez besoin pour \u00eatre amoureux de tous les avantages de nos widgets est de choisir le plan gratuit.\n<\/div>\r\n\t\t\t\t\t<\/div>\r\n\t\t\t\t<\/div>\n<div class=\"faq-item\">\r\n\t\t\t\t\t<div class=\"faq-item-question\">\r\n\t\t\t\t\t\t<h3 class=\"faq-item-question-text\">Offrez-vous une p\u00e9riode d'essai?<\/h3>\r\n\r\n\t\t\t\t\t\t<div class=\"faq-item-question-icon\"><\/div>\r\n\t\t\t\t\t<\/div>\r\n\r\n\t\t\t\t\t<div class=\"faq-item-answer\">\r\n\t\t\t\t\t\t<div class=\"faq-item-answer-text\">\nNon, nous n&rsquo;avons pas de p\u00e9riode d&rsquo;essai. Comme alternative, vous pouvez choisir Free Plan et explorer toutes les possibilit\u00e9s que nos widgets peuvent vous offrir. Le plan gratuit Lite n&rsquo;a aucune restriction d&rsquo;options, vous aurez donc une compr\u00e9hension de toutes les possibilit\u00e9s sans effort.\n<\/div>\r\n\t\t\t\t\t<\/div>\r\n\t\t\t\t<\/div>\n<div class=\"faq-item\">\r\n\t\t\t\t\t<div class=\"faq-item-question\">\r\n\t\t\t\t\t\t<h3 class=\"faq-item-question-text\">Avez-vous des r\u00e9ductions?<\/h3>\r\n\r\n\t\t\t\t\t\t<div class=\"faq-item-question-icon\"><\/div>\r\n\t\t\t\t\t<\/div>\r\n\r\n\t\t\t\t\t<div class=\"faq-item-answer\">\r\n\t\t\t\t\t\t<div class=\"faq-item-answer-text\">\nBien s\u00fbr, vous pouvez obtenir un bon de r\u00e9duction de bienvenue de 20% pour votre premier abonnement payant. De plus, nous offrons une r\u00e9duction de 30% pour un deuxi\u00e8me abonnement \u00e0 une seule application.\n<\/div>\r\n\t\t\t\t\t<\/div>\r\n\t\t\t\t<\/div>\n<div class=\"faq-item\">\r\n\t\t\t\t\t<div class=\"faq-item-question\">\r\n\t\t\t\t\t\t<h3 class=\"faq-item-question-text\">Est-il possible de modifier mon plan en cours de route?<\/h3>\r\n\r\n\t\t\t\t\t\t<div class=\"faq-item-question-icon\"><\/div>\r\n\t\t\t\t\t<\/div>\r\n\r\n\t\t\t\t\t<div class=\"faq-item-answer\">\r\n\t\t\t\t\t\t<div class=\"faq-item-answer-text\">\nBien s\u00fbr! Vous \u00eates libre d&rsquo;am\u00e9liorer ou de r\u00e9duire en classe votre plan \u00e0 tout moment. L&rsquo;argent pay\u00e9 pour l&rsquo;abonnement pr\u00e9c\u00e9dent sera \u00e0 nouveau comptabilis\u00e9 dans le nouveau plan.\n<\/div>\r\n\t\t\t\t\t<\/div>\r\n\t\t\t\t<\/div>\n<div class=\"faq-item\">\r\n\t\t\t\t\t<div class=\"faq-item-question\">\r\n\t\t\t\t\t\t<h3 class=\"faq-item-question-text\">Que signifie la limite de vues?<\/h3>\r\n\r\n\t\t\t\t\t\t<div class=\"faq-item-question-icon\"><\/div>\r\n\t\t\t\t\t<\/div>\r\n\r\n\t\t\t\t\t<div class=\"faq-item-answer\">\r\n\t\t\t\t\t\t<div class=\"faq-item-answer-text\">\nLa quantit\u00e9 de vues est le nombre de chargements d&rsquo;outils sur la page de votre site. Les vues d\u00e9voilent la fr\u00e9quence \u00e0 laquelle le plugin est charg\u00e9 sur votre page, i. e. ce n&rsquo;est pas le nombre de visiteurs uniques. Gardez \u00e0 l&rsquo;esprit que chaque plan a ses propres limites de vues.\n<\/div>\r\n\t\t\t\t\t<\/div>\r\n\t\t\t\t<\/div>\n<div class=\"faq-item\">\r\n\t\t\t\t\t<div class=\"faq-item-question\">\r\n\t\t\t\t\t\t<h3 class=\"faq-item-question-text\">Sur combien de sites puis-je coller mon widget?<\/h3>\r\n\r\n\t\t\t\t\t\t<div class=\"faq-item-question-icon\"><\/div>\r\n\t\t\t\t\t<\/div>\r\n\r\n\t\t\t\t\t<div class=\"faq-item-answer\">\r\n\t\t\t\t\t\t<div class=\"faq-item-answer-text\">\nLe plan Free Lite vous permet d&rsquo;introduire le widget sur un site et de ne former qu&rsquo;un seul plugin. Aucun des forfaits payants n&rsquo;a une telle limitation, c&rsquo;est-\u00e0-dire que le widget peut \u00eatre int\u00e9gr\u00e9 sur n&rsquo;importe quelle quantit\u00e9 de sites Web.\n<\/div>\r\n\t\t\t\t\t<\/div>\r\n\t\t\t\t<\/div>\n<div class=\"faq-item\">\r\n\t\t\t\t\t<div class=\"faq-item-question\">\r\n\t\t\t\t\t\t<h3 class=\"faq-item-question-text\">Accordez-vous une assistance gratuite pour l'installation?<\/h3>\r\n\r\n\t\t\t\t\t\t<div class=\"faq-item-question-icon\"><\/div>\r\n\t\t\t\t\t<\/div>\r\n\r\n\t\t\t\t\t<div class=\"faq-item-answer\">\r\n\t\t\t\t\t\t<div class=\"faq-item-answer-text\">\nOui, nous garantissons une assistance d&rsquo;installation gratuite pour tous nos utilisateurs. N&rsquo;h\u00e9sitez pas \u00e0 demander l&rsquo;aide de notre service client\u00e8le si vous en avez besoin.\n<\/div>\r\n\t\t\t\t\t<\/div>\r\n\t\t\t\t<\/div>\n<\/div>\n\n\n\n<p><\/p>\n","protected":false},"excerpt":{"rendered":"","protected":false},"author":9,"featured_media":0,"parent":3069,"menu_order":0,"comment_status":"closed","ping_status":"closed","template":"templates\/template-application-pricing.php","meta":{"publish_to_discourse":"","publish_post_category":"","wpdc_auto_publish_overridden":"","wpdc_topic_tags":"","wpdc_pin_topic":"","wpdc_pin_until":"","discourse_post_id":"","discourse_permalink":"","wpdc_publishing_response":"","wpdc_publishing_error":"","footnotes":""},"class_list":["post-3088","page","type-page","status-publish","hentry"],"yoast_head":"<!-- This site is optimized with the Yoast SEO plugin v25.3.1 - https:\/\/yoast.com\/wordpress\/plugins\/seo\/ -->\n<title>Widget Elfsight Avis OpenTable - Prix (gratuit et Premium)<\/title>\n<meta name=\"description\" content=\"Le widget Avis OpenTable vous permet de publier vos t\u00e9moignages sur votre site Web. Cr\u00e9ez un widget facile \u00e0 g\u00e9rer gratuitement!\" \/>\n<meta name=\"robots\" content=\"index, follow, max-snippet:-1, max-image-preview:large, max-video-preview:-1\" \/>\n<link rel=\"canonical\" href=\"https:\/\/elfsight.com\/fr\/opentable-reviews-widget\/pricing\/\" \/>\n<meta property=\"og:locale\" content=\"fr_FR\" \/>\n<meta property=\"og:type\" content=\"article\" \/>\n<meta property=\"og:title\" content=\"Widget Elfsight Avis OpenTable - Prix (gratuit et Premium)\" \/>\n<meta property=\"og:description\" content=\"Le widget Avis OpenTable vous permet de publier vos t\u00e9moignages sur votre site Web. Cr\u00e9ez un widget facile \u00e0 g\u00e9rer gratuitement!\" \/>\n<meta property=\"og:url\" content=\"https:\/\/elfsight.com\/fr\/opentable-reviews-widget\/pricing\/\" \/>\n<meta property=\"og:site_name\" content=\"Elfsight FR\" \/>\n<meta property=\"article:modified_time\" content=\"2022-03-21T10:40:55+00:00\" \/>\n<meta name=\"twitter:card\" content=\"summary_large_image\" \/>\n<meta name=\"twitter:label1\" content=\"Dur\u00e9e de lecture estim\u00e9e\" \/>\n\t<meta name=\"twitter:data1\" content=\"2 minutes\" \/>\n<!-- \/ Yoast SEO plugin. -->","yoast_head_json":{"title":"Widget Elfsight Avis OpenTable - Prix (gratuit et Premium)","description":"Le widget Avis OpenTable vous permet de publier vos t\u00e9moignages sur votre site Web. Cr\u00e9ez un widget facile \u00e0 g\u00e9rer gratuitement!","robots":{"index":"index","follow":"follow","max-snippet":"max-snippet:-1","max-image-preview":"max-image-preview:large","max-video-preview":"max-video-preview:-1"},"canonical":"https:\/\/elfsight.com\/fr\/opentable-reviews-widget\/pricing\/","og_locale":"fr_FR","og_type":"article","og_title":"Widget Elfsight Avis OpenTable - Prix (gratuit et Premium)","og_description":"Le widget Avis OpenTable vous permet de publier vos t\u00e9moignages sur votre site Web. Cr\u00e9ez un widget facile \u00e0 g\u00e9rer gratuitement!","og_url":"https:\/\/elfsight.com\/fr\/opentable-reviews-widget\/pricing\/","og_site_name":"Elfsight FR","article_modified_time":"2022-03-21T10:40:55+00:00","twitter_card":"summary_large_image","twitter_misc":{"Dur\u00e9e de lecture estim\u00e9e":"2 minutes"},"schema":{"@context":"https:\/\/schema.org","@graph":[{"@type":"WebPage","@id":"https:\/\/elfsight.com\/fr\/opentable-reviews-widget\/pricing\/","url":"https:\/\/elfsight.com\/fr\/opentable-reviews-widget\/pricing\/","name":"Widget Elfsight Avis OpenTable - Prix (gratuit et Premium)","isPartOf":{"@id":"https:\/\/elfsight.com\/fr\/#website"},"datePublished":"2020-10-13T12:34:34+00:00","dateModified":"2022-03-21T10:40:55+00:00","description":"Le widget Avis OpenTable vous permet de publier vos t\u00e9moignages sur votre site Web. Cr\u00e9ez un widget facile \u00e0 g\u00e9rer gratuitement!","breadcrumb":{"@id":"https:\/\/elfsight.com\/fr\/opentable-reviews-widget\/pricing\/#breadcrumb"},"inLanguage":"fr-FR","potentialAction":[{"@type":"ReadAction","target":["https:\/\/elfsight.com\/fr\/opentable-reviews-widget\/pricing\/"]}]},{"@type":"BreadcrumbList","@id":"https:\/\/elfsight.com\/fr\/opentable-reviews-widget\/pricing\/#breadcrumb","itemListElement":[{"@type":"ListItem","position":1,"name":"Home","item":"https:\/\/elfsight.com\/fr\/"},{"@type":"ListItem","position":2,"name":"OpenTable Reviews","item":"https:\/\/elfsight.com\/fr\/opentable-reviews-widget\/"},{"@type":"ListItem","position":3,"name":"OpenTable Reviews &#8211; Pricing"}]},{"@type":"WebSite","@id":"https:\/\/elfsight.com\/fr\/#website","url":"https:\/\/elfsight.com\/fr\/","name":"Elfsight FR","description":"","potentialAction":[{"@type":"SearchAction","target":{"@type":"EntryPoint","urlTemplate":"https:\/\/elfsight.com\/fr\/?s={search_term_string}"},"query-input":{"@type":"PropertyValueSpecification","valueRequired":true,"valueName":"search_term_string"}}],"inLanguage":"fr-FR"}]}},"meta_box":{"industry":"","seo_heading":"","heading":"","description":"","cta_heading":"","cta_description":"","application":"3068","h1":"","h1_caption":"","application_category":[],"applications_title":"","applications_request_title":"","applications_request_button_text":"","hero_text":"","hero_video":"","hero_video_schema_markup":"","selling_points_title":"","selling_points_caption":"","selling_points":[],"selling_points_cta_text":"","features_title":"","features":"","ed_cta_examples_text":"","ed_cta_examples_hidden":"","ed_cta_demo_text":"","ed_cta_demo_hidden":"","why_caption":"","why_editor_title":"","why_editor_text":"","why_team_title":"","why_team_text":"","why_service_title":"","why_service_text":"","template_catalog_visible":"","template_catalog_title":"","template_catalog_text":"","template_catalog_categories_visible":"","demo_title":"","demo_caption":"","default_faq_hidden":"1","app_template_category":[],"platform":"","template_public_id":"","codecanyon_url":"","codecanyon_item_id":"","codecanyon_price":"","pricing_caption":"","pricing_elfsight_apps_hide_column":"","pricing_elfsight_apps_url":"","pricing_codecanyon_price_caption":"","integration_category":[],"integration_request_title":"","integration_request_cta":"","integration_platform":"","integrations":[],"platform_category":[],"video_schema_markup":"","price":"","trial":"","benefits":[],"button_url":"","button_target_blank":"","button_nofollow":"","attributes":[],"tags":[],"tags_disable_links":"","hide_more_platforms":"","video_object":"","demo_hide_cta":"","demo_hide_cloud_options":"","pricing_title":"","pricing":[],"related_apps_title":"","related_apps_hidden":"","author":"","image":[],"title":"","job":"","social_networks":[]},"_links":{"self":[{"href":"https:\/\/elfsight.com\/fr\/wp-json\/wp\/v2\/pages\/3088","targetHints":{"allow":["GET"]}}],"collection":[{"href":"https:\/\/elfsight.com\/fr\/wp-json\/wp\/v2\/pages"}],"about":[{"href":"https:\/\/elfsight.com\/fr\/wp-json\/wp\/v2\/types\/page"}],"author":[{"embeddable":true,"href":"https:\/\/elfsight.com\/fr\/wp-json\/wp\/v2\/users\/9"}],"replies":[{"embeddable":true,"href":"https:\/\/elfsight.com\/fr\/wp-json\/wp\/v2\/comments?post=3088"}],"version-history":[{"count":5,"href":"https:\/\/elfsight.com\/fr\/wp-json\/wp\/v2\/pages\/3088\/revisions"}],"predecessor-version":[{"id":6962,"href":"https:\/\/elfsight.com\/fr\/wp-json\/wp\/v2\/pages\/3088\/revisions\/6962"}],"up":[{"embeddable":true,"href":"https:\/\/elfsight.com\/fr\/wp-json\/wp\/v2\/pages\/3069"}],"wp:attachment":[{"href":"https:\/\/elfsight.com\/fr\/wp-json\/wp\/v2\/media?parent=3088"}],"curies":[{"name":"wp","href":"https:\/\/api.w.org\/{rel}","templated":true}]}}