{"id":2939,"date":"2020-10-05T13:47:11","date_gmt":"2020-10-05T13:47:11","guid":{"rendered":"https:\/\/elfsight.com\/fr\/?page_id=2939"},"modified":"2024-07-17T09:25:21","modified_gmt":"2024-07-17T09:25:21","slug":"examples","status":"publish","type":"page","link":"https:\/\/elfsight.com\/fr\/line-chat-widget\/examples\/","title":{"rendered":"Line Chat &#8211; examples"},"content":{"rendered":"\n<div class=\"application-examples-item application-examples-item-loading\">\n                            <div class=\"col-row\">\n                                <div class=\"col-6 col-m-8 col-s-12\"><h3 class=\"application-examples-item-title\">Exemple 1. G\u00e9n\u00e9ral<\/h3><\/div>\n                <\/div>\n\n                <div class=\"application-examples-item-iframe-container browser-frame\">\n                    <div class=\"application-examples-item-iframe-wrapper\">\n                        <iframe class=\"application-examples-item-iframe application-examples-item-iframe-fixed-height\" data-src=\"https:\/\/elfsight.com\/examples?widget_id=c073984c-f199-47f2-9251-261d481b5d83\" width=\"100%\" height=\"300\" allow=\"autoplay; fullscreen\"><\/iframe>\n                    <\/div>\n\n                    <div class=\"application-examples-item-loader\"><\/div>\n                <\/div>\n            <\/div>\n\n<div class=\"application-examples-item application-examples-item-loading\">\n                            <div class=\"col-row\">\n                                <div class=\"col-6 col-m-8 col-s-12\"><h3 class=\"application-examples-item-title\">Example 2. Support<\/h3><div class=\"application-examples-item-description\">La d\u00e9cision la plus appropri\u00e9e pour le support technique sur votre site Web. Avec une photo d'un membre de l'\u00e9quipe, votre client sera s\u00fbr qu'il discute avec une personne r\u00e9elle. De plus, votre audience sera sachez combien il faut \u00e0 un membre de l\u2019\u00e9quipe de soutien pour r\u00e9pondre - la l\u00e9gende r\u00e9v\u00e8le le temps de r\u00e9ponse. <\/div><\/div>\n                <\/div>\n\n                <div class=\"application-examples-item-iframe-container browser-frame\">\n                    <div class=\"application-examples-item-iframe-wrapper\">\n                        <iframe class=\"application-examples-item-iframe application-examples-item-iframe-fixed-height\" data-src=\"https:\/\/elfsight.com\/examples?widget_id=bce8daa5-e456-4961-a848-2b2a07a7f5b7\" width=\"100%\" height=\"300\" allow=\"autoplay; fullscreen\"><\/iframe>\n                    <\/div>\n\n                    <div class=\"application-examples-item-loader\"><\/div>\n                <\/div>\n            <\/div>\n\n<div class=\"application-examples-item application-examples-item-loading\">\n                            <div class=\"col-row\">\n                                <div class=\"col-6 col-m-8 col-s-12\"><h3 class=\"application-examples-item-title\">Exemple 3. Vente<\/h3><div class=\"application-examples-item-description\">Ici, nous voyons une bo\u00eete de discussion visible et attrayante: l'en-t\u00eate est noir et les boutons sont rouges. Les d\u00e9tails de contraste aident \u00e0 rendre la d\u00e9cision plus facile, ce qui augmentera vos ventes. Comment obtenir plus clients fid\u00e8les? Ajoutez simplement la photo du responsable, son nom et sa position sur l'en-t\u00eate et le client ne doutera pas qu'il recevra de pr\u00e9cieux conseils. <\/div><\/div>\n                <\/div>\n\n                <div class=\"application-examples-item-iframe-container browser-frame\">\n                    <div class=\"application-examples-item-iframe-wrapper\">\n                        <iframe class=\"application-examples-item-iframe application-examples-item-iframe-fixed-height\" data-src=\"https:\/\/elfsight.com\/examples?widget_id=a75232d5-b05b-48ff-9b6b-ef6cb31aa761\" width=\"100%\" height=\"300\" allow=\"autoplay; fullscreen\"><\/iframe>\n                    <\/div>\n\n                    <div class=\"application-examples-item-loader\"><\/div>\n                <\/div>\n            <\/div>\n\n<div class=\"application-examples-item application-examples-item-loading\">\n                            <div class=\"col-row\">\n                                <div class=\"col-6 col-m-8 col-s-12\"><h3 class=\"application-examples-item-title\">Example 4. Booking<\/h3><div class=\"application-examples-item-description\">Le style bien connu de bo\u00eete de chat de r\u00e9servation motive vos visiteurs \u00e0 poser autant de questions qu'ils le souhaitent. Tous les boutons de messagerie les aident \u00e0 utiliser votre service instantan\u00e9ment. Le bouton D\u00e9marrer le chat utile est perceptible et personnalisable selon vos besoins. <\/div><\/div>\n                <\/div>\n\n                <div class=\"application-examples-item-iframe-container browser-frame\">\n                    <div class=\"application-examples-item-iframe-wrapper\">\n                        <iframe class=\"application-examples-item-iframe application-examples-item-iframe-fixed-height\" data-src=\"https:\/\/elfsight.com\/examples?widget_id=05e6fa7e-ddf4-499b-88fa-e71a0622fa66\" width=\"100%\" height=\"300\" allow=\"autoplay; fullscreen\"><\/iframe>\n                    <\/div>\n\n                    <div class=\"application-examples-item-loader\"><\/div>\n                <\/div>\n            <\/div>\n\n<div class=\"application-examples-item application-examples-item-loading\">\n                            <div class=\"col-row\">\n                                <div class=\"col-6 col-m-8 col-s-12\"><h3 class=\"application-examples-item-title\">Example 5. Feedback<\/h3><div class=\"application-examples-item-description\">Il est tr\u00e8s important pour tout propri\u00e9taire d'entreprise d'obtenir l'opinion des utilisateurs sur ses produits ou services. En appliquant une position de bulle flottante et un design accrocheur, vous ne manquerez pas une occasion d'acqu\u00e9rir un de vraies pens\u00e9es sur votre travail et utilisez les t\u00e9moignages les plus positifs pour la promotion de votre entreprise. <\/div><\/div>\n                <\/div>\n\n                <div class=\"application-examples-item-iframe-container browser-frame\">\n                    <div class=\"application-examples-item-iframe-wrapper\">\n                        <iframe class=\"application-examples-item-iframe application-examples-item-iframe-fixed-height\" data-src=\"https:\/\/elfsight.com\/examples?widget_id=4ae7ff96-ff6a-4c4b-9b6f-9500354c68c4\" width=\"100%\" height=\"300\" allow=\"autoplay; fullscreen\"><\/iframe>\n                    <\/div>\n\n                    <div class=\"application-examples-item-loader\"><\/div>\n                <\/div>\n            <\/div>\n\n<div class=\"application-cta-create\">\n                    <div class=\"application-cta-create-bg\">\n                        <div class=\"application-cta-create-bg-left\"><\/div>\n\n                        <div class=\"application-cta-create-bg-right\">\n                            <img decoding=\"async\" src=\"https:\/\/elfsight.com\/fr\/wp-content\/themes\/elfsight\/frontend\/assets\/img\/application-cta-create.jpg\" alt=\"Commencez par cr\u00e9er votre widget\">\n                        <\/div>\n                    <\/div>\n\n                    <div class=\"application-cta-create-content inner\">\n                        <div class=\"application-cta-create-content-inner\">\n                            <div class=\"application-cta-create-content-icon\">\n                                <svg viewBox=\"0 0 25 25\" width=\"100%\" height=\"100%\">\n                                    <use xlink:href=\"#icon-settings\"><\/use>\n                                <\/svg>\n                            <\/div>\n\n                            <div class=\"application-cta-create-content-title\">Commencez par cr\u00e9er votre widget<\/div>\n\n                            <div class=\"application-cta-create-content-text\">Vite. Facile. Pas de codage.<\/div>\n\n                            <a class=\"application-cta-create-content-button button-48 button-has-right-icon button-black button\" href=\"\">\n                                <span class=\"button-label\">Cr\u00e9er un widget<\/span>\n\n                                <svg class=\"button-icon\">\n                                    <use xlink:href=\"#icon-arrow-link\"><\/use>\n                                <\/svg>\n                            <\/a>\n                        <\/div>\n                    <\/div>\n                <\/div>\n\n<div class=\"application-examples-item application-examples-item-loading\">\n                            <div class=\"col-row\">\n                                <div class=\"col-6 col-m-8 col-s-12\"><h3 class=\"application-examples-item-title\">Example 6. Onboarding<\/h3><div class=\"application-examples-item-description\">Comment attirer vos clients potentiels sans les irriter avec des appels et des demandes? Aidez-les \u00e0 mieux vous conna\u00eetre gr\u00e2ce \u00e0 la bo\u00eete de discussion! Vos utilisateurs peuvent d\u00e9sormais trouver facilement les informations n\u00e9cessaires sur vos services ou produits. Le bouton D\u00e9marrer le chat attrayant est violet vif - ils ne le manqueront pas! <\/div><\/div>\n                <\/div>\n\n                <div class=\"application-examples-item-iframe-container browser-frame\">\n                    <div class=\"application-examples-item-iframe-wrapper\">\n                        <iframe class=\"application-examples-item-iframe application-examples-item-iframe-fixed-height\" data-src=\"https:\/\/elfsight.com\/examples?widget_id=6409c6e6-bd8c-4363-b630-983c90e3c2c1\" width=\"100%\" height=\"300\" allow=\"autoplay; fullscreen\"><\/iframe>\n                    <\/div>\n\n                    <div class=\"application-examples-item-loader\"><\/div>\n                <\/div>\n            <\/div>\n\n\n<div class=\"application-examples-item application-examples-item-loading\">\n                            <div class=\"col-row\">\n                                <div class=\"col-6 col-m-8 col-s-12\"><h3 class=\"application-examples-item-title\">Example 7. Consultation<\/h3><div class=\"application-examples-item-description\">Voici un bon exemple de consultation client sur vos offres de la mani\u00e8re la plus efficace. Un message de bienvenue et des boutons de messagerie jaune vif invitent \u00e0 d\u00e9marrer la conversation. Donnez \u00e0 vos utilisateurs les d\u00e9tails du service dans mani\u00e8re consid\u00e9rable et discr\u00e8te. <\/div><\/div>\n                <\/div>\n\n                <div class=\"application-examples-item-iframe-container browser-frame\">\n                    <div class=\"application-examples-item-iframe-wrapper\">\n                        <iframe class=\"application-examples-item-iframe application-examples-item-iframe-fixed-height\" data-src=\"https:\/\/elfsight.com\/examples?widget_id=021bbab7-7b08-4e0e-9ec7-5a69f69c9503\" width=\"100%\" height=\"300\" allow=\"autoplay; fullscreen\"><\/iframe>\n                    <\/div>\n\n                    <div class=\"application-examples-item-loader\"><\/div>\n                <\/div>\n            <\/div>\n\n<div class=\"application-examples-item application-examples-item-loading\">\n                            <div class=\"col-row\">\n                                <div class=\"col-6 col-m-8 col-s-12\"><h3 class=\"application-examples-item-title\">Exemple 8. Bouton Int\u00e9grer le chat<\/h3><div class=\"application-examples-item-description\">Avez-vous besoin d'int\u00e9grer votre chat dans la zone de contenu de votre site? S\u00e9lectionnez le bouton Int\u00e9grer le chat - une petite ic\u00f4ne s'adapte \u00e0 n'importe quel design et mise en page. En cliquant sur il, les clients verront le nom de la personne de chat et le message de bienvenue. <\/div><\/div>\n                <\/div>\n\n                <div class=\"application-examples-item-iframe-container browser-frame\">\n                    <div class=\"application-examples-item-iframe-wrapper\">\n                        <iframe class=\"application-examples-item-iframe application-examples-item-iframe-fixed-height\" data-src=\"https:\/\/elfsight.com\/examples?widget_id=267c2231-86a2-422e-bb8f-8495be34440c\" width=\"100%\" height=\"300\" allow=\"autoplay; fullscreen\"><\/iframe>\n                    <\/div>\n\n                    <div class=\"application-examples-item-loader\"><\/div>\n                <\/div>\n            <\/div>\n\n<div class=\"application-examples-item application-examples-item-loading\">\n                            <div class=\"col-row\">\n                                <div class=\"col-6 col-m-8 col-s-12\"><h3 class=\"application-examples-item-title\">Exemple 9. Fen\u00eatre de discussion int\u00e9gr\u00e9e<\/h3><div class=\"application-examples-item-description\">Vous pouvez int\u00e9grer le widget \u00e0 n'importe quel endroit de la page que vous avez choisie. Cela n'irritera pas vos clients car ils peuvent la faire d\u00e9filer. Au cas o\u00f9 ils en auraient besoin, les utilisateurs peuvent facilement trouver la fen\u00eatre de discussion et poser toutes les questions qu'ils ont. <\/div><\/div>\n                <\/div>\n\n                <div class=\"application-examples-item-iframe-container browser-frame\">\n                    <div class=\"application-examples-item-iframe-wrapper\">\n                        <iframe class=\"application-examples-item-iframe application-examples-item-iframe-fixed-height\" data-src=\"https:\/\/elfsight.com\/examples?widget_id=236a48b0-890c-4ad3-b7e9-0756a8b96f0d\" width=\"100%\" height=\"300\" allow=\"autoplay; fullscreen\"><\/iframe>\n                    <\/div>\n\n                    <div class=\"application-examples-item-loader\"><\/div>\n                <\/div>\n            <\/div>\n","protected":false},"excerpt":{"rendered":"","protected":false},"author":9,"featured_media":0,"parent":2930,"menu_order":0,"comment_status":"closed","ping_status":"closed","template":"templates\/template-application-examples.php","meta":{"publish_to_discourse":"","publish_post_category":"","wpdc_auto_publish_overridden":"","wpdc_topic_tags":"","wpdc_pin_topic":"","wpdc_pin_until":"","discourse_post_id":"","discourse_permalink":"","wpdc_publishing_response":"","wpdc_publishing_error":"","footnotes":""},"class_list":["post-2939","page","type-page","status-publish","hentry"],"yoast_head":"<!-- This site is optimized with the Yoast SEO plugin v25.3.1 - https:\/\/yoast.com\/wordpress\/plugins\/seo\/ -->\n<title>Chat Line - Exemples (comment utiliser le chat sur votre site Web)<\/title>\n<meta name=\"description\" content=\"D\u00e9couvrez comment Line Chat by Elfsight fonctionne sur votre site Web. Utilisez nos mod\u00e8les pour ajouter un chat r\u00e9actif sur votre site!\" \/>\n<meta name=\"robots\" content=\"index, follow, max-snippet:-1, max-image-preview:large, max-video-preview:-1\" \/>\n<link rel=\"canonical\" href=\"https:\/\/elfsight.com\/fr\/line-chat-widget\/examples\/\" \/>\n<meta property=\"og:locale\" content=\"fr_FR\" \/>\n<meta property=\"og:type\" content=\"article\" \/>\n<meta property=\"og:title\" content=\"Chat Line - Exemples (comment utiliser le chat sur votre site Web)\" \/>\n<meta property=\"og:description\" content=\"D\u00e9couvrez comment Line Chat by Elfsight fonctionne sur votre site Web. Utilisez nos mod\u00e8les pour ajouter un chat r\u00e9actif sur votre site!\" \/>\n<meta property=\"og:url\" content=\"https:\/\/elfsight.com\/fr\/line-chat-widget\/examples\/\" \/>\n<meta property=\"og:site_name\" content=\"Elfsight FR\" \/>\n<meta property=\"article:modified_time\" content=\"2024-07-17T09:25:21+00:00\" \/>\n<meta name=\"twitter:card\" content=\"summary_large_image\" \/>\n<meta name=\"twitter:label1\" content=\"Dur\u00e9e de lecture estim\u00e9e\" \/>\n\t<meta name=\"twitter:data1\" content=\"4 minutes\" \/>\n<!-- \/ Yoast SEO plugin. -->","yoast_head_json":{"title":"Chat Line - Exemples (comment utiliser le chat sur votre site Web)","description":"D\u00e9couvrez comment Line Chat by Elfsight fonctionne sur votre site Web. Utilisez nos mod\u00e8les pour ajouter un chat r\u00e9actif sur votre site!","robots":{"index":"index","follow":"follow","max-snippet":"max-snippet:-1","max-image-preview":"max-image-preview:large","max-video-preview":"max-video-preview:-1"},"canonical":"https:\/\/elfsight.com\/fr\/line-chat-widget\/examples\/","og_locale":"fr_FR","og_type":"article","og_title":"Chat Line - Exemples (comment utiliser le chat sur votre site Web)","og_description":"D\u00e9couvrez comment Line Chat by Elfsight fonctionne sur votre site Web. Utilisez nos mod\u00e8les pour ajouter un chat r\u00e9actif sur votre site!","og_url":"https:\/\/elfsight.com\/fr\/line-chat-widget\/examples\/","og_site_name":"Elfsight FR","article_modified_time":"2024-07-17T09:25:21+00:00","twitter_card":"summary_large_image","twitter_misc":{"Dur\u00e9e de lecture estim\u00e9e":"4 minutes"},"schema":{"@context":"https:\/\/schema.org","@graph":[{"@type":"WebPage","@id":"https:\/\/elfsight.com\/fr\/line-chat-widget\/examples\/","url":"https:\/\/elfsight.com\/fr\/line-chat-widget\/examples\/","name":"Chat Line - Exemples (comment utiliser le chat sur votre site Web)","isPartOf":{"@id":"https:\/\/elfsight.com\/fr\/#website"},"datePublished":"2020-10-05T13:47:11+00:00","dateModified":"2024-07-17T09:25:21+00:00","description":"D\u00e9couvrez comment Line Chat by Elfsight fonctionne sur votre site Web. Utilisez nos mod\u00e8les pour ajouter un chat r\u00e9actif sur votre site!","breadcrumb":{"@id":"https:\/\/elfsight.com\/fr\/line-chat-widget\/examples\/#breadcrumb"},"inLanguage":"fr-FR","potentialAction":[{"@type":"ReadAction","target":["https:\/\/elfsight.com\/fr\/line-chat-widget\/examples\/"]}]},{"@type":"BreadcrumbList","@id":"https:\/\/elfsight.com\/fr\/line-chat-widget\/examples\/#breadcrumb","itemListElement":[{"@type":"ListItem","position":1,"name":"Home","item":"https:\/\/elfsight.com\/fr\/"},{"@type":"ListItem","position":2,"name":"Line Chat","item":"https:\/\/elfsight.com\/fr\/line-chat-widget\/"},{"@type":"ListItem","position":3,"name":"Line Chat &#8211; examples"}]},{"@type":"WebSite","@id":"https:\/\/elfsight.com\/fr\/#website","url":"https:\/\/elfsight.com\/fr\/","name":"Elfsight FR","description":"","potentialAction":[{"@type":"SearchAction","target":{"@type":"EntryPoint","urlTemplate":"https:\/\/elfsight.com\/fr\/?s={search_term_string}"},"query-input":{"@type":"PropertyValueSpecification","valueRequired":true,"valueName":"search_term_string"}}],"inLanguage":"fr-FR"}]}},"meta_box":{"industry":"","seo_heading":"","heading":"","description":"","cta_heading":"","cta_description":"","application":"2929","h1":"","h1_caption":"","application_category":[],"applications_title":"","applications_request_title":"","applications_request_button_text":"","hero_text":"","hero_video":"","hero_video_schema_markup":"","selling_points_title":"","selling_points_caption":"","selling_points":[],"selling_points_cta_text":"","features_title":"","features":"","ed_cta_examples_text":"","ed_cta_examples_hidden":"","ed_cta_demo_text":"","ed_cta_demo_hidden":"","why_caption":"","why_editor_title":"","why_editor_text":"","why_team_title":"","why_team_text":"","why_service_title":"","why_service_text":"","template_catalog_visible":"","template_catalog_title":"","template_catalog_text":"","template_catalog_categories_visible":"","demo_title":"","demo_caption":"","default_faq_hidden":"","app_template_category":[],"platform":"","template_public_id":"","codecanyon_url":"","codecanyon_item_id":"","codecanyon_price":"","pricing_caption":"","pricing_elfsight_apps_hide_column":"","pricing_elfsight_apps_url":"","pricing_codecanyon_price_caption":"","integration_category":[],"integration_request_title":"","integration_request_cta":"","integration_platform":"","integrations":[],"platform_category":[],"video_schema_markup":"","price":"","trial":"","benefits":[],"button_url":"","button_target_blank":"","button_nofollow":"","attributes":[],"tags":[],"tags_disable_links":"","hide_more_platforms":"","video_object":"","demo_hide_cta":"","demo_hide_cloud_options":"","pricing_title":"","pricing":[],"related_apps_title":"","related_apps_hidden":"","author":"","image":[],"title":"","job":"","social_networks":[]},"_links":{"self":[{"href":"https:\/\/elfsight.com\/fr\/wp-json\/wp\/v2\/pages\/2939","targetHints":{"allow":["GET"]}}],"collection":[{"href":"https:\/\/elfsight.com\/fr\/wp-json\/wp\/v2\/pages"}],"about":[{"href":"https:\/\/elfsight.com\/fr\/wp-json\/wp\/v2\/types\/page"}],"author":[{"embeddable":true,"href":"https:\/\/elfsight.com\/fr\/wp-json\/wp\/v2\/users\/9"}],"replies":[{"embeddable":true,"href":"https:\/\/elfsight.com\/fr\/wp-json\/wp\/v2\/comments?post=2939"}],"version-history":[{"count":4,"href":"https:\/\/elfsight.com\/fr\/wp-json\/wp\/v2\/pages\/2939\/revisions"}],"predecessor-version":[{"id":14166,"href":"https:\/\/elfsight.com\/fr\/wp-json\/wp\/v2\/pages\/2939\/revisions\/14166"}],"up":[{"embeddable":true,"href":"https:\/\/elfsight.com\/fr\/wp-json\/wp\/v2\/pages\/2930"}],"wp:attachment":[{"href":"https:\/\/elfsight.com\/fr\/wp-json\/wp\/v2\/media?parent=2939"}],"curies":[{"name":"wp","href":"https:\/\/api.w.org\/{rel}","templated":true}]}}