{"id":2936,"date":"2020-10-05T13:47:07","date_gmt":"2020-10-05T13:47:07","guid":{"rendered":"https:\/\/elfsight.com\/fr\/?page_id=2936"},"modified":"2021-08-30T12:23:17","modified_gmt":"2021-08-30T12:23:17","slug":"create","status":"publish","type":"page","link":"https:\/\/elfsight.com\/fr\/line-chat-widget\/create\/","title":{"rendered":"Line Chat &#8211; Create"},"content":{"rendered":"\n<div class=\"faq\" data-component=\"FAQ\">\n<div class=\"faq-item\">\r\n\t\t\t\t\t<div class=\"faq-item-question\">\r\n\t\t\t\t\t\t<h3 class=\"faq-item-question-text\">Y a-t-il une possibilit\u00e9 de modifier la conception du widget?<\/h3>\r\n\r\n\t\t\t\t\t\t<div class=\"faq-item-question-icon\"><\/div>\r\n\t\t\t\t\t<\/div>\r\n\r\n\t\t\t\t\t<div class=\"faq-item-answer\">\r\n\t\t\t\t\t\t<div class=\"faq-item-answer-text\">\nS\u00fbr! Vous \u00eates libre d&rsquo;effectuer toutes les modifications n\u00e9cessaires dans notre \u00e9diteur utile. Allez simplement dans l&rsquo;onglet Style et effectuez toutes les modifications n\u00e9cessaires. Une fois que vous avez termin\u00e9, enregistrez les modifications.\n<\/div>\r\n\t\t\t\t\t<\/div>\r\n\t\t\t\t<\/div>\n\n<div class=\"faq-item\">\r\n\t\t\t\t\t<div class=\"faq-item-question\">\r\n\t\t\t\t\t\t<h3 class=\"faq-item-question-text\">Comment puis-je ajouter le chat en ligne dans mon mod\u00e8le de site web?<\/h3>\r\n\r\n\t\t\t\t\t\t<div class=\"faq-item-question-icon\"><\/div>\r\n\t\t\t\t\t<\/div>\r\n\r\n\t\t\t\t\t<div class=\"faq-item-answer\">\r\n\t\t\t\t\t\t<div class=\"faq-item-answer-text\">\nTout ce que vous avez \u00e0 faire est de construire votre plugin, puis d&rsquo;ajuster son style et d&rsquo;enregistrer vos ajustements. Ensuite, prenez le code de l&rsquo;outil que vous venez de mettre en forme et int\u00e9grez-le dans le mod\u00e8le que vous avez actuellement.\n<\/div>\r\n\t\t\t\t\t<\/div>\r\n\t\t\t\t<\/div>\n\n<div class=\"faq-item\">\r\n\t\t\t\t\t<div class=\"faq-item-question\">\r\n\t\t\t\t\t\t<h3 class=\"faq-item-question-text\">Vos widgets sont-ils adaptables \u00e0 ma plate-forme de site web?<\/h3>\r\n\r\n\t\t\t\t\t\t<div class=\"faq-item-question-icon\"><\/div>\r\n\t\t\t\t\t<\/div>\r\n\r\n\t\t\t\t\t<div class=\"faq-item-answer\">\r\n\t\t\t\t\t\t<div class=\"faq-item-answer-text\">\n! Nos widgets fonctionnent exceptionnellement sur presque toutes les plates-formes de sites Web populaires, par exemple, WordPress et) sur toutes les plates-formes ayant un HTML personnalis\u00e9 (onglet Facebook, etc.). De plus, en supposant que vous rencontriez des probl\u00e8mes, vous \u00eates toujours libre de contacter notre personnel d&rsquo;assistance.\n<\/div>\r\n\t\t\t\t\t<\/div>\r\n\t\t\t\t<\/div>\n\n<div class=\"faq-item\">\r\n\t\t\t\t\t<div class=\"faq-item-question\">\r\n\t\t\t\t\t\t<h3 class=\"faq-item-question-text\">Votre plugin est-il r\u00e9actif?<\/h3>\r\n\r\n\t\t\t\t\t\t<div class=\"faq-item-question-icon\"><\/div>\r\n\t\t\t\t\t<\/div>\r\n\r\n\t\t\t\t\t<div class=\"faq-item-answer\">\r\n\t\t\t\t\t\t<div class=\"faq-item-answer-text\">\nS\u00fbrement! Vous n&rsquo;avez pas \u00e0 vous inqui\u00e9ter de son efficacit\u00e9 &#8211; nos plugins fonctionnent et sont brillants sur tous les types d&rsquo;appareils que vous utilisez.\n<\/div>\r\n\t\t\t\t\t<\/div>\r\n\t\t\t\t<\/div>\n\n<div class=\"faq-item\">\r\n\t\t\t\t\t<div class=\"faq-item-question\">\r\n\t\t\t\t\t\t<h3 class=\"faq-item-question-text\">Puis-je modifier les proportions du chat en ligne?<\/h3>\r\n\r\n\t\t\t\t\t\t<div class=\"faq-item-question-icon\"><\/div>\r\n\t\t\t\t\t<\/div>\r\n\r\n\t\t\t\t\t<div class=\"faq-item-answer\">\r\n\t\t\t\t\t\t<div class=\"faq-item-answer-text\">\nOui. Il vous suffit ici d&rsquo;aller dans l&rsquo;\u00e9diteur, de distinguer la hauteur et le diam\u00e8tre de l&rsquo;outil en pixels ou en pourcentage. Ou vous pouvez choisir l&rsquo;option Auto afin qu&rsquo;elle puisse s&rsquo;int\u00e9grer facilement \u00e0 l&#8217;emplacement gratuit disponible sur votre page web.\n<\/div>\r\n\t\t\t\t\t<\/div>\r\n\t\t\t\t<\/div>\n<\/div>\n","protected":false},"excerpt":{"rendered":"","protected":false},"author":9,"featured_media":0,"parent":2930,"menu_order":0,"comment_status":"closed","ping_status":"closed","template":"templates\/template-application-create.php","meta":{"publish_to_discourse":"","publish_post_category":"","wpdc_auto_publish_overridden":"","wpdc_topic_tags":"","wpdc_pin_topic":"","wpdc_pin_until":"","discourse_post_id":"","discourse_permalink":"","wpdc_publishing_response":"","wpdc_publishing_error":"","footnotes":""},"class_list":["post-2936","page","type-page","status-publish","hentry"],"yoast_head":"<!-- This site is optimized with the Yoast SEO plugin v25.3.1 - https:\/\/yoast.com\/wordpress\/plugins\/seo\/ -->\n<title>Cr\u00e9ez un widget Chat Line pour votre site Web (rapide et gratuit)<\/title>\n<meta name=\"description\" content=\"Cr\u00e9ez un chat en ligne pour votre site Web \u00e0 l&#039;aide d&#039;un configurateur en ligne. Int\u00e9grez gratuitement Chat Box Messenger par Elfsight.\" \/>\n<meta name=\"robots\" content=\"index, follow, max-snippet:-1, max-image-preview:large, max-video-preview:-1\" \/>\n<link rel=\"canonical\" href=\"https:\/\/elfsight.com\/fr\/line-chat-widget\/create\/\" \/>\n<meta property=\"og:locale\" content=\"fr_FR\" \/>\n<meta property=\"og:type\" content=\"article\" \/>\n<meta property=\"og:title\" content=\"Cr\u00e9ez un widget Chat Line pour votre site Web (rapide et gratuit)\" \/>\n<meta property=\"og:description\" content=\"Cr\u00e9ez un chat en ligne pour votre site Web \u00e0 l&#039;aide d&#039;un configurateur en ligne. Int\u00e9grez gratuitement Chat Box Messenger par Elfsight.\" \/>\n<meta property=\"og:url\" content=\"https:\/\/elfsight.com\/fr\/line-chat-widget\/create\/\" \/>\n<meta property=\"og:site_name\" content=\"Elfsight FR\" \/>\n<meta property=\"article:modified_time\" content=\"2021-08-30T12:23:17+00:00\" \/>\n<meta name=\"twitter:card\" content=\"summary_large_image\" \/>\n<meta name=\"twitter:label1\" content=\"Dur\u00e9e de lecture estim\u00e9e\" \/>\n\t<meta name=\"twitter:data1\" content=\"2 minutes\" \/>\n<!-- \/ Yoast SEO plugin. -->","yoast_head_json":{"title":"Cr\u00e9ez un widget Chat Line pour votre site Web (rapide et gratuit)","description":"Cr\u00e9ez un chat en ligne pour votre site Web \u00e0 l'aide d'un configurateur en ligne. Int\u00e9grez gratuitement Chat Box Messenger par Elfsight.","robots":{"index":"index","follow":"follow","max-snippet":"max-snippet:-1","max-image-preview":"max-image-preview:large","max-video-preview":"max-video-preview:-1"},"canonical":"https:\/\/elfsight.com\/fr\/line-chat-widget\/create\/","og_locale":"fr_FR","og_type":"article","og_title":"Cr\u00e9ez un widget Chat Line pour votre site Web (rapide et gratuit)","og_description":"Cr\u00e9ez un chat en ligne pour votre site Web \u00e0 l'aide d'un configurateur en ligne. Int\u00e9grez gratuitement Chat Box Messenger par Elfsight.","og_url":"https:\/\/elfsight.com\/fr\/line-chat-widget\/create\/","og_site_name":"Elfsight FR","article_modified_time":"2021-08-30T12:23:17+00:00","twitter_card":"summary_large_image","twitter_misc":{"Dur\u00e9e de lecture estim\u00e9e":"2 minutes"},"schema":{"@context":"https:\/\/schema.org","@graph":[{"@type":"WebPage","@id":"https:\/\/elfsight.com\/fr\/line-chat-widget\/create\/","url":"https:\/\/elfsight.com\/fr\/line-chat-widget\/create\/","name":"Cr\u00e9ez un widget Chat Line pour votre site Web (rapide et gratuit)","isPartOf":{"@id":"https:\/\/elfsight.com\/fr\/#website"},"datePublished":"2020-10-05T13:47:07+00:00","dateModified":"2021-08-30T12:23:17+00:00","description":"Cr\u00e9ez un chat en ligne pour votre site Web \u00e0 l'aide d'un configurateur en ligne. Int\u00e9grez gratuitement Chat Box Messenger par Elfsight.","breadcrumb":{"@id":"https:\/\/elfsight.com\/fr\/line-chat-widget\/create\/#breadcrumb"},"inLanguage":"fr-FR","potentialAction":[{"@type":"ReadAction","target":["https:\/\/elfsight.com\/fr\/line-chat-widget\/create\/"]}]},{"@type":"BreadcrumbList","@id":"https:\/\/elfsight.com\/fr\/line-chat-widget\/create\/#breadcrumb","itemListElement":[{"@type":"ListItem","position":1,"name":"Home","item":"https:\/\/elfsight.com\/fr\/"},{"@type":"ListItem","position":2,"name":"Line Chat","item":"https:\/\/elfsight.com\/fr\/line-chat-widget\/"},{"@type":"ListItem","position":3,"name":"Line Chat &#8211; Create"}]},{"@type":"WebSite","@id":"https:\/\/elfsight.com\/fr\/#website","url":"https:\/\/elfsight.com\/fr\/","name":"Elfsight FR","description":"","potentialAction":[{"@type":"SearchAction","target":{"@type":"EntryPoint","urlTemplate":"https:\/\/elfsight.com\/fr\/?s={search_term_string}"},"query-input":{"@type":"PropertyValueSpecification","valueRequired":true,"valueName":"search_term_string"}}],"inLanguage":"fr-FR"}]}},"meta_box":{"industry":"","seo_heading":"","heading":"","description":"","cta_heading":"","cta_description":"","application":"2929","h1":"","h1_caption":"","application_category":[],"applications_title":"","applications_request_title":"","applications_request_button_text":"","hero_text":"","hero_video":"","hero_video_schema_markup":"","selling_points_title":"","selling_points_caption":"","selling_points":[],"selling_points_cta_text":"","features_title":"","features":"","ed_cta_examples_text":"","ed_cta_examples_hidden":"","ed_cta_demo_text":"","ed_cta_demo_hidden":"","why_caption":"","why_editor_title":"","why_editor_text":"","why_team_title":"","why_team_text":"","why_service_title":"","why_service_text":"","template_catalog_visible":"","template_catalog_title":"","template_catalog_text":"","template_catalog_categories_visible":"","demo_title":"","demo_caption":"","default_faq_hidden":"","app_template_category":[],"platform":"","template_public_id":"","codecanyon_url":"","codecanyon_item_id":"","codecanyon_price":"","pricing_caption":"","pricing_elfsight_apps_hide_column":"","pricing_elfsight_apps_url":"","pricing_codecanyon_price_caption":"","integration_category":[],"integration_request_title":"","integration_request_cta":"","integration_platform":"","integrations":[],"platform_category":[],"video_schema_markup":"","price":"","trial":"","benefits":[],"button_url":"","button_target_blank":"","button_nofollow":"","attributes":[],"tags":[],"tags_disable_links":"","hide_more_platforms":"","video_object":"","demo_hide_cta":"","demo_hide_cloud_options":"","pricing_title":"","pricing":[],"related_apps_title":"","related_apps_hidden":"","author":"","image":[],"title":"","job":"","social_networks":[]},"_links":{"self":[{"href":"https:\/\/elfsight.com\/fr\/wp-json\/wp\/v2\/pages\/2936","targetHints":{"allow":["GET"]}}],"collection":[{"href":"https:\/\/elfsight.com\/fr\/wp-json\/wp\/v2\/pages"}],"about":[{"href":"https:\/\/elfsight.com\/fr\/wp-json\/wp\/v2\/types\/page"}],"author":[{"embeddable":true,"href":"https:\/\/elfsight.com\/fr\/wp-json\/wp\/v2\/users\/9"}],"replies":[{"embeddable":true,"href":"https:\/\/elfsight.com\/fr\/wp-json\/wp\/v2\/comments?post=2936"}],"version-history":[{"count":2,"href":"https:\/\/elfsight.com\/fr\/wp-json\/wp\/v2\/pages\/2936\/revisions"}],"predecessor-version":[{"id":2938,"href":"https:\/\/elfsight.com\/fr\/wp-json\/wp\/v2\/pages\/2936\/revisions\/2938"}],"up":[{"embeddable":true,"href":"https:\/\/elfsight.com\/fr\/wp-json\/wp\/v2\/pages\/2930"}],"wp:attachment":[{"href":"https:\/\/elfsight.com\/fr\/wp-json\/wp\/v2\/media?parent=2936"}],"curies":[{"name":"wp","href":"https:\/\/api.w.org\/{rel}","templated":true}]}}