{"id":2888,"date":"2020-10-02T11:27:52","date_gmt":"2020-10-02T11:27:52","guid":{"rendered":"https:\/\/elfsight.com\/fr\/?page_id=2888"},"modified":"2020-10-13T15:54:48","modified_gmt":"2020-10-13T15:54:48","slug":"create","status":"publish","type":"page","link":"https:\/\/elfsight.com\/fr\/qr-code-widget\/create\/","title":{"rendered":"QR Code &#8211; Create"},"content":{"rendered":"\n<div class=\"faq\" data-component=\"FAQ\">\n<div class=\"faq-item\">\r\n\t\t\t\t\t<div class=\"faq-item-question\">\r\n\t\t\t\t\t\t<h3 class=\"faq-item-question-text\">Est-ce qu'il y a une possibilit\u00e9 d\u2019ajuster le widget? <\/h3>\r\n\r\n\t\t\t\t\t\t<div class=\"faq-item-question-icon\"><\/div>\r\n\t\t\t\t\t<\/div>\r\n\r\n\t\t\t\t\t<div class=\"faq-item-answer\">\r\n\t\t\t\t\t\t<div class=\"faq-item-answer-text\">\n<p>Bien s\u00fbr! Vous \u00eates libre de le faire \u00e0 partir notre \u00e9ditor live. Il suffit aller \u00e0 la Section \u2018Style\u2019 et faire toutes les transformations essentiels. Fois que vous avez termin\u00e9, sauvegarder vos r\u00e9glages. <\/p>\n<\/div>\r\n\t\t\t\t\t<\/div>\r\n\t\t\t\t<\/div>\n\n\n<div class=\"faq-item\">\r\n\t\t\t\t\t<div class=\"faq-item-question\">\r\n\t\t\t\t\t\t<h3 class=\"faq-item-question-text\">De quelle mani\u00e8re puis-je int\u00e9grer le QR Code \u00e0 mon site web? <\/h3>\r\n\r\n\t\t\t\t\t\t<div class=\"faq-item-question-icon\"><\/div>\r\n\t\t\t\t\t<\/div>\r\n\r\n\t\t\t\t\t<div class=\"faq-item-answer\">\r\n\t\t\t\t\t\t<div class=\"faq-item-answer-text\">\n<p>Tout ce qu&rsquo;il faut est \u00e9tablir un instrument, puis configurer son design et sauvegarder vos changements. Recopier le code et embarquer dans la mise en page. <\/p>\n<\/div>\r\n\t\t\t\t\t<\/div>\r\n\t\t\t\t<\/div>\n\n\n<div class=\"faq-item\">\r\n\t\t\t\t\t<div class=\"faq-item-question\">\r\n\t\t\t\t\t\t<h3 class=\"faq-item-question-text\">Est-ce que vos applications compatibles avec ma plate-forme? <\/h3>\r\n\r\n\t\t\t\t\t\t<div class=\"faq-item-question-icon\"><\/div>\r\n\t\t\t\t\t<\/div>\r\n\r\n\t\t\t\t\t<div class=\"faq-item-answer\">\r\n\t\t\t\t\t\t<div class=\"faq-item-answer-text\">\n<p>S\u00fbrement! Tous les outils sont cr\u00e9\u00e9s pour marcher sur presque toutes les reconnaissables plateformes de site web comportants HTML (Tumblr, etc). \u00c9galement, imaginons que vous tombez sur des probl\u00e8mes, vous pouvez \u00e9crire \u00e0 service client\u00e8le. <\/p>\n<\/div>\r\n\t\t\t\t\t<\/div>\r\n\t\t\t\t<\/div>\n\n<div class=\"faq-item\">\r\n\t\t\t\t\t<div class=\"faq-item-question\">\r\n\t\t\t\t\t\t<h3 class=\"faq-item-question-text\">Est-ce que l\u2019instrument bien adapt\u00e9 pour \u00eatre employ\u00e9 sur les dispositifs portables? <\/h3>\r\n\r\n\t\t\t\t\t\t<div class=\"faq-item-question-icon\"><\/div>\r\n\t\t\t\t\t<\/div>\r\n\r\n\t\t\t\t\t<div class=\"faq-item-answer\">\r\n\t\t\t\t\t\t<div class=\"faq-item-answer-text\">\n<p>Tout \u00e0 fait! Vous n&rsquo;avez pas \u00e0 vous inqui\u00e9ter comment il fonctionne &#8211; nos applications ajustent correctement sur tous les dispositifs portables. <\/p>\n<\/div>\r\n\t\t\t\t\t<\/div>\r\n\t\t\t\t<\/div>\n\n\n<div class=\"faq-item\">\r\n\t\t\t\t\t<div class=\"faq-item-question\">\r\n\t\t\t\t\t\t<h3 class=\"faq-item-question-text\">Puis-je changer le taille de QR Code? <\/h3>\r\n\r\n\t\t\t\t\t\t<div class=\"faq-item-question-icon\"><\/div>\r\n\t\t\t\t\t<\/div>\r\n\r\n\t\t\t\t\t<div class=\"faq-item-answer\">\r\n\t\t\t\t\t\t<div class=\"faq-item-answer-text\">\n<p>Bien sur. Il suffit ouvrir l\u2019\u00e9ditor interactif, ajuster les proportions du plugin en px ou %. Vous pouvez aussi choisir la variante Auto pour lui permettre s&rsquo;int\u00e9grer dans l\u2019espace libre sur la page. <\/p>\n<\/div>\r\n\t\t\t\t\t<\/div>\r\n\t\t\t\t<\/div>\n\n<\/div>\n","protected":false},"excerpt":{"rendered":"","protected":false},"author":9,"featured_media":0,"parent":2881,"menu_order":0,"comment_status":"closed","ping_status":"closed","template":"templates\/template-application-create.php","meta":{"publish_to_discourse":"","publish_post_category":"","wpdc_auto_publish_overridden":"","wpdc_topic_tags":"","wpdc_pin_topic":"","wpdc_pin_until":"","discourse_post_id":"","discourse_permalink":"","wpdc_publishing_response":"","wpdc_publishing_error":"","footnotes":""},"class_list":["post-2888","page","type-page","status-publish","hentry"],"yoast_head":"<!-- This site is optimized with the Yoast SEO plugin v25.3.1 - https:\/\/yoast.com\/wordpress\/plugins\/seo\/ -->\n<title>Cr\u00e9ez un widget QR Code sur votre site Web (rapide et gratuit)<\/title>\n<meta name=\"description\" content=\"Commencez \u00e0 cr\u00e9er facilement un widget QR Code r\u00e9actif pour votre site Web dans notre \u00e9diteur pratique. Cr\u00e9ez votre site Web avec Elfsight sans effort!\" \/>\n<meta name=\"robots\" content=\"index, follow, max-snippet:-1, max-image-preview:large, max-video-preview:-1\" \/>\n<link rel=\"canonical\" href=\"https:\/\/elfsight.com\/fr\/qr-code-widget\/create\/\" \/>\n<meta property=\"og:locale\" content=\"fr_FR\" \/>\n<meta property=\"og:type\" content=\"article\" \/>\n<meta property=\"og:title\" content=\"Cr\u00e9ez un widget QR Code sur votre site Web (rapide et gratuit)\" \/>\n<meta property=\"og:description\" content=\"Commencez \u00e0 cr\u00e9er facilement un widget QR Code r\u00e9actif pour votre site Web dans notre \u00e9diteur pratique. Cr\u00e9ez votre site Web avec Elfsight sans effort!\" \/>\n<meta property=\"og:url\" content=\"https:\/\/elfsight.com\/fr\/qr-code-widget\/create\/\" \/>\n<meta property=\"og:site_name\" content=\"Elfsight FR\" \/>\n<meta property=\"article:modified_time\" content=\"2020-10-13T15:54:48+00:00\" \/>\n<meta name=\"twitter:card\" content=\"summary_large_image\" \/>\n<meta name=\"twitter:label1\" content=\"Dur\u00e9e de lecture estim\u00e9e\" \/>\n\t<meta name=\"twitter:data1\" content=\"1 minute\" \/>\n<!-- \/ Yoast SEO plugin. -->","yoast_head_json":{"title":"Cr\u00e9ez un widget QR Code sur votre site Web (rapide et gratuit)","description":"Commencez \u00e0 cr\u00e9er facilement un widget QR Code r\u00e9actif pour votre site Web dans notre \u00e9diteur pratique. Cr\u00e9ez votre site Web avec Elfsight sans effort!","robots":{"index":"index","follow":"follow","max-snippet":"max-snippet:-1","max-image-preview":"max-image-preview:large","max-video-preview":"max-video-preview:-1"},"canonical":"https:\/\/elfsight.com\/fr\/qr-code-widget\/create\/","og_locale":"fr_FR","og_type":"article","og_title":"Cr\u00e9ez un widget QR Code sur votre site Web (rapide et gratuit)","og_description":"Commencez \u00e0 cr\u00e9er facilement un widget QR Code r\u00e9actif pour votre site Web dans notre \u00e9diteur pratique. Cr\u00e9ez votre site Web avec Elfsight sans effort!","og_url":"https:\/\/elfsight.com\/fr\/qr-code-widget\/create\/","og_site_name":"Elfsight FR","article_modified_time":"2020-10-13T15:54:48+00:00","twitter_card":"summary_large_image","twitter_misc":{"Dur\u00e9e de lecture estim\u00e9e":"1 minute"},"schema":{"@context":"https:\/\/schema.org","@graph":[{"@type":"WebPage","@id":"https:\/\/elfsight.com\/fr\/qr-code-widget\/create\/","url":"https:\/\/elfsight.com\/fr\/qr-code-widget\/create\/","name":"Cr\u00e9ez un widget QR Code sur votre site Web (rapide et gratuit)","isPartOf":{"@id":"https:\/\/elfsight.com\/fr\/#website"},"datePublished":"2020-10-02T11:27:52+00:00","dateModified":"2020-10-13T15:54:48+00:00","description":"Commencez \u00e0 cr\u00e9er facilement un widget QR Code r\u00e9actif pour votre site Web dans notre \u00e9diteur pratique. Cr\u00e9ez votre site Web avec Elfsight sans effort!","breadcrumb":{"@id":"https:\/\/elfsight.com\/fr\/qr-code-widget\/create\/#breadcrumb"},"inLanguage":"fr-FR","potentialAction":[{"@type":"ReadAction","target":["https:\/\/elfsight.com\/fr\/qr-code-widget\/create\/"]}]},{"@type":"BreadcrumbList","@id":"https:\/\/elfsight.com\/fr\/qr-code-widget\/create\/#breadcrumb","itemListElement":[{"@type":"ListItem","position":1,"name":"Home","item":"https:\/\/elfsight.com\/fr\/"},{"@type":"ListItem","position":2,"name":"QR Code","item":"https:\/\/elfsight.com\/fr\/qr-code-widget\/"},{"@type":"ListItem","position":3,"name":"QR Code &#8211; Create"}]},{"@type":"WebSite","@id":"https:\/\/elfsight.com\/fr\/#website","url":"https:\/\/elfsight.com\/fr\/","name":"Elfsight FR","description":"","potentialAction":[{"@type":"SearchAction","target":{"@type":"EntryPoint","urlTemplate":"https:\/\/elfsight.com\/fr\/?s={search_term_string}"},"query-input":{"@type":"PropertyValueSpecification","valueRequired":true,"valueName":"search_term_string"}}],"inLanguage":"fr-FR"}]}},"meta_box":{"industry":"","seo_heading":"","heading":"","description":"","cta_heading":"","cta_description":"","application":"2880","h1":"","h1_caption":"","application_category":[],"applications_title":"","applications_request_title":"","applications_request_button_text":"","hero_text":"","hero_video":"","hero_video_schema_markup":"","selling_points_title":"","selling_points_caption":"","selling_points":[],"selling_points_cta_text":"","features_title":"","features":"","ed_cta_examples_text":"","ed_cta_examples_hidden":"","ed_cta_demo_text":"","ed_cta_demo_hidden":"","why_caption":"","why_editor_title":"","why_editor_text":"","why_team_title":"","why_team_text":"","why_service_title":"","why_service_text":"","template_catalog_visible":"","template_catalog_title":"","template_catalog_text":"","template_catalog_categories_visible":"","demo_title":"","demo_caption":"","default_faq_hidden":"","app_template_category":[],"platform":"","template_public_id":"","codecanyon_url":"","codecanyon_item_id":"","codecanyon_price":"","pricing_caption":"","pricing_elfsight_apps_hide_column":"","pricing_elfsight_apps_url":"","pricing_codecanyon_price_caption":"","integration_category":[],"integration_request_title":"","integration_request_cta":"","integration_platform":"","integrations":[],"platform_category":[],"video_schema_markup":"","price":"","trial":"","benefits":[],"button_url":"","button_target_blank":"","button_nofollow":"","attributes":[],"tags":[],"tags_disable_links":"","hide_more_platforms":"","video_object":"","demo_hide_cta":"","demo_hide_cloud_options":"","pricing_title":"","pricing":[],"related_apps_title":"","related_apps_hidden":"","author":"","image":[],"title":"","job":"","social_networks":[]},"_links":{"self":[{"href":"https:\/\/elfsight.com\/fr\/wp-json\/wp\/v2\/pages\/2888","targetHints":{"allow":["GET"]}}],"collection":[{"href":"https:\/\/elfsight.com\/fr\/wp-json\/wp\/v2\/pages"}],"about":[{"href":"https:\/\/elfsight.com\/fr\/wp-json\/wp\/v2\/types\/page"}],"author":[{"embeddable":true,"href":"https:\/\/elfsight.com\/fr\/wp-json\/wp\/v2\/users\/9"}],"replies":[{"embeddable":true,"href":"https:\/\/elfsight.com\/fr\/wp-json\/wp\/v2\/comments?post=2888"}],"version-history":[{"count":3,"href":"https:\/\/elfsight.com\/fr\/wp-json\/wp\/v2\/pages\/2888\/revisions"}],"predecessor-version":[{"id":2891,"href":"https:\/\/elfsight.com\/fr\/wp-json\/wp\/v2\/pages\/2888\/revisions\/2891"}],"up":[{"embeddable":true,"href":"https:\/\/elfsight.com\/fr\/wp-json\/wp\/v2\/pages\/2881"}],"wp:attachment":[{"href":"https:\/\/elfsight.com\/fr\/wp-json\/wp\/v2\/media?parent=2888"}],"curies":[{"name":"wp","href":"https:\/\/api.w.org\/{rel}","templated":true}]}}