{"id":2852,"date":"2020-10-01T10:29:03","date_gmt":"2020-10-01T10:29:03","guid":{"rendered":"https:\/\/elfsight.com\/fr\/?page_id=2852"},"modified":"2024-07-18T15:09:39","modified_gmt":"2024-07-18T15:09:39","slug":"examples","status":"publish","type":"page","link":"https:\/\/elfsight.com\/fr\/restaurant-menu-widget\/examples\/","title":{"rendered":"Restaurant Menu &#8211; Examples"},"content":{"rendered":"\n<div class=\"application-examples-item application-examples-item-loading\">\n                            <div class=\"col-row\">\n                                <div class=\"col-6 col-m-8 col-s-12\"><h3 class=\"application-examples-item-title\">Exemple 1. Restaurant<\/h3><div class=\"application-examples-item-description\"><p><b>Quoi afficher:<\/b> <span>entr\u00e9es, plat principal, desserts, salades, d\u00e9jeuner, sp\u00e9ciaux, menu enfants, carte des vins<\/span>.<\/p>\n<p>Plus de probl\u00e8mes pour cr\u00e9er un menu compliqu\u00e9 directement sur votre site de la mani\u00e8re la plus lisible. Voici l'exemple du menu du restaurant. Il existe 4 types de menu: d\u00e9jeuner, d\u00eener, menu enfants et boissons, tous divis\u00e9s en sections selon leurs types - entr\u00e9es, plat principal, accompagnements et autres. Les onglets cliquables pour les menus vous aident \u00e0 trouver le plat exact dont ils ont besoin. Pour chaque article, il y a une br\u00e8ve description et un prix.<\/p><\/div><\/div>\n                <\/div>\n\n                <div class=\"application-examples-item-iframe-container browser-frame\">\n                    <div class=\"application-examples-item-iframe-wrapper\">\n                        <iframe class=\"application-examples-item-iframe application-examples-item-iframe-fixed-height\" data-src=\"https:\/\/elfsight.com\/examples?widget_id=0f43a6bc-67c7-40cd-819d-a681ad2ba6b6\" width=\"100%\" height=\"600\" allow=\"autoplay; fullscreen\"><\/iframe>\n                    <\/div>\n\n                    <div class=\"application-examples-item-loader\"><\/div>\n                <\/div>\n            <\/div>\n\n<div class=\"application-examples-item application-examples-item-loading\">\n                            <div class=\"col-row\">\n                                <div class=\"col-6 col-m-8 col-s-12\"><h3 class=\"application-examples-item-title\">Exemple 2. Cha\u00eene de restauration rapide<\/h3><div class=\"application-examples-item-description\"><p><b>Quoi afficher:<\/b> pizza, hamburgers, collations, accompagnements, salades, boissons gazeuses<\/p>\n<p>Le menu du fast-food est ici repr\u00e9sent\u00e9 de la mani\u00e8re la plus simple \u00e0 consulter. Il existe cinq sections de restauration rapide les plus r\u00e9pandues: pizza, hamburgers, collations, salades et boissons. Des ic\u00f4nes de menu accrocheuses et de d\u00e9licieuses images de plats indiquent \u00e0 votre public votre vari\u00e9t\u00e9 de la mani\u00e8re la plus tentante. La structure bien organis\u00e9e montre tous les \u00e9l\u00e9ments essentiels tels que les prix et les ingr\u00e9dients principaux pour chaque article. Si un plat est plut\u00f4t \u00e9pic\u00e9 ou pr\u00e9sente d'autres caract\u00e9ristiques importantes, voici des badges sp\u00e9ciaux pour en informer. En ce qui concerne les pizzas et les collations, il est possible de pr\u00e9ciser le prix en fonction de la taille.<\/p><\/div><\/div>\n                <\/div>\n\n                <div class=\"application-examples-item-iframe-container browser-frame\">\n                    <div class=\"application-examples-item-iframe-wrapper\">\n                        <iframe class=\"application-examples-item-iframe\" data-src=\"https:\/\/elfsight.com\/examples?widget_id=50d36c18-017a-4a44-85e8-212afe5a478b\" width=\"100%\" allow=\"autoplay; fullscreen\"><\/iframe>\n                    <\/div>\n\n                    <div class=\"application-examples-item-loader\"><\/div>\n                <\/div>\n            <\/div>\n\n<div class=\"application-examples-item application-examples-item-loading\">\n                            <div class=\"col-row\">\n                                <div class=\"col-6 col-m-8 col-s-12\"><h3 class=\"application-examples-item-title\">Exemple 3. Bar<\/h3><div class=\"application-examples-item-description\"><p><b> Quoi afficher:<\/b> cocktails, coups, vin, happy_hour, bi\u00e8re, cidre, grillades, entr\u00e9es.<\/p>\nVoici l'exemple du menu du bar avec les sections les plus populaires: cocktails, bi\u00e8re et vin. Chaque section est divis\u00e9e pour afficher les types de boissons. En outre, le menu comprend une courte liste d'entr\u00e9es de barre. Quant aux offres, l'happy hour est int\u00e9gr\u00e9 dans la liste principale pour attirer l'attention des utilisateurs. Pour chaque \u00e9l\u00e9ment du menu, il y a un prix et des informations sur les boissons courtes.<\/p><\/div><\/div>\n                <\/div>\n\n                <div class=\"application-examples-item-iframe-container browser-frame\">\n                    <div class=\"application-examples-item-iframe-wrapper\">\n                        <iframe class=\"application-examples-item-iframe application-examples-item-iframe-fixed-height\" data-src=\"https:\/\/elfsight.com\/examples?widget_id=9d256d8f-6674-441f-a502-63fd660cc290\" width=\"100%\" height=\"600\" allow=\"autoplay; fullscreen\"><\/iframe>\n                    <\/div>\n\n                    <div class=\"application-examples-item-loader\"><\/div>\n                <\/div>\n            <\/div>\n\n<div class=\"application-cta-create\">\n                    <div class=\"application-cta-create-bg\">\n                        <div class=\"application-cta-create-bg-left\"><\/div>\n\n                        <div class=\"application-cta-create-bg-right\">\n                            <img decoding=\"async\" src=\"https:\/\/elfsight.com\/fr\/wp-content\/themes\/elfsight\/frontend\/assets\/img\/application-cta-create.jpg\" alt=\"Commencez par cr\u00e9er votre widget\">\n                        <\/div>\n                    <\/div>\n\n                    <div class=\"application-cta-create-content inner\">\n                        <div class=\"application-cta-create-content-inner\">\n                            <div class=\"application-cta-create-content-icon\">\n                                <svg viewBox=\"0 0 25 25\" width=\"100%\" height=\"100%\">\n                                    <use xlink:href=\"#icon-settings\"><\/use>\n                                <\/svg>\n                            <\/div>\n\n                            <div class=\"application-cta-create-content-title\">Commencez par cr\u00e9er votre widget<\/div>\n\n                            <div class=\"application-cta-create-content-text\">Vite. Facile. Pas de codage.<\/div>\n\n                            <a class=\"application-cta-create-content-button button-48 button-has-right-icon button-black button\" href=\"\">\n                                <span class=\"button-label\">Cr\u00e9er un widget<\/span>\n\n                                <svg class=\"button-icon\">\n                                    <use xlink:href=\"#icon-arrow-link\"><\/use>\n                                <\/svg>\n                            <\/a>\n                        <\/div>\n                    <\/div>\n                <\/div>\n\n<div class=\"application-examples-item application-examples-item-loading\">\n                            <div class=\"col-row\">\n                                <div class=\"col-6 col-m-8 col-s-12\"><h3 class=\"application-examples-item-title\">Exemple 4. Maison de caf\u00e9<\/h3><div class=\"application-examples-item-description\"><p><b>Quoi afficher:<\/b> caf\u00e9, saveurs, milk-shakes, boissons gazeuses, p\u00e2tisseries et desserts<\/p>\n<p>Rencontrez un menu pour le caf\u00e9. Une courte liste bien structur\u00e9e est divis\u00e9e en deux colonnes, ne fournissant aux visiteurs que les informations n\u00e9cessaires: types de caf\u00e9 et prix. Il est toujours possible de l'enrichir avec des sections alimentaires suppl\u00e9mentaires, comme des p\u00e2tisseries ou des desserts.<\/p><\/div><\/div>\n                <\/div>\n\n                <div class=\"application-examples-item-iframe-container browser-frame\">\n                    <div class=\"application-examples-item-iframe-wrapper\">\n                        <iframe class=\"application-examples-item-iframe\" data-src=\"https:\/\/elfsight.com\/examples?widget_id=a16a9aee-b253-47fd-a554-088c5f0b7ca9\" width=\"100%\" allow=\"autoplay; fullscreen\"><\/iframe>\n                    <\/div>\n\n                    <div class=\"application-examples-item-loader\"><\/div>\n                <\/div>\n            <\/div>\n\n\n<div class=\"application-examples-item application-examples-item-loading\">\n                            <div class=\"col-row\">\n                                <div class=\"col-6 col-m-8 col-s-12\"><h3 class=\"application-examples-item-title\">Exemple 5. Restaurant sain<\/h3><div class=\"application-examples-item-description\"><p><b>Quoi afficher:<\/b> \u00e9co-ingr\u00e9dients, calories, mati\u00e8res grasses, glucides, prot\u00e9ines, intol\u00e9rants au gluten, sans produits laitiers, produits v\u00e9g\u00e9tariens<\/p>\n<p>C'est un menu pour les restaurants sains ou \u00e9cologiques. Il existe une liste soign\u00e9e, organis\u00e9e en sections couramment utilis\u00e9es, comme des bols, des plats de saison, des accompagnements et des boissons sans alcool. Pour satisfaire toutes les demandes du public cible, voici les informations d\u00e9taill\u00e9es dont il a g\u00e9n\u00e9ralement besoin. Chaque l\u00e9gende d'article porte des noms d'ingr\u00e9dients, d'\u00e9l\u00e9ments nutritionnels (prot\u00e9ines, graisses et glucides) et est qualifi\u00e9e par des badges sp\u00e9cifiques, comme \u00abv\u00e9g\u00e9talien\u00bb ou \u00absans gluten\u00bb.<\/p><\/div><\/div>\n                <\/div>\n\n                <div class=\"application-examples-item-iframe-container browser-frame\">\n                    <div class=\"application-examples-item-iframe-wrapper\">\n                        <iframe class=\"application-examples-item-iframe application-examples-item-iframe-fixed-height\" data-src=\"https:\/\/elfsight.com\/examples?widget_id=6ab27832-5e8e-44fa-a477-671e89baf32f\" width=\"100%\" height=\"600\" allow=\"autoplay; fullscreen\"><\/iframe>\n                    <\/div>\n\n                    <div class=\"application-examples-item-loader\"><\/div>\n                <\/div>\n            <\/div>\n","protected":false},"excerpt":{"rendered":"","protected":false},"author":9,"featured_media":0,"parent":2842,"menu_order":0,"comment_status":"closed","ping_status":"closed","template":"templates\/template-application-examples.php","meta":{"publish_to_discourse":"","publish_post_category":"","wpdc_auto_publish_overridden":"","wpdc_topic_tags":"","wpdc_pin_topic":"","wpdc_pin_until":"","discourse_post_id":"","discourse_permalink":"","wpdc_publishing_response":"","wpdc_publishing_error":"","footnotes":""},"class_list":["post-2852","page","type-page","status-publish","hentry"],"yoast_head":"<!-- This site is optimized with the Yoast SEO plugin v25.3.1 - https:\/\/yoast.com\/wordpress\/plugins\/seo\/ -->\n<title>Les meilleurs exemples de menu de restaurant sur un site Web (TOP 5)<\/title>\n<meta name=\"description\" content=\"TOP 5 des exemples de menus de restaurant sur le site Web: restaurant familial, caf\u00e9 et autres mod\u00e8les. Exemple de widget de menu pour votre site Web.\" \/>\n<meta name=\"robots\" content=\"index, follow, max-snippet:-1, max-image-preview:large, max-video-preview:-1\" \/>\n<link rel=\"canonical\" href=\"https:\/\/elfsight.com\/fr\/restaurant-menu-widget\/examples\/\" \/>\n<meta property=\"og:locale\" content=\"fr_FR\" \/>\n<meta property=\"og:type\" content=\"article\" \/>\n<meta property=\"og:title\" content=\"Les meilleurs exemples de menu de restaurant sur un site Web (TOP 5)\" \/>\n<meta property=\"og:description\" content=\"TOP 5 des exemples de menus de restaurant sur le site Web: restaurant familial, caf\u00e9 et autres mod\u00e8les. Exemple de widget de menu pour votre site Web.\" \/>\n<meta property=\"og:url\" content=\"https:\/\/elfsight.com\/fr\/restaurant-menu-widget\/examples\/\" \/>\n<meta property=\"og:site_name\" content=\"Elfsight FR\" \/>\n<meta property=\"article:modified_time\" content=\"2024-07-18T15:09:39+00:00\" \/>\n<meta name=\"twitter:card\" content=\"summary_large_image\" \/>\n<meta name=\"twitter:label1\" content=\"Dur\u00e9e de lecture estim\u00e9e\" \/>\n\t<meta name=\"twitter:data1\" content=\"3 minutes\" \/>\n<!-- \/ Yoast SEO plugin. -->","yoast_head_json":{"title":"Les meilleurs exemples de menu de restaurant sur un site Web (TOP 5)","description":"TOP 5 des exemples de menus de restaurant sur le site Web: restaurant familial, caf\u00e9 et autres mod\u00e8les. Exemple de widget de menu pour votre site Web.","robots":{"index":"index","follow":"follow","max-snippet":"max-snippet:-1","max-image-preview":"max-image-preview:large","max-video-preview":"max-video-preview:-1"},"canonical":"https:\/\/elfsight.com\/fr\/restaurant-menu-widget\/examples\/","og_locale":"fr_FR","og_type":"article","og_title":"Les meilleurs exemples de menu de restaurant sur un site Web (TOP 5)","og_description":"TOP 5 des exemples de menus de restaurant sur le site Web: restaurant familial, caf\u00e9 et autres mod\u00e8les. Exemple de widget de menu pour votre site Web.","og_url":"https:\/\/elfsight.com\/fr\/restaurant-menu-widget\/examples\/","og_site_name":"Elfsight FR","article_modified_time":"2024-07-18T15:09:39+00:00","twitter_card":"summary_large_image","twitter_misc":{"Dur\u00e9e de lecture estim\u00e9e":"3 minutes"},"schema":{"@context":"https:\/\/schema.org","@graph":[{"@type":"WebPage","@id":"https:\/\/elfsight.com\/fr\/restaurant-menu-widget\/examples\/","url":"https:\/\/elfsight.com\/fr\/restaurant-menu-widget\/examples\/","name":"Les meilleurs exemples de menu de restaurant sur un site Web (TOP 5)","isPartOf":{"@id":"https:\/\/elfsight.com\/fr\/#website"},"datePublished":"2020-10-01T10:29:03+00:00","dateModified":"2024-07-18T15:09:39+00:00","description":"TOP 5 des exemples de menus de restaurant sur le site Web: restaurant familial, caf\u00e9 et autres mod\u00e8les. Exemple de widget de menu pour votre site Web.","breadcrumb":{"@id":"https:\/\/elfsight.com\/fr\/restaurant-menu-widget\/examples\/#breadcrumb"},"inLanguage":"fr-FR","potentialAction":[{"@type":"ReadAction","target":["https:\/\/elfsight.com\/fr\/restaurant-menu-widget\/examples\/"]}]},{"@type":"BreadcrumbList","@id":"https:\/\/elfsight.com\/fr\/restaurant-menu-widget\/examples\/#breadcrumb","itemListElement":[{"@type":"ListItem","position":1,"name":"Home","item":"https:\/\/elfsight.com\/fr\/"},{"@type":"ListItem","position":2,"name":"Restaurant Menu","item":"https:\/\/elfsight.com\/fr\/restaurant-menu-widget\/"},{"@type":"ListItem","position":3,"name":"Restaurant Menu &#8211; Examples"}]},{"@type":"WebSite","@id":"https:\/\/elfsight.com\/fr\/#website","url":"https:\/\/elfsight.com\/fr\/","name":"Elfsight FR","description":"","potentialAction":[{"@type":"SearchAction","target":{"@type":"EntryPoint","urlTemplate":"https:\/\/elfsight.com\/fr\/?s={search_term_string}"},"query-input":{"@type":"PropertyValueSpecification","valueRequired":true,"valueName":"search_term_string"}}],"inLanguage":"fr-FR"}]}},"meta_box":{"industry":"","seo_heading":"","heading":"","description":"","cta_heading":"","cta_description":"","application":"2836","h1":"","h1_caption":"","application_category":[],"applications_title":"","applications_request_title":"","applications_request_button_text":"","hero_text":"","hero_video":"","hero_video_schema_markup":"","selling_points_title":"","selling_points_caption":"","selling_points":[],"selling_points_cta_text":"","features_title":"","features":"","ed_cta_examples_text":"","ed_cta_examples_hidden":"","ed_cta_demo_text":"","ed_cta_demo_hidden":"","why_caption":"","why_editor_title":"","why_editor_text":"","why_team_title":"","why_team_text":"","why_service_title":"","why_service_text":"","template_catalog_visible":"","template_catalog_title":"","template_catalog_text":"","template_catalog_categories_visible":"","demo_title":"","demo_caption":"","default_faq_hidden":"","app_template_category":[],"platform":"","template_public_id":"","codecanyon_url":"","codecanyon_item_id":"","codecanyon_price":"","pricing_caption":"","pricing_elfsight_apps_hide_column":"","pricing_elfsight_apps_url":"","pricing_codecanyon_price_caption":"","integration_category":[],"integration_request_title":"","integration_request_cta":"","integration_platform":"","integrations":[],"platform_category":[],"video_schema_markup":"","price":"","trial":"","benefits":[],"button_url":"","button_target_blank":"","button_nofollow":"","attributes":[],"tags":[],"tags_disable_links":"","hide_more_platforms":"","video_object":"","demo_hide_cta":"","demo_hide_cloud_options":"","pricing_title":"","pricing":[],"related_apps_title":"","related_apps_hidden":"","author":"","image":[],"title":"","job":"","social_networks":[]},"_links":{"self":[{"href":"https:\/\/elfsight.com\/fr\/wp-json\/wp\/v2\/pages\/2852","targetHints":{"allow":["GET"]}}],"collection":[{"href":"https:\/\/elfsight.com\/fr\/wp-json\/wp\/v2\/pages"}],"about":[{"href":"https:\/\/elfsight.com\/fr\/wp-json\/wp\/v2\/types\/page"}],"author":[{"embeddable":true,"href":"https:\/\/elfsight.com\/fr\/wp-json\/wp\/v2\/users\/9"}],"replies":[{"embeddable":true,"href":"https:\/\/elfsight.com\/fr\/wp-json\/wp\/v2\/comments?post=2852"}],"version-history":[{"count":10,"href":"https:\/\/elfsight.com\/fr\/wp-json\/wp\/v2\/pages\/2852\/revisions"}],"predecessor-version":[{"id":14184,"href":"https:\/\/elfsight.com\/fr\/wp-json\/wp\/v2\/pages\/2852\/revisions\/14184"}],"up":[{"embeddable":true,"href":"https:\/\/elfsight.com\/fr\/wp-json\/wp\/v2\/pages\/2842"}],"wp:attachment":[{"href":"https:\/\/elfsight.com\/fr\/wp-json\/wp\/v2\/media?parent=2852"}],"curies":[{"name":"wp","href":"https:\/\/api.w.org\/{rel}","templated":true}]}}