{"id":2811,"date":"2020-09-30T11:23:14","date_gmt":"2020-09-30T11:23:14","guid":{"rendered":"https:\/\/elfsight.com\/fr\/?page_id=2811"},"modified":"2020-10-13T16:05:01","modified_gmt":"2020-10-13T16:05:01","slug":"examples","status":"publish","type":"page","link":"https:\/\/elfsight.com\/fr\/viber-chat-widget\/examples\/","title":{"rendered":"Viber Chat &#8211; Examples"},"content":{"rendered":"\n<div class=\"application-examples-item application-examples-item-loading\">\n                            <div class=\"col-row\">\n                                <div class=\"col-6 col-m-8 col-s-12\"><h3 class=\"application-examples-item-title\">Exemple 1. G\u00e9n\u00e9ral<\/h3><div class=\"application-examples-item-description\">Cette variante universelle du chat aura fi\u00e8re allure sur n'importe quel site Web. Le mod\u00e8le de bulle flottante le rend mod\u00e9r\u00e9, mais il reste toujours visible pour les visiteurs du site Web. L'ic\u00f4ne de la bulle est le logo Viber original familier \u00e0 la plupart des utilisateurs.<\/div><\/div>\n                <\/div>\n\n                <div class=\"application-examples-item-iframe-container browser-frame\">\n                    <div class=\"application-examples-item-iframe-wrapper\">\n                        <iframe class=\"application-examples-item-iframe application-examples-item-iframe-fixed-height\" data-src=\"https:\/\/elfsight.com\/examples?widget_id=91006a79-f1bb-4424-a9e0-7ad009169934&padding=28px+40px+40px\" width=\"100%\" height=\"500\" allow=\"autoplay; fullscreen\"><\/iframe>\n                    <\/div>\n\n                    <div class=\"application-examples-item-loader\"><\/div>\n                <\/div>\n            <\/div>\n\n<div class=\"application-examples-item application-examples-item-loading\">\n                            <div class=\"col-row\">\n                                <div class=\"col-6 col-m-8 col-s-12\"><h3 class=\"application-examples-item-title\">Exemple 2. Soutien<\/h3><div class=\"application-examples-item-description\">Dans cet exemple, l'en-t\u00eate de la fen\u00eatre de discussion montre une photo du sp\u00e9cialiste de l'assistance et indique le temps de r\u00e9ponse typique. Ainsi, les gens voient quand ils doivent s'attendre \u00e0 une r\u00e9ponse. Il s'agit d'un moyen propre et pratique de mettre en place un canal de communication client sur votre site Web.<\/div><\/div>\n                <\/div>\n\n                <div class=\"application-examples-item-iframe-container browser-frame\">\n                    <div class=\"application-examples-item-iframe-wrapper\">\n                        <iframe class=\"application-examples-item-iframe application-examples-item-iframe-fixed-height\" data-src=\"https:\/\/elfsight.com\/examples?widget_id=6300d855-33f4-4be1-9f1e-36f7f4598ea3&padding=28px+40px+40px\" width=\"100%\" height=\"500px\" allow=\"autoplay; fullscreen\"><\/iframe>\n                    <\/div>\n\n                    <div class=\"application-examples-item-loader\"><\/div>\n                <\/div>\n            <\/div>\n\n<div class=\"application-examples-item application-examples-item-loading\">\n                            <div class=\"col-row\">\n                                <div class=\"col-6 col-m-8 col-s-12\"><h3 class=\"application-examples-item-title\">Exemple 3. Vente<\/h3><div class=\"application-examples-item-description\">De nombreuses personnalisations ont \u00e9t\u00e9 effectu\u00e9es ici: l'arri\u00e8re-plan de l'en-t\u00eate est peint en noir, il y a une l\u00e9gende personnalis\u00e9e et des informations compl\u00e8tes sur la personne d'assistance. Le bouton D\u00e9marrer le chat est de couleur rouge avec un texte personnalis\u00e9. Un moyen efficace d'attirer des ventes via le chat.<\/div><\/div>\n                <\/div>\n\n                <div class=\"application-examples-item-iframe-container browser-frame\">\n                    <div class=\"application-examples-item-iframe-wrapper\">\n                        <iframe class=\"application-examples-item-iframe application-examples-item-iframe-fixed-height\" data-src=\"https:\/\/elfsight.com\/examples?widget_id=b49e432c-4f1c-4381-894f-822144096814&padding=28px+40px+40px\" width=\"100%\" height=\"500px\" allow=\"autoplay; fullscreen\"><\/iframe>\n                    <\/div>\n\n                    <div class=\"application-examples-item-loader\"><\/div>\n                <\/div>\n            <\/div>\n\n<div class=\"application-examples-item application-examples-item-loading\">\n                            <div class=\"col-row\">\n                                <div class=\"col-6 col-m-8 col-s-12\"><h3 class=\"application-examples-item-title\">Exemple 4. R\u00e9servation<\/h3><div class=\"application-examples-item-description\">L'en-t\u00eate et la bulle de la fen\u00eatre de discussion sont peints en bleu pour s'adapter au concept de couleur du th\u00e8me du site Web. Un message de bienvenue est l\u00e0 pour offrir les services de r\u00e9servation de la soci\u00e9t\u00e9. La bulle de chat montre une ic\u00f4ne de r\u00e9servation et un appel \u00e0 l'action.<\/div><\/div>\n                <\/div>\n\n                <div class=\"application-examples-item-iframe-container browser-frame\">\n                    <div class=\"application-examples-item-iframe-wrapper\">\n                        <iframe class=\"application-examples-item-iframe application-examples-item-iframe-fixed-height\" data-src=\"https:\/\/elfsight.com\/examples?widget_id=832ad979-ed17-4e60-bbc7-ae8c305da143&padding=28px+40px+40px\" width=\"100%\" height=\"500px\" allow=\"autoplay; fullscreen\"><\/iframe>\n                    <\/div>\n\n                    <div class=\"application-examples-item-loader\"><\/div>\n                <\/div>\n            <\/div>\n\n<div class=\"application-cta-create\">\n                    <div class=\"application-cta-create-bg\">\n                        <div class=\"application-cta-create-bg-left\"><\/div>\n\n                        <div class=\"application-cta-create-bg-right\">\n                            <img decoding=\"async\" src=\"https:\/\/elfsight.com\/fr\/wp-content\/themes\/elfsight\/frontend\/assets\/img\/application-cta-create.jpg\" alt=\"Commencez par cr\u00e9er votre widget\">\n                        <\/div>\n                    <\/div>\n\n                    <div class=\"application-cta-create-content inner\">\n                        <div class=\"application-cta-create-content-inner\">\n                            <div class=\"application-cta-create-content-icon\">\n                                <svg viewBox=\"0 0 25 25\" width=\"100%\" height=\"100%\">\n                                    <use xlink:href=\"#icon-settings\"><\/use>\n                                <\/svg>\n                            <\/div>\n\n                            <div class=\"application-cta-create-content-title\">Commencez par cr\u00e9er votre widget<\/div>\n\n                            <div class=\"application-cta-create-content-text\">Vite. Facile. Pas de codage.<\/div>\n\n                            <a class=\"application-cta-create-content-button button-48 button-has-right-icon button-black button\" href=\"\">\n                                <span class=\"button-label\">Cr\u00e9er un widget<\/span>\n\n                                <svg class=\"button-icon\">\n                                    <use xlink:href=\"#icon-arrow-link\"><\/use>\n                                <\/svg>\n                            <\/a>\n                        <\/div>\n                    <\/div>\n                <\/div>\n\n<div class=\"application-examples-item application-examples-item-loading\">\n                            <div class=\"col-row\">\n                                <div class=\"col-6 col-m-8 col-s-12\"><h3 class=\"application-examples-item-title\">Exemple 5. Retour d'information<\/h3><div class=\"application-examples-item-description\">Ce chat a la forme d'une bulle flottante avec l'ic\u00f4ne de l'entreprise et un texte personnalis\u00e9. Il se d\u00e9veloppe pour r\u00e9v\u00e9ler une fen\u00eatre de discussion avec une photo d'un responsable (une de la biblioth\u00e8que de widgets) et un message de bienvenue, demandant doucement aux visiteurs de donner leur avis. Un bon moyen de recueillir des commentaires.<\/div><\/div>\n                <\/div>\n\n                <div class=\"application-examples-item-iframe-container browser-frame\">\n                    <div class=\"application-examples-item-iframe-wrapper\">\n                        <iframe class=\"application-examples-item-iframe application-examples-item-iframe-fixed-height\" data-src=\"https:\/\/elfsight.com\/examples?widget_id=97ce105b-f544-4f23-a0be-dfe9f2c1a960&padding=28px+40px+40px\" width=\"100%\" height=\"500px\" allow=\"autoplay; fullscreen\"><\/iframe>\n                    <\/div>\n\n                    <div class=\"application-examples-item-loader\"><\/div>\n                <\/div>\n            <\/div>\n\n<div class=\"application-examples-item application-examples-item-loading\">\n                            <div class=\"col-row\">\n                                <div class=\"col-6 col-m-8 col-s-12\"><h3 class=\"application-examples-item-title\">Exemple 6. Int\u00e9gration<\/h3><div class=\"application-examples-item-description\">Les visiteurs de ce site Web verront une petite ic\u00f4ne de chat accrocheuse. Il a un nouveau badge de message pour attirer plus d'attention. Lors d'un clic, l'ic\u00f4ne ouvre une fen\u00eatre de discussion avec le logo et le nom de l'entreprise. Le message de bienvenue invite les utilisateurs \u00e0 en savoir plus sur le produit et \u00e0 commencer \u00e0 discuter.<\/div><\/div>\n                <\/div>\n\n                <div class=\"application-examples-item-iframe-container browser-frame\">\n                    <div class=\"application-examples-item-iframe-wrapper\">\n                        <iframe class=\"application-examples-item-iframe application-examples-item-iframe-fixed-height\" data-src=\"https:\/\/elfsight.com\/examples?widget_id=07093c9b-c103-46de-a675-a56c0f644bea&padding=28px+40px+40px\" width=\"100%\" height=\"500px\" allow=\"autoplay; fullscreen\"><\/iframe>\n                    <\/div>\n\n                    <div class=\"application-examples-item-loader\"><\/div>\n                <\/div>\n            <\/div>\n\n<div class=\"application-examples-item application-examples-item-loading\">\n                            <div class=\"col-row\">\n                                <div class=\"col-6 col-m-8 col-s-12\"><h3 class=\"application-examples-item-title\">Exemple 7. Consultation<\/h3><div class=\"application-examples-item-description\">Ce chat sert \u00e0 consulter les clients sur les offres de l'entreprise. Une fen\u00eatre de discussion mod\u00e9r\u00e9e avec le nom et la photo du consultant r\u00e9v\u00e8le un message. Il offre aux utilisateurs une aide pour choisir entre les offres. L'arri\u00e8re-plan et le bouton sont peints de couleurs personnalis\u00e9es.<\/div><\/div>\n                <\/div>\n\n                <div class=\"application-examples-item-iframe-container browser-frame\">\n                    <div class=\"application-examples-item-iframe-wrapper\">\n                        <iframe class=\"application-examples-item-iframe application-examples-item-iframe-fixed-height\" data-src=\"https:\/\/elfsight.com\/examples?widget_id=891448e6-e54c-425a-8331-cbdfe067cb9d&padding=28px+40px+40px\" width=\"100%\" height=\"500px\" allow=\"autoplay; fullscreen\"><\/iframe>\n                    <\/div>\n\n                    <div class=\"application-examples-item-loader\"><\/div>\n                <\/div>\n            <\/div>\n","protected":false},"excerpt":{"rendered":"","protected":false},"author":9,"featured_media":0,"parent":2802,"menu_order":0,"comment_status":"closed","ping_status":"closed","template":"templates\/template-application-examples.php","meta":{"publish_to_discourse":"","publish_post_category":"","wpdc_auto_publish_overridden":"","wpdc_topic_tags":"","wpdc_pin_topic":"","wpdc_pin_until":"","discourse_post_id":"","discourse_permalink":"","wpdc_publishing_response":"","wpdc_publishing_error":"","footnotes":""},"class_list":["post-2811","page","type-page","status-publish","hentry"],"yoast_head":"<!-- This site is optimized with the Yoast SEO plugin v25.3.1 - https:\/\/yoast.com\/wordpress\/plugins\/seo\/ -->\n<title>Les meilleurs exemples de chat en direct Viber pour site Web (Showcase)<\/title>\n<meta name=\"description\" content=\"Des exemples de Chat Viber: G\u00e9n\u00e9ral, R\u00e9servation, Assistance, Bouton \/ Fen\u00eatre de Chat et plus Widget de messagerie Viber facile pour votre site Web.\" \/>\n<meta name=\"robots\" content=\"index, follow, max-snippet:-1, max-image-preview:large, max-video-preview:-1\" \/>\n<link rel=\"canonical\" href=\"https:\/\/elfsight.com\/fr\/viber-chat-widget\/examples\/\" \/>\n<meta property=\"og:locale\" content=\"fr_FR\" \/>\n<meta property=\"og:type\" content=\"article\" \/>\n<meta property=\"og:title\" content=\"Les meilleurs exemples de chat en direct Viber pour site Web (Showcase)\" \/>\n<meta property=\"og:description\" content=\"Des exemples de Chat Viber: G\u00e9n\u00e9ral, R\u00e9servation, Assistance, Bouton \/ Fen\u00eatre de Chat et plus Widget de messagerie Viber facile pour votre site Web.\" \/>\n<meta property=\"og:url\" content=\"https:\/\/elfsight.com\/fr\/viber-chat-widget\/examples\/\" \/>\n<meta property=\"og:site_name\" content=\"Elfsight FR\" \/>\n<meta property=\"article:modified_time\" content=\"2020-10-13T16:05:01+00:00\" \/>\n<meta name=\"twitter:card\" content=\"summary_large_image\" \/>\n<meta name=\"twitter:label1\" content=\"Dur\u00e9e de lecture estim\u00e9e\" \/>\n\t<meta name=\"twitter:data1\" content=\"3 minutes\" \/>\n<!-- \/ Yoast SEO plugin. -->","yoast_head_json":{"title":"Les meilleurs exemples de chat en direct Viber pour site Web (Showcase)","description":"Des exemples de Chat Viber: G\u00e9n\u00e9ral, R\u00e9servation, Assistance, Bouton \/ Fen\u00eatre de Chat et plus Widget de messagerie Viber facile pour votre site Web.","robots":{"index":"index","follow":"follow","max-snippet":"max-snippet:-1","max-image-preview":"max-image-preview:large","max-video-preview":"max-video-preview:-1"},"canonical":"https:\/\/elfsight.com\/fr\/viber-chat-widget\/examples\/","og_locale":"fr_FR","og_type":"article","og_title":"Les meilleurs exemples de chat en direct Viber pour site Web (Showcase)","og_description":"Des exemples de Chat Viber: G\u00e9n\u00e9ral, R\u00e9servation, Assistance, Bouton \/ Fen\u00eatre de Chat et plus Widget de messagerie Viber facile pour votre site Web.","og_url":"https:\/\/elfsight.com\/fr\/viber-chat-widget\/examples\/","og_site_name":"Elfsight FR","article_modified_time":"2020-10-13T16:05:01+00:00","twitter_card":"summary_large_image","twitter_misc":{"Dur\u00e9e de lecture estim\u00e9e":"3 minutes"},"schema":{"@context":"https:\/\/schema.org","@graph":[{"@type":"WebPage","@id":"https:\/\/elfsight.com\/fr\/viber-chat-widget\/examples\/","url":"https:\/\/elfsight.com\/fr\/viber-chat-widget\/examples\/","name":"Les meilleurs exemples de chat en direct Viber pour site Web (Showcase)","isPartOf":{"@id":"https:\/\/elfsight.com\/fr\/#website"},"datePublished":"2020-09-30T11:23:14+00:00","dateModified":"2020-10-13T16:05:01+00:00","description":"Des exemples de Chat Viber: G\u00e9n\u00e9ral, R\u00e9servation, Assistance, Bouton \/ Fen\u00eatre de Chat et plus Widget de messagerie Viber facile pour votre site Web.","breadcrumb":{"@id":"https:\/\/elfsight.com\/fr\/viber-chat-widget\/examples\/#breadcrumb"},"inLanguage":"fr-FR","potentialAction":[{"@type":"ReadAction","target":["https:\/\/elfsight.com\/fr\/viber-chat-widget\/examples\/"]}]},{"@type":"BreadcrumbList","@id":"https:\/\/elfsight.com\/fr\/viber-chat-widget\/examples\/#breadcrumb","itemListElement":[{"@type":"ListItem","position":1,"name":"Home","item":"https:\/\/elfsight.com\/fr\/"},{"@type":"ListItem","position":2,"name":"Viber Chat","item":"https:\/\/elfsight.com\/fr\/viber-chat-widget\/"},{"@type":"ListItem","position":3,"name":"Viber Chat &#8211; Examples"}]},{"@type":"WebSite","@id":"https:\/\/elfsight.com\/fr\/#website","url":"https:\/\/elfsight.com\/fr\/","name":"Elfsight FR","description":"","potentialAction":[{"@type":"SearchAction","target":{"@type":"EntryPoint","urlTemplate":"https:\/\/elfsight.com\/fr\/?s={search_term_string}"},"query-input":{"@type":"PropertyValueSpecification","valueRequired":true,"valueName":"search_term_string"}}],"inLanguage":"fr-FR"}]}},"meta_box":{"industry":"","seo_heading":"","heading":"","description":"","cta_heading":"","cta_description":"","application":"2799","h1":"","h1_caption":"","application_category":[],"applications_title":"","applications_request_title":"","applications_request_button_text":"","hero_text":"","hero_video":"","hero_video_schema_markup":"","selling_points_title":"","selling_points_caption":"","selling_points":[],"selling_points_cta_text":"","features_title":"","features":"","ed_cta_examples_text":"","ed_cta_examples_hidden":"","ed_cta_demo_text":"","ed_cta_demo_hidden":"","why_caption":"","why_editor_title":"","why_editor_text":"","why_team_title":"","why_team_text":"","why_service_title":"","why_service_text":"","template_catalog_visible":"","template_catalog_title":"","template_catalog_text":"","template_catalog_categories_visible":"","demo_title":"","demo_caption":"","default_faq_hidden":"","app_template_category":[],"platform":"","template_public_id":"","codecanyon_url":"","codecanyon_item_id":"","codecanyon_price":"","pricing_caption":"","pricing_elfsight_apps_hide_column":"","pricing_elfsight_apps_url":"","pricing_codecanyon_price_caption":"","integration_category":[],"integration_request_title":"","integration_request_cta":"","integration_platform":"","integrations":[],"platform_category":[],"video_schema_markup":"","price":"","trial":"","benefits":[],"button_url":"","button_target_blank":"","button_nofollow":"","attributes":[],"tags":[],"tags_disable_links":"","hide_more_platforms":"","video_object":"","demo_hide_cta":"","demo_hide_cloud_options":"","pricing_title":"","pricing":[],"related_apps_title":"","related_apps_hidden":"","author":"","image":[],"title":"","job":"","social_networks":[]},"_links":{"self":[{"href":"https:\/\/elfsight.com\/fr\/wp-json\/wp\/v2\/pages\/2811","targetHints":{"allow":["GET"]}}],"collection":[{"href":"https:\/\/elfsight.com\/fr\/wp-json\/wp\/v2\/pages"}],"about":[{"href":"https:\/\/elfsight.com\/fr\/wp-json\/wp\/v2\/types\/page"}],"author":[{"embeddable":true,"href":"https:\/\/elfsight.com\/fr\/wp-json\/wp\/v2\/users\/9"}],"replies":[{"embeddable":true,"href":"https:\/\/elfsight.com\/fr\/wp-json\/wp\/v2\/comments?post=2811"}],"version-history":[{"count":6,"href":"https:\/\/elfsight.com\/fr\/wp-json\/wp\/v2\/pages\/2811\/revisions"}],"predecessor-version":[{"id":2817,"href":"https:\/\/elfsight.com\/fr\/wp-json\/wp\/v2\/pages\/2811\/revisions\/2817"}],"up":[{"embeddable":true,"href":"https:\/\/elfsight.com\/fr\/wp-json\/wp\/v2\/pages\/2802"}],"wp:attachment":[{"href":"https:\/\/elfsight.com\/fr\/wp-json\/wp\/v2\/media?parent=2811"}],"curies":[{"name":"wp","href":"https:\/\/api.w.org\/{rel}","templated":true}]}}