{"id":2708,"date":"2020-09-24T06:13:49","date_gmt":"2020-09-24T06:13:49","guid":{"rendered":"https:\/\/elfsight.com\/fr\/?page_id=2708"},"modified":"2020-10-21T15:39:19","modified_gmt":"2020-10-21T15:39:19","slug":"examples","status":"publish","type":"page","link":"https:\/\/elfsight.com\/fr\/telegram-chat-widget\/examples\/","title":{"rendered":"Telegram Chat &#8211; Examples"},"content":{"rendered":"\n<div class=\"application-examples-item application-examples-item-loading\">\n                            <div class=\"col-row\">\n                                <div class=\"col-6 col-m-8 col-s-12\"><h3 class=\"application-examples-item-title\">Exemple 1. G\u00e9n\u00e9ral<\/h3><div class=\"application-examples-item-description\">Nous avons ici l'exemple le plus typique d'une bo\u00eete de discussion Telegram sur un site Web. Une option de bulle flottante est choisie et le chat reste \u00e9quilibr\u00e9 mais vivant. Une ic\u00f4ne de chat visible est fix\u00e9e dans la bulle et la fen\u00eatre de chat a des couleurs de t\u00e9l\u00e9gramme personnalis\u00e9es.<\/div><\/div>\n                <\/div>\n\n                <div class=\"application-examples-item-iframe-container browser-frame\">\n                    <div class=\"application-examples-item-iframe-wrapper\">\n                        <iframe class=\"application-examples-item-iframe application-examples-item-iframe-fixed-height\" data-src=\"https:\/\/elfsight.com\/examples?widget_id=6c2beadb-7bc4-495b-b941-8a6ae9e952d4&padding=28px+40px+40px\" width=\"100%\" height=\"500\" allow=\"autoplay; fullscreen\"><\/iframe>\n                    <\/div>\n\n                    <div class=\"application-examples-item-loader\"><\/div>\n                <\/div>\n            <\/div>\n\n<div class=\"application-examples-item application-examples-item-loading\">\n                            <div class=\"col-row\">\n                                <div class=\"col-6 col-m-8 col-s-12\"><h3 class=\"application-examples-item-title\">Exemple 2. Soutien<\/h3><div class=\"application-examples-item-description\">L'image d'en-t\u00eate montre ici une photo d'un membre de l'\u00e9quipe d'assistance client et la l\u00e9gende est utilis\u00e9e pour d\u00e9finir le temps de r\u00e9ponse. Ainsi, les utilisateurs comprennent qu'ils vont discuter avec une personne r\u00e9elle et connaissent l'heure approximative de la r\u00e9ponse. Le chat ici peut \u00eatre utile pour organiser le support technique.<\/div><\/div>\n                <\/div>\n\n                <div class=\"application-examples-item-iframe-container browser-frame\">\n                    <div class=\"application-examples-item-iframe-wrapper\">\n                        <iframe class=\"application-examples-item-iframe application-examples-item-iframe-fixed-height\" data-src=\"https:\/\/elfsight.com\/examples?widget_id=d552e1e4-18ec-42b3-a2d7-f1356ae5c6b9&padding=28px+40px+40px\" width=\"100%\" height=\"500px\" allow=\"autoplay; fullscreen\"><\/iframe>\n                    <\/div>\n\n                    <div class=\"application-examples-item-loader\"><\/div>\n                <\/div>\n            <\/div>\n\n<div class=\"application-examples-item application-examples-item-loading\">\n                            <div class=\"col-row\">\n                                <div class=\"col-6 col-m-8 col-s-12\"><h3 class=\"application-examples-item-title\">Exemple 3. Vente<\/h3><div class=\"application-examples-item-description\">Cette bo\u00eete de discussion est distinctive et lumineuse gr\u00e2ce aux options de personnalisation. L'en-t\u00eate \u00e9tait peint en noir et le bouton D\u00e9marrer le chat est devenu rouge. Vous pouvez \u00e9galement voir la photo du profil du manager, son nom et ses positions sur l'en-t\u00eate. C'est ainsi que vous pouvez utiliser le chat Telegram pour attirer de nouvelles ventes.<\/div><\/div>\n                <\/div>\n\n                <div class=\"application-examples-item-iframe-container browser-frame\">\n                    <div class=\"application-examples-item-iframe-wrapper\">\n                        <iframe class=\"application-examples-item-iframe application-examples-item-iframe-fixed-height\" data-src=\"https:\/\/elfsight.com\/examples?widget_id=9f614818-41b4-45c2-9f03-494a6ef259c0&padding=28px+40px+40px\" width=\"100%\" height=\"500px\" allow=\"autoplay; fullscreen\"><\/iframe>\n                    <\/div>\n\n                    <div class=\"application-examples-item-loader\"><\/div>\n                <\/div>\n            <\/div>\n\n<div class=\"application-examples-item application-examples-item-loading\">\n                            <div class=\"col-row\">\n                                <div class=\"col-6 col-m-8 col-s-12\"><h3 class=\"application-examples-item-title\">Exemple 4. R\u00e9servation<\/h3><div class=\"application-examples-item-description\">Ce chat peut aider les utilisateurs \u00e0 r\u00e9server, et le texte de bienvenue ici offre une assistance avec toutes les options disponibles, attirant ainsi les clients pour d\u00e9marrer une conversation. L'en-t\u00eate et la bulle de discussion sont peints pour rappeler un service de r\u00e9servation populaire. Le bouton D\u00e9marrer le chat est de couleur bleue d'origine et contient l'ic\u00f4ne Telegram.<\/div><\/div>\n                <\/div>\n\n                <div class=\"application-examples-item-iframe-container browser-frame\">\n                    <div class=\"application-examples-item-iframe-wrapper\">\n                        <iframe class=\"application-examples-item-iframe application-examples-item-iframe-fixed-height\" data-src=\"https:\/\/elfsight.com\/examples?widget_id=7b70c4cb-191c-482e-84b0-83be9ed72ac5&padding=28px+40px+40px\" width=\"100%\" height=\"500px\" allow=\"autoplay; fullscreen\"><\/iframe>\n                    <\/div>\n\n                    <div class=\"application-examples-item-loader\"><\/div>\n                <\/div>\n            <\/div>\n\n<div class=\"application-cta-create\">\n                    <div class=\"application-cta-create-bg\">\n                        <div class=\"application-cta-create-bg-left\"><\/div>\n\n                        <div class=\"application-cta-create-bg-right\">\n                            <img decoding=\"async\" src=\"https:\/\/elfsight.com\/fr\/wp-content\/themes\/elfsight\/frontend\/assets\/img\/application-cta-create.jpg\" alt=\"Commencez par cr\u00e9er votre widget\">\n                        <\/div>\n                    <\/div>\n\n                    <div class=\"application-cta-create-content inner\">\n                        <div class=\"application-cta-create-content-inner\">\n                            <div class=\"application-cta-create-content-icon\">\n                                <svg viewBox=\"0 0 25 25\" width=\"100%\" height=\"100%\">\n                                    <use xlink:href=\"#icon-settings\"><\/use>\n                                <\/svg>\n                            <\/div>\n\n                            <div class=\"application-cta-create-content-title\">Commencez par cr\u00e9er votre widget<\/div>\n\n                            <div class=\"application-cta-create-content-text\">Vite. Facile. Pas de codage.<\/div>\n\n                            <a class=\"application-cta-create-content-button button-48 button-has-right-icon button-black button\" href=\"\">\n                                <span class=\"button-label\">Cr\u00e9er un widget<\/span>\n\n                                <svg class=\"button-icon\">\n                                    <use xlink:href=\"#icon-arrow-link\"><\/use>\n                                <\/svg>\n                            <\/a>\n                        <\/div>\n                    <\/div>\n                <\/div>\n\n<div class=\"application-examples-item application-examples-item-loading\">\n                            <div class=\"col-row\">\n                                <div class=\"col-6 col-m-8 col-s-12\"><h3 class=\"application-examples-item-title\">Exemple 5. Retour d'information<\/h3><div class=\"application-examples-item-description\">Le formulaire de commentaires ici est pr\u00e9sent\u00e9 comme une bulle flottante. Les clients peuvent facilement partager leurs r\u00e9flexions s'ils le souhaitent. La fen\u00eatre de discussion est fournie avec un texte personnalis\u00e9 et une ic\u00f4ne notifiant un nouveau message. En cliquant sur la bulle, vous ouvrirez le chat et verrez le nom d'un responsable et une photo de profil. Si vous ne trouvez pas la photo, elle peut \u00eatre facilement choisie dans notre galerie.<\/div><\/div>\n                <\/div>\n\n                <div class=\"application-examples-item-iframe-container browser-frame\">\n                    <div class=\"application-examples-item-iframe-wrapper\">\n                        <iframe class=\"application-examples-item-iframe application-examples-item-iframe-fixed-height\" data-src=\"https:\/\/elfsight.com\/examples?widget_id=5bb95932-3fe8-4562-8773-ec5a510657b2&padding=28px+40px+40px\" width=\"100%\" height=\"500px\" allow=\"autoplay; fullscreen\"><\/iframe>\n                    <\/div>\n\n                    <div class=\"application-examples-item-loader\"><\/div>\n                <\/div>\n            <\/div>\n\n<div class=\"application-examples-item application-examples-item-loading\">\n                            <div class=\"col-row\">\n                                <div class=\"col-6 col-m-8 col-s-12\"><h3 class=\"application-examples-item-title\">Exemple 6. Int\u00e9gration<\/h3><div class=\"application-examples-item-description\">Pour donner \u00e0 vos visiteurs plus de d\u00e9tails sur vos produits ou services, vous pouvez utiliser une bo\u00eete de discussion non intrusive sur votre page Web. Une bulle de discussion ici ne montre qu'une ic\u00f4ne, avec une notification sur un nouveau message. Le chat est pr\u00e9sent\u00e9 dans de nouvelles couleurs: l'en-t\u00eate est violet clair et le bouton D\u00e9marrer le chat est violet vif ainsi que la bulle de chat.<\/div><\/div>\n                <\/div>\n\n                <div class=\"application-examples-item-iframe-container browser-frame\">\n                    <div class=\"application-examples-item-iframe-wrapper\">\n                        <iframe class=\"application-examples-item-iframe application-examples-item-iframe-fixed-height\" data-src=\"https:\/\/elfsight.com\/examples?widget_id=c742f8c4-8e05-4aab-a298-782401a7e5a5&padding=28px+40px+40px\" width=\"100%\" height=\"500px\" allow=\"autoplay; fullscreen\"><\/iframe>\n                    <\/div>\n\n                    <div class=\"application-examples-item-loader\"><\/div>\n                <\/div>\n            <\/div>\n\n<div class=\"application-examples-item application-examples-item-loading\">\n                            <div class=\"col-row\">\n                                <div class=\"col-6 col-m-8 col-s-12\"><h3 class=\"application-examples-item-title\">Exemple 7. Consultation<\/h3><div class=\"application-examples-item-description\">Nous avons ici un bon exemple de consultation des clients sur vos offres. Vous pouvez aligner la bulle flottante \u00e0 gauche, \u00e0 droite ou au centre. L'en-t\u00eate de la bo\u00eete de discussion et la bulle de discussion sont de la m\u00eame couleur bleue. Le message de bienvenue ici fonctionne comme un d\u00e9clencheur de chat.<\/div><\/div>\n                <\/div>\n\n                <div class=\"application-examples-item-iframe-container browser-frame\">\n                    <div class=\"application-examples-item-iframe-wrapper\">\n                        <iframe class=\"application-examples-item-iframe application-examples-item-iframe-fixed-height\" data-src=\"https:\/\/elfsight.com\/examples?widget_id=dbdbfcb2-b059-461b-8843-0ebd1ac7ee76&padding=28px+40px+40px\" width=\"100%\" height=\"500px\" allow=\"autoplay; fullscreen\"><\/iframe>\n                    <\/div>\n\n                    <div class=\"application-examples-item-loader\"><\/div>\n                <\/div>\n            <\/div>\n\n&lt;!&#8211;<div class=\"application-examples-item application-examples-item-loading\">\n                            <div class=\"col-row\">\n                                <div class=\"col-6 col-m-8 col-s-12\"><h3 class=\"application-examples-item-title\">Exemple 8. Bouton de chat int\u00e9gr\u00e9<\/h3><div class=\"application-examples-item-description\">La fen\u00eatre de discussion ici est int\u00e9gr\u00e9e dans la zone de contenu du site Web. Il comporte l'ic\u00f4ne Telegram et un texte personnalis\u00e9. En cliquant sur la bo\u00eete de chat, vous verrez le nom de la personne de chat et le message d'accueil.<\/div><\/div>\n                <\/div>\n\n                <div class=\"application-examples-item-iframe-container browser-frame\">\n                    <div class=\"application-examples-item-iframe-wrapper\">\n                        <iframe class=\"application-examples-item-iframe\" data-src=\"https:\/\/elfsight.com\/examples?widget_id=1a17f451-4cca-4af1-bcb9-06599797afe7&padding=400px+0+100px\" width=\"100%\" allow=\"autoplay; fullscreen\"><\/iframe>\n                    <\/div>\n\n                    <div class=\"application-examples-item-loader\"><\/div>\n                <\/div>\n            <\/div>\n\n<div class=\"application-examples-item application-examples-item-loading\">\n                            <div class=\"col-row\">\n                                <div class=\"col-6 col-m-8 col-s-12\"><h3 class=\"application-examples-item-title\">Exemple 9. Incorporer la fen\u00eatre de discussion<\/h3><div class=\"application-examples-item-description\">La fen\u00eatre de discussion ouverte peut \u00eatre int\u00e9gr\u00e9e \u00e0 l\u2019une des pages de votre site Web. Les utilisateurs peuvent voir la bo\u00eete de discussion les accueillant pour d\u00e9marrer une conversation. Le widget utilise ici les couleurs originales de Telegram et est fourni avec une photo de profil et le nom de la personne de chat.<\/div><\/div>\n                <\/div>\n\n                <div class=\"application-examples-item-iframe-container browser-frame\">\n                    <div class=\"application-examples-item-iframe-wrapper\">\n                        <iframe class=\"application-examples-item-iframe application-examples-item-iframe-fixed-height\" data-src=\"https:\/\/elfsight.com\/examples?widget_id=af040323-b36d-4cb5-9a4f-8ead1fdacfaf&padding=28px+40px+40px\" width=\"100%\" height=\"500px\" allow=\"autoplay; fullscreen\"><\/iframe>\n                    <\/div>\n\n                    <div class=\"application-examples-item-loader\"><\/div>\n                <\/div>\n            <\/div>\n","protected":false},"excerpt":{"rendered":"&lt;!&#8211;","protected":false},"author":12,"featured_media":0,"parent":2697,"menu_order":0,"comment_status":"closed","ping_status":"closed","template":"templates\/template-application-examples.php","meta":{"publish_to_discourse":"","publish_post_category":"","wpdc_auto_publish_overridden":"","wpdc_topic_tags":"","wpdc_pin_topic":"","wpdc_pin_until":"","discourse_post_id":"","discourse_permalink":"","wpdc_publishing_response":"","wpdc_publishing_error":"","footnotes":""},"class_list":["post-2708","page","type-page","status-publish","hentry"],"yoast_head":"<!-- This site is optimized with the Yoast SEO plugin v25.3.1 - https:\/\/yoast.com\/wordpress\/plugins\/seo\/ -->\n<title>TOP 7 des exemples de widgets Telegram Live Chat (en 2025)<\/title>\n<meta name=\"description\" content=\"TOP 7 exemples de widgets Telegram de site Web: Assistance, Vente, R\u00e9servation, Consultation, Bouton de chat et Fen\u00eatre Messenger pour votre site Web.\" \/>\n<meta name=\"robots\" content=\"index, follow, max-snippet:-1, max-image-preview:large, max-video-preview:-1\" \/>\n<link rel=\"canonical\" href=\"https:\/\/elfsight.com\/fr\/telegram-chat-widget\/examples\/\" \/>\n<meta property=\"og:locale\" content=\"fr_FR\" \/>\n<meta property=\"og:type\" content=\"article\" \/>\n<meta property=\"og:title\" content=\"TOP 7 des exemples de widgets Telegram Live Chat (en 2025)\" \/>\n<meta property=\"og:description\" content=\"TOP 7 exemples de widgets Telegram de site Web: Assistance, Vente, R\u00e9servation, Consultation, Bouton de chat et Fen\u00eatre Messenger pour votre site Web.\" \/>\n<meta property=\"og:url\" content=\"https:\/\/elfsight.com\/fr\/telegram-chat-widget\/examples\/\" \/>\n<meta property=\"og:site_name\" content=\"Elfsight FR\" \/>\n<meta property=\"article:modified_time\" content=\"2020-10-21T15:39:19+00:00\" \/>\n<meta name=\"twitter:card\" content=\"summary_large_image\" \/>\n<meta name=\"twitter:label1\" content=\"Dur\u00e9e de lecture estim\u00e9e\" \/>\n\t<meta name=\"twitter:data1\" content=\"4 minutes\" \/>\n<!-- \/ Yoast SEO plugin. -->","yoast_head_json":{"title":"TOP 7 des exemples de widgets Telegram Live Chat (en 2025)","description":"TOP 7 exemples de widgets Telegram de site Web: Assistance, Vente, R\u00e9servation, Consultation, Bouton de chat et Fen\u00eatre Messenger pour votre site Web.","robots":{"index":"index","follow":"follow","max-snippet":"max-snippet:-1","max-image-preview":"max-image-preview:large","max-video-preview":"max-video-preview:-1"},"canonical":"https:\/\/elfsight.com\/fr\/telegram-chat-widget\/examples\/","og_locale":"fr_FR","og_type":"article","og_title":"TOP 7 des exemples de widgets Telegram Live Chat (en 2025)","og_description":"TOP 7 exemples de widgets Telegram de site Web: Assistance, Vente, R\u00e9servation, Consultation, Bouton de chat et Fen\u00eatre Messenger pour votre site Web.","og_url":"https:\/\/elfsight.com\/fr\/telegram-chat-widget\/examples\/","og_site_name":"Elfsight FR","article_modified_time":"2020-10-21T15:39:19+00:00","twitter_card":"summary_large_image","twitter_misc":{"Dur\u00e9e de lecture estim\u00e9e":"4 minutes"},"schema":{"@context":"https:\/\/schema.org","@graph":[{"@type":"WebPage","@id":"https:\/\/elfsight.com\/fr\/telegram-chat-widget\/examples\/","url":"https:\/\/elfsight.com\/fr\/telegram-chat-widget\/examples\/","name":"TOP 7 des exemples de widgets Telegram Live Chat (en 2025)","isPartOf":{"@id":"https:\/\/elfsight.com\/fr\/#website"},"datePublished":"2020-09-24T06:13:49+00:00","dateModified":"2020-10-21T15:39:19+00:00","description":"TOP 7 exemples de widgets Telegram de site Web: Assistance, Vente, R\u00e9servation, Consultation, Bouton de chat et Fen\u00eatre Messenger pour votre site Web.","breadcrumb":{"@id":"https:\/\/elfsight.com\/fr\/telegram-chat-widget\/examples\/#breadcrumb"},"inLanguage":"fr-FR","potentialAction":[{"@type":"ReadAction","target":["https:\/\/elfsight.com\/fr\/telegram-chat-widget\/examples\/"]}]},{"@type":"BreadcrumbList","@id":"https:\/\/elfsight.com\/fr\/telegram-chat-widget\/examples\/#breadcrumb","itemListElement":[{"@type":"ListItem","position":1,"name":"Home","item":"https:\/\/elfsight.com\/fr\/"},{"@type":"ListItem","position":2,"name":"Telegram Chat","item":"https:\/\/elfsight.com\/fr\/telegram-chat-widget\/"},{"@type":"ListItem","position":3,"name":"Telegram Chat &#8211; Examples"}]},{"@type":"WebSite","@id":"https:\/\/elfsight.com\/fr\/#website","url":"https:\/\/elfsight.com\/fr\/","name":"Elfsight FR","description":"","potentialAction":[{"@type":"SearchAction","target":{"@type":"EntryPoint","urlTemplate":"https:\/\/elfsight.com\/fr\/?s={search_term_string}"},"query-input":{"@type":"PropertyValueSpecification","valueRequired":true,"valueName":"search_term_string"}}],"inLanguage":"fr-FR"}]}},"meta_box":{"industry":"","seo_heading":"","heading":"","description":"","cta_heading":"","cta_description":"","application":"2690","h1":"","h1_caption":"","application_category":[],"applications_title":"","applications_request_title":"","applications_request_button_text":"","hero_text":"","hero_video":"","hero_video_schema_markup":"","selling_points_title":"","selling_points_caption":"","selling_points":[],"selling_points_cta_text":"","features_title":"","features":"","ed_cta_examples_text":"","ed_cta_examples_hidden":"","ed_cta_demo_text":"","ed_cta_demo_hidden":"","why_caption":"","why_editor_title":"","why_editor_text":"","why_team_title":"","why_team_text":"","why_service_title":"","why_service_text":"","template_catalog_visible":"","template_catalog_title":"","template_catalog_text":"","template_catalog_categories_visible":"","demo_title":"","demo_caption":"","default_faq_hidden":"","app_template_category":[],"platform":"","template_public_id":"","codecanyon_url":"","codecanyon_item_id":"","codecanyon_price":"","pricing_caption":"","pricing_elfsight_apps_hide_column":"","pricing_elfsight_apps_url":"","pricing_codecanyon_price_caption":"","integration_category":[],"integration_request_title":"","integration_request_cta":"","integration_platform":"","integrations":[],"platform_category":[],"video_schema_markup":"","price":"","trial":"","benefits":[],"button_url":"","button_target_blank":"","button_nofollow":"","attributes":[],"tags":[],"tags_disable_links":"","hide_more_platforms":"","video_object":"","demo_hide_cta":"","demo_hide_cloud_options":"","pricing_title":"","pricing":[],"related_apps_title":"","related_apps_hidden":"","author":"","image":[],"title":"","job":"","social_networks":[]},"_links":{"self":[{"href":"https:\/\/elfsight.com\/fr\/wp-json\/wp\/v2\/pages\/2708","targetHints":{"allow":["GET"]}}],"collection":[{"href":"https:\/\/elfsight.com\/fr\/wp-json\/wp\/v2\/pages"}],"about":[{"href":"https:\/\/elfsight.com\/fr\/wp-json\/wp\/v2\/types\/page"}],"author":[{"embeddable":true,"href":"https:\/\/elfsight.com\/fr\/wp-json\/wp\/v2\/users\/12"}],"replies":[{"embeddable":true,"href":"https:\/\/elfsight.com\/fr\/wp-json\/wp\/v2\/comments?post=2708"}],"version-history":[{"count":3,"href":"https:\/\/elfsight.com\/fr\/wp-json\/wp\/v2\/pages\/2708\/revisions"}],"predecessor-version":[{"id":2711,"href":"https:\/\/elfsight.com\/fr\/wp-json\/wp\/v2\/pages\/2708\/revisions\/2711"}],"up":[{"embeddable":true,"href":"https:\/\/elfsight.com\/fr\/wp-json\/wp\/v2\/pages\/2697"}],"wp:attachment":[{"href":"https:\/\/elfsight.com\/fr\/wp-json\/wp\/v2\/media?parent=2708"}],"curies":[{"name":"wp","href":"https:\/\/api.w.org\/{rel}","templated":true}]}}