{"id":2575,"date":"2020-09-15T14:12:33","date_gmt":"2020-09-15T14:12:33","guid":{"rendered":"https:\/\/elfsight.com\/fr\/?page_id=2575"},"modified":"2024-07-18T15:33:49","modified_gmt":"2024-07-18T15:33:49","slug":"examples","status":"publish","type":"page","link":"https:\/\/elfsight.com\/fr\/visitor-counter-widget\/examples\/","title":{"rendered":"Visitor Counter &#8211; Examples"},"content":{"rendered":"\n<div class=\"application-examples-item application-examples-item-loading\">\n                            <div class=\"col-row\">\n                                <div class=\"col-6 col-m-8 col-s-12\"><h3 class=\"application-examples-item-title\">Exemple 1. Compteur en ligne<\/h3><div class=\"application-examples-item-description\">Cette variante est parfaite pour \u00eatre plac\u00e9e en pied de page de votre site Web. Inline Counter permet de repr\u00e9senter les donn\u00e9es de la mani\u00e8re la plus d\u00e9taill\u00e9e et la plus informative. Le mod\u00e8le comprend un graf et une liste de valeurs \u00e0 afficher. N'h\u00e9sitez pas \u00e0 afficher autant de valeurs dans une grille que vous le souhaitez. Un d\u00e9filement horizontal pratique est une solution \u00e9tonnante pour les montrer tous.<\/div><\/div>\n                <\/div>\n\n                <div class=\"application-examples-item-iframe-container browser-frame\">\n                    <div class=\"application-examples-item-iframe-wrapper\">\n                        <iframe class=\"application-examples-item-iframe\" data-src=\"https:\/\/elfsight.com\/examples?widget_id=d93d33b5-6bee-4ee3-a102-882abcf2b84c&padding=100\" width=\"100%\" allow=\"autoplay; fullscreen\"><\/iframe>\n                    <\/div>\n\n                    <div class=\"application-examples-item-loader\"><\/div>\n                <\/div>\n            <\/div>\n\n<div class=\"application-examples-item application-examples-item-loading\">\n                            <div class=\"col-row\">\n                                <div class=\"col-6 col-m-8 col-s-12\"><h3 class=\"application-examples-item-title\">Exemple 2. Comptoir Mini<\/h3><div class=\"application-examples-item-description\">Ce mod\u00e8le au design minimaliste et uniquement les informations les plus essentielles est destin\u00e9 \u00e0 ceux qui pensent que les chiffres parlent plus que les mots. Affichez les messages, les chiffres, d\u00e9sactivez le graphique des statistiques, placez le widget en pied de page et suivez vos m\u00e9triques. Les propri\u00e9taires de sites Web ont probablement plus besoin de ce mod\u00e8le que les utilisateurs.<\/div><\/div>\n                <\/div>\n\n                <div class=\"application-examples-item-iframe-container browser-frame\">\n                    <div class=\"application-examples-item-iframe-wrapper\">\n                        <iframe class=\"application-examples-item-iframe\" data-src=\"https:\/\/elfsight.com\/examples?widget_id=1f5caa46-65fe-4a47-bcf0-04c5c986c577&padding=100\" width=\"100%\" allow=\"autoplay; fullscreen\"><\/iframe>\n                    <\/div>\n\n                    <div class=\"application-examples-item-loader\"><\/div>\n                <\/div>\n            <\/div>\n\n<div class=\"application-examples-item application-examples-item-loading\">\n                            <div class=\"col-row\">\n                                <div class=\"col-6 col-m-8 col-s-12\"><h3 class=\"application-examples-item-title\">Exemple 3. D\u00e9tail du compteur de visiteurs<\/h3><div class=\"application-examples-item-description\">C'est un grand mod\u00e8le \u00e9tonnant avec beaucoup de donn\u00e9es. Accentuez les progr\u00e8s de la dynamique en choisissant une couleur contrastante pour votre graphique. Jouez avec le poids de la police, la couleur du texte et l'image d'arri\u00e8re-plan. Personnalisez le widget en fonction de vos besoins, surtout si votre objectif est d'attirer plus d'utilisateurs en pr\u00e9sentant des statistiques fantastiques.<\/div><\/div>\n                <\/div>\n\n                <div class=\"application-examples-item-iframe-container browser-frame\">\n                    <div class=\"application-examples-item-iframe-wrapper\">\n                        <iframe class=\"application-examples-item-iframe\" data-src=\"https:\/\/elfsight.com\/examples?widget_id=3937ea29-181a-4886-b960-74b9caca1977&padding=100\" width=\"100%\" allow=\"autoplay; fullscreen\"><\/iframe>\n                    <\/div>\n\n                    <div class=\"application-examples-item-loader\"><\/div>\n                <\/div>\n            <\/div>\n\n<div class=\"application-examples-item application-examples-item-loading\">\n                            <div class=\"col-row\">\n                                <div class=\"col-6 col-m-8 col-s-12\"><h3 class=\"application-examples-item-title\">Exemple 4. Compteur de visiteurs vertical<\/h3><div class=\"application-examples-item-description\">Si vous souhaitez int\u00e9grer votre compteur dans la barre lat\u00e9rale, ce mod\u00e8le est une excellente solution toute faite pour vous, car sa largeur est fixe. En l'utilisant, vous aurez la possibilit\u00e9 d'ajouter de nombreuses valeurs align\u00e9es verticalement et un graphique lumineux.<\/div><\/div>\n                <\/div>\n\n                <div class=\"application-examples-item-iframe-container browser-frame\">\n                    <div class=\"application-examples-item-iframe-wrapper\">\n                        <iframe class=\"application-examples-item-iframe\" data-src=\"https:\/\/elfsight.com\/examples?widget_id=ec621e90-17a4-4d91-ae0e-e614300a8e3a&padding=100\" width=\"100%\" allow=\"autoplay; fullscreen\"><\/iframe>\n                    <\/div>\n\n                    <div class=\"application-examples-item-loader\"><\/div>\n                <\/div>\n            <\/div>\n\n<div class=\"application-examples-item application-examples-item-loading\">\n                            <div class=\"col-row\">\n                                <div class=\"col-6 col-m-8 col-s-12\"><h3 class=\"application-examples-item-title\">Exemple 5. Compteur de visiteurs quotidien<\/h3><div class=\"application-examples-item-description\">S'il n'est pas n\u00e9cessaire de pr\u00e9senter beaucoup de donn\u00e9es et que vous avez juste besoin de statistiques quotidiennes, choisissez ce mod\u00e8le. Une conception minimaliste et un graphique lumineux aideront les utilisateurs \u00e0 se concentrer sur les mesures les plus importantes.<\/div><\/div>\n                <\/div>\n\n                <div class=\"application-examples-item-iframe-container browser-frame\">\n                    <div class=\"application-examples-item-iframe-wrapper\">\n                        <iframe class=\"application-examples-item-iframe\" data-src=\"https:\/\/elfsight.com\/examples?widget_id=19488c92-a7ba-4086-8f01-ba1ac44ba10a&padding=100\" width=\"100%\" allow=\"autoplay; fullscreen\"><\/iframe>\n                    <\/div>\n\n                    <div class=\"application-examples-item-loader\"><\/div>\n                <\/div>\n            <\/div>\n","protected":false},"excerpt":{"rendered":"","protected":false},"author":12,"featured_media":0,"parent":2560,"menu_order":0,"comment_status":"closed","ping_status":"closed","template":"templates\/template-application-examples.php","meta":{"publish_to_discourse":"","publish_post_category":"","wpdc_auto_publish_overridden":"","wpdc_topic_tags":"","wpdc_pin_topic":"","wpdc_pin_until":"","discourse_post_id":"","discourse_permalink":"","wpdc_publishing_response":"","wpdc_publishing_error":"","footnotes":""},"class_list":["post-2575","page","type-page","status-publish","hentry"],"yoast_head":"<!-- This site is optimized with the Yoast SEO plugin v25.3.1 - https:\/\/yoast.com\/wordpress\/plugins\/seo\/ -->\n<title>Compteur de visiteurs - Exemples (comment utiliser les compteurs sur site)<\/title>\n<meta name=\"description\" content=\"D\u00e9couvrez les performances de Visitor Counter by Elfsight sur le site Web. Utilisez nos mod\u00e8les pratiques pour ajouter un widget sur page Web en secondes!\" \/>\n<meta name=\"robots\" content=\"index, follow, max-snippet:-1, max-image-preview:large, max-video-preview:-1\" \/>\n<link rel=\"canonical\" href=\"https:\/\/elfsight.com\/fr\/visitor-counter-widget\/examples\/\" \/>\n<meta property=\"og:locale\" content=\"fr_FR\" \/>\n<meta property=\"og:type\" content=\"article\" \/>\n<meta property=\"og:title\" content=\"Compteur de visiteurs - Exemples (comment utiliser les compteurs sur site)\" \/>\n<meta property=\"og:description\" content=\"D\u00e9couvrez les performances de Visitor Counter by Elfsight sur le site Web. Utilisez nos mod\u00e8les pratiques pour ajouter un widget sur page Web en secondes!\" \/>\n<meta property=\"og:url\" content=\"https:\/\/elfsight.com\/fr\/visitor-counter-widget\/examples\/\" \/>\n<meta property=\"og:site_name\" content=\"Elfsight FR\" \/>\n<meta property=\"article:modified_time\" content=\"2024-07-18T15:33:49+00:00\" \/>\n<meta name=\"twitter:card\" content=\"summary_large_image\" \/>\n<meta name=\"twitter:label1\" content=\"Dur\u00e9e de lecture estim\u00e9e\" \/>\n\t<meta name=\"twitter:data1\" content=\"2 minutes\" \/>\n<!-- \/ Yoast SEO plugin. -->","yoast_head_json":{"title":"Compteur de visiteurs - Exemples (comment utiliser les compteurs sur site)","description":"D\u00e9couvrez les performances de Visitor Counter by Elfsight sur le site Web. Utilisez nos mod\u00e8les pratiques pour ajouter un widget sur page Web en secondes!","robots":{"index":"index","follow":"follow","max-snippet":"max-snippet:-1","max-image-preview":"max-image-preview:large","max-video-preview":"max-video-preview:-1"},"canonical":"https:\/\/elfsight.com\/fr\/visitor-counter-widget\/examples\/","og_locale":"fr_FR","og_type":"article","og_title":"Compteur de visiteurs - Exemples (comment utiliser les compteurs sur site)","og_description":"D\u00e9couvrez les performances de Visitor Counter by Elfsight sur le site Web. Utilisez nos mod\u00e8les pratiques pour ajouter un widget sur page Web en secondes!","og_url":"https:\/\/elfsight.com\/fr\/visitor-counter-widget\/examples\/","og_site_name":"Elfsight FR","article_modified_time":"2024-07-18T15:33:49+00:00","twitter_card":"summary_large_image","twitter_misc":{"Dur\u00e9e de lecture estim\u00e9e":"2 minutes"},"schema":{"@context":"https:\/\/schema.org","@graph":[{"@type":"WebPage","@id":"https:\/\/elfsight.com\/fr\/visitor-counter-widget\/examples\/","url":"https:\/\/elfsight.com\/fr\/visitor-counter-widget\/examples\/","name":"Compteur de visiteurs - Exemples (comment utiliser les compteurs sur site)","isPartOf":{"@id":"https:\/\/elfsight.com\/fr\/#website"},"datePublished":"2020-09-15T14:12:33+00:00","dateModified":"2024-07-18T15:33:49+00:00","description":"D\u00e9couvrez les performances de Visitor Counter by Elfsight sur le site Web. Utilisez nos mod\u00e8les pratiques pour ajouter un widget sur page Web en secondes!","breadcrumb":{"@id":"https:\/\/elfsight.com\/fr\/visitor-counter-widget\/examples\/#breadcrumb"},"inLanguage":"fr-FR","potentialAction":[{"@type":"ReadAction","target":["https:\/\/elfsight.com\/fr\/visitor-counter-widget\/examples\/"]}]},{"@type":"BreadcrumbList","@id":"https:\/\/elfsight.com\/fr\/visitor-counter-widget\/examples\/#breadcrumb","itemListElement":[{"@type":"ListItem","position":1,"name":"Home","item":"https:\/\/elfsight.com\/fr\/"},{"@type":"ListItem","position":2,"name":"Visitor Counter","item":"https:\/\/elfsight.com\/fr\/visitor-counter-widget\/"},{"@type":"ListItem","position":3,"name":"Visitor Counter &#8211; Examples"}]},{"@type":"WebSite","@id":"https:\/\/elfsight.com\/fr\/#website","url":"https:\/\/elfsight.com\/fr\/","name":"Elfsight FR","description":"","potentialAction":[{"@type":"SearchAction","target":{"@type":"EntryPoint","urlTemplate":"https:\/\/elfsight.com\/fr\/?s={search_term_string}"},"query-input":{"@type":"PropertyValueSpecification","valueRequired":true,"valueName":"search_term_string"}}],"inLanguage":"fr-FR"}]}},"meta_box":{"industry":"","seo_heading":"","heading":"","description":"","cta_heading":"","cta_description":"","application":"2559","h1":"","h1_caption":"","application_category":[],"applications_title":"","applications_request_title":"","applications_request_button_text":"","hero_text":"","hero_video":"","hero_video_schema_markup":"","selling_points_title":"","selling_points_caption":"","selling_points":[],"selling_points_cta_text":"","features_title":"","features":"","ed_cta_examples_text":"","ed_cta_examples_hidden":"","ed_cta_demo_text":"","ed_cta_demo_hidden":"","why_caption":"","why_editor_title":"","why_editor_text":"","why_team_title":"","why_team_text":"","why_service_title":"","why_service_text":"","template_catalog_visible":"","template_catalog_title":"","template_catalog_text":"","template_catalog_categories_visible":"","demo_title":"","demo_caption":"","default_faq_hidden":"","app_template_category":[],"platform":"","template_public_id":"","codecanyon_url":"","codecanyon_item_id":"","codecanyon_price":"","pricing_caption":"","pricing_elfsight_apps_hide_column":"","pricing_elfsight_apps_url":"","pricing_codecanyon_price_caption":"","integration_category":[],"integration_request_title":"","integration_request_cta":"","integration_platform":"","integrations":[],"platform_category":[],"video_schema_markup":"","price":"","trial":"","benefits":[],"button_url":"","button_target_blank":"","button_nofollow":"","attributes":[],"tags":[],"tags_disable_links":"","hide_more_platforms":"","video_object":"","demo_hide_cta":"","demo_hide_cloud_options":"","pricing_title":"","pricing":[],"related_apps_title":"","related_apps_hidden":"","author":"","image":[],"title":"","job":"","social_networks":[]},"_links":{"self":[{"href":"https:\/\/elfsight.com\/fr\/wp-json\/wp\/v2\/pages\/2575","targetHints":{"allow":["GET"]}}],"collection":[{"href":"https:\/\/elfsight.com\/fr\/wp-json\/wp\/v2\/pages"}],"about":[{"href":"https:\/\/elfsight.com\/fr\/wp-json\/wp\/v2\/types\/page"}],"author":[{"embeddable":true,"href":"https:\/\/elfsight.com\/fr\/wp-json\/wp\/v2\/users\/12"}],"replies":[{"embeddable":true,"href":"https:\/\/elfsight.com\/fr\/wp-json\/wp\/v2\/comments?post=2575"}],"version-history":[{"count":4,"href":"https:\/\/elfsight.com\/fr\/wp-json\/wp\/v2\/pages\/2575\/revisions"}],"predecessor-version":[{"id":14185,"href":"https:\/\/elfsight.com\/fr\/wp-json\/wp\/v2\/pages\/2575\/revisions\/14185"}],"up":[{"embeddable":true,"href":"https:\/\/elfsight.com\/fr\/wp-json\/wp\/v2\/pages\/2560"}],"wp:attachment":[{"href":"https:\/\/elfsight.com\/fr\/wp-json\/wp\/v2\/media?parent=2575"}],"curies":[{"name":"wp","href":"https:\/\/api.w.org\/{rel}","templated":true}]}}