{"id":2520,"date":"2020-09-08T15:57:33","date_gmt":"2020-09-08T15:57:33","guid":{"rendered":"https:\/\/elfsight.com\/fr\/?page_id=2520"},"modified":"2022-03-21T10:51:22","modified_gmt":"2022-03-21T10:51:22","slug":"pricing","status":"publish","type":"page","link":"https:\/\/elfsight.com\/fr\/weather-widget\/pricing\/","title":{"rendered":"Weather &#8211; Pricing"},"content":{"rendered":"\n<div class=\"faq\" data-component=\"FAQ\">\n<div class=\"faq-item\">\r\n\t\t\t\t\t<div class=\"faq-item-question\">\r\n\t\t\t\t\t\t<h3 class=\"faq-item-question-text\">Puis-je utiliser les widgets qui vous avez \u00e0 co\u00fbt nul?<\/h3>\r\n\r\n\t\t\t\t\t\t<div class=\"faq-item-question-icon\"><\/div>\r\n\t\t\t\t\t<\/div>\r\n\r\n\t\t\t\t\t<div class=\"faq-item-answer\">\r\n\t\t\t\t\t\t<div class=\"faq-item-answer-text\">\nOui! Tout ce qu&rsquo;il faut faire c&rsquo;est instaurer une applications et choisir le plan gratuit. \n<\/div>\r\n\t\t\t\t\t<\/div>\r\n\t\t\t\t<\/div>\n\n\n<div class=\"faq-item\">\r\n\t\t\t\t\t<div class=\"faq-item-question\">\r\n\t\t\t\t\t\t<h3 class=\"faq-item-question-text\">Y a-t-il une p\u00e9riode d'\u00e9valuation gratuite? <\/h3>\r\n\r\n\t\t\t\t\t\t<div class=\"faq-item-question-icon\"><\/div>\r\n\t\t\t\t\t<\/div>\r\n\r\n\t\t\t\t\t<div class=\"faq-item-answer\">\r\n\t\t\t\t\t\t<div class=\"faq-item-answer-text\">\nNon, nous n&rsquo;avons pas de p\u00e9riode d&rsquo;essai gratuite. Alternativement, vous pouvez s\u00e9lectionner la tarification gratuite et voir tous les caract\u00e9ristiques de nos outils. Notre forfait gratuit n\u2019a pas de limites donc vous aurez la id\u00e9e de tous les possibilit\u00e9s en quelques clics. \n<\/div>\r\n\t\t\t\t\t<\/div>\r\n\t\t\t\t<\/div>\n\n<div class=\"faq-item\">\r\n\t\t\t\t\t<div class=\"faq-item-question\">\r\n\t\t\t\t\t\t<h3 class=\"faq-item-question-text\">Offrez-vous des baisse de prix? <\/h3>\r\n\r\n\t\t\t\t\t\t<div class=\"faq-item-question-icon\"><\/div>\r\n\t\t\t\t\t<\/div>\r\n\r\n\t\t\t\t\t<div class=\"faq-item-answer\">\r\n\t\t\t\t\t\t<div class=\"faq-item-answer-text\">\nOui, vous pouvez recevoir une remise de bienvenue de 20% pour votre premier abonnement payant. En plus, nous offrons 30% bon de r\u00e9duction pour une seconde abonnement unique suivant. \n<\/div>\r\n\t\t\t\t\t<\/div>\r\n\t\t\t\t<\/div>\n\n<div class=\"faq-item\">\r\n\t\t\t\t\t<div class=\"faq-item-question\">\r\n\t\t\t\t\t\t<h3 class=\"faq-item-question-text\">Puis-je changer mon plan sur la route? <\/h3>\r\n\r\n\t\t\t\t\t\t<div class=\"faq-item-question-icon\"><\/div>\r\n\t\t\t\t\t<\/div>\r\n\r\n\t\t\t\t\t<div class=\"faq-item-answer\">\r\n\t\t\t\t\t\t<div class=\"faq-item-answer-text\">\nAbsolument! Vous pouvez augmenter ou downgrade votre plan \u00e0 toute heure. L&rsquo;argent que vous avez pay\u00e9 pour le abonnement ant\u00e9c\u00e9dent sera r\u00e9primand\u00e9 votre nouveau plan. \n<\/div>\r\n\t\t\t\t\t<\/div>\r\n\t\t\t\t<\/div>\n\n<div class=\"faq-item\">\r\n\t\t\t\t\t<div class=\"faq-item-question\">\r\n\t\t\t\t\t\t<h3 class=\"faq-item-question-text\">Qu'est-ce que cela signifie la restriction sur vues du widget? <\/h3>\r\n\r\n\t\t\t\t\t\t<div class=\"faq-item-question-icon\"><\/div>\r\n\t\t\t\t\t<\/div>\r\n\r\n\t\t\t\t\t<div class=\"faq-item-answer\">\r\n\t\t\t\t\t\t<div class=\"faq-item-answer-text\">\nLe nombre de vues de widget est \u00e9gal \u00e0 le montant de ses t\u00e9l\u00e9chargements sur page Web. Vues afficher montant t\u00e9l\u00e9chargements plugin unique visiteurs. N&rsquo;oubliez pas que que pour chaque plan ses limites sur quantit\u00e9 de t\u00e9l\u00e9chargements de plugin. \n<\/div>\r\n\t\t\t\t\t<\/div>\r\n\t\t\t\t<\/div>\n\n<div class=\"faq-item\">\r\n\t\t\t\t\t<div class=\"faq-item-question\">\r\n\t\t\t\t\t\t<h3 class=\"faq-item-question-text\">Y a-t-il des restrictions concernant le montant de sites sur lesquels je peux ins\u00e9rer le plugin? <\/h3>\r\n\r\n\t\t\t\t\t\t<div class=\"faq-item-question-icon\"><\/div>\r\n\t\t\t\t\t<\/div>\r\n\r\n\t\t\t\t\t<div class=\"faq-item-answer\">\r\n\t\t\t\t\t\t<div class=\"faq-item-answer-text\">\nLe Plan Lite gratuit vous aide \u00e0 int\u00e9grer le plugin sur un seul site Web et g\u00e9n\u00e9rer un seul outil. Aucun des plans pay\u00e9s ne propose une telle limitation, c&rsquo;est-\u00e0-dire que le plugin peut \u00eatre coll\u00e9 sur un le montant de sites illimit\u00e9. \n<\/div>\r\n\t\t\t\t\t<\/div>\r\n\t\t\t\t<\/div>\n\n<div class=\"faq-item\">\r\n\t\t\t\t\t<div class=\"faq-item-question\">\r\n\t\t\t\t\t\t<h3 class=\"faq-item-question-text\">Offrez-vous l\u2019assistance gratuite avec l\u2019installation? <\/h3>\r\n\r\n\t\t\t\t\t\t<div class=\"faq-item-question-icon\"><\/div>\r\n\t\t\t\t\t<\/div>\r\n\r\n\t\t\t\t\t<div class=\"faq-item-answer\">\r\n\t\t\t\t\t\t<div class=\"faq-item-answer-text\"> \nOui, nous donnons des assurances d\u2019une assistance d\u2019installation gratuite pour tous cat\u00e9gories d&rsquo;utilisateurs. N&rsquo;ayez pas peur de contacter pour notre service clients au cas o\u00f9 vous en auriez besoin. \n<\/div>\r\n\t\t\t\t\t<\/div>\r\n\t\t\t\t<\/div>\n<\/div>\n","protected":false},"excerpt":{"rendered":"","protected":false},"author":12,"featured_media":0,"parent":2497,"menu_order":0,"comment_status":"closed","ping_status":"closed","template":"templates\/template-application-pricing.php","meta":{"publish_to_discourse":"","publish_post_category":"","wpdc_auto_publish_overridden":"","wpdc_topic_tags":"","wpdc_pin_topic":"","wpdc_pin_until":"","discourse_post_id":"","discourse_permalink":"","wpdc_publishing_response":"","wpdc_publishing_error":"","footnotes":""},"class_list":["post-2520","page","type-page","status-publish","hentry"],"yoast_head":"<!-- This site is optimized with the Yoast SEO plugin v25.3.1 - https:\/\/yoast.com\/wordpress\/plugins\/seo\/ -->\n<title>Widget M\u00e9t\u00e9o Elfsight pour site Web - Prix (plans gratuits et Premium)<\/title>\n<meta name=\"description\" content=\"Personnalisez gratuitement une application M\u00e9t\u00e9o pour votre site Web! Prix sur le classement du widget M\u00e9t\u00e9o de gratuit \u00e0 premium.\" \/>\n<meta name=\"robots\" content=\"index, follow, max-snippet:-1, max-image-preview:large, max-video-preview:-1\" \/>\n<link rel=\"canonical\" href=\"https:\/\/elfsight.com\/fr\/weather-widget\/pricing\/\" \/>\n<meta property=\"og:locale\" content=\"fr_FR\" \/>\n<meta property=\"og:type\" content=\"article\" \/>\n<meta property=\"og:title\" content=\"Widget M\u00e9t\u00e9o Elfsight pour site Web - Prix (plans gratuits et Premium)\" \/>\n<meta property=\"og:description\" content=\"Personnalisez gratuitement une application M\u00e9t\u00e9o pour votre site Web! Prix sur le classement du widget M\u00e9t\u00e9o de gratuit \u00e0 premium.\" \/>\n<meta property=\"og:url\" content=\"https:\/\/elfsight.com\/fr\/weather-widget\/pricing\/\" \/>\n<meta property=\"og:site_name\" content=\"Elfsight FR\" \/>\n<meta property=\"article:modified_time\" content=\"2022-03-21T10:51:22+00:00\" \/>\n<meta name=\"twitter:card\" content=\"summary_large_image\" \/>\n<meta name=\"twitter:label1\" content=\"Dur\u00e9e de lecture estim\u00e9e\" \/>\n\t<meta name=\"twitter:data1\" content=\"2 minutes\" \/>\n<!-- \/ Yoast SEO plugin. -->","yoast_head_json":{"title":"Widget M\u00e9t\u00e9o Elfsight pour site Web - Prix (plans gratuits et Premium)","description":"Personnalisez gratuitement une application M\u00e9t\u00e9o pour votre site Web! Prix sur le classement du widget M\u00e9t\u00e9o de gratuit \u00e0 premium.","robots":{"index":"index","follow":"follow","max-snippet":"max-snippet:-1","max-image-preview":"max-image-preview:large","max-video-preview":"max-video-preview:-1"},"canonical":"https:\/\/elfsight.com\/fr\/weather-widget\/pricing\/","og_locale":"fr_FR","og_type":"article","og_title":"Widget M\u00e9t\u00e9o Elfsight pour site Web - Prix (plans gratuits et Premium)","og_description":"Personnalisez gratuitement une application M\u00e9t\u00e9o pour votre site Web! Prix sur le classement du widget M\u00e9t\u00e9o de gratuit \u00e0 premium.","og_url":"https:\/\/elfsight.com\/fr\/weather-widget\/pricing\/","og_site_name":"Elfsight FR","article_modified_time":"2022-03-21T10:51:22+00:00","twitter_card":"summary_large_image","twitter_misc":{"Dur\u00e9e de lecture estim\u00e9e":"2 minutes"},"schema":{"@context":"https:\/\/schema.org","@graph":[{"@type":"WebPage","@id":"https:\/\/elfsight.com\/fr\/weather-widget\/pricing\/","url":"https:\/\/elfsight.com\/fr\/weather-widget\/pricing\/","name":"Widget M\u00e9t\u00e9o Elfsight pour site Web - Prix (plans gratuits et Premium)","isPartOf":{"@id":"https:\/\/elfsight.com\/fr\/#website"},"datePublished":"2020-09-08T15:57:33+00:00","dateModified":"2022-03-21T10:51:22+00:00","description":"Personnalisez gratuitement une application M\u00e9t\u00e9o pour votre site Web! Prix sur le classement du widget M\u00e9t\u00e9o de gratuit \u00e0 premium.","breadcrumb":{"@id":"https:\/\/elfsight.com\/fr\/weather-widget\/pricing\/#breadcrumb"},"inLanguage":"fr-FR","potentialAction":[{"@type":"ReadAction","target":["https:\/\/elfsight.com\/fr\/weather-widget\/pricing\/"]}]},{"@type":"BreadcrumbList","@id":"https:\/\/elfsight.com\/fr\/weather-widget\/pricing\/#breadcrumb","itemListElement":[{"@type":"ListItem","position":1,"name":"Home","item":"https:\/\/elfsight.com\/fr\/"},{"@type":"ListItem","position":2,"name":"Weather","item":"https:\/\/elfsight.com\/fr\/weather-widget\/"},{"@type":"ListItem","position":3,"name":"Weather &#8211; Pricing"}]},{"@type":"WebSite","@id":"https:\/\/elfsight.com\/fr\/#website","url":"https:\/\/elfsight.com\/fr\/","name":"Elfsight FR","description":"","potentialAction":[{"@type":"SearchAction","target":{"@type":"EntryPoint","urlTemplate":"https:\/\/elfsight.com\/fr\/?s={search_term_string}"},"query-input":{"@type":"PropertyValueSpecification","valueRequired":true,"valueName":"search_term_string"}}],"inLanguage":"fr-FR"}]}},"meta_box":{"industry":"","seo_heading":"","heading":"","description":"","cta_heading":"","cta_description":"","application":"2496","h1":"","h1_caption":"","application_category":[],"applications_title":"","applications_request_title":"","applications_request_button_text":"","hero_text":"","hero_video":"","hero_video_schema_markup":"","selling_points_title":"","selling_points_caption":"","selling_points":[],"selling_points_cta_text":"","features_title":"","features":"","ed_cta_examples_text":"","ed_cta_examples_hidden":"","ed_cta_demo_text":"","ed_cta_demo_hidden":"","why_caption":"","why_editor_title":"","why_editor_text":"","why_team_title":"","why_team_text":"","why_service_title":"","why_service_text":"","template_catalog_visible":"","template_catalog_title":"","template_catalog_text":"","template_catalog_categories_visible":"","demo_title":"","demo_caption":"","default_faq_hidden":"1","app_template_category":[],"platform":"","template_public_id":"","codecanyon_url":"","codecanyon_item_id":"","codecanyon_price":"","pricing_caption":"","pricing_elfsight_apps_hide_column":"","pricing_elfsight_apps_url":"","pricing_codecanyon_price_caption":"","integration_category":[],"integration_request_title":"","integration_request_cta":"","integration_platform":"","integrations":[],"platform_category":[],"video_schema_markup":"","price":"","trial":"","benefits":[],"button_url":"","button_target_blank":"","button_nofollow":"","attributes":[],"tags":[],"tags_disable_links":"","hide_more_platforms":"","video_object":"","demo_hide_cta":"","demo_hide_cloud_options":"","pricing_title":"","pricing":[],"related_apps_title":"","related_apps_hidden":"","author":"","image":[],"title":"","job":"","social_networks":[]},"_links":{"self":[{"href":"https:\/\/elfsight.com\/fr\/wp-json\/wp\/v2\/pages\/2520","targetHints":{"allow":["GET"]}}],"collection":[{"href":"https:\/\/elfsight.com\/fr\/wp-json\/wp\/v2\/pages"}],"about":[{"href":"https:\/\/elfsight.com\/fr\/wp-json\/wp\/v2\/types\/page"}],"author":[{"embeddable":true,"href":"https:\/\/elfsight.com\/fr\/wp-json\/wp\/v2\/users\/12"}],"replies":[{"embeddable":true,"href":"https:\/\/elfsight.com\/fr\/wp-json\/wp\/v2\/comments?post=2520"}],"version-history":[{"count":3,"href":"https:\/\/elfsight.com\/fr\/wp-json\/wp\/v2\/pages\/2520\/revisions"}],"predecessor-version":[{"id":6993,"href":"https:\/\/elfsight.com\/fr\/wp-json\/wp\/v2\/pages\/2520\/revisions\/6993"}],"up":[{"embeddable":true,"href":"https:\/\/elfsight.com\/fr\/wp-json\/wp\/v2\/pages\/2497"}],"wp:attachment":[{"href":"https:\/\/elfsight.com\/fr\/wp-json\/wp\/v2\/media?parent=2520"}],"curies":[{"name":"wp","href":"https:\/\/api.w.org\/{rel}","templated":true}]}}