{"id":2473,"date":"2020-09-08T13:17:16","date_gmt":"2020-09-08T13:17:16","guid":{"rendered":"https:\/\/elfsight.com\/fr\/?page_id=2473"},"modified":"2020-10-12T16:11:19","modified_gmt":"2020-10-12T16:11:19","slug":"examples","status":"publish","type":"page","link":"https:\/\/elfsight.com\/fr\/pinterest-feed-widget\/examples\/","title":{"rendered":"Pinterest Feed &#8211; examples"},"content":{"rendered":"\n<div class=\"application-examples-item application-examples-item-loading\">\n                            <div class=\"col-row\">\n                                <div class=\"col-6 col-m-8 col-s-12\"><h3 class=\"application-examples-item-title\">Exemple 1. Profil Pinterest<\/h3><div class=\"application-examples-item-description\">Int\u00e9grez votre compte Pinterest au site Web pour \u00e9largir la port\u00e9e de votre contenu visuel. Le widget affiche les \u00e9pingles et les tableaux de votre profil et affiche un en-t\u00eate avec un nom de compte cliquable et une image authentique. Le bouton Suivre garantira une inscription fluide et aidera \u00e0 augmenter le nombre d'abonn\u00e9s.<\/div><\/div>\n                <\/div>\n\n                <div class=\"application-examples-item-iframe-container browser-frame\">\n                    <div class=\"application-examples-item-iframe-wrapper\">\n                        <iframe class=\"application-examples-item-iframe\" data-src=\"https:\/\/elfsight.com\/examples?widget_id=9b939323-50f3-488a-8b72-894ed3b121fb&padding=28px+0+40px\" width=\"100%\" allow=\"autoplay; fullscreen\"><\/iframe>\n                    <\/div>\n\n                    <div class=\"application-examples-item-loader\"><\/div>\n                <\/div>\n            <\/div>\n\n<div class=\"application-examples-item application-examples-item-loading\">\n                            <div class=\"col-row\">\n                                <div class=\"col-6 col-m-8 col-s-12\"><h3 class=\"application-examples-item-title\">Exemple 2. Galerie des tableaux<\/h3><div class=\"application-examples-item-description\">Ajoutez des tableaux \u00e0 votre flux \u00e0 l'aide d'URL et transformez-les en une magnifique galerie de th\u00e8mes. Les tableaux affichent des images d'aper\u00e7u et s'ouvriront pour r\u00e9v\u00e9ler toutes les broches en un clic. Le titre du widget refl\u00e8te l'essence de la collection. La largeur du widget a \u00e9t\u00e9 augment\u00e9e et permet de pr\u00e9senter toutes les planches sur une seule ligne.<\/div><\/div>\n                <\/div>\n\n                <div class=\"application-examples-item-iframe-container browser-frame\">\n                    <div class=\"application-examples-item-iframe-wrapper\">\n                        <iframe class=\"application-examples-item-iframe\" data-src=\"https:\/\/elfsight.com\/examples?widget_id=44257f7b-0e1c-4037-9ac6-fd5455f34735&padding=28px+0+40px\" width=\"100%\" allow=\"autoplay; fullscreen\"><\/iframe>\n                    <\/div>\n\n                    <div class=\"application-examples-item-loader\"><\/div>\n                <\/div>\n            <\/div>\n\n<div class=\"application-examples-item application-examples-item-loading\">\n                            <div class=\"col-row\">\n                                <div class=\"col-6 col-m-8 col-s-12\"><h3 class=\"application-examples-item-title\">Exemple 3. Galerie d'\u00e9pingles<\/h3><div class=\"application-examples-item-description\">Voici un exemple de la mani\u00e8re dont vous pouvez organiser une s\u00e9lection d'\u00e9pingles dans une grille bien con\u00e7ue sur votre site Web. Toutes les \u00e9pingles sont affich\u00e9es avec des informations suppl\u00e9mentaires: auteur, test, ic\u00f4ne Pinterest et ic\u00f4ne Partager. Ce dernier propose plusieurs modes de partage en survol. Un clic sur chaque \u00e9pingle l'ouvrira sur Pinterest dans un nouvel onglet de navigateur.<\/div><\/div>\n                <\/div>\n\n                <div class=\"application-examples-item-iframe-container browser-frame\">\n                    <div class=\"application-examples-item-iframe-wrapper\">\n                        <iframe class=\"application-examples-item-iframe\" data-src=\"https:\/\/elfsight.com\/examples?widget_id=a4b7ef2a-0982-4102-9cc0-edf64817228c&padding=28px+0+40px\" width=\"100%\" allow=\"autoplay; fullscreen\"><\/iframe>\n                    <\/div>\n\n                    <div class=\"application-examples-item-loader\"><\/div>\n                <\/div>\n            <\/div>\n\n<div class=\"application-cta-create\">\n                    <div class=\"application-cta-create-bg\">\n                        <div class=\"application-cta-create-bg-left\"><\/div>\n\n                        <div class=\"application-cta-create-bg-right\">\n                            <img decoding=\"async\" src=\"https:\/\/elfsight.com\/fr\/wp-content\/themes\/elfsight\/frontend\/assets\/img\/application-cta-create.jpg\" alt=\"Commencez par cr\u00e9er votre widget\">\n                        <\/div>\n                    <\/div>\n\n                    <div class=\"application-cta-create-content inner\">\n                        <div class=\"application-cta-create-content-inner\">\n                            <div class=\"application-cta-create-content-icon\">\n                                <svg viewBox=\"0 0 25 25\" width=\"100%\" height=\"100%\">\n                                    <use xlink:href=\"#icon-settings\"><\/use>\n                                <\/svg>\n                            <\/div>\n\n                            <div class=\"application-cta-create-content-title\">Commencez par cr\u00e9er votre widget<\/div>\n\n                            <div class=\"application-cta-create-content-text\">Vite. Facile. Pas de codage.<\/div>\n\n                            <a class=\"application-cta-create-content-button button-48 button-has-right-icon button-black button\" href=\"\">\n                                <span class=\"button-label\">Cr\u00e9er un widget<\/span>\n\n                                <svg class=\"button-icon\">\n                                    <use xlink:href=\"#icon-arrow-link\"><\/use>\n                                <\/svg>\n                            <\/a>\n                        <\/div>\n                    <\/div>\n                <\/div>\n\n<div class=\"application-examples-item application-examples-item-loading\">\n                            <div class=\"col-row\">\n                                <div class=\"col-6 col-m-8 col-s-12\"><h3 class=\"application-examples-item-title\">Exemple 4. Widget sur le panneau lat\u00e9ral<\/h3><div class=\"application-examples-item-description\">Gr\u00e2ce \u00e0 la largeur et \u00e0 la hauteur r\u00e9actives, le widget se transforme ici en une barre lat\u00e9rale de taille moyenne. Il montre les \u00e9pingles de mani\u00e8re propre, sans texte ni d\u00e9tails, juste des images avec l'ic\u00f4ne Pinterest. Le bouton Suivre sur l'en-t\u00eate est peint en noir pour s'int\u00e9grer dans le concept de couleur du site Web et \u00eatre \u00e9l\u00e9gant.<\/div><\/div>\n                <\/div>\n\n                <div class=\"application-examples-item-iframe-container browser-frame\">\n                    <div class=\"application-examples-item-iframe-wrapper\">\n                        <iframe class=\"application-examples-item-iframe\" data-src=\"https:\/\/elfsight.com\/examples?widget_id=9deafb3e-8b02-47f1-922e-ed98d7d21b90&padding=28px+0+40px\" width=\"100%\" allow=\"autoplay; fullscreen\"><\/iframe>\n                    <\/div>\n\n                    <div class=\"application-examples-item-loader\"><\/div>\n                <\/div>\n            <\/div>\n\n<div class=\"application-examples-item application-examples-item-loading\">\n                            <div class=\"col-row\">\n                                <div class=\"col-6 col-m-8 col-s-12\"><h3 class=\"application-examples-item-title\">Exemple 5. Widget large<\/h3><div class=\"application-examples-item-description\">Montrer vos \u00e9pingles peut \u00eatre transform\u00e9 en une pr\u00e9sentation impressionnante. Dans cet exemple, la taille du widget est consid\u00e9rablement augment\u00e9e et en fait la partie dominante de la page. Toutes les \u00e9pingles du compte sont dispos\u00e9es dans une galerie propre et lumineuse pour impressionner les t\u00e9l\u00e9spectateurs et les faire rester sur la page plus longtemps.<\/div><\/div>\n                <\/div>\n\n                <div class=\"application-examples-item-iframe-container browser-frame\">\n                    <div class=\"application-examples-item-iframe-wrapper\">\n                        <iframe class=\"application-examples-item-iframe\" data-src=\"https:\/\/elfsight.com\/examples?widget_id=60686877-de21-4a85-b726-16adc77a4c08&padding=28px+0+40px\" width=\"100%\" allow=\"autoplay; fullscreen\"><\/iframe>\n                    <\/div>\n\n                    <div class=\"application-examples-item-loader\"><\/div>\n                <\/div>\n            <\/div>\n\n<div class=\"application-examples-item application-examples-item-loading\">\n                            <div class=\"col-row\">\n                                <div class=\"col-6 col-m-8 col-s-12\"><h3 class=\"application-examples-item-title\">Exemple 6. Conseil de portefeuille<\/h3><div class=\"application-examples-item-description\">Voici comment pr\u00e9senter votre portefeuille de projets et pr\u00e9senter vos travaux de la meilleure fa\u00e7on. Il existe une collection de tableaux th\u00e9matiques, chacun consacr\u00e9 \u00e0 un certain projet. Gr\u00e2ce aux aper\u00e7us des tableaux, il est facile de voir l'essence de chacun des tableaux. L'en-t\u00eate du widget est d\u00e9sactiv\u00e9 pour lui donner un aspect propre et structur\u00e9.<\/div><\/div>\n                <\/div>\n\n                <div class=\"application-examples-item-iframe-container browser-frame\">\n                    <div class=\"application-examples-item-iframe-wrapper\">\n                        <iframe class=\"application-examples-item-iframe\" data-src=\"https:\/\/elfsight.com\/examples?widget_id=d03b5ac9-4e12-42ef-8081-14f47543535f&padding=28px+0+40px\" width=\"100%\" allow=\"autoplay; fullscreen\"><\/iframe>\n                    <\/div>\n\n                    <div class=\"application-examples-item-loader\"><\/div>\n                <\/div>\n            <\/div>\n","protected":false},"excerpt":{"rendered":"","protected":false},"author":9,"featured_media":0,"parent":2464,"menu_order":0,"comment_status":"closed","ping_status":"closed","template":"templates\/template-application-examples.php","meta":{"publish_to_discourse":"","publish_post_category":"","wpdc_auto_publish_overridden":"","wpdc_topic_tags":"","wpdc_pin_topic":"","wpdc_pin_until":"","discourse_post_id":"","discourse_permalink":"","wpdc_publishing_response":"","wpdc_publishing_error":"","footnotes":""},"class_list":["post-2473","page","type-page","status-publish","hentry"],"yoast_head":"<!-- This site is optimized with the Yoast SEO plugin v25.3.1 - https:\/\/yoast.com\/wordpress\/plugins\/seo\/ -->\n<title>Les meilleurs exemples de widgets Pinterest sur un site Web (Showcase)<\/title>\n<meta name=\"description\" content=\"TOP 6 des sites Web Exemples de flux Pinterest: Portfolio, Galerie, Profil, \u00c9pingles, etc. Exemple de widget Pinterest pour votre site Web.\" \/>\n<meta name=\"robots\" content=\"index, follow, max-snippet:-1, max-image-preview:large, max-video-preview:-1\" \/>\n<link rel=\"canonical\" href=\"https:\/\/elfsight.com\/fr\/pinterest-feed-widget\/examples\/\" \/>\n<meta property=\"og:locale\" content=\"fr_FR\" \/>\n<meta property=\"og:type\" content=\"article\" \/>\n<meta property=\"og:title\" content=\"Les meilleurs exemples de widgets Pinterest sur un site Web (Showcase)\" \/>\n<meta property=\"og:description\" content=\"TOP 6 des sites Web Exemples de flux Pinterest: Portfolio, Galerie, Profil, \u00c9pingles, etc. Exemple de widget Pinterest pour votre site Web.\" \/>\n<meta property=\"og:url\" content=\"https:\/\/elfsight.com\/fr\/pinterest-feed-widget\/examples\/\" \/>\n<meta property=\"og:site_name\" content=\"Elfsight FR\" \/>\n<meta property=\"article:modified_time\" content=\"2020-10-12T16:11:19+00:00\" \/>\n<meta name=\"twitter:card\" content=\"summary_large_image\" \/>\n<meta name=\"twitter:label1\" content=\"Dur\u00e9e de lecture estim\u00e9e\" \/>\n\t<meta name=\"twitter:data1\" content=\"3 minutes\" \/>\n<!-- \/ Yoast SEO plugin. -->","yoast_head_json":{"title":"Les meilleurs exemples de widgets Pinterest sur un site Web (Showcase)","description":"TOP 6 des sites Web Exemples de flux Pinterest: Portfolio, Galerie, Profil, \u00c9pingles, etc. Exemple de widget Pinterest pour votre site Web.","robots":{"index":"index","follow":"follow","max-snippet":"max-snippet:-1","max-image-preview":"max-image-preview:large","max-video-preview":"max-video-preview:-1"},"canonical":"https:\/\/elfsight.com\/fr\/pinterest-feed-widget\/examples\/","og_locale":"fr_FR","og_type":"article","og_title":"Les meilleurs exemples de widgets Pinterest sur un site Web (Showcase)","og_description":"TOP 6 des sites Web Exemples de flux Pinterest: Portfolio, Galerie, Profil, \u00c9pingles, etc. Exemple de widget Pinterest pour votre site Web.","og_url":"https:\/\/elfsight.com\/fr\/pinterest-feed-widget\/examples\/","og_site_name":"Elfsight FR","article_modified_time":"2020-10-12T16:11:19+00:00","twitter_card":"summary_large_image","twitter_misc":{"Dur\u00e9e de lecture estim\u00e9e":"3 minutes"},"schema":{"@context":"https:\/\/schema.org","@graph":[{"@type":"WebPage","@id":"https:\/\/elfsight.com\/fr\/pinterest-feed-widget\/examples\/","url":"https:\/\/elfsight.com\/fr\/pinterest-feed-widget\/examples\/","name":"Les meilleurs exemples de widgets Pinterest sur un site Web (Showcase)","isPartOf":{"@id":"https:\/\/elfsight.com\/fr\/#website"},"datePublished":"2020-09-08T13:17:16+00:00","dateModified":"2020-10-12T16:11:19+00:00","description":"TOP 6 des sites Web Exemples de flux Pinterest: Portfolio, Galerie, Profil, \u00c9pingles, etc. Exemple de widget Pinterest pour votre site Web.","breadcrumb":{"@id":"https:\/\/elfsight.com\/fr\/pinterest-feed-widget\/examples\/#breadcrumb"},"inLanguage":"fr-FR","potentialAction":[{"@type":"ReadAction","target":["https:\/\/elfsight.com\/fr\/pinterest-feed-widget\/examples\/"]}]},{"@type":"BreadcrumbList","@id":"https:\/\/elfsight.com\/fr\/pinterest-feed-widget\/examples\/#breadcrumb","itemListElement":[{"@type":"ListItem","position":1,"name":"Home","item":"https:\/\/elfsight.com\/fr\/"},{"@type":"ListItem","position":2,"name":"Pinterest Feed","item":"https:\/\/elfsight.com\/fr\/pinterest-feed-widget\/"},{"@type":"ListItem","position":3,"name":"Pinterest Feed &#8211; examples"}]},{"@type":"WebSite","@id":"https:\/\/elfsight.com\/fr\/#website","url":"https:\/\/elfsight.com\/fr\/","name":"Elfsight FR","description":"","potentialAction":[{"@type":"SearchAction","target":{"@type":"EntryPoint","urlTemplate":"https:\/\/elfsight.com\/fr\/?s={search_term_string}"},"query-input":{"@type":"PropertyValueSpecification","valueRequired":true,"valueName":"search_term_string"}}],"inLanguage":"fr-FR"}]}},"meta_box":{"industry":"","seo_heading":"","heading":"","description":"","cta_heading":"","cta_description":"","application":"2463","h1":"","h1_caption":"","application_category":[],"applications_title":"","applications_request_title":"","applications_request_button_text":"","hero_text":"","hero_video":"","hero_video_schema_markup":"","selling_points_title":"","selling_points_caption":"","selling_points":[],"selling_points_cta_text":"","features_title":"","features":"","ed_cta_examples_text":"","ed_cta_examples_hidden":"","ed_cta_demo_text":"","ed_cta_demo_hidden":"","why_caption":"","why_editor_title":"","why_editor_text":"","why_team_title":"","why_team_text":"","why_service_title":"","why_service_text":"","template_catalog_visible":"","template_catalog_title":"","template_catalog_text":"","template_catalog_categories_visible":"","demo_title":"","demo_caption":"","default_faq_hidden":"","app_template_category":[],"platform":"","template_public_id":"","codecanyon_url":"","codecanyon_item_id":"","codecanyon_price":"","pricing_caption":"","pricing_elfsight_apps_hide_column":"","pricing_elfsight_apps_url":"","pricing_codecanyon_price_caption":"","integration_category":[],"integration_request_title":"","integration_request_cta":"","integration_platform":"","integrations":[],"platform_category":[],"video_schema_markup":"","price":"","trial":"","benefits":[],"button_url":"","button_target_blank":"","button_nofollow":"","attributes":[],"tags":[],"tags_disable_links":"","hide_more_platforms":"","video_object":"","demo_hide_cta":"","demo_hide_cloud_options":"","pricing_title":"","pricing":[],"related_apps_title":"","related_apps_hidden":"","author":"","image":[],"title":"","job":"","social_networks":[]},"_links":{"self":[{"href":"https:\/\/elfsight.com\/fr\/wp-json\/wp\/v2\/pages\/2473","targetHints":{"allow":["GET"]}}],"collection":[{"href":"https:\/\/elfsight.com\/fr\/wp-json\/wp\/v2\/pages"}],"about":[{"href":"https:\/\/elfsight.com\/fr\/wp-json\/wp\/v2\/types\/page"}],"author":[{"embeddable":true,"href":"https:\/\/elfsight.com\/fr\/wp-json\/wp\/v2\/users\/9"}],"replies":[{"embeddable":true,"href":"https:\/\/elfsight.com\/fr\/wp-json\/wp\/v2\/comments?post=2473"}],"version-history":[{"count":2,"href":"https:\/\/elfsight.com\/fr\/wp-json\/wp\/v2\/pages\/2473\/revisions"}],"predecessor-version":[{"id":2475,"href":"https:\/\/elfsight.com\/fr\/wp-json\/wp\/v2\/pages\/2473\/revisions\/2475"}],"up":[{"embeddable":true,"href":"https:\/\/elfsight.com\/fr\/wp-json\/wp\/v2\/pages\/2464"}],"wp:attachment":[{"href":"https:\/\/elfsight.com\/fr\/wp-json\/wp\/v2\/media?parent=2473"}],"curies":[{"name":"wp","href":"https:\/\/api.w.org\/{rel}","templated":true}]}}