{"id":2283,"date":"2020-08-19T10:55:26","date_gmt":"2020-08-19T10:55:26","guid":{"rendered":"https:\/\/elfsight.com\/fr\/?page_id=2283"},"modified":"2020-10-13T15:46:38","modified_gmt":"2020-10-13T15:46:38","slug":"create","status":"publish","type":"page","link":"https:\/\/elfsight.com\/fr\/audio-player-widget\/create\/","title":{"rendered":"Audio Player &#8211; Create"},"content":{"rendered":"\n<div class=\"faq\" data-component=\"FAQ\">\n<div class=\"faq-item\">\r\n\t\t\t\t\t<div class=\"faq-item-question\">\r\n\t\t\t\t\t\t<h3 class=\"faq-item-question-text\">Est-il possible d\u2019ajuster l\u2019outil? <\/h3>\r\n\r\n\t\t\t\t\t\t<div class=\"faq-item-question-icon\"><\/div>\r\n\t\t\t\t\t<\/div>\r\n\r\n\t\t\t\t\t<div class=\"faq-item-answer\">\r\n\t\t\t\t\t\t<div class=\"faq-item-answer-text\">\n<p>Bien entendu! Vous pouvez le faire gr\u00e2ce \u00e0 notre d\u00e9mo live. Vous avez seulement besoin de aller dans la Section \u2018Style\u2019 et faire toutes les alt\u00e9rations \u00e9ch\u00e9antes. Fois que vous avez rempli, enregistrer vos r\u00e9glages. <\/p>\n<\/div>\r\n\t\t\t\t\t<\/div>\r\n\t\t\t\t<\/div>\n\n\n<div class=\"faq-item\">\r\n\t\t\t\t\t<div class=\"faq-item-question\">\r\n\t\t\t\t\t\t<h3 class=\"faq-item-question-text\">Comment est-il possible d'embarquer le Lecteur Audio dans mon template de site? <\/h3>\r\n\r\n\t\t\t\t\t\t<div class=\"faq-item-question-icon\"><\/div>\r\n\t\t\t\t\t<\/div>\r\n\r\n\t\t\t\t\t<div class=\"faq-item-answer\">\r\n\t\t\t\t\t\t<div class=\"faq-item-answer-text\">\n<p>Il suffit instaurer un plugin, ensuite personnaliser sa conception et enregistrer les r\u00e9glages. Recopier le code et incorporer dans la mise en page. <\/p>\n<\/div>\r\n\t\t\t\t\t<\/div>\r\n\t\t\t\t<\/div>\n\n\n<div class=\"faq-item\">\r\n\t\t\t\t\t<div class=\"faq-item-question\">\r\n\t\t\t\t\t\t<h3 class=\"faq-item-question-text\">Est-ce que vos instruments compatibles avec la plateforme du site web? <\/h3>\r\n\r\n\t\t\t\t\t\t<div class=\"faq-item-question-icon\"><\/div>\r\n\t\t\t\t\t<\/div>\r\n\r\n\t\t\t\t\t<div class=\"faq-item-answer\">\r\n\t\t\t\t\t\t<div class=\"faq-item-answer-text\">\n<p>Bien s\u00fbr! Tous les instruments sont \u00e9labor\u00e9s pour marcher sur pratiquement toutes les r\u00e9put\u00e9es plateformes de site comportants HTML (Blogger, etc). \u00c9galement, imaginons que vous affrontez des troubles, tu es libre de \u00e9crire \u00e0 notre \u00e9quipe de soutien. <\/p>\n<\/div>\r\n\t\t\t\t\t<\/div>\r\n\t\t\t\t<\/div>\n\n\n\n<div class=\"faq-item\">\r\n\t\t\t\t\t<div class=\"faq-item-question\">\r\n\t\t\t\t\t\t<h3 class=\"faq-item-question-text\">Est-ce que l\u2019application bien ajust\u00e9 pour \u00eatre employ\u00e9 sur les \u00e9crans mobiles? <\/h3>\r\n\r\n\t\t\t\t\t\t<div class=\"faq-item-question-icon\"><\/div>\r\n\t\t\t\t\t<\/div>\r\n\r\n\t\t\t\t\t<div class=\"faq-item-answer\">\r\n\t\t\t\t\t\t<div class=\"faq-item-answer-text\">\n<p>Totalement! Vous n&rsquo;avez pas \u00e0 vous inqui\u00e9ter comment il fonctionne &#8211; tous les applications fonctionnent splendidement sur tous les dispositifs portables. <\/p>\n<\/div>\r\n\t\t\t\t\t<\/div>\r\n\t\t\t\t<\/div>\n\n\n<div class=\"faq-item\">\r\n\t\t\t\t\t<div class=\"faq-item-question\">\r\n\t\t\t\t\t\t<h3 class=\"faq-item-question-text\">Est-ce que je peux ajuster les proportions de Lecteur Audio? <\/h3>\r\n\r\n\t\t\t\t\t\t<div class=\"faq-item-question-icon\"><\/div>\r\n\t\t\t\t\t<\/div>\r\n\r\n\t\t\t\t\t<div class=\"faq-item-answer\">\r\n\t\t\t\t\t\t<div class=\"faq-item-answer-text\">\n<p>Bien sur. Il suffit juste ouvrir le d\u00e9mo live, d\u00e9terminer les dimensions d\u2019application en pixels ou pour cent. On peut \u00e9galement s\u00e9lectionner la variante Auto pour lui permettre rentrer dans l\u2019emplacement libre sur le site Internet. <\/p>\n<\/div>\r\n\t\t\t\t\t<\/div>\r\n\t\t\t\t<\/div>\n\n<\/div>\n","protected":false},"excerpt":{"rendered":"","protected":false},"author":9,"featured_media":0,"parent":2277,"menu_order":0,"comment_status":"closed","ping_status":"closed","template":"templates\/template-application-create.php","meta":{"publish_to_discourse":"","publish_post_category":"","wpdc_auto_publish_overridden":"","wpdc_topic_tags":"","wpdc_pin_topic":"","wpdc_pin_until":"","discourse_post_id":"","discourse_permalink":"","wpdc_publishing_response":"","wpdc_publishing_error":"","footnotes":""},"class_list":["post-2283","page","type-page","status-publish","hentry"],"yoast_head":"<!-- This site is optimized with the Yoast SEO plugin v25.3.1 - https:\/\/yoast.com\/wordpress\/plugins\/seo\/ -->\n<title>Cr\u00e9ez un widget Lecteur audio sur votre site Web (gratuit et facile)<\/title>\n<meta name=\"description\" content=\"Cr\u00e9ez un lecteur audio personnalis\u00e9 pour votre site Web \u00e0 l&#039;aide de l&#039;\u00e9diteur en ligne. Cr\u00e9ez votre widget Musique gratuitement et rapidement avec Elfsight.\" \/>\n<meta name=\"robots\" content=\"index, follow, max-snippet:-1, max-image-preview:large, max-video-preview:-1\" \/>\n<link rel=\"canonical\" href=\"https:\/\/elfsight.com\/fr\/audio-player-widget\/create\/\" \/>\n<meta property=\"og:locale\" content=\"fr_FR\" \/>\n<meta property=\"og:type\" content=\"article\" \/>\n<meta property=\"og:title\" content=\"Cr\u00e9ez un widget Lecteur audio sur votre site Web (gratuit et facile)\" \/>\n<meta property=\"og:description\" content=\"Cr\u00e9ez un lecteur audio personnalis\u00e9 pour votre site Web \u00e0 l&#039;aide de l&#039;\u00e9diteur en ligne. Cr\u00e9ez votre widget Musique gratuitement et rapidement avec Elfsight.\" \/>\n<meta property=\"og:url\" content=\"https:\/\/elfsight.com\/fr\/audio-player-widget\/create\/\" \/>\n<meta property=\"og:site_name\" content=\"Elfsight FR\" \/>\n<meta property=\"article:modified_time\" content=\"2020-10-13T15:46:38+00:00\" \/>\n<meta name=\"twitter:card\" content=\"summary_large_image\" \/>\n<meta name=\"twitter:label1\" content=\"Dur\u00e9e de lecture estim\u00e9e\" \/>\n\t<meta name=\"twitter:data1\" content=\"1 minute\" \/>\n<!-- \/ Yoast SEO plugin. -->","yoast_head_json":{"title":"Cr\u00e9ez un widget Lecteur audio sur votre site Web (gratuit et facile)","description":"Cr\u00e9ez un lecteur audio personnalis\u00e9 pour votre site Web \u00e0 l'aide de l'\u00e9diteur en ligne. Cr\u00e9ez votre widget Musique gratuitement et rapidement avec Elfsight.","robots":{"index":"index","follow":"follow","max-snippet":"max-snippet:-1","max-image-preview":"max-image-preview:large","max-video-preview":"max-video-preview:-1"},"canonical":"https:\/\/elfsight.com\/fr\/audio-player-widget\/create\/","og_locale":"fr_FR","og_type":"article","og_title":"Cr\u00e9ez un widget Lecteur audio sur votre site Web (gratuit et facile)","og_description":"Cr\u00e9ez un lecteur audio personnalis\u00e9 pour votre site Web \u00e0 l'aide de l'\u00e9diteur en ligne. Cr\u00e9ez votre widget Musique gratuitement et rapidement avec Elfsight.","og_url":"https:\/\/elfsight.com\/fr\/audio-player-widget\/create\/","og_site_name":"Elfsight FR","article_modified_time":"2020-10-13T15:46:38+00:00","twitter_card":"summary_large_image","twitter_misc":{"Dur\u00e9e de lecture estim\u00e9e":"1 minute"},"schema":{"@context":"https:\/\/schema.org","@graph":[{"@type":"WebPage","@id":"https:\/\/elfsight.com\/fr\/audio-player-widget\/create\/","url":"https:\/\/elfsight.com\/fr\/audio-player-widget\/create\/","name":"Cr\u00e9ez un widget Lecteur audio sur votre site Web (gratuit et facile)","isPartOf":{"@id":"https:\/\/elfsight.com\/fr\/#website"},"datePublished":"2020-08-19T10:55:26+00:00","dateModified":"2020-10-13T15:46:38+00:00","description":"Cr\u00e9ez un lecteur audio personnalis\u00e9 pour votre site Web \u00e0 l'aide de l'\u00e9diteur en ligne. Cr\u00e9ez votre widget Musique gratuitement et rapidement avec Elfsight.","breadcrumb":{"@id":"https:\/\/elfsight.com\/fr\/audio-player-widget\/create\/#breadcrumb"},"inLanguage":"fr-FR","potentialAction":[{"@type":"ReadAction","target":["https:\/\/elfsight.com\/fr\/audio-player-widget\/create\/"]}]},{"@type":"BreadcrumbList","@id":"https:\/\/elfsight.com\/fr\/audio-player-widget\/create\/#breadcrumb","itemListElement":[{"@type":"ListItem","position":1,"name":"Home","item":"https:\/\/elfsight.com\/fr\/"},{"@type":"ListItem","position":2,"name":"Audio Player","item":"https:\/\/elfsight.com\/fr\/audio-player-widget\/"},{"@type":"ListItem","position":3,"name":"Audio Player &#8211; Create"}]},{"@type":"WebSite","@id":"https:\/\/elfsight.com\/fr\/#website","url":"https:\/\/elfsight.com\/fr\/","name":"Elfsight FR","description":"","potentialAction":[{"@type":"SearchAction","target":{"@type":"EntryPoint","urlTemplate":"https:\/\/elfsight.com\/fr\/?s={search_term_string}"},"query-input":{"@type":"PropertyValueSpecification","valueRequired":true,"valueName":"search_term_string"}}],"inLanguage":"fr-FR"}]}},"meta_box":{"industry":"","seo_heading":"","heading":"","description":"","cta_heading":"","cta_description":"","application":"2276","h1":"","h1_caption":"","application_category":[],"applications_title":"","applications_request_title":"","applications_request_button_text":"","hero_text":"","hero_video":"","hero_video_schema_markup":"","selling_points_title":"","selling_points_caption":"","selling_points":[],"selling_points_cta_text":"","features_title":"","features":"","ed_cta_examples_text":"","ed_cta_examples_hidden":"","ed_cta_demo_text":"","ed_cta_demo_hidden":"","why_caption":"","why_editor_title":"","why_editor_text":"","why_team_title":"","why_team_text":"","why_service_title":"","why_service_text":"","template_catalog_visible":"","template_catalog_title":"","template_catalog_text":"","template_catalog_categories_visible":"","demo_title":"","demo_caption":"","default_faq_hidden":"","app_template_category":[],"platform":"","template_public_id":"","codecanyon_url":"","codecanyon_item_id":"","codecanyon_price":"","pricing_caption":"","pricing_elfsight_apps_hide_column":"","pricing_elfsight_apps_url":"","pricing_codecanyon_price_caption":"","integration_category":[],"integration_request_title":"","integration_request_cta":"","integration_platform":"","integrations":[],"platform_category":[],"video_schema_markup":"","price":"","trial":"","benefits":[],"button_url":"","button_target_blank":"","button_nofollow":"","attributes":[],"tags":[],"tags_disable_links":"","hide_more_platforms":"","video_object":"","demo_hide_cta":"","demo_hide_cloud_options":"","pricing_title":"","pricing":[],"related_apps_title":"","related_apps_hidden":"","author":"","image":[],"title":"","job":"","social_networks":[]},"_links":{"self":[{"href":"https:\/\/elfsight.com\/fr\/wp-json\/wp\/v2\/pages\/2283","targetHints":{"allow":["GET"]}}],"collection":[{"href":"https:\/\/elfsight.com\/fr\/wp-json\/wp\/v2\/pages"}],"about":[{"href":"https:\/\/elfsight.com\/fr\/wp-json\/wp\/v2\/types\/page"}],"author":[{"embeddable":true,"href":"https:\/\/elfsight.com\/fr\/wp-json\/wp\/v2\/users\/9"}],"replies":[{"embeddable":true,"href":"https:\/\/elfsight.com\/fr\/wp-json\/wp\/v2\/comments?post=2283"}],"version-history":[{"count":2,"href":"https:\/\/elfsight.com\/fr\/wp-json\/wp\/v2\/pages\/2283\/revisions"}],"predecessor-version":[{"id":2285,"href":"https:\/\/elfsight.com\/fr\/wp-json\/wp\/v2\/pages\/2283\/revisions\/2285"}],"up":[{"embeddable":true,"href":"https:\/\/elfsight.com\/fr\/wp-json\/wp\/v2\/pages\/2277"}],"wp:attachment":[{"href":"https:\/\/elfsight.com\/fr\/wp-json\/wp\/v2\/media?parent=2283"}],"curies":[{"name":"wp","href":"https:\/\/api.w.org\/{rel}","templated":true}]}}