{"id":2226,"date":"2020-08-17T13:10:03","date_gmt":"2020-08-17T13:10:03","guid":{"rendered":"https:\/\/elfsight.com\/fr\/?page_id=2226"},"modified":"2024-07-18T12:22:10","modified_gmt":"2024-07-18T12:22:10","slug":"examples","status":"publish","type":"page","link":"https:\/\/elfsight.com\/fr\/number-counter-widget\/examples\/","title":{"rendered":"Number Counter &#8211; Examples"},"content":{"rendered":"\n<div class=\"application-examples-item application-examples-item-loading\">\n                            <div class=\"col-row\">\n                                <div class=\"col-6 col-m-8 col-s-12\"><h3 class=\"application-examples-item-title\">Exemple 1. Nettoyage<\/h3><div class=\"application-examples-item-description\">Offrir un excellent service dans votre ville? Partagez vos incroyables r\u00e9alisations et prouvez que vous \u00eates une entreprise digne de confiance avec le mod\u00e8le de compteur de nombres. Ajoutez des ic\u00f4nes multicolores accrocheuses et repeignez des \u00e9l\u00e9ments ou des nombres si vous en avez besoin.<\/div><\/div>\n                <\/div>\n\n                <div class=\"application-examples-item-iframe-container browser-frame\">\n                    <div class=\"application-examples-item-iframe-wrapper\">\n                        <iframe class=\"application-examples-item-iframe\" data-src=\"https:\/\/elfsight.com\/examples?widget_id=7268acc2-d138-4570-a9e5-e541e289c87f\" width=\"100%\" allow=\"autoplay; fullscreen\"><\/iframe>\n                    <\/div>\n\n                    <div class=\"application-examples-item-loader\"><\/div>\n                <\/div>\n            <\/div>\n\n<div class=\"application-examples-item application-examples-item-loading\">\n                            <div class=\"col-row\">\n                                <div class=\"col-6 col-m-8 col-s-12\"><h3 class=\"application-examples-item-title\">Exemple 2. Travail d'\u00e9crivain en chiffres<\/h3><div class=\"application-examples-item-description\">Montrez \u00e0 votre public le temps et les efforts que vous avez consacr\u00e9s. Ajoutez une gamme de compteurs en fonction de ce dont il est important de se vanter: livres publi\u00e9s, heures de travail acharn\u00e9, etc. Utilisez le mod\u00e8le ou l'image personnalis\u00e9e pour styliser vos compteurs.<\/div><\/div>\n                <\/div>\n\n                <div class=\"application-examples-item-iframe-container browser-frame\">\n                    <div class=\"application-examples-item-iframe-wrapper\">\n                        <iframe class=\"application-examples-item-iframe\" data-src=\"https:\/\/elfsight.com\/examples?widget_id=dace77ca-e222-482c-88e8-1faa55a1f8e8\" width=\"100%\" allow=\"autoplay; fullscreen\"><\/iframe>\n                    <\/div>\n\n                    <div class=\"application-examples-item-loader\"><\/div>\n                <\/div>\n            <\/div>\n\n<div class=\"application-examples-item application-examples-item-loading\">\n                            <div class=\"col-row\">\n                                <div class=\"col-6 col-m-8 col-s-12\"><h3 class=\"application-examples-item-title\">Exemple 3. Croissance de l'entreprise<\/h3><div class=\"application-examples-item-description\">Le mod\u00e8le vous aide \u00e0 pr\u00e9senter les r\u00e9sultats incroyables: croissance financi\u00e8re, projets r\u00e9ussis et r\u00e9alisations. Attachez des ic\u00f4nes multicolores ou monochromes et repeignez l'arri\u00e8re-plan comme vous le souhaitez pour int\u00e9grer le widget de mani\u00e8re transparente directement sur votre site Web.<\/div><\/div>\n                <\/div>\n\n                <div class=\"application-examples-item-iframe-container browser-frame\">\n                    <div class=\"application-examples-item-iframe-wrapper\">\n                        <iframe class=\"application-examples-item-iframe\" data-src=\"https:\/\/elfsight.com\/examples?widget_id=995752d1-84f5-4e20-8855-00f8d6f16103\" width=\"100%\" allow=\"autoplay; fullscreen\"><\/iframe>\n                    <\/div>\n\n                    <div class=\"application-examples-item-loader\"><\/div>\n                <\/div>\n            <\/div>\n\n<div class=\"application-examples-item application-examples-item-loading\">\n                            <div class=\"col-row\">\n                                <div class=\"col-6 col-m-8 col-s-12\"><h3 class=\"application-examples-item-title\">Exemple 4. Le succ\u00e8s en chiffres<\/h3><div class=\"application-examples-item-description\">Le meilleur mod\u00e8le pour vous montrer est un partenaire ou une entreprise de bonne r\u00e9putation. Ajoutez une image d'arri\u00e8re-plan, utilisez une police de grande taille, ajoutez un suffixe pour d\u00e9finir ce que vous faites.<\/div><\/div>\n                <\/div>\n\n                <div class=\"application-examples-item-iframe-container browser-frame\">\n                    <div class=\"application-examples-item-iframe-wrapper\">\n                        <iframe class=\"application-examples-item-iframe\" data-src=\"https:\/\/elfsight.com\/examples?widget_id=eec3c716-2dc5-41cd-8170-2c873759b756\" width=\"100%\" allow=\"autoplay; fullscreen\"><\/iframe>\n                    <\/div>\n\n                    <div class=\"application-examples-item-loader\"><\/div>\n                <\/div>\n            <\/div>\n\n<div class=\"application-examples-item application-examples-item-loading\">\n                            <div class=\"col-row\">\n                                <div class=\"col-6 col-m-8 col-s-12\"><h3 class=\"application-examples-item-title\">Exemple 5. L'universit\u00e9 en chiffres<\/h3><div class=\"application-examples-item-description\">\u00cates-vous fier de votre prestigieuse \u00e9cole ou universit\u00e9? Cr\u00e9ez votre widget Compteur de nombres pour inviter encore plus d'\u00e9tudiants \u00e0 y suivre des cours! Fiez-vous au nombre impressionnant d'\u00e9tudiants, de personnel hautement qualifi\u00e9 et de recherches scientifiques que vous avez publi\u00e9es.<\/div><\/div>\n                <\/div>\n\n                <div class=\"application-examples-item-iframe-container browser-frame\">\n                    <div class=\"application-examples-item-iframe-wrapper\">\n                        <iframe class=\"application-examples-item-iframe\" data-src=\"https:\/\/apps.elfsight.com\/template\/80fe11f1-b325-4afd-a48e-16be78e2e040\" width=\"100%\" allow=\"autoplay; fullscreen\"><\/iframe>\n                    <\/div>\n\n                    <div class=\"application-examples-item-loader\"><\/div>\n                <\/div>\n            <\/div>\n\n<div class=\"application-examples-item application-examples-item-loading\">\n                            <div class=\"col-row\">\n                                <div class=\"col-6 col-m-8 col-s-12\"><h3 class=\"application-examples-item-title\">Exemple 6. Arbres plant\u00e9s<\/h3><div class=\"application-examples-item-description\">Vous avez un grand nombre dont vous avez h\u00e2te de parler? Plantation d'arbres, construction de maisons pour des personnes mal pourvues ou tout autre travail b\u00e9n\u00e9vole. N'h\u00e9sitez pas et partagez-le avec le monde!<\/div><\/div>\n                <\/div>\n\n                <div class=\"application-examples-item-iframe-container browser-frame\">\n                    <div class=\"application-examples-item-iframe-wrapper\">\n                        <iframe class=\"application-examples-item-iframe\" data-src=\"https:\/\/elfsight.com\/examples?widget_id=54cb8394-bff1-4161-acbd-724844d2dcae\" width=\"100%\" allow=\"autoplay; fullscreen\"><\/iframe>\n                    <\/div>\n\n                    <div class=\"application-examples-item-loader\"><\/div>\n                <\/div>\n            <\/div>\n<div class=\"application-cta-create\">\n                    <div class=\"application-cta-create-bg\">\n                        <div class=\"application-cta-create-bg-left\"><\/div>\n\n                        <div class=\"application-cta-create-bg-right\">\n                            <img decoding=\"async\" src=\"https:\/\/elfsight.com\/fr\/wp-content\/themes\/elfsight\/frontend\/assets\/img\/application-cta-create.jpg\" alt=\"Commencez par cr\u00e9er votre widget\">\n                        <\/div>\n                    <\/div>\n\n                    <div class=\"application-cta-create-content inner\">\n                        <div class=\"application-cta-create-content-inner\">\n                            <div class=\"application-cta-create-content-icon\">\n                                <svg viewBox=\"0 0 25 25\" width=\"100%\" height=\"100%\">\n                                    <use xlink:href=\"#icon-settings\"><\/use>\n                                <\/svg>\n                            <\/div>\n\n                            <div class=\"application-cta-create-content-title\">Commencez par cr\u00e9er votre widget<\/div>\n\n                            <div class=\"application-cta-create-content-text\">Vite. Facile. Pas de codage.<\/div>\n\n                            <a class=\"application-cta-create-content-button button-48 button-has-right-icon button-black button\" href=\"\">\n                                <span class=\"button-label\">Cr\u00e9er un widget<\/span>\n\n                                <svg class=\"button-icon\">\n                                    <use xlink:href=\"#icon-arrow-link\"><\/use>\n                                <\/svg>\n                            <\/a>\n                        <\/div>\n                    <\/div>\n                <\/div>\n\n<div class=\"application-examples-item application-examples-item-loading\">\n                            <div class=\"col-row\">\n                                <div class=\"col-6 col-m-8 col-s-12\"><h3 class=\"application-examples-item-title\">Exemple 7. 2019 en chiffres<\/h3><div class=\"application-examples-item-description\">Montrez \u00e0 vos clients le travail acharn\u00e9 que vous avez accompli cette ann\u00e9e! Affichez vos r\u00e9sultats \u00e0 l'aide d'une incroyable grille de compteurs. Ajoutez une image de fond de votre \u00e9quipe et des ic\u00f4nes pour une meilleure d\u00e9monstration de vos r\u00e9alisations.<\/div><\/div>\n                <\/div>\n\n                <div class=\"application-examples-item-iframe-container browser-frame\">\n                    <div class=\"application-examples-item-iframe-wrapper\">\n                        <iframe class=\"application-examples-item-iframe\" data-src=\"https:\/\/elfsight.com\/examples?widget_id=ad4394c6-54ef-44d4-8141-6b7175ecbfb4\" width=\"100%\" allow=\"autoplay; fullscreen\"><\/iframe>\n                    <\/div>\n\n                    <div class=\"application-examples-item-loader\"><\/div>\n                <\/div>\n            <\/div>\n\n<div class=\"application-examples-item application-examples-item-loading\">\n                            <div class=\"col-row\">\n                                <div class=\"col-6 col-m-8 col-s-12\"><h3 class=\"application-examples-item-title\">Exemple 8. T\u00e9l\u00e9chargement de l'application<\/h3><div class=\"application-examples-item-description\">Combien de personnes ont aim\u00e9 votre produit ou livre? Ajoutez le nombre, rendez-l'\u00e9norme et magn\u00e9tisant, utilisez un fond clair et attirez l'attention de votre nouveau public.<\/div><\/div>\n                <\/div>\n\n                <div class=\"application-examples-item-iframe-container browser-frame\">\n                    <div class=\"application-examples-item-iframe-wrapper\">\n                        <iframe class=\"application-examples-item-iframe\" data-src=\"https:\/\/elfsight.com\/examples?widget_id=1badd278-a070-404c-a66f-0ca124a27634\" width=\"100%\" allow=\"autoplay; fullscreen\"><\/iframe>\n                    <\/div>\n\n                    <div class=\"application-examples-item-loader\"><\/div>\n                <\/div>\n            <\/div>\n\n<div class=\"application-examples-item application-examples-item-loading\">\n                            <div class=\"col-row\">\n                                <div class=\"col-6 col-m-8 col-s-12\"><h3 class=\"application-examples-item-title\">Exemple 9. D\u00e9marrage r\u00e9ussi<\/h3><div class=\"application-examples-item-description\">Utilisez ce mod\u00e8le pour d\u00e9montrer les r\u00e9alisations \u00e9tonnantes en peu de temps, vous avez commenc\u00e9 ce projet. Recolorez les \u00e9l\u00e9ments et personnalisez les compteurs pour int\u00e9grer parfaitement le widget dans la page.<\/div><\/div>\n                <\/div>\n\n                <div class=\"application-examples-item-iframe-container browser-frame\">\n                    <div class=\"application-examples-item-iframe-wrapper\">\n                        <iframe class=\"application-examples-item-iframe\" data-src=\"https:\/\/elfsight.com\/examples?widget_id=93e97bf5-2c00-4514-8ce3-8ccce9e40222&padding=50\" width=\"100%\" allow=\"autoplay; fullscreen\"><\/iframe>\n                    <\/div>\n\n                    <div class=\"application-examples-item-loader\"><\/div>\n                <\/div>\n            <\/div>\n\n<div class=\"application-examples-item application-examples-item-loading\">\n                            <div class=\"col-row\">\n                                <div class=\"col-6 col-m-8 col-s-12\"><h3 class=\"application-examples-item-title\">Exemple 10. Caf\u00e9<\/h3><div class=\"application-examples-item-description\">Ajoutez des images attrayantes de caf\u00e9 ou de dessert pour l'arri\u00e8re-plan et informez vos invit\u00e9s de la haute qualit\u00e9 de vos plats sp\u00e9ciaux et de vos clients satisfaits en nombre.<\/div><\/div>\n                <\/div>\n\n                <div class=\"application-examples-item-iframe-container browser-frame\">\n                    <div class=\"application-examples-item-iframe-wrapper\">\n                        <iframe class=\"application-examples-item-iframe application-examples-item-iframe-fixed-height\" data-src=\"https:\/\/elfsight.com\/examples?widget_id=98543119-1fa1-406d-8651-58b6b150052b\" width=\"100%\" height=\"300\" allow=\"autoplay; fullscreen\"><\/iframe>\n                    <\/div>\n\n                    <div class=\"application-examples-item-loader\"><\/div>\n                <\/div>\n            <\/div>\n\n<div class=\"application-examples-item application-examples-item-loading\">\n                            <div class=\"col-row\">\n                                <div class=\"col-6 col-m-8 col-s-12\"><h3 class=\"application-examples-item-title\">Exemple 11. Avantages des plantes<\/h3><div class=\"application-examples-item-description\">Pour convaincre votre public de la n\u00e9cessit\u00e9 des plantes, d'une alimentation saine ou de tout ce que vous voulez, utilisez des compteurs. Les gens font beaucoup plus confiance aux chiffres qu'aux mots.<\/div><\/div>\n                <\/div>\n\n                <div class=\"application-examples-item-iframe-container browser-frame\">\n                    <div class=\"application-examples-item-iframe-wrapper\">\n                        <iframe class=\"application-examples-item-iframe\" data-src=\"https:\/\/elfsight.com\/examples?widget_id=b7e5baec-cc31-4a86-bee5-94d25e10ba07\" width=\"100%\" allow=\"autoplay; fullscreen\"><\/iframe>\n                    <\/div>\n\n                    <div class=\"application-examples-item-loader\"><\/div>\n                <\/div>\n            <\/div>\n\n<div class=\"application-examples-item application-examples-item-loading\">\n                            <div class=\"col-row\">\n                                <div class=\"col-6 col-m-8 col-s-12\"><h3 class=\"application-examples-item-title\">Exemple 12. Boutique en ligne<\/h3><div class=\"application-examples-item-description\">Attirez plus de clients et augmentez vos ventes? Utilisez des comptoirs pour annoncer vos points forts: une large g\u00e9ographie d'exp\u00e9dition, des d\u00e9lais moyens de livraison, un grand choix d'articles que vous proposez, des commandes termin\u00e9es un an ou un pourcentage \u00e9lev\u00e9 de clients qui vous recommandent.<\/div><\/div>\n                <\/div>\n\n                <div class=\"application-examples-item-iframe-container browser-frame\">\n                    <div class=\"application-examples-item-iframe-wrapper\">\n                        <iframe class=\"application-examples-item-iframe\" data-src=\"https:\/\/elfsight.com\/examples?widget_id=c3d907a0-3d02-43d0-b372-8212d012bd9b&padding=50\" width=\"100%\" allow=\"autoplay; fullscreen\"><\/iframe>\n                    <\/div>\n\n                    <div class=\"application-examples-item-loader\"><\/div>\n                <\/div>\n            <\/div>\n\n<div class=\"application-examples-item application-examples-item-loading\">\n                            <div class=\"col-row\">\n                                <div class=\"col-6 col-m-8 col-s-12\"><h3 class=\"application-examples-item-title\">Exemple 13. Satisfaction du client<\/h3><div class=\"application-examples-item-description\">Comment convaincre les utilisateurs que vous \u00eates fiable et digne de confiance? Montrez-leur le nombre d'avis cinq \u00e9toiles, la note de votre entreprise et les r\u00e9compenses, impressionnez-les par vos r\u00e9alisations.<\/div><\/div>\n                <\/div>\n\n                <div class=\"application-examples-item-iframe-container browser-frame\">\n                    <div class=\"application-examples-item-iframe-wrapper\">\n                        <iframe class=\"application-examples-item-iframe\" data-src=\"https:\/\/elfsight.com\/examples?widget_id=fa6cd285-dcca-4634-8c3e-ea5f90431b73\" width=\"100%\" allow=\"autoplay; fullscreen\"><\/iframe>\n                    <\/div>\n\n                    <div class=\"application-examples-item-loader\"><\/div>\n                <\/div>\n            <\/div>\n","protected":false},"excerpt":{"rendered":"","protected":false},"author":9,"featured_media":0,"parent":2216,"menu_order":0,"comment_status":"closed","ping_status":"closed","template":"templates\/template-application-examples.php","meta":{"publish_to_discourse":"","publish_post_category":"","wpdc_auto_publish_overridden":"","wpdc_topic_tags":"","wpdc_pin_topic":"","wpdc_pin_until":"","discourse_post_id":"","discourse_permalink":"","wpdc_publishing_response":"","wpdc_publishing_error":"","footnotes":""},"class_list":["post-2226","page","type-page","status-publish","hentry"],"yoast_head":"<!-- This site is optimized with the Yoast SEO plugin v25.3.1 - https:\/\/yoast.com\/wordpress\/plugins\/seo\/ -->\n<title>Widget Compteur de nombres pour site Web - TOP 13 exemples<\/title>\n<meta name=\"description\" content=\"D\u00e9couvrez les meilleurs exemples de widget Compteur de nombres pour votre site Web: travaillez en chiffres, succ\u00e8s, nettoyage, caf\u00e9 et bien d&#039;autres!\" \/>\n<meta name=\"robots\" content=\"index, follow, max-snippet:-1, max-image-preview:large, max-video-preview:-1\" \/>\n<link rel=\"canonical\" href=\"https:\/\/elfsight.com\/fr\/number-counter-widget\/examples\/\" \/>\n<meta property=\"og:locale\" content=\"fr_FR\" \/>\n<meta property=\"og:type\" content=\"article\" \/>\n<meta property=\"og:title\" content=\"Widget Compteur de nombres pour site Web - TOP 13 exemples\" \/>\n<meta property=\"og:description\" content=\"D\u00e9couvrez les meilleurs exemples de widget Compteur de nombres pour votre site Web: travaillez en chiffres, succ\u00e8s, nettoyage, caf\u00e9 et bien d&#039;autres!\" \/>\n<meta property=\"og:url\" content=\"https:\/\/elfsight.com\/fr\/number-counter-widget\/examples\/\" \/>\n<meta property=\"og:site_name\" content=\"Elfsight FR\" \/>\n<meta property=\"article:modified_time\" content=\"2024-07-18T12:22:10+00:00\" \/>\n<meta name=\"twitter:card\" content=\"summary_large_image\" \/>\n<meta name=\"twitter:label1\" content=\"Dur\u00e9e de lecture estim\u00e9e\" \/>\n\t<meta name=\"twitter:data1\" content=\"3 minutes\" \/>\n<!-- \/ Yoast SEO plugin. -->","yoast_head_json":{"title":"Widget Compteur de nombres pour site Web - TOP 13 exemples","description":"D\u00e9couvrez les meilleurs exemples de widget Compteur de nombres pour votre site Web: travaillez en chiffres, succ\u00e8s, nettoyage, caf\u00e9 et bien d'autres!","robots":{"index":"index","follow":"follow","max-snippet":"max-snippet:-1","max-image-preview":"max-image-preview:large","max-video-preview":"max-video-preview:-1"},"canonical":"https:\/\/elfsight.com\/fr\/number-counter-widget\/examples\/","og_locale":"fr_FR","og_type":"article","og_title":"Widget Compteur de nombres pour site Web - TOP 13 exemples","og_description":"D\u00e9couvrez les meilleurs exemples de widget Compteur de nombres pour votre site Web: travaillez en chiffres, succ\u00e8s, nettoyage, caf\u00e9 et bien d'autres!","og_url":"https:\/\/elfsight.com\/fr\/number-counter-widget\/examples\/","og_site_name":"Elfsight FR","article_modified_time":"2024-07-18T12:22:10+00:00","twitter_card":"summary_large_image","twitter_misc":{"Dur\u00e9e de lecture estim\u00e9e":"3 minutes"},"schema":{"@context":"https:\/\/schema.org","@graph":[{"@type":"WebPage","@id":"https:\/\/elfsight.com\/fr\/number-counter-widget\/examples\/","url":"https:\/\/elfsight.com\/fr\/number-counter-widget\/examples\/","name":"Widget Compteur de nombres pour site Web - TOP 13 exemples","isPartOf":{"@id":"https:\/\/elfsight.com\/fr\/#website"},"datePublished":"2020-08-17T13:10:03+00:00","dateModified":"2024-07-18T12:22:10+00:00","description":"D\u00e9couvrez les meilleurs exemples de widget Compteur de nombres pour votre site Web: travaillez en chiffres, succ\u00e8s, nettoyage, caf\u00e9 et bien d'autres!","breadcrumb":{"@id":"https:\/\/elfsight.com\/fr\/number-counter-widget\/examples\/#breadcrumb"},"inLanguage":"fr-FR","potentialAction":[{"@type":"ReadAction","target":["https:\/\/elfsight.com\/fr\/number-counter-widget\/examples\/"]}]},{"@type":"BreadcrumbList","@id":"https:\/\/elfsight.com\/fr\/number-counter-widget\/examples\/#breadcrumb","itemListElement":[{"@type":"ListItem","position":1,"name":"Home","item":"https:\/\/elfsight.com\/fr\/"},{"@type":"ListItem","position":2,"name":"Number Counter","item":"https:\/\/elfsight.com\/fr\/number-counter-widget\/"},{"@type":"ListItem","position":3,"name":"Number Counter &#8211; Examples"}]},{"@type":"WebSite","@id":"https:\/\/elfsight.com\/fr\/#website","url":"https:\/\/elfsight.com\/fr\/","name":"Elfsight FR","description":"","potentialAction":[{"@type":"SearchAction","target":{"@type":"EntryPoint","urlTemplate":"https:\/\/elfsight.com\/fr\/?s={search_term_string}"},"query-input":{"@type":"PropertyValueSpecification","valueRequired":true,"valueName":"search_term_string"}}],"inLanguage":"fr-FR"}]}},"meta_box":{"industry":"","seo_heading":"","heading":"","description":"","cta_heading":"","cta_description":"","application":"2197","h1":"","h1_caption":"","application_category":[],"applications_title":"","applications_request_title":"","applications_request_button_text":"","hero_text":"","hero_video":"","hero_video_schema_markup":"","selling_points_title":"","selling_points_caption":"","selling_points":[],"selling_points_cta_text":"","features_title":"","features":"","ed_cta_examples_text":"","ed_cta_examples_hidden":"","ed_cta_demo_text":"","ed_cta_demo_hidden":"","why_caption":"","why_editor_title":"","why_editor_text":"","why_team_title":"","why_team_text":"","why_service_title":"","why_service_text":"","template_catalog_visible":"","template_catalog_title":"","template_catalog_text":"","template_catalog_categories_visible":"","demo_title":"","demo_caption":"","default_faq_hidden":"","app_template_category":[],"platform":"","template_public_id":"","codecanyon_url":"","codecanyon_item_id":"","codecanyon_price":"","pricing_caption":"","pricing_elfsight_apps_hide_column":"","pricing_elfsight_apps_url":"","pricing_codecanyon_price_caption":"","integration_category":[],"integration_request_title":"","integration_request_cta":"","integration_platform":"","integrations":[],"platform_category":[],"video_schema_markup":"","price":"","trial":"","benefits":[],"button_url":"","button_target_blank":"","button_nofollow":"","attributes":[],"tags":[],"tags_disable_links":"","hide_more_platforms":"","video_object":"","demo_hide_cta":"","demo_hide_cloud_options":"","pricing_title":"","pricing":[],"related_apps_title":"","related_apps_hidden":"","author":"","image":[],"title":"","job":"","social_networks":[]},"_links":{"self":[{"href":"https:\/\/elfsight.com\/fr\/wp-json\/wp\/v2\/pages\/2226","targetHints":{"allow":["GET"]}}],"collection":[{"href":"https:\/\/elfsight.com\/fr\/wp-json\/wp\/v2\/pages"}],"about":[{"href":"https:\/\/elfsight.com\/fr\/wp-json\/wp\/v2\/types\/page"}],"author":[{"embeddable":true,"href":"https:\/\/elfsight.com\/fr\/wp-json\/wp\/v2\/users\/9"}],"replies":[{"embeddable":true,"href":"https:\/\/elfsight.com\/fr\/wp-json\/wp\/v2\/comments?post=2226"}],"version-history":[{"count":8,"href":"https:\/\/elfsight.com\/fr\/wp-json\/wp\/v2\/pages\/2226\/revisions"}],"predecessor-version":[{"id":14179,"href":"https:\/\/elfsight.com\/fr\/wp-json\/wp\/v2\/pages\/2226\/revisions\/14179"}],"up":[{"embeddable":true,"href":"https:\/\/elfsight.com\/fr\/wp-json\/wp\/v2\/pages\/2216"}],"wp:attachment":[{"href":"https:\/\/elfsight.com\/fr\/wp-json\/wp\/v2\/media?parent=2226"}],"curies":[{"name":"wp","href":"https:\/\/api.w.org\/{rel}","templated":true}]}}