{"id":2031,"date":"2020-08-13T15:49:52","date_gmt":"2020-08-13T15:49:52","guid":{"rendered":"https:\/\/elfsight.com\/fr\/?page_id=2031"},"modified":"2022-03-21T10:37:56","modified_gmt":"2022-03-21T10:37:56","slug":"pricing","status":"publish","type":"page","link":"https:\/\/elfsight.com\/fr\/hotels-reviews-widget\/pricing\/","title":{"rendered":"Hotels Reviews &#8211; Pricing"},"content":{"rendered":"\n<div class=\"faq\" data-component=\"FAQ\">\n<div class=\"faq-item\">\r\n\t\t\t\t\t<div class=\"faq-item-question\">\r\n\t\t\t\t\t\t<h3 class=\"faq-item-question-text\">Puis-je utiliser les widgets qui vous avez \u00e0 co\u00fbt nul? <\/h3>\r\n\r\n\t\t\t\t\t\t<div class=\"faq-item-question-icon\"><\/div>\r\n\t\t\t\t\t<\/div>\r\n\r\n\t\t\t\t\t<div class=\"faq-item-answer\">\r\n\t\t\t\t\t\t<div class=\"faq-item-answer-text\">\nBien entendu! Vous avez seulement besoin d\u2019\u00e9tablir un instrument et s\u00e9lectionner le plan gratuit. \n<\/div>\r\n\t\t\t\t\t<\/div>\r\n\t\t\t\t<\/div>\n\n<div class=\"faq-item\">\r\n\t\t\t\t\t<div class=\"faq-item-question\">\r\n\t\t\t\t\t\t<h3 class=\"faq-item-question-text\">Y a-t-il une p\u00e9riode d'essai? <\/h3>\r\n\r\n\t\t\t\t\t\t<div class=\"faq-item-question-icon\"><\/div>\r\n\t\t\t\t\t<\/div>\r\n\r\n\t\t\t\t\t<div class=\"faq-item-answer\">\r\n\t\t\t\t\t\t<div class=\"faq-item-answer-text\">\nNon, nous n&rsquo;offrons pas de p\u00e9riode d&rsquo;\u00e9valuation gratuite. En variante, vous pouvez choisir le plan gratuit et observer tous les chances de nos widgets. Le forfait gratuit n\u2019a pas de restrictions donc vous aurez la id\u00e9e de tous les capacit\u00e9s en quelques clics. \n\/faq_item\n\n[faq_item question_tag=\"h3\" question=\"Offrez-vous des rabais? \"]\nBien s\u00fbr, vous pouvez gagner une remise de 20% pour le premier abonnement payant. Aussi, nous avons 30% coupon de r\u00e9duction pour l\u2019abonnement unique suivant. \n<\/div>\r\n\t\t\t\t\t<\/div>\r\n\t\t\t\t<\/div>\n\n<div class=\"faq-item\">\r\n\t\t\t\t\t<div class=\"faq-item-question\">\r\n\t\t\t\t\t\t<h3 class=\"faq-item-question-text\">Y a-t-il une opportunit\u00e9 \u00e0 changer mon plan plus tard? <\/h3>\r\n\r\n\t\t\t\t\t\t<div class=\"faq-item-question-icon\"><\/div>\r\n\t\t\t\t\t<\/div>\r\n\r\n\t\t\t\t\t<div class=\"faq-item-answer\">\r\n\t\t\t\t\t\t<div class=\"faq-item-answer-text\">\nAbsolument! Vous \u00eates libres de augmenter ou downgrade votre plan \u00e0 tout moment. L&rsquo;argent que vous avez pay\u00e9 pour le abonnement ant\u00e9c\u00e9dent sera recalcul\u00e9 le nouveau plan. \n<\/div>\r\n\t\t\t\t\t<\/div>\r\n\t\t\t\t<\/div>\n\n<div class=\"faq-item\">\r\n\t\t\t\t\t<div class=\"faq-item-question\">\r\n\t\t\t\t\t\t<h3 class=\"faq-item-question-text\">Qu'est-ce que la restriction sur nombre de vues du widget? <\/h3>\r\n\r\n\t\t\t\t\t\t<div class=\"faq-item-question-icon\"><\/div>\r\n\t\t\t\t\t<\/div>\r\n\r\n\t\t\t\t\t<div class=\"faq-item-answer\">\r\n\t\t\t\t\t\t<div class=\"faq-item-answer-text\">\nLe montant de vues de plugin il est le m\u00eame que la quantit\u00e9 de ses t\u00e9l\u00e9chargements sur page Web. Vues afficher num\u00e9ro t\u00e9l\u00e9chargements plugin unique visiteurs. Gardez \u00e0 l&rsquo;esprit que pour chaque tarif ses limites sur nombre de vues de plugin. \n<\/div>\r\n\t\t\t\t\t<\/div>\r\n\t\t\t\t<\/div>\n\n<div class=\"faq-item\">\r\n\t\t\t\t\t<div class=\"faq-item-question\">\r\n\t\t\t\t\t\t<h3 class=\"faq-item-question-text\">Y a-t-il des limitations sur le nombre de sites Web sur lesquels j\u2019ai une possibilit\u00e9 d\u2019ajouter le widget? <\/h3>\r\n\r\n\t\t\t\t\t\t<div class=\"faq-item-question-icon\"><\/div>\r\n\t\t\t\t\t<\/div>\r\n\r\n\t\t\t\t\t<div class=\"faq-item-answer\">\r\n\t\t\t\t\t\t<div class=\"faq-item-answer-text\">\nLe Plan gratuit permet \u00e0 int\u00e9grer l\u2019outil sur un seul site et g\u00e9n\u00e9rer un seul widget. Aucun des plans pay\u00e9s ne propose une telle restriction, c&rsquo;est-\u00e0-dire que le widget peut \u00eatre plac\u00e9 sur un le quantit\u00e9 de sites Web illimit\u00e9. \n<\/div>\r\n\t\t\t\t\t<\/div>\r\n\t\t\t\t<\/div>\n\n<div class=\"faq-item\">\r\n\t\t\t\t\t<div class=\"faq-item-question\">\r\n\t\t\t\t\t\t<h3 class=\"faq-item-question-text\">Offrez-vous l\u2019assistance gratuite avec l\u2019installation? <\/h3>\r\n\r\n\t\t\t\t\t\t<div class=\"faq-item-question-icon\"><\/div>\r\n\t\t\t\t\t<\/div>\r\n\r\n\t\t\t\t\t<div class=\"faq-item-answer\">\r\n\t\t\t\t\t\t<div class=\"faq-item-answer-text\">\nSans ambigu\u00eft\u00e9, nous accordons une assistance d\u2019installation gratuite pour tous cat\u00e9gories d&rsquo; utilisateurs. N&rsquo;ayez pas peur de faire appel \u00e0 notre support au cas o\u00f9 vous en auriez besoin. \n<\/div>\r\n\t\t\t\t\t<\/div>\r\n\t\t\t\t<\/div>\n<\/div>\n","protected":false},"excerpt":{"rendered":"","protected":false},"author":9,"featured_media":0,"parent":2017,"menu_order":0,"comment_status":"closed","ping_status":"closed","template":"templates\/template-application-pricing.php","meta":{"publish_to_discourse":"","publish_post_category":"","wpdc_auto_publish_overridden":"","wpdc_topic_tags":"","wpdc_pin_topic":"","wpdc_pin_until":"","discourse_post_id":"","discourse_permalink":"","wpdc_publishing_response":"","wpdc_publishing_error":"","footnotes":""},"class_list":["post-2031","page","type-page","status-publish","hentry"],"yoast_head":"<!-- This site is optimized with the Yoast SEO plugin v25.3.1 - https:\/\/yoast.com\/wordpress\/plugins\/seo\/ -->\n<title>Widget Elfsight Hotels Reviews - Plans de tarification (de Free \u00e0 Premium)<\/title>\n<meta name=\"description\" content=\"Widget de commentaires sur les h\u00f4tels - \u00e0 partir de gratuit. Cr\u00e9ez un widget convivial gratuitement, t\u00e9l\u00e9chargez-le sur le site Web et passez \u00e0 Premium!\" \/>\n<meta name=\"robots\" content=\"index, follow, max-snippet:-1, max-image-preview:large, max-video-preview:-1\" \/>\n<link rel=\"canonical\" href=\"https:\/\/elfsight.com\/fr\/hotels-reviews-widget\/pricing\/\" \/>\n<meta property=\"og:locale\" content=\"fr_FR\" \/>\n<meta property=\"og:type\" content=\"article\" \/>\n<meta property=\"og:title\" content=\"Widget Elfsight Hotels Reviews - Plans de tarification (de Free \u00e0 Premium)\" \/>\n<meta property=\"og:description\" content=\"Widget de commentaires sur les h\u00f4tels - \u00e0 partir de gratuit. Cr\u00e9ez un widget convivial gratuitement, t\u00e9l\u00e9chargez-le sur le site Web et passez \u00e0 Premium!\" \/>\n<meta property=\"og:url\" content=\"https:\/\/elfsight.com\/fr\/hotels-reviews-widget\/pricing\/\" \/>\n<meta property=\"og:site_name\" content=\"Elfsight FR\" \/>\n<meta property=\"article:modified_time\" content=\"2022-03-21T10:37:56+00:00\" \/>\n<meta name=\"twitter:card\" content=\"summary_large_image\" \/>\n<meta name=\"twitter:label1\" content=\"Dur\u00e9e de lecture estim\u00e9e\" \/>\n\t<meta name=\"twitter:data1\" content=\"2 minutes\" \/>\n<!-- \/ Yoast SEO plugin. -->","yoast_head_json":{"title":"Widget Elfsight Hotels Reviews - Plans de tarification (de Free \u00e0 Premium)","description":"Widget de commentaires sur les h\u00f4tels - \u00e0 partir de gratuit. Cr\u00e9ez un widget convivial gratuitement, t\u00e9l\u00e9chargez-le sur le site Web et passez \u00e0 Premium!","robots":{"index":"index","follow":"follow","max-snippet":"max-snippet:-1","max-image-preview":"max-image-preview:large","max-video-preview":"max-video-preview:-1"},"canonical":"https:\/\/elfsight.com\/fr\/hotels-reviews-widget\/pricing\/","og_locale":"fr_FR","og_type":"article","og_title":"Widget Elfsight Hotels Reviews - Plans de tarification (de Free \u00e0 Premium)","og_description":"Widget de commentaires sur les h\u00f4tels - \u00e0 partir de gratuit. Cr\u00e9ez un widget convivial gratuitement, t\u00e9l\u00e9chargez-le sur le site Web et passez \u00e0 Premium!","og_url":"https:\/\/elfsight.com\/fr\/hotels-reviews-widget\/pricing\/","og_site_name":"Elfsight FR","article_modified_time":"2022-03-21T10:37:56+00:00","twitter_card":"summary_large_image","twitter_misc":{"Dur\u00e9e de lecture estim\u00e9e":"2 minutes"},"schema":{"@context":"https:\/\/schema.org","@graph":[{"@type":"WebPage","@id":"https:\/\/elfsight.com\/fr\/hotels-reviews-widget\/pricing\/","url":"https:\/\/elfsight.com\/fr\/hotels-reviews-widget\/pricing\/","name":"Widget Elfsight Hotels Reviews - Plans de tarification (de Free \u00e0 Premium)","isPartOf":{"@id":"https:\/\/elfsight.com\/fr\/#website"},"datePublished":"2020-08-13T15:49:52+00:00","dateModified":"2022-03-21T10:37:56+00:00","description":"Widget de commentaires sur les h\u00f4tels - \u00e0 partir de gratuit. Cr\u00e9ez un widget convivial gratuitement, t\u00e9l\u00e9chargez-le sur le site Web et passez \u00e0 Premium!","breadcrumb":{"@id":"https:\/\/elfsight.com\/fr\/hotels-reviews-widget\/pricing\/#breadcrumb"},"inLanguage":"fr-FR","potentialAction":[{"@type":"ReadAction","target":["https:\/\/elfsight.com\/fr\/hotels-reviews-widget\/pricing\/"]}]},{"@type":"BreadcrumbList","@id":"https:\/\/elfsight.com\/fr\/hotels-reviews-widget\/pricing\/#breadcrumb","itemListElement":[{"@type":"ListItem","position":1,"name":"Home","item":"https:\/\/elfsight.com\/fr\/"},{"@type":"ListItem","position":2,"name":"Hotels Reviews","item":"https:\/\/elfsight.com\/fr\/hotels-reviews-widget\/"},{"@type":"ListItem","position":3,"name":"Hotels Reviews &#8211; Pricing"}]},{"@type":"WebSite","@id":"https:\/\/elfsight.com\/fr\/#website","url":"https:\/\/elfsight.com\/fr\/","name":"Elfsight FR","description":"","potentialAction":[{"@type":"SearchAction","target":{"@type":"EntryPoint","urlTemplate":"https:\/\/elfsight.com\/fr\/?s={search_term_string}"},"query-input":{"@type":"PropertyValueSpecification","valueRequired":true,"valueName":"search_term_string"}}],"inLanguage":"fr-FR"}]}},"meta_box":{"industry":"","seo_heading":"","heading":"","description":"","cta_heading":"","cta_description":"","application":"2016","h1":"","h1_caption":"","application_category":[],"applications_title":"","applications_request_title":"","applications_request_button_text":"","hero_text":"","hero_video":"","hero_video_schema_markup":"","selling_points_title":"","selling_points_caption":"","selling_points":[],"selling_points_cta_text":"","features_title":"","features":"","ed_cta_examples_text":"","ed_cta_examples_hidden":"","ed_cta_demo_text":"","ed_cta_demo_hidden":"","why_caption":"","why_editor_title":"","why_editor_text":"","why_team_title":"","why_team_text":"","why_service_title":"","why_service_text":"","template_catalog_visible":"","template_catalog_title":"","template_catalog_text":"","template_catalog_categories_visible":"","demo_title":"","demo_caption":"","default_faq_hidden":"1","app_template_category":[],"platform":"","template_public_id":"","codecanyon_url":"","codecanyon_item_id":"","codecanyon_price":"","pricing_caption":"","pricing_elfsight_apps_hide_column":"","pricing_elfsight_apps_url":"","pricing_codecanyon_price_caption":"","integration_category":[],"integration_request_title":"","integration_request_cta":"","integration_platform":"","integrations":[],"platform_category":[],"video_schema_markup":"","price":"","trial":"","benefits":[],"button_url":"","button_target_blank":"","button_nofollow":"","attributes":[],"tags":[],"tags_disable_links":"","hide_more_platforms":"","video_object":"","demo_hide_cta":"","demo_hide_cloud_options":"","pricing_title":"","pricing":[],"related_apps_title":"","related_apps_hidden":"","author":"","image":[],"title":"","job":"","social_networks":[]},"_links":{"self":[{"href":"https:\/\/elfsight.com\/fr\/wp-json\/wp\/v2\/pages\/2031","targetHints":{"allow":["GET"]}}],"collection":[{"href":"https:\/\/elfsight.com\/fr\/wp-json\/wp\/v2\/pages"}],"about":[{"href":"https:\/\/elfsight.com\/fr\/wp-json\/wp\/v2\/types\/page"}],"author":[{"embeddable":true,"href":"https:\/\/elfsight.com\/fr\/wp-json\/wp\/v2\/users\/9"}],"replies":[{"embeddable":true,"href":"https:\/\/elfsight.com\/fr\/wp-json\/wp\/v2\/comments?post=2031"}],"version-history":[{"count":3,"href":"https:\/\/elfsight.com\/fr\/wp-json\/wp\/v2\/pages\/2031\/revisions"}],"predecessor-version":[{"id":6952,"href":"https:\/\/elfsight.com\/fr\/wp-json\/wp\/v2\/pages\/2031\/revisions\/6952"}],"up":[{"embeddable":true,"href":"https:\/\/elfsight.com\/fr\/wp-json\/wp\/v2\/pages\/2017"}],"wp:attachment":[{"href":"https:\/\/elfsight.com\/fr\/wp-json\/wp\/v2\/media?parent=2031"}],"curies":[{"name":"wp","href":"https:\/\/api.w.org\/{rel}","templated":true}]}}