{"id":1866,"date":"2020-08-12T14:12:56","date_gmt":"2020-08-12T14:12:56","guid":{"rendered":"https:\/\/elfsight.com\/fr\/?page_id=1866"},"modified":"2021-05-12T11:46:40","modified_gmt":"2021-05-12T11:46:40","slug":"examples","status":"publish","type":"page","link":"https:\/\/elfsight.com\/fr\/tripadvisor-reviews-widget\/examples\/","title":{"rendered":"Tripadvisor Reviews &#8211; Examples"},"content":{"rendered":"\n<div class=\"application-examples-item application-examples-item-loading\">\n                            <div class=\"col-row\">\n                                <div class=\"col-6 col-m-8 col-s-12\"><h3 class=\"application-examples-item-title\">Exemple 1: Demande d'\u00e9valuation<\/h3><div class=\"application-examples-item-description\">Ici, les critiques se transforment en un widget spacieux dans des couleurs Amazon suppl\u00e9mentaires avec un titre informatif. L'en-t\u00eate affiche le classement g\u00e9n\u00e9ral de votre page et indique le nombre d'utilisateurs qui ont laiss\u00e9 leurs avis avec les photos les plus r\u00e9centes, qui m\u00e8nent \u00e0 votre page en un seul clic. Le bouton Demande d'examen encourage les utilisateurs \u00e0 laisser un nouvel avis, et l'option Oui, de couleur bleue, attire l'attention.<\/div><\/div>\n                <\/div>\n\n                <div class=\"application-examples-item-iframe-container browser-frame\">\n                    <div class=\"application-examples-item-iframe-wrapper\">\n                        <iframe class=\"application-examples-item-iframe application-examples-item-iframe-fixed-height\" data-src=\"https:\/\/elfsight.com\/examples?widget_id=445b2af8-6008-4697-bffb-c797cdbc9db0&padding=28px+40px+40px\" width=\"100%\" height=\"600\" allow=\"autoplay; fullscreen\"><\/iframe>\n                    <\/div>\n\n                    <div class=\"application-examples-item-loader\"><\/div>\n                <\/div>\n            <\/div>\n\n<div class=\"application-examples-item application-examples-item-loading\">\n                            <div class=\"col-row\">\n                                <div class=\"col-6 col-m-8 col-s-12\"><h3 class=\"application-examples-item-title\">Exemple 2: Liste<\/h3><div class=\"application-examples-item-description\">Voil\u00e0 le fa\u00e7on de d\u00e9montrer vos avis sur une page sous la configuration de liste mod\u00e9r\u00e9e. Si vous cachez l'en-t\u00eate et exploitez des proportions automatiques, comme dans cet exemple, l\u2019instrument se propage dans l'espace pr\u00e9sent sur votre page et impressionnera l'air familier. Appliquez des filtres pour limiter le nombre d\u2019\u00e9valuations, de pr\u00e9senter que ceux qui ont des avis positives ou masquer les avis ind\u00e9sirables par des mots cl\u00e9s.<\/div><\/div>\n                <\/div>\n\n                <div class=\"application-examples-item-iframe-container browser-frame\">\n                    <div class=\"application-examples-item-iframe-wrapper\">\n                        <iframe class=\"application-examples-item-iframe application-examples-item-iframe-fixed-height\" data-src=\"https:\/\/elfsight.com\/examples?widget_id=a331292e-1e7c-4336-bafa-1e796e638b6b&padding=28px+40px+40px\" width=\"100%\" height=\"600\" allow=\"autoplay; fullscreen\"><\/iframe>\n                    <\/div>\n\n                    <div class=\"application-examples-item-loader\"><\/div>\n                <\/div>\n            <\/div>\n\n<div class=\"application-examples-item application-examples-item-loading\">\n                            <div class=\"col-row\">\n                                <div class=\"col-6 col-m-8 col-s-12\"><h3 class=\"application-examples-item-title\">Exemple 3: Ma\u00e7onnerie<\/h3><div class=\"application-examples-item-description\">Ici vous pouvez voir, une grille d\u2019\u00e9valuations est d\u00e9montr\u00e9e en tant que variante de ma\u00e7onnerie, qui d\u00e9pos\u00e9e les commentaires de fa\u00e7on optimale sur \u00e0 base de la valeur de la hauteur. Le assortiment personnalis\u00e9 de la couleur a apport\u00e9 un design unique. La quantit\u00e9 d'\u00e9toiles 'affich\u00e9e sur les commentaires est l\u00e0 pour d\u00e9montrer la bonne \u00e9valuation des utilisateurs.<\/div><\/div>\n                <\/div>\n\n                <div class=\"application-examples-item-iframe-container browser-frame\">\n                    <div class=\"application-examples-item-iframe-wrapper\">\n                        <iframe class=\"application-examples-item-iframe application-examples-item-iframe-fixed-height\" data-src=\"https:\/\/elfsight.com\/examples?widget_id=cff5f7df-94d2-4ec3-b74a-2fd660142c7d&padding=28px+40px+40px\" width=\"100%\" height=\"600\" allow=\"autoplay; fullscreen\"><\/iframe>\n                    <\/div>\n\n                    <div class=\"application-examples-item-loader\"><\/div>\n                <\/div>\n            <\/div>\n\n<div class=\"application-examples-item application-examples-item-loading\">\n                            <div class=\"col-row\">\n                                <div class=\"col-6 col-m-8 col-s-12\"><h3 class=\"application-examples-item-title\">Exemple 4: R\u00e9seau<\/h3><div class=\"application-examples-item-description\">L\u2019accouplement de la disposition de la grille et du mod\u00e8le de de revues Spotlight construit un aspect clair et raffin\u00e9 du instrument. Les lignes droites et les textes des r\u00e9visions aplanissez au centre attirent une l\u2019\u00e9gard des clients supr\u00eame.<\/div><\/div>\n                <\/div>\n\n                <div class=\"application-examples-item-iframe-container browser-frame\">\n                    <div class=\"application-examples-item-iframe-wrapper\">\n                        <iframe class=\"application-examples-item-iframe application-examples-item-iframe-fixed-height\" data-src=\"https:\/\/elfsight.com\/examples?widget_id=0a985536-a63e-489a-9b9a-ba5e5f9a7e53&padding=28px+40px+40px\" width=\"100%\" height=\"600\" allow=\"autoplay; fullscreen\"><\/iframe>\n                    <\/div>\n\n                    <div class=\"application-examples-item-loader\"><\/div>\n                <\/div>\n            <\/div>\n\n<div class=\"application-cta-create\">\n                    <div class=\"application-cta-create-bg\">\n                        <div class=\"application-cta-create-bg-left\"><\/div>\n\n                        <div class=\"application-cta-create-bg-right\">\n                            <img decoding=\"async\" src=\"https:\/\/elfsight.com\/fr\/wp-content\/themes\/elfsight\/frontend\/assets\/img\/application-cta-create.jpg\" alt=\"Commencez par cr\u00e9er votre widget\">\n                        <\/div>\n                    <\/div>\n\n                    <div class=\"application-cta-create-content inner\">\n                        <div class=\"application-cta-create-content-inner\">\n                            <div class=\"application-cta-create-content-icon\">\n                                <svg viewBox=\"0 0 25 25\" width=\"100%\" height=\"100%\">\n                                    <use xlink:href=\"#icon-settings\"><\/use>\n                                <\/svg>\n                            <\/div>\n\n                            <div class=\"application-cta-create-content-title\">Commencez par cr\u00e9er votre widget<\/div>\n\n                            <div class=\"application-cta-create-content-text\">Vite. Facile. Pas de codage.<\/div>\n\n                            <a class=\"application-cta-create-content-button button-48 button-has-right-icon button-black button\" href=\"\">\n                                <span class=\"button-label\">Cr\u00e9er un widget<\/span>\n\n                                <svg class=\"button-icon\">\n                                    <use xlink:href=\"#icon-arrow-link\"><\/use>\n                                <\/svg>\n                            <\/a>\n                        <\/div>\n                    <\/div>\n                <\/div>\n\n<div class=\"application-examples-item application-examples-item-loading\">\n                            <div class=\"col-row\">\n                                <div class=\"col-6 col-m-8 col-s-12\"><h3 class=\"application-examples-item-title\">Exemple 5: Carrousel<\/h3><div class=\"application-examples-item-description\">Ici, l\u2019outil avec la disposition Slider montre les r\u00e9visions \u00e0 travers le carrousel flexible avec lecture de plein droit. C'est un bon option, tel que pour votre page principale d'un site web. Il est probable de d\u00e9signer la quantit\u00e9 d\u2019\u00e9valuations \u00e0 pr\u00e9senter par diapositive.<\/div><\/div>\n                <\/div>\n\n                <div class=\"application-examples-item-iframe-container browser-frame\">\n                    <div class=\"application-examples-item-iframe-wrapper\">\n                        <iframe class=\"application-examples-item-iframe application-examples-item-iframe-fixed-height\" data-src=\"https:\/\/elfsight.com\/examples?widget_id=2673879d-bbaf-4c0d-b00a-f4f248b5cda7&padding=28px+40px+40px\" width=\"100%\" height=\"600\" allow=\"autoplay; fullscreen\"><\/iframe>\n                    <\/div>\n\n                    <div class=\"application-examples-item-loader\"><\/div>\n                <\/div>\n            <\/div>\n\n<div class=\"application-examples-item application-examples-item-loading\">\n                            <div class=\"col-row\">\n                                <div class=\"col-6 col-m-8 col-s-12\"><h3 class=\"application-examples-item-title\">Exemple 6: Glissi\u00e8re<\/h3><div class=\"application-examples-item-description\"> Si vous d\u00e9signez afficher des avis par un, vous pouvez obtenir un au plus d\u2019attention des visiteurs. Dans ce cas d\u2019utilisation, le mod\u00e8le Spotlight dicte l\u2019ordre des parties constitutives: l'image et la consigne de l'auteur sont plac\u00e9es dessus du texte d\u2019\u00e9valuation et tous les composants sont aplanissez au centre. D'autres avis peuvent \u00eatre assist\u00e9s par glisser-d\u00e9poser ou en employant des fl\u00e8ches.<\/div><\/div>\n                <\/div>\n\n                <div class=\"application-examples-item-iframe-container browser-frame\">\n                    <div class=\"application-examples-item-iframe-wrapper\">\n                        <iframe class=\"application-examples-item-iframe application-examples-item-iframe-fixed-height\" data-src=\"https:\/\/elfsight.com\/examples?widget_id=b3050183-523b-46f8-bdef-837400ab1193&padding=28px+40px+40px\" width=\"100%\" height=\"600\" allow=\"autoplay; fullscreen\"><\/iframe>\n                    <\/div>\n\n                    <div class=\"application-examples-item-loader\"><\/div>\n                <\/div>\n            <\/div>\n\n<div class=\"application-examples-item application-examples-item-loading\">\n                            <div class=\"col-row\">\n                                <div class=\"col-6 col-m-8 col-s-12\"><h3 class=\"application-examples-item-title\">Exemple 7: Barre lat\u00e9rale<\/h3><div class=\"application-examples-item-description\">C\u2019est un exemple magnifique de la mani\u00e8re d'int\u00e9grer un widget d\u2019\u00e9valuations dans votre page avec un tr\u00e8s petit espace. R\u00e9gl\u00e9e comme une barre lat\u00e9rale, l\u2019outil d\u00e9montr\u00e9e uniquement les d\u00e9tails fondamentales et la taille utilisable en raison de la taille disponible, il est de l\u2019hauteur et la largeur m\u00e9dian mais conserver toutes les capacit\u00e9s fonctionnelles.<\/div><\/div>\n                <\/div>\n\n                <div class=\"application-examples-item-iframe-container browser-frame\">\n                    <div class=\"application-examples-item-iframe-wrapper\">\n                        <iframe class=\"application-examples-item-iframe application-examples-item-iframe-fixed-height\" data-src=\"https:\/\/elfsight.com\/examples?widget_id=1f208258-6bfc-4db1-ae55-51371b3b5489&padding=28px+40px+40px\" width=\"100%\" height=\"600\" allow=\"autoplay; fullscreen\"><\/iframe>\n                    <\/div>\n\n                    <div class=\"application-examples-item-loader\"><\/div>\n                <\/div>\n            <\/div>\n","protected":false},"excerpt":{"rendered":"","protected":false},"author":12,"featured_media":0,"parent":1828,"menu_order":0,"comment_status":"closed","ping_status":"closed","template":"templates\/template-application-examples.php","meta":{"publish_to_discourse":"","publish_post_category":"","wpdc_auto_publish_overridden":"","wpdc_topic_tags":"","wpdc_pin_topic":"","wpdc_pin_until":"","discourse_post_id":"","discourse_permalink":"","wpdc_publishing_response":"","wpdc_publishing_error":"","footnotes":""},"class_list":["post-1866","page","type-page","status-publish","hentry"],"yoast_head":"<!-- This site is optimized with the Yoast SEO plugin v25.3.1 - https:\/\/yoast.com\/wordpress\/plugins\/seo\/ -->\n<title>Meilleurs exemples d&#039;avis de Tripadvisor (Showcase)<\/title>\n<meta name=\"description\" content=\"TOP 11 Exemples de sites Web d&#039;avis Tripadvisor: liste, carrousel, ma\u00e7onnerie, curseur, barre lat\u00e9rale, etc. Exemple de widget Tripadvisor pour votre site.\" \/>\n<meta name=\"robots\" content=\"index, follow, max-snippet:-1, max-image-preview:large, max-video-preview:-1\" \/>\n<link rel=\"canonical\" href=\"https:\/\/elfsight.com\/fr\/tripadvisor-reviews-widget\/examples\/\" \/>\n<meta property=\"og:locale\" content=\"fr_FR\" \/>\n<meta property=\"og:type\" content=\"article\" \/>\n<meta property=\"og:title\" content=\"Meilleurs exemples d&#039;avis de Tripadvisor (Showcase)\" \/>\n<meta property=\"og:description\" content=\"TOP 11 Exemples de sites Web d&#039;avis Tripadvisor: liste, carrousel, ma\u00e7onnerie, curseur, barre lat\u00e9rale, etc. Exemple de widget Tripadvisor pour votre site.\" \/>\n<meta property=\"og:url\" content=\"https:\/\/elfsight.com\/fr\/tripadvisor-reviews-widget\/examples\/\" \/>\n<meta property=\"og:site_name\" content=\"Elfsight FR\" \/>\n<meta property=\"article:modified_time\" content=\"2021-05-12T11:46:40+00:00\" \/>\n<meta name=\"twitter:card\" content=\"summary_large_image\" \/>\n<meta name=\"twitter:label1\" content=\"Dur\u00e9e de lecture estim\u00e9e\" \/>\n\t<meta name=\"twitter:data1\" content=\"3 minutes\" \/>\n<!-- \/ Yoast SEO plugin. -->","yoast_head_json":{"title":"Meilleurs exemples d'avis de Tripadvisor (Showcase)","description":"TOP 11 Exemples de sites Web d'avis Tripadvisor: liste, carrousel, ma\u00e7onnerie, curseur, barre lat\u00e9rale, etc. Exemple de widget Tripadvisor pour votre site.","robots":{"index":"index","follow":"follow","max-snippet":"max-snippet:-1","max-image-preview":"max-image-preview:large","max-video-preview":"max-video-preview:-1"},"canonical":"https:\/\/elfsight.com\/fr\/tripadvisor-reviews-widget\/examples\/","og_locale":"fr_FR","og_type":"article","og_title":"Meilleurs exemples d'avis de Tripadvisor (Showcase)","og_description":"TOP 11 Exemples de sites Web d'avis Tripadvisor: liste, carrousel, ma\u00e7onnerie, curseur, barre lat\u00e9rale, etc. Exemple de widget Tripadvisor pour votre site.","og_url":"https:\/\/elfsight.com\/fr\/tripadvisor-reviews-widget\/examples\/","og_site_name":"Elfsight FR","article_modified_time":"2021-05-12T11:46:40+00:00","twitter_card":"summary_large_image","twitter_misc":{"Dur\u00e9e de lecture estim\u00e9e":"3 minutes"},"schema":{"@context":"https:\/\/schema.org","@graph":[{"@type":"WebPage","@id":"https:\/\/elfsight.com\/fr\/tripadvisor-reviews-widget\/examples\/","url":"https:\/\/elfsight.com\/fr\/tripadvisor-reviews-widget\/examples\/","name":"Meilleurs exemples d'avis de Tripadvisor (Showcase)","isPartOf":{"@id":"https:\/\/elfsight.com\/fr\/#website"},"datePublished":"2020-08-12T14:12:56+00:00","dateModified":"2021-05-12T11:46:40+00:00","description":"TOP 11 Exemples de sites Web d'avis Tripadvisor: liste, carrousel, ma\u00e7onnerie, curseur, barre lat\u00e9rale, etc. Exemple de widget Tripadvisor pour votre site.","breadcrumb":{"@id":"https:\/\/elfsight.com\/fr\/tripadvisor-reviews-widget\/examples\/#breadcrumb"},"inLanguage":"fr-FR","potentialAction":[{"@type":"ReadAction","target":["https:\/\/elfsight.com\/fr\/tripadvisor-reviews-widget\/examples\/"]}]},{"@type":"BreadcrumbList","@id":"https:\/\/elfsight.com\/fr\/tripadvisor-reviews-widget\/examples\/#breadcrumb","itemListElement":[{"@type":"ListItem","position":1,"name":"Home","item":"https:\/\/elfsight.com\/fr\/"},{"@type":"ListItem","position":2,"name":"Tripadvisor Reviews","item":"https:\/\/elfsight.com\/fr\/tripadvisor-reviews-widget\/"},{"@type":"ListItem","position":3,"name":"Tripadvisor Reviews &#8211; Examples"}]},{"@type":"WebSite","@id":"https:\/\/elfsight.com\/fr\/#website","url":"https:\/\/elfsight.com\/fr\/","name":"Elfsight FR","description":"","potentialAction":[{"@type":"SearchAction","target":{"@type":"EntryPoint","urlTemplate":"https:\/\/elfsight.com\/fr\/?s={search_term_string}"},"query-input":{"@type":"PropertyValueSpecification","valueRequired":true,"valueName":"search_term_string"}}],"inLanguage":"fr-FR"}]}},"meta_box":{"industry":"","seo_heading":"","heading":"","description":"","cta_heading":"","cta_description":"","application":"1809","h1":"","h1_caption":"","application_category":[],"applications_title":"","applications_request_title":"","applications_request_button_text":"","hero_text":"","hero_video":"","hero_video_schema_markup":"","selling_points_title":"","selling_points_caption":"","selling_points":[],"selling_points_cta_text":"","features_title":"","features":"","ed_cta_examples_text":"","ed_cta_examples_hidden":"","ed_cta_demo_text":"","ed_cta_demo_hidden":"","why_caption":"","why_editor_title":"","why_editor_text":"","why_team_title":"","why_team_text":"","why_service_title":"","why_service_text":"","template_catalog_visible":"","template_catalog_title":"","template_catalog_text":"","template_catalog_categories_visible":"","demo_title":"","demo_caption":"","default_faq_hidden":"","app_template_category":[],"platform":"","template_public_id":"","codecanyon_url":"","codecanyon_item_id":"","codecanyon_price":"","pricing_caption":"","pricing_elfsight_apps_hide_column":"","pricing_elfsight_apps_url":"","pricing_codecanyon_price_caption":"","integration_category":[],"integration_request_title":"","integration_request_cta":"","integration_platform":"","integrations":[],"platform_category":[],"video_schema_markup":"","price":"","trial":"","benefits":[],"button_url":"","button_target_blank":"","button_nofollow":"","attributes":[],"tags":[],"tags_disable_links":"","hide_more_platforms":"","video_object":"","demo_hide_cta":"","demo_hide_cloud_options":"","pricing_title":"","pricing":[],"related_apps_title":"","related_apps_hidden":"","author":"","image":[],"title":"","job":"","social_networks":[]},"_links":{"self":[{"href":"https:\/\/elfsight.com\/fr\/wp-json\/wp\/v2\/pages\/1866","targetHints":{"allow":["GET"]}}],"collection":[{"href":"https:\/\/elfsight.com\/fr\/wp-json\/wp\/v2\/pages"}],"about":[{"href":"https:\/\/elfsight.com\/fr\/wp-json\/wp\/v2\/types\/page"}],"author":[{"embeddable":true,"href":"https:\/\/elfsight.com\/fr\/wp-json\/wp\/v2\/users\/12"}],"replies":[{"embeddable":true,"href":"https:\/\/elfsight.com\/fr\/wp-json\/wp\/v2\/comments?post=1866"}],"version-history":[{"count":6,"href":"https:\/\/elfsight.com\/fr\/wp-json\/wp\/v2\/pages\/1866\/revisions"}],"predecessor-version":[{"id":3455,"href":"https:\/\/elfsight.com\/fr\/wp-json\/wp\/v2\/pages\/1866\/revisions\/3455"}],"up":[{"embeddable":true,"href":"https:\/\/elfsight.com\/fr\/wp-json\/wp\/v2\/pages\/1828"}],"wp:attachment":[{"href":"https:\/\/elfsight.com\/fr\/wp-json\/wp\/v2\/media?parent=1866"}],"curies":[{"name":"wp","href":"https:\/\/api.w.org\/{rel}","templated":true}]}}