{"id":1787,"date":"2020-08-12T12:42:53","date_gmt":"2020-08-12T12:42:53","guid":{"rendered":"https:\/\/elfsight.com\/fr\/?page_id=1787"},"modified":"2025-01-16T14:22:30","modified_gmt":"2025-01-16T14:22:30","slug":"examples","status":"publish","type":"page","link":"https:\/\/elfsight.com\/fr\/amazon-reviews-widget\/examples\/","title":{"rendered":"Amazon Reviews &#8211; Examples"},"content":{"rendered":"\n<div class=\"application-examples-item application-examples-item-loading\">\n                            <div class=\"col-row\">\n                                <div class=\"col-6 col-m-8 col-s-12\"><h3 class=\"application-examples-item-title\">Exemple 1: Demande d'avis<\/h3><div class=\"application-examples-item-description\">Ici, les avis sont transform\u00e9s en un widget spacieux aux couleurs Amazon compl\u00e9mentaires, avec un en-t\u00eate informatif. L'en-t\u00eate affiche la note totale de la page et indique combien d'utilisateurs ont laiss\u00e9 leurs avis avec les photos des plus r\u00e9centes, qui m\u00e8nent \u00e0 votre page en un clic. Le bouton de demande d'examen encourage les utilisateurs \u00e0 laisser un nouvel avis, avec l'option Oui de couleur bleue pour attirer l'attention.<\/div><\/div>\n                <\/div>\n\n                <div class=\"application-examples-item-iframe-container browser-frame\">\n                    <div class=\"application-examples-item-iframe-wrapper\">\n                        <iframe class=\"application-examples-item-iframe application-examples-item-iframe-fixed-height\" data-src=\"https:\/\/apps.elfsight.com\/template\/3fd59e79-fabc-4aab-9a44-f6aa1271bc1c?padding=28px+40px+40px\" width=\"100%\" height=\"600\" allow=\"autoplay; fullscreen\"><\/iframe>\n                    <\/div>\n\n                    <div class=\"application-examples-item-loader\"><\/div>\n                <\/div>\n            <\/div>\n\n<div class=\"application-examples-item application-examples-item-loading\">\n                            <div class=\"col-row\">\n                                <div class=\"col-6 col-m-8 col-s-12\"><h3 class=\"application-examples-item-title\">Exemple 2: Liste<\/h3><div class=\"application-examples-item-description\">Voici le fa\u00e7on de d\u00e9montrer vos commentaires sur votre page sous la structure de liste mod\u00e9r\u00e9e. Et si vous cachez l'en-t\u00eate et utilisez des proportions automatiques, comme indiqu\u00e9 ici, le plugin se trouve dans l'espace disponible sur la page et impressionnera l'air natif. Appliquez des filtres pour couper la quantit\u00e9 de revues, de pr\u00e9senter uniquement ceux dont des notes m\u00e9lioratives ou cacher les commentaires ind\u00e9sirables avec l\u2019aide des mots cl\u00e9s. <\/div><\/div>\n                <\/div>\n\n                <div class=\"application-examples-item-iframe-container browser-frame\">\n                    <div class=\"application-examples-item-iframe-wrapper\">\n                        <iframe class=\"application-examples-item-iframe application-examples-item-iframe-fixed-height\" data-src=\"https:\/\/apps.elfsight.com\/template\/776a6d1c-f1b2-45b4-806f-ff064686c057?padding=28px+40px+40px\" width=\"100%\" height=\"600\" allow=\"autoplay; fullscreen\"><\/iframe>\n                    <\/div>\n\n                    <div class=\"application-examples-item-loader\"><\/div>\n                <\/div>\n            <\/div>\n\n<div class=\"application-examples-item application-examples-item-loading\">\n                            <div class=\"col-row\">\n                                <div class=\"col-6 col-m-8 col-s-12\"><h3 class=\"application-examples-item-title\">Exemple 3: Ma\u00e7onnerie<\/h3><div class=\"application-examples-item-description\">Ici, une grille de revues est pr\u00e9sent\u00e9e en tant que variante de ma\u00e7onnerie, qui place les r\u00e9visions de la mani\u00e8re optimale sur \u00e0 base de la valeur de la hauteur. Le assortiment customis\u00e9 de la coloris a apport\u00e9 un design original. La quantit\u00e9 d'\u00e9toiles pr\u00e9sent\u00e9e sur les \u00e9valuations est l\u00e0 pour marquer la bonne appr\u00e9ciation des visiteurs. <\/div><\/div>\n                <\/div>\n\n                <div class=\"application-examples-item-iframe-container browser-frame\">\n                    <div class=\"application-examples-item-iframe-wrapper\">\n                        <iframe class=\"application-examples-item-iframe application-examples-item-iframe-fixed-height\" data-src=\"https:\/\/apps.elfsight.com\/template\/94d4c34d-1e8a-49d4-8fe3-718dcb9e2235?padding=28px+40px+40px\" width=\"100%\" height=\"600\" allow=\"autoplay; fullscreen\"><\/iframe>\n                    <\/div>\n\n                    <div class=\"application-examples-item-loader\"><\/div>\n                <\/div>\n            <\/div>\n\n<div class=\"application-examples-item application-examples-item-loading\">\n                            <div class=\"col-row\">\n                                <div class=\"col-6 col-m-8 col-s-12\"><h3 class=\"application-examples-item-title\">Exemple 4: R\u00e9seau<\/h3><div class=\"application-examples-item-description\">La combinaison de la maquette de la grille et du mod\u00e8le de de revues Spotlight construit un aspect claire et raffin\u00e9 du plugin. Les lignes directes et les textes des commentaires \u00e9galis\u00e9s au centre attirent une l\u2019int\u00e9r\u00eat des clients parfait. <\/div><\/div>\n                <\/div>\n\n                <div class=\"application-examples-item-iframe-container browser-frame\">\n                    <div class=\"application-examples-item-iframe-wrapper\">\n                        <iframe class=\"application-examples-item-iframe application-examples-item-iframe-fixed-height\" data-src=\"https:\/\/apps.elfsight.com\/template\/ec88f712-521a-4dbd-b386-85251fcfa0a4?padding=28px+40px+40px\" width=\"100%\" height=\"600\" allow=\"autoplay; fullscreen\"><\/iframe>\n                    <\/div>\n\n                    <div class=\"application-examples-item-loader\"><\/div>\n                <\/div>\n            <\/div>\n\n<div class=\"application-cta-create\">\n                    <div class=\"application-cta-create-bg\">\n                        <div class=\"application-cta-create-bg-left\"><\/div>\n\n                        <div class=\"application-cta-create-bg-right\">\n                            <img decoding=\"async\" src=\"https:\/\/elfsight.com\/fr\/wp-content\/themes\/elfsight\/frontend\/assets\/img\/application-cta-create.jpg\" alt=\"Commencez par cr\u00e9er votre widget\">\n                        <\/div>\n                    <\/div>\n\n                    <div class=\"application-cta-create-content inner\">\n                        <div class=\"application-cta-create-content-inner\">\n                            <div class=\"application-cta-create-content-icon\">\n                                <svg viewBox=\"0 0 25 25\" width=\"100%\" height=\"100%\">\n                                    <use xlink:href=\"#icon-settings\"><\/use>\n                                <\/svg>\n                            <\/div>\n\n                            <div class=\"application-cta-create-content-title\">Commencez par cr\u00e9er votre widget<\/div>\n\n                            <div class=\"application-cta-create-content-text\">Vite. Facile. Pas de codage.<\/div>\n\n                            <a class=\"application-cta-create-content-button button-48 button-has-right-icon button-black button\" href=\"\">\n                                <span class=\"button-label\">Cr\u00e9er un widget<\/span>\n\n                                <svg class=\"button-icon\">\n                                    <use xlink:href=\"#icon-arrow-link\"><\/use>\n                                <\/svg>\n                            <\/a>\n                        <\/div>\n                    <\/div>\n                <\/div>\n\n<div class=\"application-examples-item application-examples-item-loading\">\n                            <div class=\"col-row\">\n                                <div class=\"col-6 col-m-8 col-s-12\"><h3 class=\"application-examples-item-title\">Exemple 5: Carrousel<\/h3><div class=\"application-examples-item-description\">Ici, l\u2019instrument avec la maquette Slider montre les avis \u00e0 travers le carrousel flexible ensemble avec lecture automatique. C'est un bon cas, par exemple pour votre page principale sur site. Il est probable de choisir la quantit\u00e9 d\u2019\u00e9valuations \u00e0 afficher par diapositive. <\/div><\/div>\n                <\/div>\n\n                <div class=\"application-examples-item-iframe-container browser-frame\">\n                    <div class=\"application-examples-item-iframe-wrapper\">\n                        <iframe class=\"application-examples-item-iframe application-examples-item-iframe-fixed-height\" data-src=\"https:\/\/apps.elfsight.com\/template\/bda494c0-9b52-46dd-997c-1b7c86f72e85?padding=28px+40px+40px\" width=\"100%\" height=\"600\" allow=\"autoplay; fullscreen\"><\/iframe>\n                    <\/div>\n\n                    <div class=\"application-examples-item-loader\"><\/div>\n                <\/div>\n            <\/div>\n\n<div class=\"application-examples-item application-examples-item-loading\">\n                            <div class=\"col-row\">\n                                <div class=\"col-6 col-m-8 col-s-12\"><h3 class=\"application-examples-item-title\">Exemple 6: Glissi\u00e8re<\/h3><div class=\"application-examples-item-description\"> Si vous d\u00e9cidez afficher des \u00e9valuations par un, vous attirera un au plus de l\u2019int\u00e9r\u00eat des visiteurs. Dans ce variant d\u2019utilisation, la mise en page Spotlight dicte l\u2019ordre des parties constitutives: la image et l\u2019instruction de l'auteur sont plac\u00e9es au-dessus du donn\u00e9es de texte de r\u00e9vision et tous les composants sont \u00e9galis\u00e9s au centre. D'autres commentaires peuvent \u00eatre consult\u00e9s par glisser-d\u00e9poser ou ar\u00e2ce \u00e0 des fl\u00e8ches. <\/div><\/div>\n                <\/div>\n\n                <div class=\"application-examples-item-iframe-container browser-frame\">\n                    <div class=\"application-examples-item-iframe-wrapper\">\n                        <iframe class=\"application-examples-item-iframe application-examples-item-iframe-fixed-height\" data-src=\"https:\/\/elfsight.com\/examples?widget_id=c094fde9-9344-490d-8322-670bddf44caf&padding=28px+40px+40px\" width=\"100%\" height=\"600\" allow=\"autoplay; fullscreen\"><\/iframe>\n                    <\/div>\n\n                    <div class=\"application-examples-item-loader\"><\/div>\n                <\/div>\n            <\/div>\n\n<div class=\"application-examples-item application-examples-item-loading\">\n                            <div class=\"col-row\">\n                                <div class=\"col-6 col-m-8 col-s-12\"><h3 class=\"application-examples-item-title\">Exemple 7: Barre lat\u00e9rale<\/h3><div class=\"application-examples-item-description\">Voici un exemple magnifique de le moyen d'int\u00e9grer un instrument d\u2019\u00e9valuations dans votre site avec un tr\u00e8s petit espace. D\u00e9fini comme la barre lat\u00e9rale, le plugin d\u00e9montr\u00e9e uniquement les d\u00e9tails ma\u00eetresses et la taille adapt\u00e9 en raison de la taille disponible, il est de les dimensions moyenne mais sauver toutes les capacit\u00e9s fonctionnelles.<\/div><\/div>\n                <\/div>\n\n                <div class=\"application-examples-item-iframe-container browser-frame\">\n                    <div class=\"application-examples-item-iframe-wrapper\">\n                        <iframe class=\"application-examples-item-iframe application-examples-item-iframe-fixed-height\" data-src=\"https:\/\/apps.elfsight.com\/template\/fe74148d-f1c2-4fcb-ae16-f65a9d00e2e5?padding=28px+40px+40px\" width=\"100%\" height=\"600\" allow=\"autoplay; fullscreen\"><\/iframe>\n                    <\/div>\n\n                    <div class=\"application-examples-item-loader\"><\/div>\n                <\/div>\n            <\/div>\n","protected":false},"excerpt":{"rendered":"","protected":false},"author":12,"featured_media":0,"parent":1774,"menu_order":0,"comment_status":"closed","ping_status":"closed","template":"templates\/template-application-examples.php","meta":{"publish_to_discourse":"","publish_post_category":"","wpdc_auto_publish_overridden":"","wpdc_topic_tags":"","wpdc_pin_topic":"","wpdc_pin_until":"","discourse_post_id":"","discourse_permalink":"","wpdc_publishing_response":"","wpdc_publishing_error":"","footnotes":""},"class_list":["post-1787","page","type-page","status-publish","hentry"],"yoast_head":"<!-- This site is optimized with the Yoast SEO plugin v25.3.1 - https:\/\/yoast.com\/wordpress\/plugins\/seo\/ -->\n<title>TOP 7 des meilleurs exemples de widgets Reviews from Amazon (en 2025)<\/title>\n<meta name=\"description\" content=\"TOP 7 des exemples de widgets Amazon pour le site Web: demande d&#039;avis, liste, ma\u00e7onnerie, carrousel, ou widget de la barre lat\u00e9rale pour votre site Web.\" \/>\n<meta name=\"robots\" content=\"index, follow, max-snippet:-1, max-image-preview:large, max-video-preview:-1\" \/>\n<link rel=\"canonical\" href=\"https:\/\/elfsight.com\/fr\/amazon-reviews-widget\/examples\/\" \/>\n<meta property=\"og:locale\" content=\"fr_FR\" \/>\n<meta property=\"og:type\" content=\"article\" \/>\n<meta property=\"og:title\" content=\"TOP 7 des meilleurs exemples de widgets Reviews from Amazon (en 2025)\" \/>\n<meta property=\"og:description\" content=\"TOP 7 des exemples de widgets Amazon pour le site Web: demande d&#039;avis, liste, ma\u00e7onnerie, carrousel, ou widget de la barre lat\u00e9rale pour votre site Web.\" \/>\n<meta property=\"og:url\" content=\"https:\/\/elfsight.com\/fr\/amazon-reviews-widget\/examples\/\" \/>\n<meta property=\"og:site_name\" content=\"Elfsight FR\" \/>\n<meta property=\"article:modified_time\" content=\"2025-01-16T14:22:30+00:00\" \/>\n<meta name=\"twitter:card\" content=\"summary_large_image\" \/>\n<meta name=\"twitter:label1\" content=\"Dur\u00e9e de lecture estim\u00e9e\" \/>\n\t<meta name=\"twitter:data1\" content=\"3 minutes\" \/>\n<!-- \/ Yoast SEO plugin. -->","yoast_head_json":{"title":"TOP 7 des meilleurs exemples de widgets Reviews from Amazon (en 2025)","description":"TOP 7 des exemples de widgets Amazon pour le site Web: demande d'avis, liste, ma\u00e7onnerie, carrousel, ou widget de la barre lat\u00e9rale pour votre site Web.","robots":{"index":"index","follow":"follow","max-snippet":"max-snippet:-1","max-image-preview":"max-image-preview:large","max-video-preview":"max-video-preview:-1"},"canonical":"https:\/\/elfsight.com\/fr\/amazon-reviews-widget\/examples\/","og_locale":"fr_FR","og_type":"article","og_title":"TOP 7 des meilleurs exemples de widgets Reviews from Amazon (en 2025)","og_description":"TOP 7 des exemples de widgets Amazon pour le site Web: demande d'avis, liste, ma\u00e7onnerie, carrousel, ou widget de la barre lat\u00e9rale pour votre site Web.","og_url":"https:\/\/elfsight.com\/fr\/amazon-reviews-widget\/examples\/","og_site_name":"Elfsight FR","article_modified_time":"2025-01-16T14:22:30+00:00","twitter_card":"summary_large_image","twitter_misc":{"Dur\u00e9e de lecture estim\u00e9e":"3 minutes"},"schema":{"@context":"https:\/\/schema.org","@graph":[{"@type":"WebPage","@id":"https:\/\/elfsight.com\/fr\/amazon-reviews-widget\/examples\/","url":"https:\/\/elfsight.com\/fr\/amazon-reviews-widget\/examples\/","name":"TOP 7 des meilleurs exemples de widgets Reviews from Amazon (en 2025)","isPartOf":{"@id":"https:\/\/elfsight.com\/fr\/#website"},"datePublished":"2020-08-12T12:42:53+00:00","dateModified":"2025-01-16T14:22:30+00:00","description":"TOP 7 des exemples de widgets Amazon pour le site Web: demande d'avis, liste, ma\u00e7onnerie, carrousel, ou widget de la barre lat\u00e9rale pour votre site Web.","breadcrumb":{"@id":"https:\/\/elfsight.com\/fr\/amazon-reviews-widget\/examples\/#breadcrumb"},"inLanguage":"fr-FR","potentialAction":[{"@type":"ReadAction","target":["https:\/\/elfsight.com\/fr\/amazon-reviews-widget\/examples\/"]}]},{"@type":"BreadcrumbList","@id":"https:\/\/elfsight.com\/fr\/amazon-reviews-widget\/examples\/#breadcrumb","itemListElement":[{"@type":"ListItem","position":1,"name":"Home","item":"https:\/\/elfsight.com\/fr\/"},{"@type":"ListItem","position":2,"name":"Amazon Reviews","item":"https:\/\/elfsight.com\/fr\/amazon-reviews-widget\/"},{"@type":"ListItem","position":3,"name":"Amazon Reviews &#8211; Examples"}]},{"@type":"WebSite","@id":"https:\/\/elfsight.com\/fr\/#website","url":"https:\/\/elfsight.com\/fr\/","name":"Elfsight FR","description":"","potentialAction":[{"@type":"SearchAction","target":{"@type":"EntryPoint","urlTemplate":"https:\/\/elfsight.com\/fr\/?s={search_term_string}"},"query-input":{"@type":"PropertyValueSpecification","valueRequired":true,"valueName":"search_term_string"}}],"inLanguage":"fr-FR"}]}},"meta_box":{"industry":"","seo_heading":"","heading":"","description":"","cta_heading":"","cta_description":"","application":"1762","h1":"","h1_caption":"","application_category":[],"applications_title":"","applications_request_title":"","applications_request_button_text":"","hero_text":"","hero_video":"","hero_video_schema_markup":"","selling_points_title":"","selling_points_caption":"","selling_points":[],"selling_points_cta_text":"","features_title":"","features":"","ed_cta_examples_text":"","ed_cta_examples_hidden":"","ed_cta_demo_text":"","ed_cta_demo_hidden":"","why_caption":"","why_editor_title":"","why_editor_text":"","why_team_title":"","why_team_text":"","why_service_title":"","why_service_text":"","template_catalog_visible":"","template_catalog_title":"","template_catalog_text":"","template_catalog_categories_visible":"","demo_title":"","demo_caption":"","default_faq_hidden":"","app_template_category":[],"platform":"","template_public_id":"","codecanyon_url":"","codecanyon_item_id":"","codecanyon_price":"","pricing_caption":"","pricing_elfsight_apps_hide_column":"","pricing_elfsight_apps_url":"","pricing_codecanyon_price_caption":"","integration_category":[],"integration_request_title":"","integration_request_cta":"","integration_platform":"","integrations":[],"platform_category":[],"video_schema_markup":"","price":"","trial":"","benefits":[],"button_url":"","button_target_blank":"","button_nofollow":"","attributes":[],"tags":[],"tags_disable_links":"","hide_more_platforms":"","video_object":"","demo_hide_cta":"","demo_hide_cloud_options":"","pricing_title":"","pricing":[],"related_apps_title":"","related_apps_hidden":"","author":"","image":[],"title":"","job":"","social_networks":[]},"_links":{"self":[{"href":"https:\/\/elfsight.com\/fr\/wp-json\/wp\/v2\/pages\/1787","targetHints":{"allow":["GET"]}}],"collection":[{"href":"https:\/\/elfsight.com\/fr\/wp-json\/wp\/v2\/pages"}],"about":[{"href":"https:\/\/elfsight.com\/fr\/wp-json\/wp\/v2\/types\/page"}],"author":[{"embeddable":true,"href":"https:\/\/elfsight.com\/fr\/wp-json\/wp\/v2\/users\/12"}],"replies":[{"embeddable":true,"href":"https:\/\/elfsight.com\/fr\/wp-json\/wp\/v2\/comments?post=1787"}],"version-history":[{"count":3,"href":"https:\/\/elfsight.com\/fr\/wp-json\/wp\/v2\/pages\/1787\/revisions"}],"predecessor-version":[{"id":14157,"href":"https:\/\/elfsight.com\/fr\/wp-json\/wp\/v2\/pages\/1787\/revisions\/14157"}],"up":[{"embeddable":true,"href":"https:\/\/elfsight.com\/fr\/wp-json\/wp\/v2\/pages\/1774"}],"wp:attachment":[{"href":"https:\/\/elfsight.com\/fr\/wp-json\/wp\/v2\/media?parent=1787"}],"curies":[{"name":"wp","href":"https:\/\/api.w.org\/{rel}","templated":true}]}}